{"id":44659,"date":"2023-07-29T15:34:21","date_gmt":"2023-07-29T15:34:21","guid":{"rendered":"https:\/\/decolights.eu\/?post_type=product&#038;p=44659"},"modified":"2023-08-11T15:30:22","modified_gmt":"2023-08-11T15:30:22","slug":"solar-latern-lumiz-round40-tigres-yellow","status":"publish","type":"product","link":"https:\/\/decolights.eu\/es\/producto-2\/solar-latern-lumiz-round40-tigres-yellow\/","title":{"rendered":"Linterna Solar Lumiz Round40 Tigres Amarillo"},"content":{"rendered":"<p><strong>Dimensiones:<\/strong> <strong>\u00d8 40 cm x alto 38 cm<\/strong><\/p>\n<p><strong>Color:<\/strong> <strong>Amarillo<\/strong><\/p>\n<p><strong>Crea una atm\u00f3sfera m\u00e1gica con la ayuda de las linternas solares Lumiz.<\/strong><\/p>\n<p><strong>La manera perfecta de crear un ambiente m\u00e1gico en cualquier jard\u00edn, patio o terraza. Vienen en una variedad de encantadores colores, dise\u00f1os y patrones. Da rienda suelta a tu creatividad: estos faroles se pueden combinar entre s\u00ed para crear el ambiente perfecto.<\/strong><\/p>\n<p>Las linternas solares Lumiz se pueden usar en exteriores durante todo el a\u00f1o. Cu\u00e9lgalas al sol y, al anochecer, proporcionar\u00e1n una iluminaci\u00f3n m\u00e1gica.<\/p>\n<p><strong>Lumiz es una linterna LED sostenible.<\/strong> Las linternas est\u00e1n fabricadas con material Tyvek patentado, duradero, resistente a la intemperie y reciclable 100%. Tyvek es un material de alta calidad, lo que garantiza una larga vida \u00fatil.<\/p>\n<p><strong>La linterna solar es una linterna LED que se carga durante todo el d\u00eda con la ayuda de bater\u00edas solares.<\/strong> El m\u00f3dulo de bater\u00eda solar dentro de la linterna est\u00e1 dise\u00f1ado para combinar con el color del Tyvek y emite una c\u00e1lida luz LED. Para garantizar que la linterna brille al m\u00e1ximo, Lumiz decidi\u00f3 desarrollar su propio m\u00f3dulo solar. Este m\u00f3dulo incluye bater\u00edas AAA recargables que se cargan \u00f3ptimamente con la luz solar.<\/p>\n<p>En condiciones \u00f3ptimas de sol, la linterna puede brillar de 6 a 8 horas. La intensidad de la luz puede disminuir despu\u00e9s de 5 o 6 horas.<\/p>\n<p><strong>Consejo de carga:<\/strong> Cuelgue la linterna en un lugar donde el sol pueda brillar directamente sobre el panel solar.<\/p>\n<p><strong>Mantenimiento:<\/strong> Limpie el panel solar con un pa\u00f1o suave y h\u00famedo. Esto garantiza la m\u00e1xima absorci\u00f3n de energ\u00eda solar. El material Tyvek puede limpiarse con un pa\u00f1o suave y h\u00famedo si es necesario.<\/p>\n<p>Si desea guardar la linterna durante el invierno, es f\u00e1cil plegarla. Recomendamos retirar las pilas del m\u00f3dulo solar. (Si deja las pilas en el panel solar durante un periodo prolongado, podr\u00edan tener fugas y da\u00f1ar los componentes electr\u00f3nicos).<\/p>","protected":false},"excerpt":{"rendered":"<p>Dimensions: \u00d8 40 cm x H 38 cm Color: Yellow Create a magical atmosphere with the help of Lumiz solar lanterns. The perfect way to create a magical atmosphere in any garden, backyard, or veranda. They come in various delightful colours, designs, and patterns. Unleash your creativity \u2013 these lanterns can be combined with one [&#8230;]\n","protected":false},"featured_media":44660,"comment_status":"open","ping_status":"closed","template":"","meta":[],"product_brand":[],"product_cat":[381,171],"product_tag":[],"class_list":{"0":"post-44659","1":"product","2":"type-product","3":"status-publish","4":"has-post-thumbnail","6":"product_cat-lumiz","7":"product_cat-solar-lights","9":"first","10":"instock","11":"sale","12":"shipping-taxable","13":"purchasable","14":"product-type-simple"},"yoast_head":"<!-- This site is optimized with the Yoast SEO plugin v27.3 - https:\/\/yoast.com\/product\/yoast-seo-wordpress\/ -->\n<title>Solar Latern Lumiz Round40 Tigres Yellow - Decolights.eu<\/title>\n<meta name=\"description\" content=\"Buy Solar Latern Lumiz Round40 Tigres Yellow for . Browse our range of . Buy for the best price today and enjoy cozy atmosphere.\" \/>\n<meta name=\"robots\" content=\"index, follow, max-snippet:-1, max-image-preview:large, max-video-preview:-1\" \/>\n<link rel=\"canonical\" href=\"https:\/\/decolights.eu\/es\/producto-2\/solar-latern-lumiz-round40-tigres-yellow\/\" \/>\n<meta property=\"og:locale\" content=\"es_ES\" \/>\n<meta property=\"og:type\" content=\"article\" \/>\n<meta property=\"og:title\" content=\"Solar Latern Lumiz Round40 Tigres Yellow - Decolights.eu\" \/>\n<meta property=\"og:description\" content=\"Buy Solar Latern Lumiz Round40 Tigres Yellow for . Browse our range of . Buy for the best price today and enjoy cozy atmosphere.\" \/>\n<meta property=\"og:url\" content=\"https:\/\/decolights.eu\/es\/producto-2\/solar-latern-lumiz-round40-tigres-yellow\/\" \/>\n<meta property=\"og:site_name\" content=\"Decolights.eu\" \/>\n<meta property=\"article:modified_time\" content=\"2023-08-11T15:30:22+00:00\" \/>\n<meta property=\"og:image\" content=\"https:\/\/decolights.eu\/wp-content\/uploads\/2023\/08\/Round-40-Tigres-Yellow.jpg\" \/>\n\t<meta property=\"og:image:width\" content=\"1700\" \/>\n\t<meta property=\"og:image:height\" content=\"1700\" \/>\n\t<meta property=\"og:image:type\" content=\"image\/jpeg\" \/>\n<meta name=\"twitter:card\" content=\"summary_large_image\" \/>\n<meta name=\"twitter:label1\" content=\"Tiempo de lectura\" \/>\n\t<meta name=\"twitter:data1\" content=\"2 minutos\" \/>\n<script type=\"application\/ld+json\" class=\"yoast-schema-graph\">{\"@context\":\"https:\\\/\\\/schema.org\",\"@graph\":[{\"@type\":\"WebPage\",\"@id\":\"https:\\\/\\\/decolights.eu\\\/product\\\/solar-latern-lumiz-round40-tigres-yellow\\\/\",\"url\":\"https:\\\/\\\/decolights.eu\\\/product\\\/solar-latern-lumiz-round40-tigres-yellow\\\/\",\"name\":\"Solar Latern Lumiz Round40 Tigres Yellow - Decolights.eu\",\"isPartOf\":{\"@id\":\"https:\\\/\\\/decolights.eu\\\/#website\"},\"primaryImageOfPage\":{\"@id\":\"https:\\\/\\\/decolights.eu\\\/product\\\/solar-latern-lumiz-round40-tigres-yellow\\\/#primaryimage\"},\"image\":{\"@id\":\"https:\\\/\\\/decolights.eu\\\/product\\\/solar-latern-lumiz-round40-tigres-yellow\\\/#primaryimage\"},\"thumbnailUrl\":\"https:\\\/\\\/decolights.eu\\\/wp-content\\\/uploads\\\/2023\\\/08\\\/Round-40-Tigres-Yellow.jpg\",\"datePublished\":\"2023-07-29T15:34:21+00:00\",\"dateModified\":\"2023-08-11T15:30:22+00:00\",\"description\":\"Buy Solar Latern Lumiz Round40 Tigres Yellow for . Browse our range of . Buy for the best price today and enjoy cozy atmosphere.\",\"breadcrumb\":{\"@id\":\"https:\\\/\\\/decolights.eu\\\/product\\\/solar-latern-lumiz-round40-tigres-yellow\\\/#breadcrumb\"},\"inLanguage\":\"es\",\"potentialAction\":[{\"@type\":\"ReadAction\",\"target\":[\"https:\\\/\\\/decolights.eu\\\/product\\\/solar-latern-lumiz-round40-tigres-yellow\\\/\"]}]},{\"@type\":\"ImageObject\",\"inLanguage\":\"es\",\"@id\":\"https:\\\/\\\/decolights.eu\\\/product\\\/solar-latern-lumiz-round40-tigres-yellow\\\/#primaryimage\",\"url\":\"https:\\\/\\\/decolights.eu\\\/wp-content\\\/uploads\\\/2023\\\/08\\\/Round-40-Tigres-Yellow.jpg\",\"contentUrl\":\"https:\\\/\\\/decolights.eu\\\/wp-content\\\/uploads\\\/2023\\\/08\\\/Round-40-Tigres-Yellow.jpg\",\"width\":1700,\"height\":1700},{\"@type\":\"BreadcrumbList\",\"@id\":\"https:\\\/\\\/decolights.eu\\\/product\\\/solar-latern-lumiz-round40-tigres-yellow\\\/#breadcrumb\",\"itemListElement\":[{\"@type\":\"ListItem\",\"position\":1,\"name\":\"Shop\",\"item\":\"https:\\\/\\\/decolights.eu\\\/shop\\\/\"},{\"@type\":\"ListItem\",\"position\":2,\"name\":\"Solar Latern Lumiz Round40 Tigres Yellow\"}]},{\"@type\":\"WebSite\",\"@id\":\"https:\\\/\\\/decolights.eu\\\/#website\",\"url\":\"https:\\\/\\\/decolights.eu\\\/\",\"name\":\"decolights\",\"description\":\"Led Decorations for Home and Garden\",\"publisher\":{\"@id\":\"https:\\\/\\\/decolights.eu\\\/#organization\"},\"alternateName\":\"decolights.eu\",\"potentialAction\":[{\"@type\":\"SearchAction\",\"target\":{\"@type\":\"EntryPoint\",\"urlTemplate\":\"https:\\\/\\\/decolights.eu\\\/?s={search_term_string}\"},\"query-input\":{\"@type\":\"PropertyValueSpecification\",\"valueRequired\":true,\"valueName\":\"search_term_string\"}}],\"inLanguage\":\"es\"},{\"@type\":\"Organization\",\"@id\":\"https:\\\/\\\/decolights.eu\\\/#organization\",\"name\":\"decolights\",\"url\":\"https:\\\/\\\/decolights.eu\\\/\",\"logo\":{\"@type\":\"ImageObject\",\"inLanguage\":\"es\",\"@id\":\"https:\\\/\\\/decolights.eu\\\/#\\\/schema\\\/logo\\\/image\\\/\",\"url\":\"https:\\\/\\\/decolights.eu\\\/wp-content\\\/uploads\\\/2023\\\/07\\\/cropped-decolight-siteicon.png\",\"contentUrl\":\"https:\\\/\\\/decolights.eu\\\/wp-content\\\/uploads\\\/2023\\\/07\\\/cropped-decolight-siteicon.png\",\"width\":512,\"height\":512,\"caption\":\"decolights\"},\"image\":{\"@id\":\"https:\\\/\\\/decolights.eu\\\/#\\\/schema\\\/logo\\\/image\\\/\"}}]}<\/script>\n<!-- \/ Yoast SEO plugin. -->","yoast_head_json":{"title":"Linterna solar Lumiz Round40 Tigres Amarilla - Decolights.eu","description":"Compra la linterna solar Lumiz Round40 Tigres amarilla por . Explora nuestra gama. C\u00f3mprala al mejor precio hoy y disfruta de un ambiente acogedor.","robots":{"index":"index","follow":"follow","max-snippet":"max-snippet:-1","max-image-preview":"max-image-preview:large","max-video-preview":"max-video-preview:-1"},"canonical":"https:\/\/decolights.eu\/es\/producto-2\/solar-latern-lumiz-round40-tigres-yellow\/","og_locale":"es_ES","og_type":"article","og_title":"Solar Latern Lumiz Round40 Tigres Yellow - Decolights.eu","og_description":"Buy Solar Latern Lumiz Round40 Tigres Yellow for . Browse our range of . Buy for the best price today and enjoy cozy atmosphere.","og_url":"https:\/\/decolights.eu\/es\/producto-2\/solar-latern-lumiz-round40-tigres-yellow\/","og_site_name":"Decolights.eu","article_modified_time":"2023-08-11T15:30:22+00:00","og_image":[{"width":1700,"height":1700,"url":"https:\/\/decolights.eu\/wp-content\/uploads\/2023\/08\/Round-40-Tigres-Yellow.jpg","type":"image\/jpeg"}],"twitter_card":"summary_large_image","twitter_misc":{"Tiempo de lectura":"2 minutos"},"schema":{"@context":"https:\/\/schema.org","@graph":[{"@type":"WebPage","@id":"https:\/\/decolights.eu\/product\/solar-latern-lumiz-round40-tigres-yellow\/","url":"https:\/\/decolights.eu\/product\/solar-latern-lumiz-round40-tigres-yellow\/","name":"Linterna solar Lumiz Round40 Tigres Amarilla - Decolights.eu","isPartOf":{"@id":"https:\/\/decolights.eu\/#website"},"primaryImageOfPage":{"@id":"https:\/\/decolights.eu\/product\/solar-latern-lumiz-round40-tigres-yellow\/#primaryimage"},"image":{"@id":"https:\/\/decolights.eu\/product\/solar-latern-lumiz-round40-tigres-yellow\/#primaryimage"},"thumbnailUrl":"https:\/\/decolights.eu\/wp-content\/uploads\/2023\/08\/Round-40-Tigres-Yellow.jpg","datePublished":"2023-07-29T15:34:21+00:00","dateModified":"2023-08-11T15:30:22+00:00","description":"Compra la linterna solar Lumiz Round40 Tigres amarilla por . Explora nuestra gama. C\u00f3mprala al mejor precio hoy y disfruta de un ambiente acogedor.","breadcrumb":{"@id":"https:\/\/decolights.eu\/product\/solar-latern-lumiz-round40-tigres-yellow\/#breadcrumb"},"inLanguage":"es","potentialAction":[{"@type":"ReadAction","target":["https:\/\/decolights.eu\/product\/solar-latern-lumiz-round40-tigres-yellow\/"]}]},{"@type":"ImageObject","inLanguage":"es","@id":"https:\/\/decolights.eu\/product\/solar-latern-lumiz-round40-tigres-yellow\/#primaryimage","url":"https:\/\/decolights.eu\/wp-content\/uploads\/2023\/08\/Round-40-Tigres-Yellow.jpg","contentUrl":"https:\/\/decolights.eu\/wp-content\/uploads\/2023\/08\/Round-40-Tigres-Yellow.jpg","width":1700,"height":1700},{"@type":"BreadcrumbList","@id":"https:\/\/decolights.eu\/product\/solar-latern-lumiz-round40-tigres-yellow\/#breadcrumb","itemListElement":[{"@type":"ListItem","position":1,"name":"Shop","item":"https:\/\/decolights.eu\/shop\/"},{"@type":"ListItem","position":2,"name":"Solar Latern Lumiz Round40 Tigres Yellow"}]},{"@type":"WebSite","@id":"https:\/\/decolights.eu\/#website","url":"https:\/\/decolights.eu\/","name":"decoluces","description":"Decoraciones Led para Hogar y Jard\u00edn","publisher":{"@id":"https:\/\/decolights.eu\/#organization"},"alternateName":"decolights.eu","potentialAction":[{"@type":"SearchAction","target":{"@type":"EntryPoint","urlTemplate":"https:\/\/decolights.eu\/?s={search_term_string}"},"query-input":{"@type":"PropertyValueSpecification","valueRequired":true,"valueName":"search_term_string"}}],"inLanguage":"es"},{"@type":"Organization","@id":"https:\/\/decolights.eu\/#organization","name":"decoluces","url":"https:\/\/decolights.eu\/","logo":{"@type":"ImageObject","inLanguage":"es","@id":"https:\/\/decolights.eu\/#\/schema\/logo\/image\/","url":"https:\/\/decolights.eu\/wp-content\/uploads\/2023\/07\/cropped-decolight-siteicon.png","contentUrl":"https:\/\/decolights.eu\/wp-content\/uploads\/2023\/07\/cropped-decolight-siteicon.png","width":512,"height":512,"caption":"decolights"},"image":{"@id":"https:\/\/decolights.eu\/#\/schema\/logo\/image\/"}}]}},"jetpack_sharing_enabled":true,"_links":{"self":[{"href":"https:\/\/decolights.eu\/es\/wp-json\/wp\/v2\/product\/44659","targetHints":{"allow":["GET"]}}],"collection":[{"href":"https:\/\/decolights.eu\/es\/wp-json\/wp\/v2\/product"}],"about":[{"href":"https:\/\/decolights.eu\/es\/wp-json\/wp\/v2\/types\/product"}],"replies":[{"embeddable":true,"href":"https:\/\/decolights.eu\/es\/wp-json\/wp\/v2\/comments?post=44659"}],"wp:featuredmedia":[{"embeddable":true,"href":"https:\/\/decolights.eu\/es\/wp-json\/wp\/v2\/media\/44660"}],"wp:attachment":[{"href":"https:\/\/decolights.eu\/es\/wp-json\/wp\/v2\/media?parent=44659"}],"wp:term":[{"taxonomy":"product_brand","embeddable":true,"href":"https:\/\/decolights.eu\/es\/wp-json\/wp\/v2\/product_brand?post=44659"},{"taxonomy":"product_cat","embeddable":true,"href":"https:\/\/decolights.eu\/es\/wp-json\/wp\/v2\/product_cat?post=44659"},{"taxonomy":"product_tag","embeddable":true,"href":"https:\/\/decolights.eu\/es\/wp-json\/wp\/v2\/product_tag?post=44659"}],"curies":[{"name":"wp","href":"https:\/\/api.w.org\/{rel}","templated":true}]}}