{"id":4739,"date":"2023-04-01T04:22:58","date_gmt":"2023-04-01T04:22:58","guid":{"rendered":"https:\/\/decolights.eu\/?post_type=product&#038;p=4739"},"modified":"2023-05-12T06:37:19","modified_gmt":"2023-05-12T06:37:19","slug":"pro-string-led-light","status":"publish","type":"product","link":"https:\/\/decolights.eu\/es\/producto-2\/pro-string-led-light\/","title":{"rendered":"Cadena de luces LED PRO"},"content":{"rendered":"<div class=\"spoiler_component_content_wrapper\">\n<div class=\"product_details_parameters spoiler_component_content\">\n<div class=\"spoiler_component_content_wrapper\">\n<div class=\"product_details_parameters spoiler_component_content\">\n<p>Nuestra l\u00ednea PRO es una serie de luces LED de alta calidad y larga duraci\u00f3n. Las guirnaldas tienen un cable de goma resistente a los rayos UV y se pueden usar al aire libre durante todo el a\u00f1o.<\/p>\n<p>La cadena de luces LED PRO es perfecta para decorar fachadas, balcones o \u00e1rboles. Ofrece un efecto de iluminaci\u00f3n brillante y fabuloso que embellecer\u00e1 y realzar\u00e1 tu hogar.<\/p>\n<p>No dude en contactarnos si est\u00e1 interesado en cualquier otro LED o color de cable <a href=\"mailto:info@decolights.eu\">info@decolights.eu<\/a>.<\/p>\n<\/div>\n<\/div>\n<ul>\n<li><strong>N\u00famero de LED<\/strong><strong>: <\/strong>100LED<\/li>\n<li><strong>Longitud total (cable de alimentaci\u00f3n incluido): <\/strong>11,5 millones<\/li>\n<li><strong>Longitud de la parte iluminada: <\/strong>10M (Consta de dos partes conectadas 5+5M)<\/li>\n<li><strong>Cable de alimentaci\u00f3n:<\/strong> 1,50 m<\/li>\n<li><strong>Espaciado entre bombillas:<\/strong> 10CM<\/li>\n<li><strong>Tama\u00f1o de LED:<\/strong> 8MM<\/li>\n<li><strong>Brillante:\u00a0<\/strong>No<\/li>\n<li><strong>Clasificaci\u00f3n del IP: <\/strong>IP65<\/li>\n<li><strong>Fuente de alimentaci\u00f3n:\u00a0<\/strong>Enchufar<\/li>\n<li><strong>Material de los cables:\u00a0<\/strong>Goma 3,2 mm<\/li>\n<li><strong>Conectable:\u00a0<\/strong>S\u00ed (m\u00e1ximo 10 juegos)<\/li>\n<li><strong>Certificado CE:\u00a0<\/strong>S\u00ed<\/li>\n<li>220-240 V, 9,2 W<\/li>\n<\/ul>\n<\/div>\n<\/div>","protected":false},"excerpt":{"rendered":"<p>Our PRO line is a high quality and long lasting LED light series. Garlands are with UV-proof, rubber cable and can be used outside all year around. PRO String LED light is perfect for decorating facades, balconies or trees. Gives a bright and fabulous lightning effect and will make your home look even more beautiful [&#8230;]\n","protected":false},"featured_media":4795,"comment_status":"open","ping_status":"closed","template":"","meta":[],"product_brand":[],"product_cat":[226,239],"product_tag":[],"class_list":{"0":"post-4739","1":"product","2":"type-product","3":"status-publish","4":"has-post-thumbnail","6":"product_cat-outdoor-lights","7":"product_cat-pro-christmas-lights","8":"pa_available-colours-blue","9":"pa_available-colours-cold-white","10":"pa_available-colours-multi-coloured","11":"pa_available-colours-warm-white","12":"pa_brand-deco","13":"pa_led-colour-blue","14":"pa_led-colour-cold-white","15":"pa_led-colour-multi-coloured","16":"pa_led-colour-warm-white","18":"first","19":"onbackorder","20":"sale","21":"shipping-taxable","22":"purchasable","23":"product-type-variable"},"yoast_head":"<!-- This site is optimized with the Yoast SEO plugin v27.3 - https:\/\/yoast.com\/product\/yoast-seo-wordpress\/ -->\n<title>PRO String LED light - Best quality - Decolights.eu<\/title>\n<meta name=\"description\" content=\"PRO String LED light will create a magical atmosphere. Festive mood in guaranteed! Decorate your outside Christmas trees. Buy now to get the best price.\" \/>\n<meta name=\"robots\" content=\"index, follow, max-snippet:-1, max-image-preview:large, max-video-preview:-1\" \/>\n<link rel=\"canonical\" href=\"https:\/\/decolights.eu\/es\/produkt\/pro-string-led-light\/\" \/>\n<meta property=\"og:locale\" content=\"es_ES\" \/>\n<meta property=\"og:type\" content=\"article\" \/>\n<meta property=\"og:title\" content=\"PRO String LED light - Best quality - Decolights.eu\" \/>\n<meta property=\"og:description\" content=\"PRO String LED light will create a magical atmosphere. Festive mood in guaranteed! Decorate your outside Christmas trees. Buy now to get the best price.\" \/>\n<meta property=\"og:url\" content=\"https:\/\/decolights.eu\/es\/produkt\/pro-string-led-light\/\" \/>\n<meta property=\"og:site_name\" content=\"Decolights.eu\" \/>\n<meta property=\"article:modified_time\" content=\"2023-05-12T06:37:19+00:00\" \/>\n<meta property=\"og:image\" content=\"https:\/\/decolights.eu\/wp-content\/uploads\/2023\/04\/Outdoor-LED-String-Lights-Connectable-Black-Rubber-Cable-2.jpg\" \/>\n\t<meta property=\"og:image:width\" content=\"584\" \/>\n\t<meta property=\"og:image:height\" content=\"588\" \/>\n\t<meta property=\"og:image:type\" content=\"image\/jpeg\" \/>\n<meta name=\"twitter:card\" content=\"summary_large_image\" \/>\n<meta name=\"twitter:label1\" content=\"Tiempo de lectura\" \/>\n\t<meta name=\"twitter:data1\" content=\"1 minuto\" \/>\n<script type=\"application\/ld+json\" class=\"yoast-schema-graph\">{\"@context\":\"https:\\\/\\\/schema.org\",\"@graph\":[{\"@type\":\"WebPage\",\"@id\":\"https:\\\/\\\/decolights.eu\\\/sk\\\/produkt\\\/pro-string-led-light\\\/\",\"url\":\"https:\\\/\\\/decolights.eu\\\/sk\\\/produkt\\\/pro-string-led-light\\\/\",\"name\":\"PRO String LED light - Best quality - Decolights.eu\",\"isPartOf\":{\"@id\":\"https:\\\/\\\/decolights.eu\\\/#website\"},\"primaryImageOfPage\":{\"@id\":\"https:\\\/\\\/decolights.eu\\\/sk\\\/produkt\\\/pro-string-led-light\\\/#primaryimage\"},\"image\":{\"@id\":\"https:\\\/\\\/decolights.eu\\\/sk\\\/produkt\\\/pro-string-led-light\\\/#primaryimage\"},\"thumbnailUrl\":\"https:\\\/\\\/decolights.eu\\\/wp-content\\\/uploads\\\/2023\\\/04\\\/Outdoor-LED-String-Lights-Connectable-Black-Rubber-Cable-2.jpg\",\"datePublished\":\"2023-04-01T04:22:58+00:00\",\"dateModified\":\"2023-05-12T06:37:19+00:00\",\"description\":\"PRO String LED light will create a magical atmosphere. Festive mood in guaranteed! Decorate your outside Christmas trees. Buy now to get the best price.\",\"breadcrumb\":{\"@id\":\"https:\\\/\\\/decolights.eu\\\/sk\\\/produkt\\\/pro-string-led-light\\\/#breadcrumb\"},\"inLanguage\":\"es\",\"potentialAction\":[{\"@type\":\"ReadAction\",\"target\":[\"https:\\\/\\\/decolights.eu\\\/sk\\\/produkt\\\/pro-string-led-light\\\/\"]}]},{\"@type\":\"ImageObject\",\"inLanguage\":\"es\",\"@id\":\"https:\\\/\\\/decolights.eu\\\/sk\\\/produkt\\\/pro-string-led-light\\\/#primaryimage\",\"url\":\"https:\\\/\\\/decolights.eu\\\/wp-content\\\/uploads\\\/2023\\\/04\\\/Outdoor-LED-String-Lights-Connectable-Black-Rubber-Cable-2.jpg\",\"contentUrl\":\"https:\\\/\\\/decolights.eu\\\/wp-content\\\/uploads\\\/2023\\\/04\\\/Outdoor-LED-String-Lights-Connectable-Black-Rubber-Cable-2.jpg\",\"width\":584,\"height\":588},{\"@type\":\"BreadcrumbList\",\"@id\":\"https:\\\/\\\/decolights.eu\\\/sk\\\/produkt\\\/pro-string-led-light\\\/#breadcrumb\",\"itemListElement\":[{\"@type\":\"ListItem\",\"position\":1,\"name\":\"Shop\",\"item\":\"https:\\\/\\\/decolights.eu\\\/shop\\\/\"},{\"@type\":\"ListItem\",\"position\":2,\"name\":\"PRO String LED light\"}]},{\"@type\":\"WebSite\",\"@id\":\"https:\\\/\\\/decolights.eu\\\/#website\",\"url\":\"https:\\\/\\\/decolights.eu\\\/\",\"name\":\"decolights\",\"description\":\"Led Decorations for Home and Garden\",\"publisher\":{\"@id\":\"https:\\\/\\\/decolights.eu\\\/#organization\"},\"alternateName\":\"decolights.eu\",\"potentialAction\":[{\"@type\":\"SearchAction\",\"target\":{\"@type\":\"EntryPoint\",\"urlTemplate\":\"https:\\\/\\\/decolights.eu\\\/?s={search_term_string}\"},\"query-input\":{\"@type\":\"PropertyValueSpecification\",\"valueRequired\":true,\"valueName\":\"search_term_string\"}}],\"inLanguage\":\"es\"},{\"@type\":\"Organization\",\"@id\":\"https:\\\/\\\/decolights.eu\\\/#organization\",\"name\":\"decolights\",\"url\":\"https:\\\/\\\/decolights.eu\\\/\",\"logo\":{\"@type\":\"ImageObject\",\"inLanguage\":\"es\",\"@id\":\"https:\\\/\\\/decolights.eu\\\/#\\\/schema\\\/logo\\\/image\\\/\",\"url\":\"https:\\\/\\\/decolights.eu\\\/wp-content\\\/uploads\\\/2023\\\/07\\\/cropped-decolight-siteicon.png\",\"contentUrl\":\"https:\\\/\\\/decolights.eu\\\/wp-content\\\/uploads\\\/2023\\\/07\\\/cropped-decolight-siteicon.png\",\"width\":512,\"height\":512,\"caption\":\"decolights\"},\"image\":{\"@id\":\"https:\\\/\\\/decolights.eu\\\/#\\\/schema\\\/logo\\\/image\\\/\"}}]}<\/script>\n<!-- \/ Yoast SEO plugin. -->","yoast_head_json":{"title":"Cadena de luces LED PRO - M\u00e1xima calidad - Decolights.eu","description":"La cadena de luces LED PRO crear\u00e1 un ambiente m\u00e1gico. \u00a1Ambiente festivo garantizado! Decora tus \u00e1rboles de Navidad de exterior. \u00a1Compra ahora y consigue el mejor precio!","robots":{"index":"index","follow":"follow","max-snippet":"max-snippet:-1","max-image-preview":"max-image-preview:large","max-video-preview":"max-video-preview:-1"},"canonical":"https:\/\/decolights.eu\/es\/produkt\/pro-string-led-light\/","og_locale":"es_ES","og_type":"article","og_title":"PRO String LED light - Best quality - Decolights.eu","og_description":"PRO String LED light will create a magical atmosphere. Festive mood in guaranteed! Decorate your outside Christmas trees. Buy now to get the best price.","og_url":"https:\/\/decolights.eu\/es\/produkt\/pro-string-led-light\/","og_site_name":"Decolights.eu","article_modified_time":"2023-05-12T06:37:19+00:00","og_image":[{"width":584,"height":588,"url":"https:\/\/decolights.eu\/wp-content\/uploads\/2023\/04\/Outdoor-LED-String-Lights-Connectable-Black-Rubber-Cable-2.jpg","type":"image\/jpeg"}],"twitter_card":"summary_large_image","twitter_misc":{"Tiempo de lectura":"1 minuto"},"schema":{"@context":"https:\/\/schema.org","@graph":[{"@type":"WebPage","@id":"https:\/\/decolights.eu\/sk\/produkt\/pro-string-led-light\/","url":"https:\/\/decolights.eu\/sk\/produkt\/pro-string-led-light\/","name":"Cadena de luces LED PRO - M\u00e1xima calidad - Decolights.eu","isPartOf":{"@id":"https:\/\/decolights.eu\/#website"},"primaryImageOfPage":{"@id":"https:\/\/decolights.eu\/sk\/produkt\/pro-string-led-light\/#primaryimage"},"image":{"@id":"https:\/\/decolights.eu\/sk\/produkt\/pro-string-led-light\/#primaryimage"},"thumbnailUrl":"https:\/\/decolights.eu\/wp-content\/uploads\/2023\/04\/Outdoor-LED-String-Lights-Connectable-Black-Rubber-Cable-2.jpg","datePublished":"2023-04-01T04:22:58+00:00","dateModified":"2023-05-12T06:37:19+00:00","description":"La cadena de luces LED PRO crear\u00e1 un ambiente m\u00e1gico. \u00a1Ambiente festivo garantizado! Decora tus \u00e1rboles de Navidad de exterior. \u00a1Compra ahora y consigue el mejor precio!","breadcrumb":{"@id":"https:\/\/decolights.eu\/sk\/produkt\/pro-string-led-light\/#breadcrumb"},"inLanguage":"es","potentialAction":[{"@type":"ReadAction","target":["https:\/\/decolights.eu\/sk\/produkt\/pro-string-led-light\/"]}]},{"@type":"ImageObject","inLanguage":"es","@id":"https:\/\/decolights.eu\/sk\/produkt\/pro-string-led-light\/#primaryimage","url":"https:\/\/decolights.eu\/wp-content\/uploads\/2023\/04\/Outdoor-LED-String-Lights-Connectable-Black-Rubber-Cable-2.jpg","contentUrl":"https:\/\/decolights.eu\/wp-content\/uploads\/2023\/04\/Outdoor-LED-String-Lights-Connectable-Black-Rubber-Cable-2.jpg","width":584,"height":588},{"@type":"BreadcrumbList","@id":"https:\/\/decolights.eu\/sk\/produkt\/pro-string-led-light\/#breadcrumb","itemListElement":[{"@type":"ListItem","position":1,"name":"Shop","item":"https:\/\/decolights.eu\/shop\/"},{"@type":"ListItem","position":2,"name":"PRO String LED light"}]},{"@type":"WebSite","@id":"https:\/\/decolights.eu\/#website","url":"https:\/\/decolights.eu\/","name":"decoluces","description":"Decoraciones Led para Hogar y Jard\u00edn","publisher":{"@id":"https:\/\/decolights.eu\/#organization"},"alternateName":"decolights.eu","potentialAction":[{"@type":"SearchAction","target":{"@type":"EntryPoint","urlTemplate":"https:\/\/decolights.eu\/?s={search_term_string}"},"query-input":{"@type":"PropertyValueSpecification","valueRequired":true,"valueName":"search_term_string"}}],"inLanguage":"es"},{"@type":"Organization","@id":"https:\/\/decolights.eu\/#organization","name":"decoluces","url":"https:\/\/decolights.eu\/","logo":{"@type":"ImageObject","inLanguage":"es","@id":"https:\/\/decolights.eu\/#\/schema\/logo\/image\/","url":"https:\/\/decolights.eu\/wp-content\/uploads\/2023\/07\/cropped-decolight-siteicon.png","contentUrl":"https:\/\/decolights.eu\/wp-content\/uploads\/2023\/07\/cropped-decolight-siteicon.png","width":512,"height":512,"caption":"decolights"},"image":{"@id":"https:\/\/decolights.eu\/#\/schema\/logo\/image\/"}}]}},"jetpack_sharing_enabled":true,"_links":{"self":[{"href":"https:\/\/decolights.eu\/es\/wp-json\/wp\/v2\/product\/4739","targetHints":{"allow":["GET"]}}],"collection":[{"href":"https:\/\/decolights.eu\/es\/wp-json\/wp\/v2\/product"}],"about":[{"href":"https:\/\/decolights.eu\/es\/wp-json\/wp\/v2\/types\/product"}],"replies":[{"embeddable":true,"href":"https:\/\/decolights.eu\/es\/wp-json\/wp\/v2\/comments?post=4739"}],"wp:featuredmedia":[{"embeddable":true,"href":"https:\/\/decolights.eu\/es\/wp-json\/wp\/v2\/media\/4795"}],"wp:attachment":[{"href":"https:\/\/decolights.eu\/es\/wp-json\/wp\/v2\/media?parent=4739"}],"wp:term":[{"taxonomy":"product_brand","embeddable":true,"href":"https:\/\/decolights.eu\/es\/wp-json\/wp\/v2\/product_brand?post=4739"},{"taxonomy":"product_cat","embeddable":true,"href":"https:\/\/decolights.eu\/es\/wp-json\/wp\/v2\/product_cat?post=4739"},{"taxonomy":"product_tag","embeddable":true,"href":"https:\/\/decolights.eu\/es\/wp-json\/wp\/v2\/product_tag?post=4739"}],"curies":[{"name":"wp","href":"https:\/\/api.w.org\/{rel}","templated":true}]}}