{"id":4909,"date":"2023-04-01T04:24:31","date_gmt":"2023-04-01T04:24:31","guid":{"rendered":"https:\/\/decolights.eu\/?post_type=product&#038;p=4909"},"modified":"2023-05-02T02:54:02","modified_gmt":"2023-05-02T02:54:02","slug":"pro-festoon-led-lights-16-5m-30-hanging-bulbs","status":"publish","type":"product","link":"https:\/\/decolights.eu\/es\/producto-2\/pro-festoon-led-lights-16-5m-30-hanging-bulbs\/","title":{"rendered":"Luces LED PRO Festoon 16.5M 30 bombillas colgantes"},"content":{"rendered":"<p>Nuestra l\u00ednea PRO es una serie de luces de alta calidad y larga duraci\u00f3n. Las guirnaldas tienen un cable resistente a los rayos UV y se pueden usar en el exterior durante todo el a\u00f1o.<\/p>\n<p>La guirnalda de luces LED PRO Festoon con bombillas colgantes es un producto excepcional, perfecto para la iluminaci\u00f3n decorativa y pr\u00e1ctica del jard\u00edn o patio. Ofrece un agradable efecto de luz blanca c\u00e1lida que crear\u00e1 un ambiente excepcional y acogedor.<\/p>\n<ul>\n<li><strong>color de LED<\/strong>: blanco c\u00e1lido<\/li>\n<li><strong>N\u00famero de l\u00e1mparas<\/strong><strong>: <\/strong>30 piezas<\/li>\n<li><strong>Longitud total (cable de alimentaci\u00f3n incluido): <\/strong>16,50 millones<\/li>\n<li><strong>Longitud de la parte iluminada:\u00a0\u00a0<\/strong>15 millones<\/li>\n<li><strong>Cable de alimentaci\u00f3n:<\/strong> 1,50 m<\/li>\n<li><strong>Longitud de la parte colgante: <\/strong>10CM<\/li>\n<li><strong>Bulbo: <\/strong>2W<\/li>\n<li><strong>Espaciado entre bombillas:<\/strong> 50CM<\/li>\n<li><strong>Color de los cables: <\/strong>negro<\/li>\n<li><strong>Clasificaci\u00f3n del IP: <\/strong>IP44<\/li>\n<li><strong>Fuente de alimentaci\u00f3n:\u00a0<\/strong>Enchufar<\/li>\n<li><strong>Material de los cables:\u00a0<\/strong>cable de caucho PVC<\/li>\n<li><strong>Conectable:\u00a0<\/strong>S\u00ed<\/li>\n<li><strong>Tapa\/Enchufe:\u00a0<\/strong>Bombillas E27 reemplazables<\/li>\n<li><strong>Certificado CE:\u00a0<\/strong>S\u00ed<\/li>\n<li>220-240V<\/li>\n<\/ul>","protected":false},"excerpt":{"rendered":"<p>Our PRO line is a high quality and long lasting light series. Garlands are with UV-proof cable and can be used outside all year around. PRO Festoon LED light chain with hanging bulbs is a remarkable product that is perfect for decorative and practical lighting in the garden or patio. Gives a nice, warm white [&#8230;]\n","protected":false},"featured_media":4752,"comment_status":"open","ping_status":"closed","template":"","meta":[],"product_brand":[],"product_cat":[226,228],"product_tag":[],"class_list":{"0":"post-4909","1":"product","2":"type-product","3":"status-publish","4":"has-post-thumbnail","6":"product_cat-outdoor-lights","7":"product_cat-pro-festoon-lights","8":"pa_brand-deco","9":"pa_led-colour-warm-white","11":"first","12":"instock","13":"sale","14":"shipping-taxable","15":"purchasable","16":"product-type-simple"},"yoast_head":"<!-- This site is optimized with the Yoast SEO plugin v27.3 - https:\/\/yoast.com\/product\/yoast-seo-wordpress\/ -->\n<title>PRO Festoon LED lights 16.5M 30 hanging bulbs - Best price - Decolights.eu<\/title>\n<meta name=\"description\" content=\"Decorate your patio with a high quality PRO festoon LED lights 16.5M 30 hanging bulbs to get cozy atmosphere. Buy now the get the best price!\" \/>\n<meta name=\"robots\" content=\"index, follow, max-snippet:-1, max-image-preview:large, max-video-preview:-1\" \/>\n<link rel=\"canonical\" href=\"https:\/\/decolights.eu\/es\/producto-2\/pro-festoon-led-lights-16-5m-30-hanging-bulbs\/\" \/>\n<meta property=\"og:locale\" content=\"es_ES\" \/>\n<meta property=\"og:type\" content=\"article\" \/>\n<meta property=\"og:title\" content=\"PRO Festoon LED lights 16.5M 30 hanging bulbs - Best price - Decolights.eu\" \/>\n<meta property=\"og:description\" content=\"Decorate your patio with a high quality PRO festoon LED lights 16.5M 30 hanging bulbs to get cozy atmosphere. Buy now the get the best price!\" \/>\n<meta property=\"og:url\" content=\"https:\/\/decolights.eu\/es\/producto-2\/pro-festoon-led-lights-16-5m-30-hanging-bulbs\/\" \/>\n<meta property=\"og:site_name\" content=\"Decolights.eu\" \/>\n<meta property=\"article:modified_time\" content=\"2023-05-02T02:54:02+00:00\" \/>\n<meta property=\"og:image\" content=\"https:\/\/decolights.eu\/wp-content\/uploads\/2023\/04\/img_5374.jpeg\" \/>\n\t<meta property=\"og:image:width\" content=\"960\" \/>\n\t<meta property=\"og:image:height\" content=\"960\" \/>\n\t<meta property=\"og:image:type\" content=\"image\/jpeg\" \/>\n<meta name=\"twitter:card\" content=\"summary_large_image\" \/>\n<meta name=\"twitter:label1\" content=\"Tiempo de lectura\" \/>\n\t<meta name=\"twitter:data1\" content=\"1 minuto\" \/>\n<script type=\"application\/ld+json\" class=\"yoast-schema-graph\">{\"@context\":\"https:\\\/\\\/schema.org\",\"@graph\":[{\"@type\":\"WebPage\",\"@id\":\"https:\\\/\\\/decolights.eu\\\/product\\\/pro-festoon-led-lights-16-5m-30-hanging-bulbs\\\/\",\"url\":\"https:\\\/\\\/decolights.eu\\\/product\\\/pro-festoon-led-lights-16-5m-30-hanging-bulbs\\\/\",\"name\":\"PRO Festoon LED lights 16.5M 30 hanging bulbs - Best price - Decolights.eu\",\"isPartOf\":{\"@id\":\"https:\\\/\\\/decolights.eu\\\/#website\"},\"primaryImageOfPage\":{\"@id\":\"https:\\\/\\\/decolights.eu\\\/product\\\/pro-festoon-led-lights-16-5m-30-hanging-bulbs\\\/#primaryimage\"},\"image\":{\"@id\":\"https:\\\/\\\/decolights.eu\\\/product\\\/pro-festoon-led-lights-16-5m-30-hanging-bulbs\\\/#primaryimage\"},\"thumbnailUrl\":\"https:\\\/\\\/decolights.eu\\\/wp-content\\\/uploads\\\/2023\\\/04\\\/img_5374.jpeg\",\"datePublished\":\"2023-04-01T04:24:31+00:00\",\"dateModified\":\"2023-05-02T02:54:02+00:00\",\"description\":\"Decorate your patio with a high quality PRO festoon LED lights 16.5M 30 hanging bulbs to get cozy atmosphere. Buy now the get the best price!\",\"breadcrumb\":{\"@id\":\"https:\\\/\\\/decolights.eu\\\/product\\\/pro-festoon-led-lights-16-5m-30-hanging-bulbs\\\/#breadcrumb\"},\"inLanguage\":\"es\",\"potentialAction\":[{\"@type\":\"ReadAction\",\"target\":[\"https:\\\/\\\/decolights.eu\\\/product\\\/pro-festoon-led-lights-16-5m-30-hanging-bulbs\\\/\"]}]},{\"@type\":\"ImageObject\",\"inLanguage\":\"es\",\"@id\":\"https:\\\/\\\/decolights.eu\\\/product\\\/pro-festoon-led-lights-16-5m-30-hanging-bulbs\\\/#primaryimage\",\"url\":\"https:\\\/\\\/decolights.eu\\\/wp-content\\\/uploads\\\/2023\\\/04\\\/img_5374.jpeg\",\"contentUrl\":\"https:\\\/\\\/decolights.eu\\\/wp-content\\\/uploads\\\/2023\\\/04\\\/img_5374.jpeg\",\"width\":960,\"height\":960},{\"@type\":\"BreadcrumbList\",\"@id\":\"https:\\\/\\\/decolights.eu\\\/product\\\/pro-festoon-led-lights-16-5m-30-hanging-bulbs\\\/#breadcrumb\",\"itemListElement\":[{\"@type\":\"ListItem\",\"position\":1,\"name\":\"Shop\",\"item\":\"https:\\\/\\\/decolights.eu\\\/shop\\\/\"},{\"@type\":\"ListItem\",\"position\":2,\"name\":\"PRO Festoon LED lights 16.5M 30 hanging bulbs\"}]},{\"@type\":\"WebSite\",\"@id\":\"https:\\\/\\\/decolights.eu\\\/#website\",\"url\":\"https:\\\/\\\/decolights.eu\\\/\",\"name\":\"decolights\",\"description\":\"Led Decorations for Home and Garden\",\"publisher\":{\"@id\":\"https:\\\/\\\/decolights.eu\\\/#organization\"},\"alternateName\":\"decolights.eu\",\"potentialAction\":[{\"@type\":\"SearchAction\",\"target\":{\"@type\":\"EntryPoint\",\"urlTemplate\":\"https:\\\/\\\/decolights.eu\\\/?s={search_term_string}\"},\"query-input\":{\"@type\":\"PropertyValueSpecification\",\"valueRequired\":true,\"valueName\":\"search_term_string\"}}],\"inLanguage\":\"es\"},{\"@type\":\"Organization\",\"@id\":\"https:\\\/\\\/decolights.eu\\\/#organization\",\"name\":\"decolights\",\"url\":\"https:\\\/\\\/decolights.eu\\\/\",\"logo\":{\"@type\":\"ImageObject\",\"inLanguage\":\"es\",\"@id\":\"https:\\\/\\\/decolights.eu\\\/#\\\/schema\\\/logo\\\/image\\\/\",\"url\":\"https:\\\/\\\/decolights.eu\\\/wp-content\\\/uploads\\\/2023\\\/07\\\/cropped-decolight-siteicon.png\",\"contentUrl\":\"https:\\\/\\\/decolights.eu\\\/wp-content\\\/uploads\\\/2023\\\/07\\\/cropped-decolight-siteicon.png\",\"width\":512,\"height\":512,\"caption\":\"decolights\"},\"image\":{\"@id\":\"https:\\\/\\\/decolights.eu\\\/#\\\/schema\\\/logo\\\/image\\\/\"}}]}<\/script>\n<!-- \/ Yoast SEO plugin. -->","yoast_head_json":{"title":"Luces LED Festoon PRO de 16,5 m y 30 bombillas colgantes - Mejor precio - Decolights.eu","description":"Decora tu patio con una guirnalda de luces LED PRO de alta calidad de 16,5 m y 30 bombillas colgantes para crear un ambiente acogedor. \u00a1Compra ahora y consigue el mejor precio!","robots":{"index":"index","follow":"follow","max-snippet":"max-snippet:-1","max-image-preview":"max-image-preview:large","max-video-preview":"max-video-preview:-1"},"canonical":"https:\/\/decolights.eu\/es\/producto-2\/pro-festoon-led-lights-16-5m-30-hanging-bulbs\/","og_locale":"es_ES","og_type":"article","og_title":"PRO Festoon LED lights 16.5M 30 hanging bulbs - Best price - Decolights.eu","og_description":"Decorate your patio with a high quality PRO festoon LED lights 16.5M 30 hanging bulbs to get cozy atmosphere. Buy now the get the best price!","og_url":"https:\/\/decolights.eu\/es\/producto-2\/pro-festoon-led-lights-16-5m-30-hanging-bulbs\/","og_site_name":"Decolights.eu","article_modified_time":"2023-05-02T02:54:02+00:00","og_image":[{"width":960,"height":960,"url":"https:\/\/decolights.eu\/wp-content\/uploads\/2023\/04\/img_5374.jpeg","type":"image\/jpeg"}],"twitter_card":"summary_large_image","twitter_misc":{"Tiempo de lectura":"1 minuto"},"schema":{"@context":"https:\/\/schema.org","@graph":[{"@type":"WebPage","@id":"https:\/\/decolights.eu\/product\/pro-festoon-led-lights-16-5m-30-hanging-bulbs\/","url":"https:\/\/decolights.eu\/product\/pro-festoon-led-lights-16-5m-30-hanging-bulbs\/","name":"Luces LED Festoon PRO de 16,5 m y 30 bombillas colgantes - Mejor precio - Decolights.eu","isPartOf":{"@id":"https:\/\/decolights.eu\/#website"},"primaryImageOfPage":{"@id":"https:\/\/decolights.eu\/product\/pro-festoon-led-lights-16-5m-30-hanging-bulbs\/#primaryimage"},"image":{"@id":"https:\/\/decolights.eu\/product\/pro-festoon-led-lights-16-5m-30-hanging-bulbs\/#primaryimage"},"thumbnailUrl":"https:\/\/decolights.eu\/wp-content\/uploads\/2023\/04\/img_5374.jpeg","datePublished":"2023-04-01T04:24:31+00:00","dateModified":"2023-05-02T02:54:02+00:00","description":"Decora tu patio con una guirnalda de luces LED PRO de alta calidad de 16,5 m y 30 bombillas colgantes para crear un ambiente acogedor. \u00a1Compra ahora y consigue el mejor precio!","breadcrumb":{"@id":"https:\/\/decolights.eu\/product\/pro-festoon-led-lights-16-5m-30-hanging-bulbs\/#breadcrumb"},"inLanguage":"es","potentialAction":[{"@type":"ReadAction","target":["https:\/\/decolights.eu\/product\/pro-festoon-led-lights-16-5m-30-hanging-bulbs\/"]}]},{"@type":"ImageObject","inLanguage":"es","@id":"https:\/\/decolights.eu\/product\/pro-festoon-led-lights-16-5m-30-hanging-bulbs\/#primaryimage","url":"https:\/\/decolights.eu\/wp-content\/uploads\/2023\/04\/img_5374.jpeg","contentUrl":"https:\/\/decolights.eu\/wp-content\/uploads\/2023\/04\/img_5374.jpeg","width":960,"height":960},{"@type":"BreadcrumbList","@id":"https:\/\/decolights.eu\/product\/pro-festoon-led-lights-16-5m-30-hanging-bulbs\/#breadcrumb","itemListElement":[{"@type":"ListItem","position":1,"name":"Shop","item":"https:\/\/decolights.eu\/shop\/"},{"@type":"ListItem","position":2,"name":"PRO Festoon LED lights 16.5M 30 hanging bulbs"}]},{"@type":"WebSite","@id":"https:\/\/decolights.eu\/#website","url":"https:\/\/decolights.eu\/","name":"decoluces","description":"Decoraciones Led para Hogar y Jard\u00edn","publisher":{"@id":"https:\/\/decolights.eu\/#organization"},"alternateName":"decolights.eu","potentialAction":[{"@type":"SearchAction","target":{"@type":"EntryPoint","urlTemplate":"https:\/\/decolights.eu\/?s={search_term_string}"},"query-input":{"@type":"PropertyValueSpecification","valueRequired":true,"valueName":"search_term_string"}}],"inLanguage":"es"},{"@type":"Organization","@id":"https:\/\/decolights.eu\/#organization","name":"decoluces","url":"https:\/\/decolights.eu\/","logo":{"@type":"ImageObject","inLanguage":"es","@id":"https:\/\/decolights.eu\/#\/schema\/logo\/image\/","url":"https:\/\/decolights.eu\/wp-content\/uploads\/2023\/07\/cropped-decolight-siteicon.png","contentUrl":"https:\/\/decolights.eu\/wp-content\/uploads\/2023\/07\/cropped-decolight-siteicon.png","width":512,"height":512,"caption":"decolights"},"image":{"@id":"https:\/\/decolights.eu\/#\/schema\/logo\/image\/"}}]}},"jetpack_sharing_enabled":true,"_links":{"self":[{"href":"https:\/\/decolights.eu\/es\/wp-json\/wp\/v2\/product\/4909","targetHints":{"allow":["GET"]}}],"collection":[{"href":"https:\/\/decolights.eu\/es\/wp-json\/wp\/v2\/product"}],"about":[{"href":"https:\/\/decolights.eu\/es\/wp-json\/wp\/v2\/types\/product"}],"replies":[{"embeddable":true,"href":"https:\/\/decolights.eu\/es\/wp-json\/wp\/v2\/comments?post=4909"}],"wp:featuredmedia":[{"embeddable":true,"href":"https:\/\/decolights.eu\/es\/wp-json\/wp\/v2\/media\/4752"}],"wp:attachment":[{"href":"https:\/\/decolights.eu\/es\/wp-json\/wp\/v2\/media?parent=4909"}],"wp:term":[{"taxonomy":"product_brand","embeddable":true,"href":"https:\/\/decolights.eu\/es\/wp-json\/wp\/v2\/product_brand?post=4909"},{"taxonomy":"product_cat","embeddable":true,"href":"https:\/\/decolights.eu\/es\/wp-json\/wp\/v2\/product_cat?post=4909"},{"taxonomy":"product_tag","embeddable":true,"href":"https:\/\/decolights.eu\/es\/wp-json\/wp\/v2\/product_tag?post=4909"}],"curies":[{"name":"wp","href":"https:\/\/api.w.org\/{rel}","templated":true}]}}