{"id":5052,"date":"2023-04-01T04:26:07","date_gmt":"2023-04-01T04:26:07","guid":{"rendered":"https:\/\/decolights.eu\/?post_type=product&#038;p=5052"},"modified":"2023-05-01T14:55:54","modified_gmt":"2023-05-01T14:55:54","slug":"rgb-festoon-led-lights-15m-15-bulbs","status":"publish","type":"product","link":"https:\/\/decolights.eu\/es\/producto-2\/rgb-festoon-led-lights-15m-15-bulbs\/","title":{"rendered":"Luces LED RGB Festoon 15M 15 bombillas"},"content":{"rendered":"<p><strong>HASTA\u00a0<\/strong><strong>21<\/strong><strong>\u00a0MODOS DE ILUMINACI\u00d3N \u2013<\/strong>\u00a0Esta iluminaci\u00f3n \u00fanica tiene hasta 21 modos de iluminaci\u00f3n diferentes, gracias a los cuales<strong>\u00a0Crea una decoraci\u00f3n y atm\u00f3sfera \u00fanicas y singulares para cualquier interior y jard\u00edn.<\/strong>\u00a0Las l\u00e1mparas tienen diferentes secuencias de iluminaci\u00f3n que se pueden controlar con el control remoto incluido. La guirnalda se alimenta de la red el\u00e9ctrica, as\u00ed que no tendr\u00e1s que preocuparte por cambiar las pilas constantemente.<\/p>\n<p><strong>15 bombillas<\/strong><strong>\u00a0CONDUJO -\u00a0<\/strong>Gracias a que las l\u00e1mparas son LED, consumen mucha menos energ\u00eda que las fuentes de luz tradicionales, ya que no emiten calor al iluminar. La decoraci\u00f3n cuenta con hasta 15 bombillas LED que iluminar\u00e1n incluso el interior m\u00e1s oscuro, creando un ambiente acogedor y acogedor.<\/p>\n<p><strong>IMPERMEABLE -\u00a0<\/strong>El adorno es resistente al agua seg\u00fan IP65, lo que significa que est\u00e1 protegido contra una\u00a0<strong>Se vierte un chorro de agua (12,5 l\/min) sobre la carcasa desde cualquier lado. Cuenta con protecci\u00f3n contra el acceso a piezas peligrosas y protecci\u00f3n contra el polvo.<\/strong><\/p>\n<div style=\"width: 1020px;\" class=\"wp-video\"><video class=\"wp-video-shortcode\" id=\"video-5052-1\" width=\"1020\" height=\"609\" preload=\"metadata\" controls=\"controls\"><source type=\"video\/mp4\" src=\"https:\/\/www.joulutuled.ee\/wp-content\/uploads\/2021\/07\/RGB_lambiketi_komplekt_15M_15_lampi.mp4?_=1\" \/><a href=\"https:\/\/www.joulutuled.ee\/wp-content\/uploads\/2021\/07\/RGB_lambiketi_komplekt_15M_15_lampi.mp4\">https:\/\/www.joulutuled.ee\/wp-content\/uploads\/2021\/07\/RGB_lambiketi_komplekt_15M_15_lampi.mp4<\/a><\/video><\/div>\n<p>&nbsp;<\/p>\n<ul>\n<li><strong>Color LED:\u00a0<\/strong>RGB<\/li>\n<li><strong>N\u00famero de l\u00e1mparas<\/strong><strong>: <\/strong>15 piezas<\/li>\n<li><strong>Longitud total (cable de alimentaci\u00f3n incluido): <\/strong>15 millones<\/li>\n<li><strong>Cable de alimentaci\u00f3n:<\/strong> 1,40 millones<\/li>\n<li><strong>Espaciado entre bombillas:<\/strong> 90 cm<\/li>\n<li><strong>Color de los cables: <\/strong>negro<\/li>\n<li><strong>Bombillas:\u00a0<\/strong>0,60 W<\/li>\n<li><strong>Clasificaci\u00f3n del IP: <\/strong>IP65<\/li>\n<li><strong>Fuente de alimentaci\u00f3n:\u00a0<\/strong>Enchufar<\/li>\n<li><strong>Material de los cables:\u00a0<\/strong>CLORURO DE POLIVINILO<\/li>\n<li><strong>Control remoto:\u00a0<\/strong>S\u00ed<\/li>\n<li><strong>Conectable:\u00a0<\/strong>S\u00ed (m\u00e1ximo 3 juegos)<\/li>\n<li><strong>Tapa\/Enchufe:\u00a0<\/strong>Reemplazable (E27 solamente para el mismo tipo de bombillas RGB)<\/li>\n<li><strong>Certificado CE:\u00a0<\/strong>S\u00ed<\/li>\n<li>220-240V<\/li>\n<\/ul>","protected":false},"excerpt":{"rendered":"<p>UNTIL\u00a021\u00a0LIGHTING MODES &#8211;\u00a0this unique lighting has as many as 21 different lighting modes, thanks to which\u00a0creates a unique and unique decoration and atmosphere of any interior and garden\u00a0. The lamps have different lighting sequences that can be controlled with the included remote control. The garland is powered from the mains, so you do not have [&#8230;]\n","protected":false},"featured_media":5126,"comment_status":"open","ping_status":"closed","template":"","meta":[],"product_brand":[],"product_cat":[227,226],"product_tag":[],"class_list":{"0":"post-5052","1":"product","2":"type-product","3":"status-publish","4":"has-post-thumbnail","6":"product_cat-led-festoon-lights-outdoor-lights","7":"product_cat-outdoor-lights","8":"pa_brand-deco","9":"pa_led-colour-multi-coloured","11":"first","12":"instock","13":"sale","14":"shipping-taxable","15":"purchasable","16":"product-type-simple"},"yoast_head":"<!-- This site is optimized with the Yoast SEO plugin v27.3 - https:\/\/yoast.com\/product\/yoast-seo-wordpress\/ -->\n<title>RGB Festoon LED lights 15M 15 bulbs - Best price - Decolights.eu<\/title>\n<meta name=\"description\" content=\"Decorate your patio or garden with a nice festoon RGB LED lights with hanging bulbs to get an outstanding atmosphere. Buy now the get the best price!\" \/>\n<meta name=\"robots\" content=\"index, follow, max-snippet:-1, max-image-preview:large, max-video-preview:-1\" \/>\n<link rel=\"canonical\" href=\"https:\/\/decolights.eu\/es\/producto-2\/rgb-festoon-led-lights-15m-15-bulbs\/\" \/>\n<meta property=\"og:locale\" content=\"es_ES\" \/>\n<meta property=\"og:type\" content=\"article\" \/>\n<meta property=\"og:title\" content=\"RGB Festoon LED lights 15M 15 bulbs - Best price - Decolights.eu\" \/>\n<meta property=\"og:description\" content=\"Decorate your patio or garden with a nice festoon RGB LED lights with hanging bulbs to get an outstanding atmosphere. Buy now the get the best price!\" \/>\n<meta property=\"og:url\" content=\"https:\/\/decolights.eu\/es\/producto-2\/rgb-festoon-led-lights-15m-15-bulbs\/\" \/>\n<meta property=\"og:site_name\" content=\"Decolights.eu\" \/>\n<meta property=\"article:modified_time\" content=\"2023-05-01T14:55:54+00:00\" \/>\n<meta property=\"og:image\" content=\"https:\/\/decolights.eu\/wp-content\/uploads\/2023\/04\/Hanging-garden-garland-15m-12V-IP65-15323_7.jpg\" \/>\n\t<meta property=\"og:image:width\" content=\"1500\" \/>\n\t<meta property=\"og:image:height\" content=\"1457\" \/>\n\t<meta property=\"og:image:type\" content=\"image\/jpeg\" \/>\n<meta name=\"twitter:card\" content=\"summary_large_image\" \/>\n<meta name=\"twitter:label1\" content=\"Tiempo de lectura\" \/>\n\t<meta name=\"twitter:data1\" content=\"1 minuto\" \/>\n<script type=\"application\/ld+json\" class=\"yoast-schema-graph\">{\"@context\":\"https:\\\/\\\/schema.org\",\"@graph\":[{\"@type\":\"WebPage\",\"@id\":\"https:\\\/\\\/decolights.eu\\\/product\\\/rgb-festoon-led-lights-15m-15-bulbs\\\/\",\"url\":\"https:\\\/\\\/decolights.eu\\\/product\\\/rgb-festoon-led-lights-15m-15-bulbs\\\/\",\"name\":\"RGB Festoon LED lights 15M 15 bulbs - Best price - Decolights.eu\",\"isPartOf\":{\"@id\":\"https:\\\/\\\/decolights.eu\\\/#website\"},\"primaryImageOfPage\":{\"@id\":\"https:\\\/\\\/decolights.eu\\\/product\\\/rgb-festoon-led-lights-15m-15-bulbs\\\/#primaryimage\"},\"image\":{\"@id\":\"https:\\\/\\\/decolights.eu\\\/product\\\/rgb-festoon-led-lights-15m-15-bulbs\\\/#primaryimage\"},\"thumbnailUrl\":\"https:\\\/\\\/decolights.eu\\\/wp-content\\\/uploads\\\/2023\\\/04\\\/Hanging-garden-garland-15m-12V-IP65-15323_7.jpg\",\"datePublished\":\"2023-04-01T04:26:07+00:00\",\"dateModified\":\"2023-05-01T14:55:54+00:00\",\"description\":\"Decorate your patio or garden with a nice festoon RGB LED lights with hanging bulbs to get an outstanding atmosphere. Buy now the get the best price!\",\"breadcrumb\":{\"@id\":\"https:\\\/\\\/decolights.eu\\\/product\\\/rgb-festoon-led-lights-15m-15-bulbs\\\/#breadcrumb\"},\"inLanguage\":\"es\",\"potentialAction\":[{\"@type\":\"ReadAction\",\"target\":[\"https:\\\/\\\/decolights.eu\\\/product\\\/rgb-festoon-led-lights-15m-15-bulbs\\\/\"]}]},{\"@type\":\"ImageObject\",\"inLanguage\":\"es\",\"@id\":\"https:\\\/\\\/decolights.eu\\\/product\\\/rgb-festoon-led-lights-15m-15-bulbs\\\/#primaryimage\",\"url\":\"https:\\\/\\\/decolights.eu\\\/wp-content\\\/uploads\\\/2023\\\/04\\\/Hanging-garden-garland-15m-12V-IP65-15323_7.jpg\",\"contentUrl\":\"https:\\\/\\\/decolights.eu\\\/wp-content\\\/uploads\\\/2023\\\/04\\\/Hanging-garden-garland-15m-12V-IP65-15323_7.jpg\",\"width\":1500,\"height\":1457},{\"@type\":\"BreadcrumbList\",\"@id\":\"https:\\\/\\\/decolights.eu\\\/product\\\/rgb-festoon-led-lights-15m-15-bulbs\\\/#breadcrumb\",\"itemListElement\":[{\"@type\":\"ListItem\",\"position\":1,\"name\":\"Shop\",\"item\":\"https:\\\/\\\/decolights.eu\\\/shop\\\/\"},{\"@type\":\"ListItem\",\"position\":2,\"name\":\"RGB Festoon LED lights 15M 15 bulbs\"}]},{\"@type\":\"WebSite\",\"@id\":\"https:\\\/\\\/decolights.eu\\\/#website\",\"url\":\"https:\\\/\\\/decolights.eu\\\/\",\"name\":\"decolights\",\"description\":\"Led Decorations for Home and Garden\",\"publisher\":{\"@id\":\"https:\\\/\\\/decolights.eu\\\/#organization\"},\"alternateName\":\"decolights.eu\",\"potentialAction\":[{\"@type\":\"SearchAction\",\"target\":{\"@type\":\"EntryPoint\",\"urlTemplate\":\"https:\\\/\\\/decolights.eu\\\/?s={search_term_string}\"},\"query-input\":{\"@type\":\"PropertyValueSpecification\",\"valueRequired\":true,\"valueName\":\"search_term_string\"}}],\"inLanguage\":\"es\"},{\"@type\":\"Organization\",\"@id\":\"https:\\\/\\\/decolights.eu\\\/#organization\",\"name\":\"decolights\",\"url\":\"https:\\\/\\\/decolights.eu\\\/\",\"logo\":{\"@type\":\"ImageObject\",\"inLanguage\":\"es\",\"@id\":\"https:\\\/\\\/decolights.eu\\\/#\\\/schema\\\/logo\\\/image\\\/\",\"url\":\"https:\\\/\\\/decolights.eu\\\/wp-content\\\/uploads\\\/2023\\\/07\\\/cropped-decolight-siteicon.png\",\"contentUrl\":\"https:\\\/\\\/decolights.eu\\\/wp-content\\\/uploads\\\/2023\\\/07\\\/cropped-decolight-siteicon.png\",\"width\":512,\"height\":512,\"caption\":\"decolights\"},\"image\":{\"@id\":\"https:\\\/\\\/decolights.eu\\\/#\\\/schema\\\/logo\\\/image\\\/\"}}]}<\/script>\n<!-- \/ Yoast SEO plugin. -->","yoast_head_json":{"title":"Luces LED RGB Festoon 15M 15 bombillas - Mejor precio - Decolights.eu","description":"Decora tu patio o jard\u00edn con una bonita guirnalda de luces LED RGB con bombillas colgantes para crear un ambiente espectacular. \u00a1Compra ahora y consigue el mejor precio!","robots":{"index":"index","follow":"follow","max-snippet":"max-snippet:-1","max-image-preview":"max-image-preview:large","max-video-preview":"max-video-preview:-1"},"canonical":"https:\/\/decolights.eu\/es\/producto-2\/rgb-festoon-led-lights-15m-15-bulbs\/","og_locale":"es_ES","og_type":"article","og_title":"RGB Festoon LED lights 15M 15 bulbs - Best price - Decolights.eu","og_description":"Decorate your patio or garden with a nice festoon RGB LED lights with hanging bulbs to get an outstanding atmosphere. Buy now the get the best price!","og_url":"https:\/\/decolights.eu\/es\/producto-2\/rgb-festoon-led-lights-15m-15-bulbs\/","og_site_name":"Decolights.eu","article_modified_time":"2023-05-01T14:55:54+00:00","og_image":[{"width":1500,"height":1457,"url":"https:\/\/decolights.eu\/wp-content\/uploads\/2023\/04\/Hanging-garden-garland-15m-12V-IP65-15323_7.jpg","type":"image\/jpeg"}],"twitter_card":"summary_large_image","twitter_misc":{"Tiempo de lectura":"1 minuto"},"schema":{"@context":"https:\/\/schema.org","@graph":[{"@type":"WebPage","@id":"https:\/\/decolights.eu\/product\/rgb-festoon-led-lights-15m-15-bulbs\/","url":"https:\/\/decolights.eu\/product\/rgb-festoon-led-lights-15m-15-bulbs\/","name":"Luces LED RGB Festoon 15M 15 bombillas - Mejor precio - Decolights.eu","isPartOf":{"@id":"https:\/\/decolights.eu\/#website"},"primaryImageOfPage":{"@id":"https:\/\/decolights.eu\/product\/rgb-festoon-led-lights-15m-15-bulbs\/#primaryimage"},"image":{"@id":"https:\/\/decolights.eu\/product\/rgb-festoon-led-lights-15m-15-bulbs\/#primaryimage"},"thumbnailUrl":"https:\/\/decolights.eu\/wp-content\/uploads\/2023\/04\/Hanging-garden-garland-15m-12V-IP65-15323_7.jpg","datePublished":"2023-04-01T04:26:07+00:00","dateModified":"2023-05-01T14:55:54+00:00","description":"Decora tu patio o jard\u00edn con una bonita guirnalda de luces LED RGB con bombillas colgantes para crear un ambiente espectacular. \u00a1Compra ahora y consigue el mejor precio!","breadcrumb":{"@id":"https:\/\/decolights.eu\/product\/rgb-festoon-led-lights-15m-15-bulbs\/#breadcrumb"},"inLanguage":"es","potentialAction":[{"@type":"ReadAction","target":["https:\/\/decolights.eu\/product\/rgb-festoon-led-lights-15m-15-bulbs\/"]}]},{"@type":"ImageObject","inLanguage":"es","@id":"https:\/\/decolights.eu\/product\/rgb-festoon-led-lights-15m-15-bulbs\/#primaryimage","url":"https:\/\/decolights.eu\/wp-content\/uploads\/2023\/04\/Hanging-garden-garland-15m-12V-IP65-15323_7.jpg","contentUrl":"https:\/\/decolights.eu\/wp-content\/uploads\/2023\/04\/Hanging-garden-garland-15m-12V-IP65-15323_7.jpg","width":1500,"height":1457},{"@type":"BreadcrumbList","@id":"https:\/\/decolights.eu\/product\/rgb-festoon-led-lights-15m-15-bulbs\/#breadcrumb","itemListElement":[{"@type":"ListItem","position":1,"name":"Shop","item":"https:\/\/decolights.eu\/shop\/"},{"@type":"ListItem","position":2,"name":"RGB Festoon LED lights 15M 15 bulbs"}]},{"@type":"WebSite","@id":"https:\/\/decolights.eu\/#website","url":"https:\/\/decolights.eu\/","name":"decoluces","description":"Decoraciones Led para Hogar y Jard\u00edn","publisher":{"@id":"https:\/\/decolights.eu\/#organization"},"alternateName":"decolights.eu","potentialAction":[{"@type":"SearchAction","target":{"@type":"EntryPoint","urlTemplate":"https:\/\/decolights.eu\/?s={search_term_string}"},"query-input":{"@type":"PropertyValueSpecification","valueRequired":true,"valueName":"search_term_string"}}],"inLanguage":"es"},{"@type":"Organization","@id":"https:\/\/decolights.eu\/#organization","name":"decoluces","url":"https:\/\/decolights.eu\/","logo":{"@type":"ImageObject","inLanguage":"es","@id":"https:\/\/decolights.eu\/#\/schema\/logo\/image\/","url":"https:\/\/decolights.eu\/wp-content\/uploads\/2023\/07\/cropped-decolight-siteicon.png","contentUrl":"https:\/\/decolights.eu\/wp-content\/uploads\/2023\/07\/cropped-decolight-siteicon.png","width":512,"height":512,"caption":"decolights"},"image":{"@id":"https:\/\/decolights.eu\/#\/schema\/logo\/image\/"}}]}},"jetpack_sharing_enabled":true,"_links":{"self":[{"href":"https:\/\/decolights.eu\/es\/wp-json\/wp\/v2\/product\/5052","targetHints":{"allow":["GET"]}}],"collection":[{"href":"https:\/\/decolights.eu\/es\/wp-json\/wp\/v2\/product"}],"about":[{"href":"https:\/\/decolights.eu\/es\/wp-json\/wp\/v2\/types\/product"}],"replies":[{"embeddable":true,"href":"https:\/\/decolights.eu\/es\/wp-json\/wp\/v2\/comments?post=5052"}],"wp:featuredmedia":[{"embeddable":true,"href":"https:\/\/decolights.eu\/es\/wp-json\/wp\/v2\/media\/5126"}],"wp:attachment":[{"href":"https:\/\/decolights.eu\/es\/wp-json\/wp\/v2\/media?parent=5052"}],"wp:term":[{"taxonomy":"product_brand","embeddable":true,"href":"https:\/\/decolights.eu\/es\/wp-json\/wp\/v2\/product_brand?post=5052"},{"taxonomy":"product_cat","embeddable":true,"href":"https:\/\/decolights.eu\/es\/wp-json\/wp\/v2\/product_cat?post=5052"},{"taxonomy":"product_tag","embeddable":true,"href":"https:\/\/decolights.eu\/es\/wp-json\/wp\/v2\/product_tag?post=5052"}],"curies":[{"name":"wp","href":"https:\/\/api.w.org\/{rel}","templated":true}]}}