{"id":5085,"date":"2023-04-01T04:26:33","date_gmt":"2023-04-01T04:26:33","guid":{"rendered":"https:\/\/decolights.eu\/?post_type=product&#038;p=5085"},"modified":"2023-05-09T12:31:23","modified_gmt":"2023-05-09T12:31:23","slug":"smart-twinkly-icicle-lights-special-edition-190-rgbw-leds-gen-ii","status":"publish","type":"product","link":"https:\/\/decolights.eu\/es\/producto-2\/smart-twinkly-icicle-lights-special-edition-190-rgbw-leds-gen-ii\/","title":{"rendered":"Luces Smart Twinkly Icicle Edici\u00f3n especial 190 LED RGB+W (Gen II)"},"content":{"rendered":"<p>La iluminaci\u00f3n navide\u00f1a Twinkly combina luces LED RGB+W multicolor con tecnolog\u00edas inteligentes. Puedes controlar las luces mediante Wi-Fi o Bluetooth: crea la iluminaci\u00f3n y el patr\u00f3n que desees. Usa diferentes efectos y animaciones. <strong>Sincronizaci\u00f3n musical<\/strong> Permite conectar la iluminaci\u00f3n a la m\u00fasica.<\/p>\n<p>Twinkly tambi\u00e9n es compatible con los asistentes virtuales Google Assistant y Amazon Alexa. Su certificaci\u00f3n IP44 las hace aptas para uso en interiores y exteriores.<\/p>\n<p><strong>La longitud total de las luces navide\u00f1as de car\u00e1mbanos es de 8,5 metros (de los cuales 5 metros est\u00e1n iluminados) y contiene 900 LED. Su vida \u00fatil supera las 30.000 horas.<\/strong><\/p>\n<p>&nbsp;<\/p>\n<p><iframe loading=\"lazy\" title=\"Twinkly Generaci\u00f3n II - Caracter\u00edsticas\" width=\"1020\" height=\"574\" src=\"https:\/\/www.youtube.com\/embed\/w7tGW7_j2jA?feature=oembed\" frameborder=\"0\" allow=\"accelerometer; autoplay; clipboard-write; encrypted-media; gyroscope; picture-in-picture; web-share\" allowfullscreen><\/iframe><\/p>\n<p><em>PD: El v\u00eddeo es ilustrativo y el producto en cuesti\u00f3n puede no tener todas las funciones mostradas en el v\u00eddeo.<\/em><\/p>\n<p><strong>Clasificaci\u00f3n del IP:<\/strong> IP44<br \/>\n<strong>Cantidad de LED:<\/strong> 900 piezas<br \/>\n<strong>Sincronizaci\u00f3n musical:<\/strong> S\u00ed, solo micr\u00f3fono USB Twinkly Music<br \/>\n<strong>Conectividad:<\/strong> Bluetooth\u00ae y Wi-Fi<\/p>","protected":false},"excerpt":{"rendered":"<p>Twinkly Christmas lighting combines multi-colored RGB+W LED lights and smart technologies. You can control the lights over a Wi-Fi network or using Bluetooth &#8211; create exactly the kind of lighting and pattern you like. Use different effects and animations. MusicSync allows lighting to be connected to music. Twinkly also works with Google Assistant and Amazon [&#8230;]\n","protected":false},"featured_media":5170,"comment_status":"open","ping_status":"closed","template":"","meta":[],"product_brand":[],"product_cat":[226,235],"product_tag":[],"class_list":{"0":"post-5085","1":"product","2":"type-product","3":"status-publish","4":"has-post-thumbnail","6":"product_cat-outdoor-lights","7":"product_cat-twinkly-outdoor-lights","8":"pa_brand-twinkly","9":"pa_led-colour-multi-coloured","11":"first","12":"instock","13":"sale","14":"shipping-taxable","15":"purchasable","16":"product-type-simple"},"yoast_head":"<!-- This site is optimized with the Yoast SEO plugin v27.3 - https:\/\/yoast.com\/product\/yoast-seo-wordpress\/ -->\n<title>Smart Twinkly Icicle lights Special Edition 190 RGB+W LEDs (Gen II) - Decolights.eu<\/title>\n<meta name=\"description\" content=\"Twinkly icicle lights is a smart light chain with RGB+W LED lights that can be controlled via app and voice assistants. Get it now for the best price!\" \/>\n<meta name=\"robots\" content=\"index, follow, max-snippet:-1, max-image-preview:large, max-video-preview:-1\" \/>\n<link rel=\"canonical\" href=\"https:\/\/decolights.eu\/es\/producto-2\/smart-twinkly-icicle-lights-special-edition-190-rgbw-leds-gen-ii\/\" \/>\n<meta property=\"og:locale\" content=\"es_ES\" \/>\n<meta property=\"og:type\" content=\"article\" \/>\n<meta property=\"og:title\" content=\"Smart Twinkly Icicle lights Special Edition 190 RGB+W LEDs (Gen II) - Decolights.eu\" \/>\n<meta property=\"og:description\" content=\"Twinkly icicle lights is a smart light chain with RGB+W LED lights that can be controlled via app and voice assistants. Get it now for the best price!\" \/>\n<meta property=\"og:url\" content=\"https:\/\/decolights.eu\/es\/producto-2\/smart-twinkly-icicle-lights-special-edition-190-rgbw-leds-gen-ii\/\" \/>\n<meta property=\"og:site_name\" content=\"Decolights.eu\" \/>\n<meta property=\"article:modified_time\" content=\"2023-05-09T12:31:23+00:00\" \/>\n<meta property=\"og:image\" content=\"https:\/\/decolights.eu\/wp-content\/uploads\/2023\/04\/TWINKLY-ICICLE2.jpg\" \/>\n\t<meta property=\"og:image:width\" content=\"800\" \/>\n\t<meta property=\"og:image:height\" content=\"800\" \/>\n\t<meta property=\"og:image:type\" content=\"image\/jpeg\" \/>\n<meta name=\"twitter:card\" content=\"summary_large_image\" \/>\n<meta name=\"twitter:label1\" content=\"Tiempo de lectura\" \/>\n\t<meta name=\"twitter:data1\" content=\"1 minuto\" \/>\n<script type=\"application\/ld+json\" class=\"yoast-schema-graph\">{\"@context\":\"https:\\\/\\\/schema.org\",\"@graph\":[{\"@type\":\"WebPage\",\"@id\":\"https:\\\/\\\/decolights.eu\\\/product\\\/smart-twinkly-icicle-lights-special-edition-190-rgbw-leds-gen-ii\\\/\",\"url\":\"https:\\\/\\\/decolights.eu\\\/product\\\/smart-twinkly-icicle-lights-special-edition-190-rgbw-leds-gen-ii\\\/\",\"name\":\"Smart Twinkly Icicle lights Special Edition 190 RGB+W LEDs (Gen II) - Decolights.eu\",\"isPartOf\":{\"@id\":\"https:\\\/\\\/decolights.eu\\\/#website\"},\"primaryImageOfPage\":{\"@id\":\"https:\\\/\\\/decolights.eu\\\/product\\\/smart-twinkly-icicle-lights-special-edition-190-rgbw-leds-gen-ii\\\/#primaryimage\"},\"image\":{\"@id\":\"https:\\\/\\\/decolights.eu\\\/product\\\/smart-twinkly-icicle-lights-special-edition-190-rgbw-leds-gen-ii\\\/#primaryimage\"},\"thumbnailUrl\":\"https:\\\/\\\/decolights.eu\\\/wp-content\\\/uploads\\\/2023\\\/04\\\/TWINKLY-ICICLE2.jpg\",\"datePublished\":\"2023-04-01T04:26:33+00:00\",\"dateModified\":\"2023-05-09T12:31:23+00:00\",\"description\":\"Twinkly icicle lights is a smart light chain with RGB+W LED lights that can be controlled via app and voice assistants. Get it now for the best price!\",\"breadcrumb\":{\"@id\":\"https:\\\/\\\/decolights.eu\\\/product\\\/smart-twinkly-icicle-lights-special-edition-190-rgbw-leds-gen-ii\\\/#breadcrumb\"},\"inLanguage\":\"es\",\"potentialAction\":[{\"@type\":\"ReadAction\",\"target\":[\"https:\\\/\\\/decolights.eu\\\/product\\\/smart-twinkly-icicle-lights-special-edition-190-rgbw-leds-gen-ii\\\/\"]}]},{\"@type\":\"ImageObject\",\"inLanguage\":\"es\",\"@id\":\"https:\\\/\\\/decolights.eu\\\/product\\\/smart-twinkly-icicle-lights-special-edition-190-rgbw-leds-gen-ii\\\/#primaryimage\",\"url\":\"https:\\\/\\\/decolights.eu\\\/wp-content\\\/uploads\\\/2023\\\/04\\\/TWINKLY-ICICLE2.jpg\",\"contentUrl\":\"https:\\\/\\\/decolights.eu\\\/wp-content\\\/uploads\\\/2023\\\/04\\\/TWINKLY-ICICLE2.jpg\",\"width\":800,\"height\":800},{\"@type\":\"BreadcrumbList\",\"@id\":\"https:\\\/\\\/decolights.eu\\\/product\\\/smart-twinkly-icicle-lights-special-edition-190-rgbw-leds-gen-ii\\\/#breadcrumb\",\"itemListElement\":[{\"@type\":\"ListItem\",\"position\":1,\"name\":\"Shop\",\"item\":\"https:\\\/\\\/decolights.eu\\\/shop\\\/\"},{\"@type\":\"ListItem\",\"position\":2,\"name\":\"Smart Twinkly Icicle lights Special Edition 190 RGB+W LEDs (Gen II)\"}]},{\"@type\":\"WebSite\",\"@id\":\"https:\\\/\\\/decolights.eu\\\/#website\",\"url\":\"https:\\\/\\\/decolights.eu\\\/\",\"name\":\"decolights\",\"description\":\"Led Decorations for Home and Garden\",\"publisher\":{\"@id\":\"https:\\\/\\\/decolights.eu\\\/#organization\"},\"alternateName\":\"decolights.eu\",\"potentialAction\":[{\"@type\":\"SearchAction\",\"target\":{\"@type\":\"EntryPoint\",\"urlTemplate\":\"https:\\\/\\\/decolights.eu\\\/?s={search_term_string}\"},\"query-input\":{\"@type\":\"PropertyValueSpecification\",\"valueRequired\":true,\"valueName\":\"search_term_string\"}}],\"inLanguage\":\"es\"},{\"@type\":\"Organization\",\"@id\":\"https:\\\/\\\/decolights.eu\\\/#organization\",\"name\":\"decolights\",\"url\":\"https:\\\/\\\/decolights.eu\\\/\",\"logo\":{\"@type\":\"ImageObject\",\"inLanguage\":\"es\",\"@id\":\"https:\\\/\\\/decolights.eu\\\/#\\\/schema\\\/logo\\\/image\\\/\",\"url\":\"https:\\\/\\\/decolights.eu\\\/wp-content\\\/uploads\\\/2023\\\/07\\\/cropped-decolight-siteicon.png\",\"contentUrl\":\"https:\\\/\\\/decolights.eu\\\/wp-content\\\/uploads\\\/2023\\\/07\\\/cropped-decolight-siteicon.png\",\"width\":512,\"height\":512,\"caption\":\"decolights\"},\"image\":{\"@id\":\"https:\\\/\\\/decolights.eu\\\/#\\\/schema\\\/logo\\\/image\\\/\"}}]}<\/script>\n<!-- \/ Yoast SEO plugin. -->","yoast_head_json":{"title":"Luces inteligentes Twinkly Icicle, edici\u00f3n especial, 190 LED RGB+W (Gen II) - Decolights.eu","description":"Las luces de car\u00e1mbano Twinkly son una cadena de luces inteligente con luces LED RGB+W que se pueden controlar mediante la app y asistentes de voz. \u00a1Cons\u00edguela ya al mejor precio!","robots":{"index":"index","follow":"follow","max-snippet":"max-snippet:-1","max-image-preview":"max-image-preview:large","max-video-preview":"max-video-preview:-1"},"canonical":"https:\/\/decolights.eu\/es\/producto-2\/smart-twinkly-icicle-lights-special-edition-190-rgbw-leds-gen-ii\/","og_locale":"es_ES","og_type":"article","og_title":"Smart Twinkly Icicle lights Special Edition 190 RGB+W LEDs (Gen II) - Decolights.eu","og_description":"Twinkly icicle lights is a smart light chain with RGB+W LED lights that can be controlled via app and voice assistants. Get it now for the best price!","og_url":"https:\/\/decolights.eu\/es\/producto-2\/smart-twinkly-icicle-lights-special-edition-190-rgbw-leds-gen-ii\/","og_site_name":"Decolights.eu","article_modified_time":"2023-05-09T12:31:23+00:00","og_image":[{"width":800,"height":800,"url":"https:\/\/decolights.eu\/wp-content\/uploads\/2023\/04\/TWINKLY-ICICLE2.jpg","type":"image\/jpeg"}],"twitter_card":"summary_large_image","twitter_misc":{"Tiempo de lectura":"1 minuto"},"schema":{"@context":"https:\/\/schema.org","@graph":[{"@type":"WebPage","@id":"https:\/\/decolights.eu\/product\/smart-twinkly-icicle-lights-special-edition-190-rgbw-leds-gen-ii\/","url":"https:\/\/decolights.eu\/product\/smart-twinkly-icicle-lights-special-edition-190-rgbw-leds-gen-ii\/","name":"Luces inteligentes Twinkly Icicle, edici\u00f3n especial, 190 LED RGB+W (Gen II) - Decolights.eu","isPartOf":{"@id":"https:\/\/decolights.eu\/#website"},"primaryImageOfPage":{"@id":"https:\/\/decolights.eu\/product\/smart-twinkly-icicle-lights-special-edition-190-rgbw-leds-gen-ii\/#primaryimage"},"image":{"@id":"https:\/\/decolights.eu\/product\/smart-twinkly-icicle-lights-special-edition-190-rgbw-leds-gen-ii\/#primaryimage"},"thumbnailUrl":"https:\/\/decolights.eu\/wp-content\/uploads\/2023\/04\/TWINKLY-ICICLE2.jpg","datePublished":"2023-04-01T04:26:33+00:00","dateModified":"2023-05-09T12:31:23+00:00","description":"Las luces de car\u00e1mbano Twinkly son una cadena de luces inteligente con luces LED RGB+W que se pueden controlar mediante la app y asistentes de voz. \u00a1Cons\u00edguela ya al mejor precio!","breadcrumb":{"@id":"https:\/\/decolights.eu\/product\/smart-twinkly-icicle-lights-special-edition-190-rgbw-leds-gen-ii\/#breadcrumb"},"inLanguage":"es","potentialAction":[{"@type":"ReadAction","target":["https:\/\/decolights.eu\/product\/smart-twinkly-icicle-lights-special-edition-190-rgbw-leds-gen-ii\/"]}]},{"@type":"ImageObject","inLanguage":"es","@id":"https:\/\/decolights.eu\/product\/smart-twinkly-icicle-lights-special-edition-190-rgbw-leds-gen-ii\/#primaryimage","url":"https:\/\/decolights.eu\/wp-content\/uploads\/2023\/04\/TWINKLY-ICICLE2.jpg","contentUrl":"https:\/\/decolights.eu\/wp-content\/uploads\/2023\/04\/TWINKLY-ICICLE2.jpg","width":800,"height":800},{"@type":"BreadcrumbList","@id":"https:\/\/decolights.eu\/product\/smart-twinkly-icicle-lights-special-edition-190-rgbw-leds-gen-ii\/#breadcrumb","itemListElement":[{"@type":"ListItem","position":1,"name":"Shop","item":"https:\/\/decolights.eu\/shop\/"},{"@type":"ListItem","position":2,"name":"Smart Twinkly Icicle lights Special Edition 190 RGB+W LEDs (Gen II)"}]},{"@type":"WebSite","@id":"https:\/\/decolights.eu\/#website","url":"https:\/\/decolights.eu\/","name":"decoluces","description":"Decoraciones Led para Hogar y Jard\u00edn","publisher":{"@id":"https:\/\/decolights.eu\/#organization"},"alternateName":"decolights.eu","potentialAction":[{"@type":"SearchAction","target":{"@type":"EntryPoint","urlTemplate":"https:\/\/decolights.eu\/?s={search_term_string}"},"query-input":{"@type":"PropertyValueSpecification","valueRequired":true,"valueName":"search_term_string"}}],"inLanguage":"es"},{"@type":"Organization","@id":"https:\/\/decolights.eu\/#organization","name":"decoluces","url":"https:\/\/decolights.eu\/","logo":{"@type":"ImageObject","inLanguage":"es","@id":"https:\/\/decolights.eu\/#\/schema\/logo\/image\/","url":"https:\/\/decolights.eu\/wp-content\/uploads\/2023\/07\/cropped-decolight-siteicon.png","contentUrl":"https:\/\/decolights.eu\/wp-content\/uploads\/2023\/07\/cropped-decolight-siteicon.png","width":512,"height":512,"caption":"decolights"},"image":{"@id":"https:\/\/decolights.eu\/#\/schema\/logo\/image\/"}}]}},"jetpack_sharing_enabled":true,"_links":{"self":[{"href":"https:\/\/decolights.eu\/es\/wp-json\/wp\/v2\/product\/5085","targetHints":{"allow":["GET"]}}],"collection":[{"href":"https:\/\/decolights.eu\/es\/wp-json\/wp\/v2\/product"}],"about":[{"href":"https:\/\/decolights.eu\/es\/wp-json\/wp\/v2\/types\/product"}],"replies":[{"embeddable":true,"href":"https:\/\/decolights.eu\/es\/wp-json\/wp\/v2\/comments?post=5085"}],"wp:featuredmedia":[{"embeddable":true,"href":"https:\/\/decolights.eu\/es\/wp-json\/wp\/v2\/media\/5170"}],"wp:attachment":[{"href":"https:\/\/decolights.eu\/es\/wp-json\/wp\/v2\/media?parent=5085"}],"wp:term":[{"taxonomy":"product_brand","embeddable":true,"href":"https:\/\/decolights.eu\/es\/wp-json\/wp\/v2\/product_brand?post=5085"},{"taxonomy":"product_cat","embeddable":true,"href":"https:\/\/decolights.eu\/es\/wp-json\/wp\/v2\/product_cat?post=5085"},{"taxonomy":"product_tag","embeddable":true,"href":"https:\/\/decolights.eu\/es\/wp-json\/wp\/v2\/product_tag?post=5085"}],"curies":[{"name":"wp","href":"https:\/\/api.w.org\/{rel}","templated":true}]}}