{"id":5221,"date":"2023-04-01T04:28:03","date_gmt":"2023-04-01T04:28:03","guid":{"rendered":"https:\/\/decolights.eu\/?post_type=product&#038;p=5221"},"modified":"2023-04-29T23:34:54","modified_gmt":"2023-04-29T23:34:54","slug":"splitter-plugge","status":"publish","type":"product","link":"https:\/\/decolights.eu\/es\/producto-2\/splitter-plugge\/","title":{"rendered":"Enchufe divisor"},"content":{"rendered":"<p>Toma de corriente para jard\u00edn con 4 salidas. Perfecta para su patio o jard\u00edn. Se monta sobre hormig\u00f3n para un uso correcto. Capacidad de conmutaci\u00f3n m\u00e1xima de 3680 vatios.<\/p>\n<ul>\n<li><strong>Tama\u00f1o:<\/strong> 20 cent\u00edmetros<\/li>\n<li><strong>Tama\u00f1o del cable de alimentaci\u00f3n:\u00a0<\/strong>2M<\/li>\n<li>4 salidas<\/li>\n<li><strong>Color:<\/strong> gris oscuro<\/li>\n<li><strong>Clasificaci\u00f3n del IP: <\/strong>IP44<\/li>\n<li>220-240 V CA<\/li>\n<\/ul>","protected":false},"excerpt":{"rendered":"<p>Garden power socket with 4 outlets. Perfect for your patio or garden. Assemble on concrete for proper use. Total switching capacity max 3680 Watt. Size: 20cm Power cable size:\u00a02M 4 outlets Colour: dark grey IP Rating: IP44 220-240V AC<\/p>","protected":false},"featured_media":5277,"comment_status":"open","ping_status":"closed","template":"","meta":[],"product_brand":[],"product_cat":[15],"product_tag":[],"class_list":{"0":"post-5221","1":"product","2":"type-product","3":"status-publish","4":"has-post-thumbnail","6":"product_cat-festoon-lights","7":"pa_brand-deco","9":"first","10":"instock","11":"sale","12":"shipping-taxable","13":"purchasable","14":"product-type-simple"},"yoast_head":"<!-- This site is optimized with the Yoast SEO plugin v27.3 - https:\/\/yoast.com\/product\/yoast-seo-wordpress\/ -->\n<title>Splitter Plugge - Best price - Decolights.eu<\/title>\n<meta name=\"description\" content=\"Splitter Plugge is a great accessory for patio decoration. It allows you to reach more creative and unique locations with your festoon and patio lights.\" \/>\n<meta name=\"robots\" content=\"index, follow, max-snippet:-1, max-image-preview:large, max-video-preview:-1\" \/>\n<link rel=\"canonical\" href=\"https:\/\/decolights.eu\/es\/producto-2\/splitter-plugge\/\" \/>\n<meta property=\"og:locale\" content=\"es_ES\" \/>\n<meta property=\"og:type\" content=\"article\" \/>\n<meta property=\"og:title\" content=\"Splitter Plugge - Best price - Decolights.eu\" \/>\n<meta property=\"og:description\" content=\"Splitter Plugge is a great accessory for patio decoration. It allows you to reach more creative and unique locations with your festoon and patio lights.\" \/>\n<meta property=\"og:url\" content=\"https:\/\/decolights.eu\/es\/producto-2\/splitter-plugge\/\" \/>\n<meta property=\"og:site_name\" content=\"Decolights.eu\" \/>\n<meta property=\"article:modified_time\" content=\"2023-04-29T23:34:54+00:00\" \/>\n<meta property=\"og:image\" content=\"https:\/\/decolights.eu\/wp-content\/uploads\/2023\/04\/418-98_MN-1.png\" \/>\n\t<meta property=\"og:image:width\" content=\"600\" \/>\n\t<meta property=\"og:image:height\" content=\"600\" \/>\n\t<meta property=\"og:image:type\" content=\"image\/png\" \/>\n<meta name=\"twitter:card\" content=\"summary_large_image\" \/>\n<meta name=\"twitter:label1\" content=\"Tiempo de lectura\" \/>\n\t<meta name=\"twitter:data1\" content=\"1 minuto\" \/>\n<script type=\"application\/ld+json\" class=\"yoast-schema-graph\">{\"@context\":\"https:\\\/\\\/schema.org\",\"@graph\":[{\"@type\":\"WebPage\",\"@id\":\"https:\\\/\\\/decolights.eu\\\/product\\\/splitter-plugge\\\/\",\"url\":\"https:\\\/\\\/decolights.eu\\\/product\\\/splitter-plugge\\\/\",\"name\":\"Splitter Plugge - Best price - Decolights.eu\",\"isPartOf\":{\"@id\":\"https:\\\/\\\/decolights.eu\\\/#website\"},\"primaryImageOfPage\":{\"@id\":\"https:\\\/\\\/decolights.eu\\\/product\\\/splitter-plugge\\\/#primaryimage\"},\"image\":{\"@id\":\"https:\\\/\\\/decolights.eu\\\/product\\\/splitter-plugge\\\/#primaryimage\"},\"thumbnailUrl\":\"https:\\\/\\\/decolights.eu\\\/wp-content\\\/uploads\\\/2023\\\/04\\\/418-98_MN-1.png\",\"datePublished\":\"2023-04-01T04:28:03+00:00\",\"dateModified\":\"2023-04-29T23:34:54+00:00\",\"description\":\"Splitter Plugge is a great accessory for patio decoration. It allows you to reach more creative and unique locations with your festoon and patio lights.\",\"breadcrumb\":{\"@id\":\"https:\\\/\\\/decolights.eu\\\/product\\\/splitter-plugge\\\/#breadcrumb\"},\"inLanguage\":\"es\",\"potentialAction\":[{\"@type\":\"ReadAction\",\"target\":[\"https:\\\/\\\/decolights.eu\\\/product\\\/splitter-plugge\\\/\"]}]},{\"@type\":\"ImageObject\",\"inLanguage\":\"es\",\"@id\":\"https:\\\/\\\/decolights.eu\\\/product\\\/splitter-plugge\\\/#primaryimage\",\"url\":\"https:\\\/\\\/decolights.eu\\\/wp-content\\\/uploads\\\/2023\\\/04\\\/418-98_MN-1.png\",\"contentUrl\":\"https:\\\/\\\/decolights.eu\\\/wp-content\\\/uploads\\\/2023\\\/04\\\/418-98_MN-1.png\",\"width\":600,\"height\":600},{\"@type\":\"BreadcrumbList\",\"@id\":\"https:\\\/\\\/decolights.eu\\\/product\\\/splitter-plugge\\\/#breadcrumb\",\"itemListElement\":[{\"@type\":\"ListItem\",\"position\":1,\"name\":\"Shop\",\"item\":\"https:\\\/\\\/decolights.eu\\\/shop\\\/\"},{\"@type\":\"ListItem\",\"position\":2,\"name\":\"Splitter Plugge\"}]},{\"@type\":\"WebSite\",\"@id\":\"https:\\\/\\\/decolights.eu\\\/#website\",\"url\":\"https:\\\/\\\/decolights.eu\\\/\",\"name\":\"decolights\",\"description\":\"Led Decorations for Home and Garden\",\"publisher\":{\"@id\":\"https:\\\/\\\/decolights.eu\\\/#organization\"},\"alternateName\":\"decolights.eu\",\"potentialAction\":[{\"@type\":\"SearchAction\",\"target\":{\"@type\":\"EntryPoint\",\"urlTemplate\":\"https:\\\/\\\/decolights.eu\\\/?s={search_term_string}\"},\"query-input\":{\"@type\":\"PropertyValueSpecification\",\"valueRequired\":true,\"valueName\":\"search_term_string\"}}],\"inLanguage\":\"es\"},{\"@type\":\"Organization\",\"@id\":\"https:\\\/\\\/decolights.eu\\\/#organization\",\"name\":\"decolights\",\"url\":\"https:\\\/\\\/decolights.eu\\\/\",\"logo\":{\"@type\":\"ImageObject\",\"inLanguage\":\"es\",\"@id\":\"https:\\\/\\\/decolights.eu\\\/#\\\/schema\\\/logo\\\/image\\\/\",\"url\":\"https:\\\/\\\/decolights.eu\\\/wp-content\\\/uploads\\\/2023\\\/07\\\/cropped-decolight-siteicon.png\",\"contentUrl\":\"https:\\\/\\\/decolights.eu\\\/wp-content\\\/uploads\\\/2023\\\/07\\\/cropped-decolight-siteicon.png\",\"width\":512,\"height\":512,\"caption\":\"decolights\"},\"image\":{\"@id\":\"https:\\\/\\\/decolights.eu\\\/#\\\/schema\\\/logo\\\/image\\\/\"}}]}<\/script>\n<!-- \/ Yoast SEO plugin. -->","yoast_head_json":{"title":"Enchufe divisor - Mejor precio - Decolights.eu","description":"El divisor es un accesorio ideal para la decoraci\u00f3n de patios. Te permite crear espacios m\u00e1s creativos y \u00fanicos con tus guirnaldas y luces de patio.","robots":{"index":"index","follow":"follow","max-snippet":"max-snippet:-1","max-image-preview":"max-image-preview:large","max-video-preview":"max-video-preview:-1"},"canonical":"https:\/\/decolights.eu\/es\/producto-2\/splitter-plugge\/","og_locale":"es_ES","og_type":"article","og_title":"Splitter Plugge - Best price - Decolights.eu","og_description":"Splitter Plugge is a great accessory for patio decoration. It allows you to reach more creative and unique locations with your festoon and patio lights.","og_url":"https:\/\/decolights.eu\/es\/producto-2\/splitter-plugge\/","og_site_name":"Decolights.eu","article_modified_time":"2023-04-29T23:34:54+00:00","og_image":[{"width":600,"height":600,"url":"https:\/\/decolights.eu\/wp-content\/uploads\/2023\/04\/418-98_MN-1.png","type":"image\/png"}],"twitter_card":"summary_large_image","twitter_misc":{"Tiempo de lectura":"1 minuto"},"schema":{"@context":"https:\/\/schema.org","@graph":[{"@type":"WebPage","@id":"https:\/\/decolights.eu\/product\/splitter-plugge\/","url":"https:\/\/decolights.eu\/product\/splitter-plugge\/","name":"Enchufe divisor - Mejor precio - Decolights.eu","isPartOf":{"@id":"https:\/\/decolights.eu\/#website"},"primaryImageOfPage":{"@id":"https:\/\/decolights.eu\/product\/splitter-plugge\/#primaryimage"},"image":{"@id":"https:\/\/decolights.eu\/product\/splitter-plugge\/#primaryimage"},"thumbnailUrl":"https:\/\/decolights.eu\/wp-content\/uploads\/2023\/04\/418-98_MN-1.png","datePublished":"2023-04-01T04:28:03+00:00","dateModified":"2023-04-29T23:34:54+00:00","description":"El divisor es un accesorio ideal para la decoraci\u00f3n de patios. Te permite crear espacios m\u00e1s creativos y \u00fanicos con tus guirnaldas y luces de patio.","breadcrumb":{"@id":"https:\/\/decolights.eu\/product\/splitter-plugge\/#breadcrumb"},"inLanguage":"es","potentialAction":[{"@type":"ReadAction","target":["https:\/\/decolights.eu\/product\/splitter-plugge\/"]}]},{"@type":"ImageObject","inLanguage":"es","@id":"https:\/\/decolights.eu\/product\/splitter-plugge\/#primaryimage","url":"https:\/\/decolights.eu\/wp-content\/uploads\/2023\/04\/418-98_MN-1.png","contentUrl":"https:\/\/decolights.eu\/wp-content\/uploads\/2023\/04\/418-98_MN-1.png","width":600,"height":600},{"@type":"BreadcrumbList","@id":"https:\/\/decolights.eu\/product\/splitter-plugge\/#breadcrumb","itemListElement":[{"@type":"ListItem","position":1,"name":"Shop","item":"https:\/\/decolights.eu\/shop\/"},{"@type":"ListItem","position":2,"name":"Splitter Plugge"}]},{"@type":"WebSite","@id":"https:\/\/decolights.eu\/#website","url":"https:\/\/decolights.eu\/","name":"decoluces","description":"Decoraciones Led para Hogar y Jard\u00edn","publisher":{"@id":"https:\/\/decolights.eu\/#organization"},"alternateName":"decolights.eu","potentialAction":[{"@type":"SearchAction","target":{"@type":"EntryPoint","urlTemplate":"https:\/\/decolights.eu\/?s={search_term_string}"},"query-input":{"@type":"PropertyValueSpecification","valueRequired":true,"valueName":"search_term_string"}}],"inLanguage":"es"},{"@type":"Organization","@id":"https:\/\/decolights.eu\/#organization","name":"decoluces","url":"https:\/\/decolights.eu\/","logo":{"@type":"ImageObject","inLanguage":"es","@id":"https:\/\/decolights.eu\/#\/schema\/logo\/image\/","url":"https:\/\/decolights.eu\/wp-content\/uploads\/2023\/07\/cropped-decolight-siteicon.png","contentUrl":"https:\/\/decolights.eu\/wp-content\/uploads\/2023\/07\/cropped-decolight-siteicon.png","width":512,"height":512,"caption":"decolights"},"image":{"@id":"https:\/\/decolights.eu\/#\/schema\/logo\/image\/"}}]}},"jetpack_sharing_enabled":true,"_links":{"self":[{"href":"https:\/\/decolights.eu\/es\/wp-json\/wp\/v2\/product\/5221","targetHints":{"allow":["GET"]}}],"collection":[{"href":"https:\/\/decolights.eu\/es\/wp-json\/wp\/v2\/product"}],"about":[{"href":"https:\/\/decolights.eu\/es\/wp-json\/wp\/v2\/types\/product"}],"replies":[{"embeddable":true,"href":"https:\/\/decolights.eu\/es\/wp-json\/wp\/v2\/comments?post=5221"}],"wp:featuredmedia":[{"embeddable":true,"href":"https:\/\/decolights.eu\/es\/wp-json\/wp\/v2\/media\/5277"}],"wp:attachment":[{"href":"https:\/\/decolights.eu\/es\/wp-json\/wp\/v2\/media?parent=5221"}],"wp:term":[{"taxonomy":"product_brand","embeddable":true,"href":"https:\/\/decolights.eu\/es\/wp-json\/wp\/v2\/product_brand?post=5221"},{"taxonomy":"product_cat","embeddable":true,"href":"https:\/\/decolights.eu\/es\/wp-json\/wp\/v2\/product_cat?post=5221"},{"taxonomy":"product_tag","embeddable":true,"href":"https:\/\/decolights.eu\/es\/wp-json\/wp\/v2\/product_tag?post=5221"}],"curies":[{"name":"wp","href":"https:\/\/api.w.org\/{rel}","templated":true}]}}