{"id":5289,"date":"2023-04-01T04:28:50","date_gmt":"2023-04-01T04:28:50","guid":{"rendered":"https:\/\/decolights.eu\/?post_type=product&#038;p=5289"},"modified":"2023-05-04T02:39:51","modified_gmt":"2023-05-04T02:39:51","slug":"christmas-tree-180cm","status":"publish","type":"product","link":"https:\/\/decolights.eu\/es\/producto-2\/christmas-tree-180cm\/","title":{"rendered":"\u00c1rbol de Navidad 180cm"},"content":{"rendered":"<p>Nuestros \u00e1rboles de Navidad de alta calidad son muy veraces y hermosos. \u00a1Durar\u00e1 d\u00e9cadas y traer\u00e1 alegr\u00eda para usted y su familia cada Navidad!<\/p>\n<ul>\n<li><strong>Color: <\/strong>verde<\/li>\n<li><strong>Altura: <\/strong>180cm<\/li>\n<li><strong>Ancho: <\/strong>115cm<\/li>\n<li>Vendr\u00e1 en 3 piezas<\/li>\n<li>Soporte para \u00e1rbol de Navidad incluido.<\/li>\n<\/ul>","protected":false},"excerpt":{"rendered":"<p>Our high quality Christmas trees are very truthful and beautiful. It will last for decades and will bring joy to you and your family every Christmas! Colour: green Height: 180cm Width: 115cm It will come in 3 pieces Christmas tree stand included<\/p>","protected":false},"featured_media":5364,"comment_status":"open","ping_status":"closed","template":"","meta":[],"product_brand":[],"product_cat":[224,214],"product_tag":[],"class_list":{"0":"post-5289","1":"product","2":"type-product","3":"status-publish","4":"has-post-thumbnail","6":"product_cat-christmas-trees","7":"product_cat-indoor-lights","8":"pa_brand-deco","10":"first","11":"instock","12":"sale","13":"shipping-taxable","14":"purchasable","15":"product-type-simple"},"yoast_head":"<!-- This site is optimized with the Yoast SEO plugin v27.3 - https:\/\/yoast.com\/product\/yoast-seo-wordpress\/ -->\n<title>Christmas Tree 180cm - Best Price &amp; Quality - Decolights.eu<\/title>\n<meta name=\"description\" content=\"Our Christmas tree is very truthful and beautiful. It will last for decades and will bring joy to you and your family every Christmas! Buy now!\" \/>\n<meta name=\"robots\" content=\"index, follow, max-snippet:-1, max-image-preview:large, max-video-preview:-1\" \/>\n<link rel=\"canonical\" href=\"https:\/\/decolights.eu\/es\/producto-2\/christmas-tree-180cm\/\" \/>\n<meta property=\"og:locale\" content=\"es_ES\" \/>\n<meta property=\"og:type\" content=\"article\" \/>\n<meta property=\"og:title\" content=\"Christmas Tree 180cm - Best Price &amp; Quality - Decolights.eu\" \/>\n<meta property=\"og:description\" content=\"Our Christmas tree is very truthful and beautiful. It will last for decades and will bring joy to you and your family every Christmas! Buy now!\" \/>\n<meta property=\"og:url\" content=\"https:\/\/decolights.eu\/es\/producto-2\/christmas-tree-180cm\/\" \/>\n<meta property=\"og:site_name\" content=\"Decolights.eu\" \/>\n<meta property=\"article:modified_time\" content=\"2023-05-04T02:39:51+00:00\" \/>\n<meta property=\"og:image\" content=\"https:\/\/decolights.eu\/wp-content\/uploads\/2023\/04\/608-44_FL_001.png\" \/>\n\t<meta property=\"og:image:width\" content=\"600\" \/>\n\t<meta property=\"og:image:height\" content=\"600\" \/>\n\t<meta property=\"og:image:type\" content=\"image\/png\" \/>\n<meta name=\"twitter:card\" content=\"summary_large_image\" \/>\n<meta name=\"twitter:label1\" content=\"Tiempo de lectura\" \/>\n\t<meta name=\"twitter:data1\" content=\"1 minuto\" \/>\n<script type=\"application\/ld+json\" class=\"yoast-schema-graph\">{\"@context\":\"https:\\\/\\\/schema.org\",\"@graph\":[{\"@type\":\"WebPage\",\"@id\":\"https:\\\/\\\/decolights.eu\\\/product\\\/christmas-tree-180cm\\\/\",\"url\":\"https:\\\/\\\/decolights.eu\\\/product\\\/christmas-tree-180cm\\\/\",\"name\":\"Christmas Tree 180cm - Best Price & Quality - Decolights.eu\",\"isPartOf\":{\"@id\":\"https:\\\/\\\/decolights.eu\\\/#website\"},\"primaryImageOfPage\":{\"@id\":\"https:\\\/\\\/decolights.eu\\\/product\\\/christmas-tree-180cm\\\/#primaryimage\"},\"image\":{\"@id\":\"https:\\\/\\\/decolights.eu\\\/product\\\/christmas-tree-180cm\\\/#primaryimage\"},\"thumbnailUrl\":\"https:\\\/\\\/decolights.eu\\\/wp-content\\\/uploads\\\/2023\\\/04\\\/608-44_FL_001.png\",\"datePublished\":\"2023-04-01T04:28:50+00:00\",\"dateModified\":\"2023-05-04T02:39:51+00:00\",\"description\":\"Our Christmas tree is very truthful and beautiful. It will last for decades and will bring joy to you and your family every Christmas! Buy now!\",\"breadcrumb\":{\"@id\":\"https:\\\/\\\/decolights.eu\\\/product\\\/christmas-tree-180cm\\\/#breadcrumb\"},\"inLanguage\":\"es\",\"potentialAction\":[{\"@type\":\"ReadAction\",\"target\":[\"https:\\\/\\\/decolights.eu\\\/product\\\/christmas-tree-180cm\\\/\"]}]},{\"@type\":\"ImageObject\",\"inLanguage\":\"es\",\"@id\":\"https:\\\/\\\/decolights.eu\\\/product\\\/christmas-tree-180cm\\\/#primaryimage\",\"url\":\"https:\\\/\\\/decolights.eu\\\/wp-content\\\/uploads\\\/2023\\\/04\\\/608-44_FL_001.png\",\"contentUrl\":\"https:\\\/\\\/decolights.eu\\\/wp-content\\\/uploads\\\/2023\\\/04\\\/608-44_FL_001.png\",\"width\":600,\"height\":600},{\"@type\":\"BreadcrumbList\",\"@id\":\"https:\\\/\\\/decolights.eu\\\/product\\\/christmas-tree-180cm\\\/#breadcrumb\",\"itemListElement\":[{\"@type\":\"ListItem\",\"position\":1,\"name\":\"Shop\",\"item\":\"https:\\\/\\\/decolights.eu\\\/shop\\\/\"},{\"@type\":\"ListItem\",\"position\":2,\"name\":\"Christmas Tree 180cm\"}]},{\"@type\":\"WebSite\",\"@id\":\"https:\\\/\\\/decolights.eu\\\/#website\",\"url\":\"https:\\\/\\\/decolights.eu\\\/\",\"name\":\"decolights\",\"description\":\"Led Decorations for Home and Garden\",\"publisher\":{\"@id\":\"https:\\\/\\\/decolights.eu\\\/#organization\"},\"alternateName\":\"decolights.eu\",\"potentialAction\":[{\"@type\":\"SearchAction\",\"target\":{\"@type\":\"EntryPoint\",\"urlTemplate\":\"https:\\\/\\\/decolights.eu\\\/?s={search_term_string}\"},\"query-input\":{\"@type\":\"PropertyValueSpecification\",\"valueRequired\":true,\"valueName\":\"search_term_string\"}}],\"inLanguage\":\"es\"},{\"@type\":\"Organization\",\"@id\":\"https:\\\/\\\/decolights.eu\\\/#organization\",\"name\":\"decolights\",\"url\":\"https:\\\/\\\/decolights.eu\\\/\",\"logo\":{\"@type\":\"ImageObject\",\"inLanguage\":\"es\",\"@id\":\"https:\\\/\\\/decolights.eu\\\/#\\\/schema\\\/logo\\\/image\\\/\",\"url\":\"https:\\\/\\\/decolights.eu\\\/wp-content\\\/uploads\\\/2023\\\/07\\\/cropped-decolight-siteicon.png\",\"contentUrl\":\"https:\\\/\\\/decolights.eu\\\/wp-content\\\/uploads\\\/2023\\\/07\\\/cropped-decolight-siteicon.png\",\"width\":512,\"height\":512,\"caption\":\"decolights\"},\"image\":{\"@id\":\"https:\\\/\\\/decolights.eu\\\/#\\\/schema\\\/logo\\\/image\\\/\"}}]}<\/script>\n<!-- \/ Yoast SEO plugin. -->","yoast_head_json":{"title":"\u00c1rbol de Navidad 180cm - Mejor Precio y Calidad - Decolights.eu","description":"Nuestro \u00e1rbol de Navidad es muy veraz y hermoso. \u00a1Durar\u00e1 d\u00e9cadas y le traer\u00e1 alegr\u00eda a usted y a su familia cada Navidad! \u00a1Comprar ahora!","robots":{"index":"index","follow":"follow","max-snippet":"max-snippet:-1","max-image-preview":"max-image-preview:large","max-video-preview":"max-video-preview:-1"},"canonical":"https:\/\/decolights.eu\/es\/producto-2\/christmas-tree-180cm\/","og_locale":"es_ES","og_type":"article","og_title":"Christmas Tree 180cm - Best Price & Quality - Decolights.eu","og_description":"Our Christmas tree is very truthful and beautiful. It will last for decades and will bring joy to you and your family every Christmas! Buy now!","og_url":"https:\/\/decolights.eu\/es\/producto-2\/christmas-tree-180cm\/","og_site_name":"Decolights.eu","article_modified_time":"2023-05-04T02:39:51+00:00","og_image":[{"width":600,"height":600,"url":"https:\/\/decolights.eu\/wp-content\/uploads\/2023\/04\/608-44_FL_001.png","type":"image\/png"}],"twitter_card":"summary_large_image","twitter_misc":{"Tiempo de lectura":"1 minuto"},"schema":{"@context":"https:\/\/schema.org","@graph":[{"@type":"WebPage","@id":"https:\/\/decolights.eu\/product\/christmas-tree-180cm\/","url":"https:\/\/decolights.eu\/product\/christmas-tree-180cm\/","name":"\u00c1rbol de Navidad 180cm - Mejor Precio y Calidad - Decolights.eu","isPartOf":{"@id":"https:\/\/decolights.eu\/#website"},"primaryImageOfPage":{"@id":"https:\/\/decolights.eu\/product\/christmas-tree-180cm\/#primaryimage"},"image":{"@id":"https:\/\/decolights.eu\/product\/christmas-tree-180cm\/#primaryimage"},"thumbnailUrl":"https:\/\/decolights.eu\/wp-content\/uploads\/2023\/04\/608-44_FL_001.png","datePublished":"2023-04-01T04:28:50+00:00","dateModified":"2023-05-04T02:39:51+00:00","description":"Nuestro \u00e1rbol de Navidad es muy veraz y hermoso. \u00a1Durar\u00e1 d\u00e9cadas y le traer\u00e1 alegr\u00eda a usted y a su familia cada Navidad! \u00a1Comprar ahora!","breadcrumb":{"@id":"https:\/\/decolights.eu\/product\/christmas-tree-180cm\/#breadcrumb"},"inLanguage":"es","potentialAction":[{"@type":"ReadAction","target":["https:\/\/decolights.eu\/product\/christmas-tree-180cm\/"]}]},{"@type":"ImageObject","inLanguage":"es","@id":"https:\/\/decolights.eu\/product\/christmas-tree-180cm\/#primaryimage","url":"https:\/\/decolights.eu\/wp-content\/uploads\/2023\/04\/608-44_FL_001.png","contentUrl":"https:\/\/decolights.eu\/wp-content\/uploads\/2023\/04\/608-44_FL_001.png","width":600,"height":600},{"@type":"BreadcrumbList","@id":"https:\/\/decolights.eu\/product\/christmas-tree-180cm\/#breadcrumb","itemListElement":[{"@type":"ListItem","position":1,"name":"Shop","item":"https:\/\/decolights.eu\/shop\/"},{"@type":"ListItem","position":2,"name":"Christmas Tree 180cm"}]},{"@type":"WebSite","@id":"https:\/\/decolights.eu\/#website","url":"https:\/\/decolights.eu\/","name":"decoluces","description":"Decoraciones Led para Hogar y Jard\u00edn","publisher":{"@id":"https:\/\/decolights.eu\/#organization"},"alternateName":"decolights.eu","potentialAction":[{"@type":"SearchAction","target":{"@type":"EntryPoint","urlTemplate":"https:\/\/decolights.eu\/?s={search_term_string}"},"query-input":{"@type":"PropertyValueSpecification","valueRequired":true,"valueName":"search_term_string"}}],"inLanguage":"es"},{"@type":"Organization","@id":"https:\/\/decolights.eu\/#organization","name":"decoluces","url":"https:\/\/decolights.eu\/","logo":{"@type":"ImageObject","inLanguage":"es","@id":"https:\/\/decolights.eu\/#\/schema\/logo\/image\/","url":"https:\/\/decolights.eu\/wp-content\/uploads\/2023\/07\/cropped-decolight-siteicon.png","contentUrl":"https:\/\/decolights.eu\/wp-content\/uploads\/2023\/07\/cropped-decolight-siteicon.png","width":512,"height":512,"caption":"decolights"},"image":{"@id":"https:\/\/decolights.eu\/#\/schema\/logo\/image\/"}}]}},"jetpack_sharing_enabled":true,"_links":{"self":[{"href":"https:\/\/decolights.eu\/es\/wp-json\/wp\/v2\/product\/5289","targetHints":{"allow":["GET"]}}],"collection":[{"href":"https:\/\/decolights.eu\/es\/wp-json\/wp\/v2\/product"}],"about":[{"href":"https:\/\/decolights.eu\/es\/wp-json\/wp\/v2\/types\/product"}],"replies":[{"embeddable":true,"href":"https:\/\/decolights.eu\/es\/wp-json\/wp\/v2\/comments?post=5289"}],"wp:featuredmedia":[{"embeddable":true,"href":"https:\/\/decolights.eu\/es\/wp-json\/wp\/v2\/media\/5364"}],"wp:attachment":[{"href":"https:\/\/decolights.eu\/es\/wp-json\/wp\/v2\/media?parent=5289"}],"wp:term":[{"taxonomy":"product_brand","embeddable":true,"href":"https:\/\/decolights.eu\/es\/wp-json\/wp\/v2\/product_brand?post=5289"},{"taxonomy":"product_cat","embeddable":true,"href":"https:\/\/decolights.eu\/es\/wp-json\/wp\/v2\/product_cat?post=5289"},{"taxonomy":"product_tag","embeddable":true,"href":"https:\/\/decolights.eu\/es\/wp-json\/wp\/v2\/product_tag?post=5289"}],"curies":[{"name":"wp","href":"https:\/\/api.w.org\/{rel}","templated":true}]}}