{"id":5491,"date":"2023-04-01T04:31:36","date_gmt":"2023-04-01T04:31:36","guid":{"rendered":"https:\/\/decolights.eu\/?post_type=product&#038;p=5491"},"modified":"2023-04-24T12:50:51","modified_gmt":"2023-04-24T12:50:51","slug":"solar-light-chain-partey","status":"publish","type":"product","link":"https:\/\/decolights.eu\/es\/producto-2\/solar-light-chain-partey\/","title":{"rendered":"Guirnalda de luces solares Partey"},"content":{"rendered":"<p>Cadena de luz solar con 10 globos transparentes que brillan con luz blanca c\u00e1lida en la oscuridad. Agradable para usar en el jard\u00edn o en el balc\u00f3n. Panel separado que facilita colocar la cadena de luz en la sombra y el panel en el sol.<\/p>\n<ul>\n<li><strong>color de LED<\/strong>: blanco c\u00e1lido<\/li>\n<li><strong>N\u00famero de bombillas<\/strong><strong>: <\/strong>8 piezas<\/li>\n<li><strong>Longitud total (cable de alimentaci\u00f3n incluido): <\/strong>3.80M<\/li>\n<li><strong>Longitud iluminada: <\/strong>1.80M<\/li>\n<li><strong>Cable de alimentaci\u00f3n:<\/strong> 2M<\/li>\n<li><strong>Espaciado entre bombillas:<\/strong> 20 CENT\u00cdMETROS<\/li>\n<li><strong>Color de los cables: <\/strong>negro<\/li>\n<li><strong>Clasificaci\u00f3n del IP: <\/strong>IP44<\/li>\n<li><strong>Fuente de alimentaci\u00f3n:\u00a0<\/strong>Solar<\/li>\n<li><strong>Temporizador:\u00a0<\/strong>Iluminado en la oscuridad<\/li>\n<li><strong>Material de los cables:\u00a0<\/strong>CLORURO DE POLIVINILO<\/li>\n<li><strong>Conectable:\u00a0<\/strong>No<\/li>\n<li><strong>Tapa\/Enchufe:\u00a0<\/strong>No reemplazable<\/li>\n<li><strong>Certificado CE:\u00a0<\/strong>S\u00ed<\/li>\n<li>3 V CC 0,30 W<\/li>\n<\/ul>","protected":false},"excerpt":{"rendered":"<p>Solar light chain with 10 transparent globes that glow with warm white light in the dark. Nice to use in the garden or on the balcony. Separate panel that makes it easy to have the light chain placed in the shadow, and the panel into the sun. LED colour: warm white Number of bulbs: 8pcs [&#8230;]\n","protected":false},"featured_media":5605,"comment_status":"open","ping_status":"closed","template":"","meta":[],"product_brand":[],"product_cat":[226,195,232,171],"product_tag":[],"class_list":{"0":"post-5491","1":"product","2":"type-product","3":"status-publish","4":"has-post-thumbnail","6":"product_cat-outdoor-lights","7":"product_cat-solar-festoon-lights","8":"product_cat-solar-festoon-lights-outdoor-lights","9":"product_cat-solar-lights","10":"pa_brand-deco","11":"pa_led-colour-warm-white","13":"first","14":"instock","15":"sale","16":"shipping-taxable","17":"purchasable","18":"product-type-simple"},"yoast_head":"<!-- This site is optimized with the Yoast SEO plugin v27.3 - https:\/\/yoast.com\/product\/yoast-seo-wordpress\/ -->\n<title>Solar light chain Partey - Best price guarantee - Decolights.eu<\/title>\n<meta name=\"description\" content=\"Decorate your patio or garden with a nice solar festoon LED lights to get a cosy atmosphere. Do not hesitate and buy now the get the best price!\" \/>\n<meta name=\"robots\" content=\"index, follow, max-snippet:-1, max-image-preview:large, max-video-preview:-1\" \/>\n<link rel=\"canonical\" href=\"https:\/\/decolights.eu\/es\/producto-2\/solar-light-chain-partey\/\" \/>\n<meta property=\"og:locale\" content=\"es_ES\" \/>\n<meta property=\"og:type\" content=\"article\" \/>\n<meta property=\"og:title\" content=\"Solar light chain Partey - Best price guarantee - Decolights.eu\" \/>\n<meta property=\"og:description\" content=\"Decorate your patio or garden with a nice solar festoon LED lights to get a cosy atmosphere. Do not hesitate and buy now the get the best price!\" \/>\n<meta property=\"og:url\" content=\"https:\/\/decolights.eu\/es\/producto-2\/solar-light-chain-partey\/\" \/>\n<meta property=\"og:site_name\" content=\"Decolights.eu\" \/>\n<meta property=\"article:modified_time\" content=\"2023-04-24T12:50:51+00:00\" \/>\n<meta property=\"og:image\" content=\"https:\/\/decolights.eu\/wp-content\/uploads\/2023\/04\/481-06_M2.png\" \/>\n\t<meta property=\"og:image:width\" content=\"600\" \/>\n\t<meta property=\"og:image:height\" content=\"602\" \/>\n\t<meta property=\"og:image:type\" content=\"image\/png\" \/>\n<meta name=\"twitter:card\" content=\"summary_large_image\" \/>\n<meta name=\"twitter:label1\" content=\"Tiempo de lectura\" \/>\n\t<meta name=\"twitter:data1\" content=\"1 minuto\" \/>\n<script type=\"application\/ld+json\" class=\"yoast-schema-graph\">{\"@context\":\"https:\\\/\\\/schema.org\",\"@graph\":[{\"@type\":\"WebPage\",\"@id\":\"https:\\\/\\\/decolights.eu\\\/product\\\/solar-light-chain-partey\\\/\",\"url\":\"https:\\\/\\\/decolights.eu\\\/product\\\/solar-light-chain-partey\\\/\",\"name\":\"Solar light chain Partey - Best price guarantee - Decolights.eu\",\"isPartOf\":{\"@id\":\"https:\\\/\\\/decolights.eu\\\/#website\"},\"primaryImageOfPage\":{\"@id\":\"https:\\\/\\\/decolights.eu\\\/product\\\/solar-light-chain-partey\\\/#primaryimage\"},\"image\":{\"@id\":\"https:\\\/\\\/decolights.eu\\\/product\\\/solar-light-chain-partey\\\/#primaryimage\"},\"thumbnailUrl\":\"https:\\\/\\\/decolights.eu\\\/wp-content\\\/uploads\\\/2023\\\/04\\\/481-06_M2.png\",\"datePublished\":\"2023-04-01T04:31:36+00:00\",\"dateModified\":\"2023-04-24T12:50:51+00:00\",\"description\":\"Decorate your patio or garden with a nice solar festoon LED lights to get a cosy atmosphere. Do not hesitate and buy now the get the best price!\",\"breadcrumb\":{\"@id\":\"https:\\\/\\\/decolights.eu\\\/product\\\/solar-light-chain-partey\\\/#breadcrumb\"},\"inLanguage\":\"es\",\"potentialAction\":[{\"@type\":\"ReadAction\",\"target\":[\"https:\\\/\\\/decolights.eu\\\/product\\\/solar-light-chain-partey\\\/\"]}]},{\"@type\":\"ImageObject\",\"inLanguage\":\"es\",\"@id\":\"https:\\\/\\\/decolights.eu\\\/product\\\/solar-light-chain-partey\\\/#primaryimage\",\"url\":\"https:\\\/\\\/decolights.eu\\\/wp-content\\\/uploads\\\/2023\\\/04\\\/481-06_M2.png\",\"contentUrl\":\"https:\\\/\\\/decolights.eu\\\/wp-content\\\/uploads\\\/2023\\\/04\\\/481-06_M2.png\",\"width\":600,\"height\":602},{\"@type\":\"BreadcrumbList\",\"@id\":\"https:\\\/\\\/decolights.eu\\\/product\\\/solar-light-chain-partey\\\/#breadcrumb\",\"itemListElement\":[{\"@type\":\"ListItem\",\"position\":1,\"name\":\"Shop\",\"item\":\"https:\\\/\\\/decolights.eu\\\/shop\\\/\"},{\"@type\":\"ListItem\",\"position\":2,\"name\":\"Solar light chain Partey\"}]},{\"@type\":\"WebSite\",\"@id\":\"https:\\\/\\\/decolights.eu\\\/#website\",\"url\":\"https:\\\/\\\/decolights.eu\\\/\",\"name\":\"decolights\",\"description\":\"Led Decorations for Home and Garden\",\"publisher\":{\"@id\":\"https:\\\/\\\/decolights.eu\\\/#organization\"},\"alternateName\":\"decolights.eu\",\"potentialAction\":[{\"@type\":\"SearchAction\",\"target\":{\"@type\":\"EntryPoint\",\"urlTemplate\":\"https:\\\/\\\/decolights.eu\\\/?s={search_term_string}\"},\"query-input\":{\"@type\":\"PropertyValueSpecification\",\"valueRequired\":true,\"valueName\":\"search_term_string\"}}],\"inLanguage\":\"es\"},{\"@type\":\"Organization\",\"@id\":\"https:\\\/\\\/decolights.eu\\\/#organization\",\"name\":\"decolights\",\"url\":\"https:\\\/\\\/decolights.eu\\\/\",\"logo\":{\"@type\":\"ImageObject\",\"inLanguage\":\"es\",\"@id\":\"https:\\\/\\\/decolights.eu\\\/#\\\/schema\\\/logo\\\/image\\\/\",\"url\":\"https:\\\/\\\/decolights.eu\\\/wp-content\\\/uploads\\\/2023\\\/07\\\/cropped-decolight-siteicon.png\",\"contentUrl\":\"https:\\\/\\\/decolights.eu\\\/wp-content\\\/uploads\\\/2023\\\/07\\\/cropped-decolight-siteicon.png\",\"width\":512,\"height\":512,\"caption\":\"decolights\"},\"image\":{\"@id\":\"https:\\\/\\\/decolights.eu\\\/#\\\/schema\\\/logo\\\/image\\\/\"}}]}<\/script>\n<!-- \/ Yoast SEO plugin. -->","yoast_head_json":{"title":"Guirnalda de luces solares Partey - Mejor precio garantizado - Decolights.eu","description":"Decora tu patio o jard\u00edn con un bonito adorno solar de luces LED para conseguir un ambiente acogedor. \u00a1No lo dudes y compra ahora al mejor precio!","robots":{"index":"index","follow":"follow","max-snippet":"max-snippet:-1","max-image-preview":"max-image-preview:large","max-video-preview":"max-video-preview:-1"},"canonical":"https:\/\/decolights.eu\/es\/producto-2\/solar-light-chain-partey\/","og_locale":"es_ES","og_type":"article","og_title":"Solar light chain Partey - Best price guarantee - Decolights.eu","og_description":"Decorate your patio or garden with a nice solar festoon LED lights to get a cosy atmosphere. Do not hesitate and buy now the get the best price!","og_url":"https:\/\/decolights.eu\/es\/producto-2\/solar-light-chain-partey\/","og_site_name":"Decolights.eu","article_modified_time":"2023-04-24T12:50:51+00:00","og_image":[{"width":600,"height":602,"url":"https:\/\/decolights.eu\/wp-content\/uploads\/2023\/04\/481-06_M2.png","type":"image\/png"}],"twitter_card":"summary_large_image","twitter_misc":{"Tiempo de lectura":"1 minuto"},"schema":{"@context":"https:\/\/schema.org","@graph":[{"@type":"WebPage","@id":"https:\/\/decolights.eu\/product\/solar-light-chain-partey\/","url":"https:\/\/decolights.eu\/product\/solar-light-chain-partey\/","name":"Guirnalda de luces solares Partey - Mejor precio garantizado - Decolights.eu","isPartOf":{"@id":"https:\/\/decolights.eu\/#website"},"primaryImageOfPage":{"@id":"https:\/\/decolights.eu\/product\/solar-light-chain-partey\/#primaryimage"},"image":{"@id":"https:\/\/decolights.eu\/product\/solar-light-chain-partey\/#primaryimage"},"thumbnailUrl":"https:\/\/decolights.eu\/wp-content\/uploads\/2023\/04\/481-06_M2.png","datePublished":"2023-04-01T04:31:36+00:00","dateModified":"2023-04-24T12:50:51+00:00","description":"Decora tu patio o jard\u00edn con un bonito adorno solar de luces LED para conseguir un ambiente acogedor. \u00a1No lo dudes y compra ahora al mejor precio!","breadcrumb":{"@id":"https:\/\/decolights.eu\/product\/solar-light-chain-partey\/#breadcrumb"},"inLanguage":"es","potentialAction":[{"@type":"ReadAction","target":["https:\/\/decolights.eu\/product\/solar-light-chain-partey\/"]}]},{"@type":"ImageObject","inLanguage":"es","@id":"https:\/\/decolights.eu\/product\/solar-light-chain-partey\/#primaryimage","url":"https:\/\/decolights.eu\/wp-content\/uploads\/2023\/04\/481-06_M2.png","contentUrl":"https:\/\/decolights.eu\/wp-content\/uploads\/2023\/04\/481-06_M2.png","width":600,"height":602},{"@type":"BreadcrumbList","@id":"https:\/\/decolights.eu\/product\/solar-light-chain-partey\/#breadcrumb","itemListElement":[{"@type":"ListItem","position":1,"name":"Shop","item":"https:\/\/decolights.eu\/shop\/"},{"@type":"ListItem","position":2,"name":"Solar light chain Partey"}]},{"@type":"WebSite","@id":"https:\/\/decolights.eu\/#website","url":"https:\/\/decolights.eu\/","name":"decoluces","description":"Decoraciones Led para Hogar y Jard\u00edn","publisher":{"@id":"https:\/\/decolights.eu\/#organization"},"alternateName":"decolights.eu","potentialAction":[{"@type":"SearchAction","target":{"@type":"EntryPoint","urlTemplate":"https:\/\/decolights.eu\/?s={search_term_string}"},"query-input":{"@type":"PropertyValueSpecification","valueRequired":true,"valueName":"search_term_string"}}],"inLanguage":"es"},{"@type":"Organization","@id":"https:\/\/decolights.eu\/#organization","name":"decoluces","url":"https:\/\/decolights.eu\/","logo":{"@type":"ImageObject","inLanguage":"es","@id":"https:\/\/decolights.eu\/#\/schema\/logo\/image\/","url":"https:\/\/decolights.eu\/wp-content\/uploads\/2023\/07\/cropped-decolight-siteicon.png","contentUrl":"https:\/\/decolights.eu\/wp-content\/uploads\/2023\/07\/cropped-decolight-siteicon.png","width":512,"height":512,"caption":"decolights"},"image":{"@id":"https:\/\/decolights.eu\/#\/schema\/logo\/image\/"}}]}},"jetpack_sharing_enabled":true,"_links":{"self":[{"href":"https:\/\/decolights.eu\/es\/wp-json\/wp\/v2\/product\/5491","targetHints":{"allow":["GET"]}}],"collection":[{"href":"https:\/\/decolights.eu\/es\/wp-json\/wp\/v2\/product"}],"about":[{"href":"https:\/\/decolights.eu\/es\/wp-json\/wp\/v2\/types\/product"}],"replies":[{"embeddable":true,"href":"https:\/\/decolights.eu\/es\/wp-json\/wp\/v2\/comments?post=5491"}],"wp:featuredmedia":[{"embeddable":true,"href":"https:\/\/decolights.eu\/es\/wp-json\/wp\/v2\/media\/5605"}],"wp:attachment":[{"href":"https:\/\/decolights.eu\/es\/wp-json\/wp\/v2\/media?parent=5491"}],"wp:term":[{"taxonomy":"product_brand","embeddable":true,"href":"https:\/\/decolights.eu\/es\/wp-json\/wp\/v2\/product_brand?post=5491"},{"taxonomy":"product_cat","embeddable":true,"href":"https:\/\/decolights.eu\/es\/wp-json\/wp\/v2\/product_cat?post=5491"},{"taxonomy":"product_tag","embeddable":true,"href":"https:\/\/decolights.eu\/es\/wp-json\/wp\/v2\/product_tag?post=5491"}],"curies":[{"name":"wp","href":"https:\/\/api.w.org\/{rel}","templated":true}]}}