{"id":5666,"date":"2023-04-01T04:34:25","date_gmt":"2023-04-01T04:34:25","guid":{"rendered":"https:\/\/decolights.eu\/?post_type=product&#038;p=5666"},"modified":"2023-05-10T09:13:53","modified_gmt":"2023-05-10T09:13:53","slug":"led-lights-chain","status":"publish","type":"product","link":"https:\/\/decolights.eu\/es\/producto-2\/led-lights-chain\/","title":{"rendered":"Cadena de luces LED"},"content":{"rendered":"<p>Guirnalda luminosa con 64 luces LED de color blanco c\u00e1lido y compartimento para pilas, ideal para uso en interiores o exteriores. Funciona con 3 pilas AA. Para una duraci\u00f3n \u00f3ptima de la bater\u00eda, la guirnalda cuenta con temporizador de repetici\u00f3n: 6 h de encendido y 18 h de apagado.<\/p>\n<p>\u00daselo como luz de sombrilla en verano y como luz de \u00e1rbol en Navidad.<\/p>\n<ul>\n<li><strong>color de LED<\/strong>: blanco c\u00e1lido<\/li>\n<li><strong>N\u00famero de LED<\/strong><strong>: <\/strong>64 LED (8 cadenas x 8 LED)<\/li>\n<li><b>Longitud:\u00a0<\/b>140 cm<\/li>\n<li><strong>Espaciado entre bombillas:<\/strong> 7 CM<\/li>\n<li><strong>Color de los cables: <\/strong>negro<\/li>\n<li><strong>Clasificaci\u00f3n del IP: <\/strong>IP44<\/li>\n<li dir=\"ltr\" data-placeholder=\"Translation\"><strong>Fuente de alimentaci\u00f3n:<\/strong> 3 pilas AA (no incluidas)<\/li>\n<li dir=\"ltr\" data-placeholder=\"Translation\"><strong>Temporizador:<\/strong> 6H encendido\/18H apagado, repetir<\/li>\n<li><strong>Material de los cables:\u00a0<\/strong>CLORURO DE POLIVINILO<\/li>\n<li><strong>Conectable:\u00a0<\/strong>No<\/li>\n<li><strong>Tapa\/Enchufe:\u00a0<\/strong>No reemplazable<\/li>\n<li><strong>Certificado CE:\u00a0<\/strong>S\u00ed<\/li>\n<li>4,5V CC<\/li>\n<\/ul>","protected":false},"excerpt":{"rendered":"<p>Light chain with 64 warm white LED lights and with battery box for in- or outdoor use, run by 3xAA batteries. For optimal battery life, the light chain has repeating timer function, 6h on and 18h off. Use as both parasol light in summer time and as a tree light for Christmas. LED colour: warm [&#8230;]\n","protected":false},"featured_media":5722,"comment_status":"open","ping_status":"closed","template":"","meta":[],"product_brand":[],"product_cat":[236,226,230],"product_tag":[],"class_list":{"0":"post-5666","1":"product","2":"type-product","3":"status-publish","4":"has-post-thumbnail","6":"product_cat-led-string-lights-outdoor-lights","7":"product_cat-outdoor-lights","8":"product_cat-patio-lights","9":"pa_brand-deco","10":"pa_led-colour-warm-white","12":"first","13":"instock","14":"sale","15":"shipping-taxable","16":"purchasable","17":"product-type-simple"},"yoast_head":"<!-- This site is optimized with the Yoast SEO plugin v27.3 - https:\/\/yoast.com\/product\/yoast-seo-wordpress\/ -->\n<title>LED Lights Chain - Best price - Decolights.eu<\/title>\n<meta name=\"description\" content=\"Decorate your patio or garden with a nice string LED lights to get a cosy atmosphere. Do not hesitate and buy now the get the best price!\" \/>\n<meta name=\"robots\" content=\"index, follow, max-snippet:-1, max-image-preview:large, max-video-preview:-1\" \/>\n<link rel=\"canonical\" href=\"https:\/\/decolights.eu\/es\/producto-2\/led-lights-chain\/\" \/>\n<meta property=\"og:locale\" content=\"es_ES\" \/>\n<meta property=\"og:type\" content=\"article\" \/>\n<meta property=\"og:title\" content=\"LED Lights Chain - Best price - Decolights.eu\" \/>\n<meta property=\"og:description\" content=\"Decorate your patio or garden with a nice string LED lights to get a cosy atmosphere. Do not hesitate and buy now the get the best price!\" \/>\n<meta property=\"og:url\" content=\"https:\/\/decolights.eu\/es\/producto-2\/led-lights-chain\/\" \/>\n<meta property=\"og:site_name\" content=\"Decolights.eu\" \/>\n<meta property=\"article:modified_time\" content=\"2023-05-10T09:13:53+00:00\" \/>\n<meta property=\"og:image\" content=\"https:\/\/decolights.eu\/wp-content\/uploads\/2023\/04\/727-04_MB_001.png\" \/>\n\t<meta property=\"og:image:width\" content=\"600\" \/>\n\t<meta property=\"og:image:height\" content=\"600\" \/>\n\t<meta property=\"og:image:type\" content=\"image\/png\" \/>\n<meta name=\"twitter:card\" content=\"summary_large_image\" \/>\n<meta name=\"twitter:label1\" content=\"Tiempo de lectura\" \/>\n\t<meta name=\"twitter:data1\" content=\"1 minuto\" \/>\n<script type=\"application\/ld+json\" class=\"yoast-schema-graph\">{\"@context\":\"https:\\\/\\\/schema.org\",\"@graph\":[{\"@type\":\"WebPage\",\"@id\":\"https:\\\/\\\/decolights.eu\\\/product\\\/led-lights-chain\\\/\",\"url\":\"https:\\\/\\\/decolights.eu\\\/product\\\/led-lights-chain\\\/\",\"name\":\"LED Lights Chain - Best price - Decolights.eu\",\"isPartOf\":{\"@id\":\"https:\\\/\\\/decolights.eu\\\/#website\"},\"primaryImageOfPage\":{\"@id\":\"https:\\\/\\\/decolights.eu\\\/product\\\/led-lights-chain\\\/#primaryimage\"},\"image\":{\"@id\":\"https:\\\/\\\/decolights.eu\\\/product\\\/led-lights-chain\\\/#primaryimage\"},\"thumbnailUrl\":\"https:\\\/\\\/decolights.eu\\\/wp-content\\\/uploads\\\/2023\\\/04\\\/727-04_MB_001.png\",\"datePublished\":\"2023-04-01T04:34:25+00:00\",\"dateModified\":\"2023-05-10T09:13:53+00:00\",\"description\":\"Decorate your patio or garden with a nice string LED lights to get a cosy atmosphere. Do not hesitate and buy now the get the best price!\",\"breadcrumb\":{\"@id\":\"https:\\\/\\\/decolights.eu\\\/product\\\/led-lights-chain\\\/#breadcrumb\"},\"inLanguage\":\"es\",\"potentialAction\":[{\"@type\":\"ReadAction\",\"target\":[\"https:\\\/\\\/decolights.eu\\\/product\\\/led-lights-chain\\\/\"]}]},{\"@type\":\"ImageObject\",\"inLanguage\":\"es\",\"@id\":\"https:\\\/\\\/decolights.eu\\\/product\\\/led-lights-chain\\\/#primaryimage\",\"url\":\"https:\\\/\\\/decolights.eu\\\/wp-content\\\/uploads\\\/2023\\\/04\\\/727-04_MB_001.png\",\"contentUrl\":\"https:\\\/\\\/decolights.eu\\\/wp-content\\\/uploads\\\/2023\\\/04\\\/727-04_MB_001.png\",\"width\":600,\"height\":600},{\"@type\":\"BreadcrumbList\",\"@id\":\"https:\\\/\\\/decolights.eu\\\/product\\\/led-lights-chain\\\/#breadcrumb\",\"itemListElement\":[{\"@type\":\"ListItem\",\"position\":1,\"name\":\"Shop\",\"item\":\"https:\\\/\\\/decolights.eu\\\/shop\\\/\"},{\"@type\":\"ListItem\",\"position\":2,\"name\":\"LED Lights Chain\"}]},{\"@type\":\"WebSite\",\"@id\":\"https:\\\/\\\/decolights.eu\\\/#website\",\"url\":\"https:\\\/\\\/decolights.eu\\\/\",\"name\":\"decolights\",\"description\":\"Led Decorations for Home and Garden\",\"publisher\":{\"@id\":\"https:\\\/\\\/decolights.eu\\\/#organization\"},\"alternateName\":\"decolights.eu\",\"potentialAction\":[{\"@type\":\"SearchAction\",\"target\":{\"@type\":\"EntryPoint\",\"urlTemplate\":\"https:\\\/\\\/decolights.eu\\\/?s={search_term_string}\"},\"query-input\":{\"@type\":\"PropertyValueSpecification\",\"valueRequired\":true,\"valueName\":\"search_term_string\"}}],\"inLanguage\":\"es\"},{\"@type\":\"Organization\",\"@id\":\"https:\\\/\\\/decolights.eu\\\/#organization\",\"name\":\"decolights\",\"url\":\"https:\\\/\\\/decolights.eu\\\/\",\"logo\":{\"@type\":\"ImageObject\",\"inLanguage\":\"es\",\"@id\":\"https:\\\/\\\/decolights.eu\\\/#\\\/schema\\\/logo\\\/image\\\/\",\"url\":\"https:\\\/\\\/decolights.eu\\\/wp-content\\\/uploads\\\/2023\\\/07\\\/cropped-decolight-siteicon.png\",\"contentUrl\":\"https:\\\/\\\/decolights.eu\\\/wp-content\\\/uploads\\\/2023\\\/07\\\/cropped-decolight-siteicon.png\",\"width\":512,\"height\":512,\"caption\":\"decolights\"},\"image\":{\"@id\":\"https:\\\/\\\/decolights.eu\\\/#\\\/schema\\\/logo\\\/image\\\/\"}}]}<\/script>\n<!-- \/ Yoast SEO plugin. -->","yoast_head_json":{"title":"Cadena de luces LED - Mejor precio - Decolights.eu","description":"Decora tu patio o jard\u00edn con una bonita cadena de luces LED para conseguir un ambiente acogedor. \u00a1No lo dudes y compra ahora al mejor precio!","robots":{"index":"index","follow":"follow","max-snippet":"max-snippet:-1","max-image-preview":"max-image-preview:large","max-video-preview":"max-video-preview:-1"},"canonical":"https:\/\/decolights.eu\/es\/producto-2\/led-lights-chain\/","og_locale":"es_ES","og_type":"article","og_title":"LED Lights Chain - Best price - Decolights.eu","og_description":"Decorate your patio or garden with a nice string LED lights to get a cosy atmosphere. Do not hesitate and buy now the get the best price!","og_url":"https:\/\/decolights.eu\/es\/producto-2\/led-lights-chain\/","og_site_name":"Decolights.eu","article_modified_time":"2023-05-10T09:13:53+00:00","og_image":[{"width":600,"height":600,"url":"https:\/\/decolights.eu\/wp-content\/uploads\/2023\/04\/727-04_MB_001.png","type":"image\/png"}],"twitter_card":"summary_large_image","twitter_misc":{"Tiempo de lectura":"1 minuto"},"schema":{"@context":"https:\/\/schema.org","@graph":[{"@type":"WebPage","@id":"https:\/\/decolights.eu\/product\/led-lights-chain\/","url":"https:\/\/decolights.eu\/product\/led-lights-chain\/","name":"Cadena de luces LED - Mejor precio - Decolights.eu","isPartOf":{"@id":"https:\/\/decolights.eu\/#website"},"primaryImageOfPage":{"@id":"https:\/\/decolights.eu\/product\/led-lights-chain\/#primaryimage"},"image":{"@id":"https:\/\/decolights.eu\/product\/led-lights-chain\/#primaryimage"},"thumbnailUrl":"https:\/\/decolights.eu\/wp-content\/uploads\/2023\/04\/727-04_MB_001.png","datePublished":"2023-04-01T04:34:25+00:00","dateModified":"2023-05-10T09:13:53+00:00","description":"Decora tu patio o jard\u00edn con una bonita cadena de luces LED para conseguir un ambiente acogedor. \u00a1No lo dudes y compra ahora al mejor precio!","breadcrumb":{"@id":"https:\/\/decolights.eu\/product\/led-lights-chain\/#breadcrumb"},"inLanguage":"es","potentialAction":[{"@type":"ReadAction","target":["https:\/\/decolights.eu\/product\/led-lights-chain\/"]}]},{"@type":"ImageObject","inLanguage":"es","@id":"https:\/\/decolights.eu\/product\/led-lights-chain\/#primaryimage","url":"https:\/\/decolights.eu\/wp-content\/uploads\/2023\/04\/727-04_MB_001.png","contentUrl":"https:\/\/decolights.eu\/wp-content\/uploads\/2023\/04\/727-04_MB_001.png","width":600,"height":600},{"@type":"BreadcrumbList","@id":"https:\/\/decolights.eu\/product\/led-lights-chain\/#breadcrumb","itemListElement":[{"@type":"ListItem","position":1,"name":"Shop","item":"https:\/\/decolights.eu\/shop\/"},{"@type":"ListItem","position":2,"name":"LED Lights Chain"}]},{"@type":"WebSite","@id":"https:\/\/decolights.eu\/#website","url":"https:\/\/decolights.eu\/","name":"decoluces","description":"Decoraciones Led para Hogar y Jard\u00edn","publisher":{"@id":"https:\/\/decolights.eu\/#organization"},"alternateName":"decolights.eu","potentialAction":[{"@type":"SearchAction","target":{"@type":"EntryPoint","urlTemplate":"https:\/\/decolights.eu\/?s={search_term_string}"},"query-input":{"@type":"PropertyValueSpecification","valueRequired":true,"valueName":"search_term_string"}}],"inLanguage":"es"},{"@type":"Organization","@id":"https:\/\/decolights.eu\/#organization","name":"decoluces","url":"https:\/\/decolights.eu\/","logo":{"@type":"ImageObject","inLanguage":"es","@id":"https:\/\/decolights.eu\/#\/schema\/logo\/image\/","url":"https:\/\/decolights.eu\/wp-content\/uploads\/2023\/07\/cropped-decolight-siteicon.png","contentUrl":"https:\/\/decolights.eu\/wp-content\/uploads\/2023\/07\/cropped-decolight-siteicon.png","width":512,"height":512,"caption":"decolights"},"image":{"@id":"https:\/\/decolights.eu\/#\/schema\/logo\/image\/"}}]}},"jetpack_sharing_enabled":true,"_links":{"self":[{"href":"https:\/\/decolights.eu\/es\/wp-json\/wp\/v2\/product\/5666","targetHints":{"allow":["GET"]}}],"collection":[{"href":"https:\/\/decolights.eu\/es\/wp-json\/wp\/v2\/product"}],"about":[{"href":"https:\/\/decolights.eu\/es\/wp-json\/wp\/v2\/types\/product"}],"replies":[{"embeddable":true,"href":"https:\/\/decolights.eu\/es\/wp-json\/wp\/v2\/comments?post=5666"}],"wp:featuredmedia":[{"embeddable":true,"href":"https:\/\/decolights.eu\/es\/wp-json\/wp\/v2\/media\/5722"}],"wp:attachment":[{"href":"https:\/\/decolights.eu\/es\/wp-json\/wp\/v2\/media?parent=5666"}],"wp:term":[{"taxonomy":"product_brand","embeddable":true,"href":"https:\/\/decolights.eu\/es\/wp-json\/wp\/v2\/product_brand?post=5666"},{"taxonomy":"product_cat","embeddable":true,"href":"https:\/\/decolights.eu\/es\/wp-json\/wp\/v2\/product_cat?post=5666"},{"taxonomy":"product_tag","embeddable":true,"href":"https:\/\/decolights.eu\/es\/wp-json\/wp\/v2\/product_tag?post=5666"}],"curies":[{"name":"wp","href":"https:\/\/api.w.org\/{rel}","templated":true}]}}