{"id":5882,"date":"2023-04-01T04:38:01","date_gmt":"2023-04-01T04:38:01","guid":{"rendered":"https:\/\/decolights.eu\/?post_type=product&#038;p=5882"},"modified":"2023-04-17T13:53:16","modified_gmt":"2023-04-17T13:53:16","slug":"led-lamp-graphic-dot-g125-e27","status":"publish","type":"product","link":"https:\/\/decolights.eu\/es\/producto-2\/led-lamp-graphic-dot-g125-e27\/","title":{"rendered":"L\u00e1mpara LED Punto Gr\u00e1fico G125 E27"},"content":{"rendered":"<p>Graphic Dot es una l\u00e1mpara LED decorativa con dise\u00f1o gr\u00e1fico. Ofrece una luz blanca c\u00e1lida, es compatible con reguladores de intensidad y tiene un casquillo E27.<\/p>\n<ul>\n<li><strong>Z\u00f3calo\/tapa:<\/strong> E27<\/li>\n<li><strong>Color LED:\u00a0<\/strong>blanco c\u00e1lido<\/li>\n<li><strong>Temperatura de color:<\/strong> 2700k<\/li>\n<li><strong>Tama\u00f1o: <\/strong>12,50 x 17,20 x 12,50 cm<\/li>\n<li><strong>L\u00famenes:<\/strong> 100 l\u00famenes<\/li>\n<li><strong>Vida:<\/strong> 25000 horas<\/li>\n<li><strong>Clasificaci\u00f3n del IP:\u00a0<\/strong>IP20<\/li>\n<li><strong>Certificado por la UE:\u00a0<\/strong>S\u00ed<\/li>\n<li>Ahorro de energ\u00eda<\/li>\n<li><strong>220-240 V CA 4 W<\/strong><\/li>\n<\/ul>","protected":false},"excerpt":{"rendered":"<p>Graphic Dot is a decorative LED-lamp with graphic pattern. The lamp has a warm white glow, is dimmer compatible and has an E27 cap. Socket\/Cap: E27 LED Colour:\u00a0warm white Colour temperature: 2700k Size: 12.50 x 17.20 x 12.50 CM Lumen: 100 lm Lifetime: 25000h IP Rating:\u00a0IP20 EU Certified:\u00a0Yes Energy saving 220-240V AC 4W<\/p>","protected":false},"featured_media":6042,"comment_status":"open","ping_status":"closed","template":"","meta":[],"product_brand":[],"product_cat":[229,218,214],"product_tag":[],"class_list":{"0":"post-5882","1":"product","2":"type-product","3":"status-publish","4":"has-post-thumbnail","6":"product_cat-bulbs","7":"product_cat-decorative-led-lights","8":"product_cat-indoor-lights","9":"pa_brand-deco","10":"pa_led-colour-warm-white","12":"first","13":"instock","14":"sale","15":"shipping-taxable","16":"purchasable","17":"product-type-simple"},"yoast_head":"<!-- This site is optimized with the Yoast SEO plugin v27.3 - https:\/\/yoast.com\/product\/yoast-seo-wordpress\/ -->\n<title>LED lamp Graphic Dot G125 E27 - The best price guaranteed - Decolights.eu<\/title>\n<meta name=\"description\" content=\"LED lamp Graphic Dot is a decorative bulb suitable for E27 socket. Will add a nice touch to your lamp and design. Don&#039;t miss the best price, buy now!\" \/>\n<meta name=\"robots\" content=\"index, follow, max-snippet:-1, max-image-preview:large, max-video-preview:-1\" \/>\n<link rel=\"canonical\" href=\"https:\/\/decolights.eu\/es\/producto-2\/led-lamp-graphic-dot-g125-e27\/\" \/>\n<meta property=\"og:locale\" content=\"es_ES\" \/>\n<meta property=\"og:type\" content=\"article\" \/>\n<meta property=\"og:title\" content=\"LED lamp Graphic Dot G125 E27 - The best price guaranteed - Decolights.eu\" \/>\n<meta property=\"og:description\" content=\"LED lamp Graphic Dot is a decorative bulb suitable for E27 socket. Will add a nice touch to your lamp and design. Don&#039;t miss the best price, buy now!\" \/>\n<meta property=\"og:url\" content=\"https:\/\/decolights.eu\/es\/producto-2\/led-lamp-graphic-dot-g125-e27\/\" \/>\n<meta property=\"og:site_name\" content=\"Decolights.eu\" \/>\n<meta property=\"article:modified_time\" content=\"2023-04-17T13:53:16+00:00\" \/>\n<meta property=\"og:image\" content=\"https:\/\/decolights.eu\/wp-content\/uploads\/2023\/04\/366-45_MN.png\" \/>\n\t<meta property=\"og:image:width\" content=\"600\" \/>\n\t<meta property=\"og:image:height\" content=\"600\" \/>\n\t<meta property=\"og:image:type\" content=\"image\/png\" \/>\n<meta name=\"twitter:card\" content=\"summary_large_image\" \/>\n<meta name=\"twitter:label1\" content=\"Tiempo de lectura\" \/>\n\t<meta name=\"twitter:data1\" content=\"1 minuto\" \/>\n<script type=\"application\/ld+json\" class=\"yoast-schema-graph\">{\"@context\":\"https:\\\/\\\/schema.org\",\"@graph\":[{\"@type\":\"WebPage\",\"@id\":\"https:\\\/\\\/decolights.eu\\\/product\\\/led-lamp-graphic-dot-g125-e27\\\/\",\"url\":\"https:\\\/\\\/decolights.eu\\\/product\\\/led-lamp-graphic-dot-g125-e27\\\/\",\"name\":\"LED lamp Graphic Dot G125 E27 - The best price guaranteed - Decolights.eu\",\"isPartOf\":{\"@id\":\"https:\\\/\\\/decolights.eu\\\/#website\"},\"primaryImageOfPage\":{\"@id\":\"https:\\\/\\\/decolights.eu\\\/product\\\/led-lamp-graphic-dot-g125-e27\\\/#primaryimage\"},\"image\":{\"@id\":\"https:\\\/\\\/decolights.eu\\\/product\\\/led-lamp-graphic-dot-g125-e27\\\/#primaryimage\"},\"thumbnailUrl\":\"https:\\\/\\\/decolights.eu\\\/wp-content\\\/uploads\\\/2023\\\/04\\\/366-45_MN.png\",\"datePublished\":\"2023-04-01T04:38:01+00:00\",\"dateModified\":\"2023-04-17T13:53:16+00:00\",\"description\":\"LED lamp Graphic Dot is a decorative bulb suitable for E27 socket. Will add a nice touch to your lamp and design. Don't miss the best price, buy now!\",\"breadcrumb\":{\"@id\":\"https:\\\/\\\/decolights.eu\\\/product\\\/led-lamp-graphic-dot-g125-e27\\\/#breadcrumb\"},\"inLanguage\":\"es\",\"potentialAction\":[{\"@type\":\"ReadAction\",\"target\":[\"https:\\\/\\\/decolights.eu\\\/product\\\/led-lamp-graphic-dot-g125-e27\\\/\"]}]},{\"@type\":\"ImageObject\",\"inLanguage\":\"es\",\"@id\":\"https:\\\/\\\/decolights.eu\\\/product\\\/led-lamp-graphic-dot-g125-e27\\\/#primaryimage\",\"url\":\"https:\\\/\\\/decolights.eu\\\/wp-content\\\/uploads\\\/2023\\\/04\\\/366-45_MN.png\",\"contentUrl\":\"https:\\\/\\\/decolights.eu\\\/wp-content\\\/uploads\\\/2023\\\/04\\\/366-45_MN.png\",\"width\":600,\"height\":600},{\"@type\":\"BreadcrumbList\",\"@id\":\"https:\\\/\\\/decolights.eu\\\/product\\\/led-lamp-graphic-dot-g125-e27\\\/#breadcrumb\",\"itemListElement\":[{\"@type\":\"ListItem\",\"position\":1,\"name\":\"Shop\",\"item\":\"https:\\\/\\\/decolights.eu\\\/shop\\\/\"},{\"@type\":\"ListItem\",\"position\":2,\"name\":\"LED lamp Graphic Dot G125 E27\"}]},{\"@type\":\"WebSite\",\"@id\":\"https:\\\/\\\/decolights.eu\\\/#website\",\"url\":\"https:\\\/\\\/decolights.eu\\\/\",\"name\":\"decolights\",\"description\":\"Led Decorations for Home and Garden\",\"publisher\":{\"@id\":\"https:\\\/\\\/decolights.eu\\\/#organization\"},\"alternateName\":\"decolights.eu\",\"potentialAction\":[{\"@type\":\"SearchAction\",\"target\":{\"@type\":\"EntryPoint\",\"urlTemplate\":\"https:\\\/\\\/decolights.eu\\\/?s={search_term_string}\"},\"query-input\":{\"@type\":\"PropertyValueSpecification\",\"valueRequired\":true,\"valueName\":\"search_term_string\"}}],\"inLanguage\":\"es\"},{\"@type\":\"Organization\",\"@id\":\"https:\\\/\\\/decolights.eu\\\/#organization\",\"name\":\"decolights\",\"url\":\"https:\\\/\\\/decolights.eu\\\/\",\"logo\":{\"@type\":\"ImageObject\",\"inLanguage\":\"es\",\"@id\":\"https:\\\/\\\/decolights.eu\\\/#\\\/schema\\\/logo\\\/image\\\/\",\"url\":\"https:\\\/\\\/decolights.eu\\\/wp-content\\\/uploads\\\/2023\\\/07\\\/cropped-decolight-siteicon.png\",\"contentUrl\":\"https:\\\/\\\/decolights.eu\\\/wp-content\\\/uploads\\\/2023\\\/07\\\/cropped-decolight-siteicon.png\",\"width\":512,\"height\":512,\"caption\":\"decolights\"},\"image\":{\"@id\":\"https:\\\/\\\/decolights.eu\\\/#\\\/schema\\\/logo\\\/image\\\/\"}}]}<\/script>\n<!-- \/ Yoast SEO plugin. -->","yoast_head_json":{"title":"L\u00e1mpara LED Graphic Dot G125 E27 - Mejor precio garantizado - Decolights.eu","description":"La l\u00e1mpara LED Graphic Dot es una bombilla decorativa compatible con casquillo E27. Le dar\u00e1 un toque elegante a tu l\u00e1mpara y dise\u00f1o. \u00a1No te pierdas el mejor precio, c\u00f3mprala ya!","robots":{"index":"index","follow":"follow","max-snippet":"max-snippet:-1","max-image-preview":"max-image-preview:large","max-video-preview":"max-video-preview:-1"},"canonical":"https:\/\/decolights.eu\/es\/producto-2\/led-lamp-graphic-dot-g125-e27\/","og_locale":"es_ES","og_type":"article","og_title":"LED lamp Graphic Dot G125 E27 - The best price guaranteed - Decolights.eu","og_description":"LED lamp Graphic Dot is a decorative bulb suitable for E27 socket. Will add a nice touch to your lamp and design. Don't miss the best price, buy now!","og_url":"https:\/\/decolights.eu\/es\/producto-2\/led-lamp-graphic-dot-g125-e27\/","og_site_name":"Decolights.eu","article_modified_time":"2023-04-17T13:53:16+00:00","og_image":[{"width":600,"height":600,"url":"https:\/\/decolights.eu\/wp-content\/uploads\/2023\/04\/366-45_MN.png","type":"image\/png"}],"twitter_card":"summary_large_image","twitter_misc":{"Tiempo de lectura":"1 minuto"},"schema":{"@context":"https:\/\/schema.org","@graph":[{"@type":"WebPage","@id":"https:\/\/decolights.eu\/product\/led-lamp-graphic-dot-g125-e27\/","url":"https:\/\/decolights.eu\/product\/led-lamp-graphic-dot-g125-e27\/","name":"L\u00e1mpara LED Graphic Dot G125 E27 - Mejor precio garantizado - Decolights.eu","isPartOf":{"@id":"https:\/\/decolights.eu\/#website"},"primaryImageOfPage":{"@id":"https:\/\/decolights.eu\/product\/led-lamp-graphic-dot-g125-e27\/#primaryimage"},"image":{"@id":"https:\/\/decolights.eu\/product\/led-lamp-graphic-dot-g125-e27\/#primaryimage"},"thumbnailUrl":"https:\/\/decolights.eu\/wp-content\/uploads\/2023\/04\/366-45_MN.png","datePublished":"2023-04-01T04:38:01+00:00","dateModified":"2023-04-17T13:53:16+00:00","description":"La l\u00e1mpara LED Graphic Dot es una bombilla decorativa compatible con casquillo E27. Le dar\u00e1 un toque elegante a tu l\u00e1mpara y dise\u00f1o. \u00a1No te pierdas el mejor precio, c\u00f3mprala ya!","breadcrumb":{"@id":"https:\/\/decolights.eu\/product\/led-lamp-graphic-dot-g125-e27\/#breadcrumb"},"inLanguage":"es","potentialAction":[{"@type":"ReadAction","target":["https:\/\/decolights.eu\/product\/led-lamp-graphic-dot-g125-e27\/"]}]},{"@type":"ImageObject","inLanguage":"es","@id":"https:\/\/decolights.eu\/product\/led-lamp-graphic-dot-g125-e27\/#primaryimage","url":"https:\/\/decolights.eu\/wp-content\/uploads\/2023\/04\/366-45_MN.png","contentUrl":"https:\/\/decolights.eu\/wp-content\/uploads\/2023\/04\/366-45_MN.png","width":600,"height":600},{"@type":"BreadcrumbList","@id":"https:\/\/decolights.eu\/product\/led-lamp-graphic-dot-g125-e27\/#breadcrumb","itemListElement":[{"@type":"ListItem","position":1,"name":"Shop","item":"https:\/\/decolights.eu\/shop\/"},{"@type":"ListItem","position":2,"name":"LED lamp Graphic Dot G125 E27"}]},{"@type":"WebSite","@id":"https:\/\/decolights.eu\/#website","url":"https:\/\/decolights.eu\/","name":"decoluces","description":"Decoraciones Led para Hogar y Jard\u00edn","publisher":{"@id":"https:\/\/decolights.eu\/#organization"},"alternateName":"decolights.eu","potentialAction":[{"@type":"SearchAction","target":{"@type":"EntryPoint","urlTemplate":"https:\/\/decolights.eu\/?s={search_term_string}"},"query-input":{"@type":"PropertyValueSpecification","valueRequired":true,"valueName":"search_term_string"}}],"inLanguage":"es"},{"@type":"Organization","@id":"https:\/\/decolights.eu\/#organization","name":"decoluces","url":"https:\/\/decolights.eu\/","logo":{"@type":"ImageObject","inLanguage":"es","@id":"https:\/\/decolights.eu\/#\/schema\/logo\/image\/","url":"https:\/\/decolights.eu\/wp-content\/uploads\/2023\/07\/cropped-decolight-siteicon.png","contentUrl":"https:\/\/decolights.eu\/wp-content\/uploads\/2023\/07\/cropped-decolight-siteicon.png","width":512,"height":512,"caption":"decolights"},"image":{"@id":"https:\/\/decolights.eu\/#\/schema\/logo\/image\/"}}]}},"jetpack_sharing_enabled":true,"_links":{"self":[{"href":"https:\/\/decolights.eu\/es\/wp-json\/wp\/v2\/product\/5882","targetHints":{"allow":["GET"]}}],"collection":[{"href":"https:\/\/decolights.eu\/es\/wp-json\/wp\/v2\/product"}],"about":[{"href":"https:\/\/decolights.eu\/es\/wp-json\/wp\/v2\/types\/product"}],"replies":[{"embeddable":true,"href":"https:\/\/decolights.eu\/es\/wp-json\/wp\/v2\/comments?post=5882"}],"wp:featuredmedia":[{"embeddable":true,"href":"https:\/\/decolights.eu\/es\/wp-json\/wp\/v2\/media\/6042"}],"wp:attachment":[{"href":"https:\/\/decolights.eu\/es\/wp-json\/wp\/v2\/media?parent=5882"}],"wp:term":[{"taxonomy":"product_brand","embeddable":true,"href":"https:\/\/decolights.eu\/es\/wp-json\/wp\/v2\/product_brand?post=5882"},{"taxonomy":"product_cat","embeddable":true,"href":"https:\/\/decolights.eu\/es\/wp-json\/wp\/v2\/product_cat?post=5882"},{"taxonomy":"product_tag","embeddable":true,"href":"https:\/\/decolights.eu\/es\/wp-json\/wp\/v2\/product_tag?post=5882"}],"curies":[{"name":"wp","href":"https:\/\/api.w.org\/{rel}","templated":true}]}}