{"id":5928,"date":"2023-04-01T04:38:23","date_gmt":"2023-04-01T04:38:23","guid":{"rendered":"https:\/\/decolights.eu\/?post_type=product&#038;p=5928"},"modified":"2023-05-09T12:31:06","modified_gmt":"2023-05-09T12:31:06","slug":"twinkly-smart-light-tube-flex-rgb","status":"publish","type":"product","link":"https:\/\/decolights.eu\/es\/producto-2\/twinkly-smart-light-tube-flex-rgb\/","title":{"rendered":"Tubo de luz inteligente Twinkly-Flex RGB"},"content":{"rendered":"<p>Twinkly Flex: tira de LED flexible controlada por aplicaci\u00f3n con LED RGB (16 millones de colores)<\/p>\n<p>Twinkly Flex es un tubo LED flexible inteligente similar al ne\u00f3n que se puede controlar a trav\u00e9s de una aplicaci\u00f3n y asistentes de voz.<\/p>\n<p>Twinkly Flex se puede dise\u00f1ar de cualquier forma que desees, aportando un nuevo nivel de dise\u00f1o de iluminaci\u00f3n y creatividad a tu hogar conectado.<\/p>\n<p><iframe loading=\"lazy\" title=\"Exhibici\u00f3n de Twinkly Flex en nhow Mil\u00e1n\" width=\"1020\" height=\"574\" src=\"https:\/\/www.youtube.com\/embed\/lyYfIzATqv0?feature=oembed\" frameborder=\"0\" allow=\"accelerometer; autoplay; clipboard-write; encrypted-media; gyroscope; picture-in-picture; web-share\" allowfullscreen><\/iframe><\/p>\n<p><em>PD: El video es ilustrativo y es posible que el producto en cuesti\u00f3n no tenga todas las funciones que se muestran en \u00e9l.<\/em><\/p>\n<ul>\n<li><strong>N\u00famero de diodos por metro:<\/strong> 192 diodos<\/li>\n<li><strong>Color:<\/strong> Multicolor (RGB+W)<\/li>\n<li><strong>Vida nominal media:<\/strong> 30000 horas<\/li>\n<li><strong>Potencia de la l\u00e1mpara por metro:<\/strong> 7,5 W<\/li>\n<li><strong>Longitud de segmentos espec\u00edficos:<\/strong> 1000 mil\u00edmetros<\/li>\n<li><strong>Longitud:<\/strong> 2M<\/li>\n<li><strong>Clasificaci\u00f3n del IP<\/strong>: IP20<\/li>\n<li><strong>Sincronizaci\u00f3n musical:<\/strong> S\u00ed, solo micr\u00f3fono USB Twinkly Music<\/li>\n<li><strong>Conectividad:<\/strong> Bluetooth\u00ae y Wi-Fi<\/li>\n<li><strong>Conectable:\u00a0<\/strong>No<\/li>\n<li><strong>Fuente de alimentaci\u00f3n:\u00a0<\/strong>enchufar<\/li>\n<li><strong>Certificado CE:\u00a0<\/strong>S\u00ed<\/li>\n<li>15 W 240 V<\/li>\n<\/ul>","protected":false},"excerpt":{"rendered":"<p>Twinkly Flex &#8211; app-controlled flexible led strip with RGB (16 million colors) LEDs Twinkly Flex is a smart, neon-like flexible LED tube that can be controlled via an app and voice assistants. Twinkly Flex can be designed in any way you want, bringing a new level of lighting design and creativity to your connected home. [&#8230;]\n","protected":false},"featured_media":6083,"comment_status":"open","ping_status":"closed","template":"","meta":[],"product_brand":[],"product_cat":[226,235],"product_tag":[],"class_list":{"0":"post-5928","1":"product","2":"type-product","3":"status-publish","4":"has-post-thumbnail","6":"product_cat-outdoor-lights","7":"product_cat-twinkly-outdoor-lights","8":"pa_brand-twinkly","9":"pa_led-colour-warm-white","11":"first","12":"instock","13":"sale","14":"shipping-taxable","15":"purchasable","16":"product-type-simple"},"yoast_head":"<!-- This site is optimized with the Yoast SEO plugin v27.3 - https:\/\/yoast.com\/product\/yoast-seo-wordpress\/ -->\n<title>Twinkly Smart Light Tube-Flex RGB - Decolights.eu<\/title>\n<meta name=\"description\" content=\"Twinkly Flex is a smart, neon-like flexible LED tube that can be controlled via an app and voice assistants. Get it now for the best price!\" \/>\n<meta name=\"robots\" content=\"index, follow, max-snippet:-1, max-image-preview:large, max-video-preview:-1\" \/>\n<link rel=\"canonical\" href=\"https:\/\/decolights.eu\/es\/producto-2\/twinkly-smart-light-tube-flex-rgb\/\" \/>\n<meta property=\"og:locale\" content=\"es_ES\" \/>\n<meta property=\"og:type\" content=\"article\" \/>\n<meta property=\"og:title\" content=\"Twinkly Smart Light Tube-Flex RGB - Decolights.eu\" \/>\n<meta property=\"og:description\" content=\"Twinkly Flex is a smart, neon-like flexible LED tube that can be controlled via an app and voice assistants. Get it now for the best price!\" \/>\n<meta property=\"og:url\" content=\"https:\/\/decolights.eu\/es\/producto-2\/twinkly-smart-light-tube-flex-rgb\/\" \/>\n<meta property=\"og:site_name\" content=\"Decolights.eu\" \/>\n<meta property=\"article:modified_time\" content=\"2023-05-09T12:31:06+00:00\" \/>\n<meta property=\"og:image\" content=\"https:\/\/decolights.eu\/wp-content\/uploads\/2023\/04\/TWFL200STW-WEU_Out-of-the-box-1.jpg\" \/>\n\t<meta property=\"og:image:width\" content=\"600\" \/>\n\t<meta property=\"og:image:height\" content=\"600\" \/>\n\t<meta property=\"og:image:type\" content=\"image\/jpeg\" \/>\n<meta name=\"twitter:card\" content=\"summary_large_image\" \/>\n<meta name=\"twitter:label1\" content=\"Tiempo de lectura\" \/>\n\t<meta name=\"twitter:data1\" content=\"1 minuto\" \/>\n<script type=\"application\/ld+json\" class=\"yoast-schema-graph\">{\"@context\":\"https:\\\/\\\/schema.org\",\"@graph\":[{\"@type\":\"WebPage\",\"@id\":\"https:\\\/\\\/decolights.eu\\\/product\\\/twinkly-smart-light-tube-flex-rgb\\\/\",\"url\":\"https:\\\/\\\/decolights.eu\\\/product\\\/twinkly-smart-light-tube-flex-rgb\\\/\",\"name\":\"Twinkly Smart Light Tube-Flex RGB - Decolights.eu\",\"isPartOf\":{\"@id\":\"https:\\\/\\\/decolights.eu\\\/#website\"},\"primaryImageOfPage\":{\"@id\":\"https:\\\/\\\/decolights.eu\\\/product\\\/twinkly-smart-light-tube-flex-rgb\\\/#primaryimage\"},\"image\":{\"@id\":\"https:\\\/\\\/decolights.eu\\\/product\\\/twinkly-smart-light-tube-flex-rgb\\\/#primaryimage\"},\"thumbnailUrl\":\"https:\\\/\\\/decolights.eu\\\/wp-content\\\/uploads\\\/2023\\\/04\\\/TWFL200STW-WEU_Out-of-the-box-1.jpg\",\"datePublished\":\"2023-04-01T04:38:23+00:00\",\"dateModified\":\"2023-05-09T12:31:06+00:00\",\"description\":\"Twinkly Flex is a smart, neon-like flexible LED tube that can be controlled via an app and voice assistants. Get it now for the best price!\",\"breadcrumb\":{\"@id\":\"https:\\\/\\\/decolights.eu\\\/product\\\/twinkly-smart-light-tube-flex-rgb\\\/#breadcrumb\"},\"inLanguage\":\"es\",\"potentialAction\":[{\"@type\":\"ReadAction\",\"target\":[\"https:\\\/\\\/decolights.eu\\\/product\\\/twinkly-smart-light-tube-flex-rgb\\\/\"]}]},{\"@type\":\"ImageObject\",\"inLanguage\":\"es\",\"@id\":\"https:\\\/\\\/decolights.eu\\\/product\\\/twinkly-smart-light-tube-flex-rgb\\\/#primaryimage\",\"url\":\"https:\\\/\\\/decolights.eu\\\/wp-content\\\/uploads\\\/2023\\\/04\\\/TWFL200STW-WEU_Out-of-the-box-1.jpg\",\"contentUrl\":\"https:\\\/\\\/decolights.eu\\\/wp-content\\\/uploads\\\/2023\\\/04\\\/TWFL200STW-WEU_Out-of-the-box-1.jpg\",\"width\":600,\"height\":600},{\"@type\":\"BreadcrumbList\",\"@id\":\"https:\\\/\\\/decolights.eu\\\/product\\\/twinkly-smart-light-tube-flex-rgb\\\/#breadcrumb\",\"itemListElement\":[{\"@type\":\"ListItem\",\"position\":1,\"name\":\"Shop\",\"item\":\"https:\\\/\\\/decolights.eu\\\/shop\\\/\"},{\"@type\":\"ListItem\",\"position\":2,\"name\":\"Twinkly Smart Light Tube-Flex RGB\"}]},{\"@type\":\"WebSite\",\"@id\":\"https:\\\/\\\/decolights.eu\\\/#website\",\"url\":\"https:\\\/\\\/decolights.eu\\\/\",\"name\":\"decolights\",\"description\":\"Led Decorations for Home and Garden\",\"publisher\":{\"@id\":\"https:\\\/\\\/decolights.eu\\\/#organization\"},\"alternateName\":\"decolights.eu\",\"potentialAction\":[{\"@type\":\"SearchAction\",\"target\":{\"@type\":\"EntryPoint\",\"urlTemplate\":\"https:\\\/\\\/decolights.eu\\\/?s={search_term_string}\"},\"query-input\":{\"@type\":\"PropertyValueSpecification\",\"valueRequired\":true,\"valueName\":\"search_term_string\"}}],\"inLanguage\":\"es\"},{\"@type\":\"Organization\",\"@id\":\"https:\\\/\\\/decolights.eu\\\/#organization\",\"name\":\"decolights\",\"url\":\"https:\\\/\\\/decolights.eu\\\/\",\"logo\":{\"@type\":\"ImageObject\",\"inLanguage\":\"es\",\"@id\":\"https:\\\/\\\/decolights.eu\\\/#\\\/schema\\\/logo\\\/image\\\/\",\"url\":\"https:\\\/\\\/decolights.eu\\\/wp-content\\\/uploads\\\/2023\\\/07\\\/cropped-decolight-siteicon.png\",\"contentUrl\":\"https:\\\/\\\/decolights.eu\\\/wp-content\\\/uploads\\\/2023\\\/07\\\/cropped-decolight-siteicon.png\",\"width\":512,\"height\":512,\"caption\":\"decolights\"},\"image\":{\"@id\":\"https:\\\/\\\/decolights.eu\\\/#\\\/schema\\\/logo\\\/image\\\/\"}}]}<\/script>\n<!-- \/ Yoast SEO plugin. -->","yoast_head_json":{"title":"Tubo de luz inteligente Twinkly Flex RGB - Decolights.eu","description":"Twinkly Flex es un tubo LED flexible, inteligente y con efecto ne\u00f3n, que se controla mediante una app y asistentes de voz. \u00a1Cons\u00edguelo ya al mejor precio!","robots":{"index":"index","follow":"follow","max-snippet":"max-snippet:-1","max-image-preview":"max-image-preview:large","max-video-preview":"max-video-preview:-1"},"canonical":"https:\/\/decolights.eu\/es\/producto-2\/twinkly-smart-light-tube-flex-rgb\/","og_locale":"es_ES","og_type":"article","og_title":"Twinkly Smart Light Tube-Flex RGB - Decolights.eu","og_description":"Twinkly Flex is a smart, neon-like flexible LED tube that can be controlled via an app and voice assistants. Get it now for the best price!","og_url":"https:\/\/decolights.eu\/es\/producto-2\/twinkly-smart-light-tube-flex-rgb\/","og_site_name":"Decolights.eu","article_modified_time":"2023-05-09T12:31:06+00:00","og_image":[{"width":600,"height":600,"url":"https:\/\/decolights.eu\/wp-content\/uploads\/2023\/04\/TWFL200STW-WEU_Out-of-the-box-1.jpg","type":"image\/jpeg"}],"twitter_card":"summary_large_image","twitter_misc":{"Tiempo de lectura":"1 minuto"},"schema":{"@context":"https:\/\/schema.org","@graph":[{"@type":"WebPage","@id":"https:\/\/decolights.eu\/product\/twinkly-smart-light-tube-flex-rgb\/","url":"https:\/\/decolights.eu\/product\/twinkly-smart-light-tube-flex-rgb\/","name":"Tubo de luz inteligente Twinkly Flex RGB - Decolights.eu","isPartOf":{"@id":"https:\/\/decolights.eu\/#website"},"primaryImageOfPage":{"@id":"https:\/\/decolights.eu\/product\/twinkly-smart-light-tube-flex-rgb\/#primaryimage"},"image":{"@id":"https:\/\/decolights.eu\/product\/twinkly-smart-light-tube-flex-rgb\/#primaryimage"},"thumbnailUrl":"https:\/\/decolights.eu\/wp-content\/uploads\/2023\/04\/TWFL200STW-WEU_Out-of-the-box-1.jpg","datePublished":"2023-04-01T04:38:23+00:00","dateModified":"2023-05-09T12:31:06+00:00","description":"Twinkly Flex es un tubo LED flexible, inteligente y con efecto ne\u00f3n, que se controla mediante una app y asistentes de voz. \u00a1Cons\u00edguelo ya al mejor precio!","breadcrumb":{"@id":"https:\/\/decolights.eu\/product\/twinkly-smart-light-tube-flex-rgb\/#breadcrumb"},"inLanguage":"es","potentialAction":[{"@type":"ReadAction","target":["https:\/\/decolights.eu\/product\/twinkly-smart-light-tube-flex-rgb\/"]}]},{"@type":"ImageObject","inLanguage":"es","@id":"https:\/\/decolights.eu\/product\/twinkly-smart-light-tube-flex-rgb\/#primaryimage","url":"https:\/\/decolights.eu\/wp-content\/uploads\/2023\/04\/TWFL200STW-WEU_Out-of-the-box-1.jpg","contentUrl":"https:\/\/decolights.eu\/wp-content\/uploads\/2023\/04\/TWFL200STW-WEU_Out-of-the-box-1.jpg","width":600,"height":600},{"@type":"BreadcrumbList","@id":"https:\/\/decolights.eu\/product\/twinkly-smart-light-tube-flex-rgb\/#breadcrumb","itemListElement":[{"@type":"ListItem","position":1,"name":"Shop","item":"https:\/\/decolights.eu\/shop\/"},{"@type":"ListItem","position":2,"name":"Twinkly Smart Light Tube-Flex RGB"}]},{"@type":"WebSite","@id":"https:\/\/decolights.eu\/#website","url":"https:\/\/decolights.eu\/","name":"decoluces","description":"Decoraciones Led para Hogar y Jard\u00edn","publisher":{"@id":"https:\/\/decolights.eu\/#organization"},"alternateName":"decolights.eu","potentialAction":[{"@type":"SearchAction","target":{"@type":"EntryPoint","urlTemplate":"https:\/\/decolights.eu\/?s={search_term_string}"},"query-input":{"@type":"PropertyValueSpecification","valueRequired":true,"valueName":"search_term_string"}}],"inLanguage":"es"},{"@type":"Organization","@id":"https:\/\/decolights.eu\/#organization","name":"decoluces","url":"https:\/\/decolights.eu\/","logo":{"@type":"ImageObject","inLanguage":"es","@id":"https:\/\/decolights.eu\/#\/schema\/logo\/image\/","url":"https:\/\/decolights.eu\/wp-content\/uploads\/2023\/07\/cropped-decolight-siteicon.png","contentUrl":"https:\/\/decolights.eu\/wp-content\/uploads\/2023\/07\/cropped-decolight-siteicon.png","width":512,"height":512,"caption":"decolights"},"image":{"@id":"https:\/\/decolights.eu\/#\/schema\/logo\/image\/"}}]}},"jetpack_sharing_enabled":true,"_links":{"self":[{"href":"https:\/\/decolights.eu\/es\/wp-json\/wp\/v2\/product\/5928","targetHints":{"allow":["GET"]}}],"collection":[{"href":"https:\/\/decolights.eu\/es\/wp-json\/wp\/v2\/product"}],"about":[{"href":"https:\/\/decolights.eu\/es\/wp-json\/wp\/v2\/types\/product"}],"replies":[{"embeddable":true,"href":"https:\/\/decolights.eu\/es\/wp-json\/wp\/v2\/comments?post=5928"}],"wp:featuredmedia":[{"embeddable":true,"href":"https:\/\/decolights.eu\/es\/wp-json\/wp\/v2\/media\/6083"}],"wp:attachment":[{"href":"https:\/\/decolights.eu\/es\/wp-json\/wp\/v2\/media?parent=5928"}],"wp:term":[{"taxonomy":"product_brand","embeddable":true,"href":"https:\/\/decolights.eu\/es\/wp-json\/wp\/v2\/product_brand?post=5928"},{"taxonomy":"product_cat","embeddable":true,"href":"https:\/\/decolights.eu\/es\/wp-json\/wp\/v2\/product_cat?post=5928"},{"taxonomy":"product_tag","embeddable":true,"href":"https:\/\/decolights.eu\/es\/wp-json\/wp\/v2\/product_tag?post=5928"}],"curies":[{"name":"wp","href":"https:\/\/api.w.org\/{rel}","templated":true}]}}