{"id":6006,"date":"2023-04-01T04:39:14","date_gmt":"2023-04-01T04:39:14","guid":{"rendered":"https:\/\/decolights.eu\/?post_type=product&#038;p=6006"},"modified":"2023-05-10T09:10:18","modified_gmt":"2023-05-10T09:10:18","slug":"extension-for-pro-icicle-and-string-lights-10m","status":"publish","type":"product","link":"https:\/\/decolights.eu\/es\/producto-2\/extension-for-pro-icicle-and-string-lights-10m\/","title":{"rendered":"Extensi\u00f3n para car\u00e1mbanos PRO y guirnaldas de luces 10M"},"content":{"rendered":"<ul>\n<li><strong>Longitud:<\/strong> 10M<\/li>\n<li><strong>Color:<\/strong> negro<\/li>\n<li><strong>Clasificaci\u00f3n del IP: <\/strong>IP65<\/li>\n<li>Apto s\u00f3lo para nuestra serie IP65<\/li>\n<\/ul>","protected":false},"excerpt":{"rendered":"<p>Length: 10M Colour: black IP Rating: IP65 Suitable only for our IP65 series<\/p>","protected":false},"featured_media":5453,"comment_status":"open","ping_status":"closed","template":"","meta":[],"product_brand":[],"product_cat":[212],"product_tag":[],"class_list":{"0":"post-6006","1":"product","2":"type-product","3":"status-publish","4":"has-post-thumbnail","6":"product_cat-pro-accessories","7":"pa_brand-deco","8":"pa_led-colour-golden-warm-white","10":"first","11":"instock","12":"sale","13":"shipping-taxable","14":"purchasable","15":"product-type-simple"},"yoast_head":"<!-- This site is optimized with the Yoast SEO plugin v27.3 - https:\/\/yoast.com\/product\/yoast-seo-wordpress\/ -->\n<title>Extension for PRO icicle and string lights 10M - Decolights.eu<\/title>\n<meta name=\"description\" content=\"Extention cable is a great accessory for decoration. It allows you to extend the reach of your lights and place them in more creative and unique locations.\" \/>\n<meta name=\"robots\" content=\"index, follow, max-snippet:-1, max-image-preview:large, max-video-preview:-1\" \/>\n<link rel=\"canonical\" href=\"https:\/\/decolights.eu\/es\/producto-2\/extension-for-pro-icicle-and-string-lights-10m\/\" \/>\n<meta property=\"og:locale\" content=\"es_ES\" \/>\n<meta property=\"og:type\" content=\"article\" \/>\n<meta property=\"og:title\" content=\"Extension for PRO icicle and string lights 10M - Decolights.eu\" \/>\n<meta property=\"og:description\" content=\"Extention cable is a great accessory for decoration. It allows you to extend the reach of your lights and place them in more creative and unique locations.\" \/>\n<meta property=\"og:url\" content=\"https:\/\/decolights.eu\/es\/producto-2\/extension-for-pro-icicle-and-string-lights-10m\/\" \/>\n<meta property=\"og:site_name\" content=\"Decolights.eu\" \/>\n<meta property=\"article:modified_time\" content=\"2023-05-10T09:10:18+00:00\" \/>\n<meta property=\"og:image\" content=\"https:\/\/decolights.eu\/wp-content\/uploads\/2023\/04\/0-02-05-b77decaeed107aba6124c342dcb286b1d112aadc1efe8d9bf6418ab82c170b0e_7baf0f221b4289bf.jpg\" \/>\n\t<meta property=\"og:image:width\" content=\"800\" \/>\n\t<meta property=\"og:image:height\" content=\"846\" \/>\n\t<meta property=\"og:image:type\" content=\"image\/jpeg\" \/>\n<meta name=\"twitter:card\" content=\"summary_large_image\" \/>\n<meta name=\"twitter:label1\" content=\"Tiempo de lectura\" \/>\n\t<meta name=\"twitter:data1\" content=\"1 minuto\" \/>\n<script type=\"application\/ld+json\" class=\"yoast-schema-graph\">{\"@context\":\"https:\\\/\\\/schema.org\",\"@graph\":[{\"@type\":\"WebPage\",\"@id\":\"https:\\\/\\\/decolights.eu\\\/product\\\/extension-for-pro-icicle-and-string-lights-10m\\\/\",\"url\":\"https:\\\/\\\/decolights.eu\\\/product\\\/extension-for-pro-icicle-and-string-lights-10m\\\/\",\"name\":\"Extension for PRO icicle and string lights 10M - Decolights.eu\",\"isPartOf\":{\"@id\":\"https:\\\/\\\/decolights.eu\\\/#website\"},\"primaryImageOfPage\":{\"@id\":\"https:\\\/\\\/decolights.eu\\\/product\\\/extension-for-pro-icicle-and-string-lights-10m\\\/#primaryimage\"},\"image\":{\"@id\":\"https:\\\/\\\/decolights.eu\\\/product\\\/extension-for-pro-icicle-and-string-lights-10m\\\/#primaryimage\"},\"thumbnailUrl\":\"https:\\\/\\\/decolights.eu\\\/wp-content\\\/uploads\\\/2023\\\/04\\\/0-02-05-b77decaeed107aba6124c342dcb286b1d112aadc1efe8d9bf6418ab82c170b0e_7baf0f221b4289bf.jpg\",\"datePublished\":\"2023-04-01T04:39:14+00:00\",\"dateModified\":\"2023-05-10T09:10:18+00:00\",\"description\":\"Extention cable is a great accessory for decoration. It allows you to extend the reach of your lights and place them in more creative and unique locations.\",\"breadcrumb\":{\"@id\":\"https:\\\/\\\/decolights.eu\\\/product\\\/extension-for-pro-icicle-and-string-lights-10m\\\/#breadcrumb\"},\"inLanguage\":\"es\",\"potentialAction\":[{\"@type\":\"ReadAction\",\"target\":[\"https:\\\/\\\/decolights.eu\\\/product\\\/extension-for-pro-icicle-and-string-lights-10m\\\/\"]}]},{\"@type\":\"ImageObject\",\"inLanguage\":\"es\",\"@id\":\"https:\\\/\\\/decolights.eu\\\/product\\\/extension-for-pro-icicle-and-string-lights-10m\\\/#primaryimage\",\"url\":\"https:\\\/\\\/decolights.eu\\\/wp-content\\\/uploads\\\/2023\\\/04\\\/0-02-05-b77decaeed107aba6124c342dcb286b1d112aadc1efe8d9bf6418ab82c170b0e_7baf0f221b4289bf.jpg\",\"contentUrl\":\"https:\\\/\\\/decolights.eu\\\/wp-content\\\/uploads\\\/2023\\\/04\\\/0-02-05-b77decaeed107aba6124c342dcb286b1d112aadc1efe8d9bf6418ab82c170b0e_7baf0f221b4289bf.jpg\",\"width\":800,\"height\":846},{\"@type\":\"BreadcrumbList\",\"@id\":\"https:\\\/\\\/decolights.eu\\\/product\\\/extension-for-pro-icicle-and-string-lights-10m\\\/#breadcrumb\",\"itemListElement\":[{\"@type\":\"ListItem\",\"position\":1,\"name\":\"Shop\",\"item\":\"https:\\\/\\\/decolights.eu\\\/shop\\\/\"},{\"@type\":\"ListItem\",\"position\":2,\"name\":\"Extension for PRO icicle and string lights 10M\"}]},{\"@type\":\"WebSite\",\"@id\":\"https:\\\/\\\/decolights.eu\\\/#website\",\"url\":\"https:\\\/\\\/decolights.eu\\\/\",\"name\":\"decolights\",\"description\":\"Led Decorations for Home and Garden\",\"publisher\":{\"@id\":\"https:\\\/\\\/decolights.eu\\\/#organization\"},\"alternateName\":\"decolights.eu\",\"potentialAction\":[{\"@type\":\"SearchAction\",\"target\":{\"@type\":\"EntryPoint\",\"urlTemplate\":\"https:\\\/\\\/decolights.eu\\\/?s={search_term_string}\"},\"query-input\":{\"@type\":\"PropertyValueSpecification\",\"valueRequired\":true,\"valueName\":\"search_term_string\"}}],\"inLanguage\":\"es\"},{\"@type\":\"Organization\",\"@id\":\"https:\\\/\\\/decolights.eu\\\/#organization\",\"name\":\"decolights\",\"url\":\"https:\\\/\\\/decolights.eu\\\/\",\"logo\":{\"@type\":\"ImageObject\",\"inLanguage\":\"es\",\"@id\":\"https:\\\/\\\/decolights.eu\\\/#\\\/schema\\\/logo\\\/image\\\/\",\"url\":\"https:\\\/\\\/decolights.eu\\\/wp-content\\\/uploads\\\/2023\\\/07\\\/cropped-decolight-siteicon.png\",\"contentUrl\":\"https:\\\/\\\/decolights.eu\\\/wp-content\\\/uploads\\\/2023\\\/07\\\/cropped-decolight-siteicon.png\",\"width\":512,\"height\":512,\"caption\":\"decolights\"},\"image\":{\"@id\":\"https:\\\/\\\/decolights.eu\\\/#\\\/schema\\\/logo\\\/image\\\/\"}}]}<\/script>\n<!-- \/ Yoast SEO plugin. -->","yoast_head_json":{"title":"Extensi\u00f3n para car\u00e1mbanos y guirnaldas de luces PRO 10M - Decolights.eu","description":"El cable de extensi\u00f3n es un gran accesorio para la decoraci\u00f3n. Le permite ampliar el alcance de sus luces y colocarlas en lugares m\u00e1s creativos y \u00fanicos.","robots":{"index":"index","follow":"follow","max-snippet":"max-snippet:-1","max-image-preview":"max-image-preview:large","max-video-preview":"max-video-preview:-1"},"canonical":"https:\/\/decolights.eu\/es\/producto-2\/extension-for-pro-icicle-and-string-lights-10m\/","og_locale":"es_ES","og_type":"article","og_title":"Extension for PRO icicle and string lights 10M - Decolights.eu","og_description":"Extention cable is a great accessory for decoration. It allows you to extend the reach of your lights and place them in more creative and unique locations.","og_url":"https:\/\/decolights.eu\/es\/producto-2\/extension-for-pro-icicle-and-string-lights-10m\/","og_site_name":"Decolights.eu","article_modified_time":"2023-05-10T09:10:18+00:00","og_image":[{"width":800,"height":846,"url":"https:\/\/decolights.eu\/wp-content\/uploads\/2023\/04\/0-02-05-b77decaeed107aba6124c342dcb286b1d112aadc1efe8d9bf6418ab82c170b0e_7baf0f221b4289bf.jpg","type":"image\/jpeg"}],"twitter_card":"summary_large_image","twitter_misc":{"Tiempo de lectura":"1 minuto"},"schema":{"@context":"https:\/\/schema.org","@graph":[{"@type":"WebPage","@id":"https:\/\/decolights.eu\/product\/extension-for-pro-icicle-and-string-lights-10m\/","url":"https:\/\/decolights.eu\/product\/extension-for-pro-icicle-and-string-lights-10m\/","name":"Extensi\u00f3n para car\u00e1mbanos y guirnaldas de luces PRO 10M - Decolights.eu","isPartOf":{"@id":"https:\/\/decolights.eu\/#website"},"primaryImageOfPage":{"@id":"https:\/\/decolights.eu\/product\/extension-for-pro-icicle-and-string-lights-10m\/#primaryimage"},"image":{"@id":"https:\/\/decolights.eu\/product\/extension-for-pro-icicle-and-string-lights-10m\/#primaryimage"},"thumbnailUrl":"https:\/\/decolights.eu\/wp-content\/uploads\/2023\/04\/0-02-05-b77decaeed107aba6124c342dcb286b1d112aadc1efe8d9bf6418ab82c170b0e_7baf0f221b4289bf.jpg","datePublished":"2023-04-01T04:39:14+00:00","dateModified":"2023-05-10T09:10:18+00:00","description":"El cable de extensi\u00f3n es un gran accesorio para la decoraci\u00f3n. Le permite ampliar el alcance de sus luces y colocarlas en lugares m\u00e1s creativos y \u00fanicos.","breadcrumb":{"@id":"https:\/\/decolights.eu\/product\/extension-for-pro-icicle-and-string-lights-10m\/#breadcrumb"},"inLanguage":"es","potentialAction":[{"@type":"ReadAction","target":["https:\/\/decolights.eu\/product\/extension-for-pro-icicle-and-string-lights-10m\/"]}]},{"@type":"ImageObject","inLanguage":"es","@id":"https:\/\/decolights.eu\/product\/extension-for-pro-icicle-and-string-lights-10m\/#primaryimage","url":"https:\/\/decolights.eu\/wp-content\/uploads\/2023\/04\/0-02-05-b77decaeed107aba6124c342dcb286b1d112aadc1efe8d9bf6418ab82c170b0e_7baf0f221b4289bf.jpg","contentUrl":"https:\/\/decolights.eu\/wp-content\/uploads\/2023\/04\/0-02-05-b77decaeed107aba6124c342dcb286b1d112aadc1efe8d9bf6418ab82c170b0e_7baf0f221b4289bf.jpg","width":800,"height":846},{"@type":"BreadcrumbList","@id":"https:\/\/decolights.eu\/product\/extension-for-pro-icicle-and-string-lights-10m\/#breadcrumb","itemListElement":[{"@type":"ListItem","position":1,"name":"Shop","item":"https:\/\/decolights.eu\/shop\/"},{"@type":"ListItem","position":2,"name":"Extension for PRO icicle and string lights 10M"}]},{"@type":"WebSite","@id":"https:\/\/decolights.eu\/#website","url":"https:\/\/decolights.eu\/","name":"decoluces","description":"Decoraciones Led para Hogar y Jard\u00edn","publisher":{"@id":"https:\/\/decolights.eu\/#organization"},"alternateName":"decolights.eu","potentialAction":[{"@type":"SearchAction","target":{"@type":"EntryPoint","urlTemplate":"https:\/\/decolights.eu\/?s={search_term_string}"},"query-input":{"@type":"PropertyValueSpecification","valueRequired":true,"valueName":"search_term_string"}}],"inLanguage":"es"},{"@type":"Organization","@id":"https:\/\/decolights.eu\/#organization","name":"decoluces","url":"https:\/\/decolights.eu\/","logo":{"@type":"ImageObject","inLanguage":"es","@id":"https:\/\/decolights.eu\/#\/schema\/logo\/image\/","url":"https:\/\/decolights.eu\/wp-content\/uploads\/2023\/07\/cropped-decolight-siteicon.png","contentUrl":"https:\/\/decolights.eu\/wp-content\/uploads\/2023\/07\/cropped-decolight-siteicon.png","width":512,"height":512,"caption":"decolights"},"image":{"@id":"https:\/\/decolights.eu\/#\/schema\/logo\/image\/"}}]}},"jetpack_sharing_enabled":true,"_links":{"self":[{"href":"https:\/\/decolights.eu\/es\/wp-json\/wp\/v2\/product\/6006","targetHints":{"allow":["GET"]}}],"collection":[{"href":"https:\/\/decolights.eu\/es\/wp-json\/wp\/v2\/product"}],"about":[{"href":"https:\/\/decolights.eu\/es\/wp-json\/wp\/v2\/types\/product"}],"replies":[{"embeddable":true,"href":"https:\/\/decolights.eu\/es\/wp-json\/wp\/v2\/comments?post=6006"}],"wp:featuredmedia":[{"embeddable":true,"href":"https:\/\/decolights.eu\/es\/wp-json\/wp\/v2\/media\/5453"}],"wp:attachment":[{"href":"https:\/\/decolights.eu\/es\/wp-json\/wp\/v2\/media?parent=6006"}],"wp:term":[{"taxonomy":"product_brand","embeddable":true,"href":"https:\/\/decolights.eu\/es\/wp-json\/wp\/v2\/product_brand?post=6006"},{"taxonomy":"product_cat","embeddable":true,"href":"https:\/\/decolights.eu\/es\/wp-json\/wp\/v2\/product_cat?post=6006"},{"taxonomy":"product_tag","embeddable":true,"href":"https:\/\/decolights.eu\/es\/wp-json\/wp\/v2\/product_tag?post=6006"}],"curies":[{"name":"wp","href":"https:\/\/api.w.org\/{rel}","templated":true}]}}