{"id":6286,"date":"2023-04-01T04:43:12","date_gmt":"2023-04-01T04:43:12","guid":{"rendered":"https:\/\/decolights.eu\/?post_type=product&#038;p=6286"},"modified":"2023-05-09T12:17:33","modified_gmt":"2023-05-09T12:17:33","slug":"on-off-timer","status":"publish","type":"product","link":"https:\/\/decolights.eu\/es\/producto-2\/on-off-timer\/","title":{"rendered":"Temporizador de encendido\/apagado"},"content":{"rendered":"<div>\n<p><strong>MINUTERO<\/strong> Este es un dispositivo extremadamente pr\u00e1ctico que te permite controlar completamente los equipos el\u00e9ctricos de tu hogar. Gracias a \u00e9l, automatizas muchas actividades cotidianas que a menudo olvidas, como apagar la l\u00e1mpara, la calefacci\u00f3n, el aire acondicionado o la caldera. Puedes conectarle un cargador de tel\u00e9fono o luces navide\u00f1as. El programador apaga o apaga el dispositivo conectado a una hora predeterminada. Nuestro programador puede controlar secuencias de encendido y apagado semanalmente.<\/p>\n<p><strong>AHORRA ENERG\u00cdA<\/strong> Gracias al temporizador, puedes reducir el consumo de energ\u00eda en casa. No tendr\u00e1s que preocuparte por dejar un electrodom\u00e9stico encendido antes de ir a trabajar o salir, lo que afectar\u00e1 tu factura de luz. Es ideal tanto para casa como para la oficina y la tienda, por ejemplo, durante las vacaciones, cuando queremos que el escaparate permanezca iluminado despu\u00e9s del cierre.<\/p>\n<p><strong>F\u00c1CIL DE USAR<\/strong> El programador es extremadamente f\u00e1cil de usar. Cuenta con 4 botones que permiten programar r\u00e1pidamente el funcionamiento de los dispositivos de su hogar u oficina para un d\u00eda, hora o incluso minuto espec\u00edfico.<\/p>\n<\/div>\n<ul>\n<li><strong>Color del temporizador:\u00a0<\/strong>blanco<\/li>\n<li><strong>M\u00e1ximo W: <\/strong>3680W<\/li>\n<li><strong>M\u00e1ximo A:\u00a0<\/strong>16A<\/li>\n<li><strong>Temperatura de trabajo: <\/strong>0 a +50\u00b0C<\/li>\n<li><strong>Reg\u00edmenes:\u00a0<\/strong>24\/12h, horario de verano\/invierno<\/li>\n<li><strong>Tama\u00f1o:\u00a0<\/strong>11,20 cm (largo) x 7,50 cm (ancho) x 5,50 cm (alto)<\/li>\n<\/ul>","protected":false},"excerpt":{"rendered":"<p>TIMER &#8211; this is an extremely practical device that allows you to fully control the electrical equipment in your home. Thanks to this, you automate many daily activities that you often forget turning off the lamp, turning off the heater, air conditioner or boiler. You can connect a phone charger or Christmas lights to it. [&#8230;]\n","protected":false},"featured_media":6408,"comment_status":"open","ping_status":"closed","template":"","meta":[],"product_brand":[],"product_cat":[225,211,214,226,212],"product_tag":[],"class_list":{"0":"post-6286","1":"product","2":"type-product","3":"status-publish","4":"has-post-thumbnail","6":"product_cat-accessories-indoor-lights","7":"product_cat-accessories","8":"product_cat-indoor-lights","9":"product_cat-outdoor-lights","10":"product_cat-pro-accessories","11":"pa_brand-deco","13":"first","14":"instock","15":"sale","16":"shipping-taxable","17":"purchasable","18":"product-type-simple"},"yoast_head":"<!-- This site is optimized with the Yoast SEO plugin v27.3 - https:\/\/yoast.com\/product\/yoast-seo-wordpress\/ -->\n<title>ON\/OFF Timer - Best price guarantee - Decolights.eu<\/title>\n<meta name=\"description\" content=\"ON\/OFF timer is an extremely practical device that allows you to fully control the electrical equipment in your home. Reduces electricity cost. Buy now!\" \/>\n<meta name=\"robots\" content=\"index, follow, max-snippet:-1, max-image-preview:large, max-video-preview:-1\" \/>\n<link rel=\"canonical\" href=\"https:\/\/decolights.eu\/es\/producto-2\/on-off-timer\/\" \/>\n<meta property=\"og:locale\" content=\"es_ES\" \/>\n<meta property=\"og:type\" content=\"article\" \/>\n<meta property=\"og:title\" content=\"ON\/OFF Timer - Best price guarantee - Decolights.eu\" \/>\n<meta property=\"og:description\" content=\"ON\/OFF timer is an extremely practical device that allows you to fully control the electrical equipment in your home. Reduces electricity cost. Buy now!\" \/>\n<meta property=\"og:url\" content=\"https:\/\/decolights.eu\/es\/producto-2\/on-off-timer\/\" \/>\n<meta property=\"og:site_name\" content=\"Decolights.eu\" \/>\n<meta property=\"article:modified_time\" content=\"2023-05-09T12:17:33+00:00\" \/>\n<meta property=\"og:image\" content=\"https:\/\/decolights.eu\/wp-content\/uploads\/2023\/04\/eng_pl_19923-on-off-timer-16360_1.jpg\" \/>\n\t<meta property=\"og:image:width\" content=\"500\" \/>\n\t<meta property=\"og:image:height\" content=\"500\" \/>\n\t<meta property=\"og:image:type\" content=\"image\/jpeg\" \/>\n<meta name=\"twitter:card\" content=\"summary_large_image\" \/>\n<meta name=\"twitter:label1\" content=\"Tiempo de lectura\" \/>\n\t<meta name=\"twitter:data1\" content=\"1 minuto\" \/>\n<script type=\"application\/ld+json\" class=\"yoast-schema-graph\">{\"@context\":\"https:\\\/\\\/schema.org\",\"@graph\":[{\"@type\":\"WebPage\",\"@id\":\"https:\\\/\\\/decolights.eu\\\/product\\\/on-off-timer\\\/\",\"url\":\"https:\\\/\\\/decolights.eu\\\/product\\\/on-off-timer\\\/\",\"name\":\"ON\\\/OFF Timer - Best price guarantee - Decolights.eu\",\"isPartOf\":{\"@id\":\"https:\\\/\\\/decolights.eu\\\/#website\"},\"primaryImageOfPage\":{\"@id\":\"https:\\\/\\\/decolights.eu\\\/product\\\/on-off-timer\\\/#primaryimage\"},\"image\":{\"@id\":\"https:\\\/\\\/decolights.eu\\\/product\\\/on-off-timer\\\/#primaryimage\"},\"thumbnailUrl\":\"https:\\\/\\\/decolights.eu\\\/wp-content\\\/uploads\\\/2023\\\/04\\\/eng_pl_19923-on-off-timer-16360_1.jpg\",\"datePublished\":\"2023-04-01T04:43:12+00:00\",\"dateModified\":\"2023-05-09T12:17:33+00:00\",\"description\":\"ON\\\/OFF timer is an extremely practical device that allows you to fully control the electrical equipment in your home. Reduces electricity cost. Buy now!\",\"breadcrumb\":{\"@id\":\"https:\\\/\\\/decolights.eu\\\/product\\\/on-off-timer\\\/#breadcrumb\"},\"inLanguage\":\"es\",\"potentialAction\":[{\"@type\":\"ReadAction\",\"target\":[\"https:\\\/\\\/decolights.eu\\\/product\\\/on-off-timer\\\/\"]}]},{\"@type\":\"ImageObject\",\"inLanguage\":\"es\",\"@id\":\"https:\\\/\\\/decolights.eu\\\/product\\\/on-off-timer\\\/#primaryimage\",\"url\":\"https:\\\/\\\/decolights.eu\\\/wp-content\\\/uploads\\\/2023\\\/04\\\/eng_pl_19923-on-off-timer-16360_1.jpg\",\"contentUrl\":\"https:\\\/\\\/decolights.eu\\\/wp-content\\\/uploads\\\/2023\\\/04\\\/eng_pl_19923-on-off-timer-16360_1.jpg\",\"width\":500,\"height\":500},{\"@type\":\"BreadcrumbList\",\"@id\":\"https:\\\/\\\/decolights.eu\\\/product\\\/on-off-timer\\\/#breadcrumb\",\"itemListElement\":[{\"@type\":\"ListItem\",\"position\":1,\"name\":\"Shop\",\"item\":\"https:\\\/\\\/decolights.eu\\\/shop\\\/\"},{\"@type\":\"ListItem\",\"position\":2,\"name\":\"ON\\\/OFF Timer\"}]},{\"@type\":\"WebSite\",\"@id\":\"https:\\\/\\\/decolights.eu\\\/#website\",\"url\":\"https:\\\/\\\/decolights.eu\\\/\",\"name\":\"decolights\",\"description\":\"Led Decorations for Home and Garden\",\"publisher\":{\"@id\":\"https:\\\/\\\/decolights.eu\\\/#organization\"},\"alternateName\":\"decolights.eu\",\"potentialAction\":[{\"@type\":\"SearchAction\",\"target\":{\"@type\":\"EntryPoint\",\"urlTemplate\":\"https:\\\/\\\/decolights.eu\\\/?s={search_term_string}\"},\"query-input\":{\"@type\":\"PropertyValueSpecification\",\"valueRequired\":true,\"valueName\":\"search_term_string\"}}],\"inLanguage\":\"es\"},{\"@type\":\"Organization\",\"@id\":\"https:\\\/\\\/decolights.eu\\\/#organization\",\"name\":\"decolights\",\"url\":\"https:\\\/\\\/decolights.eu\\\/\",\"logo\":{\"@type\":\"ImageObject\",\"inLanguage\":\"es\",\"@id\":\"https:\\\/\\\/decolights.eu\\\/#\\\/schema\\\/logo\\\/image\\\/\",\"url\":\"https:\\\/\\\/decolights.eu\\\/wp-content\\\/uploads\\\/2023\\\/07\\\/cropped-decolight-siteicon.png\",\"contentUrl\":\"https:\\\/\\\/decolights.eu\\\/wp-content\\\/uploads\\\/2023\\\/07\\\/cropped-decolight-siteicon.png\",\"width\":512,\"height\":512,\"caption\":\"decolights\"},\"image\":{\"@id\":\"https:\\\/\\\/decolights.eu\\\/#\\\/schema\\\/logo\\\/image\\\/\"}}]}<\/script>\n<!-- \/ Yoast SEO plugin. -->","yoast_head_json":{"title":"Temporizador de encendido y apagado - Mejor precio garantizado - Decolights.eu","description":"El temporizador de encendido\/apagado es un dispositivo extremadamente pr\u00e1ctico que te permite controlar completamente los equipos el\u00e9ctricos de tu hogar. Reduce el gasto de electricidad. \u00a1C\u00f3mpralo ya!","robots":{"index":"index","follow":"follow","max-snippet":"max-snippet:-1","max-image-preview":"max-image-preview:large","max-video-preview":"max-video-preview:-1"},"canonical":"https:\/\/decolights.eu\/es\/producto-2\/on-off-timer\/","og_locale":"es_ES","og_type":"article","og_title":"ON\/OFF Timer - Best price guarantee - Decolights.eu","og_description":"ON\/OFF timer is an extremely practical device that allows you to fully control the electrical equipment in your home. Reduces electricity cost. Buy now!","og_url":"https:\/\/decolights.eu\/es\/producto-2\/on-off-timer\/","og_site_name":"Decolights.eu","article_modified_time":"2023-05-09T12:17:33+00:00","og_image":[{"width":500,"height":500,"url":"https:\/\/decolights.eu\/wp-content\/uploads\/2023\/04\/eng_pl_19923-on-off-timer-16360_1.jpg","type":"image\/jpeg"}],"twitter_card":"summary_large_image","twitter_misc":{"Tiempo de lectura":"1 minuto"},"schema":{"@context":"https:\/\/schema.org","@graph":[{"@type":"WebPage","@id":"https:\/\/decolights.eu\/product\/on-off-timer\/","url":"https:\/\/decolights.eu\/product\/on-off-timer\/","name":"Temporizador de encendido y apagado - Mejor precio garantizado - Decolights.eu","isPartOf":{"@id":"https:\/\/decolights.eu\/#website"},"primaryImageOfPage":{"@id":"https:\/\/decolights.eu\/product\/on-off-timer\/#primaryimage"},"image":{"@id":"https:\/\/decolights.eu\/product\/on-off-timer\/#primaryimage"},"thumbnailUrl":"https:\/\/decolights.eu\/wp-content\/uploads\/2023\/04\/eng_pl_19923-on-off-timer-16360_1.jpg","datePublished":"2023-04-01T04:43:12+00:00","dateModified":"2023-05-09T12:17:33+00:00","description":"El temporizador de encendido\/apagado es un dispositivo extremadamente pr\u00e1ctico que te permite controlar completamente los equipos el\u00e9ctricos de tu hogar. Reduce el gasto de electricidad. \u00a1C\u00f3mpralo ya!","breadcrumb":{"@id":"https:\/\/decolights.eu\/product\/on-off-timer\/#breadcrumb"},"inLanguage":"es","potentialAction":[{"@type":"ReadAction","target":["https:\/\/decolights.eu\/product\/on-off-timer\/"]}]},{"@type":"ImageObject","inLanguage":"es","@id":"https:\/\/decolights.eu\/product\/on-off-timer\/#primaryimage","url":"https:\/\/decolights.eu\/wp-content\/uploads\/2023\/04\/eng_pl_19923-on-off-timer-16360_1.jpg","contentUrl":"https:\/\/decolights.eu\/wp-content\/uploads\/2023\/04\/eng_pl_19923-on-off-timer-16360_1.jpg","width":500,"height":500},{"@type":"BreadcrumbList","@id":"https:\/\/decolights.eu\/product\/on-off-timer\/#breadcrumb","itemListElement":[{"@type":"ListItem","position":1,"name":"Shop","item":"https:\/\/decolights.eu\/shop\/"},{"@type":"ListItem","position":2,"name":"ON\/OFF Timer"}]},{"@type":"WebSite","@id":"https:\/\/decolights.eu\/#website","url":"https:\/\/decolights.eu\/","name":"decoluces","description":"Decoraciones Led para Hogar y Jard\u00edn","publisher":{"@id":"https:\/\/decolights.eu\/#organization"},"alternateName":"decolights.eu","potentialAction":[{"@type":"SearchAction","target":{"@type":"EntryPoint","urlTemplate":"https:\/\/decolights.eu\/?s={search_term_string}"},"query-input":{"@type":"PropertyValueSpecification","valueRequired":true,"valueName":"search_term_string"}}],"inLanguage":"es"},{"@type":"Organization","@id":"https:\/\/decolights.eu\/#organization","name":"decoluces","url":"https:\/\/decolights.eu\/","logo":{"@type":"ImageObject","inLanguage":"es","@id":"https:\/\/decolights.eu\/#\/schema\/logo\/image\/","url":"https:\/\/decolights.eu\/wp-content\/uploads\/2023\/07\/cropped-decolight-siteicon.png","contentUrl":"https:\/\/decolights.eu\/wp-content\/uploads\/2023\/07\/cropped-decolight-siteicon.png","width":512,"height":512,"caption":"decolights"},"image":{"@id":"https:\/\/decolights.eu\/#\/schema\/logo\/image\/"}}]}},"jetpack_sharing_enabled":true,"_links":{"self":[{"href":"https:\/\/decolights.eu\/es\/wp-json\/wp\/v2\/product\/6286","targetHints":{"allow":["GET"]}}],"collection":[{"href":"https:\/\/decolights.eu\/es\/wp-json\/wp\/v2\/product"}],"about":[{"href":"https:\/\/decolights.eu\/es\/wp-json\/wp\/v2\/types\/product"}],"replies":[{"embeddable":true,"href":"https:\/\/decolights.eu\/es\/wp-json\/wp\/v2\/comments?post=6286"}],"wp:featuredmedia":[{"embeddable":true,"href":"https:\/\/decolights.eu\/es\/wp-json\/wp\/v2\/media\/6408"}],"wp:attachment":[{"href":"https:\/\/decolights.eu\/es\/wp-json\/wp\/v2\/media?parent=6286"}],"wp:term":[{"taxonomy":"product_brand","embeddable":true,"href":"https:\/\/decolights.eu\/es\/wp-json\/wp\/v2\/product_brand?post=6286"},{"taxonomy":"product_cat","embeddable":true,"href":"https:\/\/decolights.eu\/es\/wp-json\/wp\/v2\/product_cat?post=6286"},{"taxonomy":"product_tag","embeddable":true,"href":"https:\/\/decolights.eu\/es\/wp-json\/wp\/v2\/product_tag?post=6286"}],"curies":[{"name":"wp","href":"https:\/\/api.w.org\/{rel}","templated":true}]}}