{"id":6369,"date":"2023-04-01T04:44:31","date_gmt":"2023-04-01T04:44:31","guid":{"rendered":"https:\/\/decolights.eu\/?post_type=product&#038;p=6369"},"modified":"2023-04-16T16:17:39","modified_gmt":"2023-04-16T16:17:39","slug":"solar-decoration-cage","status":"publish","type":"product","link":"https:\/\/decolights.eu\/es\/producto-2\/solar-decoration-cage\/","title":{"rendered":"Jaula de decoraci\u00f3n solar"},"content":{"rendered":"<p>La decoraci\u00f3n solar Cage es una decoraci\u00f3n colgante que se ilumina con un filamento LED que brilla con una luz blanca c\u00e1lida de unos 7 l\u00famenes. Se convierte en una hermosa decoraci\u00f3n y se coloca f\u00e1cilmente en un jard\u00edn o balc\u00f3n. En nuestra serie Cage tambi\u00e9n tenemos luces de guirnalda solar. Coloque la l\u00e1mpara solar donde el sol pueda alcanzar el panel durante el d\u00eda para obtener la m\u00e1xima carga de la bater\u00eda solar.<\/p>\n<ul>\n<li><strong>Color:\u00a0<\/strong>negro<\/li>\n<li><strong>Color LED:<\/strong> blanco c\u00e1lido<\/li>\n<li><strong>Tama\u00f1o: <\/strong>18x21x18 cm<\/li>\n<li><strong>Clasificaci\u00f3n del IP: <\/strong>IP44<\/li>\n<li><strong>Fuente de alimentaci\u00f3n:\u00a0<\/strong>Solar<\/li>\n<li><strong>Temporizador:\u00a0<\/strong>Iluminado en la oscuridad<\/li>\n<li><strong>Tapa\/Enchufe:<\/strong> No reemplazable<\/li>\n<li><strong>Certificado CE:\u00a0<\/strong>S\u00ed<\/li>\n<li>1,2V CC<\/li>\n<\/ul>","protected":false},"excerpt":{"rendered":"<p>Solar decoration Cage is a hanging decoration that lights up with filament LED that shines in a warm white light with about 7 lumens. It becomes a beautiful decoration and is easily placed in a garden or a balcony. In our Cage series we also have a solar festoon lights. Place the solar lamp where [&#8230;]\n","protected":false},"featured_media":6459,"comment_status":"open","ping_status":"closed","template":"","meta":[],"product_brand":[],"product_cat":[226,194,231,233,196,171],"product_tag":[],"class_list":{"0":"post-6369","1":"product","2":"type-product","3":"status-publish","4":"has-post-thumbnail","6":"product_cat-outdoor-lights","7":"product_cat-solar-decking-lights","8":"product_cat-solar-decking-lights-outdoor-lights","9":"product_cat-solar-lanterns-outdoor-lights","10":"product_cat-solar-lanterns","11":"product_cat-solar-lights","12":"pa_brand-deco","13":"pa_led-colour-warm-white","15":"first","16":"instock","17":"sale","18":"shipping-taxable","19":"purchasable","20":"product-type-simple"},"yoast_head":"<!-- This site is optimized with the Yoast SEO plugin v27.3 - https:\/\/yoast.com\/product\/yoast-seo-wordpress\/ -->\n<title>Solar decoration Cage - Best price guaranteed - Decolights.eu<\/title>\n<meta name=\"description\" content=\"Solar decoration Cage is a hanging decoration that lights up with filament LED and is a perfect decoration for patio or a balcony. Don&#039;t hesitate, buy now!\" \/>\n<meta name=\"robots\" content=\"index, follow, max-snippet:-1, max-image-preview:large, max-video-preview:-1\" \/>\n<link rel=\"canonical\" href=\"https:\/\/decolights.eu\/es\/producto-2\/solar-decoration-cage\/\" \/>\n<meta property=\"og:locale\" content=\"es_ES\" \/>\n<meta property=\"og:type\" content=\"article\" \/>\n<meta property=\"og:title\" content=\"Solar decoration Cage - Best price guaranteed - Decolights.eu\" \/>\n<meta property=\"og:description\" content=\"Solar decoration Cage is a hanging decoration that lights up with filament LED and is a perfect decoration for patio or a balcony. Don&#039;t hesitate, buy now!\" \/>\n<meta property=\"og:url\" content=\"https:\/\/decolights.eu\/es\/producto-2\/solar-decoration-cage\/\" \/>\n<meta property=\"og:site_name\" content=\"Decolights.eu\" \/>\n<meta property=\"article:modified_time\" content=\"2023-04-16T16:17:39+00:00\" \/>\n<meta property=\"og:image\" content=\"https:\/\/decolights.eu\/wp-content\/uploads\/2023\/04\/482-64_M2.png\" \/>\n\t<meta property=\"og:image:width\" content=\"600\" \/>\n\t<meta property=\"og:image:height\" content=\"602\" \/>\n\t<meta property=\"og:image:type\" content=\"image\/png\" \/>\n<meta name=\"twitter:card\" content=\"summary_large_image\" \/>\n<meta name=\"twitter:label1\" content=\"Tiempo de lectura\" \/>\n\t<meta name=\"twitter:data1\" content=\"1 minuto\" \/>\n<script type=\"application\/ld+json\" class=\"yoast-schema-graph\">{\"@context\":\"https:\\\/\\\/schema.org\",\"@graph\":[{\"@type\":\"WebPage\",\"@id\":\"https:\\\/\\\/decolights.eu\\\/product\\\/solar-decoration-cage\\\/\",\"url\":\"https:\\\/\\\/decolights.eu\\\/product\\\/solar-decoration-cage\\\/\",\"name\":\"Solar decoration Cage - Best price guaranteed - Decolights.eu\",\"isPartOf\":{\"@id\":\"https:\\\/\\\/decolights.eu\\\/#website\"},\"primaryImageOfPage\":{\"@id\":\"https:\\\/\\\/decolights.eu\\\/product\\\/solar-decoration-cage\\\/#primaryimage\"},\"image\":{\"@id\":\"https:\\\/\\\/decolights.eu\\\/product\\\/solar-decoration-cage\\\/#primaryimage\"},\"thumbnailUrl\":\"https:\\\/\\\/decolights.eu\\\/wp-content\\\/uploads\\\/2023\\\/04\\\/482-64_M2.png\",\"datePublished\":\"2023-04-01T04:44:31+00:00\",\"dateModified\":\"2023-04-16T16:17:39+00:00\",\"description\":\"Solar decoration Cage is a hanging decoration that lights up with filament LED and is a perfect decoration for patio or a balcony. Don't hesitate, buy now!\",\"breadcrumb\":{\"@id\":\"https:\\\/\\\/decolights.eu\\\/product\\\/solar-decoration-cage\\\/#breadcrumb\"},\"inLanguage\":\"es\",\"potentialAction\":[{\"@type\":\"ReadAction\",\"target\":[\"https:\\\/\\\/decolights.eu\\\/product\\\/solar-decoration-cage\\\/\"]}]},{\"@type\":\"ImageObject\",\"inLanguage\":\"es\",\"@id\":\"https:\\\/\\\/decolights.eu\\\/product\\\/solar-decoration-cage\\\/#primaryimage\",\"url\":\"https:\\\/\\\/decolights.eu\\\/wp-content\\\/uploads\\\/2023\\\/04\\\/482-64_M2.png\",\"contentUrl\":\"https:\\\/\\\/decolights.eu\\\/wp-content\\\/uploads\\\/2023\\\/04\\\/482-64_M2.png\",\"width\":600,\"height\":602},{\"@type\":\"BreadcrumbList\",\"@id\":\"https:\\\/\\\/decolights.eu\\\/product\\\/solar-decoration-cage\\\/#breadcrumb\",\"itemListElement\":[{\"@type\":\"ListItem\",\"position\":1,\"name\":\"Shop\",\"item\":\"https:\\\/\\\/decolights.eu\\\/shop\\\/\"},{\"@type\":\"ListItem\",\"position\":2,\"name\":\"Solar decoration Cage\"}]},{\"@type\":\"WebSite\",\"@id\":\"https:\\\/\\\/decolights.eu\\\/#website\",\"url\":\"https:\\\/\\\/decolights.eu\\\/\",\"name\":\"decolights\",\"description\":\"Led Decorations for Home and Garden\",\"publisher\":{\"@id\":\"https:\\\/\\\/decolights.eu\\\/#organization\"},\"alternateName\":\"decolights.eu\",\"potentialAction\":[{\"@type\":\"SearchAction\",\"target\":{\"@type\":\"EntryPoint\",\"urlTemplate\":\"https:\\\/\\\/decolights.eu\\\/?s={search_term_string}\"},\"query-input\":{\"@type\":\"PropertyValueSpecification\",\"valueRequired\":true,\"valueName\":\"search_term_string\"}}],\"inLanguage\":\"es\"},{\"@type\":\"Organization\",\"@id\":\"https:\\\/\\\/decolights.eu\\\/#organization\",\"name\":\"decolights\",\"url\":\"https:\\\/\\\/decolights.eu\\\/\",\"logo\":{\"@type\":\"ImageObject\",\"inLanguage\":\"es\",\"@id\":\"https:\\\/\\\/decolights.eu\\\/#\\\/schema\\\/logo\\\/image\\\/\",\"url\":\"https:\\\/\\\/decolights.eu\\\/wp-content\\\/uploads\\\/2023\\\/07\\\/cropped-decolight-siteicon.png\",\"contentUrl\":\"https:\\\/\\\/decolights.eu\\\/wp-content\\\/uploads\\\/2023\\\/07\\\/cropped-decolight-siteicon.png\",\"width\":512,\"height\":512,\"caption\":\"decolights\"},\"image\":{\"@id\":\"https:\\\/\\\/decolights.eu\\\/#\\\/schema\\\/logo\\\/image\\\/\"}}]}<\/script>\n<!-- \/ Yoast SEO plugin. -->","yoast_head_json":{"title":"Jaula de decoraci\u00f3n solar - Mejor precio garantizado - Decolights.eu","description":"La jaula de decoraci\u00f3n solar es una decoraci\u00f3n colgante que se ilumina con LED de filamento y es una decoraci\u00f3n perfecta para el patio o el balc\u00f3n. \u00a1No lo dudes, compra ahora!","robots":{"index":"index","follow":"follow","max-snippet":"max-snippet:-1","max-image-preview":"max-image-preview:large","max-video-preview":"max-video-preview:-1"},"canonical":"https:\/\/decolights.eu\/es\/producto-2\/solar-decoration-cage\/","og_locale":"es_ES","og_type":"article","og_title":"Solar decoration Cage - Best price guaranteed - Decolights.eu","og_description":"Solar decoration Cage is a hanging decoration that lights up with filament LED and is a perfect decoration for patio or a balcony. Don't hesitate, buy now!","og_url":"https:\/\/decolights.eu\/es\/producto-2\/solar-decoration-cage\/","og_site_name":"Decolights.eu","article_modified_time":"2023-04-16T16:17:39+00:00","og_image":[{"width":600,"height":602,"url":"https:\/\/decolights.eu\/wp-content\/uploads\/2023\/04\/482-64_M2.png","type":"image\/png"}],"twitter_card":"summary_large_image","twitter_misc":{"Tiempo de lectura":"1 minuto"},"schema":{"@context":"https:\/\/schema.org","@graph":[{"@type":"WebPage","@id":"https:\/\/decolights.eu\/product\/solar-decoration-cage\/","url":"https:\/\/decolights.eu\/product\/solar-decoration-cage\/","name":"Jaula de decoraci\u00f3n solar - Mejor precio garantizado - Decolights.eu","isPartOf":{"@id":"https:\/\/decolights.eu\/#website"},"primaryImageOfPage":{"@id":"https:\/\/decolights.eu\/product\/solar-decoration-cage\/#primaryimage"},"image":{"@id":"https:\/\/decolights.eu\/product\/solar-decoration-cage\/#primaryimage"},"thumbnailUrl":"https:\/\/decolights.eu\/wp-content\/uploads\/2023\/04\/482-64_M2.png","datePublished":"2023-04-01T04:44:31+00:00","dateModified":"2023-04-16T16:17:39+00:00","description":"La jaula de decoraci\u00f3n solar es una decoraci\u00f3n colgante que se ilumina con LED de filamento y es una decoraci\u00f3n perfecta para el patio o el balc\u00f3n. \u00a1No lo dudes, compra ahora!","breadcrumb":{"@id":"https:\/\/decolights.eu\/product\/solar-decoration-cage\/#breadcrumb"},"inLanguage":"es","potentialAction":[{"@type":"ReadAction","target":["https:\/\/decolights.eu\/product\/solar-decoration-cage\/"]}]},{"@type":"ImageObject","inLanguage":"es","@id":"https:\/\/decolights.eu\/product\/solar-decoration-cage\/#primaryimage","url":"https:\/\/decolights.eu\/wp-content\/uploads\/2023\/04\/482-64_M2.png","contentUrl":"https:\/\/decolights.eu\/wp-content\/uploads\/2023\/04\/482-64_M2.png","width":600,"height":602},{"@type":"BreadcrumbList","@id":"https:\/\/decolights.eu\/product\/solar-decoration-cage\/#breadcrumb","itemListElement":[{"@type":"ListItem","position":1,"name":"Shop","item":"https:\/\/decolights.eu\/shop\/"},{"@type":"ListItem","position":2,"name":"Solar decoration Cage"}]},{"@type":"WebSite","@id":"https:\/\/decolights.eu\/#website","url":"https:\/\/decolights.eu\/","name":"decoluces","description":"Decoraciones Led para Hogar y Jard\u00edn","publisher":{"@id":"https:\/\/decolights.eu\/#organization"},"alternateName":"decolights.eu","potentialAction":[{"@type":"SearchAction","target":{"@type":"EntryPoint","urlTemplate":"https:\/\/decolights.eu\/?s={search_term_string}"},"query-input":{"@type":"PropertyValueSpecification","valueRequired":true,"valueName":"search_term_string"}}],"inLanguage":"es"},{"@type":"Organization","@id":"https:\/\/decolights.eu\/#organization","name":"decoluces","url":"https:\/\/decolights.eu\/","logo":{"@type":"ImageObject","inLanguage":"es","@id":"https:\/\/decolights.eu\/#\/schema\/logo\/image\/","url":"https:\/\/decolights.eu\/wp-content\/uploads\/2023\/07\/cropped-decolight-siteicon.png","contentUrl":"https:\/\/decolights.eu\/wp-content\/uploads\/2023\/07\/cropped-decolight-siteicon.png","width":512,"height":512,"caption":"decolights"},"image":{"@id":"https:\/\/decolights.eu\/#\/schema\/logo\/image\/"}}]}},"jetpack_sharing_enabled":true,"_links":{"self":[{"href":"https:\/\/decolights.eu\/es\/wp-json\/wp\/v2\/product\/6369","targetHints":{"allow":["GET"]}}],"collection":[{"href":"https:\/\/decolights.eu\/es\/wp-json\/wp\/v2\/product"}],"about":[{"href":"https:\/\/decolights.eu\/es\/wp-json\/wp\/v2\/types\/product"}],"replies":[{"embeddable":true,"href":"https:\/\/decolights.eu\/es\/wp-json\/wp\/v2\/comments?post=6369"}],"wp:featuredmedia":[{"embeddable":true,"href":"https:\/\/decolights.eu\/es\/wp-json\/wp\/v2\/media\/6459"}],"wp:attachment":[{"href":"https:\/\/decolights.eu\/es\/wp-json\/wp\/v2\/media?parent=6369"}],"wp:term":[{"taxonomy":"product_brand","embeddable":true,"href":"https:\/\/decolights.eu\/es\/wp-json\/wp\/v2\/product_brand?post=6369"},{"taxonomy":"product_cat","embeddable":true,"href":"https:\/\/decolights.eu\/es\/wp-json\/wp\/v2\/product_cat?post=6369"},{"taxonomy":"product_tag","embeddable":true,"href":"https:\/\/decolights.eu\/es\/wp-json\/wp\/v2\/product_tag?post=6369"}],"curies":[{"name":"wp","href":"https:\/\/api.w.org\/{rel}","templated":true}]}}