{"id":6425,"date":"2023-04-01T04:45:16","date_gmt":"2023-04-01T04:45:16","guid":{"rendered":"https:\/\/decolights.eu\/?post_type=product&#038;p=6425"},"modified":"2023-05-10T09:17:14","modified_gmt":"2023-05-10T09:17:14","slug":"neon-led-silhouette-flamingo","status":"publish","type":"product","link":"https:\/\/decolights.eu\/es\/producto-2\/neon-led-silhouette-flamingo\/","title":{"rendered":"Ne\u00f3n LED Silueta Flamenco"},"content":{"rendered":"<p>Silueta decorativa para uso en exteriores e interiores. La decoraci\u00f3n tiene un impresionante brillo rosa brillante. Una decoraci\u00f3n encantadora para tu fiesta de verano o un toque moderno para tu habitaci\u00f3n.<\/p>\n<ul>\n<li><strong>Color LED:<\/strong> rosa<\/li>\n<li><strong>Tama\u00f1o: <\/strong>35 (ancho) x 74 (alto) x 2 (profundidad) CM<\/li>\n<li><strong>Cable de alimentaci\u00f3n:<\/strong> 5M<\/li>\n<li><strong>Color de los cables: <\/strong>transparente<\/li>\n<li><strong>Clasificaci\u00f3n del IP: <\/strong>IP44<\/li>\n<li><strong>Fuente de alimentaci\u00f3n:\u00a0<\/strong>enchufar<\/li>\n<li><strong>Certificado CE:\u00a0<\/strong>S\u00ed<\/li>\n<li>24 VCC 6 W<\/li>\n<\/ul>","protected":false},"excerpt":{"rendered":"<p>Decorative silhouette for outdoor or indoor use. The decoration has an awesome and bright pink shine. A lovely decoration for your summer party or a modern touch for your room. LED colour: pink Size: 35 (width) x 74 (height) x 2 (depth) CM Power lead cable: 5M Cable colour: transparent IP Rating: IP44 Power source:\u00a0plug [&#8230;]\n","protected":false},"featured_media":6530,"comment_status":"open","ping_status":"closed","template":"","meta":[],"product_brand":[],"product_cat":[218,214,226,230],"product_tag":[],"class_list":{"0":"post-6425","1":"product","2":"type-product","3":"status-publish","4":"has-post-thumbnail","6":"product_cat-decorative-led-lights","7":"product_cat-indoor-lights","8":"product_cat-outdoor-lights","9":"product_cat-patio-lights","10":"pa_brand-deco","11":"pa_led-colour-pink","13":"first","14":"instock","15":"sale","16":"shipping-taxable","17":"purchasable","18":"product-type-simple"},"yoast_head":"<!-- This site is optimized with the Yoast SEO plugin v27.3 - https:\/\/yoast.com\/product\/yoast-seo-wordpress\/ -->\n<title>Neon LED Silhouette Flamingo - Best price guaranteed - Decolights.eu<\/title>\n<meta name=\"description\" content=\"Neon LED silhouette Flamingo is a lovely decoration for your summer party or a modern touch for your room. Buy now to enjoy great result for the best price.\" \/>\n<meta name=\"robots\" content=\"index, follow, max-snippet:-1, max-image-preview:large, max-video-preview:-1\" \/>\n<link rel=\"canonical\" href=\"https:\/\/decolights.eu\/es\/termek\/neon-led-silhouette-flamingo\/\" \/>\n<meta property=\"og:locale\" content=\"es_ES\" \/>\n<meta property=\"og:type\" content=\"article\" \/>\n<meta property=\"og:title\" content=\"Neon LED Silhouette Flamingo - Best price guaranteed - Decolights.eu\" \/>\n<meta property=\"og:description\" content=\"Neon LED silhouette Flamingo is a lovely decoration for your summer party or a modern touch for your room. Buy now to enjoy great result for the best price.\" \/>\n<meta property=\"og:url\" content=\"https:\/\/decolights.eu\/es\/termek\/neon-led-silhouette-flamingo\/\" \/>\n<meta property=\"og:site_name\" content=\"Decolights.eu\" \/>\n<meta property=\"article:modified_time\" content=\"2023-05-10T09:17:14+00:00\" \/>\n<meta property=\"og:image\" content=\"https:\/\/decolights.eu\/wp-content\/uploads\/2023\/04\/807-38_MN.png\" \/>\n\t<meta property=\"og:image:width\" content=\"600\" \/>\n\t<meta property=\"og:image:height\" content=\"602\" \/>\n\t<meta property=\"og:image:type\" content=\"image\/png\" \/>\n<meta name=\"twitter:card\" content=\"summary_large_image\" \/>\n<meta name=\"twitter:label1\" content=\"Tiempo de lectura\" \/>\n\t<meta name=\"twitter:data1\" content=\"1 minuto\" \/>\n<script type=\"application\/ld+json\" class=\"yoast-schema-graph\">{\"@context\":\"https:\\\/\\\/schema.org\",\"@graph\":[{\"@type\":\"WebPage\",\"@id\":\"https:\\\/\\\/decolights.eu\\\/hu\\\/termek\\\/neon-led-silhouette-flamingo\\\/\",\"url\":\"https:\\\/\\\/decolights.eu\\\/hu\\\/termek\\\/neon-led-silhouette-flamingo\\\/\",\"name\":\"Neon LED Silhouette Flamingo - Best price guaranteed - Decolights.eu\",\"isPartOf\":{\"@id\":\"https:\\\/\\\/decolights.eu\\\/#website\"},\"primaryImageOfPage\":{\"@id\":\"https:\\\/\\\/decolights.eu\\\/hu\\\/termek\\\/neon-led-silhouette-flamingo\\\/#primaryimage\"},\"image\":{\"@id\":\"https:\\\/\\\/decolights.eu\\\/hu\\\/termek\\\/neon-led-silhouette-flamingo\\\/#primaryimage\"},\"thumbnailUrl\":\"https:\\\/\\\/decolights.eu\\\/wp-content\\\/uploads\\\/2023\\\/04\\\/807-38_MN.png\",\"datePublished\":\"2023-04-01T04:45:16+00:00\",\"dateModified\":\"2023-05-10T09:17:14+00:00\",\"description\":\"Neon LED silhouette Flamingo is a lovely decoration for your summer party or a modern touch for your room. Buy now to enjoy great result for the best price.\",\"breadcrumb\":{\"@id\":\"https:\\\/\\\/decolights.eu\\\/hu\\\/termek\\\/neon-led-silhouette-flamingo\\\/#breadcrumb\"},\"inLanguage\":\"es\",\"potentialAction\":[{\"@type\":\"ReadAction\",\"target\":[\"https:\\\/\\\/decolights.eu\\\/hu\\\/termek\\\/neon-led-silhouette-flamingo\\\/\"]}]},{\"@type\":\"ImageObject\",\"inLanguage\":\"es\",\"@id\":\"https:\\\/\\\/decolights.eu\\\/hu\\\/termek\\\/neon-led-silhouette-flamingo\\\/#primaryimage\",\"url\":\"https:\\\/\\\/decolights.eu\\\/wp-content\\\/uploads\\\/2023\\\/04\\\/807-38_MN.png\",\"contentUrl\":\"https:\\\/\\\/decolights.eu\\\/wp-content\\\/uploads\\\/2023\\\/04\\\/807-38_MN.png\",\"width\":600,\"height\":602},{\"@type\":\"BreadcrumbList\",\"@id\":\"https:\\\/\\\/decolights.eu\\\/hu\\\/termek\\\/neon-led-silhouette-flamingo\\\/#breadcrumb\",\"itemListElement\":[{\"@type\":\"ListItem\",\"position\":1,\"name\":\"Shop\",\"item\":\"https:\\\/\\\/decolights.eu\\\/shop\\\/\"},{\"@type\":\"ListItem\",\"position\":2,\"name\":\"Neon LED Silhouette Flamingo\"}]},{\"@type\":\"WebSite\",\"@id\":\"https:\\\/\\\/decolights.eu\\\/#website\",\"url\":\"https:\\\/\\\/decolights.eu\\\/\",\"name\":\"decolights\",\"description\":\"Led Decorations for Home and Garden\",\"publisher\":{\"@id\":\"https:\\\/\\\/decolights.eu\\\/#organization\"},\"alternateName\":\"decolights.eu\",\"potentialAction\":[{\"@type\":\"SearchAction\",\"target\":{\"@type\":\"EntryPoint\",\"urlTemplate\":\"https:\\\/\\\/decolights.eu\\\/?s={search_term_string}\"},\"query-input\":{\"@type\":\"PropertyValueSpecification\",\"valueRequired\":true,\"valueName\":\"search_term_string\"}}],\"inLanguage\":\"es\"},{\"@type\":\"Organization\",\"@id\":\"https:\\\/\\\/decolights.eu\\\/#organization\",\"name\":\"decolights\",\"url\":\"https:\\\/\\\/decolights.eu\\\/\",\"logo\":{\"@type\":\"ImageObject\",\"inLanguage\":\"es\",\"@id\":\"https:\\\/\\\/decolights.eu\\\/#\\\/schema\\\/logo\\\/image\\\/\",\"url\":\"https:\\\/\\\/decolights.eu\\\/wp-content\\\/uploads\\\/2023\\\/07\\\/cropped-decolight-siteicon.png\",\"contentUrl\":\"https:\\\/\\\/decolights.eu\\\/wp-content\\\/uploads\\\/2023\\\/07\\\/cropped-decolight-siteicon.png\",\"width\":512,\"height\":512,\"caption\":\"decolights\"},\"image\":{\"@id\":\"https:\\\/\\\/decolights.eu\\\/#\\\/schema\\\/logo\\\/image\\\/\"}}]}<\/script>\n<!-- \/ Yoast SEO plugin. -->","yoast_head_json":{"title":"Silueta de flamenco con LED ne\u00f3n - Mejor precio garantizado - Decolights.eu","description":"La silueta de ne\u00f3n LED Flamingo es una hermosa decoraci\u00f3n para tu fiesta de verano o un toque moderno para tu habitaci\u00f3n. Compre ahora para disfrutar de un gran resultado al mejor precio.","robots":{"index":"index","follow":"follow","max-snippet":"max-snippet:-1","max-image-preview":"max-image-preview:large","max-video-preview":"max-video-preview:-1"},"canonical":"https:\/\/decolights.eu\/es\/termek\/neon-led-silhouette-flamingo\/","og_locale":"es_ES","og_type":"article","og_title":"Neon LED Silhouette Flamingo - Best price guaranteed - Decolights.eu","og_description":"Neon LED silhouette Flamingo is a lovely decoration for your summer party or a modern touch for your room. Buy now to enjoy great result for the best price.","og_url":"https:\/\/decolights.eu\/es\/termek\/neon-led-silhouette-flamingo\/","og_site_name":"Decolights.eu","article_modified_time":"2023-05-10T09:17:14+00:00","og_image":[{"url":"https:\/\/decolights.eu\/wp-content\/uploads\/2023\/04\/807-38_MN.png","width":600,"height":602,"type":"image\/png"}],"twitter_card":"summary_large_image","twitter_misc":{"Tiempo de lectura":"1 minuto"},"schema":{"@context":"https:\/\/schema.org","@graph":[{"@type":"WebPage","@id":"https:\/\/decolights.eu\/hu\/termek\/neon-led-silhouette-flamingo\/","url":"https:\/\/decolights.eu\/hu\/termek\/neon-led-silhouette-flamingo\/","name":"Silueta de flamenco con LED ne\u00f3n - Mejor precio garantizado - Decolights.eu","isPartOf":{"@id":"https:\/\/decolights.eu\/#website"},"primaryImageOfPage":{"@id":"https:\/\/decolights.eu\/hu\/termek\/neon-led-silhouette-flamingo\/#primaryimage"},"image":{"@id":"https:\/\/decolights.eu\/hu\/termek\/neon-led-silhouette-flamingo\/#primaryimage"},"thumbnailUrl":"https:\/\/decolights.eu\/wp-content\/uploads\/2023\/04\/807-38_MN.png","datePublished":"2023-04-01T04:45:16+00:00","dateModified":"2023-05-10T09:17:14+00:00","description":"La silueta de ne\u00f3n LED Flamingo es una hermosa decoraci\u00f3n para tu fiesta de verano o un toque moderno para tu habitaci\u00f3n. Compre ahora para disfrutar de un gran resultado al mejor precio.","breadcrumb":{"@id":"https:\/\/decolights.eu\/hu\/termek\/neon-led-silhouette-flamingo\/#breadcrumb"},"inLanguage":"es","potentialAction":[{"@type":"ReadAction","target":["https:\/\/decolights.eu\/hu\/termek\/neon-led-silhouette-flamingo\/"]}]},{"@type":"ImageObject","inLanguage":"es","@id":"https:\/\/decolights.eu\/hu\/termek\/neon-led-silhouette-flamingo\/#primaryimage","url":"https:\/\/decolights.eu\/wp-content\/uploads\/2023\/04\/807-38_MN.png","contentUrl":"https:\/\/decolights.eu\/wp-content\/uploads\/2023\/04\/807-38_MN.png","width":600,"height":602},{"@type":"BreadcrumbList","@id":"https:\/\/decolights.eu\/hu\/termek\/neon-led-silhouette-flamingo\/#breadcrumb","itemListElement":[{"@type":"ListItem","position":1,"name":"Shop","item":"https:\/\/decolights.eu\/shop\/"},{"@type":"ListItem","position":2,"name":"Neon LED Silhouette Flamingo"}]},{"@type":"WebSite","@id":"https:\/\/decolights.eu\/#website","url":"https:\/\/decolights.eu\/","name":"decoluces","description":"Decoraciones Led para Hogar y Jard\u00edn","publisher":{"@id":"https:\/\/decolights.eu\/#organization"},"alternateName":"decolights.eu","potentialAction":[{"@type":"SearchAction","target":{"@type":"EntryPoint","urlTemplate":"https:\/\/decolights.eu\/?s={search_term_string}"},"query-input":{"@type":"PropertyValueSpecification","valueRequired":true,"valueName":"search_term_string"}}],"inLanguage":"es"},{"@type":"Organization","@id":"https:\/\/decolights.eu\/#organization","name":"decoluces","url":"https:\/\/decolights.eu\/","logo":{"@type":"ImageObject","inLanguage":"es","@id":"https:\/\/decolights.eu\/#\/schema\/logo\/image\/","url":"https:\/\/decolights.eu\/wp-content\/uploads\/2023\/07\/cropped-decolight-siteicon.png","contentUrl":"https:\/\/decolights.eu\/wp-content\/uploads\/2023\/07\/cropped-decolight-siteicon.png","width":512,"height":512,"caption":"decolights"},"image":{"@id":"https:\/\/decolights.eu\/#\/schema\/logo\/image\/"}}]}},"jetpack_sharing_enabled":true,"_links":{"self":[{"href":"https:\/\/decolights.eu\/es\/wp-json\/wp\/v2\/product\/6425","targetHints":{"allow":["GET"]}}],"collection":[{"href":"https:\/\/decolights.eu\/es\/wp-json\/wp\/v2\/product"}],"about":[{"href":"https:\/\/decolights.eu\/es\/wp-json\/wp\/v2\/types\/product"}],"replies":[{"embeddable":true,"href":"https:\/\/decolights.eu\/es\/wp-json\/wp\/v2\/comments?post=6425"}],"wp:featuredmedia":[{"embeddable":true,"href":"https:\/\/decolights.eu\/es\/wp-json\/wp\/v2\/media\/6530"}],"wp:attachment":[{"href":"https:\/\/decolights.eu\/es\/wp-json\/wp\/v2\/media?parent=6425"}],"wp:term":[{"taxonomy":"product_brand","embeddable":true,"href":"https:\/\/decolights.eu\/es\/wp-json\/wp\/v2\/product_brand?post=6425"},{"taxonomy":"product_cat","embeddable":true,"href":"https:\/\/decolights.eu\/es\/wp-json\/wp\/v2\/product_cat?post=6425"},{"taxonomy":"product_tag","embeddable":true,"href":"https:\/\/decolights.eu\/es\/wp-json\/wp\/v2\/product_tag?post=6425"}],"curies":[{"name":"wp","href":"https:\/\/api.w.org\/{rel}","templated":true}]}}