{"id":6428,"date":"2023-04-01T04:45:16","date_gmt":"2023-04-01T04:45:16","guid":{"rendered":"https:\/\/decolights.eu\/?post_type=product&#038;p=6428"},"modified":"2023-04-16T13:39:56","modified_gmt":"2023-04-16T13:39:56","slug":"solar-path-lights-4pcs","status":"publish","type":"product","link":"https:\/\/decolights.eu\/es\/producto-2\/solar-path-lights-4pcs\/","title":{"rendered":"Luces solares de camino 4 piezas"},"content":{"rendered":"<p>Luces solares para caminos con un hermoso dise\u00f1o sobre el vidrio acr\u00edlico que se ilumina en la oscuridad. Estas luces solares para caminos brindan una c\u00e1lida luz blanca en su jard\u00edn, balc\u00f3n o terraza. Coloque la iluminaci\u00f3n del pasillo donde el sol pueda alcanzar el panel durante el d\u00eda para obtener la m\u00e1xima carga para la bater\u00eda incluida.<\/p>\n<ul>\n<li><strong>Color<\/strong>: negro<\/li>\n<li>4 luces de camino incluidas<\/li>\n<li><strong>Tama\u00f1o: <\/strong>11 (ancho) x 31 (alto) x 11 (profundidad) CM<\/li>\n<li><strong>Temporizador:\u00a0<\/strong>Iluminado en la oscuridad<\/li>\n<li><strong>Clasificaci\u00f3n del IP: <\/strong>IP44<\/li>\n<li><strong>Fuente de alimentaci\u00f3n:\u00a0<\/strong>Solar<\/li>\n<li><strong>Tapa\/Enchufe: <\/strong>No reemplazable<\/li>\n<li><strong>Certificado CE:\u00a0<\/strong>S\u00ed<\/li>\n<li>1,2V CC<\/li>\n<\/ul>","protected":false},"excerpt":{"rendered":"<p>Solar path lights with a beautiful pattern over the acrylic glass that lights up in the dark. These solar path lights provide a warm white glow in your garden, balcony or terrace. Place the aisle lighting where the sun can reach the panel during the day to get the ultimate charge for the included battery. [&#8230;]\n","protected":false},"featured_media":6542,"comment_status":"open","ping_status":"closed","template":"","meta":[],"product_brand":[],"product_cat":[226,231,194,171],"product_tag":[],"class_list":{"0":"post-6428","1":"product","2":"type-product","3":"status-publish","4":"has-post-thumbnail","6":"product_cat-outdoor-lights","7":"product_cat-solar-decking-lights-outdoor-lights","8":"product_cat-solar-decking-lights","9":"product_cat-solar-lights","10":"pa_led-colour-warm-white","12":"first","13":"instock","14":"sale","15":"shipping-taxable","16":"purchasable","17":"product-type-simple"},"yoast_head":"<!-- This site is optimized with the Yoast SEO plugin v27.3 - https:\/\/yoast.com\/product\/yoast-seo-wordpress\/ -->\n<title>Solar Path Lights 4pcs - Decolights.eu<\/title>\n<meta name=\"description\" content=\"Solar path lights will provide a warm white glow in your garden, balcony or terrace. It will lighten your path to home. Don&#039;t miss the best price, buy now!\" \/>\n<meta name=\"robots\" content=\"index, follow, max-snippet:-1, max-image-preview:large, max-video-preview:-1\" \/>\n<link rel=\"canonical\" href=\"https:\/\/decolights.eu\/es\/producto-2\/solar-path-lights-4pcs\/\" \/>\n<meta property=\"og:locale\" content=\"es_ES\" \/>\n<meta property=\"og:type\" content=\"article\" \/>\n<meta property=\"og:title\" content=\"Solar Path Lights 4pcs - Decolights.eu\" \/>\n<meta property=\"og:description\" content=\"Solar path lights will provide a warm white glow in your garden, balcony or terrace. It will lighten your path to home. Don&#039;t miss the best price, buy now!\" \/>\n<meta property=\"og:url\" content=\"https:\/\/decolights.eu\/es\/producto-2\/solar-path-lights-4pcs\/\" \/>\n<meta property=\"og:site_name\" content=\"Decolights.eu\" \/>\n<meta property=\"article:modified_time\" content=\"2023-04-16T13:39:56+00:00\" \/>\n<meta property=\"og:image\" content=\"https:\/\/decolights.eu\/wp-content\/uploads\/2023\/04\/482-78_M2.png\" \/>\n\t<meta property=\"og:image:width\" content=\"600\" \/>\n\t<meta property=\"og:image:height\" content=\"602\" \/>\n\t<meta property=\"og:image:type\" content=\"image\/png\" \/>\n<meta name=\"twitter:card\" content=\"summary_large_image\" \/>\n<meta name=\"twitter:label1\" content=\"Tiempo de lectura\" \/>\n\t<meta name=\"twitter:data1\" content=\"1 minuto\" \/>\n<script type=\"application\/ld+json\" class=\"yoast-schema-graph\">{\"@context\":\"https:\\\/\\\/schema.org\",\"@graph\":[{\"@type\":\"WebPage\",\"@id\":\"https:\\\/\\\/decolights.eu\\\/product\\\/solar-path-lights-4pcs\\\/\",\"url\":\"https:\\\/\\\/decolights.eu\\\/product\\\/solar-path-lights-4pcs\\\/\",\"name\":\"Solar Path Lights 4pcs - Decolights.eu\",\"isPartOf\":{\"@id\":\"https:\\\/\\\/decolights.eu\\\/#website\"},\"primaryImageOfPage\":{\"@id\":\"https:\\\/\\\/decolights.eu\\\/product\\\/solar-path-lights-4pcs\\\/#primaryimage\"},\"image\":{\"@id\":\"https:\\\/\\\/decolights.eu\\\/product\\\/solar-path-lights-4pcs\\\/#primaryimage\"},\"thumbnailUrl\":\"https:\\\/\\\/decolights.eu\\\/wp-content\\\/uploads\\\/2023\\\/04\\\/482-78_M2.png\",\"datePublished\":\"2023-04-01T04:45:16+00:00\",\"dateModified\":\"2023-04-16T13:39:56+00:00\",\"description\":\"Solar path lights will provide a warm white glow in your garden, balcony or terrace. It will lighten your path to home. Don't miss the best price, buy now!\",\"breadcrumb\":{\"@id\":\"https:\\\/\\\/decolights.eu\\\/product\\\/solar-path-lights-4pcs\\\/#breadcrumb\"},\"inLanguage\":\"es\",\"potentialAction\":[{\"@type\":\"ReadAction\",\"target\":[\"https:\\\/\\\/decolights.eu\\\/product\\\/solar-path-lights-4pcs\\\/\"]}]},{\"@type\":\"ImageObject\",\"inLanguage\":\"es\",\"@id\":\"https:\\\/\\\/decolights.eu\\\/product\\\/solar-path-lights-4pcs\\\/#primaryimage\",\"url\":\"https:\\\/\\\/decolights.eu\\\/wp-content\\\/uploads\\\/2023\\\/04\\\/482-78_M2.png\",\"contentUrl\":\"https:\\\/\\\/decolights.eu\\\/wp-content\\\/uploads\\\/2023\\\/04\\\/482-78_M2.png\",\"width\":600,\"height\":602},{\"@type\":\"BreadcrumbList\",\"@id\":\"https:\\\/\\\/decolights.eu\\\/product\\\/solar-path-lights-4pcs\\\/#breadcrumb\",\"itemListElement\":[{\"@type\":\"ListItem\",\"position\":1,\"name\":\"Shop\",\"item\":\"https:\\\/\\\/decolights.eu\\\/shop\\\/\"},{\"@type\":\"ListItem\",\"position\":2,\"name\":\"Solar Path Lights 4pcs\"}]},{\"@type\":\"WebSite\",\"@id\":\"https:\\\/\\\/decolights.eu\\\/#website\",\"url\":\"https:\\\/\\\/decolights.eu\\\/\",\"name\":\"decolights\",\"description\":\"Led Decorations for Home and Garden\",\"publisher\":{\"@id\":\"https:\\\/\\\/decolights.eu\\\/#organization\"},\"alternateName\":\"decolights.eu\",\"potentialAction\":[{\"@type\":\"SearchAction\",\"target\":{\"@type\":\"EntryPoint\",\"urlTemplate\":\"https:\\\/\\\/decolights.eu\\\/?s={search_term_string}\"},\"query-input\":{\"@type\":\"PropertyValueSpecification\",\"valueRequired\":true,\"valueName\":\"search_term_string\"}}],\"inLanguage\":\"es\"},{\"@type\":\"Organization\",\"@id\":\"https:\\\/\\\/decolights.eu\\\/#organization\",\"name\":\"decolights\",\"url\":\"https:\\\/\\\/decolights.eu\\\/\",\"logo\":{\"@type\":\"ImageObject\",\"inLanguage\":\"es\",\"@id\":\"https:\\\/\\\/decolights.eu\\\/#\\\/schema\\\/logo\\\/image\\\/\",\"url\":\"https:\\\/\\\/decolights.eu\\\/wp-content\\\/uploads\\\/2023\\\/07\\\/cropped-decolight-siteicon.png\",\"contentUrl\":\"https:\\\/\\\/decolights.eu\\\/wp-content\\\/uploads\\\/2023\\\/07\\\/cropped-decolight-siteicon.png\",\"width\":512,\"height\":512,\"caption\":\"decolights\"},\"image\":{\"@id\":\"https:\\\/\\\/decolights.eu\\\/#\\\/schema\\\/logo\\\/image\\\/\"}}]}<\/script>\n<!-- \/ Yoast SEO plugin. -->","yoast_head_json":{"title":"Luces solares para caminos (4 unidades) - Decolights.eu","description":"Las luces solares para caminos brindar\u00e1n una c\u00e1lida luz blanca en tu jard\u00edn, balc\u00f3n o terraza. Iluminar\u00e1n tu camino a casa. \u00a1No te pierdas el mejor precio, c\u00f3mpralas ya!","robots":{"index":"index","follow":"follow","max-snippet":"max-snippet:-1","max-image-preview":"max-image-preview:large","max-video-preview":"max-video-preview:-1"},"canonical":"https:\/\/decolights.eu\/es\/producto-2\/solar-path-lights-4pcs\/","og_locale":"es_ES","og_type":"article","og_title":"Solar Path Lights 4pcs - Decolights.eu","og_description":"Solar path lights will provide a warm white glow in your garden, balcony or terrace. It will lighten your path to home. Don't miss the best price, buy now!","og_url":"https:\/\/decolights.eu\/es\/producto-2\/solar-path-lights-4pcs\/","og_site_name":"Decolights.eu","article_modified_time":"2023-04-16T13:39:56+00:00","og_image":[{"url":"https:\/\/decolights.eu\/wp-content\/uploads\/2023\/04\/482-78_M2.png","width":600,"height":602,"type":"image\/png"}],"twitter_card":"summary_large_image","twitter_misc":{"Tiempo de lectura":"1 minuto"},"schema":{"@context":"https:\/\/schema.org","@graph":[{"@type":"WebPage","@id":"https:\/\/decolights.eu\/product\/solar-path-lights-4pcs\/","url":"https:\/\/decolights.eu\/product\/solar-path-lights-4pcs\/","name":"Luces solares para caminos (4 unidades) - Decolights.eu","isPartOf":{"@id":"https:\/\/decolights.eu\/#website"},"primaryImageOfPage":{"@id":"https:\/\/decolights.eu\/product\/solar-path-lights-4pcs\/#primaryimage"},"image":{"@id":"https:\/\/decolights.eu\/product\/solar-path-lights-4pcs\/#primaryimage"},"thumbnailUrl":"https:\/\/decolights.eu\/wp-content\/uploads\/2023\/04\/482-78_M2.png","datePublished":"2023-04-01T04:45:16+00:00","dateModified":"2023-04-16T13:39:56+00:00","description":"Las luces solares para caminos brindar\u00e1n una c\u00e1lida luz blanca en tu jard\u00edn, balc\u00f3n o terraza. Iluminar\u00e1n tu camino a casa. \u00a1No te pierdas el mejor precio, c\u00f3mpralas ya!","breadcrumb":{"@id":"https:\/\/decolights.eu\/product\/solar-path-lights-4pcs\/#breadcrumb"},"inLanguage":"es","potentialAction":[{"@type":"ReadAction","target":["https:\/\/decolights.eu\/product\/solar-path-lights-4pcs\/"]}]},{"@type":"ImageObject","inLanguage":"es","@id":"https:\/\/decolights.eu\/product\/solar-path-lights-4pcs\/#primaryimage","url":"https:\/\/decolights.eu\/wp-content\/uploads\/2023\/04\/482-78_M2.png","contentUrl":"https:\/\/decolights.eu\/wp-content\/uploads\/2023\/04\/482-78_M2.png","width":600,"height":602},{"@type":"BreadcrumbList","@id":"https:\/\/decolights.eu\/product\/solar-path-lights-4pcs\/#breadcrumb","itemListElement":[{"@type":"ListItem","position":1,"name":"Shop","item":"https:\/\/decolights.eu\/shop\/"},{"@type":"ListItem","position":2,"name":"Solar Path Lights 4pcs"}]},{"@type":"WebSite","@id":"https:\/\/decolights.eu\/#website","url":"https:\/\/decolights.eu\/","name":"decoluces","description":"Decoraciones Led para Hogar y Jard\u00edn","publisher":{"@id":"https:\/\/decolights.eu\/#organization"},"alternateName":"decolights.eu","potentialAction":[{"@type":"SearchAction","target":{"@type":"EntryPoint","urlTemplate":"https:\/\/decolights.eu\/?s={search_term_string}"},"query-input":{"@type":"PropertyValueSpecification","valueRequired":true,"valueName":"search_term_string"}}],"inLanguage":"es"},{"@type":"Organization","@id":"https:\/\/decolights.eu\/#organization","name":"decoluces","url":"https:\/\/decolights.eu\/","logo":{"@type":"ImageObject","inLanguage":"es","@id":"https:\/\/decolights.eu\/#\/schema\/logo\/image\/","url":"https:\/\/decolights.eu\/wp-content\/uploads\/2023\/07\/cropped-decolight-siteicon.png","contentUrl":"https:\/\/decolights.eu\/wp-content\/uploads\/2023\/07\/cropped-decolight-siteicon.png","width":512,"height":512,"caption":"decolights"},"image":{"@id":"https:\/\/decolights.eu\/#\/schema\/logo\/image\/"}}]}},"jetpack_sharing_enabled":true,"_links":{"self":[{"href":"https:\/\/decolights.eu\/es\/wp-json\/wp\/v2\/product\/6428","targetHints":{"allow":["GET"]}}],"collection":[{"href":"https:\/\/decolights.eu\/es\/wp-json\/wp\/v2\/product"}],"about":[{"href":"https:\/\/decolights.eu\/es\/wp-json\/wp\/v2\/types\/product"}],"replies":[{"embeddable":true,"href":"https:\/\/decolights.eu\/es\/wp-json\/wp\/v2\/comments?post=6428"}],"wp:featuredmedia":[{"embeddable":true,"href":"https:\/\/decolights.eu\/es\/wp-json\/wp\/v2\/media\/6542"}],"wp:attachment":[{"href":"https:\/\/decolights.eu\/es\/wp-json\/wp\/v2\/media?parent=6428"}],"wp:term":[{"taxonomy":"product_brand","embeddable":true,"href":"https:\/\/decolights.eu\/es\/wp-json\/wp\/v2\/product_brand?post=6428"},{"taxonomy":"product_cat","embeddable":true,"href":"https:\/\/decolights.eu\/es\/wp-json\/wp\/v2\/product_cat?post=6428"},{"taxonomy":"product_tag","embeddable":true,"href":"https:\/\/decolights.eu\/es\/wp-json\/wp\/v2\/product_tag?post=6428"}],"curies":[{"name":"wp","href":"https:\/\/api.w.org\/{rel}","templated":true}]}}