{"id":2911,"date":"2020-01-20T14:45:09","date_gmt":"2020-01-20T14:45:09","guid":{"rendered":"http:\/\/impreza15.us-themes.com\/?page_id=2911"},"modified":"2023-07-27T15:28:34","modified_gmt":"2023-07-27T15:28:34","slug":"returns","status":"publish","type":"page","link":"https:\/\/decolights.eu\/fi\/returns\/","title":{"rendered":"Palauttaa"},"content":{"rendered":"<section class=\"section\" id=\"section_1979834250\">\n\t\t<div class=\"bg section-bg fill bg-fill\" >\n\n\t\t\t\n\t\t\t\n\t\t\t\n\n\t\t<\/div>\n\n\t\t\n\n\t\t<div class=\"section-content relative\">\n\t\t\t\n\n<div class=\"row row-collapse\"  id=\"row-1599364936\">\n\n\n\t<div id=\"col-1715829530\" class=\"col small-12 large-12\"  >\n\t\t\t\t<div class=\"col-inner\"  >\n\t\t\t\n\t\t\t\n\n\t<div id=\"text-1317490573\" class=\"text\">\n\t\t\n\n<h2><strong>Palata<\/strong><\/h2>\n\n\t\t\n<style>\n#text-1317490573 {\n  font-size: 2rem;\n  text-align: center;\n  color: rgb(255,255,255);\n}\n#text-1317490573 > * {\n  color: rgb(255,255,255);\n}\n<\/style>\n\t<\/div>\n\t\n\n\t\t<\/div>\n\t\t\t\t\n<style>\n#col-1715829530 > .col-inner {\n  margin: 0px 0px -10px 0px;\n}\n<\/style>\n\t<\/div>\n\n\t\n\n<\/div>\n\n\t\t<\/div>\n\n\t\t\n<style>\n#section_1979834250 {\n  padding-top: 30px;\n  padding-bottom: 30px;\n  background-color: rgb(0,0,0);\n}\n#section_1979834250 .section-bg.bg-loaded {\n  background-image: url(https:\/\/decolights.eu\/wp-content\/uploads\/2023\/07\/decolights-shop-banner-black-new-scaled.jpg);\n}\n<\/style>\n\t<\/section>\n\t\n\t<section class=\"section\" id=\"section_343003983\">\n\t\t<div class=\"bg section-bg fill bg-fill  bg-loaded\" >\n\n\t\t\t\n\t\t\t\n\t\t\t\n\n\t\t<\/div>\n\n\t\t\n\n\t\t<div class=\"section-content relative\">\n\t\t\t\n\n<div class=\"row row-small\"  id=\"row-27001618\">\n\n\n\t<div id=\"col-1221441032\" class=\"col small-12 large-12\"  >\n\t\t\t\t<div class=\"col-inner\"  >\n\t\t\t\n\t\t\t\n\n\t<div id=\"text-1540582761\" class=\"text\">\n\t\t\n\n<h2><strong>Kuinka tehd\u00e4 palautus<\/strong><\/h2>\n<ol>\n<li>T\u00e4yt\u00e4 kaikki palautushakemuslomakkeen kent\u00e4t sivustollamme (l\u00f6ytyy sivun lopusta)<\/li>\n<li>Ilmoita tilaus ja tuotenumero<\/li>\n<li>Ilmoitamme jatkotoimista s\u00e4hk\u00f6postitse<\/li>\n<\/ol>\n<h2>Laadukkaiden tuotteiden palautus<\/h2>\n<p>Laadukkaiden tuotteiden palauttamisesta korvaamme vain tavaran kustannukset. Toimituskuluja ei hyvitet\u00e4. Sama p\u00e4tee laadukkaiden tuotteiden osittaiseen palautukseen \u2013 toimituskuluja ei my\u00f6sk\u00e4\u00e4n hyvitet\u00e4.<\/p>\n<p>Voit palauttaa tuotteen tai koko tilauksen, jos se t\u00e4ytt\u00e4\u00e4 alla olevat vaatimukset:<\/p>\n<ul>\n<li>Sek\u00e4 tuote(t) ett\u00e4 sen pakkaus tulee s\u00e4ilytt\u00e4\u00e4 alkuper\u00e4isiss\u00e4 olosuhteissaan<\/li>\n<li>Vahvistus ostoksestasi ja sen ehdoista<\/li>\n<li>Palautushakemus tulee j\u00e4tt\u00e4\u00e4 14 p\u00e4iv\u00e4n kuluessa ostosta.<\/li>\n<\/ul>\n<h2>Viallisen tavaran palautus<\/h2>\n<p>Voit palauttaa vialliset tuotteet hyvitt\u00e4m\u00e4ll\u00e4 sek\u00e4 tilaushinnan ett\u00e4 toimituskulut. Osittaisen palautuksen yhteydess\u00e4 toimituskuluja ei korvata.<\/p>\n<p>Pid\u00e4mme tuotetta viallisena, jos se t\u00e4ytt\u00e4\u00e4 yhden seuraavista ehdoista: tuotteet, joissa on v\u00e4\u00e4r\u00e4 tuote, v\u00e4ri, tyyli, laatu, koko. Asettelu- ja suunnitteluelementtien eroja ei pidet\u00e4 ep\u00e4laadukkaan tuotteen indikaattorina.<\/p>\n<p>Palautukset suoritetaan 7 arkip\u00e4iv\u00e4n sis\u00e4ll\u00e4 siit\u00e4 hetkest\u00e4, kun olemme vastaanottaneet palautetun tuotteen, saat asiaankuuluvan s\u00e4hk\u00f6posti-ilmoituksen. Jos hyvitys on ongelma pankkitilille, palautusaikaa voidaan pident\u00e4\u00e4 pankin maksujen k\u00e4sittelyehtojen vuoksi, ota yhteytt\u00e4 pankkiisi saadaksesi lis\u00e4tietoja.<\/p>\n\t\t\n<style>\n#text-1540582761 {\n  color: rgb(0,0,0);\n}\n#text-1540582761 > * {\n  color: rgb(0,0,0);\n}\n<\/style>\n\t<\/div>\n\t\n\n\t\t<\/div>\n\t\t\t\t\t<\/div>\n\n\t\n\n<\/div>\n\n\t\t<\/div>\n\n\t\t\n<style>\n#section_343003983 {\n  padding-top: 40px;\n  padding-bottom: 40px;\n  background-color: rgb(255,255,255);\n}\n<\/style>\n\t<\/section>","protected":false},"excerpt":{"rendered":"","protected":false},"author":1,"featured_media":0,"parent":0,"menu_order":0,"comment_status":"closed","ping_status":"closed","template":"page-blank.php","meta":{"footnotes":""},"class_list":["post-2911","page","type-page","status-publish","hentry"],"yoast_head":"<!-- This site is optimized with the Yoast SEO plugin v27.3 - https:\/\/yoast.com\/product\/yoast-seo-wordpress\/ -->\n<title>Returns - Decolights.eu<\/title>\n<meta name=\"description\" content=\"Visit this page to read about the refunds policy. The page contains information about return of low-quality and defective products.\" \/>\n<meta name=\"robots\" content=\"index, follow, max-snippet:-1, max-image-preview:large, max-video-preview:-1\" \/>\n<link rel=\"canonical\" href=\"https:\/\/decolights.eu\/fi\/returns\/\" \/>\n<meta property=\"og:locale\" content=\"fi_FI\" \/>\n<meta property=\"og:type\" content=\"article\" \/>\n<meta property=\"og:title\" content=\"Returns - Decolights.eu\" \/>\n<meta property=\"og:description\" content=\"Visit this page to read about the refunds policy. The page contains information about return of low-quality and defective products.\" \/>\n<meta property=\"og:url\" content=\"https:\/\/decolights.eu\/fi\/returns\/\" \/>\n<meta property=\"og:site_name\" content=\"Decolights.eu\" \/>\n<meta property=\"article:modified_time\" content=\"2023-07-27T15:28:34+00:00\" \/>\n<meta property=\"og:image\" content=\"https:\/\/decolights.eu\/wp-content\/uploads\/2023\/07\/DecoLights-yoast-logo.jpg\" \/>\n\t<meta property=\"og:image:width\" content=\"1200\" \/>\n\t<meta property=\"og:image:height\" content=\"675\" \/>\n\t<meta property=\"og:image:type\" content=\"image\/jpeg\" \/>\n<meta name=\"twitter:card\" content=\"summary_large_image\" \/>\n<meta name=\"twitter:label1\" content=\"Arvioitu lukuaika\" \/>\n\t<meta name=\"twitter:data1\" content=\"2 minuuttia\" \/>\n<script type=\"application\/ld+json\" class=\"yoast-schema-graph\">{\"@context\":\"https:\\\/\\\/schema.org\",\"@graph\":[{\"@type\":\"WebPage\",\"@id\":\"https:\\\/\\\/decolights.eu\\\/returns\\\/\",\"url\":\"https:\\\/\\\/decolights.eu\\\/returns\\\/\",\"name\":\"Returns - Decolights.eu\",\"isPartOf\":{\"@id\":\"https:\\\/\\\/decolights.eu\\\/#website\"},\"datePublished\":\"2020-01-20T14:45:09+00:00\",\"dateModified\":\"2023-07-27T15:28:34+00:00\",\"description\":\"Visit this page to read about the refunds policy. The page contains information about return of low-quality and defective products.\",\"inLanguage\":\"fi\",\"potentialAction\":[{\"@type\":\"ReadAction\",\"target\":[\"https:\\\/\\\/decolights.eu\\\/returns\\\/\"]}]},{\"@type\":\"WebSite\",\"@id\":\"https:\\\/\\\/decolights.eu\\\/#website\",\"url\":\"https:\\\/\\\/decolights.eu\\\/\",\"name\":\"decolights\",\"description\":\"Led Decorations for Home and Garden\",\"publisher\":{\"@id\":\"https:\\\/\\\/decolights.eu\\\/#organization\"},\"alternateName\":\"decolights.eu\",\"potentialAction\":[{\"@type\":\"SearchAction\",\"target\":{\"@type\":\"EntryPoint\",\"urlTemplate\":\"https:\\\/\\\/decolights.eu\\\/?s={search_term_string}\"},\"query-input\":{\"@type\":\"PropertyValueSpecification\",\"valueRequired\":true,\"valueName\":\"search_term_string\"}}],\"inLanguage\":\"fi\"},{\"@type\":\"Organization\",\"@id\":\"https:\\\/\\\/decolights.eu\\\/#organization\",\"name\":\"decolights\",\"url\":\"https:\\\/\\\/decolights.eu\\\/\",\"logo\":{\"@type\":\"ImageObject\",\"inLanguage\":\"fi\",\"@id\":\"https:\\\/\\\/decolights.eu\\\/#\\\/schema\\\/logo\\\/image\\\/\",\"url\":\"https:\\\/\\\/decolights.eu\\\/wp-content\\\/uploads\\\/2023\\\/07\\\/cropped-decolight-siteicon.png\",\"contentUrl\":\"https:\\\/\\\/decolights.eu\\\/wp-content\\\/uploads\\\/2023\\\/07\\\/cropped-decolight-siteicon.png\",\"width\":512,\"height\":512,\"caption\":\"decolights\"},\"image\":{\"@id\":\"https:\\\/\\\/decolights.eu\\\/#\\\/schema\\\/logo\\\/image\\\/\"}}]}<\/script>\n<!-- \/ Yoast SEO plugin. -->","yoast_head_json":{"title":"Palautukset - Decolights.eu","description":"Vieraile t\u00e4ll\u00e4 sivulla lukeaksesi hyvitysk\u00e4yt\u00e4nn\u00f6st\u00e4. Sivulla on tietoa huonolaatuisten ja viallisten tuotteiden palautuksesta.","robots":{"index":"index","follow":"follow","max-snippet":"max-snippet:-1","max-image-preview":"max-image-preview:large","max-video-preview":"max-video-preview:-1"},"canonical":"https:\/\/decolights.eu\/fi\/returns\/","og_locale":"fi_FI","og_type":"article","og_title":"Returns - Decolights.eu","og_description":"Visit this page to read about the refunds policy. The page contains information about return of low-quality and defective products.","og_url":"https:\/\/decolights.eu\/fi\/returns\/","og_site_name":"Decolights.eu","article_modified_time":"2023-07-27T15:28:34+00:00","og_image":[{"width":1200,"height":675,"url":"https:\/\/decolights.eu\/wp-content\/uploads\/2023\/07\/DecoLights-yoast-logo.jpg","type":"image\/jpeg"}],"twitter_card":"summary_large_image","twitter_misc":{"Arvioitu lukuaika":"2 minuuttia"},"schema":{"@context":"https:\/\/schema.org","@graph":[{"@type":"WebPage","@id":"https:\/\/decolights.eu\/returns\/","url":"https:\/\/decolights.eu\/returns\/","name":"Palautukset - Decolights.eu","isPartOf":{"@id":"https:\/\/decolights.eu\/#website"},"datePublished":"2020-01-20T14:45:09+00:00","dateModified":"2023-07-27T15:28:34+00:00","description":"Vieraile t\u00e4ll\u00e4 sivulla lukeaksesi hyvitysk\u00e4yt\u00e4nn\u00f6st\u00e4. Sivulla on tietoa huonolaatuisten ja viallisten tuotteiden palautuksesta.","inLanguage":"fi","potentialAction":[{"@type":"ReadAction","target":["https:\/\/decolights.eu\/returns\/"]}]},{"@type":"WebSite","@id":"https:\/\/decolights.eu\/#website","url":"https:\/\/decolights.eu\/","name":"decolights","description":"Led-koristeet kotiin ja puutarhaan","publisher":{"@id":"https:\/\/decolights.eu\/#organization"},"alternateName":"decolights.eu","potentialAction":[{"@type":"SearchAction","target":{"@type":"EntryPoint","urlTemplate":"https:\/\/decolights.eu\/?s={search_term_string}"},"query-input":{"@type":"PropertyValueSpecification","valueRequired":true,"valueName":"search_term_string"}}],"inLanguage":"fi"},{"@type":"Organization","@id":"https:\/\/decolights.eu\/#organization","name":"decolights","url":"https:\/\/decolights.eu\/","logo":{"@type":"ImageObject","inLanguage":"fi","@id":"https:\/\/decolights.eu\/#\/schema\/logo\/image\/","url":"https:\/\/decolights.eu\/wp-content\/uploads\/2023\/07\/cropped-decolight-siteicon.png","contentUrl":"https:\/\/decolights.eu\/wp-content\/uploads\/2023\/07\/cropped-decolight-siteicon.png","width":512,"height":512,"caption":"decolights"},"image":{"@id":"https:\/\/decolights.eu\/#\/schema\/logo\/image\/"}}]}},"jetpack_sharing_enabled":true,"_links":{"self":[{"href":"https:\/\/decolights.eu\/fi\/wp-json\/wp\/v2\/pages\/2911","targetHints":{"allow":["GET"]}}],"collection":[{"href":"https:\/\/decolights.eu\/fi\/wp-json\/wp\/v2\/pages"}],"about":[{"href":"https:\/\/decolights.eu\/fi\/wp-json\/wp\/v2\/types\/page"}],"author":[{"embeddable":true,"href":"https:\/\/decolights.eu\/fi\/wp-json\/wp\/v2\/users\/1"}],"replies":[{"embeddable":true,"href":"https:\/\/decolights.eu\/fi\/wp-json\/wp\/v2\/comments?post=2911"}],"version-history":[{"count":0,"href":"https:\/\/decolights.eu\/fi\/wp-json\/wp\/v2\/pages\/2911\/revisions"}],"wp:attachment":[{"href":"https:\/\/decolights.eu\/fi\/wp-json\/wp\/v2\/media?parent=2911"}],"curies":[{"name":"wp","href":"https:\/\/api.w.org\/{rel}","templated":true}]}}