{"id":3,"date":"2020-11-17T21:01:34","date_gmt":"2020-11-17T21:01:34","guid":{"rendered":"http:\/\/impreza15.us-themes.com\/?page_id=3"},"modified":"2025-09-07T07:20:37","modified_gmt":"2025-09-07T07:20:37","slug":"privacy-policy","status":"publish","type":"page","link":"https:\/\/decolights.eu\/fi\/privacy-policy\/","title":{"rendered":"Tietosuojak\u00e4yt\u00e4nt\u00f6"},"content":{"rendered":"<p><span style=\"font-size: 14.4px;\">Decolights.eu on sitoutunut suojelemaan asiakkaidensa ja k\u00e4ytt\u00e4jiens\u00e4 yksityisyytt\u00e4. T\u00e4m\u00e4n mukaisesti olemme laatineet t\u00e4m\u00e4n tietosuojak\u00e4yt\u00e4nn\u00f6n, joka kattaa asiakastietojen ker\u00e4\u00e4misen, k\u00e4yt\u00f6n, luovuttamisen, siirron ja tallentamisen. Toimintamme Internetiss\u00e4 noudattaa kaikkia asiaankuuluvia k\u00e4yt\u00e4nt\u00f6j\u00e4 ja asiaankuuluvaa Euroopan unionin lains\u00e4\u00e4d\u00e4nt\u00f6\u00e4 ja Viron tasavallan lakeja. Ota hetki aikaa lukeaksesi tietosuojak\u00e4yt\u00e4nt\u00f6mme.<\/span><\/p>\n<div class=\"w-post-elm post_content\">\n<p><strong>Henkil\u00f6tietojen ker\u00e4\u00e4minen ja k\u00e4ytt\u00f6<\/strong><\/p>\n<p>Henkil\u00f6tiedot ovat tietoja, joita Decolights.eu ker\u00e4\u00e4, kun h\u00e4n t\u00e4ytt\u00e4\u00e4 sopimusta tai ottaa yhteytt\u00e4 henkil\u00f6\u00f6n.<\/p>\n<p><strong>Maksutiedot<\/strong><\/p>\n<p>Maksut suoritetaan verkkokaupan ulkopuolella suojatussa ymp\u00e4rist\u00f6ss\u00e4 \u2013 pankkisiirtomaksuissa Kevin.eu UAB kyseisen pankin suojatussa ymp\u00e4rist\u00f6ss\u00e4 ja Stripe luottokorttimaksuissa suojatussa ymp\u00e4rist\u00f6ss\u00e4. Myyj\u00e4ll\u00e4 ei ole p\u00e4\u00e4sy\u00e4 asiakkaan pankki- ja luottokorttitietoihin.<\/p>\n<p><strong>Kanta-asiakkaan henkil\u00f6tietoja voidaan ker\u00e4t\u00e4 seuraavilla tavoilla:<\/strong><\/p>\n<p>L\u00e4hett\u00e4m\u00e4ll\u00e4 yhteystietosi (mukaan lukien nimesi, henkil\u00f6tunnuksesi, postiosoitteesi, puhelinnumerosi, s\u00e4hk\u00f6postiosoitteesi, haluamasi yhteydenottotapa) verkkosivuillamme tai muualla (esim. liikkeiss\u00e4).<br \/>kun k\u00e4yt\u00e4t verkkosivustoa asiakastilisi tiedoista tai ev\u00e4steiden kautta.<br \/>kun teet ostoksen tai teet tilauksen myym\u00e4l\u00e4ss\u00e4mme tai verkkokaupassamme tallentamalla henkil\u00f6kohtaisia yhteystietojasi tai tietoja ostomieltymyksist\u00e4si (decolights.eu voi pyyt\u00e4\u00e4 sinua antamaan vapaaehtoisesti henkil\u00f6tietoja ja henkil\u00f6tietoja tietyill\u00e4 verkkosivuston alueilla. Henkil\u00f6kohtainen pyydetyt tiedot voivat sis\u00e4lt\u00e4\u00e4 nimen, osoitteen, postinumeron, s\u00e4hk\u00f6postiosoitteen, puhelinnumeron ja muita tietoja).<br \/>Muiden tietojen ker\u00e4\u00e4minen<\/p>\n<p>Ker\u00e4\u00e4mme my\u00f6s ei-henkil\u00f6kohtaisia tietoja \u2013 tietoja, joita ei voida suoraan yhdist\u00e4\u00e4 tiettyyn henkil\u00f6\u00f6n (sukupuoli, ik\u00e4, kielitoiveet, sijainti).<\/p>\n<p>Saatamme my\u00f6s ker\u00e4t\u00e4 tietoja yleisest\u00e4 asiakastoiminnasta myym\u00e4l\u00f6iss\u00e4mme ja verkkosivuillamme. N\u00e4m\u00e4 tiedot kootaan ja niit\u00e4 k\u00e4ytet\u00e4\u00e4n auttamaan meit\u00e4 tarjoamaan hy\u00f6dyllisemp\u00e4\u00e4 tietoa asiakkaillemme ja oppimaan, mitk\u00e4 verkkosivustomme osat, tuotteet ja palvelut kiinnostavat heit\u00e4 eniten. Koottuja tietoja k\u00e4sitell\u00e4\u00e4n t\u00e4ss\u00e4 tietosuojak\u00e4yt\u00e4nn\u00f6ss\u00e4 ei-henkil\u00f6kohtaisina tietoina.<\/p>\n<p><strong>Ker\u00e4ttyjen henkil\u00f6tietojen k\u00e4ytt\u00f6<\/strong><\/p>\n<p>Ker\u00e4ttyjen henkil\u00f6tietojen avulla voimme informoida asiakkaita decolights.eu-tuoteuutisista, kampanjoista ja tulevista tapahtumista. Asiakas, joka ei halua olla uutiskirjelistallamme tai saada ilmoituksia h\u00e4nt\u00e4 mahdollisesti kiinnostavista tuotteista, voi milloin tahansa kielt\u00e4yty\u00e4 kohteesta. Ker\u00e4ttyj\u00e4 henkil\u00f6tietoja k\u00e4ytet\u00e4\u00e4n my\u00f6s tavaroiden toimittamiseen ja asiakkaalle annettujen sitoumustemme t\u00e4ytt\u00e4miseen.<\/p>\n<p>Asiakasta paremmin palvellakseen decolights.eu voi luovuttaa yksitt\u00e4isi\u00e4 k\u00e4ytt\u00e4ji\u00e4 koskevia tietoja kolmannelle osapuolelle, joka tarjoaa Decolights.eu-palveluita ja on sopimusvelvollinen pit\u00e4m\u00e4\u00e4n jaetut tiedot luottamuksellisina. Esimerkkin\u00e4 kolmannesta osapuolesta on kumppanimme, joka vastaa verkkokaupassa myyt\u00e4vien tavaroiden kuljetuksista.<\/p>\n<p>Ker\u00e4ttyjen henkil\u00f6tietojen muuttaminen<\/p>\n<p>Henkil\u00f6tietoja, jotka on ker\u00e4tty tunnistaaksesi ja ottaaksesi sinuun yhteytt\u00e4, voidaan tarkastella, muokata ja p\u00e4ivitt\u00e4\u00e4 verkkosivustomme &quot;Omat tiedot&quot; -osiossa.<\/p>\n<p>Henkil\u00f6tietojen suoja<\/p>\n<p>Decolights.eu ryhtyy kaikkiin varotoimiin (mukaan lukien hallinnolliset, tekniset ja fyysiset toimenpiteet) asiakkaan henkil\u00f6tietojen suojaamiseksi. P\u00e4\u00e4sy tietojen muokkaamiseen ja k\u00e4sittelyyn on rajoitettu valtuutetuille henkil\u00f6ille.<\/p>\n<p>Turvallisuus<\/p>\n<p>Kaikki decolights.eu-verkkokaupassa vierailun ja ostosten yhteydess\u00e4 luovutetut asiakkaan henkil\u00f6tiedot k\u00e4sitell\u00e4\u00e4n luottamuksellisina tietoina. Salattu tietoliikennekanava pankkien kanssa varmistaa ostajan henkil\u00f6tietojen ja pankkitapahtumien turvallisuuden.<\/p>\n<p>Tietosuojak\u00e4yt\u00e4nn\u00f6n ehdot ja muutokset<\/p>\n<p>Avaamalla decolights.eu-verkkosivuston tai t\u00e4ytt\u00e4m\u00e4ll\u00e4 kanta-asiakashakemuksen, olet lukenut ja hyv\u00e4ksynyt n\u00e4m\u00e4 ehdot. Pid\u00e4t\u00e4mme oikeuden muuttaa t\u00e4m\u00e4n tietosuojaselosteen yleisi\u00e4 ehtoja tarvittaessa ilmoittamalla siit\u00e4 kaikille kanta-asiakkaille.<\/p>\n<p>Ota meihin yhteytt\u00e4 osoitteeseen info@decolights.eu, jos sinulla on kysytt\u00e4v\u00e4\u00e4 tai huolenaiheita tietosuojak\u00e4yt\u00e4nn\u00f6st\u00e4 tai tietojenk\u00e4sittelyst\u00e4.<\/p>\n<p><strong>HENKIL\u00d6TIETOJEN K\u00c4SITTELY<\/strong><\/p>\n<p>The personal data controller of the webshop Decolights.eu is KS led O\u00dc (reg. no.:14710780) e-mail info@decolights.eu<\/p>\n<p><strong>Mit\u00e4 henkil\u00f6tietoja k\u00e4sitell\u00e4\u00e4n<\/strong><\/p>\n<ul>\n<li>nimi, puhelinnumero ja s\u00e4hk\u00f6postiosoite;<\/li>\n<li>toimitusosoite;<\/li>\n<li>pankkitilin numero (palautus);<\/li>\n<li>tavaroiden ja palvelujen hinta ja maksutiedot (ostohistoria);<\/li>\n<li>asiakastuen tiedot.<\/li>\n<\/ul>\n<p><strong>Tarkoitukset, joita varten henkil\u00f6tietoja k\u00e4sitell\u00e4\u00e4n<\/strong><\/p>\n<p>Henkil\u00f6tietoja k\u00e4ytet\u00e4\u00e4n asiakkaiden tilausten k\u00e4sittelyyn ja tavaroiden toimittamiseen.<\/p>\n<p>Ostohistoriatietoja (ostop\u00e4iv\u00e4, tavarat, m\u00e4\u00e4r\u00e4, asiakastiedot) k\u00e4ytet\u00e4\u00e4n yleiskatsauksen laatimiseen ostetuista tuotteista ja palveluista sek\u00e4 asiakkaiden mieltymysten analysointiin.<\/p>\n<p>Pankkitilinumeroa k\u00e4ytet\u00e4\u00e4n maksujen palauttamiseen asiakkaalle.<\/p>\n<p>Henkil\u00f6tietoja, kuten s\u00e4hk\u00f6postiosoitetta, puhelinnumeroa, asiakkaan nime\u00e4, k\u00e4sitell\u00e4\u00e4n tavaroiden ja palvelujen toimittamiseen liittyvien ongelmien ratkaisemiseksi (asiakastuki).<\/p>\n<p>Verkkokaupan k\u00e4ytt\u00e4j\u00e4n IP-osoitetta tai muita verkkotunnisteita k\u00e4sitell\u00e4\u00e4n verkkokaupan tarjoamiseksi tietoyhteiskuntapalveluna sek\u00e4 verkkok\u00e4ytt\u00f6tilastojen laatimista varten.<\/p>\n<p><strong>Oikeusperusta<\/strong><\/p>\n<p>Henkil\u00f6tietoja k\u00e4sitell\u00e4\u00e4n asiakkaan kanssa tehdyn sopimuksen t\u00e4ytt\u00e4miseksi.<\/p>\n<p>Henkil\u00f6tietoja k\u00e4sitell\u00e4\u00e4n lakis\u00e4\u00e4teisen velvoitteen t\u00e4ytt\u00e4miseksi (esim. kirjanpito ja kuluttajariitojen ratkaiseminen).<\/p>\n<p>Vastaanottajat, joille henkil\u00f6tietoja siirret\u00e4\u00e4n<\/p>\n<p>Henkil\u00f6tiedot siirret\u00e4\u00e4n verkkokaupan asiakastukeen ostosten ja ostohistorian hallintaa sek\u00e4 asiakasongelmien ratkaisemista varten.<\/p>\n<p>Nimi, puhelinnumero ja s\u00e4hk\u00f6postiosoite v\u00e4litet\u00e4\u00e4n asiakkaan valitsemalle kuljetuspalvelun tarjoajalle. Kuriiritoimituksella toimitettavien tavaroiden osalta v\u00e4litet\u00e4\u00e4n yhteystietojen lis\u00e4ksi asiakkaan osoite.<\/p>\n<p>Jos palveluntarjoaja pit\u00e4\u00e4 verkkokaupan kirjanpitoa, henkil\u00f6tiedot v\u00e4litet\u00e4\u00e4n palveluntarjoajalle kirjanpitotoimintaa varten.<\/p>\n<p>Henkil\u00f6tietoja voidaan siirt\u00e4\u00e4 tietotekniikan palveluntarjoajille, jos se on tarpeen verkkokaupan toimivuuden tai tietojen saatavuuden varmistamiseksi.<\/p>\n<p><strong>Tietoturva ja p\u00e4\u00e4sy tietoihin<\/strong><\/p>\n<p>Henkil\u00f6tietoja s\u00e4ilytet\u00e4\u00e4n Zone Media O\u00dc:n palvelimilla, jotka sijaitsevat Euroopan unionin j\u00e4senvaltion tai Euroopan talousalueen j\u00e4senmaan alueella. Tietoja voidaan siirt\u00e4\u00e4 maihin, joiden tietosuojan tason Euroopan komissio on arvioinut riitt\u00e4v\u00e4ksi, sek\u00e4 yhdysvaltalaisille yrityksille, jotka ovat allekirjoittaneet Privacy Shield -kehyksen.<\/p>\n<p>P\u00e4\u00e4sy henkil\u00f6tietoihin my\u00f6nnet\u00e4\u00e4n verkkokaupan ty\u00f6ntekij\u00f6ille, joilla on p\u00e4\u00e4sy henkil\u00f6tietoihin verkkokaupan k\u00e4ytt\u00f6\u00f6n liittyvien teknisten ongelmien ratkaisemiseksi ja asiakaspalvelun tarjoamiseksi.<\/p>\n<p>Verkkokauppa toteuttaa asianmukaisia fyysisi\u00e4, organisatorisia ja IT-turvatoimenpiteit\u00e4 henkil\u00f6tietojen suojaamiseksi vahingossa tapahtuvalta tai laittomalta tuhoamiselta, katoamiselta, muuttamiselta tai luvattomalta k\u00e4yt\u00f6lt\u00e4 ja luovuttamiselta.<\/p>\n<p>Henkil\u00f6tietojen siirto verkkokaupan k\u00e4sittelij\u00f6ille (esim. kuljetuspalvelun tarjoajille ja tietojen ker\u00e4\u00e4jille) tapahtuu verkkokaupan ja k\u00e4sittelij\u00f6iden v\u00e4listen sopimusten mukaisesti. K\u00e4sittelij\u00e4t ovat velvollisia varmistamaan asianmukaiset suojatoimet henkil\u00f6tietoja k\u00e4sitelless\u00e4\u00e4n.<\/p>\n<p>Henkil\u00f6tietoihin p\u00e4\u00e4sy ja niiden oikaisu<\/p>\n<p>Henkil\u00f6tietoihin p\u00e4\u00e4see k\u00e4siksi ja niit\u00e4 voi korjata verkkokaupan k\u00e4ytt\u00e4j\u00e4profiilissa. Jos ostos on tehty ilman k\u00e4ytt\u00e4j\u00e4tunnusta, henkil\u00f6tietoihin p\u00e4\u00e4see k\u00e4siksi verkkokaupan kautta.<\/p>\n<p><strong>Suostumuksen peruuttaminen<\/strong><\/p>\n<p>Jos henkil\u00f6tietojen k\u00e4sittely perustuu asiakkaan suostumukseen, asiakkaalla on oikeus peruuttaa suostumuksensa ilmoittamalla siit\u00e4 asiakaspalveluun s\u00e4hk\u00f6postitse.<\/p>\n<p>S\u00e4ilytys<\/p>\n<p>Henkil\u00f6tiedot poistetaan verkkokaupan asiakastilin sulkemisen yhteydess\u00e4, ellei n\u00e4it\u00e4 tietoja tarvitse s\u00e4ilytt\u00e4\u00e4 kirjanpitoa tai kuluttajariitojen ratkaisemista varten.<\/p>\n<p>Jos verkkokaupassa on tehty ostos ilman asiakastili\u00e4, ostohistoriaa s\u00e4ilytet\u00e4\u00e4n kolme vuotta.<\/p>\n<p>Maksuihin ja kuluttajariitoihin liittyviss\u00e4 riita-asioissa henkil\u00f6tietoja s\u00e4ilytet\u00e4\u00e4n, kunnes vaatimus on ratkaistu tai vanhentumisaika umpeutuu.<\/p>\n<p>Kirjanpitoon tarvittavia henkil\u00f6tietoja s\u00e4ilytet\u00e4\u00e4n seitsem\u00e4n vuotta.<\/p>\n<p><strong>Poistaminen<\/strong><\/p>\n<p>Henkil\u00f6tietojen poistamiseksi ota yhteytt\u00e4 asiakastukeen s\u00e4hk\u00f6postitse. Poistopyynt\u00f6\u00f6n l\u00e4hetet\u00e4\u00e4n vastaus viimeist\u00e4\u00e4n kuukauden kuluessa, ja siin\u00e4 ilmoitetaan poiston aika.<\/p>\n<p><strong>Siirr\u00e4<\/strong><\/p>\n<p>S\u00e4hk\u00f6postitse tehtyihin henkil\u00f6tietojen siirtopyynt\u00f6ihin vastataan viimeist\u00e4\u00e4n kuukauden kuluessa. Asiakastuki tarkistaa henkil\u00f6llisyyden ja ilmoittaa siirrett\u00e4vist\u00e4 henkil\u00f6tiedoista.<\/p>\n<p><strong>Suoramarkkinointiviestint\u00e4<\/strong><\/p>\n<p>S\u00e4hk\u00f6postiosoitetta ja puhelinnumeroa k\u00e4ytet\u00e4\u00e4n suoramarkkinointiviestinn\u00e4n l\u00e4hett\u00e4miseen, mik\u00e4li asiakas on antanut siihen suostumuksensa. Jos asiakas ei halua vastaanottaa suoramarkkinointiviestint\u00e4\u00e4, h\u00e4nen tulee valita s\u00e4hk\u00f6postin alatunnisteesta sopiva viite tai ottaa yhteytt\u00e4 asiakastukeen.<\/p>\n<p>Jos henkil\u00f6tietoja k\u00e4sitell\u00e4\u00e4n suoramarkkinointia (profilointia) varten, asiakkaalla on oikeus milloin tahansa vastustaa henkil\u00f6tietojensa alku- ja jatkok\u00e4sittely\u00e4, mukaan lukien suoramarkkinointiin liittyv\u00e4 profilointi, ilmoittamalla asiasta asiakkaalle. tukea s\u00e4hk\u00f6postitse.<\/p>\n<p><strong>Riidanratkaisu<\/strong><\/p>\n<p>Henkil\u00f6tietojen k\u00e4sittelyyn liittyv\u00e4t erimielisyydet voidaan ratkaista asiakastuen kautta osoitteessa info@Decolights.eu. Valvontaviranomainen on Viron tietosuojatarkastus (info@aki.ee).<\/p>\n<\/div>","protected":false},"excerpt":{"rendered":"","protected":false},"author":1,"featured_media":0,"parent":0,"menu_order":0,"comment_status":"closed","ping_status":"open","template":"","meta":{"footnotes":""},"class_list":["post-3","page","type-page","status-publish","hentry"],"yoast_head":"<!-- This site is optimized with the Yoast SEO plugin v27.3 - https:\/\/yoast.com\/product\/yoast-seo-wordpress\/ -->\n<title>Privacy Policy - Decolights.eu<\/title>\n<meta name=\"robots\" content=\"index, follow, max-snippet:-1, max-image-preview:large, max-video-preview:-1\" \/>\n<link rel=\"canonical\" href=\"https:\/\/decolights.eu\/fi\/privacy-policy\/\" \/>\n<meta property=\"og:locale\" content=\"fi_FI\" \/>\n<meta property=\"og:type\" content=\"article\" \/>\n<meta property=\"og:title\" content=\"Privacy Policy - Decolights.eu\" \/>\n<meta property=\"og:url\" content=\"https:\/\/decolights.eu\/fi\/privacy-policy\/\" \/>\n<meta property=\"og:site_name\" content=\"Decolights.eu\" \/>\n<meta property=\"article:modified_time\" content=\"2025-09-07T07:20:37+00:00\" \/>\n<meta property=\"og:image\" content=\"https:\/\/decolights.eu\/wp-content\/uploads\/2023\/07\/DecoLights-yoast-logo.jpg\" \/>\n\t<meta property=\"og:image:width\" content=\"1200\" \/>\n\t<meta property=\"og:image:height\" content=\"675\" \/>\n\t<meta property=\"og:image:type\" content=\"image\/jpeg\" \/>\n<meta name=\"twitter:card\" content=\"summary_large_image\" \/>\n<meta name=\"twitter:label1\" content=\"Arvioitu lukuaika\" \/>\n\t<meta name=\"twitter:data1\" content=\"8 minuuttia\" \/>\n<script type=\"application\/ld+json\" class=\"yoast-schema-graph\">{\"@context\":\"https:\\\/\\\/schema.org\",\"@graph\":[{\"@type\":\"WebPage\",\"@id\":\"https:\\\/\\\/decolights.eu\\\/privacy-policy\\\/\",\"url\":\"https:\\\/\\\/decolights.eu\\\/privacy-policy\\\/\",\"name\":\"Privacy Policy - Decolights.eu\",\"isPartOf\":{\"@id\":\"https:\\\/\\\/decolights.eu\\\/#website\"},\"datePublished\":\"2020-11-17T21:01:34+00:00\",\"dateModified\":\"2025-09-07T07:20:37+00:00\",\"inLanguage\":\"fi\",\"potentialAction\":[{\"@type\":\"ReadAction\",\"target\":[\"https:\\\/\\\/decolights.eu\\\/privacy-policy\\\/\"]}]},{\"@type\":\"WebSite\",\"@id\":\"https:\\\/\\\/decolights.eu\\\/#website\",\"url\":\"https:\\\/\\\/decolights.eu\\\/\",\"name\":\"decolights\",\"description\":\"Led Decorations for Home and Garden\",\"publisher\":{\"@id\":\"https:\\\/\\\/decolights.eu\\\/#organization\"},\"alternateName\":\"decolights.eu\",\"potentialAction\":[{\"@type\":\"SearchAction\",\"target\":{\"@type\":\"EntryPoint\",\"urlTemplate\":\"https:\\\/\\\/decolights.eu\\\/?s={search_term_string}\"},\"query-input\":{\"@type\":\"PropertyValueSpecification\",\"valueRequired\":true,\"valueName\":\"search_term_string\"}}],\"inLanguage\":\"fi\"},{\"@type\":\"Organization\",\"@id\":\"https:\\\/\\\/decolights.eu\\\/#organization\",\"name\":\"decolights\",\"url\":\"https:\\\/\\\/decolights.eu\\\/\",\"logo\":{\"@type\":\"ImageObject\",\"inLanguage\":\"fi\",\"@id\":\"https:\\\/\\\/decolights.eu\\\/#\\\/schema\\\/logo\\\/image\\\/\",\"url\":\"https:\\\/\\\/decolights.eu\\\/wp-content\\\/uploads\\\/2023\\\/07\\\/cropped-decolight-siteicon.png\",\"contentUrl\":\"https:\\\/\\\/decolights.eu\\\/wp-content\\\/uploads\\\/2023\\\/07\\\/cropped-decolight-siteicon.png\",\"width\":512,\"height\":512,\"caption\":\"decolights\"},\"image\":{\"@id\":\"https:\\\/\\\/decolights.eu\\\/#\\\/schema\\\/logo\\\/image\\\/\"}}]}<\/script>\n<!-- \/ Yoast SEO plugin. -->","yoast_head_json":{"title":"Tietosuojak\u00e4yt\u00e4nt\u00f6 - Decolights.eu","robots":{"index":"index","follow":"follow","max-snippet":"max-snippet:-1","max-image-preview":"max-image-preview:large","max-video-preview":"max-video-preview:-1"},"canonical":"https:\/\/decolights.eu\/fi\/privacy-policy\/","og_locale":"fi_FI","og_type":"article","og_title":"Privacy Policy - Decolights.eu","og_url":"https:\/\/decolights.eu\/fi\/privacy-policy\/","og_site_name":"Decolights.eu","article_modified_time":"2025-09-07T07:20:37+00:00","og_image":[{"width":1200,"height":675,"url":"https:\/\/decolights.eu\/wp-content\/uploads\/2023\/07\/DecoLights-yoast-logo.jpg","type":"image\/jpeg"}],"twitter_card":"summary_large_image","twitter_misc":{"Arvioitu lukuaika":"8 minuuttia"},"schema":{"@context":"https:\/\/schema.org","@graph":[{"@type":"WebPage","@id":"https:\/\/decolights.eu\/privacy-policy\/","url":"https:\/\/decolights.eu\/privacy-policy\/","name":"Tietosuojak\u00e4yt\u00e4nt\u00f6 - Decolights.eu","isPartOf":{"@id":"https:\/\/decolights.eu\/#website"},"datePublished":"2020-11-17T21:01:34+00:00","dateModified":"2025-09-07T07:20:37+00:00","inLanguage":"fi","potentialAction":[{"@type":"ReadAction","target":["https:\/\/decolights.eu\/privacy-policy\/"]}]},{"@type":"WebSite","@id":"https:\/\/decolights.eu\/#website","url":"https:\/\/decolights.eu\/","name":"decolights","description":"Led-koristeet kotiin ja puutarhaan","publisher":{"@id":"https:\/\/decolights.eu\/#organization"},"alternateName":"decolights.eu","potentialAction":[{"@type":"SearchAction","target":{"@type":"EntryPoint","urlTemplate":"https:\/\/decolights.eu\/?s={search_term_string}"},"query-input":{"@type":"PropertyValueSpecification","valueRequired":true,"valueName":"search_term_string"}}],"inLanguage":"fi"},{"@type":"Organization","@id":"https:\/\/decolights.eu\/#organization","name":"decolights","url":"https:\/\/decolights.eu\/","logo":{"@type":"ImageObject","inLanguage":"fi","@id":"https:\/\/decolights.eu\/#\/schema\/logo\/image\/","url":"https:\/\/decolights.eu\/wp-content\/uploads\/2023\/07\/cropped-decolight-siteicon.png","contentUrl":"https:\/\/decolights.eu\/wp-content\/uploads\/2023\/07\/cropped-decolight-siteicon.png","width":512,"height":512,"caption":"decolights"},"image":{"@id":"https:\/\/decolights.eu\/#\/schema\/logo\/image\/"}}]}},"jetpack_sharing_enabled":true,"_links":{"self":[{"href":"https:\/\/decolights.eu\/fi\/wp-json\/wp\/v2\/pages\/3","targetHints":{"allow":["GET"]}}],"collection":[{"href":"https:\/\/decolights.eu\/fi\/wp-json\/wp\/v2\/pages"}],"about":[{"href":"https:\/\/decolights.eu\/fi\/wp-json\/wp\/v2\/types\/page"}],"author":[{"embeddable":true,"href":"https:\/\/decolights.eu\/fi\/wp-json\/wp\/v2\/users\/1"}],"replies":[{"embeddable":true,"href":"https:\/\/decolights.eu\/fi\/wp-json\/wp\/v2\/comments?post=3"}],"version-history":[{"count":1,"href":"https:\/\/decolights.eu\/fi\/wp-json\/wp\/v2\/pages\/3\/revisions"}],"predecessor-version":[{"id":44822,"href":"https:\/\/decolights.eu\/fi\/wp-json\/wp\/v2\/pages\/3\/revisions\/44822"}],"wp:attachment":[{"href":"https:\/\/decolights.eu\/fi\/wp-json\/wp\/v2\/media?parent=3"}],"curies":[{"name":"wp","href":"https:\/\/api.w.org\/{rel}","templated":true}]}}