{"id":540,"date":"2016-08-31T12:38:04","date_gmt":"2016-08-31T12:38:04","guid":{"rendered":"http:\/\/impreza9.us-themes.com\/?page_id=540"},"modified":"2023-07-26T18:40:20","modified_gmt":"2023-07-26T18:40:20","slug":"about","status":"publish","type":"page","link":"https:\/\/decolights.eu\/fi\/about\/","title":{"rendered":"Meist\u00e4"},"content":{"rendered":"<section class=\"section\" id=\"section_593203769\">\n\t\t<div class=\"bg section-bg fill bg-fill\" >\n\n\t\t\t\n\t\t\t\n\t\t\t\n\n\t\t<\/div>\n\n\t\t\n\n\t\t<div class=\"section-content relative\">\n\t\t\t\n\n<div class=\"row row-collapse\"  id=\"row-1635377126\">\n\n\n\t<div id=\"col-941306755\" class=\"col small-12 large-12\"  >\n\t\t\t\t<div class=\"col-inner\"  >\n\t\t\t\n\t\t\t\n\n\t<div id=\"text-548081920\" class=\"text\">\n\t\t\n\n<h2><strong>Meist\u00e4<\/strong><\/h2>\n\t\t\n<style>\n#text-548081920 {\n  font-size: 2rem;\n  text-align: center;\n  color: rgb(255,255,255);\n}\n#text-548081920 > * {\n  color: rgb(255,255,255);\n}\n<\/style>\n\t<\/div>\n\t\n\n\t\t<\/div>\n\t\t\t\t\n<style>\n#col-941306755 > .col-inner {\n  margin: 0px 0px -10px 0px;\n}\n<\/style>\n\t<\/div>\n\n\t\n\n<\/div>\n\n\t\t<\/div>\n\n\t\t\n<style>\n#section_593203769 {\n  padding-top: 30px;\n  padding-bottom: 30px;\n  background-color: rgb(0,0,0);\n}\n#section_593203769 .section-bg.bg-loaded {\n  background-image: url(https:\/\/decolights.eu\/wp-content\/uploads\/2023\/07\/decolights-shop-banner-black-new-scaled.jpg);\n}\n<\/style>\n\t<\/section>\n\t\n\t<section class=\"section\" id=\"section_62691645\">\n\t\t<div class=\"bg section-bg fill bg-fill  bg-loaded\" >\n\n\t\t\t\n\t\t\t\n\t\t\t\n\n\t\t<\/div>\n\n\t\t\n\n\t\t<div class=\"section-content relative\">\n\t\t\t\n\n<div class=\"row row-collapse align-middle align-center\"  id=\"row-1094317049\">\n\n\n\t<div id=\"col-1697545430\" class=\"col medium-6 small-12 large-6\"  >\n\t\t\t\t<div class=\"col-inner\"  >\n\t\t\t\n\t\t\t\n\n\t<div id=\"text-1351400395\" class=\"text\">\n\t\t\n\n<h2 style=\"text-align: left;\"><strong>Keit\u00e4 olemme<\/strong><\/h2>\n\t\t\n<style>\n#text-1351400395 {\n  font-size: 1.55rem;\n}\n<\/style>\n\t<\/div>\n\t\n<p>Tervetuloa juhlavaan ja viihtyis\u00e4\u00e4n verkkokauppaamme! Olemme joukko intohimoisia yksil\u00f6it\u00e4, jotka ovat omistautuneet tuomaan lomakauden taikuutta ja mukavuutta kes\u00e4iltoihisi kotiisi ja terassillesi. Joulun ja kes\u00e4n valaistustuotevalikoimamme on huolellisesti kuratoitu, jotta saat k\u00e4ytt\u00f6\u00f6si parhaat ja ainutlaatuisimmat valaistusvaihtoehdot.<\/p>\n<p>Myym\u00e4l\u00e4ss\u00e4mme uskomme, ett\u00e4 oikea valaistus voi muuttaa mink\u00e4 tahansa tilan l\u00e4mpim\u00e4ksi ja kutsuvaksi ymp\u00e4rist\u00f6ksi. Etsitp\u00e4 sitten klassisia merkkijonoja, festoon-valoja, keijuvaloja, v\u00e4rikk\u00e4it\u00e4 LED-valoja tai jotain hieman ainutlaatuisempaa, meill\u00e4 on jokaiselle jotakin.<\/p>\n<p>Tiimimme on sitoutunut tarjoamaan poikkeuksellista asiakaspalvelua ja varmistamaan saumattoman ostokokemuksen. Ymm\u00e4rr\u00e4mme, ett\u00e4 lomakausi voi olla stressaavaa, mink\u00e4 vuoksi pyrimme tekem\u00e4\u00e4n ostokokemuksestasi mahdollisimman helpon ja nautinnollisen.<\/p>\n\n\t\t<\/div>\n\t\t\t\t\n<style>\n#col-1697545430 > .col-inner {\n  padding: 20px 20px 20px 20px;\n}\n<\/style>\n\t<\/div>\n\n\t\n\n\t<div id=\"col-1089499264\" class=\"col medium-5 small-12 large-5 small-col-first\"  >\n\t\t\t\t<div class=\"col-inner\"  >\n\t\t\t\n\t\t\t\n\n\t<div class=\"img has-hover x md-x lg-x y md-y lg-y\" id=\"image_719424410\">\n\t\t\t\t\t\t\t\t<div class=\"img-inner dark\" >\n\t\t\t<img loading=\"lazy\" decoding=\"async\" width=\"800\" height=\"800\" src=\"https:\/\/decolights.eu\/wp-content\/uploads\/2023\/05\/img_5382.jpeg\" class=\"attachment-original size-original\" alt=\"\" srcset=\"https:\/\/decolights.eu\/wp-content\/uploads\/2023\/05\/img_5382.jpeg 800w, https:\/\/decolights.eu\/wp-content\/uploads\/2023\/05\/img_5382-100x100.jpeg 100w, https:\/\/decolights.eu\/wp-content\/uploads\/2023\/05\/img_5382-510x510.jpeg 510w, https:\/\/decolights.eu\/wp-content\/uploads\/2023\/05\/img_5382-400x400.jpeg 400w, https:\/\/decolights.eu\/wp-content\/uploads\/2023\/05\/img_5382-280x280.jpeg 280w, https:\/\/decolights.eu\/wp-content\/uploads\/2023\/05\/img_5382-12x12.jpeg 12w, https:\/\/decolights.eu\/wp-content\/uploads\/2023\/05\/img_5382-50x50.jpeg 50w\" sizes=\"auto, (max-width: 800px) 100vw, 800px\" \/>\t\t\t\t\t\t\n\t\t\t\t\t<\/div>\n\t\t\t\t\t\t\t\t\n<style>\n#image_719424410 {\n  width: 100%;\n}\n<\/style>\n\t<\/div>\n\t\n\n\n\t\t<\/div>\n\t\t\t\t\n<style>\n#col-1089499264 > .col-inner {\n  padding: 0px 20px 0px 20px;\n}\n<\/style>\n\t<\/div>\n\n\t\n\n<\/div>\n\t<div id=\"gap-1154110410\" class=\"gap-element clearfix\" style=\"display:block; height:auto;\">\n\t\t\n<style>\n#gap-1154110410 {\n  padding-top: 30px;\n}\n@media (min-width:550px) {\n  #gap-1154110410 {\n    padding-top: 20px;\n  }\n}\n@media (min-width:850px) {\n  #gap-1154110410 {\n    padding-top: 30px;\n  }\n}\n<\/style>\n\t<\/div>\n\t\n\n<div class=\"row row-collapse align-middle align-center\"  id=\"row-254592801\">\n\n\n\t<div id=\"col-892538756\" class=\"col medium-5 small-12 large-5\"  >\n\t\t\t\t<div class=\"col-inner\"  >\n\t\t\t\n\t\t\t\n\n\t<div class=\"img has-hover x md-x lg-x y md-y lg-y\" id=\"image_463188852\">\n\t\t\t\t\t\t\t\t<div class=\"img-inner dark\" >\n\t\t\t<img loading=\"lazy\" decoding=\"async\" width=\"1200\" height=\"1200\" src=\"https:\/\/decolights.eu\/wp-content\/uploads\/2023\/05\/PRO-string-lights-multi-3.jpeg\" class=\"attachment-original size-original\" alt=\"\" srcset=\"https:\/\/decolights.eu\/wp-content\/uploads\/2023\/05\/PRO-string-lights-multi-3.jpeg 1200w, https:\/\/decolights.eu\/wp-content\/uploads\/2023\/05\/PRO-string-lights-multi-3-100x100.jpeg 100w, https:\/\/decolights.eu\/wp-content\/uploads\/2023\/05\/PRO-string-lights-multi-3-800x800.jpeg 800w, https:\/\/decolights.eu\/wp-content\/uploads\/2023\/05\/PRO-string-lights-multi-3-400x400.jpeg 400w, https:\/\/decolights.eu\/wp-content\/uploads\/2023\/05\/PRO-string-lights-multi-3-280x280.jpeg 280w, https:\/\/decolights.eu\/wp-content\/uploads\/2023\/05\/PRO-string-lights-multi-3-12x12.jpeg 12w, https:\/\/decolights.eu\/wp-content\/uploads\/2023\/05\/PRO-string-lights-multi-3-50x50.jpeg 50w\" sizes=\"auto, (max-width: 1200px) 100vw, 1200px\" \/>\t\t\t\t\t\t\n\t\t\t\t\t<\/div>\n\t\t\t\t\t\t\t\t\n<style>\n#image_463188852 {\n  width: 100%;\n}\n<\/style>\n\t<\/div>\n\t\n\n\n\t\t<\/div>\n\t\t\t\t\n<style>\n#col-892538756 > .col-inner {\n  padding: 0px 20px 0px 20px;\n}\n<\/style>\n\t<\/div>\n\n\t\n\n\t<div id=\"col-1734882222\" class=\"col medium-6 small-12 large-6\"  >\n\t\t\t\t<div class=\"col-inner\"  >\n\t\t\t\n\t\t\t\n\n\t<div id=\"text-1075052924\" class=\"text\">\n\t\t\n\n<h2 style=\"text-align: left;\"><strong>Meid\u00e4n arvomme<\/strong><\/h2>\n\t\t\n<style>\n#text-1075052924 {\n  font-size: 1.55rem;\n}\n<\/style>\n\t<\/div>\n\t\n<ul>\n<li><strong>Laatu<\/strong>: Uskomme, ett\u00e4 asiakkaamme ansaitsevat parasta, mink\u00e4 vuoksi tarjoamme vain korkealaatuisia tuotteita, jotka on rakennettu kest\u00e4m\u00e4\u00e4n. Valitsemme huolellisesti jokaisen kokoelmamme tuotteen varmistaaksemme, ett\u00e4 se t\u00e4ytt\u00e4\u00e4 kest\u00e4vyytt\u00e4, turvallisuutta ja suorituskyky\u00e4 koskevat standardimme.<\/li>\n<li>\u00a0<strong>Luovuus:<\/strong>\u00a0Haluamme inspiroida asiakkaidemme luovuutta ja mielikuvitusta. Uskomme, ett\u00e4 loma- ja kes\u00e4valaistus on taidemuoto, ja rohkaisemme asiakkaitamme tutkimaan uusia ja ainutlaatuisia tapoja k\u00e4ytt\u00e4\u00e4 tuotteitamme omien, ainutlaatuisten n\u00e4ytt\u00f6jen luomiseen. Anna mielikuvituksesi lent\u00e4\u00e4!<\/li>\n<li><strong>Kest\u00e4vyys<\/strong>: Olemme sitoutuneet minimoimaan ymp\u00e4rist\u00f6vaikutuksemme. Pyrimme tarjoamaan tuotteita, jotka ovat energiatehokkaita, valmistettu kest\u00e4vist\u00e4 materiaaleista ja suunniteltu kest\u00e4m\u00e4\u00e4n monia tulevia loma- ja kes\u00e4kausia. Pyrimme my\u00f6s v\u00e4hent\u00e4m\u00e4\u00e4n j\u00e4tett\u00e4 ja minimoimaan hiilijalanj\u00e4lkemme kaikilla liiketoimintamme osa-alueilla. Tarkista aurinkopaneelituotteemme s\u00e4hk\u00f6nkulutuksen v\u00e4hent\u00e4miseksi!<\/li>\n<\/ul>\n\n\t\t<\/div>\n\t\t\t\t\n<style>\n#col-1734882222 > .col-inner {\n  padding: 40px 20px 20px 20px;\n}\n<\/style>\n\t<\/div>\n\n\t\n\n<\/div>\n\n\t\t<\/div>\n\n\t\t\n<style>\n#section_62691645 {\n  padding-top: 30px;\n  padding-bottom: 30px;\n  background-color: rgb(255,255,255);\n}\n<\/style>\n\t<\/section>","protected":false},"excerpt":{"rendered":"","protected":false},"author":1,"featured_media":0,"parent":0,"menu_order":0,"comment_status":"closed","ping_status":"closed","template":"page-blank.php","meta":{"footnotes":""},"class_list":["post-540","page","type-page","status-publish","hentry"],"yoast_head":"<!-- This site is optimized with the Yoast SEO plugin v27.3 - https:\/\/yoast.com\/product\/yoast-seo-wordpress\/ -->\n<title>About Us - Decolights.eu<\/title>\n<meta name=\"robots\" content=\"index, follow, max-snippet:-1, max-image-preview:large, max-video-preview:-1\" \/>\n<link rel=\"canonical\" href=\"https:\/\/decolights.eu\/fi\/about\/\" \/>\n<meta property=\"og:locale\" content=\"fi_FI\" \/>\n<meta property=\"og:type\" content=\"article\" \/>\n<meta property=\"og:title\" content=\"About Us - Decolights.eu\" \/>\n<meta property=\"og:url\" content=\"https:\/\/decolights.eu\/fi\/about\/\" \/>\n<meta property=\"og:site_name\" content=\"Decolights.eu\" \/>\n<meta property=\"article:modified_time\" content=\"2023-07-26T18:40:20+00:00\" \/>\n<meta property=\"og:image\" content=\"https:\/\/decolights.eu\/wp-content\/uploads\/2023\/07\/DecoLights-yoast-logo.jpg\" \/>\n\t<meta property=\"og:image:width\" content=\"1200\" \/>\n\t<meta property=\"og:image:height\" content=\"675\" \/>\n\t<meta property=\"og:image:type\" content=\"image\/jpeg\" \/>\n<meta name=\"twitter:card\" content=\"summary_large_image\" \/>\n<meta name=\"twitter:label1\" content=\"Arvioitu lukuaika\" \/>\n\t<meta name=\"twitter:data1\" content=\"2 minuuttia\" \/>\n<script type=\"application\/ld+json\" class=\"yoast-schema-graph\">{\"@context\":\"https:\\\/\\\/schema.org\",\"@graph\":[{\"@type\":\"WebPage\",\"@id\":\"https:\\\/\\\/decolights.eu\\\/about\\\/\",\"url\":\"https:\\\/\\\/decolights.eu\\\/about\\\/\",\"name\":\"About Us - Decolights.eu\",\"isPartOf\":{\"@id\":\"https:\\\/\\\/decolights.eu\\\/#website\"},\"datePublished\":\"2016-08-31T12:38:04+00:00\",\"dateModified\":\"2023-07-26T18:40:20+00:00\",\"inLanguage\":\"fi\",\"potentialAction\":[{\"@type\":\"ReadAction\",\"target\":[\"https:\\\/\\\/decolights.eu\\\/about\\\/\"]}]},{\"@type\":\"WebSite\",\"@id\":\"https:\\\/\\\/decolights.eu\\\/#website\",\"url\":\"https:\\\/\\\/decolights.eu\\\/\",\"name\":\"decolights\",\"description\":\"Led Decorations for Home and Garden\",\"publisher\":{\"@id\":\"https:\\\/\\\/decolights.eu\\\/#organization\"},\"alternateName\":\"decolights.eu\",\"potentialAction\":[{\"@type\":\"SearchAction\",\"target\":{\"@type\":\"EntryPoint\",\"urlTemplate\":\"https:\\\/\\\/decolights.eu\\\/?s={search_term_string}\"},\"query-input\":{\"@type\":\"PropertyValueSpecification\",\"valueRequired\":true,\"valueName\":\"search_term_string\"}}],\"inLanguage\":\"fi\"},{\"@type\":\"Organization\",\"@id\":\"https:\\\/\\\/decolights.eu\\\/#organization\",\"name\":\"decolights\",\"url\":\"https:\\\/\\\/decolights.eu\\\/\",\"logo\":{\"@type\":\"ImageObject\",\"inLanguage\":\"fi\",\"@id\":\"https:\\\/\\\/decolights.eu\\\/#\\\/schema\\\/logo\\\/image\\\/\",\"url\":\"https:\\\/\\\/decolights.eu\\\/wp-content\\\/uploads\\\/2023\\\/07\\\/cropped-decolight-siteicon.png\",\"contentUrl\":\"https:\\\/\\\/decolights.eu\\\/wp-content\\\/uploads\\\/2023\\\/07\\\/cropped-decolight-siteicon.png\",\"width\":512,\"height\":512,\"caption\":\"decolights\"},\"image\":{\"@id\":\"https:\\\/\\\/decolights.eu\\\/#\\\/schema\\\/logo\\\/image\\\/\"}}]}<\/script>\n<!-- \/ Yoast SEO plugin. -->","yoast_head_json":{"title":"Tietoja meist\u00e4 - Decolights.eu","robots":{"index":"index","follow":"follow","max-snippet":"max-snippet:-1","max-image-preview":"max-image-preview:large","max-video-preview":"max-video-preview:-1"},"canonical":"https:\/\/decolights.eu\/fi\/about\/","og_locale":"fi_FI","og_type":"article","og_title":"About Us - Decolights.eu","og_url":"https:\/\/decolights.eu\/fi\/about\/","og_site_name":"Decolights.eu","article_modified_time":"2023-07-26T18:40:20+00:00","og_image":[{"width":1200,"height":675,"url":"https:\/\/decolights.eu\/wp-content\/uploads\/2023\/07\/DecoLights-yoast-logo.jpg","type":"image\/jpeg"}],"twitter_card":"summary_large_image","twitter_misc":{"Arvioitu lukuaika":"2 minuuttia"},"schema":{"@context":"https:\/\/schema.org","@graph":[{"@type":"WebPage","@id":"https:\/\/decolights.eu\/about\/","url":"https:\/\/decolights.eu\/about\/","name":"Tietoja meist\u00e4 - Decolights.eu","isPartOf":{"@id":"https:\/\/decolights.eu\/#website"},"datePublished":"2016-08-31T12:38:04+00:00","dateModified":"2023-07-26T18:40:20+00:00","inLanguage":"fi","potentialAction":[{"@type":"ReadAction","target":["https:\/\/decolights.eu\/about\/"]}]},{"@type":"WebSite","@id":"https:\/\/decolights.eu\/#website","url":"https:\/\/decolights.eu\/","name":"decolights","description":"Led-koristeet kotiin ja puutarhaan","publisher":{"@id":"https:\/\/decolights.eu\/#organization"},"alternateName":"decolights.eu","potentialAction":[{"@type":"SearchAction","target":{"@type":"EntryPoint","urlTemplate":"https:\/\/decolights.eu\/?s={search_term_string}"},"query-input":{"@type":"PropertyValueSpecification","valueRequired":true,"valueName":"search_term_string"}}],"inLanguage":"fi"},{"@type":"Organization","@id":"https:\/\/decolights.eu\/#organization","name":"decolights","url":"https:\/\/decolights.eu\/","logo":{"@type":"ImageObject","inLanguage":"fi","@id":"https:\/\/decolights.eu\/#\/schema\/logo\/image\/","url":"https:\/\/decolights.eu\/wp-content\/uploads\/2023\/07\/cropped-decolight-siteicon.png","contentUrl":"https:\/\/decolights.eu\/wp-content\/uploads\/2023\/07\/cropped-decolight-siteicon.png","width":512,"height":512,"caption":"decolights"},"image":{"@id":"https:\/\/decolights.eu\/#\/schema\/logo\/image\/"}}]}},"jetpack_sharing_enabled":true,"_links":{"self":[{"href":"https:\/\/decolights.eu\/fi\/wp-json\/wp\/v2\/pages\/540","targetHints":{"allow":["GET"]}}],"collection":[{"href":"https:\/\/decolights.eu\/fi\/wp-json\/wp\/v2\/pages"}],"about":[{"href":"https:\/\/decolights.eu\/fi\/wp-json\/wp\/v2\/types\/page"}],"author":[{"embeddable":true,"href":"https:\/\/decolights.eu\/fi\/wp-json\/wp\/v2\/users\/1"}],"replies":[{"embeddable":true,"href":"https:\/\/decolights.eu\/fi\/wp-json\/wp\/v2\/comments?post=540"}],"version-history":[{"count":0,"href":"https:\/\/decolights.eu\/fi\/wp-json\/wp\/v2\/pages\/540\/revisions"}],"wp:attachment":[{"href":"https:\/\/decolights.eu\/fi\/wp-json\/wp\/v2\/media?parent=540"}],"curies":[{"name":"wp","href":"https:\/\/api.w.org\/{rel}","templated":true}]}}