{"id":43724,"date":"2023-04-24T14:39:05","date_gmt":"2023-04-24T14:39:05","guid":{"rendered":"https:\/\/decolights.eu\/?post_type=product&#038;p=43724"},"modified":"2023-06-09T09:54:45","modified_gmt":"2023-06-09T09:54:45","slug":"led-lambiketi-komplekt-rippuvate-pesadega-4-5m-10-pirni-paikesepaneeliga","status":"publish","type":"product","link":"https:\/\/decolights.eu\/fi\/tuote-2\/led-lambiketi-komplekt-rippuvate-pesadega-4-5m-10-pirni-paikesepaneeliga\/","title":{"rendered":"Festoon LED-valot riippuvilla polttimoilla Aurinkovoimalla toimiva 4,5m 10 polttimoa"},"content":{"rendered":"<p>Riippuva hehkulamppu on upea tuote, joka sopii t\u00e4ydellisesti koristeelliseen ja k\u00e4yt\u00e4nn\u00f6lliseen valaistukseen puutarhassa tai tontilla. Se on my\u00f6s eritt\u00e4in hyv\u00e4 valaisin ravintolan tai toimiston sisustamiseen. Se kiinnitt\u00e4\u00e4 huomion itseens\u00e4 ja luo eritt\u00e4in kauniin tuloksen ja tunnelman.<\/p>\n<p>Tuotteessa on aurinkopaneeli, mik\u00e4 tekee siit\u00e4 energiatehokkaan. Aseta aurinkopaneeli aurinkoiseen paikkaan ja nauti tuloksesta joka ilta!<\/p>\n<ul>\n<li>Tuotteen kokonaispituus: 6,6M<\/li>\n<li>Kennojen lukum\u00e4\u00e4r\u00e4: 10 kpl<\/li>\n<li>Pistorasiat: E27 \/ G45<\/li>\n<li>Polttimot: 10 kpl l\u00e4mpim\u00e4n valkoisia polttimoja E27<\/li>\n<li>Lampun teho: 1W<\/li>\n<li>Polttimon halkaisija: 4 cm<\/li>\n<li>Ripustusosien pituus: 25 cm<\/li>\n<li>Pistoratojen v\u00e4linen et\u00e4isyys: 0,5M<\/li>\n<li>Virtajohdon pituus: 1,6 M<\/li>\n<li>Vedenkest\u00e4vyysluokitus: IP44<\/li>\n<li>Lyijy: PVC<\/li>\n<li>Kaapelin v\u00e4ri: Musta<\/li>\n<li>L\u00e4ht\u00f6virta: 24V<\/li>\n<li>Jatkuva: Kyll\u00e4, 5 asti<\/li>\n<\/ul>\n<p>HUOM: T\u00e4m\u00e4 on t\u00e4ydellinen sarja, joka sis\u00e4lt\u00e4\u00e4 lamppuketjun ja polttimot! Polttimot ovat vaihdettavissa.<\/p>","protected":false},"excerpt":{"rendered":"<p>The hanging light bulb is a remarkable product that is perfect for decorative and practical lighting in the garden or on a plot. It&#8217;s also a very good lighting fixture for decorating a restaurant or office. It draws attention to itself and creates a very beautiful result and mood. The product has a solar panel [&#8230;]\n","protected":false},"featured_media":43791,"comment_status":"open","ping_status":"closed","template":"","meta":[],"product_brand":[],"product_cat":[226,195,232,171],"product_tag":[],"class_list":{"0":"post-43724","1":"product","2":"type-product","3":"status-publish","4":"has-post-thumbnail","6":"product_cat-outdoor-lights","7":"product_cat-solar-festoon-lights","8":"product_cat-solar-festoon-lights-outdoor-lights","9":"product_cat-solar-lights","11":"first","12":"instock","13":"sale","14":"shipping-taxable","15":"purchasable","16":"product-type-simple"},"yoast_head":"<!-- This site is optimized with the Yoast SEO plugin v27.3 - https:\/\/yoast.com\/product\/yoast-seo-wordpress\/ -->\n<title>Festoon LED Lights with hanging bulbs Solarpowered 4.5m 10 bulbs - Decolights.eu<\/title>\n<meta name=\"description\" content=\"P\u00e4ikesepaneeliga LED lambikett on suve terasside lahutamatu osa! Kaunista sellega nii oma koduaed kui ka restorani v\u00f5i kontori hoov. Osta kohe!\" \/>\n<meta name=\"robots\" content=\"index, follow, max-snippet:-1, max-image-preview:large, max-video-preview:-1\" \/>\n<link rel=\"canonical\" href=\"https:\/\/decolights.eu\/fi\/tuote-2\/led-lambiketi-komplekt-rippuvate-pesadega-4-5m-10-pirni-paikesepaneeliga\/\" \/>\n<meta property=\"og:locale\" content=\"fi_FI\" \/>\n<meta property=\"og:type\" content=\"article\" \/>\n<meta property=\"og:title\" content=\"Festoon LED Lights with hanging bulbs Solarpowered 4.5m 10 bulbs - Decolights.eu\" \/>\n<meta property=\"og:description\" content=\"P\u00e4ikesepaneeliga LED lambikett on suve terasside lahutamatu osa! Kaunista sellega nii oma koduaed kui ka restorani v\u00f5i kontori hoov. Osta kohe!\" \/>\n<meta property=\"og:url\" content=\"https:\/\/decolights.eu\/fi\/tuote-2\/led-lambiketi-komplekt-rippuvate-pesadega-4-5m-10-pirni-paikesepaneeliga\/\" \/>\n<meta property=\"og:site_name\" content=\"Decolights.eu\" \/>\n<meta property=\"article:modified_time\" content=\"2023-06-09T09:54:45+00:00\" \/>\n<meta property=\"og:image\" content=\"https:\/\/decolights.eu\/wp-content\/uploads\/2023\/05\/23534_s.jpg\" \/>\n\t<meta property=\"og:image:width\" content=\"1417\" \/>\n\t<meta property=\"og:image:height\" content=\"1093\" \/>\n\t<meta property=\"og:image:type\" content=\"image\/jpeg\" \/>\n<meta name=\"twitter:card\" content=\"summary_large_image\" \/>\n<meta name=\"twitter:label1\" content=\"Arvioitu lukuaika\" \/>\n\t<meta name=\"twitter:data1\" content=\"1 minuutti\" \/>\n<script type=\"application\/ld+json\" class=\"yoast-schema-graph\">{\"@context\":\"https:\\\/\\\/schema.org\",\"@graph\":[{\"@type\":\"WebPage\",\"@id\":\"https:\\\/\\\/decolights.eu\\\/product\\\/led-lambiketi-komplekt-rippuvate-pesadega-4-5m-10-pirni-paikesepaneeliga\\\/\",\"url\":\"https:\\\/\\\/decolights.eu\\\/product\\\/led-lambiketi-komplekt-rippuvate-pesadega-4-5m-10-pirni-paikesepaneeliga\\\/\",\"name\":\"Festoon LED Lights with hanging bulbs Solarpowered 4.5m 10 bulbs - Decolights.eu\",\"isPartOf\":{\"@id\":\"https:\\\/\\\/decolights.eu\\\/#website\"},\"primaryImageOfPage\":{\"@id\":\"https:\\\/\\\/decolights.eu\\\/product\\\/led-lambiketi-komplekt-rippuvate-pesadega-4-5m-10-pirni-paikesepaneeliga\\\/#primaryimage\"},\"image\":{\"@id\":\"https:\\\/\\\/decolights.eu\\\/product\\\/led-lambiketi-komplekt-rippuvate-pesadega-4-5m-10-pirni-paikesepaneeliga\\\/#primaryimage\"},\"thumbnailUrl\":\"https:\\\/\\\/decolights.eu\\\/wp-content\\\/uploads\\\/2023\\\/05\\\/23534_s.jpg\",\"datePublished\":\"2023-04-24T14:39:05+00:00\",\"dateModified\":\"2023-06-09T09:54:45+00:00\",\"description\":\"P\u00e4ikesepaneeliga LED lambikett on suve terasside lahutamatu osa! Kaunista sellega nii oma koduaed kui ka restorani v\u00f5i kontori hoov. Osta kohe!\",\"breadcrumb\":{\"@id\":\"https:\\\/\\\/decolights.eu\\\/product\\\/led-lambiketi-komplekt-rippuvate-pesadega-4-5m-10-pirni-paikesepaneeliga\\\/#breadcrumb\"},\"inLanguage\":\"fi\",\"potentialAction\":[{\"@type\":\"ReadAction\",\"target\":[\"https:\\\/\\\/decolights.eu\\\/product\\\/led-lambiketi-komplekt-rippuvate-pesadega-4-5m-10-pirni-paikesepaneeliga\\\/\"]}]},{\"@type\":\"ImageObject\",\"inLanguage\":\"fi\",\"@id\":\"https:\\\/\\\/decolights.eu\\\/product\\\/led-lambiketi-komplekt-rippuvate-pesadega-4-5m-10-pirni-paikesepaneeliga\\\/#primaryimage\",\"url\":\"https:\\\/\\\/decolights.eu\\\/wp-content\\\/uploads\\\/2023\\\/05\\\/23534_s.jpg\",\"contentUrl\":\"https:\\\/\\\/decolights.eu\\\/wp-content\\\/uploads\\\/2023\\\/05\\\/23534_s.jpg\",\"width\":1417,\"height\":1093},{\"@type\":\"BreadcrumbList\",\"@id\":\"https:\\\/\\\/decolights.eu\\\/product\\\/led-lambiketi-komplekt-rippuvate-pesadega-4-5m-10-pirni-paikesepaneeliga\\\/#breadcrumb\",\"itemListElement\":[{\"@type\":\"ListItem\",\"position\":1,\"name\":\"Shop\",\"item\":\"https:\\\/\\\/decolights.eu\\\/shop\\\/\"},{\"@type\":\"ListItem\",\"position\":2,\"name\":\"Festoon LED Lights with hanging bulbs Solarpowered 4.5m 10 bulbs\"}]},{\"@type\":\"WebSite\",\"@id\":\"https:\\\/\\\/decolights.eu\\\/#website\",\"url\":\"https:\\\/\\\/decolights.eu\\\/\",\"name\":\"decolights\",\"description\":\"Led Decorations for Home and Garden\",\"publisher\":{\"@id\":\"https:\\\/\\\/decolights.eu\\\/#organization\"},\"alternateName\":\"decolights.eu\",\"potentialAction\":[{\"@type\":\"SearchAction\",\"target\":{\"@type\":\"EntryPoint\",\"urlTemplate\":\"https:\\\/\\\/decolights.eu\\\/?s={search_term_string}\"},\"query-input\":{\"@type\":\"PropertyValueSpecification\",\"valueRequired\":true,\"valueName\":\"search_term_string\"}}],\"inLanguage\":\"fi\"},{\"@type\":\"Organization\",\"@id\":\"https:\\\/\\\/decolights.eu\\\/#organization\",\"name\":\"decolights\",\"url\":\"https:\\\/\\\/decolights.eu\\\/\",\"logo\":{\"@type\":\"ImageObject\",\"inLanguage\":\"fi\",\"@id\":\"https:\\\/\\\/decolights.eu\\\/#\\\/schema\\\/logo\\\/image\\\/\",\"url\":\"https:\\\/\\\/decolights.eu\\\/wp-content\\\/uploads\\\/2023\\\/07\\\/cropped-decolight-siteicon.png\",\"contentUrl\":\"https:\\\/\\\/decolights.eu\\\/wp-content\\\/uploads\\\/2023\\\/07\\\/cropped-decolight-siteicon.png\",\"width\":512,\"height\":512,\"caption\":\"decolights\"},\"image\":{\"@id\":\"https:\\\/\\\/decolights.eu\\\/#\\\/schema\\\/logo\\\/image\\\/\"}}]}<\/script>\n<!-- \/ Yoast SEO plugin. -->","yoast_head_json":{"title":"Festoon LED-valot riippuvilla polttimoilla Aurinkovoimalla toimivat 4,5m 10 polttimot - Decolights.eu","description":"P\u00e4ikesepaneeliga LED lambikett on terasside erottamatu osa! Kaunista sellega nii oma koduaed kui ka restorani v\u00f5i kontori hoov. Osta kohe!","robots":{"index":"index","follow":"follow","max-snippet":"max-snippet:-1","max-image-preview":"max-image-preview:large","max-video-preview":"max-video-preview:-1"},"canonical":"https:\/\/decolights.eu\/fi\/tuote-2\/led-lambiketi-komplekt-rippuvate-pesadega-4-5m-10-pirni-paikesepaneeliga\/","og_locale":"fi_FI","og_type":"article","og_title":"Festoon LED Lights with hanging bulbs Solarpowered 4.5m 10 bulbs - Decolights.eu","og_description":"P\u00e4ikesepaneeliga LED lambikett on suve terasside lahutamatu osa! Kaunista sellega nii oma koduaed kui ka restorani v\u00f5i kontori hoov. Osta kohe!","og_url":"https:\/\/decolights.eu\/fi\/tuote-2\/led-lambiketi-komplekt-rippuvate-pesadega-4-5m-10-pirni-paikesepaneeliga\/","og_site_name":"Decolights.eu","article_modified_time":"2023-06-09T09:54:45+00:00","og_image":[{"width":1417,"height":1093,"url":"https:\/\/decolights.eu\/wp-content\/uploads\/2023\/05\/23534_s.jpg","type":"image\/jpeg"}],"twitter_card":"summary_large_image","twitter_misc":{"Arvioitu lukuaika":"1 minuutti"},"schema":{"@context":"https:\/\/schema.org","@graph":[{"@type":"WebPage","@id":"https:\/\/decolights.eu\/product\/led-lambiketi-komplekt-rippuvate-pesadega-4-5m-10-pirni-paikesepaneeliga\/","url":"https:\/\/decolights.eu\/product\/led-lambiketi-komplekt-rippuvate-pesadega-4-5m-10-pirni-paikesepaneeliga\/","name":"Festoon LED-valot riippuvilla polttimoilla Aurinkovoimalla toimivat 4,5m 10 polttimot - Decolights.eu","isPartOf":{"@id":"https:\/\/decolights.eu\/#website"},"primaryImageOfPage":{"@id":"https:\/\/decolights.eu\/product\/led-lambiketi-komplekt-rippuvate-pesadega-4-5m-10-pirni-paikesepaneeliga\/#primaryimage"},"image":{"@id":"https:\/\/decolights.eu\/product\/led-lambiketi-komplekt-rippuvate-pesadega-4-5m-10-pirni-paikesepaneeliga\/#primaryimage"},"thumbnailUrl":"https:\/\/decolights.eu\/wp-content\/uploads\/2023\/05\/23534_s.jpg","datePublished":"2023-04-24T14:39:05+00:00","dateModified":"2023-06-09T09:54:45+00:00","description":"P\u00e4ikesepaneeliga LED lambikett on terasside erottamatu osa! Kaunista sellega nii oma koduaed kui ka restorani v\u00f5i kontori hoov. Osta kohe!","breadcrumb":{"@id":"https:\/\/decolights.eu\/product\/led-lambiketi-komplekt-rippuvate-pesadega-4-5m-10-pirni-paikesepaneeliga\/#breadcrumb"},"inLanguage":"fi","potentialAction":[{"@type":"ReadAction","target":["https:\/\/decolights.eu\/product\/led-lambiketi-komplekt-rippuvate-pesadega-4-5m-10-pirni-paikesepaneeliga\/"]}]},{"@type":"ImageObject","inLanguage":"fi","@id":"https:\/\/decolights.eu\/product\/led-lambiketi-komplekt-rippuvate-pesadega-4-5m-10-pirni-paikesepaneeliga\/#primaryimage","url":"https:\/\/decolights.eu\/wp-content\/uploads\/2023\/05\/23534_s.jpg","contentUrl":"https:\/\/decolights.eu\/wp-content\/uploads\/2023\/05\/23534_s.jpg","width":1417,"height":1093},{"@type":"BreadcrumbList","@id":"https:\/\/decolights.eu\/product\/led-lambiketi-komplekt-rippuvate-pesadega-4-5m-10-pirni-paikesepaneeliga\/#breadcrumb","itemListElement":[{"@type":"ListItem","position":1,"name":"Shop","item":"https:\/\/decolights.eu\/shop\/"},{"@type":"ListItem","position":2,"name":"Festoon LED Lights with hanging bulbs Solarpowered 4.5m 10 bulbs"}]},{"@type":"WebSite","@id":"https:\/\/decolights.eu\/#website","url":"https:\/\/decolights.eu\/","name":"decolights","description":"Led-koristeet kotiin ja puutarhaan","publisher":{"@id":"https:\/\/decolights.eu\/#organization"},"alternateName":"decolights.eu","potentialAction":[{"@type":"SearchAction","target":{"@type":"EntryPoint","urlTemplate":"https:\/\/decolights.eu\/?s={search_term_string}"},"query-input":{"@type":"PropertyValueSpecification","valueRequired":true,"valueName":"search_term_string"}}],"inLanguage":"fi"},{"@type":"Organization","@id":"https:\/\/decolights.eu\/#organization","name":"decolights","url":"https:\/\/decolights.eu\/","logo":{"@type":"ImageObject","inLanguage":"fi","@id":"https:\/\/decolights.eu\/#\/schema\/logo\/image\/","url":"https:\/\/decolights.eu\/wp-content\/uploads\/2023\/07\/cropped-decolight-siteicon.png","contentUrl":"https:\/\/decolights.eu\/wp-content\/uploads\/2023\/07\/cropped-decolight-siteicon.png","width":512,"height":512,"caption":"decolights"},"image":{"@id":"https:\/\/decolights.eu\/#\/schema\/logo\/image\/"}}]}},"jetpack_sharing_enabled":true,"_links":{"self":[{"href":"https:\/\/decolights.eu\/fi\/wp-json\/wp\/v2\/product\/43724","targetHints":{"allow":["GET"]}}],"collection":[{"href":"https:\/\/decolights.eu\/fi\/wp-json\/wp\/v2\/product"}],"about":[{"href":"https:\/\/decolights.eu\/fi\/wp-json\/wp\/v2\/types\/product"}],"replies":[{"embeddable":true,"href":"https:\/\/decolights.eu\/fi\/wp-json\/wp\/v2\/comments?post=43724"}],"wp:featuredmedia":[{"embeddable":true,"href":"https:\/\/decolights.eu\/fi\/wp-json\/wp\/v2\/media\/43791"}],"wp:attachment":[{"href":"https:\/\/decolights.eu\/fi\/wp-json\/wp\/v2\/media?parent=43724"}],"wp:term":[{"taxonomy":"product_brand","embeddable":true,"href":"https:\/\/decolights.eu\/fi\/wp-json\/wp\/v2\/product_brand?post=43724"},{"taxonomy":"product_cat","embeddable":true,"href":"https:\/\/decolights.eu\/fi\/wp-json\/wp\/v2\/product_cat?post=43724"},{"taxonomy":"product_tag","embeddable":true,"href":"https:\/\/decolights.eu\/fi\/wp-json\/wp\/v2\/product_tag?post=43724"}],"curies":[{"name":"wp","href":"https:\/\/api.w.org\/{rel}","templated":true}]}}