{"id":44536,"date":"2023-07-28T19:24:52","date_gmt":"2023-07-28T19:24:52","guid":{"rendered":"https:\/\/decolights.eu\/?post_type=product&#038;p=44536"},"modified":"2023-08-11T14:38:24","modified_gmt":"2023-08-11T14:38:24","slug":"solar-latern-lumiz-round20-occult-light-green","status":"publish","type":"product","link":"https:\/\/decolights.eu\/fi\/tuote-2\/solar-latern-lumiz-round20-occult-light-green\/","title":{"rendered":"Solar Latern Lumiz Round20 Occult Light Green"},"content":{"rendered":"<p><strong>Koko: \u00d8 20 cm x K 18 cm<\/strong><\/p>\n<p><strong>Colour: Light green\u00a0<\/strong><\/p>\n<p><strong> <img loading=\"lazy\" decoding=\"async\" src=\"https:\/\/lumiz.nl\/wp-content\/uploads\/2022\/02\/LUMIZ_PATRON_occult.jpg\" width=\"66\" height=\"166\" \/>\u00a0<img loading=\"lazy\" decoding=\"async\" src=\"https:\/\/lumiz.nl\/wp-content\/uploads\/2022\/02\/lichtgroen-2.png\" width=\"136\" height=\"136\" \/><\/strong><\/p>\n<p><strong>Luo maaginen tunnelma Lumizin aurinkolyhdyill\u00e4.<\/strong><\/p>\n<p><strong>T\u00e4ydellinen tapa luoda maaginen tunnelma mihin tahansa puutarhaan, takapihalle tai kuistille. Niit\u00e4 on laaja valikoima herkullisia v\u00e4rej\u00e4, muotoja ja kuvioita. Anna luovuutesi virrata \u2013 n\u00e4it\u00e4 lyhtyj\u00e4 voidaan sekoittaa ja sovittaa yhteen t\u00e4ydellisen tunnelman luomiseksi.<\/strong><\/p>\n<p>Lumizi aurinkolyhtyj\u00e4 voidaan k\u00e4ytt\u00e4\u00e4 ulkona ymp\u00e4ri vuoden. Ripusta ne auringossa ja lyhdyt tarjoavat maagista valoa illalla.<\/p>\n<p><strong>Lumiz on kest\u00e4v\u00e4 LED-lyhty<\/strong> valmistettu vahvasta, s\u00e4\u00e4nkest\u00e4v\u00e4st\u00e4 ja 100% kierr\u00e4tett\u00e4v\u00e4st\u00e4 Tyvekist\u00e4, patentoidusta materiaalista. Tyvek on korkealaatuinen materiaali, mik\u00e4 tarkoittaa, ett\u00e4 lyhdyt kest\u00e4v\u00e4t.<\/p>\n<p><strong>Aurinkolyhty on LED-lyhty, jota ladataan aurinkoparistoilla koko p\u00e4iv\u00e4n.<\/strong> Lyhdyn aurinkoparistomoduuli on valmistettu Tyvekin v\u00e4risen\u00e4 ja tarjoaa l\u00e4mpim\u00e4n LED-valon v\u00e4rin. Saadakseen lyhdyn loistamaan parhaimmillaan, Lumiz p\u00e4\u00e4tti kehitt\u00e4\u00e4 oman aurinkomoduulinsa. Moduuli sis\u00e4lt\u00e4\u00e4 ladattavat AAA-paristot, jotka latautuvat optimaalisesti auringonvalossa.<\/p>\n<p><strong>Optimaalisissa aurinkoisissa olosuhteissa lyhty voi loistaa 6-8 tuntia. Valon voimakkuus voi laskea 5-6 tunnin kuluttua.<\/strong><\/p>\n<p><strong>Lataus k\u00e4rki<\/strong>: ripusta lyhty paikkaan, jossa aurinko voi paistaa suoraan aurinkopaneeliin.<\/p>\n<p><strong>Huolto<\/strong>: puhdista aurinkopaneeli pehme\u00e4ll\u00e4 kostealla liinalla. Aurinkoenergian absorptio pysyy t\u00e4ll\u00f6in maksimissaan. Tyvek-materiaali voidaan pyyhki\u00e4 tarvittaessa pehme\u00e4ll\u00e4 kostealla liinalla.<\/p>\n<p>Jos haluat pakata lyhdyn pois talvella, ne on helppo taittaa kasaan t\u00e4ysin litteiksi. Suosittelemme paristojen poistamista aurinkopaneelista. (Akkujen j\u00e4tt\u00e4minen aurinkopaneeliin pitk\u00e4ksi aikaa voi aiheuttaa vuotoja ja vahingoittaa elektronisia komponentteja).<\/p>","protected":false},"excerpt":{"rendered":"<p>Size: \u00d8\u00a0\u00a020 cm x K 18 cm Colour: Light green\u00a0 \u00a0 Create a magical atmosphere with Lumiz solar lanterns. The perfect way to create a magical atmosphere in any garden, backyard or porch. They come in a wide variety of delicious colours, shapes and patterns. Let your creativity flow &#8211; these lanterns can be mixed [&#8230;]\n","protected":false},"featured_media":44537,"comment_status":"open","ping_status":"closed","template":"","meta":[],"product_brand":[],"product_cat":[381],"product_tag":[],"class_list":{"0":"post-44536","1":"product","2":"type-product","3":"status-publish","4":"has-post-thumbnail","6":"product_cat-lumiz","8":"first","9":"instock","10":"sale","11":"shipping-taxable","12":"purchasable","13":"product-type-simple"},"yoast_head":"<!-- This site is optimized with the Yoast SEO plugin v27.3 - https:\/\/yoast.com\/product\/yoast-seo-wordpress\/ -->\n<title>Solar Latern Lumiz Round20 Occult Light Green - Decolights.eu<\/title>\n<meta name=\"description\" content=\"Buy Solar Latern Lumiz Round20 Occult Light Green for . Browse our range of . Buy for the best price today and enjoy cozy atmosphere.\" \/>\n<meta name=\"robots\" content=\"index, follow, max-snippet:-1, max-image-preview:large, max-video-preview:-1\" \/>\n<link rel=\"canonical\" href=\"https:\/\/decolights.eu\/fi\/tuote-2\/solar-latern-lumiz-round20-occult-light-green\/\" \/>\n<meta property=\"og:locale\" content=\"fi_FI\" \/>\n<meta property=\"og:type\" content=\"article\" \/>\n<meta property=\"og:title\" content=\"Solar Latern Lumiz Round20 Occult Light Green - Decolights.eu\" \/>\n<meta property=\"og:description\" content=\"Buy Solar Latern Lumiz Round20 Occult Light Green for . Browse our range of . Buy for the best price today and enjoy cozy atmosphere.\" \/>\n<meta property=\"og:url\" content=\"https:\/\/decolights.eu\/fi\/tuote-2\/solar-latern-lumiz-round20-occult-light-green\/\" \/>\n<meta property=\"og:site_name\" content=\"Decolights.eu\" \/>\n<meta property=\"article:modified_time\" content=\"2023-08-11T14:38:24+00:00\" \/>\n<meta property=\"og:image\" content=\"https:\/\/decolights.eu\/wp-content\/uploads\/2023\/08\/29.-Round-20-Occult-Light-Green.jpg\" \/>\n\t<meta property=\"og:image:width\" content=\"1054\" \/>\n\t<meta property=\"og:image:height\" content=\"1670\" \/>\n\t<meta property=\"og:image:type\" content=\"image\/jpeg\" \/>\n<meta name=\"twitter:card\" content=\"summary_large_image\" \/>\n<meta name=\"twitter:label1\" content=\"Arvioitu lukuaika\" \/>\n\t<meta name=\"twitter:data1\" content=\"2 minuuttia\" \/>\n<script type=\"application\/ld+json\" class=\"yoast-schema-graph\">{\"@context\":\"https:\\\/\\\/schema.org\",\"@graph\":[{\"@type\":\"WebPage\",\"@id\":\"https:\\\/\\\/decolights.eu\\\/product\\\/solar-latern-lumiz-round20-occult-light-green\\\/\",\"url\":\"https:\\\/\\\/decolights.eu\\\/product\\\/solar-latern-lumiz-round20-occult-light-green\\\/\",\"name\":\"Solar Latern Lumiz Round20 Occult Light Green - Decolights.eu\",\"isPartOf\":{\"@id\":\"https:\\\/\\\/decolights.eu\\\/#website\"},\"primaryImageOfPage\":{\"@id\":\"https:\\\/\\\/decolights.eu\\\/product\\\/solar-latern-lumiz-round20-occult-light-green\\\/#primaryimage\"},\"image\":{\"@id\":\"https:\\\/\\\/decolights.eu\\\/product\\\/solar-latern-lumiz-round20-occult-light-green\\\/#primaryimage\"},\"thumbnailUrl\":\"https:\\\/\\\/decolights.eu\\\/wp-content\\\/uploads\\\/2023\\\/08\\\/29.-Round-20-Occult-Light-Green.jpg\",\"datePublished\":\"2023-07-28T19:24:52+00:00\",\"dateModified\":\"2023-08-11T14:38:24+00:00\",\"description\":\"Buy Solar Latern Lumiz Round20 Occult Light Green for . Browse our range of . Buy for the best price today and enjoy cozy atmosphere.\",\"breadcrumb\":{\"@id\":\"https:\\\/\\\/decolights.eu\\\/product\\\/solar-latern-lumiz-round20-occult-light-green\\\/#breadcrumb\"},\"inLanguage\":\"fi\",\"potentialAction\":[{\"@type\":\"ReadAction\",\"target\":[\"https:\\\/\\\/decolights.eu\\\/product\\\/solar-latern-lumiz-round20-occult-light-green\\\/\"]}]},{\"@type\":\"ImageObject\",\"inLanguage\":\"fi\",\"@id\":\"https:\\\/\\\/decolights.eu\\\/product\\\/solar-latern-lumiz-round20-occult-light-green\\\/#primaryimage\",\"url\":\"https:\\\/\\\/decolights.eu\\\/wp-content\\\/uploads\\\/2023\\\/08\\\/29.-Round-20-Occult-Light-Green.jpg\",\"contentUrl\":\"https:\\\/\\\/decolights.eu\\\/wp-content\\\/uploads\\\/2023\\\/08\\\/29.-Round-20-Occult-Light-Green.jpg\",\"width\":1054,\"height\":1670},{\"@type\":\"BreadcrumbList\",\"@id\":\"https:\\\/\\\/decolights.eu\\\/product\\\/solar-latern-lumiz-round20-occult-light-green\\\/#breadcrumb\",\"itemListElement\":[{\"@type\":\"ListItem\",\"position\":1,\"name\":\"Shop\",\"item\":\"https:\\\/\\\/decolights.eu\\\/shop\\\/\"},{\"@type\":\"ListItem\",\"position\":2,\"name\":\"Solar Latern Lumiz Round20 Occult Light Green\"}]},{\"@type\":\"WebSite\",\"@id\":\"https:\\\/\\\/decolights.eu\\\/#website\",\"url\":\"https:\\\/\\\/decolights.eu\\\/\",\"name\":\"decolights\",\"description\":\"Led Decorations for Home and Garden\",\"publisher\":{\"@id\":\"https:\\\/\\\/decolights.eu\\\/#organization\"},\"alternateName\":\"decolights.eu\",\"potentialAction\":[{\"@type\":\"SearchAction\",\"target\":{\"@type\":\"EntryPoint\",\"urlTemplate\":\"https:\\\/\\\/decolights.eu\\\/?s={search_term_string}\"},\"query-input\":{\"@type\":\"PropertyValueSpecification\",\"valueRequired\":true,\"valueName\":\"search_term_string\"}}],\"inLanguage\":\"fi\"},{\"@type\":\"Organization\",\"@id\":\"https:\\\/\\\/decolights.eu\\\/#organization\",\"name\":\"decolights\",\"url\":\"https:\\\/\\\/decolights.eu\\\/\",\"logo\":{\"@type\":\"ImageObject\",\"inLanguage\":\"fi\",\"@id\":\"https:\\\/\\\/decolights.eu\\\/#\\\/schema\\\/logo\\\/image\\\/\",\"url\":\"https:\\\/\\\/decolights.eu\\\/wp-content\\\/uploads\\\/2023\\\/07\\\/cropped-decolight-siteicon.png\",\"contentUrl\":\"https:\\\/\\\/decolights.eu\\\/wp-content\\\/uploads\\\/2023\\\/07\\\/cropped-decolight-siteicon.png\",\"width\":512,\"height\":512,\"caption\":\"decolights\"},\"image\":{\"@id\":\"https:\\\/\\\/decolights.eu\\\/#\\\/schema\\\/logo\\\/image\\\/\"}}]}<\/script>\n<!-- \/ Yoast SEO plugin. -->","yoast_head_json":{"title":"Solar Latern Lumiz Round20 Occult Light Green - Decolights.eu","description":"Buy Solar Latern Lumiz Round20 Occult Light Green for . Browse our range of . Buy for the best price today and enjoy cozy atmosphere.","robots":{"index":"index","follow":"follow","max-snippet":"max-snippet:-1","max-image-preview":"max-image-preview:large","max-video-preview":"max-video-preview:-1"},"canonical":"https:\/\/decolights.eu\/fi\/tuote-2\/solar-latern-lumiz-round20-occult-light-green\/","og_locale":"fi_FI","og_type":"article","og_title":"Solar Latern Lumiz Round20 Occult Light Green - Decolights.eu","og_description":"Buy Solar Latern Lumiz Round20 Occult Light Green for . Browse our range of . Buy for the best price today and enjoy cozy atmosphere.","og_url":"https:\/\/decolights.eu\/fi\/tuote-2\/solar-latern-lumiz-round20-occult-light-green\/","og_site_name":"Decolights.eu","article_modified_time":"2023-08-11T14:38:24+00:00","og_image":[{"width":1054,"height":1670,"url":"https:\/\/decolights.eu\/wp-content\/uploads\/2023\/08\/29.-Round-20-Occult-Light-Green.jpg","type":"image\/jpeg"}],"twitter_card":"summary_large_image","twitter_misc":{"Arvioitu lukuaika":"2 minuuttia"},"schema":{"@context":"https:\/\/schema.org","@graph":[{"@type":"WebPage","@id":"https:\/\/decolights.eu\/product\/solar-latern-lumiz-round20-occult-light-green\/","url":"https:\/\/decolights.eu\/product\/solar-latern-lumiz-round20-occult-light-green\/","name":"Solar Latern Lumiz Round20 Occult Light Green - Decolights.eu","isPartOf":{"@id":"https:\/\/decolights.eu\/#website"},"primaryImageOfPage":{"@id":"https:\/\/decolights.eu\/product\/solar-latern-lumiz-round20-occult-light-green\/#primaryimage"},"image":{"@id":"https:\/\/decolights.eu\/product\/solar-latern-lumiz-round20-occult-light-green\/#primaryimage"},"thumbnailUrl":"https:\/\/decolights.eu\/wp-content\/uploads\/2023\/08\/29.-Round-20-Occult-Light-Green.jpg","datePublished":"2023-07-28T19:24:52+00:00","dateModified":"2023-08-11T14:38:24+00:00","description":"Buy Solar Latern Lumiz Round20 Occult Light Green for . Browse our range of . Buy for the best price today and enjoy cozy atmosphere.","breadcrumb":{"@id":"https:\/\/decolights.eu\/product\/solar-latern-lumiz-round20-occult-light-green\/#breadcrumb"},"inLanguage":"fi","potentialAction":[{"@type":"ReadAction","target":["https:\/\/decolights.eu\/product\/solar-latern-lumiz-round20-occult-light-green\/"]}]},{"@type":"ImageObject","inLanguage":"fi","@id":"https:\/\/decolights.eu\/product\/solar-latern-lumiz-round20-occult-light-green\/#primaryimage","url":"https:\/\/decolights.eu\/wp-content\/uploads\/2023\/08\/29.-Round-20-Occult-Light-Green.jpg","contentUrl":"https:\/\/decolights.eu\/wp-content\/uploads\/2023\/08\/29.-Round-20-Occult-Light-Green.jpg","width":1054,"height":1670},{"@type":"BreadcrumbList","@id":"https:\/\/decolights.eu\/product\/solar-latern-lumiz-round20-occult-light-green\/#breadcrumb","itemListElement":[{"@type":"ListItem","position":1,"name":"Shop","item":"https:\/\/decolights.eu\/shop\/"},{"@type":"ListItem","position":2,"name":"Solar Latern Lumiz Round20 Occult Light Green"}]},{"@type":"WebSite","@id":"https:\/\/decolights.eu\/#website","url":"https:\/\/decolights.eu\/","name":"decolights","description":"Led-koristeet kotiin ja puutarhaan","publisher":{"@id":"https:\/\/decolights.eu\/#organization"},"alternateName":"decolights.eu","potentialAction":[{"@type":"SearchAction","target":{"@type":"EntryPoint","urlTemplate":"https:\/\/decolights.eu\/?s={search_term_string}"},"query-input":{"@type":"PropertyValueSpecification","valueRequired":true,"valueName":"search_term_string"}}],"inLanguage":"fi"},{"@type":"Organization","@id":"https:\/\/decolights.eu\/#organization","name":"decolights","url":"https:\/\/decolights.eu\/","logo":{"@type":"ImageObject","inLanguage":"fi","@id":"https:\/\/decolights.eu\/#\/schema\/logo\/image\/","url":"https:\/\/decolights.eu\/wp-content\/uploads\/2023\/07\/cropped-decolight-siteicon.png","contentUrl":"https:\/\/decolights.eu\/wp-content\/uploads\/2023\/07\/cropped-decolight-siteicon.png","width":512,"height":512,"caption":"decolights"},"image":{"@id":"https:\/\/decolights.eu\/#\/schema\/logo\/image\/"}}]}},"jetpack_sharing_enabled":true,"_links":{"self":[{"href":"https:\/\/decolights.eu\/fi\/wp-json\/wp\/v2\/product\/44536","targetHints":{"allow":["GET"]}}],"collection":[{"href":"https:\/\/decolights.eu\/fi\/wp-json\/wp\/v2\/product"}],"about":[{"href":"https:\/\/decolights.eu\/fi\/wp-json\/wp\/v2\/types\/product"}],"replies":[{"embeddable":true,"href":"https:\/\/decolights.eu\/fi\/wp-json\/wp\/v2\/comments?post=44536"}],"wp:featuredmedia":[{"embeddable":true,"href":"https:\/\/decolights.eu\/fi\/wp-json\/wp\/v2\/media\/44537"}],"wp:attachment":[{"href":"https:\/\/decolights.eu\/fi\/wp-json\/wp\/v2\/media?parent=44536"}],"wp:term":[{"taxonomy":"product_brand","embeddable":true,"href":"https:\/\/decolights.eu\/fi\/wp-json\/wp\/v2\/product_brand?post=44536"},{"taxonomy":"product_cat","embeddable":true,"href":"https:\/\/decolights.eu\/fi\/wp-json\/wp\/v2\/product_cat?post=44536"},{"taxonomy":"product_tag","embeddable":true,"href":"https:\/\/decolights.eu\/fi\/wp-json\/wp\/v2\/product_tag?post=44536"}],"curies":[{"name":"wp","href":"https:\/\/api.w.org\/{rel}","templated":true}]}}