{"id":44659,"date":"2023-07-29T15:34:21","date_gmt":"2023-07-29T15:34:21","guid":{"rendered":"https:\/\/decolights.eu\/?post_type=product&#038;p=44659"},"modified":"2023-08-11T15:30:22","modified_gmt":"2023-08-11T15:30:22","slug":"solar-latern-lumiz-round40-tigres-yellow","status":"publish","type":"product","link":"https:\/\/decolights.eu\/fi\/tuote-2\/solar-latern-lumiz-round40-tigres-yellow\/","title":{"rendered":"Solar Latern Lumiz Round40 Tigres Keltainen"},"content":{"rendered":"<p><strong>Mitat:<\/strong> <strong>\u00d8 40 cm x K 38 cm<\/strong><\/p>\n<p><strong>V\u00e4ri:<\/strong> <strong>Keltainen<\/strong><\/p>\n<p><strong>Luo maaginen tunnelma Lumizin aurinkolyhtyjen avulla.<\/strong><\/p>\n<p><strong>T\u00e4ydellinen tapa luoda maaginen tunnelma mihin tahansa puutarhaan, takapihalle tai verannalle. Niit\u00e4 on eri ihastuttavia v\u00e4rej\u00e4, malleja ja kuvioita. P\u00e4\u00e4st\u00e4 luovuutesi valloilleen \u2013 n\u00e4m\u00e4 lyhdyt voidaan yhdist\u00e4\u00e4 toisiinsa t\u00e4ydellisen tunnelman luomiseksi.<\/strong><\/p>\n<p>Lumizin aurinkolyhtyj\u00e4 voidaan k\u00e4ytt\u00e4\u00e4 ulkona ymp\u00e4ri vuoden. Ripusta ne auringonvaloon, ja iltaan menness\u00e4 lyhdyt tarjoavat maagisen valaistuksen.<\/p>\n<p><strong>Lumiz on kest\u00e4v\u00e4 LED-lyhty.<\/strong> Lyhdyt on valmistettu kest\u00e4v\u00e4st\u00e4, s\u00e4\u00e4nkest\u00e4v\u00e4st\u00e4 ja 100% kierr\u00e4tett\u00e4v\u00e4st\u00e4, patentoidusta Tyvek-materiaalista. Tyvek on laadukas materiaali, mik\u00e4 tarkoittaa, ett\u00e4 lyhdyt ovat pitk\u00e4ik\u00e4isi\u00e4.<\/p>\n<p><strong>Aurinkolyhty on LED-lyhty, joka latautuu koko p\u00e4iv\u00e4n aurinkoparistojen avulla.<\/strong> Lyhdyn sis\u00e4ll\u00e4 oleva aurinkoparistomoduuli on suunniteltu vastaamaan Tyvekin v\u00e4ri\u00e4 ja s\u00e4teilee l\u00e4mmint\u00e4 LED-valoa. Jotta lyhty loistaa parhaimmillaan, Lumiz p\u00e4\u00e4tti kehitt\u00e4\u00e4 oman aurinkomoduulinsa. Moduuli sis\u00e4lt\u00e4\u00e4 ladattavat AAA-paristot, jotka latautuvat optimaalisesti auringonvalossa.<\/p>\n<p>Optimaalisissa aurinkoisissa olosuhteissa lyhty voi loistaa 6-8 tuntia. Valon voimakkuus voi laskea 5-6 tunnin kuluttua.<\/p>\n<p><strong>Latausvinkki:<\/strong> Ripusta lyhty paikkaan, jossa aurinko voi paistaa suoraan aurinkopaneeliin.<\/p>\n<p><strong>Huolto:<\/strong> Puhdista aurinkopaneeli pehme\u00e4ll\u00e4 kostealla liinalla. T\u00e4m\u00e4 varmistaa aurinkoenergian maksimaalisen imeytymisen. Tyvek-materiaali voidaan pyyhki\u00e4 tarvittaessa pehme\u00e4ll\u00e4 kostealla liinalla.<\/p>\n<p>Jos haluat s\u00e4ilytt\u00e4\u00e4 lyhtyj\u00e4 talvella, ne on helppo taittaa tasaiseksi. Suosittelemme paristojen poistamista aurinkopaneelista. (Jos j\u00e4t\u00e4t paristot aurinkopaneeliin pitk\u00e4ksi aikaa, ne voivat vuotaa ja vahingoittaa elektronisia komponentteja.)<\/p>","protected":false},"excerpt":{"rendered":"<p>Dimensions: \u00d8 40 cm x H 38 cm Color: Yellow Create a magical atmosphere with the help of Lumiz solar lanterns. The perfect way to create a magical atmosphere in any garden, backyard, or veranda. They come in various delightful colours, designs, and patterns. Unleash your creativity \u2013 these lanterns can be combined with one [&#8230;]\n","protected":false},"featured_media":44660,"comment_status":"open","ping_status":"closed","template":"","meta":[],"product_brand":[],"product_cat":[381,171],"product_tag":[],"class_list":{"0":"post-44659","1":"product","2":"type-product","3":"status-publish","4":"has-post-thumbnail","6":"product_cat-lumiz","7":"product_cat-solar-lights","9":"first","10":"instock","11":"sale","12":"shipping-taxable","13":"purchasable","14":"product-type-simple"},"yoast_head":"<!-- This site is optimized with the Yoast SEO plugin v27.3 - https:\/\/yoast.com\/product\/yoast-seo-wordpress\/ -->\n<title>Solar Latern Lumiz Round40 Tigres Yellow - Decolights.eu<\/title>\n<meta name=\"description\" content=\"Buy Solar Latern Lumiz Round40 Tigres Yellow for . Browse our range of . Buy for the best price today and enjoy cozy atmosphere.\" \/>\n<meta name=\"robots\" content=\"index, follow, max-snippet:-1, max-image-preview:large, max-video-preview:-1\" \/>\n<link rel=\"canonical\" href=\"https:\/\/decolights.eu\/fi\/tuote-2\/solar-latern-lumiz-round40-tigres-yellow\/\" \/>\n<meta property=\"og:locale\" content=\"fi_FI\" \/>\n<meta property=\"og:type\" content=\"article\" \/>\n<meta property=\"og:title\" content=\"Solar Latern Lumiz Round40 Tigres Yellow - Decolights.eu\" \/>\n<meta property=\"og:description\" content=\"Buy Solar Latern Lumiz Round40 Tigres Yellow for . Browse our range of . Buy for the best price today and enjoy cozy atmosphere.\" \/>\n<meta property=\"og:url\" content=\"https:\/\/decolights.eu\/fi\/tuote-2\/solar-latern-lumiz-round40-tigres-yellow\/\" \/>\n<meta property=\"og:site_name\" content=\"Decolights.eu\" \/>\n<meta property=\"article:modified_time\" content=\"2023-08-11T15:30:22+00:00\" \/>\n<meta property=\"og:image\" content=\"https:\/\/decolights.eu\/wp-content\/uploads\/2023\/08\/Round-40-Tigres-Yellow.jpg\" \/>\n\t<meta property=\"og:image:width\" content=\"1700\" \/>\n\t<meta property=\"og:image:height\" content=\"1700\" \/>\n\t<meta property=\"og:image:type\" content=\"image\/jpeg\" \/>\n<meta name=\"twitter:card\" content=\"summary_large_image\" \/>\n<meta name=\"twitter:label1\" content=\"Arvioitu lukuaika\" \/>\n\t<meta name=\"twitter:data1\" content=\"2 minuuttia\" \/>\n<script type=\"application\/ld+json\" class=\"yoast-schema-graph\">{\"@context\":\"https:\\\/\\\/schema.org\",\"@graph\":[{\"@type\":\"WebPage\",\"@id\":\"https:\\\/\\\/decolights.eu\\\/product\\\/solar-latern-lumiz-round40-tigres-yellow\\\/\",\"url\":\"https:\\\/\\\/decolights.eu\\\/product\\\/solar-latern-lumiz-round40-tigres-yellow\\\/\",\"name\":\"Solar Latern Lumiz Round40 Tigres Yellow - Decolights.eu\",\"isPartOf\":{\"@id\":\"https:\\\/\\\/decolights.eu\\\/#website\"},\"primaryImageOfPage\":{\"@id\":\"https:\\\/\\\/decolights.eu\\\/product\\\/solar-latern-lumiz-round40-tigres-yellow\\\/#primaryimage\"},\"image\":{\"@id\":\"https:\\\/\\\/decolights.eu\\\/product\\\/solar-latern-lumiz-round40-tigres-yellow\\\/#primaryimage\"},\"thumbnailUrl\":\"https:\\\/\\\/decolights.eu\\\/wp-content\\\/uploads\\\/2023\\\/08\\\/Round-40-Tigres-Yellow.jpg\",\"datePublished\":\"2023-07-29T15:34:21+00:00\",\"dateModified\":\"2023-08-11T15:30:22+00:00\",\"description\":\"Buy Solar Latern Lumiz Round40 Tigres Yellow for . Browse our range of . Buy for the best price today and enjoy cozy atmosphere.\",\"breadcrumb\":{\"@id\":\"https:\\\/\\\/decolights.eu\\\/product\\\/solar-latern-lumiz-round40-tigres-yellow\\\/#breadcrumb\"},\"inLanguage\":\"fi\",\"potentialAction\":[{\"@type\":\"ReadAction\",\"target\":[\"https:\\\/\\\/decolights.eu\\\/product\\\/solar-latern-lumiz-round40-tigres-yellow\\\/\"]}]},{\"@type\":\"ImageObject\",\"inLanguage\":\"fi\",\"@id\":\"https:\\\/\\\/decolights.eu\\\/product\\\/solar-latern-lumiz-round40-tigres-yellow\\\/#primaryimage\",\"url\":\"https:\\\/\\\/decolights.eu\\\/wp-content\\\/uploads\\\/2023\\\/08\\\/Round-40-Tigres-Yellow.jpg\",\"contentUrl\":\"https:\\\/\\\/decolights.eu\\\/wp-content\\\/uploads\\\/2023\\\/08\\\/Round-40-Tigres-Yellow.jpg\",\"width\":1700,\"height\":1700},{\"@type\":\"BreadcrumbList\",\"@id\":\"https:\\\/\\\/decolights.eu\\\/product\\\/solar-latern-lumiz-round40-tigres-yellow\\\/#breadcrumb\",\"itemListElement\":[{\"@type\":\"ListItem\",\"position\":1,\"name\":\"Shop\",\"item\":\"https:\\\/\\\/decolights.eu\\\/shop\\\/\"},{\"@type\":\"ListItem\",\"position\":2,\"name\":\"Solar Latern Lumiz Round40 Tigres Yellow\"}]},{\"@type\":\"WebSite\",\"@id\":\"https:\\\/\\\/decolights.eu\\\/#website\",\"url\":\"https:\\\/\\\/decolights.eu\\\/\",\"name\":\"decolights\",\"description\":\"Led Decorations for Home and Garden\",\"publisher\":{\"@id\":\"https:\\\/\\\/decolights.eu\\\/#organization\"},\"alternateName\":\"decolights.eu\",\"potentialAction\":[{\"@type\":\"SearchAction\",\"target\":{\"@type\":\"EntryPoint\",\"urlTemplate\":\"https:\\\/\\\/decolights.eu\\\/?s={search_term_string}\"},\"query-input\":{\"@type\":\"PropertyValueSpecification\",\"valueRequired\":true,\"valueName\":\"search_term_string\"}}],\"inLanguage\":\"fi\"},{\"@type\":\"Organization\",\"@id\":\"https:\\\/\\\/decolights.eu\\\/#organization\",\"name\":\"decolights\",\"url\":\"https:\\\/\\\/decolights.eu\\\/\",\"logo\":{\"@type\":\"ImageObject\",\"inLanguage\":\"fi\",\"@id\":\"https:\\\/\\\/decolights.eu\\\/#\\\/schema\\\/logo\\\/image\\\/\",\"url\":\"https:\\\/\\\/decolights.eu\\\/wp-content\\\/uploads\\\/2023\\\/07\\\/cropped-decolight-siteicon.png\",\"contentUrl\":\"https:\\\/\\\/decolights.eu\\\/wp-content\\\/uploads\\\/2023\\\/07\\\/cropped-decolight-siteicon.png\",\"width\":512,\"height\":512,\"caption\":\"decolights\"},\"image\":{\"@id\":\"https:\\\/\\\/decolights.eu\\\/#\\\/schema\\\/logo\\\/image\\\/\"}}]}<\/script>\n<!-- \/ Yoast SEO plugin. -->","yoast_head_json":{"title":"Solar Latern Lumiz Round40 Tigres Yellow - Decolights.eu","description":"Osta Solar Latern Lumiz Round40 Tigres Yellow hintaan. Selaa valikoimaamme. Osta parhaalla hinnalla t\u00e4n\u00e4\u00e4n ja nauti viihtyis\u00e4st\u00e4 tunnelmasta.","robots":{"index":"index","follow":"follow","max-snippet":"max-snippet:-1","max-image-preview":"max-image-preview:large","max-video-preview":"max-video-preview:-1"},"canonical":"https:\/\/decolights.eu\/fi\/tuote-2\/solar-latern-lumiz-round40-tigres-yellow\/","og_locale":"fi_FI","og_type":"article","og_title":"Solar Latern Lumiz Round40 Tigres Yellow - Decolights.eu","og_description":"Buy Solar Latern Lumiz Round40 Tigres Yellow for . Browse our range of . Buy for the best price today and enjoy cozy atmosphere.","og_url":"https:\/\/decolights.eu\/fi\/tuote-2\/solar-latern-lumiz-round40-tigres-yellow\/","og_site_name":"Decolights.eu","article_modified_time":"2023-08-11T15:30:22+00:00","og_image":[{"width":1700,"height":1700,"url":"https:\/\/decolights.eu\/wp-content\/uploads\/2023\/08\/Round-40-Tigres-Yellow.jpg","type":"image\/jpeg"}],"twitter_card":"summary_large_image","twitter_misc":{"Arvioitu lukuaika":"2 minuuttia"},"schema":{"@context":"https:\/\/schema.org","@graph":[{"@type":"WebPage","@id":"https:\/\/decolights.eu\/product\/solar-latern-lumiz-round40-tigres-yellow\/","url":"https:\/\/decolights.eu\/product\/solar-latern-lumiz-round40-tigres-yellow\/","name":"Solar Latern Lumiz Round40 Tigres Yellow - Decolights.eu","isPartOf":{"@id":"https:\/\/decolights.eu\/#website"},"primaryImageOfPage":{"@id":"https:\/\/decolights.eu\/product\/solar-latern-lumiz-round40-tigres-yellow\/#primaryimage"},"image":{"@id":"https:\/\/decolights.eu\/product\/solar-latern-lumiz-round40-tigres-yellow\/#primaryimage"},"thumbnailUrl":"https:\/\/decolights.eu\/wp-content\/uploads\/2023\/08\/Round-40-Tigres-Yellow.jpg","datePublished":"2023-07-29T15:34:21+00:00","dateModified":"2023-08-11T15:30:22+00:00","description":"Osta Solar Latern Lumiz Round40 Tigres Yellow hintaan. Selaa valikoimaamme. Osta parhaalla hinnalla t\u00e4n\u00e4\u00e4n ja nauti viihtyis\u00e4st\u00e4 tunnelmasta.","breadcrumb":{"@id":"https:\/\/decolights.eu\/product\/solar-latern-lumiz-round40-tigres-yellow\/#breadcrumb"},"inLanguage":"fi","potentialAction":[{"@type":"ReadAction","target":["https:\/\/decolights.eu\/product\/solar-latern-lumiz-round40-tigres-yellow\/"]}]},{"@type":"ImageObject","inLanguage":"fi","@id":"https:\/\/decolights.eu\/product\/solar-latern-lumiz-round40-tigres-yellow\/#primaryimage","url":"https:\/\/decolights.eu\/wp-content\/uploads\/2023\/08\/Round-40-Tigres-Yellow.jpg","contentUrl":"https:\/\/decolights.eu\/wp-content\/uploads\/2023\/08\/Round-40-Tigres-Yellow.jpg","width":1700,"height":1700},{"@type":"BreadcrumbList","@id":"https:\/\/decolights.eu\/product\/solar-latern-lumiz-round40-tigres-yellow\/#breadcrumb","itemListElement":[{"@type":"ListItem","position":1,"name":"Shop","item":"https:\/\/decolights.eu\/shop\/"},{"@type":"ListItem","position":2,"name":"Solar Latern Lumiz Round40 Tigres Yellow"}]},{"@type":"WebSite","@id":"https:\/\/decolights.eu\/#website","url":"https:\/\/decolights.eu\/","name":"decolights","description":"Led-koristeet kotiin ja puutarhaan","publisher":{"@id":"https:\/\/decolights.eu\/#organization"},"alternateName":"decolights.eu","potentialAction":[{"@type":"SearchAction","target":{"@type":"EntryPoint","urlTemplate":"https:\/\/decolights.eu\/?s={search_term_string}"},"query-input":{"@type":"PropertyValueSpecification","valueRequired":true,"valueName":"search_term_string"}}],"inLanguage":"fi"},{"@type":"Organization","@id":"https:\/\/decolights.eu\/#organization","name":"decolights","url":"https:\/\/decolights.eu\/","logo":{"@type":"ImageObject","inLanguage":"fi","@id":"https:\/\/decolights.eu\/#\/schema\/logo\/image\/","url":"https:\/\/decolights.eu\/wp-content\/uploads\/2023\/07\/cropped-decolight-siteicon.png","contentUrl":"https:\/\/decolights.eu\/wp-content\/uploads\/2023\/07\/cropped-decolight-siteicon.png","width":512,"height":512,"caption":"decolights"},"image":{"@id":"https:\/\/decolights.eu\/#\/schema\/logo\/image\/"}}]}},"jetpack_sharing_enabled":true,"_links":{"self":[{"href":"https:\/\/decolights.eu\/fi\/wp-json\/wp\/v2\/product\/44659","targetHints":{"allow":["GET"]}}],"collection":[{"href":"https:\/\/decolights.eu\/fi\/wp-json\/wp\/v2\/product"}],"about":[{"href":"https:\/\/decolights.eu\/fi\/wp-json\/wp\/v2\/types\/product"}],"replies":[{"embeddable":true,"href":"https:\/\/decolights.eu\/fi\/wp-json\/wp\/v2\/comments?post=44659"}],"wp:featuredmedia":[{"embeddable":true,"href":"https:\/\/decolights.eu\/fi\/wp-json\/wp\/v2\/media\/44660"}],"wp:attachment":[{"href":"https:\/\/decolights.eu\/fi\/wp-json\/wp\/v2\/media?parent=44659"}],"wp:term":[{"taxonomy":"product_brand","embeddable":true,"href":"https:\/\/decolights.eu\/fi\/wp-json\/wp\/v2\/product_brand?post=44659"},{"taxonomy":"product_cat","embeddable":true,"href":"https:\/\/decolights.eu\/fi\/wp-json\/wp\/v2\/product_cat?post=44659"},{"taxonomy":"product_tag","embeddable":true,"href":"https:\/\/decolights.eu\/fi\/wp-json\/wp\/v2\/product_tag?post=44659"}],"curies":[{"name":"wp","href":"https:\/\/api.w.org\/{rel}","templated":true}]}}