{"id":4612,"date":"2023-04-01T04:21:46","date_gmt":"2023-04-01T04:21:46","guid":{"rendered":"https:\/\/decolights.eu\/?post_type=product&#038;p=4612"},"modified":"2023-04-29T08:39:14","modified_gmt":"2023-04-29T08:39:14","slug":"2-in-1-rechargeable-mosquito-repellent-lamp-and-insect-killing-racquet","status":"publish","type":"product","link":"https:\/\/decolights.eu\/fi\/tuote-2\/2-in-1-rechargeable-mosquito-repellent-lamp-and-insect-killing-racquet\/","title":{"rendered":"2 in 1 ladattava hyttyskarkolamppu ja hy\u00f6nteisten tappava maila"},"content":{"rendered":"<p>Alkuper\u00e4inen hyttysi\u00e4 hylkiv\u00e4 lamppu valotunnistimella ja hy\u00f6nteisten tappavalla mailalla, jonka kahvassa on painike verkon aktivoimiseksi, aina t\u00e4ysin turvassa. Koska se on ladattava ja kannettava, se on k\u00e4tev\u00e4 k\u00e4ytt\u00e4\u00e4 miss\u00e4 tahansa. UV-valo syttyy automaattisesti pime\u00e4ss\u00e4 ja sammuu p\u00e4iv\u00e4ll\u00e4. Siin\u00e4 on my\u00f6s kytkin UV-y\u00f6valon ja verkon aktivoimiseksi tai deaktivoimiseksi. Ihanteellinen k\u00e4rp\u00e4sten, hyttysten ja muiden hy\u00f6nteisten poistamiseen helposti ymp\u00e4rist\u00f6yst\u00e4v\u00e4llisemm\u00e4ll\u00e4 tavalla ja ilman kemiallisia tuotteita. Maila ja jalusta voidaan lukita yhteen ja ripustaa lamppuksi ja lasten turvatoimenpiteeksi.<\/p>\n<ul>\n<li><strong>Materiaali:<\/strong> ABS<\/li>\n<li><strong>V\u00e4ri:\u00a0<\/strong>valkoinen<\/li>\n<li><strong>Koko:<\/strong>17,5 x 29 x 5,5 cm<\/li>\n<li>Innovatiivinen ja toimiva muotoilu<\/li>\n<li><strong>Tyyppi:<\/strong>\n<ul>\n<li>S\u00e4hk\u00f6inen<\/li>\n<li>Ladattava<\/li>\n<\/ul>\n<\/li>\n<li><strong>Kaksoistoiminto:<\/strong>\n<ul>\n<li>Valaistus<\/li>\n<li>S\u00e4hk\u00f6inen hyttyskarkote<\/li>\n<\/ul>\n<\/li>\n<li><strong>UV-lamppu:<\/strong>\n<ul>\n<li>Valon anturi<\/li>\n<li>3 x 0,06 W<\/li>\n<li>360-400 nm<\/li>\n<\/ul>\n<\/li>\n<li>Turvalohko<\/li>\n<li>Ulkoinen iskusuojaus<\/li>\n<li>Vedenkest\u00e4v\u00e4: IPX4<\/li>\n<li>Sis\u00e4- ja ulkok\u00e4ytt\u00f6\u00f6n<\/li>\n<li>Pidennett\u00e4v\u00e4t pitojalat<\/li>\n<li>Johto ripustamiseen<\/li>\n<li>Ei hajuja tai kemikaaleja<\/li>\n<li>Mukava, yksinkertainen ja turvallinen k\u00e4ytt\u00f6<\/li>\n<li>Helppo kuljettaa ja s\u00e4ilytt\u00e4\u00e4<\/li>\n<li><strong>Sis\u00e4lt\u00e4\u00e4:<\/strong>\n<ul>\n<li>USB-kaapeli Micro USB:hen<\/li>\n<li>LED-latauksen merkkivalo<\/li>\n<\/ul>\n<\/li>\n<li><strong>Teho:<\/strong> 1000 V<\/li>\n<li><strong>Akku:<\/strong> 130 mAh \/ 3,7 V<\/li>\n<li><strong>Sy\u00f6te:<\/strong> 40 mA \u2013 5 V<\/li>\n<\/ul>\n<p><iframe loading=\"lazy\" title=\"InnovaGoods hy\u00f6nteistentorjuntalamppu ja swatter\" width=\"1020\" height=\"574\" src=\"https:\/\/www.youtube.com\/embed\/I1wOFoEZyQw?feature=oembed\" frameborder=\"0\" allow=\"accelerometer; autoplay; clipboard-write; encrypted-media; gyroscope; picture-in-picture; web-share\" allowfullscreen><\/iframe><\/p>","protected":false},"excerpt":{"rendered":"<p>An original mosquito-repellent lamp with light sensor and an insect-killing racquet with a button on the handle to activate the mesh, always in complete safety. As it is rechargeable and portable, it is convenient for use anywhere. The UV light will automatically switch on in the dark and switch off during the day. It also [&#8230;]\n","protected":false},"featured_media":4645,"comment_status":"open","ping_status":"closed","template":"","meta":[],"product_brand":[],"product_cat":[276,226],"product_tag":[],"class_list":{"0":"post-4612","1":"product","2":"type-product","3":"status-publish","4":"has-post-thumbnail","6":"product_cat-mosquito-lamps-and-net","7":"product_cat-outdoor-lights","8":"pa_brand-deco","10":"first","11":"instock","12":"sale","13":"shipping-taxable","14":"purchasable","15":"product-type-simple"},"yoast_head":"<!-- This site is optimized with the Yoast SEO plugin v27.3 - https:\/\/yoast.com\/product\/yoast-seo-wordpress\/ -->\n<title>2 in 1 rechargeable mosquito repellent lamp and insect-killing racquet - Decolights.eu<\/title>\n<meta name=\"description\" content=\"A mosquito racquet and lamp is a very practical and effective device for removing insects(flies, mosquitoes, bees etc). Buy now to get the best price!\" \/>\n<meta name=\"robots\" content=\"index, follow, max-snippet:-1, max-image-preview:large, max-video-preview:-1\" \/>\n<link rel=\"canonical\" href=\"https:\/\/decolights.eu\/fi\/tuote-2\/2-in-1-rechargeable-mosquito-repellent-lamp-and-insect-killing-racquet\/\" \/>\n<meta property=\"og:locale\" content=\"fi_FI\" \/>\n<meta property=\"og:type\" content=\"article\" \/>\n<meta property=\"og:title\" content=\"2 in 1 rechargeable mosquito repellent lamp and insect-killing racquet - Decolights.eu\" \/>\n<meta property=\"og:description\" content=\"A mosquito racquet and lamp is a very practical and effective device for removing insects(flies, mosquitoes, bees etc). Buy now to get the best price!\" \/>\n<meta property=\"og:url\" content=\"https:\/\/decolights.eu\/fi\/tuote-2\/2-in-1-rechargeable-mosquito-repellent-lamp-and-insect-killing-racquet\/\" \/>\n<meta property=\"og:site_name\" content=\"Decolights.eu\" \/>\n<meta property=\"article:modified_time\" content=\"2023-04-29T08:39:14+00:00\" \/>\n<meta property=\"og:image\" content=\"https:\/\/decolights.eu\/wp-content\/uploads\/2023\/04\/kaks-uhes-taaslaetav-saasetorjelamp-ja-putukate-tapmise-reket-swateck-innovagoods_121597.jpg\" \/>\n\t<meta property=\"og:image:width\" content=\"600\" \/>\n\t<meta property=\"og:image:height\" content=\"600\" \/>\n\t<meta property=\"og:image:type\" content=\"image\/jpeg\" \/>\n<meta name=\"twitter:card\" content=\"summary_large_image\" \/>\n<meta name=\"twitter:label1\" content=\"Arvioitu lukuaika\" \/>\n\t<meta name=\"twitter:data1\" content=\"1 minuutti\" \/>\n<script type=\"application\/ld+json\" class=\"yoast-schema-graph\">{\"@context\":\"https:\\\/\\\/schema.org\",\"@graph\":[{\"@type\":\"WebPage\",\"@id\":\"https:\\\/\\\/decolights.eu\\\/product\\\/2-in-1-rechargeable-mosquito-repellent-lamp-and-insect-killing-racquet\\\/\",\"url\":\"https:\\\/\\\/decolights.eu\\\/product\\\/2-in-1-rechargeable-mosquito-repellent-lamp-and-insect-killing-racquet\\\/\",\"name\":\"2 in 1 rechargeable mosquito repellent lamp and insect-killing racquet - Decolights.eu\",\"isPartOf\":{\"@id\":\"https:\\\/\\\/decolights.eu\\\/#website\"},\"primaryImageOfPage\":{\"@id\":\"https:\\\/\\\/decolights.eu\\\/product\\\/2-in-1-rechargeable-mosquito-repellent-lamp-and-insect-killing-racquet\\\/#primaryimage\"},\"image\":{\"@id\":\"https:\\\/\\\/decolights.eu\\\/product\\\/2-in-1-rechargeable-mosquito-repellent-lamp-and-insect-killing-racquet\\\/#primaryimage\"},\"thumbnailUrl\":\"https:\\\/\\\/decolights.eu\\\/wp-content\\\/uploads\\\/2023\\\/04\\\/kaks-uhes-taaslaetav-saasetorjelamp-ja-putukate-tapmise-reket-swateck-innovagoods_121597.jpg\",\"datePublished\":\"2023-04-01T04:21:46+00:00\",\"dateModified\":\"2023-04-29T08:39:14+00:00\",\"description\":\"A mosquito racquet and lamp is a very practical and effective device for removing insects(flies, mosquitoes, bees etc). Buy now to get the best price!\",\"breadcrumb\":{\"@id\":\"https:\\\/\\\/decolights.eu\\\/product\\\/2-in-1-rechargeable-mosquito-repellent-lamp-and-insect-killing-racquet\\\/#breadcrumb\"},\"inLanguage\":\"fi\",\"potentialAction\":[{\"@type\":\"ReadAction\",\"target\":[\"https:\\\/\\\/decolights.eu\\\/product\\\/2-in-1-rechargeable-mosquito-repellent-lamp-and-insect-killing-racquet\\\/\"]}]},{\"@type\":\"ImageObject\",\"inLanguage\":\"fi\",\"@id\":\"https:\\\/\\\/decolights.eu\\\/product\\\/2-in-1-rechargeable-mosquito-repellent-lamp-and-insect-killing-racquet\\\/#primaryimage\",\"url\":\"https:\\\/\\\/decolights.eu\\\/wp-content\\\/uploads\\\/2023\\\/04\\\/kaks-uhes-taaslaetav-saasetorjelamp-ja-putukate-tapmise-reket-swateck-innovagoods_121597.jpg\",\"contentUrl\":\"https:\\\/\\\/decolights.eu\\\/wp-content\\\/uploads\\\/2023\\\/04\\\/kaks-uhes-taaslaetav-saasetorjelamp-ja-putukate-tapmise-reket-swateck-innovagoods_121597.jpg\",\"width\":600,\"height\":600},{\"@type\":\"BreadcrumbList\",\"@id\":\"https:\\\/\\\/decolights.eu\\\/product\\\/2-in-1-rechargeable-mosquito-repellent-lamp-and-insect-killing-racquet\\\/#breadcrumb\",\"itemListElement\":[{\"@type\":\"ListItem\",\"position\":1,\"name\":\"Shop\",\"item\":\"https:\\\/\\\/decolights.eu\\\/shop\\\/\"},{\"@type\":\"ListItem\",\"position\":2,\"name\":\"2 in 1 rechargeable mosquito repellent lamp and insect-killing racquet\"}]},{\"@type\":\"WebSite\",\"@id\":\"https:\\\/\\\/decolights.eu\\\/#website\",\"url\":\"https:\\\/\\\/decolights.eu\\\/\",\"name\":\"decolights\",\"description\":\"Led Decorations for Home and Garden\",\"publisher\":{\"@id\":\"https:\\\/\\\/decolights.eu\\\/#organization\"},\"alternateName\":\"decolights.eu\",\"potentialAction\":[{\"@type\":\"SearchAction\",\"target\":{\"@type\":\"EntryPoint\",\"urlTemplate\":\"https:\\\/\\\/decolights.eu\\\/?s={search_term_string}\"},\"query-input\":{\"@type\":\"PropertyValueSpecification\",\"valueRequired\":true,\"valueName\":\"search_term_string\"}}],\"inLanguage\":\"fi\"},{\"@type\":\"Organization\",\"@id\":\"https:\\\/\\\/decolights.eu\\\/#organization\",\"name\":\"decolights\",\"url\":\"https:\\\/\\\/decolights.eu\\\/\",\"logo\":{\"@type\":\"ImageObject\",\"inLanguage\":\"fi\",\"@id\":\"https:\\\/\\\/decolights.eu\\\/#\\\/schema\\\/logo\\\/image\\\/\",\"url\":\"https:\\\/\\\/decolights.eu\\\/wp-content\\\/uploads\\\/2023\\\/07\\\/cropped-decolight-siteicon.png\",\"contentUrl\":\"https:\\\/\\\/decolights.eu\\\/wp-content\\\/uploads\\\/2023\\\/07\\\/cropped-decolight-siteicon.png\",\"width\":512,\"height\":512,\"caption\":\"decolights\"},\"image\":{\"@id\":\"https:\\\/\\\/decolights.eu\\\/#\\\/schema\\\/logo\\\/image\\\/\"}}]}<\/script>\n<!-- \/ Yoast SEO plugin. -->","yoast_head_json":{"title":"2 in 1 ladattava hyttyskarkolamppu ja hy\u00f6nteisten tappava maila - Decolights.eu","description":"Hyttysmaila ja -lamppu on eritt\u00e4in k\u00e4yt\u00e4nn\u00f6llinen ja tehokas laite hy\u00f6nteisten (k\u00e4rp\u00e4sten, hyttysten, mehil\u00e4isten jne.) poistamiseen. Osta nyt saadaksesi parhaan hinnan!","robots":{"index":"index","follow":"follow","max-snippet":"max-snippet:-1","max-image-preview":"max-image-preview:large","max-video-preview":"max-video-preview:-1"},"canonical":"https:\/\/decolights.eu\/fi\/tuote-2\/2-in-1-rechargeable-mosquito-repellent-lamp-and-insect-killing-racquet\/","og_locale":"fi_FI","og_type":"article","og_title":"2 in 1 rechargeable mosquito repellent lamp and insect-killing racquet - Decolights.eu","og_description":"A mosquito racquet and lamp is a very practical and effective device for removing insects(flies, mosquitoes, bees etc). Buy now to get the best price!","og_url":"https:\/\/decolights.eu\/fi\/tuote-2\/2-in-1-rechargeable-mosquito-repellent-lamp-and-insect-killing-racquet\/","og_site_name":"Decolights.eu","article_modified_time":"2023-04-29T08:39:14+00:00","og_image":[{"width":600,"height":600,"url":"https:\/\/decolights.eu\/wp-content\/uploads\/2023\/04\/kaks-uhes-taaslaetav-saasetorjelamp-ja-putukate-tapmise-reket-swateck-innovagoods_121597.jpg","type":"image\/jpeg"}],"twitter_card":"summary_large_image","twitter_misc":{"Arvioitu lukuaika":"1 minuutti"},"schema":{"@context":"https:\/\/schema.org","@graph":[{"@type":"WebPage","@id":"https:\/\/decolights.eu\/product\/2-in-1-rechargeable-mosquito-repellent-lamp-and-insect-killing-racquet\/","url":"https:\/\/decolights.eu\/product\/2-in-1-rechargeable-mosquito-repellent-lamp-and-insect-killing-racquet\/","name":"2 in 1 ladattava hyttyskarkolamppu ja hy\u00f6nteisten tappava maila - Decolights.eu","isPartOf":{"@id":"https:\/\/decolights.eu\/#website"},"primaryImageOfPage":{"@id":"https:\/\/decolights.eu\/product\/2-in-1-rechargeable-mosquito-repellent-lamp-and-insect-killing-racquet\/#primaryimage"},"image":{"@id":"https:\/\/decolights.eu\/product\/2-in-1-rechargeable-mosquito-repellent-lamp-and-insect-killing-racquet\/#primaryimage"},"thumbnailUrl":"https:\/\/decolights.eu\/wp-content\/uploads\/2023\/04\/kaks-uhes-taaslaetav-saasetorjelamp-ja-putukate-tapmise-reket-swateck-innovagoods_121597.jpg","datePublished":"2023-04-01T04:21:46+00:00","dateModified":"2023-04-29T08:39:14+00:00","description":"Hyttysmaila ja -lamppu on eritt\u00e4in k\u00e4yt\u00e4nn\u00f6llinen ja tehokas laite hy\u00f6nteisten (k\u00e4rp\u00e4sten, hyttysten, mehil\u00e4isten jne.) poistamiseen. Osta nyt saadaksesi parhaan hinnan!","breadcrumb":{"@id":"https:\/\/decolights.eu\/product\/2-in-1-rechargeable-mosquito-repellent-lamp-and-insect-killing-racquet\/#breadcrumb"},"inLanguage":"fi","potentialAction":[{"@type":"ReadAction","target":["https:\/\/decolights.eu\/product\/2-in-1-rechargeable-mosquito-repellent-lamp-and-insect-killing-racquet\/"]}]},{"@type":"ImageObject","inLanguage":"fi","@id":"https:\/\/decolights.eu\/product\/2-in-1-rechargeable-mosquito-repellent-lamp-and-insect-killing-racquet\/#primaryimage","url":"https:\/\/decolights.eu\/wp-content\/uploads\/2023\/04\/kaks-uhes-taaslaetav-saasetorjelamp-ja-putukate-tapmise-reket-swateck-innovagoods_121597.jpg","contentUrl":"https:\/\/decolights.eu\/wp-content\/uploads\/2023\/04\/kaks-uhes-taaslaetav-saasetorjelamp-ja-putukate-tapmise-reket-swateck-innovagoods_121597.jpg","width":600,"height":600},{"@type":"BreadcrumbList","@id":"https:\/\/decolights.eu\/product\/2-in-1-rechargeable-mosquito-repellent-lamp-and-insect-killing-racquet\/#breadcrumb","itemListElement":[{"@type":"ListItem","position":1,"name":"Shop","item":"https:\/\/decolights.eu\/shop\/"},{"@type":"ListItem","position":2,"name":"2 in 1 rechargeable mosquito repellent lamp and insect-killing racquet"}]},{"@type":"WebSite","@id":"https:\/\/decolights.eu\/#website","url":"https:\/\/decolights.eu\/","name":"decolights","description":"Led-koristeet kotiin ja puutarhaan","publisher":{"@id":"https:\/\/decolights.eu\/#organization"},"alternateName":"decolights.eu","potentialAction":[{"@type":"SearchAction","target":{"@type":"EntryPoint","urlTemplate":"https:\/\/decolights.eu\/?s={search_term_string}"},"query-input":{"@type":"PropertyValueSpecification","valueRequired":true,"valueName":"search_term_string"}}],"inLanguage":"fi"},{"@type":"Organization","@id":"https:\/\/decolights.eu\/#organization","name":"decolights","url":"https:\/\/decolights.eu\/","logo":{"@type":"ImageObject","inLanguage":"fi","@id":"https:\/\/decolights.eu\/#\/schema\/logo\/image\/","url":"https:\/\/decolights.eu\/wp-content\/uploads\/2023\/07\/cropped-decolight-siteicon.png","contentUrl":"https:\/\/decolights.eu\/wp-content\/uploads\/2023\/07\/cropped-decolight-siteicon.png","width":512,"height":512,"caption":"decolights"},"image":{"@id":"https:\/\/decolights.eu\/#\/schema\/logo\/image\/"}}]}},"jetpack_sharing_enabled":true,"_links":{"self":[{"href":"https:\/\/decolights.eu\/fi\/wp-json\/wp\/v2\/product\/4612","targetHints":{"allow":["GET"]}}],"collection":[{"href":"https:\/\/decolights.eu\/fi\/wp-json\/wp\/v2\/product"}],"about":[{"href":"https:\/\/decolights.eu\/fi\/wp-json\/wp\/v2\/types\/product"}],"replies":[{"embeddable":true,"href":"https:\/\/decolights.eu\/fi\/wp-json\/wp\/v2\/comments?post=4612"}],"wp:featuredmedia":[{"embeddable":true,"href":"https:\/\/decolights.eu\/fi\/wp-json\/wp\/v2\/media\/4645"}],"wp:attachment":[{"href":"https:\/\/decolights.eu\/fi\/wp-json\/wp\/v2\/media?parent=4612"}],"wp:term":[{"taxonomy":"product_brand","embeddable":true,"href":"https:\/\/decolights.eu\/fi\/wp-json\/wp\/v2\/product_brand?post=4612"},{"taxonomy":"product_cat","embeddable":true,"href":"https:\/\/decolights.eu\/fi\/wp-json\/wp\/v2\/product_cat?post=4612"},{"taxonomy":"product_tag","embeddable":true,"href":"https:\/\/decolights.eu\/fi\/wp-json\/wp\/v2\/product_tag?post=4612"}],"curies":[{"name":"wp","href":"https:\/\/api.w.org\/{rel}","templated":true}]}}