{"id":4613,"date":"2023-04-01T04:21:46","date_gmt":"2023-04-01T04:21:46","guid":{"rendered":"https:\/\/decolights.eu\/?post_type=product&#038;p=4613"},"modified":"2023-04-29T08:31:59","modified_gmt":"2023-04-29T08:31:59","slug":"mosquito-lamp","status":"publish","type":"product","link":"https:\/\/decolights.eu\/fi\/tuote-2\/mosquito-lamp\/","title":{"rendered":"Mosquito lamppu"},"content":{"rendered":"<p>Alkuper\u00e4inen monitoiminen hyttyssuojattu kattovalaisin. Se on eritt\u00e4in tehokas haitallisten hy\u00f6nteisten poistamisessa ilman hajuja tai ymp\u00e4rist\u00f6\u00e4 vahingoittavia kemikaaleja. Sen vieh\u00e4tt\u00e4v\u00e4 valo ja s\u00e4hk\u00f6istetty verkko nappaavat ja tuhoavat hyttysten lis\u00e4ksi my\u00f6s muita lent\u00e4vi\u00e4 hy\u00f6nteisi\u00e4. T\u00e4m\u00e4 monipuolinen valaisin voidaan asentaa kahdella eri tavalla mieltymystesi mukaan: kattotyyppi tai kierteinen riippuvalaisimen kanta (E27-jalusta). Sis\u00e4lt\u00e4\u00e4 kahdenlaisia tukia, asennustarvikkeet (kaapeli, ruuvit, tulpat) ja puhdistusharjan. P\u00e4\u00e4asiassa ulkok\u00e4ytt\u00f6\u00f6n (puutarha, terassi, patio jne.), mutta voidaan k\u00e4ytt\u00e4\u00e4 my\u00f6s sis\u00e4tiloissa (autotalli, varasto, kellari jne.).<\/p>\n<ul>\n<li><strong>Materiaali:<\/strong> ABS, PC, metalli<\/li>\n<li><strong>V\u00e4ri:\u00a0<\/strong>valkoinen<\/li>\n<li><strong>LEDin v\u00e4ri:\u00a0<\/strong>l\u00e4mmin valkoinen<\/li>\n<li><strong>Koko: <\/strong>26 x 6 cm<\/li>\n<li><strong>UV-valo:<\/strong>\n<ul>\n<li>Valkoinen: 365 nm<\/li>\n<li>Violetti: 395 nm<\/li>\n<\/ul>\n<\/li>\n<li><strong>Polttimo:\u00a0<\/strong>E27<\/li>\n<li>Sopii sis\u00e4- ja ulkok\u00e4ytt\u00f6\u00f6n<\/li>\n<li>Innovatiivinen, hiljainen ja monik\u00e4ytt\u00f6inen<\/li>\n<li>Voidaan k\u00e4ytt\u00e4\u00e4 eri asennoissa<\/li>\n<li>Haju- ja kemikaaliton<\/li>\n<li>3 valaistusohjelmaa<\/li>\n<li>Helppo asentaa ja huoltaa<\/li>\n<li>Alkuper\u00e4inen ja monipuolinen muotoilu<\/li>\n<li>25W \/ 3000K \/ 800lm<\/li>\n<li>AC 110-240 V \/ 50-60 Hz<\/li>\n<\/ul>\n<p><iframe loading=\"lazy\" title=\"InnovaGoods Mosquito -kattovalo\" width=\"1020\" height=\"574\" src=\"https:\/\/www.youtube.com\/embed\/Gm6phGavKT8?start=37&#038;feature=oembed\" frameborder=\"0\" allow=\"accelerometer; autoplay; clipboard-write; encrypted-media; gyroscope; picture-in-picture; web-share\" allowfullscreen><\/iframe><\/p>","protected":false},"excerpt":{"rendered":"<p>Original multifunctional anti-mosquito ceiling lamp. It is very effective in removing troublesome insects, without odors or chemical products that harm the environment. Besides mosquitoes, its attractive light and electrified net also catch and destroy other flying insects. This versatile lamp can be installed in two different ways, depending on your preference: ceiling type or as [&#8230;]\n","protected":false},"featured_media":4672,"comment_status":"open","ping_status":"closed","template":"","meta":[],"product_brand":[],"product_cat":[276,226],"product_tag":[],"class_list":{"0":"post-4613","1":"product","2":"type-product","3":"status-publish","4":"has-post-thumbnail","6":"product_cat-mosquito-lamps-and-net","7":"product_cat-outdoor-lights","8":"pa_brand-deco","10":"first","11":"instock","12":"sale","13":"shipping-taxable","14":"purchasable","15":"product-type-simple"},"yoast_head":"<!-- This site is optimized with the Yoast SEO plugin v27.3 - https:\/\/yoast.com\/product\/yoast-seo-wordpress\/ -->\n<title>Mosquito lamp - Best price guarantee - Decolights.eu<\/title>\n<meta name=\"description\" content=\"A mosquito lamp is a very practical and effective device for removing troublesome insects(flies, mosquitoes, bees, etc.). Buy now to get the best price!\" \/>\n<meta name=\"robots\" content=\"index, follow, max-snippet:-1, max-image-preview:large, max-video-preview:-1\" \/>\n<link rel=\"canonical\" href=\"https:\/\/decolights.eu\/fi\/tuote-2\/mosquito-lamp\/\" \/>\n<meta property=\"og:locale\" content=\"fi_FI\" \/>\n<meta property=\"og:type\" content=\"article\" \/>\n<meta property=\"og:title\" content=\"Mosquito lamp - Best price guarantee - Decolights.eu\" \/>\n<meta property=\"og:description\" content=\"A mosquito lamp is a very practical and effective device for removing troublesome insects(flies, mosquitoes, bees, etc.). Buy now to get the best price!\" \/>\n<meta property=\"og:url\" content=\"https:\/\/decolights.eu\/fi\/tuote-2\/mosquito-lamp\/\" \/>\n<meta property=\"og:site_name\" content=\"Decolights.eu\" \/>\n<meta property=\"article:modified_time\" content=\"2023-04-29T08:31:59+00:00\" \/>\n<meta property=\"og:image\" content=\"https:\/\/decolights.eu\/wp-content\/uploads\/2023\/04\/saasevastane-laevalgusti-kl-lamp-innovagoods_153546.jpg\" \/>\n\t<meta property=\"og:image:width\" content=\"600\" \/>\n\t<meta property=\"og:image:height\" content=\"600\" \/>\n\t<meta property=\"og:image:type\" content=\"image\/jpeg\" \/>\n<meta name=\"twitter:card\" content=\"summary_large_image\" \/>\n<meta name=\"twitter:label1\" content=\"Arvioitu lukuaika\" \/>\n\t<meta name=\"twitter:data1\" content=\"1 minuutti\" \/>\n<script type=\"application\/ld+json\" class=\"yoast-schema-graph\">{\"@context\":\"https:\\\/\\\/schema.org\",\"@graph\":[{\"@type\":\"WebPage\",\"@id\":\"https:\\\/\\\/decolights.eu\\\/product\\\/mosquito-lamp\\\/\",\"url\":\"https:\\\/\\\/decolights.eu\\\/product\\\/mosquito-lamp\\\/\",\"name\":\"Mosquito lamp - Best price guarantee - Decolights.eu\",\"isPartOf\":{\"@id\":\"https:\\\/\\\/decolights.eu\\\/#website\"},\"primaryImageOfPage\":{\"@id\":\"https:\\\/\\\/decolights.eu\\\/product\\\/mosquito-lamp\\\/#primaryimage\"},\"image\":{\"@id\":\"https:\\\/\\\/decolights.eu\\\/product\\\/mosquito-lamp\\\/#primaryimage\"},\"thumbnailUrl\":\"https:\\\/\\\/decolights.eu\\\/wp-content\\\/uploads\\\/2023\\\/04\\\/saasevastane-laevalgusti-kl-lamp-innovagoods_153546.jpg\",\"datePublished\":\"2023-04-01T04:21:46+00:00\",\"dateModified\":\"2023-04-29T08:31:59+00:00\",\"description\":\"A mosquito lamp is a very practical and effective device for removing troublesome insects(flies, mosquitoes, bees, etc.). Buy now to get the best price!\",\"breadcrumb\":{\"@id\":\"https:\\\/\\\/decolights.eu\\\/product\\\/mosquito-lamp\\\/#breadcrumb\"},\"inLanguage\":\"fi\",\"potentialAction\":[{\"@type\":\"ReadAction\",\"target\":[\"https:\\\/\\\/decolights.eu\\\/product\\\/mosquito-lamp\\\/\"]}]},{\"@type\":\"ImageObject\",\"inLanguage\":\"fi\",\"@id\":\"https:\\\/\\\/decolights.eu\\\/product\\\/mosquito-lamp\\\/#primaryimage\",\"url\":\"https:\\\/\\\/decolights.eu\\\/wp-content\\\/uploads\\\/2023\\\/04\\\/saasevastane-laevalgusti-kl-lamp-innovagoods_153546.jpg\",\"contentUrl\":\"https:\\\/\\\/decolights.eu\\\/wp-content\\\/uploads\\\/2023\\\/04\\\/saasevastane-laevalgusti-kl-lamp-innovagoods_153546.jpg\",\"width\":600,\"height\":600},{\"@type\":\"BreadcrumbList\",\"@id\":\"https:\\\/\\\/decolights.eu\\\/product\\\/mosquito-lamp\\\/#breadcrumb\",\"itemListElement\":[{\"@type\":\"ListItem\",\"position\":1,\"name\":\"Shop\",\"item\":\"https:\\\/\\\/decolights.eu\\\/shop\\\/\"},{\"@type\":\"ListItem\",\"position\":2,\"name\":\"Mosquito lamp\"}]},{\"@type\":\"WebSite\",\"@id\":\"https:\\\/\\\/decolights.eu\\\/#website\",\"url\":\"https:\\\/\\\/decolights.eu\\\/\",\"name\":\"decolights\",\"description\":\"Led Decorations for Home and Garden\",\"publisher\":{\"@id\":\"https:\\\/\\\/decolights.eu\\\/#organization\"},\"alternateName\":\"decolights.eu\",\"potentialAction\":[{\"@type\":\"SearchAction\",\"target\":{\"@type\":\"EntryPoint\",\"urlTemplate\":\"https:\\\/\\\/decolights.eu\\\/?s={search_term_string}\"},\"query-input\":{\"@type\":\"PropertyValueSpecification\",\"valueRequired\":true,\"valueName\":\"search_term_string\"}}],\"inLanguage\":\"fi\"},{\"@type\":\"Organization\",\"@id\":\"https:\\\/\\\/decolights.eu\\\/#organization\",\"name\":\"decolights\",\"url\":\"https:\\\/\\\/decolights.eu\\\/\",\"logo\":{\"@type\":\"ImageObject\",\"inLanguage\":\"fi\",\"@id\":\"https:\\\/\\\/decolights.eu\\\/#\\\/schema\\\/logo\\\/image\\\/\",\"url\":\"https:\\\/\\\/decolights.eu\\\/wp-content\\\/uploads\\\/2023\\\/07\\\/cropped-decolight-siteicon.png\",\"contentUrl\":\"https:\\\/\\\/decolights.eu\\\/wp-content\\\/uploads\\\/2023\\\/07\\\/cropped-decolight-siteicon.png\",\"width\":512,\"height\":512,\"caption\":\"decolights\"},\"image\":{\"@id\":\"https:\\\/\\\/decolights.eu\\\/#\\\/schema\\\/logo\\\/image\\\/\"}}]}<\/script>\n<!-- \/ Yoast SEO plugin. -->","yoast_head_json":{"title":"Mosquito lamppu - Parhaan hinnan takuu - Decolights.eu","description":"Hyttyslamppu on eritt\u00e4in k\u00e4yt\u00e4nn\u00f6llinen ja tehokas laite haitallisten hy\u00f6nteisten (k\u00e4rp\u00e4sten, hyttysten, mehil\u00e4isten jne.) poistamiseen. Osta nyt saadaksesi parhaan hinnan!","robots":{"index":"index","follow":"follow","max-snippet":"max-snippet:-1","max-image-preview":"max-image-preview:large","max-video-preview":"max-video-preview:-1"},"canonical":"https:\/\/decolights.eu\/fi\/tuote-2\/mosquito-lamp\/","og_locale":"fi_FI","og_type":"article","og_title":"Mosquito lamp - Best price guarantee - Decolights.eu","og_description":"A mosquito lamp is a very practical and effective device for removing troublesome insects(flies, mosquitoes, bees, etc.). Buy now to get the best price!","og_url":"https:\/\/decolights.eu\/fi\/tuote-2\/mosquito-lamp\/","og_site_name":"Decolights.eu","article_modified_time":"2023-04-29T08:31:59+00:00","og_image":[{"width":600,"height":600,"url":"https:\/\/decolights.eu\/wp-content\/uploads\/2023\/04\/saasevastane-laevalgusti-kl-lamp-innovagoods_153546.jpg","type":"image\/jpeg"}],"twitter_card":"summary_large_image","twitter_misc":{"Arvioitu lukuaika":"1 minuutti"},"schema":{"@context":"https:\/\/schema.org","@graph":[{"@type":"WebPage","@id":"https:\/\/decolights.eu\/product\/mosquito-lamp\/","url":"https:\/\/decolights.eu\/product\/mosquito-lamp\/","name":"Mosquito lamppu - Parhaan hinnan takuu - Decolights.eu","isPartOf":{"@id":"https:\/\/decolights.eu\/#website"},"primaryImageOfPage":{"@id":"https:\/\/decolights.eu\/product\/mosquito-lamp\/#primaryimage"},"image":{"@id":"https:\/\/decolights.eu\/product\/mosquito-lamp\/#primaryimage"},"thumbnailUrl":"https:\/\/decolights.eu\/wp-content\/uploads\/2023\/04\/saasevastane-laevalgusti-kl-lamp-innovagoods_153546.jpg","datePublished":"2023-04-01T04:21:46+00:00","dateModified":"2023-04-29T08:31:59+00:00","description":"Hyttyslamppu on eritt\u00e4in k\u00e4yt\u00e4nn\u00f6llinen ja tehokas laite haitallisten hy\u00f6nteisten (k\u00e4rp\u00e4sten, hyttysten, mehil\u00e4isten jne.) poistamiseen. Osta nyt saadaksesi parhaan hinnan!","breadcrumb":{"@id":"https:\/\/decolights.eu\/product\/mosquito-lamp\/#breadcrumb"},"inLanguage":"fi","potentialAction":[{"@type":"ReadAction","target":["https:\/\/decolights.eu\/product\/mosquito-lamp\/"]}]},{"@type":"ImageObject","inLanguage":"fi","@id":"https:\/\/decolights.eu\/product\/mosquito-lamp\/#primaryimage","url":"https:\/\/decolights.eu\/wp-content\/uploads\/2023\/04\/saasevastane-laevalgusti-kl-lamp-innovagoods_153546.jpg","contentUrl":"https:\/\/decolights.eu\/wp-content\/uploads\/2023\/04\/saasevastane-laevalgusti-kl-lamp-innovagoods_153546.jpg","width":600,"height":600},{"@type":"BreadcrumbList","@id":"https:\/\/decolights.eu\/product\/mosquito-lamp\/#breadcrumb","itemListElement":[{"@type":"ListItem","position":1,"name":"Shop","item":"https:\/\/decolights.eu\/shop\/"},{"@type":"ListItem","position":2,"name":"Mosquito lamp"}]},{"@type":"WebSite","@id":"https:\/\/decolights.eu\/#website","url":"https:\/\/decolights.eu\/","name":"decolights","description":"Led-koristeet kotiin ja puutarhaan","publisher":{"@id":"https:\/\/decolights.eu\/#organization"},"alternateName":"decolights.eu","potentialAction":[{"@type":"SearchAction","target":{"@type":"EntryPoint","urlTemplate":"https:\/\/decolights.eu\/?s={search_term_string}"},"query-input":{"@type":"PropertyValueSpecification","valueRequired":true,"valueName":"search_term_string"}}],"inLanguage":"fi"},{"@type":"Organization","@id":"https:\/\/decolights.eu\/#organization","name":"decolights","url":"https:\/\/decolights.eu\/","logo":{"@type":"ImageObject","inLanguage":"fi","@id":"https:\/\/decolights.eu\/#\/schema\/logo\/image\/","url":"https:\/\/decolights.eu\/wp-content\/uploads\/2023\/07\/cropped-decolight-siteicon.png","contentUrl":"https:\/\/decolights.eu\/wp-content\/uploads\/2023\/07\/cropped-decolight-siteicon.png","width":512,"height":512,"caption":"decolights"},"image":{"@id":"https:\/\/decolights.eu\/#\/schema\/logo\/image\/"}}]}},"jetpack_sharing_enabled":true,"_links":{"self":[{"href":"https:\/\/decolights.eu\/fi\/wp-json\/wp\/v2\/product\/4613","targetHints":{"allow":["GET"]}}],"collection":[{"href":"https:\/\/decolights.eu\/fi\/wp-json\/wp\/v2\/product"}],"about":[{"href":"https:\/\/decolights.eu\/fi\/wp-json\/wp\/v2\/types\/product"}],"replies":[{"embeddable":true,"href":"https:\/\/decolights.eu\/fi\/wp-json\/wp\/v2\/comments?post=4613"}],"wp:featuredmedia":[{"embeddable":true,"href":"https:\/\/decolights.eu\/fi\/wp-json\/wp\/v2\/media\/4672"}],"wp:attachment":[{"href":"https:\/\/decolights.eu\/fi\/wp-json\/wp\/v2\/media?parent=4613"}],"wp:term":[{"taxonomy":"product_brand","embeddable":true,"href":"https:\/\/decolights.eu\/fi\/wp-json\/wp\/v2\/product_brand?post=4613"},{"taxonomy":"product_cat","embeddable":true,"href":"https:\/\/decolights.eu\/fi\/wp-json\/wp\/v2\/product_cat?post=4613"},{"taxonomy":"product_tag","embeddable":true,"href":"https:\/\/decolights.eu\/fi\/wp-json\/wp\/v2\/product_tag?post=4613"}],"curies":[{"name":"wp","href":"https:\/\/api.w.org\/{rel}","templated":true}]}}