{"id":4736,"date":"2023-04-01T04:22:58","date_gmt":"2023-04-01T04:22:58","guid":{"rendered":"https:\/\/decolights.eu\/?post_type=product&#038;p=4736"},"modified":"2023-05-12T06:55:13","modified_gmt":"2023-05-12T06:55:13","slug":"pro-led-icicle-lights","status":"publish","type":"product","link":"https:\/\/decolights.eu\/fi\/tuote-2\/pro-led-icicle-lights\/","title":{"rendered":"PRO LED-j\u00e4\u00e4puikkovalot"},"content":{"rendered":"<div class=\"product_details_parameter_groups spoiler_component\">\n<div class=\"product_details_parameter_group\">\n<div class=\"spoiler_component_content_wrapper\">\n<div class=\"product_details_parameters spoiler_component_content\">\n<div class=\"spoiler_component_content_wrapper\">\n<div class=\"product_details_parameters spoiler_component_content\">\n<p>PRO-sarjamme on korkealaatuinen ja pitk\u00e4ik\u00e4inen LED-valosarja. Seppeleiss\u00e4 on UV-suojattu kumikaapeli ja niit\u00e4 voidaan k\u00e4ytt\u00e4\u00e4 ulkona ymp\u00e4ri vuoden.<\/p>\n<p>PRO Icicle LED light is perfect for decorating facades or balconies. Gives a bright and fabulous lightning effect and will make your home look even more beautiful and outstanding.<\/p>\n<p>Ota rohkeasti yhteytt\u00e4, jos olet kiinnostunut jostain muusta LED- tai kaapelin v\u00e4rist\u00e4 <a href=\"mailto:info@decolights.eu\">info@decolights.eu<\/a>.<\/p>\n<\/div>\n<\/div>\n<ul>\n<li><strong>LEDien lukum\u00e4\u00e4r\u00e4<\/strong><strong>: <\/strong>120LED<\/li>\n<li><strong>Kokonaispituus (mukana virtajohto): <\/strong>6,5 milj<\/li>\n<li><strong>Valaistun osan pituus: <\/strong>5 milj<\/li>\n<li><strong>Virtajohto kaapeli:<\/strong> 1,50 milj<\/li>\n<li><strong>Pisimm\u00e4n riippuvan osan pituus: <\/strong>70cm<\/li>\n<li><strong>Lamppujen v\u00e4linen et\u00e4isyys:<\/strong> 10cm<\/li>\n<li><strong>LEDin koko:<\/strong> 8 mm<\/li>\n<li><strong>Vilkkuu:\u00a0<\/strong>Ei<\/li>\n<li><strong>IP-luokitus: <\/strong>IP65<\/li>\n<li><strong>Virtal\u00e4hde:\u00a0<\/strong>Kytke\u00e4<\/li>\n<li><strong>Kaapelin materiaali:\u00a0<\/strong>Kumi 3,2mm<\/li>\n<li><strong>Yhdistett\u00e4v\u00e4:\u00a0<\/strong>Kyll\u00e4 (enint\u00e4\u00e4n 10 sarjaa)<\/li>\n<li><strong>CE-sertifioitu:\u00a0<\/strong>Joo<\/li>\n<li>220-240V, 9,2W<\/li>\n<\/ul>\n<\/div>\n<\/div>\n<\/div>\n<\/div>","protected":false},"excerpt":{"rendered":"<p>Our PRO line is a high quality and long lasting LED light series. Garlands are with UV-proof, rubber cable and can be used outside all year around. PRO Icicle LED light is perfect for decorating facades or balconies. Gives a bright and fabulous lightning effect and will make your home look even more beautiful and [&#8230;]\n","protected":false},"featured_media":4771,"comment_status":"open","ping_status":"closed","template":"","meta":[],"product_brand":[],"product_cat":[226,239],"product_tag":[],"class_list":{"0":"post-4736","1":"product","2":"type-product","3":"status-publish","4":"has-post-thumbnail","6":"product_cat-outdoor-lights","7":"product_cat-pro-christmas-lights","8":"pa_available-colours-blue","9":"pa_available-colours-cold-white","10":"pa_available-colours-multi-coloured","11":"pa_available-colours-warm-white","12":"pa_brand-deco","13":"pa_led-colour-blue","14":"pa_led-colour-cold-white","15":"pa_led-colour-multi-coloured","16":"pa_led-colour-warm-white","18":"first","19":"onbackorder","20":"sale","21":"shipping-taxable","22":"purchasable","23":"product-type-variable"},"yoast_head":"<!-- This site is optimized with the Yoast SEO plugin v27.3 - https:\/\/yoast.com\/product\/yoast-seo-wordpress\/ -->\n<title>PRO LED Icicle Lights - Best quality - Decolights.eu<\/title>\n<meta name=\"description\" content=\"PRO Icicle LED lights will create a magical and shiny atmosphere. Festive mood in guaranteed! Buy now to get the best price.\" \/>\n<meta name=\"robots\" content=\"index, follow, max-snippet:-1, max-image-preview:large, max-video-preview:-1\" \/>\n<link rel=\"canonical\" href=\"https:\/\/decolights.eu\/fi\/tuote-2\/pro-led-icicle-lights\/\" \/>\n<meta property=\"og:locale\" content=\"fi_FI\" \/>\n<meta property=\"og:type\" content=\"article\" \/>\n<meta property=\"og:title\" content=\"PRO LED Icicle Lights - Best quality - Decolights.eu\" \/>\n<meta property=\"og:description\" content=\"PRO Icicle LED lights will create a magical and shiny atmosphere. Festive mood in guaranteed! Buy now to get the best price.\" \/>\n<meta property=\"og:url\" content=\"https:\/\/decolights.eu\/fi\/tuote-2\/pro-led-icicle-lights\/\" \/>\n<meta property=\"og:site_name\" content=\"Decolights.eu\" \/>\n<meta property=\"article:modified_time\" content=\"2023-05-12T06:55:13+00:00\" \/>\n<meta property=\"og:image\" content=\"https:\/\/decolights.eu\/wp-content\/uploads\/2023\/04\/yan1308.jpg\" \/>\n\t<meta property=\"og:image:width\" content=\"495\" \/>\n\t<meta property=\"og:image:height\" content=\"400\" \/>\n\t<meta property=\"og:image:type\" content=\"image\/jpeg\" \/>\n<meta name=\"twitter:card\" content=\"summary_large_image\" \/>\n<meta name=\"twitter:label1\" content=\"Arvioitu lukuaika\" \/>\n\t<meta name=\"twitter:data1\" content=\"1 minuutti\" \/>\n<script type=\"application\/ld+json\" class=\"yoast-schema-graph\">{\"@context\":\"https:\\\/\\\/schema.org\",\"@graph\":[{\"@type\":\"WebPage\",\"@id\":\"https:\\\/\\\/decolights.eu\\\/product\\\/pro-led-icicle-lights\\\/\",\"url\":\"https:\\\/\\\/decolights.eu\\\/product\\\/pro-led-icicle-lights\\\/\",\"name\":\"PRO LED Icicle Lights - Best quality - Decolights.eu\",\"isPartOf\":{\"@id\":\"https:\\\/\\\/decolights.eu\\\/#website\"},\"primaryImageOfPage\":{\"@id\":\"https:\\\/\\\/decolights.eu\\\/product\\\/pro-led-icicle-lights\\\/#primaryimage\"},\"image\":{\"@id\":\"https:\\\/\\\/decolights.eu\\\/product\\\/pro-led-icicle-lights\\\/#primaryimage\"},\"thumbnailUrl\":\"https:\\\/\\\/decolights.eu\\\/wp-content\\\/uploads\\\/2023\\\/04\\\/yan1308.jpg\",\"datePublished\":\"2023-04-01T04:22:58+00:00\",\"dateModified\":\"2023-05-12T06:55:13+00:00\",\"description\":\"PRO Icicle LED lights will create a magical and shiny atmosphere. Festive mood in guaranteed! Buy now to get the best price.\",\"breadcrumb\":{\"@id\":\"https:\\\/\\\/decolights.eu\\\/product\\\/pro-led-icicle-lights\\\/#breadcrumb\"},\"inLanguage\":\"fi\",\"potentialAction\":[{\"@type\":\"ReadAction\",\"target\":[\"https:\\\/\\\/decolights.eu\\\/product\\\/pro-led-icicle-lights\\\/\"]}]},{\"@type\":\"ImageObject\",\"inLanguage\":\"fi\",\"@id\":\"https:\\\/\\\/decolights.eu\\\/product\\\/pro-led-icicle-lights\\\/#primaryimage\",\"url\":\"https:\\\/\\\/decolights.eu\\\/wp-content\\\/uploads\\\/2023\\\/04\\\/yan1308.jpg\",\"contentUrl\":\"https:\\\/\\\/decolights.eu\\\/wp-content\\\/uploads\\\/2023\\\/04\\\/yan1308.jpg\",\"width\":495,\"height\":400},{\"@type\":\"BreadcrumbList\",\"@id\":\"https:\\\/\\\/decolights.eu\\\/product\\\/pro-led-icicle-lights\\\/#breadcrumb\",\"itemListElement\":[{\"@type\":\"ListItem\",\"position\":1,\"name\":\"Shop\",\"item\":\"https:\\\/\\\/decolights.eu\\\/shop\\\/\"},{\"@type\":\"ListItem\",\"position\":2,\"name\":\"PRO LED Icicle Lights\"}]},{\"@type\":\"WebSite\",\"@id\":\"https:\\\/\\\/decolights.eu\\\/#website\",\"url\":\"https:\\\/\\\/decolights.eu\\\/\",\"name\":\"decolights\",\"description\":\"Led Decorations for Home and Garden\",\"publisher\":{\"@id\":\"https:\\\/\\\/decolights.eu\\\/#organization\"},\"alternateName\":\"decolights.eu\",\"potentialAction\":[{\"@type\":\"SearchAction\",\"target\":{\"@type\":\"EntryPoint\",\"urlTemplate\":\"https:\\\/\\\/decolights.eu\\\/?s={search_term_string}\"},\"query-input\":{\"@type\":\"PropertyValueSpecification\",\"valueRequired\":true,\"valueName\":\"search_term_string\"}}],\"inLanguage\":\"fi\"},{\"@type\":\"Organization\",\"@id\":\"https:\\\/\\\/decolights.eu\\\/#organization\",\"name\":\"decolights\",\"url\":\"https:\\\/\\\/decolights.eu\\\/\",\"logo\":{\"@type\":\"ImageObject\",\"inLanguage\":\"fi\",\"@id\":\"https:\\\/\\\/decolights.eu\\\/#\\\/schema\\\/logo\\\/image\\\/\",\"url\":\"https:\\\/\\\/decolights.eu\\\/wp-content\\\/uploads\\\/2023\\\/07\\\/cropped-decolight-siteicon.png\",\"contentUrl\":\"https:\\\/\\\/decolights.eu\\\/wp-content\\\/uploads\\\/2023\\\/07\\\/cropped-decolight-siteicon.png\",\"width\":512,\"height\":512,\"caption\":\"decolights\"},\"image\":{\"@id\":\"https:\\\/\\\/decolights.eu\\\/#\\\/schema\\\/logo\\\/image\\\/\"}}]}<\/script>\n<!-- \/ Yoast SEO plugin. -->","yoast_head_json":{"title":"PRO LED Icicle Lights - Best quality - Decolights.eu","description":"PRO Icicle LED lights will create a magical and shiny atmosphere. Festive mood in guaranteed! Buy now to get the best price.","robots":{"index":"index","follow":"follow","max-snippet":"max-snippet:-1","max-image-preview":"max-image-preview:large","max-video-preview":"max-video-preview:-1"},"canonical":"https:\/\/decolights.eu\/fi\/tuote-2\/pro-led-icicle-lights\/","og_locale":"fi_FI","og_type":"article","og_title":"PRO LED Icicle Lights - Best quality - Decolights.eu","og_description":"PRO Icicle LED lights will create a magical and shiny atmosphere. Festive mood in guaranteed! Buy now to get the best price.","og_url":"https:\/\/decolights.eu\/fi\/tuote-2\/pro-led-icicle-lights\/","og_site_name":"Decolights.eu","article_modified_time":"2023-05-12T06:55:13+00:00","og_image":[{"width":495,"height":400,"url":"https:\/\/decolights.eu\/wp-content\/uploads\/2023\/04\/yan1308.jpg","type":"image\/jpeg"}],"twitter_card":"summary_large_image","twitter_misc":{"Arvioitu lukuaika":"1 minuutti"},"schema":{"@context":"https:\/\/schema.org","@graph":[{"@type":"WebPage","@id":"https:\/\/decolights.eu\/product\/pro-led-icicle-lights\/","url":"https:\/\/decolights.eu\/product\/pro-led-icicle-lights\/","name":"PRO LED Icicle Lights - Best quality - Decolights.eu","isPartOf":{"@id":"https:\/\/decolights.eu\/#website"},"primaryImageOfPage":{"@id":"https:\/\/decolights.eu\/product\/pro-led-icicle-lights\/#primaryimage"},"image":{"@id":"https:\/\/decolights.eu\/product\/pro-led-icicle-lights\/#primaryimage"},"thumbnailUrl":"https:\/\/decolights.eu\/wp-content\/uploads\/2023\/04\/yan1308.jpg","datePublished":"2023-04-01T04:22:58+00:00","dateModified":"2023-05-12T06:55:13+00:00","description":"PRO Icicle LED lights will create a magical and shiny atmosphere. Festive mood in guaranteed! Buy now to get the best price.","breadcrumb":{"@id":"https:\/\/decolights.eu\/product\/pro-led-icicle-lights\/#breadcrumb"},"inLanguage":"fi","potentialAction":[{"@type":"ReadAction","target":["https:\/\/decolights.eu\/product\/pro-led-icicle-lights\/"]}]},{"@type":"ImageObject","inLanguage":"fi","@id":"https:\/\/decolights.eu\/product\/pro-led-icicle-lights\/#primaryimage","url":"https:\/\/decolights.eu\/wp-content\/uploads\/2023\/04\/yan1308.jpg","contentUrl":"https:\/\/decolights.eu\/wp-content\/uploads\/2023\/04\/yan1308.jpg","width":495,"height":400},{"@type":"BreadcrumbList","@id":"https:\/\/decolights.eu\/product\/pro-led-icicle-lights\/#breadcrumb","itemListElement":[{"@type":"ListItem","position":1,"name":"Shop","item":"https:\/\/decolights.eu\/shop\/"},{"@type":"ListItem","position":2,"name":"PRO LED Icicle Lights"}]},{"@type":"WebSite","@id":"https:\/\/decolights.eu\/#website","url":"https:\/\/decolights.eu\/","name":"decolights","description":"Led-koristeet kotiin ja puutarhaan","publisher":{"@id":"https:\/\/decolights.eu\/#organization"},"alternateName":"decolights.eu","potentialAction":[{"@type":"SearchAction","target":{"@type":"EntryPoint","urlTemplate":"https:\/\/decolights.eu\/?s={search_term_string}"},"query-input":{"@type":"PropertyValueSpecification","valueRequired":true,"valueName":"search_term_string"}}],"inLanguage":"fi"},{"@type":"Organization","@id":"https:\/\/decolights.eu\/#organization","name":"decolights","url":"https:\/\/decolights.eu\/","logo":{"@type":"ImageObject","inLanguage":"fi","@id":"https:\/\/decolights.eu\/#\/schema\/logo\/image\/","url":"https:\/\/decolights.eu\/wp-content\/uploads\/2023\/07\/cropped-decolight-siteicon.png","contentUrl":"https:\/\/decolights.eu\/wp-content\/uploads\/2023\/07\/cropped-decolight-siteicon.png","width":512,"height":512,"caption":"decolights"},"image":{"@id":"https:\/\/decolights.eu\/#\/schema\/logo\/image\/"}}]}},"jetpack_sharing_enabled":true,"_links":{"self":[{"href":"https:\/\/decolights.eu\/fi\/wp-json\/wp\/v2\/product\/4736","targetHints":{"allow":["GET"]}}],"collection":[{"href":"https:\/\/decolights.eu\/fi\/wp-json\/wp\/v2\/product"}],"about":[{"href":"https:\/\/decolights.eu\/fi\/wp-json\/wp\/v2\/types\/product"}],"replies":[{"embeddable":true,"href":"https:\/\/decolights.eu\/fi\/wp-json\/wp\/v2\/comments?post=4736"}],"wp:featuredmedia":[{"embeddable":true,"href":"https:\/\/decolights.eu\/fi\/wp-json\/wp\/v2\/media\/4771"}],"wp:attachment":[{"href":"https:\/\/decolights.eu\/fi\/wp-json\/wp\/v2\/media?parent=4736"}],"wp:term":[{"taxonomy":"product_brand","embeddable":true,"href":"https:\/\/decolights.eu\/fi\/wp-json\/wp\/v2\/product_brand?post=4736"},{"taxonomy":"product_cat","embeddable":true,"href":"https:\/\/decolights.eu\/fi\/wp-json\/wp\/v2\/product_cat?post=4736"},{"taxonomy":"product_tag","embeddable":true,"href":"https:\/\/decolights.eu\/fi\/wp-json\/wp\/v2\/product_tag?post=4736"}],"curies":[{"name":"wp","href":"https:\/\/api.w.org\/{rel}","templated":true}]}}