{"id":5053,"date":"2023-04-01T04:26:07","date_gmt":"2023-04-01T04:26:07","guid":{"rendered":"https:\/\/decolights.eu\/?post_type=product&#038;p=5053"},"modified":"2023-05-01T13:51:27","modified_gmt":"2023-05-01T13:51:27","slug":"festoon-led-lights-5-20m-20bulbs","status":"publish","type":"product","link":"https:\/\/decolights.eu\/fi\/tuote-2\/festoon-led-lights-5-20m-20bulbs\/","title":{"rendered":"Festoon LED valot 5,20M 20 polttimoa"},"content":{"rendered":"<p id=\"tw-target-text\" class=\"tw-data-text tw-text-large XcVN5d tw-ta\" dir=\"ltr\" data-placeholder=\"Translation\">Energy-saving LED lighting offers many possibilities for interior design. A luminous, portable, battery-powered retro festoon LED lights chain is the solution to accentuate the character of seasonal decorations or the atmosphere of your home. The 20 lightweight globes can be freely positioned or hung on any surface to suit your current design requirements.\u00a0 The use of plastic instead of glass ensures that the lamps will not break and can be used for many years. The durable and transparent power cord, connected to a small transparent battery compartment, allows you to freely design the whole set of hanging compositions. The set of luminous spherical lamps can be up to 5.2 m long, allowing you to create impressive spatial compositions. Each globe has a diameter of 5 cm, making them extremely discreet yet clearly visible.<\/p>\n<ul>\n<li><strong>LED v\u00e4ri<\/strong>: l\u00e4mmin valkoinen<\/li>\n<li><strong>Polttimoiden lukum\u00e4\u00e4r\u00e4<\/strong><strong>: <\/strong>20 kpl<\/li>\n<li><strong>Kokonaispituus (mukana virtajohto): <\/strong>5.20M<\/li>\n<li><strong>Virtajohto kaapeli:<\/strong> 20cm<\/li>\n<li><strong>Polttimon koko: <\/strong>5cm<\/li>\n<li><strong>Lamppujen v\u00e4linen et\u00e4isyys:<\/strong> 25cm<\/li>\n<li><strong>Kaapelin v\u00e4ri: <\/strong>l\u00e4pin\u00e4kyv\u00e4<\/li>\n<li><strong>IP-luokitus: <\/strong>IP20<\/li>\n<li><strong>Virtal\u00e4hde:<\/strong>3 x AAA paristot (eiv\u00e4t sis\u00e4lly)<\/li>\n<li><strong>Kaapelin materiaali:\u00a0<\/strong>PVC<\/li>\n<li><strong>Toiminnot:\u00a0<\/strong>1 regime (ON\/OFF)<\/li>\n<li><strong>Yhdistett\u00e4v\u00e4:\u00a0<\/strong>Ei<\/li>\n<li><strong>Kansi\/kanta:\u00a0<\/strong>Ei vaihdettava<\/li>\n<li><strong>CE-sertifioitu:\u00a0<\/strong>Joo<\/li>\n<\/ul>","protected":false},"excerpt":{"rendered":"<p>Energy-saving LED lighting offers many possibilities for interior design. A luminous, portable, battery-powered retro festoon LED lights chain is the solution to accentuate the character of seasonal decorations or the atmosphere of your home. The 20 lightweight globes can be freely positioned or hung on any surface to suit your current design requirements.\u00a0 The use [&#8230;]\n","protected":false},"featured_media":5133,"comment_status":"open","ping_status":"closed","template":"","meta":[],"product_brand":[],"product_cat":[215,214],"product_tag":[],"class_list":{"0":"post-5053","1":"product","2":"type-product","3":"status-publish","4":"has-post-thumbnail","6":"product_cat-indoor-festoon-lights","7":"product_cat-indoor-lights","8":"pa_brand-deco","9":"pa_led-colour-warm-white","11":"first","12":"instock","13":"sale","14":"shipping-taxable","15":"purchasable","16":"product-type-simple"},"yoast_head":"<!-- This site is optimized with the Yoast SEO plugin v27.3 - https:\/\/yoast.com\/product\/yoast-seo-wordpress\/ -->\n<title>Festoon LED lights 5.20M 20bulbs - Best price - Decolights.eu<\/title>\n<meta name=\"description\" content=\"Decorate your patio or garden with a nice festoon LED lights with hanging bulbs to get cozy atmosphere. Do not hesitate and buy now the get the best price!\" \/>\n<meta name=\"robots\" content=\"index, follow, max-snippet:-1, max-image-preview:large, max-video-preview:-1\" \/>\n<link rel=\"canonical\" href=\"https:\/\/decolights.eu\/fi\/tuote-2\/festoon-led-lights-5-20m-20bulbs\/\" \/>\n<meta property=\"og:locale\" content=\"fi_FI\" \/>\n<meta property=\"og:type\" content=\"article\" \/>\n<meta property=\"og:title\" content=\"Festoon LED lights 5.20M 20bulbs - Best price - Decolights.eu\" \/>\n<meta property=\"og:description\" content=\"Decorate your patio or garden with a nice festoon LED lights with hanging bulbs to get cozy atmosphere. Do not hesitate and buy now the get the best price!\" \/>\n<meta property=\"og:url\" content=\"https:\/\/decolights.eu\/fi\/tuote-2\/festoon-led-lights-5-20m-20bulbs\/\" \/>\n<meta property=\"og:site_name\" content=\"Decolights.eu\" \/>\n<meta property=\"article:modified_time\" content=\"2023-05-01T13:51:27+00:00\" \/>\n<meta property=\"og:image\" content=\"https:\/\/decolights.eu\/wp-content\/uploads\/2023\/04\/Festive-Lights-Festoon-String-Lights-Indoor-20-Warm-White-LEDs-Ball-Decorative-8623-13842_1.jpg\" \/>\n\t<meta property=\"og:image:width\" content=\"506\" \/>\n\t<meta property=\"og:image:height\" content=\"499\" \/>\n\t<meta property=\"og:image:type\" content=\"image\/jpeg\" \/>\n<meta name=\"twitter:card\" content=\"summary_large_image\" \/>\n<meta name=\"twitter:label1\" content=\"Arvioitu lukuaika\" \/>\n\t<meta name=\"twitter:data1\" content=\"1 minuutti\" \/>\n<script type=\"application\/ld+json\" class=\"yoast-schema-graph\">{\"@context\":\"https:\\\/\\\/schema.org\",\"@graph\":[{\"@type\":\"WebPage\",\"@id\":\"https:\\\/\\\/decolights.eu\\\/product\\\/festoon-led-lights-5-20m-20bulbs\\\/\",\"url\":\"https:\\\/\\\/decolights.eu\\\/product\\\/festoon-led-lights-5-20m-20bulbs\\\/\",\"name\":\"Festoon LED lights 5.20M 20bulbs - Best price - Decolights.eu\",\"isPartOf\":{\"@id\":\"https:\\\/\\\/decolights.eu\\\/#website\"},\"primaryImageOfPage\":{\"@id\":\"https:\\\/\\\/decolights.eu\\\/product\\\/festoon-led-lights-5-20m-20bulbs\\\/#primaryimage\"},\"image\":{\"@id\":\"https:\\\/\\\/decolights.eu\\\/product\\\/festoon-led-lights-5-20m-20bulbs\\\/#primaryimage\"},\"thumbnailUrl\":\"https:\\\/\\\/decolights.eu\\\/wp-content\\\/uploads\\\/2023\\\/04\\\/Festive-Lights-Festoon-String-Lights-Indoor-20-Warm-White-LEDs-Ball-Decorative-8623-13842_1.jpg\",\"datePublished\":\"2023-04-01T04:26:07+00:00\",\"dateModified\":\"2023-05-01T13:51:27+00:00\",\"description\":\"Decorate your patio or garden with a nice festoon LED lights with hanging bulbs to get cozy atmosphere. Do not hesitate and buy now the get the best price!\",\"breadcrumb\":{\"@id\":\"https:\\\/\\\/decolights.eu\\\/product\\\/festoon-led-lights-5-20m-20bulbs\\\/#breadcrumb\"},\"inLanguage\":\"fi\",\"potentialAction\":[{\"@type\":\"ReadAction\",\"target\":[\"https:\\\/\\\/decolights.eu\\\/product\\\/festoon-led-lights-5-20m-20bulbs\\\/\"]}]},{\"@type\":\"ImageObject\",\"inLanguage\":\"fi\",\"@id\":\"https:\\\/\\\/decolights.eu\\\/product\\\/festoon-led-lights-5-20m-20bulbs\\\/#primaryimage\",\"url\":\"https:\\\/\\\/decolights.eu\\\/wp-content\\\/uploads\\\/2023\\\/04\\\/Festive-Lights-Festoon-String-Lights-Indoor-20-Warm-White-LEDs-Ball-Decorative-8623-13842_1.jpg\",\"contentUrl\":\"https:\\\/\\\/decolights.eu\\\/wp-content\\\/uploads\\\/2023\\\/04\\\/Festive-Lights-Festoon-String-Lights-Indoor-20-Warm-White-LEDs-Ball-Decorative-8623-13842_1.jpg\",\"width\":506,\"height\":499},{\"@type\":\"BreadcrumbList\",\"@id\":\"https:\\\/\\\/decolights.eu\\\/product\\\/festoon-led-lights-5-20m-20bulbs\\\/#breadcrumb\",\"itemListElement\":[{\"@type\":\"ListItem\",\"position\":1,\"name\":\"Shop\",\"item\":\"https:\\\/\\\/decolights.eu\\\/shop\\\/\"},{\"@type\":\"ListItem\",\"position\":2,\"name\":\"Festoon LED lights 5.20M 20bulbs\"}]},{\"@type\":\"WebSite\",\"@id\":\"https:\\\/\\\/decolights.eu\\\/#website\",\"url\":\"https:\\\/\\\/decolights.eu\\\/\",\"name\":\"decolights\",\"description\":\"Led Decorations for Home and Garden\",\"publisher\":{\"@id\":\"https:\\\/\\\/decolights.eu\\\/#organization\"},\"alternateName\":\"decolights.eu\",\"potentialAction\":[{\"@type\":\"SearchAction\",\"target\":{\"@type\":\"EntryPoint\",\"urlTemplate\":\"https:\\\/\\\/decolights.eu\\\/?s={search_term_string}\"},\"query-input\":{\"@type\":\"PropertyValueSpecification\",\"valueRequired\":true,\"valueName\":\"search_term_string\"}}],\"inLanguage\":\"fi\"},{\"@type\":\"Organization\",\"@id\":\"https:\\\/\\\/decolights.eu\\\/#organization\",\"name\":\"decolights\",\"url\":\"https:\\\/\\\/decolights.eu\\\/\",\"logo\":{\"@type\":\"ImageObject\",\"inLanguage\":\"fi\",\"@id\":\"https:\\\/\\\/decolights.eu\\\/#\\\/schema\\\/logo\\\/image\\\/\",\"url\":\"https:\\\/\\\/decolights.eu\\\/wp-content\\\/uploads\\\/2023\\\/07\\\/cropped-decolight-siteicon.png\",\"contentUrl\":\"https:\\\/\\\/decolights.eu\\\/wp-content\\\/uploads\\\/2023\\\/07\\\/cropped-decolight-siteicon.png\",\"width\":512,\"height\":512,\"caption\":\"decolights\"},\"image\":{\"@id\":\"https:\\\/\\\/decolights.eu\\\/#\\\/schema\\\/logo\\\/image\\\/\"}}]}<\/script>\n<!-- \/ Yoast SEO plugin. -->","yoast_head_json":{"title":"Festoon LED lights 5.20M 20bulbs - Best price - Decolights.eu","description":"Koristele patio tai puutarha kauniilla festoon-LED-valoilla, joissa on riippuvat lamput luodaksesi kodikkaan tunnelman. \u00c4l\u00e4 ep\u00e4r\u00f6i ja osta nyt, niin saat parhaan hinnan!","robots":{"index":"index","follow":"follow","max-snippet":"max-snippet:-1","max-image-preview":"max-image-preview:large","max-video-preview":"max-video-preview:-1"},"canonical":"https:\/\/decolights.eu\/fi\/tuote-2\/festoon-led-lights-5-20m-20bulbs\/","og_locale":"fi_FI","og_type":"article","og_title":"Festoon LED lights 5.20M 20bulbs - Best price - Decolights.eu","og_description":"Decorate your patio or garden with a nice festoon LED lights with hanging bulbs to get cozy atmosphere. Do not hesitate and buy now the get the best price!","og_url":"https:\/\/decolights.eu\/fi\/tuote-2\/festoon-led-lights-5-20m-20bulbs\/","og_site_name":"Decolights.eu","article_modified_time":"2023-05-01T13:51:27+00:00","og_image":[{"width":506,"height":499,"url":"https:\/\/decolights.eu\/wp-content\/uploads\/2023\/04\/Festive-Lights-Festoon-String-Lights-Indoor-20-Warm-White-LEDs-Ball-Decorative-8623-13842_1.jpg","type":"image\/jpeg"}],"twitter_card":"summary_large_image","twitter_misc":{"Arvioitu lukuaika":"1 minuutti"},"schema":{"@context":"https:\/\/schema.org","@graph":[{"@type":"WebPage","@id":"https:\/\/decolights.eu\/product\/festoon-led-lights-5-20m-20bulbs\/","url":"https:\/\/decolights.eu\/product\/festoon-led-lights-5-20m-20bulbs\/","name":"Festoon LED lights 5.20M 20bulbs - Best price - Decolights.eu","isPartOf":{"@id":"https:\/\/decolights.eu\/#website"},"primaryImageOfPage":{"@id":"https:\/\/decolights.eu\/product\/festoon-led-lights-5-20m-20bulbs\/#primaryimage"},"image":{"@id":"https:\/\/decolights.eu\/product\/festoon-led-lights-5-20m-20bulbs\/#primaryimage"},"thumbnailUrl":"https:\/\/decolights.eu\/wp-content\/uploads\/2023\/04\/Festive-Lights-Festoon-String-Lights-Indoor-20-Warm-White-LEDs-Ball-Decorative-8623-13842_1.jpg","datePublished":"2023-04-01T04:26:07+00:00","dateModified":"2023-05-01T13:51:27+00:00","description":"Koristele patio tai puutarha kauniilla festoon-LED-valoilla, joissa on riippuvat lamput luodaksesi kodikkaan tunnelman. \u00c4l\u00e4 ep\u00e4r\u00f6i ja osta nyt, niin saat parhaan hinnan!","breadcrumb":{"@id":"https:\/\/decolights.eu\/product\/festoon-led-lights-5-20m-20bulbs\/#breadcrumb"},"inLanguage":"fi","potentialAction":[{"@type":"ReadAction","target":["https:\/\/decolights.eu\/product\/festoon-led-lights-5-20m-20bulbs\/"]}]},{"@type":"ImageObject","inLanguage":"fi","@id":"https:\/\/decolights.eu\/product\/festoon-led-lights-5-20m-20bulbs\/#primaryimage","url":"https:\/\/decolights.eu\/wp-content\/uploads\/2023\/04\/Festive-Lights-Festoon-String-Lights-Indoor-20-Warm-White-LEDs-Ball-Decorative-8623-13842_1.jpg","contentUrl":"https:\/\/decolights.eu\/wp-content\/uploads\/2023\/04\/Festive-Lights-Festoon-String-Lights-Indoor-20-Warm-White-LEDs-Ball-Decorative-8623-13842_1.jpg","width":506,"height":499},{"@type":"BreadcrumbList","@id":"https:\/\/decolights.eu\/product\/festoon-led-lights-5-20m-20bulbs\/#breadcrumb","itemListElement":[{"@type":"ListItem","position":1,"name":"Shop","item":"https:\/\/decolights.eu\/shop\/"},{"@type":"ListItem","position":2,"name":"Festoon LED lights 5.20M 20bulbs"}]},{"@type":"WebSite","@id":"https:\/\/decolights.eu\/#website","url":"https:\/\/decolights.eu\/","name":"decolights","description":"Led-koristeet kotiin ja puutarhaan","publisher":{"@id":"https:\/\/decolights.eu\/#organization"},"alternateName":"decolights.eu","potentialAction":[{"@type":"SearchAction","target":{"@type":"EntryPoint","urlTemplate":"https:\/\/decolights.eu\/?s={search_term_string}"},"query-input":{"@type":"PropertyValueSpecification","valueRequired":true,"valueName":"search_term_string"}}],"inLanguage":"fi"},{"@type":"Organization","@id":"https:\/\/decolights.eu\/#organization","name":"decolights","url":"https:\/\/decolights.eu\/","logo":{"@type":"ImageObject","inLanguage":"fi","@id":"https:\/\/decolights.eu\/#\/schema\/logo\/image\/","url":"https:\/\/decolights.eu\/wp-content\/uploads\/2023\/07\/cropped-decolight-siteicon.png","contentUrl":"https:\/\/decolights.eu\/wp-content\/uploads\/2023\/07\/cropped-decolight-siteicon.png","width":512,"height":512,"caption":"decolights"},"image":{"@id":"https:\/\/decolights.eu\/#\/schema\/logo\/image\/"}}]}},"jetpack_sharing_enabled":true,"_links":{"self":[{"href":"https:\/\/decolights.eu\/fi\/wp-json\/wp\/v2\/product\/5053","targetHints":{"allow":["GET"]}}],"collection":[{"href":"https:\/\/decolights.eu\/fi\/wp-json\/wp\/v2\/product"}],"about":[{"href":"https:\/\/decolights.eu\/fi\/wp-json\/wp\/v2\/types\/product"}],"replies":[{"embeddable":true,"href":"https:\/\/decolights.eu\/fi\/wp-json\/wp\/v2\/comments?post=5053"}],"wp:featuredmedia":[{"embeddable":true,"href":"https:\/\/decolights.eu\/fi\/wp-json\/wp\/v2\/media\/5133"}],"wp:attachment":[{"href":"https:\/\/decolights.eu\/fi\/wp-json\/wp\/v2\/media?parent=5053"}],"wp:term":[{"taxonomy":"product_brand","embeddable":true,"href":"https:\/\/decolights.eu\/fi\/wp-json\/wp\/v2\/product_brand?post=5053"},{"taxonomy":"product_cat","embeddable":true,"href":"https:\/\/decolights.eu\/fi\/wp-json\/wp\/v2\/product_cat?post=5053"},{"taxonomy":"product_tag","embeddable":true,"href":"https:\/\/decolights.eu\/fi\/wp-json\/wp\/v2\/product_tag?post=5053"}],"curies":[{"name":"wp","href":"https:\/\/api.w.org\/{rel}","templated":true}]}}