{"id":5084,"date":"2023-04-01T04:26:32","date_gmt":"2023-04-01T04:26:32","guid":{"rendered":"https:\/\/decolights.eu\/?post_type=product&#038;p=5084"},"modified":"2023-05-09T12:31:37","modified_gmt":"2023-05-09T12:31:37","slug":"smart-festoon-lights-rgb-10m-20-bulbs-twinkly-festoon-gen-ii","status":"publish","type":"product","link":"https:\/\/decolights.eu\/fi\/tuote-2\/smart-festoon-lights-rgb-10m-20-bulbs-twinkly-festoon-gen-ii\/","title":{"rendered":"\u00c4lykk\u00e4\u00e4t festoon-valot RGB 10M 20 polttimot Twinkly Festoon (Gen II)"},"content":{"rendered":"<p>Twinkly Christmas -valaistuksessa yhdistyv\u00e4t moniv\u00e4riset RGB-LED-valot ja \u00e4lykk\u00e4\u00e4t tekniikat. Voit ohjata valoja Wi-Fi-verkon tai Bluetoothin kautta \u2013 luo juuri sellainen valaistus ja kuvio, josta pid\u00e4t. K\u00e4yt\u00e4 erilaisia tehosteita ja animaatioita. <strong>MusicSync<\/strong> mahdollistaa valaistuksen yhdist\u00e4misen musiikkiin.<\/p>\n<p>Twinkly toimii my\u00f6s Google Assistantin ja Amazon Alexa -virtuaaliassistenttien kanssa. Se on IP44, joten valaisimet soveltuvat sis\u00e4- ja ulkok\u00e4ytt\u00f6\u00f6n.<\/p>\n<p><strong>Jouluvalojohdon kokonaispituus on 24 metri\u00e4 (josta 20 metri\u00e4 valaistuja) ja se sis\u00e4lt\u00e4\u00e4 40 G45-muotoista valoa. Valojen k\u00e4ytt\u00f6ik\u00e4 on yli 30 000 tuntia.<\/strong><\/p>\n<p><iframe loading=\"lazy\" title=\"Valaise kes\u00e4y\u00f6si Festoonilla\" width=\"1020\" height=\"574\" src=\"https:\/\/www.youtube.com\/embed\/WIS5tJTZ0PQ?feature=oembed\" frameborder=\"0\" allow=\"accelerometer; autoplay; clipboard-write; encrypted-media; gyroscope; picture-in-picture; web-share\" allowfullscreen><\/iframe><\/p>\n<p>&nbsp;<\/p>\n<p><em>PS: Video on havainnollinen, eik\u00e4 kyseisell\u00e4 tuotteella v\u00e4ltt\u00e4m\u00e4tt\u00e4 ole kaikkia videolla n\u00e4kyvi\u00e4 toimintoja.<\/em><\/p>\n<p><strong>IP-luokitus:<\/strong> IP44<br \/>\n<strong>Lamppujen m\u00e4\u00e4r\u00e4:<\/strong> 20 pcs<br \/>\n<strong>Lamppujen v\u00e4linen et\u00e4isyys:<\/strong> 50 cm<br \/>\n<strong>Polttimon halkaisija:<\/strong> 4,5 cm<br \/>\n<strong>Musiikin synkronointi:<\/strong> Kyll\u00e4, vain Twinkly Music USB Mic<br \/>\n<strong>Yhteydet:<\/strong> Bluetooth\u00ae ja Wi-Fi<\/p>","protected":false},"excerpt":{"rendered":"<p>Twinkly Christmas lighting combines multi-colored RGB LED lights and smart technologies. You can control the lights over a Wi-Fi network or using Bluetooth &#8211; create exactly the kind of lighting and pattern you like. Use different effects and animations. MusicSync allows lighting to be connected to music. Twinkly also works with Google Assistant and Amazon [&#8230;]\n","protected":false},"featured_media":5164,"comment_status":"open","ping_status":"closed","template":"","meta":[],"product_brand":[],"product_cat":[226,235],"product_tag":[],"class_list":{"0":"post-5084","1":"product","2":"type-product","3":"status-publish","4":"has-post-thumbnail","6":"product_cat-outdoor-lights","7":"product_cat-twinkly-outdoor-lights","8":"pa_brand-twinkly","9":"pa_led-colour-blue","10":"pa_led-colour-cold-white","11":"pa_led-colour-green","12":"pa_led-colour-multi-coloured","13":"pa_led-colour-pink","14":"pa_led-colour-red","15":"pa_led-colour-warm-white","17":"first","18":"instock","19":"sale","20":"shipping-taxable","21":"purchasable","22":"product-type-simple"},"yoast_head":"<!-- This site is optimized with the Yoast SEO plugin v27.3 - https:\/\/yoast.com\/product\/yoast-seo-wordpress\/ -->\n<title>Smart festoon lights RGB 10M 20 bulbs Twinkly Festoon (Gen II) - Best price - Decolights.eu<\/title>\n<meta name=\"description\" content=\"Twinkly festoon lights is a smart light chain with RGB bulbs that can be controlled via app and voice assistants. Get it now for the best price!\" \/>\n<meta name=\"robots\" content=\"index, follow, max-snippet:-1, max-image-preview:large, max-video-preview:-1\" \/>\n<link rel=\"canonical\" href=\"https:\/\/decolights.eu\/fi\/tuote-2\/smart-festoon-lights-rgb-10m-20-bulbs-twinkly-festoon-gen-ii\/\" \/>\n<meta property=\"og:locale\" content=\"fi_FI\" \/>\n<meta property=\"og:type\" content=\"article\" \/>\n<meta property=\"og:title\" content=\"Smart festoon lights RGB 10M 20 bulbs Twinkly Festoon (Gen II) - Best price - Decolights.eu\" \/>\n<meta property=\"og:description\" content=\"Twinkly festoon lights is a smart light chain with RGB bulbs that can be controlled via app and voice assistants. Get it now for the best price!\" \/>\n<meta property=\"og:url\" content=\"https:\/\/decolights.eu\/fi\/tuote-2\/smart-festoon-lights-rgb-10m-20-bulbs-twinkly-festoon-gen-ii\/\" \/>\n<meta property=\"og:site_name\" content=\"Decolights.eu\" \/>\n<meta property=\"article:modified_time\" content=\"2023-05-09T12:31:37+00:00\" \/>\n<meta property=\"og:image\" content=\"https:\/\/decolights.eu\/wp-content\/uploads\/2023\/04\/medium-TWF020STP-BEU-\u2013-Out-of-the-box.jpg\" \/>\n\t<meta property=\"og:image:width\" content=\"768\" \/>\n\t<meta property=\"og:image:height\" content=\"768\" \/>\n\t<meta property=\"og:image:type\" content=\"image\/jpeg\" \/>\n<meta name=\"twitter:card\" content=\"summary_large_image\" \/>\n<meta name=\"twitter:label1\" content=\"Arvioitu lukuaika\" \/>\n\t<meta name=\"twitter:data1\" content=\"1 minuutti\" \/>\n<script type=\"application\/ld+json\" class=\"yoast-schema-graph\">{\"@context\":\"https:\\\/\\\/schema.org\",\"@graph\":[{\"@type\":\"WebPage\",\"@id\":\"https:\\\/\\\/decolights.eu\\\/product\\\/smart-festoon-lights-rgb-10m-20-bulbs-twinkly-festoon-gen-ii\\\/\",\"url\":\"https:\\\/\\\/decolights.eu\\\/product\\\/smart-festoon-lights-rgb-10m-20-bulbs-twinkly-festoon-gen-ii\\\/\",\"name\":\"Smart festoon lights RGB 10M 20 bulbs Twinkly Festoon (Gen II) - Best price - Decolights.eu\",\"isPartOf\":{\"@id\":\"https:\\\/\\\/decolights.eu\\\/#website\"},\"primaryImageOfPage\":{\"@id\":\"https:\\\/\\\/decolights.eu\\\/product\\\/smart-festoon-lights-rgb-10m-20-bulbs-twinkly-festoon-gen-ii\\\/#primaryimage\"},\"image\":{\"@id\":\"https:\\\/\\\/decolights.eu\\\/product\\\/smart-festoon-lights-rgb-10m-20-bulbs-twinkly-festoon-gen-ii\\\/#primaryimage\"},\"thumbnailUrl\":\"https:\\\/\\\/decolights.eu\\\/wp-content\\\/uploads\\\/2023\\\/04\\\/medium-TWF020STP-BEU-\u2013-Out-of-the-box.jpg\",\"datePublished\":\"2023-04-01T04:26:32+00:00\",\"dateModified\":\"2023-05-09T12:31:37+00:00\",\"description\":\"Twinkly festoon lights is a smart light chain with RGB bulbs that can be controlled via app and voice assistants. Get it now for the best price!\",\"breadcrumb\":{\"@id\":\"https:\\\/\\\/decolights.eu\\\/product\\\/smart-festoon-lights-rgb-10m-20-bulbs-twinkly-festoon-gen-ii\\\/#breadcrumb\"},\"inLanguage\":\"fi\",\"potentialAction\":[{\"@type\":\"ReadAction\",\"target\":[\"https:\\\/\\\/decolights.eu\\\/product\\\/smart-festoon-lights-rgb-10m-20-bulbs-twinkly-festoon-gen-ii\\\/\"]}]},{\"@type\":\"ImageObject\",\"inLanguage\":\"fi\",\"@id\":\"https:\\\/\\\/decolights.eu\\\/product\\\/smart-festoon-lights-rgb-10m-20-bulbs-twinkly-festoon-gen-ii\\\/#primaryimage\",\"url\":\"https:\\\/\\\/decolights.eu\\\/wp-content\\\/uploads\\\/2023\\\/04\\\/medium-TWF020STP-BEU-\u2013-Out-of-the-box.jpg\",\"contentUrl\":\"https:\\\/\\\/decolights.eu\\\/wp-content\\\/uploads\\\/2023\\\/04\\\/medium-TWF020STP-BEU-\u2013-Out-of-the-box.jpg\",\"width\":768,\"height\":768},{\"@type\":\"BreadcrumbList\",\"@id\":\"https:\\\/\\\/decolights.eu\\\/product\\\/smart-festoon-lights-rgb-10m-20-bulbs-twinkly-festoon-gen-ii\\\/#breadcrumb\",\"itemListElement\":[{\"@type\":\"ListItem\",\"position\":1,\"name\":\"Shop\",\"item\":\"https:\\\/\\\/decolights.eu\\\/shop\\\/\"},{\"@type\":\"ListItem\",\"position\":2,\"name\":\"Smart festoon lights RGB 10M 20 bulbs Twinkly Festoon (Gen II)\"}]},{\"@type\":\"WebSite\",\"@id\":\"https:\\\/\\\/decolights.eu\\\/#website\",\"url\":\"https:\\\/\\\/decolights.eu\\\/\",\"name\":\"decolights\",\"description\":\"Led Decorations for Home and Garden\",\"publisher\":{\"@id\":\"https:\\\/\\\/decolights.eu\\\/#organization\"},\"alternateName\":\"decolights.eu\",\"potentialAction\":[{\"@type\":\"SearchAction\",\"target\":{\"@type\":\"EntryPoint\",\"urlTemplate\":\"https:\\\/\\\/decolights.eu\\\/?s={search_term_string}\"},\"query-input\":{\"@type\":\"PropertyValueSpecification\",\"valueRequired\":true,\"valueName\":\"search_term_string\"}}],\"inLanguage\":\"fi\"},{\"@type\":\"Organization\",\"@id\":\"https:\\\/\\\/decolights.eu\\\/#organization\",\"name\":\"decolights\",\"url\":\"https:\\\/\\\/decolights.eu\\\/\",\"logo\":{\"@type\":\"ImageObject\",\"inLanguage\":\"fi\",\"@id\":\"https:\\\/\\\/decolights.eu\\\/#\\\/schema\\\/logo\\\/image\\\/\",\"url\":\"https:\\\/\\\/decolights.eu\\\/wp-content\\\/uploads\\\/2023\\\/07\\\/cropped-decolight-siteicon.png\",\"contentUrl\":\"https:\\\/\\\/decolights.eu\\\/wp-content\\\/uploads\\\/2023\\\/07\\\/cropped-decolight-siteicon.png\",\"width\":512,\"height\":512,\"caption\":\"decolights\"},\"image\":{\"@id\":\"https:\\\/\\\/decolights.eu\\\/#\\\/schema\\\/logo\\\/image\\\/\"}}]}<\/script>\n<!-- \/ Yoast SEO plugin. -->","yoast_head_json":{"title":"Smart festoon lights RGB 10M 20 bulbs Twinkly Festoon (Gen II) - Best price - Decolights.eu","description":"Twinkly festoon lights on \u00e4lyk\u00e4s valoketju RGB-polttimoilla, joita voidaan ohjata sovellus- ja \u00e4\u00e4niavustajien avulla. Hanki se nyt parhaaseen hintaan!","robots":{"index":"index","follow":"follow","max-snippet":"max-snippet:-1","max-image-preview":"max-image-preview:large","max-video-preview":"max-video-preview:-1"},"canonical":"https:\/\/decolights.eu\/fi\/tuote-2\/smart-festoon-lights-rgb-10m-20-bulbs-twinkly-festoon-gen-ii\/","og_locale":"fi_FI","og_type":"article","og_title":"Smart festoon lights RGB 10M 20 bulbs Twinkly Festoon (Gen II) - Best price - Decolights.eu","og_description":"Twinkly festoon lights is a smart light chain with RGB bulbs that can be controlled via app and voice assistants. Get it now for the best price!","og_url":"https:\/\/decolights.eu\/fi\/tuote-2\/smart-festoon-lights-rgb-10m-20-bulbs-twinkly-festoon-gen-ii\/","og_site_name":"Decolights.eu","article_modified_time":"2023-05-09T12:31:37+00:00","og_image":[{"width":768,"height":768,"url":"https:\/\/decolights.eu\/wp-content\/uploads\/2023\/04\/medium-TWF020STP-BEU-\u2013-Out-of-the-box.jpg","type":"image\/jpeg"}],"twitter_card":"summary_large_image","twitter_misc":{"Arvioitu lukuaika":"1 minuutti"},"schema":{"@context":"https:\/\/schema.org","@graph":[{"@type":"WebPage","@id":"https:\/\/decolights.eu\/product\/smart-festoon-lights-rgb-10m-20-bulbs-twinkly-festoon-gen-ii\/","url":"https:\/\/decolights.eu\/product\/smart-festoon-lights-rgb-10m-20-bulbs-twinkly-festoon-gen-ii\/","name":"Smart festoon lights RGB 10M 20 bulbs Twinkly Festoon (Gen II) - Best price - Decolights.eu","isPartOf":{"@id":"https:\/\/decolights.eu\/#website"},"primaryImageOfPage":{"@id":"https:\/\/decolights.eu\/product\/smart-festoon-lights-rgb-10m-20-bulbs-twinkly-festoon-gen-ii\/#primaryimage"},"image":{"@id":"https:\/\/decolights.eu\/product\/smart-festoon-lights-rgb-10m-20-bulbs-twinkly-festoon-gen-ii\/#primaryimage"},"thumbnailUrl":"https:\/\/decolights.eu\/wp-content\/uploads\/2023\/04\/medium-TWF020STP-BEU-\u2013-Out-of-the-box.jpg","datePublished":"2023-04-01T04:26:32+00:00","dateModified":"2023-05-09T12:31:37+00:00","description":"Twinkly festoon lights on \u00e4lyk\u00e4s valoketju RGB-polttimoilla, joita voidaan ohjata sovellus- ja \u00e4\u00e4niavustajien avulla. Hanki se nyt parhaaseen hintaan!","breadcrumb":{"@id":"https:\/\/decolights.eu\/product\/smart-festoon-lights-rgb-10m-20-bulbs-twinkly-festoon-gen-ii\/#breadcrumb"},"inLanguage":"fi","potentialAction":[{"@type":"ReadAction","target":["https:\/\/decolights.eu\/product\/smart-festoon-lights-rgb-10m-20-bulbs-twinkly-festoon-gen-ii\/"]}]},{"@type":"ImageObject","inLanguage":"fi","@id":"https:\/\/decolights.eu\/product\/smart-festoon-lights-rgb-10m-20-bulbs-twinkly-festoon-gen-ii\/#primaryimage","url":"https:\/\/decolights.eu\/wp-content\/uploads\/2023\/04\/medium-TWF020STP-BEU-\u2013-Out-of-the-box.jpg","contentUrl":"https:\/\/decolights.eu\/wp-content\/uploads\/2023\/04\/medium-TWF020STP-BEU-\u2013-Out-of-the-box.jpg","width":768,"height":768},{"@type":"BreadcrumbList","@id":"https:\/\/decolights.eu\/product\/smart-festoon-lights-rgb-10m-20-bulbs-twinkly-festoon-gen-ii\/#breadcrumb","itemListElement":[{"@type":"ListItem","position":1,"name":"Shop","item":"https:\/\/decolights.eu\/shop\/"},{"@type":"ListItem","position":2,"name":"Smart festoon lights RGB 10M 20 bulbs Twinkly Festoon (Gen II)"}]},{"@type":"WebSite","@id":"https:\/\/decolights.eu\/#website","url":"https:\/\/decolights.eu\/","name":"decolights","description":"Led-koristeet kotiin ja puutarhaan","publisher":{"@id":"https:\/\/decolights.eu\/#organization"},"alternateName":"decolights.eu","potentialAction":[{"@type":"SearchAction","target":{"@type":"EntryPoint","urlTemplate":"https:\/\/decolights.eu\/?s={search_term_string}"},"query-input":{"@type":"PropertyValueSpecification","valueRequired":true,"valueName":"search_term_string"}}],"inLanguage":"fi"},{"@type":"Organization","@id":"https:\/\/decolights.eu\/#organization","name":"decolights","url":"https:\/\/decolights.eu\/","logo":{"@type":"ImageObject","inLanguage":"fi","@id":"https:\/\/decolights.eu\/#\/schema\/logo\/image\/","url":"https:\/\/decolights.eu\/wp-content\/uploads\/2023\/07\/cropped-decolight-siteicon.png","contentUrl":"https:\/\/decolights.eu\/wp-content\/uploads\/2023\/07\/cropped-decolight-siteicon.png","width":512,"height":512,"caption":"decolights"},"image":{"@id":"https:\/\/decolights.eu\/#\/schema\/logo\/image\/"}}]}},"jetpack_sharing_enabled":true,"_links":{"self":[{"href":"https:\/\/decolights.eu\/fi\/wp-json\/wp\/v2\/product\/5084","targetHints":{"allow":["GET"]}}],"collection":[{"href":"https:\/\/decolights.eu\/fi\/wp-json\/wp\/v2\/product"}],"about":[{"href":"https:\/\/decolights.eu\/fi\/wp-json\/wp\/v2\/types\/product"}],"replies":[{"embeddable":true,"href":"https:\/\/decolights.eu\/fi\/wp-json\/wp\/v2\/comments?post=5084"}],"wp:featuredmedia":[{"embeddable":true,"href":"https:\/\/decolights.eu\/fi\/wp-json\/wp\/v2\/media\/5164"}],"wp:attachment":[{"href":"https:\/\/decolights.eu\/fi\/wp-json\/wp\/v2\/media?parent=5084"}],"wp:term":[{"taxonomy":"product_brand","embeddable":true,"href":"https:\/\/decolights.eu\/fi\/wp-json\/wp\/v2\/product_brand?post=5084"},{"taxonomy":"product_cat","embeddable":true,"href":"https:\/\/decolights.eu\/fi\/wp-json\/wp\/v2\/product_cat?post=5084"},{"taxonomy":"product_tag","embeddable":true,"href":"https:\/\/decolights.eu\/fi\/wp-json\/wp\/v2\/product_tag?post=5084"}],"curies":[{"name":"wp","href":"https:\/\/api.w.org\/{rel}","templated":true}]}}