{"id":5779,"date":"2023-04-01T04:36:01","date_gmt":"2023-04-01T04:36:01","guid":{"rendered":"https:\/\/decolights.eu\/?post_type=product&#038;p=5779"},"modified":"2023-05-10T09:19:23","modified_gmt":"2023-05-10T09:19:23","slug":"solar-wall-lights-with-sensor-4","status":"publish","type":"product","link":"https:\/\/decolights.eu\/fi\/tuote-2\/solar-wall-lights-with-sensor-4\/","title":{"rendered":"Aurinkopaneelivalaisimet anturilla"},"content":{"rendered":"<p><strong>COST-FREE USE &#8211;\u00a0<\/strong>the solar panel and the battery provide power that enables maintenance-free and cost-free use of the device.\u00a0<strong>It does not require an additional source of energy, it is economical and economical<\/strong>\u00a0.<\/p>\n<p><strong>PIR MOTION AND TWILIGHT SENSOR<\/strong> &#8211; lantern has a built-in motion and twilight sensor, thanks to which, depending on the mode <strong>it will only light up after dark when it detects movement in the immediate vicinity.<\/strong><\/p>\n<p><strong>Vedenpit\u00e4v\u00e4 -\u00a0<\/strong>The lamp is waterproof, therefore adverse weather conditions do not affect its functionality. It has\u00a0<strong>an IP6<\/strong><strong>5<\/strong>\u00a0waterproof rating.<\/p>\n<ul>\n<li><strong>V\u00e4ri:<\/strong> musta<\/li>\n<li><strong>LED v\u00e4ri:<\/strong> neutral white<\/li>\n<li><strong>LEDien lukum\u00e4\u00e4r\u00e4:\u00a0<\/strong>120LED<\/li>\n<li><strong>Koko:\u00a0<\/strong>13.5x10CM<\/li>\n<li><strong>Lightning angle<\/strong>: 270\u00b0<\/li>\n<li><strong>PIR Motion Sensor:<\/strong> Joo<\/li>\n<li><strong>Virtal\u00e4hde:\u00a0<\/strong>Aurinko<\/li>\n<li><strong>Ajastin: <\/strong>6h<\/li>\n<li><strong>IP-luokitus: <\/strong>IP65<\/li>\n<li><strong>Kaukos\u00e4\u00e4din:\u00a0<\/strong>Mukana<\/li>\n<li>7W 3,70V<\/li>\n<\/ul>","protected":false},"excerpt":{"rendered":"<p>COST-FREE USE &#8211;\u00a0the solar panel and the battery provide power that enables maintenance-free and cost-free use of the device.\u00a0It does not require an additional source of energy, it is economical and economical\u00a0. PIR MOTION AND TWILIGHT SENSOR &#8211; lantern has a built-in motion and twilight sensor, thanks to which, depending on the mode it will [&#8230;]\n","protected":false},"featured_media":5896,"comment_status":"open","ping_status":"closed","template":"","meta":[],"product_brand":[],"product_cat":[226,194,231,171,197,277],"product_tag":[],"class_list":{"0":"post-5779","1":"product","2":"type-product","3":"status-publish","4":"has-post-thumbnail","6":"product_cat-outdoor-lights","7":"product_cat-solar-decking-lights","8":"product_cat-solar-decking-lights-outdoor-lights","9":"product_cat-solar-lights","10":"product_cat-solar-spotlight","11":"product_cat-solar-spotlight-outdoor-lights","12":"pa_brand-deco","13":"pa_led-colour-neutral-white","15":"first","16":"instock","17":"sale","18":"shipping-taxable","19":"purchasable","20":"product-type-simple"},"yoast_head":"<!-- This site is optimized with the Yoast SEO plugin v27.3 - https:\/\/yoast.com\/product\/yoast-seo-wordpress\/ -->\n<title>Solar wall lights with sensor - Best price guaranteed - Decolights.eu<\/title>\n<meta name=\"description\" content=\"Solar wall light gives maintenance-free and cost-free lightning to your home or office. Very comfortable and cheap to use! Do not hesitate, buy now!\" \/>\n<meta name=\"robots\" content=\"index, follow, max-snippet:-1, max-image-preview:large, max-video-preview:-1\" \/>\n<link rel=\"canonical\" href=\"https:\/\/decolights.eu\/fi\/tuote-2\/solar-wall-lights-with-sensor-4\/\" \/>\n<meta property=\"og:locale\" content=\"fi_FI\" \/>\n<meta property=\"og:type\" content=\"article\" \/>\n<meta property=\"og:title\" content=\"Solar wall lights with sensor - Best price guaranteed - Decolights.eu\" \/>\n<meta property=\"og:description\" content=\"Solar wall light gives maintenance-free and cost-free lightning to your home or office. Very comfortable and cheap to use! Do not hesitate, buy now!\" \/>\n<meta property=\"og:url\" content=\"https:\/\/decolights.eu\/fi\/tuote-2\/solar-wall-lights-with-sensor-4\/\" \/>\n<meta property=\"og:site_name\" content=\"Decolights.eu\" \/>\n<meta property=\"article:modified_time\" content=\"2023-05-10T09:19:23+00:00\" \/>\n<meta property=\"og:image\" content=\"https:\/\/decolights.eu\/wp-content\/uploads\/2023\/04\/eng_pl_100LED-L10720-solar-lamp-14666_3.jpg\" \/>\n\t<meta property=\"og:image:width\" content=\"747\" \/>\n\t<meta property=\"og:image:height\" content=\"500\" \/>\n\t<meta property=\"og:image:type\" content=\"image\/jpeg\" \/>\n<meta name=\"twitter:card\" content=\"summary_large_image\" \/>\n<meta name=\"twitter:label1\" content=\"Arvioitu lukuaika\" \/>\n\t<meta name=\"twitter:data1\" content=\"1 minuutti\" \/>\n<script type=\"application\/ld+json\" class=\"yoast-schema-graph\">{\"@context\":\"https:\\\/\\\/schema.org\",\"@graph\":[{\"@type\":\"WebPage\",\"@id\":\"https:\\\/\\\/decolights.eu\\\/product\\\/solar-wall-lights-with-sensor-4\\\/\",\"url\":\"https:\\\/\\\/decolights.eu\\\/product\\\/solar-wall-lights-with-sensor-4\\\/\",\"name\":\"Solar wall lights with sensor - Best price guaranteed - Decolights.eu\",\"isPartOf\":{\"@id\":\"https:\\\/\\\/decolights.eu\\\/#website\"},\"primaryImageOfPage\":{\"@id\":\"https:\\\/\\\/decolights.eu\\\/product\\\/solar-wall-lights-with-sensor-4\\\/#primaryimage\"},\"image\":{\"@id\":\"https:\\\/\\\/decolights.eu\\\/product\\\/solar-wall-lights-with-sensor-4\\\/#primaryimage\"},\"thumbnailUrl\":\"https:\\\/\\\/decolights.eu\\\/wp-content\\\/uploads\\\/2023\\\/04\\\/eng_pl_100LED-L10720-solar-lamp-14666_3.jpg\",\"datePublished\":\"2023-04-01T04:36:01+00:00\",\"dateModified\":\"2023-05-10T09:19:23+00:00\",\"description\":\"Solar wall light gives maintenance-free and cost-free lightning to your home or office. Very comfortable and cheap to use! Do not hesitate, buy now!\",\"breadcrumb\":{\"@id\":\"https:\\\/\\\/decolights.eu\\\/product\\\/solar-wall-lights-with-sensor-4\\\/#breadcrumb\"},\"inLanguage\":\"fi\",\"potentialAction\":[{\"@type\":\"ReadAction\",\"target\":[\"https:\\\/\\\/decolights.eu\\\/product\\\/solar-wall-lights-with-sensor-4\\\/\"]}]},{\"@type\":\"ImageObject\",\"inLanguage\":\"fi\",\"@id\":\"https:\\\/\\\/decolights.eu\\\/product\\\/solar-wall-lights-with-sensor-4\\\/#primaryimage\",\"url\":\"https:\\\/\\\/decolights.eu\\\/wp-content\\\/uploads\\\/2023\\\/04\\\/eng_pl_100LED-L10720-solar-lamp-14666_3.jpg\",\"contentUrl\":\"https:\\\/\\\/decolights.eu\\\/wp-content\\\/uploads\\\/2023\\\/04\\\/eng_pl_100LED-L10720-solar-lamp-14666_3.jpg\",\"width\":747,\"height\":500},{\"@type\":\"BreadcrumbList\",\"@id\":\"https:\\\/\\\/decolights.eu\\\/product\\\/solar-wall-lights-with-sensor-4\\\/#breadcrumb\",\"itemListElement\":[{\"@type\":\"ListItem\",\"position\":1,\"name\":\"Shop\",\"item\":\"https:\\\/\\\/decolights.eu\\\/shop\\\/\"},{\"@type\":\"ListItem\",\"position\":2,\"name\":\"Solar wall lights with sensor\"}]},{\"@type\":\"WebSite\",\"@id\":\"https:\\\/\\\/decolights.eu\\\/#website\",\"url\":\"https:\\\/\\\/decolights.eu\\\/\",\"name\":\"decolights\",\"description\":\"Led Decorations for Home and Garden\",\"publisher\":{\"@id\":\"https:\\\/\\\/decolights.eu\\\/#organization\"},\"alternateName\":\"decolights.eu\",\"potentialAction\":[{\"@type\":\"SearchAction\",\"target\":{\"@type\":\"EntryPoint\",\"urlTemplate\":\"https:\\\/\\\/decolights.eu\\\/?s={search_term_string}\"},\"query-input\":{\"@type\":\"PropertyValueSpecification\",\"valueRequired\":true,\"valueName\":\"search_term_string\"}}],\"inLanguage\":\"fi\"},{\"@type\":\"Organization\",\"@id\":\"https:\\\/\\\/decolights.eu\\\/#organization\",\"name\":\"decolights\",\"url\":\"https:\\\/\\\/decolights.eu\\\/\",\"logo\":{\"@type\":\"ImageObject\",\"inLanguage\":\"fi\",\"@id\":\"https:\\\/\\\/decolights.eu\\\/#\\\/schema\\\/logo\\\/image\\\/\",\"url\":\"https:\\\/\\\/decolights.eu\\\/wp-content\\\/uploads\\\/2023\\\/07\\\/cropped-decolight-siteicon.png\",\"contentUrl\":\"https:\\\/\\\/decolights.eu\\\/wp-content\\\/uploads\\\/2023\\\/07\\\/cropped-decolight-siteicon.png\",\"width\":512,\"height\":512,\"caption\":\"decolights\"},\"image\":{\"@id\":\"https:\\\/\\\/decolights.eu\\\/#\\\/schema\\\/logo\\\/image\\\/\"}}]}<\/script>\n<!-- \/ Yoast SEO plugin. -->","yoast_head_json":{"title":"Solar wall lights with sensor - Best price guaranteed - Decolights.eu","description":"Solar wall light gives maintenance-free and cost-free lightning to your home or office. Very comfortable and cheap to use! Do not hesitate, buy now!","robots":{"index":"index","follow":"follow","max-snippet":"max-snippet:-1","max-image-preview":"max-image-preview:large","max-video-preview":"max-video-preview:-1"},"canonical":"https:\/\/decolights.eu\/fi\/tuote-2\/solar-wall-lights-with-sensor-4\/","og_locale":"fi_FI","og_type":"article","og_title":"Solar wall lights with sensor - Best price guaranteed - Decolights.eu","og_description":"Solar wall light gives maintenance-free and cost-free lightning to your home or office. Very comfortable and cheap to use! Do not hesitate, buy now!","og_url":"https:\/\/decolights.eu\/fi\/tuote-2\/solar-wall-lights-with-sensor-4\/","og_site_name":"Decolights.eu","article_modified_time":"2023-05-10T09:19:23+00:00","og_image":[{"width":747,"height":500,"url":"https:\/\/decolights.eu\/wp-content\/uploads\/2023\/04\/eng_pl_100LED-L10720-solar-lamp-14666_3.jpg","type":"image\/jpeg"}],"twitter_card":"summary_large_image","twitter_misc":{"Arvioitu lukuaika":"1 minuutti"},"schema":{"@context":"https:\/\/schema.org","@graph":[{"@type":"WebPage","@id":"https:\/\/decolights.eu\/product\/solar-wall-lights-with-sensor-4\/","url":"https:\/\/decolights.eu\/product\/solar-wall-lights-with-sensor-4\/","name":"Solar wall lights with sensor - Best price guaranteed - Decolights.eu","isPartOf":{"@id":"https:\/\/decolights.eu\/#website"},"primaryImageOfPage":{"@id":"https:\/\/decolights.eu\/product\/solar-wall-lights-with-sensor-4\/#primaryimage"},"image":{"@id":"https:\/\/decolights.eu\/product\/solar-wall-lights-with-sensor-4\/#primaryimage"},"thumbnailUrl":"https:\/\/decolights.eu\/wp-content\/uploads\/2023\/04\/eng_pl_100LED-L10720-solar-lamp-14666_3.jpg","datePublished":"2023-04-01T04:36:01+00:00","dateModified":"2023-05-10T09:19:23+00:00","description":"Solar wall light gives maintenance-free and cost-free lightning to your home or office. Very comfortable and cheap to use! Do not hesitate, buy now!","breadcrumb":{"@id":"https:\/\/decolights.eu\/product\/solar-wall-lights-with-sensor-4\/#breadcrumb"},"inLanguage":"fi","potentialAction":[{"@type":"ReadAction","target":["https:\/\/decolights.eu\/product\/solar-wall-lights-with-sensor-4\/"]}]},{"@type":"ImageObject","inLanguage":"fi","@id":"https:\/\/decolights.eu\/product\/solar-wall-lights-with-sensor-4\/#primaryimage","url":"https:\/\/decolights.eu\/wp-content\/uploads\/2023\/04\/eng_pl_100LED-L10720-solar-lamp-14666_3.jpg","contentUrl":"https:\/\/decolights.eu\/wp-content\/uploads\/2023\/04\/eng_pl_100LED-L10720-solar-lamp-14666_3.jpg","width":747,"height":500},{"@type":"BreadcrumbList","@id":"https:\/\/decolights.eu\/product\/solar-wall-lights-with-sensor-4\/#breadcrumb","itemListElement":[{"@type":"ListItem","position":1,"name":"Shop","item":"https:\/\/decolights.eu\/shop\/"},{"@type":"ListItem","position":2,"name":"Solar wall lights with sensor"}]},{"@type":"WebSite","@id":"https:\/\/decolights.eu\/#website","url":"https:\/\/decolights.eu\/","name":"decolights","description":"Led-koristeet kotiin ja puutarhaan","publisher":{"@id":"https:\/\/decolights.eu\/#organization"},"alternateName":"decolights.eu","potentialAction":[{"@type":"SearchAction","target":{"@type":"EntryPoint","urlTemplate":"https:\/\/decolights.eu\/?s={search_term_string}"},"query-input":{"@type":"PropertyValueSpecification","valueRequired":true,"valueName":"search_term_string"}}],"inLanguage":"fi"},{"@type":"Organization","@id":"https:\/\/decolights.eu\/#organization","name":"decolights","url":"https:\/\/decolights.eu\/","logo":{"@type":"ImageObject","inLanguage":"fi","@id":"https:\/\/decolights.eu\/#\/schema\/logo\/image\/","url":"https:\/\/decolights.eu\/wp-content\/uploads\/2023\/07\/cropped-decolight-siteicon.png","contentUrl":"https:\/\/decolights.eu\/wp-content\/uploads\/2023\/07\/cropped-decolight-siteicon.png","width":512,"height":512,"caption":"decolights"},"image":{"@id":"https:\/\/decolights.eu\/#\/schema\/logo\/image\/"}}]}},"jetpack_sharing_enabled":true,"_links":{"self":[{"href":"https:\/\/decolights.eu\/fi\/wp-json\/wp\/v2\/product\/5779","targetHints":{"allow":["GET"]}}],"collection":[{"href":"https:\/\/decolights.eu\/fi\/wp-json\/wp\/v2\/product"}],"about":[{"href":"https:\/\/decolights.eu\/fi\/wp-json\/wp\/v2\/types\/product"}],"replies":[{"embeddable":true,"href":"https:\/\/decolights.eu\/fi\/wp-json\/wp\/v2\/comments?post=5779"}],"wp:featuredmedia":[{"embeddable":true,"href":"https:\/\/decolights.eu\/fi\/wp-json\/wp\/v2\/media\/5896"}],"wp:attachment":[{"href":"https:\/\/decolights.eu\/fi\/wp-json\/wp\/v2\/media?parent=5779"}],"wp:term":[{"taxonomy":"product_brand","embeddable":true,"href":"https:\/\/decolights.eu\/fi\/wp-json\/wp\/v2\/product_brand?post=5779"},{"taxonomy":"product_cat","embeddable":true,"href":"https:\/\/decolights.eu\/fi\/wp-json\/wp\/v2\/product_cat?post=5779"},{"taxonomy":"product_tag","embeddable":true,"href":"https:\/\/decolights.eu\/fi\/wp-json\/wp\/v2\/product_tag?post=5779"}],"curies":[{"name":"wp","href":"https:\/\/api.w.org\/{rel}","templated":true}]}}