{"id":5871,"date":"2023-04-01T04:37:39","date_gmt":"2023-04-01T04:37:39","guid":{"rendered":"https:\/\/decolights.eu\/?post_type=product&#038;p=5871"},"modified":"2023-05-09T10:23:09","modified_gmt":"2023-05-09T10:23:09","slug":"led-lamp-e27-g125-decoled-spiral-smoke","status":"publish","type":"product","link":"https:\/\/decolights.eu\/fi\/tuote-2\/led-lamp-e27-g125-decoled-spiral-smoke\/","title":{"rendered":"LED-lamppu E27 G125 Decoled Spiral Smoke"},"content":{"rendered":"<p>LED-lamppu koristek\u00e4ytt\u00f6\u00f6n. Lasissa on savuv\u00e4ri, joka antaa l\u00e4mpim\u00e4n ja pehme\u00e4n hehkun. Valaisin on himmenninyhteensopiva ja siin\u00e4 on E27-kanta.<\/p>\n<ul>\n<li><strong>Kanta\/korkki:<\/strong> E27<\/li>\n<li><strong>LED v\u00e4ri: <\/strong>kultainen l\u00e4mmin valkoinen<\/li>\n<li><strong>V\u00e4ril\u00e4mp\u00f6tila:<\/strong> 2100k<\/li>\n<li><strong>Koko:\u00a0<\/strong>12,50 x 17,60 x 12,50 CM<\/li>\n<li><strong>Lumen:<\/strong> 95 lm<\/li>\n<li><strong>Elinik\u00e4:<\/strong> 25000h<\/li>\n<li><strong>IP-luokitus:\u00a0<\/strong>IP44<\/li>\n<li><strong>EU-sertifioitu:\u00a0<\/strong>Joo<\/li>\n<li>Energians\u00e4\u00e4st\u00f6<\/li>\n<li>220-240V AC 4W<\/li>\n<\/ul>","protected":false},"excerpt":{"rendered":"<p>LED-lamp for decorational purpose. The glass has smoke colour that give a warm and soft glow. The lamp is dimmer compatible and has a E27 cap. Socket\/Cap: E27 LED Colour: golden warm white Colour temperature: 2100k Size:\u00a012.50 x 17.60 x 12.50 CM Lumen: 95 lm Lifetime: 25000h IP Rating:\u00a0IP44 EU Certified:\u00a0Yes Energy saving 220-240V AC [&#8230;]\n","protected":false},"featured_media":6035,"comment_status":"open","ping_status":"closed","template":"","meta":[],"product_brand":[],"product_cat":[229,218,214,226],"product_tag":[],"class_list":{"0":"post-5871","1":"product","2":"type-product","3":"status-publish","4":"has-post-thumbnail","6":"product_cat-bulbs","7":"product_cat-decorative-led-lights","8":"product_cat-indoor-lights","9":"product_cat-outdoor-lights","10":"pa_brand-deco","11":"pa_led-colour-golden-warm-white","13":"first","14":"instock","15":"sale","16":"shipping-taxable","17":"purchasable","18":"product-type-simple"},"yoast_head":"<!-- This site is optimized with the Yoast SEO plugin v27.3 - https:\/\/yoast.com\/product\/yoast-seo-wordpress\/ -->\n<title>LED lamp E27 G125 Decoled Spiral Smoke - Best price - Decolights.eu<\/title>\n<meta name=\"description\" content=\"LED Lamp Decoral Spiral smoke is a awesome decorative bulb. Will add a nice touch to your lamp and design. Don&#039;t miss the best price, buy now!\" \/>\n<meta name=\"robots\" content=\"index, follow, max-snippet:-1, max-image-preview:large, max-video-preview:-1\" \/>\n<link rel=\"canonical\" href=\"https:\/\/decolights.eu\/fi\/tuote-2\/led-lamp-e27-g125-decoled-spiral-smoke\/\" \/>\n<meta property=\"og:locale\" content=\"fi_FI\" \/>\n<meta property=\"og:type\" content=\"article\" \/>\n<meta property=\"og:title\" content=\"LED lamp E27 G125 Decoled Spiral Smoke - Best price - Decolights.eu\" \/>\n<meta property=\"og:description\" content=\"LED Lamp Decoral Spiral smoke is a awesome decorative bulb. Will add a nice touch to your lamp and design. Don&#039;t miss the best price, buy now!\" \/>\n<meta property=\"og:url\" content=\"https:\/\/decolights.eu\/fi\/tuote-2\/led-lamp-e27-g125-decoled-spiral-smoke\/\" \/>\n<meta property=\"og:site_name\" content=\"Decolights.eu\" \/>\n<meta property=\"article:modified_time\" content=\"2023-05-09T10:23:09+00:00\" \/>\n<meta property=\"og:image\" content=\"https:\/\/decolights.eu\/wp-content\/uploads\/2023\/04\/354-62_MN.png\" \/>\n\t<meta property=\"og:image:width\" content=\"600\" \/>\n\t<meta property=\"og:image:height\" content=\"600\" \/>\n\t<meta property=\"og:image:type\" content=\"image\/png\" \/>\n<meta name=\"twitter:card\" content=\"summary_large_image\" \/>\n<meta name=\"twitter:label1\" content=\"Arvioitu lukuaika\" \/>\n\t<meta name=\"twitter:data1\" content=\"1 minuutti\" \/>\n<script type=\"application\/ld+json\" class=\"yoast-schema-graph\">{\"@context\":\"https:\\\/\\\/schema.org\",\"@graph\":[{\"@type\":\"WebPage\",\"@id\":\"https:\\\/\\\/decolights.eu\\\/product\\\/led-lamp-e27-g125-decoled-spiral-smoke\\\/\",\"url\":\"https:\\\/\\\/decolights.eu\\\/product\\\/led-lamp-e27-g125-decoled-spiral-smoke\\\/\",\"name\":\"LED lamp E27 G125 Decoled Spiral Smoke - Best price - Decolights.eu\",\"isPartOf\":{\"@id\":\"https:\\\/\\\/decolights.eu\\\/#website\"},\"primaryImageOfPage\":{\"@id\":\"https:\\\/\\\/decolights.eu\\\/product\\\/led-lamp-e27-g125-decoled-spiral-smoke\\\/#primaryimage\"},\"image\":{\"@id\":\"https:\\\/\\\/decolights.eu\\\/product\\\/led-lamp-e27-g125-decoled-spiral-smoke\\\/#primaryimage\"},\"thumbnailUrl\":\"https:\\\/\\\/decolights.eu\\\/wp-content\\\/uploads\\\/2023\\\/04\\\/354-62_MN.png\",\"datePublished\":\"2023-04-01T04:37:39+00:00\",\"dateModified\":\"2023-05-09T10:23:09+00:00\",\"description\":\"LED Lamp Decoral Spiral smoke is a awesome decorative bulb. Will add a nice touch to your lamp and design. Don't miss the best price, buy now!\",\"breadcrumb\":{\"@id\":\"https:\\\/\\\/decolights.eu\\\/product\\\/led-lamp-e27-g125-decoled-spiral-smoke\\\/#breadcrumb\"},\"inLanguage\":\"fi\",\"potentialAction\":[{\"@type\":\"ReadAction\",\"target\":[\"https:\\\/\\\/decolights.eu\\\/product\\\/led-lamp-e27-g125-decoled-spiral-smoke\\\/\"]}]},{\"@type\":\"ImageObject\",\"inLanguage\":\"fi\",\"@id\":\"https:\\\/\\\/decolights.eu\\\/product\\\/led-lamp-e27-g125-decoled-spiral-smoke\\\/#primaryimage\",\"url\":\"https:\\\/\\\/decolights.eu\\\/wp-content\\\/uploads\\\/2023\\\/04\\\/354-62_MN.png\",\"contentUrl\":\"https:\\\/\\\/decolights.eu\\\/wp-content\\\/uploads\\\/2023\\\/04\\\/354-62_MN.png\",\"width\":600,\"height\":600},{\"@type\":\"BreadcrumbList\",\"@id\":\"https:\\\/\\\/decolights.eu\\\/product\\\/led-lamp-e27-g125-decoled-spiral-smoke\\\/#breadcrumb\",\"itemListElement\":[{\"@type\":\"ListItem\",\"position\":1,\"name\":\"Shop\",\"item\":\"https:\\\/\\\/decolights.eu\\\/shop\\\/\"},{\"@type\":\"ListItem\",\"position\":2,\"name\":\"LED lamp E27 G125 Decoled Spiral Smoke\"}]},{\"@type\":\"WebSite\",\"@id\":\"https:\\\/\\\/decolights.eu\\\/#website\",\"url\":\"https:\\\/\\\/decolights.eu\\\/\",\"name\":\"decolights\",\"description\":\"Led Decorations for Home and Garden\",\"publisher\":{\"@id\":\"https:\\\/\\\/decolights.eu\\\/#organization\"},\"alternateName\":\"decolights.eu\",\"potentialAction\":[{\"@type\":\"SearchAction\",\"target\":{\"@type\":\"EntryPoint\",\"urlTemplate\":\"https:\\\/\\\/decolights.eu\\\/?s={search_term_string}\"},\"query-input\":{\"@type\":\"PropertyValueSpecification\",\"valueRequired\":true,\"valueName\":\"search_term_string\"}}],\"inLanguage\":\"fi\"},{\"@type\":\"Organization\",\"@id\":\"https:\\\/\\\/decolights.eu\\\/#organization\",\"name\":\"decolights\",\"url\":\"https:\\\/\\\/decolights.eu\\\/\",\"logo\":{\"@type\":\"ImageObject\",\"inLanguage\":\"fi\",\"@id\":\"https:\\\/\\\/decolights.eu\\\/#\\\/schema\\\/logo\\\/image\\\/\",\"url\":\"https:\\\/\\\/decolights.eu\\\/wp-content\\\/uploads\\\/2023\\\/07\\\/cropped-decolight-siteicon.png\",\"contentUrl\":\"https:\\\/\\\/decolights.eu\\\/wp-content\\\/uploads\\\/2023\\\/07\\\/cropped-decolight-siteicon.png\",\"width\":512,\"height\":512,\"caption\":\"decolights\"},\"image\":{\"@id\":\"https:\\\/\\\/decolights.eu\\\/#\\\/schema\\\/logo\\\/image\\\/\"}}]}<\/script>\n<!-- \/ Yoast SEO plugin. -->","yoast_head_json":{"title":"LED-lamppu E27 G125 Decoled Spiral Smoke - Paras hinta - Decolights.eu","description":"LED Lamp Decoral Spiral smoke on mahtava koristelamppu. Antaa mukavan silauksen valaisimeen ja muotoiluun. \u00c4l\u00e4 missaa parasta hintaa, osta nyt!","robots":{"index":"index","follow":"follow","max-snippet":"max-snippet:-1","max-image-preview":"max-image-preview:large","max-video-preview":"max-video-preview:-1"},"canonical":"https:\/\/decolights.eu\/fi\/tuote-2\/led-lamp-e27-g125-decoled-spiral-smoke\/","og_locale":"fi_FI","og_type":"article","og_title":"LED lamp E27 G125 Decoled Spiral Smoke - Best price - Decolights.eu","og_description":"LED Lamp Decoral Spiral smoke is a awesome decorative bulb. Will add a nice touch to your lamp and design. Don't miss the best price, buy now!","og_url":"https:\/\/decolights.eu\/fi\/tuote-2\/led-lamp-e27-g125-decoled-spiral-smoke\/","og_site_name":"Decolights.eu","article_modified_time":"2023-05-09T10:23:09+00:00","og_image":[{"width":600,"height":600,"url":"https:\/\/decolights.eu\/wp-content\/uploads\/2023\/04\/354-62_MN.png","type":"image\/png"}],"twitter_card":"summary_large_image","twitter_misc":{"Arvioitu lukuaika":"1 minuutti"},"schema":{"@context":"https:\/\/schema.org","@graph":[{"@type":"WebPage","@id":"https:\/\/decolights.eu\/product\/led-lamp-e27-g125-decoled-spiral-smoke\/","url":"https:\/\/decolights.eu\/product\/led-lamp-e27-g125-decoled-spiral-smoke\/","name":"LED-lamppu E27 G125 Decoled Spiral Smoke - Paras hinta - Decolights.eu","isPartOf":{"@id":"https:\/\/decolights.eu\/#website"},"primaryImageOfPage":{"@id":"https:\/\/decolights.eu\/product\/led-lamp-e27-g125-decoled-spiral-smoke\/#primaryimage"},"image":{"@id":"https:\/\/decolights.eu\/product\/led-lamp-e27-g125-decoled-spiral-smoke\/#primaryimage"},"thumbnailUrl":"https:\/\/decolights.eu\/wp-content\/uploads\/2023\/04\/354-62_MN.png","datePublished":"2023-04-01T04:37:39+00:00","dateModified":"2023-05-09T10:23:09+00:00","description":"LED Lamp Decoral Spiral smoke on mahtava koristelamppu. Antaa mukavan silauksen valaisimeen ja muotoiluun. \u00c4l\u00e4 missaa parasta hintaa, osta nyt!","breadcrumb":{"@id":"https:\/\/decolights.eu\/product\/led-lamp-e27-g125-decoled-spiral-smoke\/#breadcrumb"},"inLanguage":"fi","potentialAction":[{"@type":"ReadAction","target":["https:\/\/decolights.eu\/product\/led-lamp-e27-g125-decoled-spiral-smoke\/"]}]},{"@type":"ImageObject","inLanguage":"fi","@id":"https:\/\/decolights.eu\/product\/led-lamp-e27-g125-decoled-spiral-smoke\/#primaryimage","url":"https:\/\/decolights.eu\/wp-content\/uploads\/2023\/04\/354-62_MN.png","contentUrl":"https:\/\/decolights.eu\/wp-content\/uploads\/2023\/04\/354-62_MN.png","width":600,"height":600},{"@type":"BreadcrumbList","@id":"https:\/\/decolights.eu\/product\/led-lamp-e27-g125-decoled-spiral-smoke\/#breadcrumb","itemListElement":[{"@type":"ListItem","position":1,"name":"Shop","item":"https:\/\/decolights.eu\/shop\/"},{"@type":"ListItem","position":2,"name":"LED lamp E27 G125 Decoled Spiral Smoke"}]},{"@type":"WebSite","@id":"https:\/\/decolights.eu\/#website","url":"https:\/\/decolights.eu\/","name":"decolights","description":"Led-koristeet kotiin ja puutarhaan","publisher":{"@id":"https:\/\/decolights.eu\/#organization"},"alternateName":"decolights.eu","potentialAction":[{"@type":"SearchAction","target":{"@type":"EntryPoint","urlTemplate":"https:\/\/decolights.eu\/?s={search_term_string}"},"query-input":{"@type":"PropertyValueSpecification","valueRequired":true,"valueName":"search_term_string"}}],"inLanguage":"fi"},{"@type":"Organization","@id":"https:\/\/decolights.eu\/#organization","name":"decolights","url":"https:\/\/decolights.eu\/","logo":{"@type":"ImageObject","inLanguage":"fi","@id":"https:\/\/decolights.eu\/#\/schema\/logo\/image\/","url":"https:\/\/decolights.eu\/wp-content\/uploads\/2023\/07\/cropped-decolight-siteicon.png","contentUrl":"https:\/\/decolights.eu\/wp-content\/uploads\/2023\/07\/cropped-decolight-siteicon.png","width":512,"height":512,"caption":"decolights"},"image":{"@id":"https:\/\/decolights.eu\/#\/schema\/logo\/image\/"}}]}},"jetpack_sharing_enabled":true,"_links":{"self":[{"href":"https:\/\/decolights.eu\/fi\/wp-json\/wp\/v2\/product\/5871","targetHints":{"allow":["GET"]}}],"collection":[{"href":"https:\/\/decolights.eu\/fi\/wp-json\/wp\/v2\/product"}],"about":[{"href":"https:\/\/decolights.eu\/fi\/wp-json\/wp\/v2\/types\/product"}],"replies":[{"embeddable":true,"href":"https:\/\/decolights.eu\/fi\/wp-json\/wp\/v2\/comments?post=5871"}],"wp:featuredmedia":[{"embeddable":true,"href":"https:\/\/decolights.eu\/fi\/wp-json\/wp\/v2\/media\/6035"}],"wp:attachment":[{"href":"https:\/\/decolights.eu\/fi\/wp-json\/wp\/v2\/media?parent=5871"}],"wp:term":[{"taxonomy":"product_brand","embeddable":true,"href":"https:\/\/decolights.eu\/fi\/wp-json\/wp\/v2\/product_brand?post=5871"},{"taxonomy":"product_cat","embeddable":true,"href":"https:\/\/decolights.eu\/fi\/wp-json\/wp\/v2\/product_cat?post=5871"},{"taxonomy":"product_tag","embeddable":true,"href":"https:\/\/decolights.eu\/fi\/wp-json\/wp\/v2\/product_tag?post=5871"}],"curies":[{"name":"wp","href":"https:\/\/api.w.org\/{rel}","templated":true}]}}