{"id":5927,"date":"2023-04-01T04:38:23","date_gmt":"2023-04-01T04:38:23","guid":{"rendered":"https:\/\/decolights.eu\/?post_type=product&#038;p=5927"},"modified":"2023-05-10T09:16:22","modified_gmt":"2023-05-10T09:16:22","slug":"mosquito-net","status":"publish","type":"product","link":"https:\/\/decolights.eu\/fi\/tuote-2\/mosquito-net\/","title":{"rendered":"Hyttysverkko"},"content":{"rendered":"<p>Hyttysverkko sopii kaikentyyppisiin ikkunoihin, sill\u00e4 sen itsekiinnittyv\u00e4 rakenne helpottaa asennusta. Se on eritt\u00e4in k\u00e4yt\u00e4nn\u00f6llinen ja tehokas este, joka est\u00e4\u00e4 lent\u00e4vien hy\u00f6nteisten (k\u00e4rp\u00e4sten, hyttysten, mehil\u00e4isten jne.) p\u00e4\u00e4syn sis\u00e4\u00e4n. Samalla se antaa my\u00f6s ilman kiert\u00e4\u00e4 vapaasti.<\/p>\n<ul>\n<li><strong>Materiaali:<\/strong> Polyesteri<\/li>\n<li><strong>Koko: <\/strong>120 x 100 cm<\/li>\n<li><strong>Tyyppi:<\/strong> Liima (tarranauha sis\u00e4ltyy toimitukseen)<\/li>\n<li>Helppo asentaa ja huoltaa<\/li>\n<li>Alkuper\u00e4inen ja monipuolinen muotoilu<\/li>\n<\/ul>","protected":false},"excerpt":{"rendered":"<p>A mosquito net is suitable for any type of window with its self-fastening design for easy installation. It is a very practical and effective barrier to prevent the entry of flying insects (flies, mosquitoes, bees, etc.). At the same time, it also allows air to circulate freely. Material: Polyester Size: 120 x 100 cm Type: [&#8230;]\n","protected":false},"featured_media":6078,"comment_status":"open","ping_status":"closed","template":"","meta":[],"product_brand":[],"product_cat":[276,226],"product_tag":[],"class_list":{"0":"post-5927","1":"product","2":"type-product","3":"status-publish","4":"has-post-thumbnail","6":"product_cat-mosquito-lamps-and-net","7":"product_cat-outdoor-lights","8":"pa_brand-deco","10":"first","11":"instock","12":"sale","13":"shipping-taxable","14":"purchasable","15":"product-type-simple"},"yoast_head":"<!-- This site is optimized with the Yoast SEO plugin v27.3 - https:\/\/yoast.com\/product\/yoast-seo-wordpress\/ -->\n<title>Mosquito net - Best price guaranteed - Decolights.eu<\/title>\n<meta name=\"description\" content=\"A mosquito net is practical and effective barrier to prevent the entry of flying insects (flies, mosquitoes, bees, etc.). Buy now to get the best price!\" \/>\n<meta name=\"robots\" content=\"index, follow, max-snippet:-1, max-image-preview:large, max-video-preview:-1\" \/>\n<link rel=\"canonical\" href=\"https:\/\/decolights.eu\/fi\/tuote-2\/mosquito-net\/\" \/>\n<meta property=\"og:locale\" content=\"fi_FI\" \/>\n<meta property=\"og:type\" content=\"article\" \/>\n<meta property=\"og:title\" content=\"Mosquito net - Best price guaranteed - Decolights.eu\" \/>\n<meta property=\"og:description\" content=\"A mosquito net is practical and effective barrier to prevent the entry of flying insects (flies, mosquitoes, bees, etc.). Buy now to get the best price!\" \/>\n<meta property=\"og:url\" content=\"https:\/\/decolights.eu\/fi\/tuote-2\/mosquito-net\/\" \/>\n<meta property=\"og:site_name\" content=\"Decolights.eu\" \/>\n<meta property=\"article:modified_time\" content=\"2023-05-10T09:16:22+00:00\" \/>\n<meta property=\"og:image\" content=\"https:\/\/decolights.eu\/wp-content\/uploads\/2023\/04\/loigatav-saasevastane-kleebitav-aknavork-white-innovagoods_124013.jpg\" \/>\n\t<meta property=\"og:image:width\" content=\"600\" \/>\n\t<meta property=\"og:image:height\" content=\"600\" \/>\n\t<meta property=\"og:image:type\" content=\"image\/jpeg\" \/>\n<meta name=\"twitter:card\" content=\"summary_large_image\" \/>\n<meta name=\"twitter:label1\" content=\"Arvioitu lukuaika\" \/>\n\t<meta name=\"twitter:data1\" content=\"1 minuutti\" \/>\n<script type=\"application\/ld+json\" class=\"yoast-schema-graph\">{\"@context\":\"https:\\\/\\\/schema.org\",\"@graph\":[{\"@type\":\"WebPage\",\"@id\":\"https:\\\/\\\/decolights.eu\\\/product\\\/mosquito-net\\\/\",\"url\":\"https:\\\/\\\/decolights.eu\\\/product\\\/mosquito-net\\\/\",\"name\":\"Mosquito net - Best price guaranteed - Decolights.eu\",\"isPartOf\":{\"@id\":\"https:\\\/\\\/decolights.eu\\\/#website\"},\"primaryImageOfPage\":{\"@id\":\"https:\\\/\\\/decolights.eu\\\/product\\\/mosquito-net\\\/#primaryimage\"},\"image\":{\"@id\":\"https:\\\/\\\/decolights.eu\\\/product\\\/mosquito-net\\\/#primaryimage\"},\"thumbnailUrl\":\"https:\\\/\\\/decolights.eu\\\/wp-content\\\/uploads\\\/2023\\\/04\\\/loigatav-saasevastane-kleebitav-aknavork-white-innovagoods_124013.jpg\",\"datePublished\":\"2023-04-01T04:38:23+00:00\",\"dateModified\":\"2023-05-10T09:16:22+00:00\",\"description\":\"A mosquito net is practical and effective barrier to prevent the entry of flying insects (flies, mosquitoes, bees, etc.). Buy now to get the best price!\",\"breadcrumb\":{\"@id\":\"https:\\\/\\\/decolights.eu\\\/product\\\/mosquito-net\\\/#breadcrumb\"},\"inLanguage\":\"fi\",\"potentialAction\":[{\"@type\":\"ReadAction\",\"target\":[\"https:\\\/\\\/decolights.eu\\\/product\\\/mosquito-net\\\/\"]}]},{\"@type\":\"ImageObject\",\"inLanguage\":\"fi\",\"@id\":\"https:\\\/\\\/decolights.eu\\\/product\\\/mosquito-net\\\/#primaryimage\",\"url\":\"https:\\\/\\\/decolights.eu\\\/wp-content\\\/uploads\\\/2023\\\/04\\\/loigatav-saasevastane-kleebitav-aknavork-white-innovagoods_124013.jpg\",\"contentUrl\":\"https:\\\/\\\/decolights.eu\\\/wp-content\\\/uploads\\\/2023\\\/04\\\/loigatav-saasevastane-kleebitav-aknavork-white-innovagoods_124013.jpg\",\"width\":600,\"height\":600},{\"@type\":\"BreadcrumbList\",\"@id\":\"https:\\\/\\\/decolights.eu\\\/product\\\/mosquito-net\\\/#breadcrumb\",\"itemListElement\":[{\"@type\":\"ListItem\",\"position\":1,\"name\":\"Shop\",\"item\":\"https:\\\/\\\/decolights.eu\\\/shop\\\/\"},{\"@type\":\"ListItem\",\"position\":2,\"name\":\"Mosquito net\"}]},{\"@type\":\"WebSite\",\"@id\":\"https:\\\/\\\/decolights.eu\\\/#website\",\"url\":\"https:\\\/\\\/decolights.eu\\\/\",\"name\":\"decolights\",\"description\":\"Led Decorations for Home and Garden\",\"publisher\":{\"@id\":\"https:\\\/\\\/decolights.eu\\\/#organization\"},\"alternateName\":\"decolights.eu\",\"potentialAction\":[{\"@type\":\"SearchAction\",\"target\":{\"@type\":\"EntryPoint\",\"urlTemplate\":\"https:\\\/\\\/decolights.eu\\\/?s={search_term_string}\"},\"query-input\":{\"@type\":\"PropertyValueSpecification\",\"valueRequired\":true,\"valueName\":\"search_term_string\"}}],\"inLanguage\":\"fi\"},{\"@type\":\"Organization\",\"@id\":\"https:\\\/\\\/decolights.eu\\\/#organization\",\"name\":\"decolights\",\"url\":\"https:\\\/\\\/decolights.eu\\\/\",\"logo\":{\"@type\":\"ImageObject\",\"inLanguage\":\"fi\",\"@id\":\"https:\\\/\\\/decolights.eu\\\/#\\\/schema\\\/logo\\\/image\\\/\",\"url\":\"https:\\\/\\\/decolights.eu\\\/wp-content\\\/uploads\\\/2023\\\/07\\\/cropped-decolight-siteicon.png\",\"contentUrl\":\"https:\\\/\\\/decolights.eu\\\/wp-content\\\/uploads\\\/2023\\\/07\\\/cropped-decolight-siteicon.png\",\"width\":512,\"height\":512,\"caption\":\"decolights\"},\"image\":{\"@id\":\"https:\\\/\\\/decolights.eu\\\/#\\\/schema\\\/logo\\\/image\\\/\"}}]}<\/script>\n<!-- \/ Yoast SEO plugin. -->","yoast_head_json":{"title":"Hyttysverkko - Taattu paras hinta - Decolights.eu","description":"Hyttysverkko on k\u00e4yt\u00e4nn\u00f6llinen ja tehokas este, joka est\u00e4\u00e4 lent\u00e4vien hy\u00f6nteisten (k\u00e4rp\u00e4sten, hyttysten, mehil\u00e4isten jne.) p\u00e4\u00e4syn sis\u00e4\u00e4n. Osta nyt saadaksesi parhaan hinnan!","robots":{"index":"index","follow":"follow","max-snippet":"max-snippet:-1","max-image-preview":"max-image-preview:large","max-video-preview":"max-video-preview:-1"},"canonical":"https:\/\/decolights.eu\/fi\/tuote-2\/mosquito-net\/","og_locale":"fi_FI","og_type":"article","og_title":"Mosquito net - Best price guaranteed - Decolights.eu","og_description":"A mosquito net is practical and effective barrier to prevent the entry of flying insects (flies, mosquitoes, bees, etc.). Buy now to get the best price!","og_url":"https:\/\/decolights.eu\/fi\/tuote-2\/mosquito-net\/","og_site_name":"Decolights.eu","article_modified_time":"2023-05-10T09:16:22+00:00","og_image":[{"width":600,"height":600,"url":"https:\/\/decolights.eu\/wp-content\/uploads\/2023\/04\/loigatav-saasevastane-kleebitav-aknavork-white-innovagoods_124013.jpg","type":"image\/jpeg"}],"twitter_card":"summary_large_image","twitter_misc":{"Arvioitu lukuaika":"1 minuutti"},"schema":{"@context":"https:\/\/schema.org","@graph":[{"@type":"WebPage","@id":"https:\/\/decolights.eu\/product\/mosquito-net\/","url":"https:\/\/decolights.eu\/product\/mosquito-net\/","name":"Hyttysverkko - Taattu paras hinta - Decolights.eu","isPartOf":{"@id":"https:\/\/decolights.eu\/#website"},"primaryImageOfPage":{"@id":"https:\/\/decolights.eu\/product\/mosquito-net\/#primaryimage"},"image":{"@id":"https:\/\/decolights.eu\/product\/mosquito-net\/#primaryimage"},"thumbnailUrl":"https:\/\/decolights.eu\/wp-content\/uploads\/2023\/04\/loigatav-saasevastane-kleebitav-aknavork-white-innovagoods_124013.jpg","datePublished":"2023-04-01T04:38:23+00:00","dateModified":"2023-05-10T09:16:22+00:00","description":"Hyttysverkko on k\u00e4yt\u00e4nn\u00f6llinen ja tehokas este, joka est\u00e4\u00e4 lent\u00e4vien hy\u00f6nteisten (k\u00e4rp\u00e4sten, hyttysten, mehil\u00e4isten jne.) p\u00e4\u00e4syn sis\u00e4\u00e4n. Osta nyt saadaksesi parhaan hinnan!","breadcrumb":{"@id":"https:\/\/decolights.eu\/product\/mosquito-net\/#breadcrumb"},"inLanguage":"fi","potentialAction":[{"@type":"ReadAction","target":["https:\/\/decolights.eu\/product\/mosquito-net\/"]}]},{"@type":"ImageObject","inLanguage":"fi","@id":"https:\/\/decolights.eu\/product\/mosquito-net\/#primaryimage","url":"https:\/\/decolights.eu\/wp-content\/uploads\/2023\/04\/loigatav-saasevastane-kleebitav-aknavork-white-innovagoods_124013.jpg","contentUrl":"https:\/\/decolights.eu\/wp-content\/uploads\/2023\/04\/loigatav-saasevastane-kleebitav-aknavork-white-innovagoods_124013.jpg","width":600,"height":600},{"@type":"BreadcrumbList","@id":"https:\/\/decolights.eu\/product\/mosquito-net\/#breadcrumb","itemListElement":[{"@type":"ListItem","position":1,"name":"Shop","item":"https:\/\/decolights.eu\/shop\/"},{"@type":"ListItem","position":2,"name":"Mosquito net"}]},{"@type":"WebSite","@id":"https:\/\/decolights.eu\/#website","url":"https:\/\/decolights.eu\/","name":"decolights","description":"Led-koristeet kotiin ja puutarhaan","publisher":{"@id":"https:\/\/decolights.eu\/#organization"},"alternateName":"decolights.eu","potentialAction":[{"@type":"SearchAction","target":{"@type":"EntryPoint","urlTemplate":"https:\/\/decolights.eu\/?s={search_term_string}"},"query-input":{"@type":"PropertyValueSpecification","valueRequired":true,"valueName":"search_term_string"}}],"inLanguage":"fi"},{"@type":"Organization","@id":"https:\/\/decolights.eu\/#organization","name":"decolights","url":"https:\/\/decolights.eu\/","logo":{"@type":"ImageObject","inLanguage":"fi","@id":"https:\/\/decolights.eu\/#\/schema\/logo\/image\/","url":"https:\/\/decolights.eu\/wp-content\/uploads\/2023\/07\/cropped-decolight-siteicon.png","contentUrl":"https:\/\/decolights.eu\/wp-content\/uploads\/2023\/07\/cropped-decolight-siteicon.png","width":512,"height":512,"caption":"decolights"},"image":{"@id":"https:\/\/decolights.eu\/#\/schema\/logo\/image\/"}}]}},"jetpack_sharing_enabled":true,"_links":{"self":[{"href":"https:\/\/decolights.eu\/fi\/wp-json\/wp\/v2\/product\/5927","targetHints":{"allow":["GET"]}}],"collection":[{"href":"https:\/\/decolights.eu\/fi\/wp-json\/wp\/v2\/product"}],"about":[{"href":"https:\/\/decolights.eu\/fi\/wp-json\/wp\/v2\/types\/product"}],"replies":[{"embeddable":true,"href":"https:\/\/decolights.eu\/fi\/wp-json\/wp\/v2\/comments?post=5927"}],"wp:featuredmedia":[{"embeddable":true,"href":"https:\/\/decolights.eu\/fi\/wp-json\/wp\/v2\/media\/6078"}],"wp:attachment":[{"href":"https:\/\/decolights.eu\/fi\/wp-json\/wp\/v2\/media?parent=5927"}],"wp:term":[{"taxonomy":"product_brand","embeddable":true,"href":"https:\/\/decolights.eu\/fi\/wp-json\/wp\/v2\/product_brand?post=5927"},{"taxonomy":"product_cat","embeddable":true,"href":"https:\/\/decolights.eu\/fi\/wp-json\/wp\/v2\/product_cat?post=5927"},{"taxonomy":"product_tag","embeddable":true,"href":"https:\/\/decolights.eu\/fi\/wp-json\/wp\/v2\/product_tag?post=5927"}],"curies":[{"name":"wp","href":"https:\/\/api.w.org\/{rel}","templated":true}]}}