{"id":5928,"date":"2023-04-01T04:38:23","date_gmt":"2023-04-01T04:38:23","guid":{"rendered":"https:\/\/decolights.eu\/?post_type=product&#038;p=5928"},"modified":"2023-05-09T12:31:06","modified_gmt":"2023-05-09T12:31:06","slug":"twinkly-smart-light-tube-flex-rgb","status":"publish","type":"product","link":"https:\/\/decolights.eu\/fi\/tuote-2\/twinkly-smart-light-tube-flex-rgb\/","title":{"rendered":"Twinkly Smart Light Tube-Flex RGB"},"content":{"rendered":"<p>Twinkly Flex \u2013 sovellusohjattu joustava led-nauha RGB-LEDill\u00e4 (16 miljoonaa v\u00e4ri\u00e4).<\/p>\n<p>Twinkly Flex on \u00e4lyk\u00e4s, neonmainen joustava LED-putki, jota voidaan ohjata sovelluksen ja \u00e4\u00e4niavustajien avulla.<\/p>\n<p>Twinkly Flex voidaan suunnitella haluamallasi tavalla, mik\u00e4 tuo valaistussuunnittelun ja luovuuden uudelle tasolle yhdistettyyn kotiin.<\/p>\n<p><iframe loading=\"lazy\" title=\"Twinkly Flex -n\u00e4yttely nhow Milanissa\" width=\"1020\" height=\"574\" src=\"https:\/\/www.youtube.com\/embed\/lyYfIzATqv0?feature=oembed\" frameborder=\"0\" allow=\"accelerometer; autoplay; clipboard-write; encrypted-media; gyroscope; picture-in-picture; web-share\" allowfullscreen><\/iframe><\/p>\n<p><em>PS! Video on havainnollistava, eik\u00e4 kyseisell\u00e4 tuotteella v\u00e4ltt\u00e4m\u00e4tt\u00e4 ole kaikkia videossa esitettyj\u00e4 toimintoja.<\/em><\/p>\n<ul>\n<li><strong>Diodien m\u00e4\u00e4r\u00e4 metri\u00e4 kohti:<\/strong> 192 diodia<\/li>\n<li><strong>V\u00e4ri:<\/strong> Moniv\u00e4rinen (RGB+W)<\/li>\n<li><strong>Keskim\u00e4\u00e4r\u00e4inen nimellinen k\u00e4ytt\u00f6ik\u00e4:<\/strong> 30 000 h<\/li>\n<li><strong>Lampun teho per metri:<\/strong> 7,5 W<\/li>\n<li><strong>Tiettyjen osien pituus:<\/strong> 1000 mm<\/li>\n<li><strong>Pituus:<\/strong> 2M<\/li>\n<li><strong>IP-luokitus<\/strong>: IP20<\/li>\n<li><strong>Musiikin synkronointi:<\/strong> Kyll\u00e4, vain Twinkly Music USB Mic<\/li>\n<li><strong>Yhteydet:<\/strong> Bluetooth\u00ae ja Wi-Fi<\/li>\n<li><strong>Yhdistett\u00e4v\u00e4:\u00a0<\/strong>Ei<\/li>\n<li><strong>Virtal\u00e4hde:\u00a0<\/strong>kytke\u00e4<\/li>\n<li><strong>CE-sertifioitu:\u00a0<\/strong>Joo<\/li>\n<li>15W 240V<\/li>\n<\/ul>","protected":false},"excerpt":{"rendered":"<p>Twinkly Flex &#8211; app-controlled flexible led strip with RGB (16 million colors) LEDs Twinkly Flex is a smart, neon-like flexible LED tube that can be controlled via an app and voice assistants. Twinkly Flex can be designed in any way you want, bringing a new level of lighting design and creativity to your connected home. [&#8230;]\n","protected":false},"featured_media":6083,"comment_status":"open","ping_status":"closed","template":"","meta":[],"product_brand":[],"product_cat":[226,235],"product_tag":[],"class_list":{"0":"post-5928","1":"product","2":"type-product","3":"status-publish","4":"has-post-thumbnail","6":"product_cat-outdoor-lights","7":"product_cat-twinkly-outdoor-lights","8":"pa_brand-twinkly","9":"pa_led-colour-warm-white","11":"first","12":"instock","13":"sale","14":"shipping-taxable","15":"purchasable","16":"product-type-simple"},"yoast_head":"<!-- This site is optimized with the Yoast SEO plugin v27.3 - https:\/\/yoast.com\/product\/yoast-seo-wordpress\/ -->\n<title>Twinkly Smart Light Tube-Flex RGB - Decolights.eu<\/title>\n<meta name=\"description\" content=\"Twinkly Flex is a smart, neon-like flexible LED tube that can be controlled via an app and voice assistants. Get it now for the best price!\" \/>\n<meta name=\"robots\" content=\"index, follow, max-snippet:-1, max-image-preview:large, max-video-preview:-1\" \/>\n<link rel=\"canonical\" href=\"https:\/\/decolights.eu\/fi\/tuote-2\/twinkly-smart-light-tube-flex-rgb\/\" \/>\n<meta property=\"og:locale\" content=\"fi_FI\" \/>\n<meta property=\"og:type\" content=\"article\" \/>\n<meta property=\"og:title\" content=\"Twinkly Smart Light Tube-Flex RGB - Decolights.eu\" \/>\n<meta property=\"og:description\" content=\"Twinkly Flex is a smart, neon-like flexible LED tube that can be controlled via an app and voice assistants. Get it now for the best price!\" \/>\n<meta property=\"og:url\" content=\"https:\/\/decolights.eu\/fi\/tuote-2\/twinkly-smart-light-tube-flex-rgb\/\" \/>\n<meta property=\"og:site_name\" content=\"Decolights.eu\" \/>\n<meta property=\"article:modified_time\" content=\"2023-05-09T12:31:06+00:00\" \/>\n<meta property=\"og:image\" content=\"https:\/\/decolights.eu\/wp-content\/uploads\/2023\/04\/TWFL200STW-WEU_Out-of-the-box-1.jpg\" \/>\n\t<meta property=\"og:image:width\" content=\"600\" \/>\n\t<meta property=\"og:image:height\" content=\"600\" \/>\n\t<meta property=\"og:image:type\" content=\"image\/jpeg\" \/>\n<meta name=\"twitter:card\" content=\"summary_large_image\" \/>\n<meta name=\"twitter:label1\" content=\"Arvioitu lukuaika\" \/>\n\t<meta name=\"twitter:data1\" content=\"1 minuutti\" \/>\n<script type=\"application\/ld+json\" class=\"yoast-schema-graph\">{\"@context\":\"https:\\\/\\\/schema.org\",\"@graph\":[{\"@type\":\"WebPage\",\"@id\":\"https:\\\/\\\/decolights.eu\\\/product\\\/twinkly-smart-light-tube-flex-rgb\\\/\",\"url\":\"https:\\\/\\\/decolights.eu\\\/product\\\/twinkly-smart-light-tube-flex-rgb\\\/\",\"name\":\"Twinkly Smart Light Tube-Flex RGB - Decolights.eu\",\"isPartOf\":{\"@id\":\"https:\\\/\\\/decolights.eu\\\/#website\"},\"primaryImageOfPage\":{\"@id\":\"https:\\\/\\\/decolights.eu\\\/product\\\/twinkly-smart-light-tube-flex-rgb\\\/#primaryimage\"},\"image\":{\"@id\":\"https:\\\/\\\/decolights.eu\\\/product\\\/twinkly-smart-light-tube-flex-rgb\\\/#primaryimage\"},\"thumbnailUrl\":\"https:\\\/\\\/decolights.eu\\\/wp-content\\\/uploads\\\/2023\\\/04\\\/TWFL200STW-WEU_Out-of-the-box-1.jpg\",\"datePublished\":\"2023-04-01T04:38:23+00:00\",\"dateModified\":\"2023-05-09T12:31:06+00:00\",\"description\":\"Twinkly Flex is a smart, neon-like flexible LED tube that can be controlled via an app and voice assistants. Get it now for the best price!\",\"breadcrumb\":{\"@id\":\"https:\\\/\\\/decolights.eu\\\/product\\\/twinkly-smart-light-tube-flex-rgb\\\/#breadcrumb\"},\"inLanguage\":\"fi\",\"potentialAction\":[{\"@type\":\"ReadAction\",\"target\":[\"https:\\\/\\\/decolights.eu\\\/product\\\/twinkly-smart-light-tube-flex-rgb\\\/\"]}]},{\"@type\":\"ImageObject\",\"inLanguage\":\"fi\",\"@id\":\"https:\\\/\\\/decolights.eu\\\/product\\\/twinkly-smart-light-tube-flex-rgb\\\/#primaryimage\",\"url\":\"https:\\\/\\\/decolights.eu\\\/wp-content\\\/uploads\\\/2023\\\/04\\\/TWFL200STW-WEU_Out-of-the-box-1.jpg\",\"contentUrl\":\"https:\\\/\\\/decolights.eu\\\/wp-content\\\/uploads\\\/2023\\\/04\\\/TWFL200STW-WEU_Out-of-the-box-1.jpg\",\"width\":600,\"height\":600},{\"@type\":\"BreadcrumbList\",\"@id\":\"https:\\\/\\\/decolights.eu\\\/product\\\/twinkly-smart-light-tube-flex-rgb\\\/#breadcrumb\",\"itemListElement\":[{\"@type\":\"ListItem\",\"position\":1,\"name\":\"Shop\",\"item\":\"https:\\\/\\\/decolights.eu\\\/shop\\\/\"},{\"@type\":\"ListItem\",\"position\":2,\"name\":\"Twinkly Smart Light Tube-Flex RGB\"}]},{\"@type\":\"WebSite\",\"@id\":\"https:\\\/\\\/decolights.eu\\\/#website\",\"url\":\"https:\\\/\\\/decolights.eu\\\/\",\"name\":\"decolights\",\"description\":\"Led Decorations for Home and Garden\",\"publisher\":{\"@id\":\"https:\\\/\\\/decolights.eu\\\/#organization\"},\"alternateName\":\"decolights.eu\",\"potentialAction\":[{\"@type\":\"SearchAction\",\"target\":{\"@type\":\"EntryPoint\",\"urlTemplate\":\"https:\\\/\\\/decolights.eu\\\/?s={search_term_string}\"},\"query-input\":{\"@type\":\"PropertyValueSpecification\",\"valueRequired\":true,\"valueName\":\"search_term_string\"}}],\"inLanguage\":\"fi\"},{\"@type\":\"Organization\",\"@id\":\"https:\\\/\\\/decolights.eu\\\/#organization\",\"name\":\"decolights\",\"url\":\"https:\\\/\\\/decolights.eu\\\/\",\"logo\":{\"@type\":\"ImageObject\",\"inLanguage\":\"fi\",\"@id\":\"https:\\\/\\\/decolights.eu\\\/#\\\/schema\\\/logo\\\/image\\\/\",\"url\":\"https:\\\/\\\/decolights.eu\\\/wp-content\\\/uploads\\\/2023\\\/07\\\/cropped-decolight-siteicon.png\",\"contentUrl\":\"https:\\\/\\\/decolights.eu\\\/wp-content\\\/uploads\\\/2023\\\/07\\\/cropped-decolight-siteicon.png\",\"width\":512,\"height\":512,\"caption\":\"decolights\"},\"image\":{\"@id\":\"https:\\\/\\\/decolights.eu\\\/#\\\/schema\\\/logo\\\/image\\\/\"}}]}<\/script>\n<!-- \/ Yoast SEO plugin. -->","yoast_head_json":{"title":"Twinkly Smart Light Tube-Flex RGB - Decolights.eu","description":"Twinkly Flex on \u00e4lyk\u00e4s, neonmainen joustava LED-putki, jota voidaan ohjata sovelluksen ja \u00e4\u00e4niavustajien avulla. Hanki se nyt parhaaseen hintaan!","robots":{"index":"index","follow":"follow","max-snippet":"max-snippet:-1","max-image-preview":"max-image-preview:large","max-video-preview":"max-video-preview:-1"},"canonical":"https:\/\/decolights.eu\/fi\/tuote-2\/twinkly-smart-light-tube-flex-rgb\/","og_locale":"fi_FI","og_type":"article","og_title":"Twinkly Smart Light Tube-Flex RGB - Decolights.eu","og_description":"Twinkly Flex is a smart, neon-like flexible LED tube that can be controlled via an app and voice assistants. Get it now for the best price!","og_url":"https:\/\/decolights.eu\/fi\/tuote-2\/twinkly-smart-light-tube-flex-rgb\/","og_site_name":"Decolights.eu","article_modified_time":"2023-05-09T12:31:06+00:00","og_image":[{"width":600,"height":600,"url":"https:\/\/decolights.eu\/wp-content\/uploads\/2023\/04\/TWFL200STW-WEU_Out-of-the-box-1.jpg","type":"image\/jpeg"}],"twitter_card":"summary_large_image","twitter_misc":{"Arvioitu lukuaika":"1 minuutti"},"schema":{"@context":"https:\/\/schema.org","@graph":[{"@type":"WebPage","@id":"https:\/\/decolights.eu\/product\/twinkly-smart-light-tube-flex-rgb\/","url":"https:\/\/decolights.eu\/product\/twinkly-smart-light-tube-flex-rgb\/","name":"Twinkly Smart Light Tube-Flex RGB - Decolights.eu","isPartOf":{"@id":"https:\/\/decolights.eu\/#website"},"primaryImageOfPage":{"@id":"https:\/\/decolights.eu\/product\/twinkly-smart-light-tube-flex-rgb\/#primaryimage"},"image":{"@id":"https:\/\/decolights.eu\/product\/twinkly-smart-light-tube-flex-rgb\/#primaryimage"},"thumbnailUrl":"https:\/\/decolights.eu\/wp-content\/uploads\/2023\/04\/TWFL200STW-WEU_Out-of-the-box-1.jpg","datePublished":"2023-04-01T04:38:23+00:00","dateModified":"2023-05-09T12:31:06+00:00","description":"Twinkly Flex on \u00e4lyk\u00e4s, neonmainen joustava LED-putki, jota voidaan ohjata sovelluksen ja \u00e4\u00e4niavustajien avulla. Hanki se nyt parhaaseen hintaan!","breadcrumb":{"@id":"https:\/\/decolights.eu\/product\/twinkly-smart-light-tube-flex-rgb\/#breadcrumb"},"inLanguage":"fi","potentialAction":[{"@type":"ReadAction","target":["https:\/\/decolights.eu\/product\/twinkly-smart-light-tube-flex-rgb\/"]}]},{"@type":"ImageObject","inLanguage":"fi","@id":"https:\/\/decolights.eu\/product\/twinkly-smart-light-tube-flex-rgb\/#primaryimage","url":"https:\/\/decolights.eu\/wp-content\/uploads\/2023\/04\/TWFL200STW-WEU_Out-of-the-box-1.jpg","contentUrl":"https:\/\/decolights.eu\/wp-content\/uploads\/2023\/04\/TWFL200STW-WEU_Out-of-the-box-1.jpg","width":600,"height":600},{"@type":"BreadcrumbList","@id":"https:\/\/decolights.eu\/product\/twinkly-smart-light-tube-flex-rgb\/#breadcrumb","itemListElement":[{"@type":"ListItem","position":1,"name":"Shop","item":"https:\/\/decolights.eu\/shop\/"},{"@type":"ListItem","position":2,"name":"Twinkly Smart Light Tube-Flex RGB"}]},{"@type":"WebSite","@id":"https:\/\/decolights.eu\/#website","url":"https:\/\/decolights.eu\/","name":"decolights","description":"Led-koristeet kotiin ja puutarhaan","publisher":{"@id":"https:\/\/decolights.eu\/#organization"},"alternateName":"decolights.eu","potentialAction":[{"@type":"SearchAction","target":{"@type":"EntryPoint","urlTemplate":"https:\/\/decolights.eu\/?s={search_term_string}"},"query-input":{"@type":"PropertyValueSpecification","valueRequired":true,"valueName":"search_term_string"}}],"inLanguage":"fi"},{"@type":"Organization","@id":"https:\/\/decolights.eu\/#organization","name":"decolights","url":"https:\/\/decolights.eu\/","logo":{"@type":"ImageObject","inLanguage":"fi","@id":"https:\/\/decolights.eu\/#\/schema\/logo\/image\/","url":"https:\/\/decolights.eu\/wp-content\/uploads\/2023\/07\/cropped-decolight-siteicon.png","contentUrl":"https:\/\/decolights.eu\/wp-content\/uploads\/2023\/07\/cropped-decolight-siteicon.png","width":512,"height":512,"caption":"decolights"},"image":{"@id":"https:\/\/decolights.eu\/#\/schema\/logo\/image\/"}}]}},"jetpack_sharing_enabled":true,"_links":{"self":[{"href":"https:\/\/decolights.eu\/fi\/wp-json\/wp\/v2\/product\/5928","targetHints":{"allow":["GET"]}}],"collection":[{"href":"https:\/\/decolights.eu\/fi\/wp-json\/wp\/v2\/product"}],"about":[{"href":"https:\/\/decolights.eu\/fi\/wp-json\/wp\/v2\/types\/product"}],"replies":[{"embeddable":true,"href":"https:\/\/decolights.eu\/fi\/wp-json\/wp\/v2\/comments?post=5928"}],"wp:featuredmedia":[{"embeddable":true,"href":"https:\/\/decolights.eu\/fi\/wp-json\/wp\/v2\/media\/6083"}],"wp:attachment":[{"href":"https:\/\/decolights.eu\/fi\/wp-json\/wp\/v2\/media?parent=5928"}],"wp:term":[{"taxonomy":"product_brand","embeddable":true,"href":"https:\/\/decolights.eu\/fi\/wp-json\/wp\/v2\/product_brand?post=5928"},{"taxonomy":"product_cat","embeddable":true,"href":"https:\/\/decolights.eu\/fi\/wp-json\/wp\/v2\/product_cat?post=5928"},{"taxonomy":"product_tag","embeddable":true,"href":"https:\/\/decolights.eu\/fi\/wp-json\/wp\/v2\/product_tag?post=5928"}],"curies":[{"name":"wp","href":"https:\/\/api.w.org\/{rel}","templated":true}]}}