{"id":6287,"date":"2023-04-01T04:43:12","date_gmt":"2023-04-01T04:43:12","guid":{"rendered":"https:\/\/decolights.eu\/?post_type=product&#038;p=6287"},"modified":"2023-04-17T07:25:11","modified_gmt":"2023-04-17T07:25:11","slug":"led-table-lamp-with-wireless-charger","status":"publish","type":"product","link":"https:\/\/decolights.eu\/fi\/tuote-2\/led-table-lamp-with-wireless-charger\/","title":{"rendered":"LED-p\u00f6yt\u00e4valaisin langattomalla laturilla"},"content":{"rendered":"<div><strong>LANGATON LATURI<\/strong> \u2013 esitellyss\u00e4 monik\u00e4ytt\u00f6isess\u00e4 toimisto- tai kodinp\u00f6yt\u00e4valaisimessa on induktiivinen puhelinlaturi, jolla voit ladata matkapuhelimesi nopeasti ja ilman ongelmia. Lis\u00e4ksi siin\u00e4 on USB-portti. Kun puhelinta ladataan, valo on liitett\u00e4v\u00e4 pikalatauslaitteisiin.<\/div>\n<div><strong>3 TYYPPI\u00c4 VALOTUSTILAA<\/strong> \u2013 puhelintelineell\u00e4 varustettu toimistovalaisin on varustettu kolmella eri valaistustilalla \u2013 kylm\u00e4 valkoinen, l\u00e4mmin valkoinen ja neutraali.<br \/>\nHell\u00e4varainen himmennys ja kirkkaus \u2013 monik\u00e4ytt\u00f6isess\u00e4 toimistovalaisimessa on pehme\u00e4 himmennys- ja kirkkaustoiminto, jonka ansiosta jokainen voi s\u00e4\u00e4t\u00e4\u00e4 sit\u00e4 yksil\u00f6llisten tarpeidensa ja mieltymystens\u00e4 mukaan.<\/div>\n<div><strong>TYYLIKAS SUUNNIttelu<\/strong> \u2013 toimistovalaisin, jossa on paikka puhelimelle, on ajattoman muotoilun kompakti lis\u00e4varuste, joka sopii t\u00e4ydellisesti mihin tahansa sisustukseen.<\/div>\n<div>\n<ul>\n<li><strong>LED v\u00e4ri<\/strong>: l\u00e4mmin valkoinen, kylm\u00e4 valkoinen, neutraali valkoinen<\/li>\n<li><strong>Kokonaispituus (mukana virtajohto): <\/strong>8,50 milj<\/li>\n<li><b>Koko:\u00a0<\/b>12 cm x 17 x 33 cm<\/li>\n<li><strong>Kaapelin v\u00e4ri: <\/strong>musta<\/li>\n<li><strong>Virtajohdon kaapelin pituus:\u00a0<\/strong>110 cm<\/li>\n<li><strong>IP-luokitus: <\/strong>IP44<\/li>\n<li><strong>Virtal\u00e4hde: <\/strong>USB (USB-sovitin ei sis\u00e4lly)<\/li>\n<li>Langattoman puhelimen laturilla (puhelimessa tulee olla QI-lataustoiminto)<\/li>\n<li><strong>Kaapelin materiaali:\u00a0<\/strong>PVC<\/li>\n<li><strong>Kansi\/kanta:\u00a0<\/strong>Ei vaihdettava<\/li>\n<li><strong>CE-sertifioitu:\u00a0<\/strong>Joo<\/li>\n<li>10W<\/li>\n<\/ul>\n<\/div>\n<div><\/div>","protected":false},"excerpt":{"rendered":"<p>WIRELESS CHARGER &#8211; the presented multifunctional office or home table lamp has an inductive phone charger with which you can charge your mobile phone quickly and without problems. In addition, it has a USB port. When charging the phone, the light must be connected to fast charging devices. 3 TYPES OF LIGHTING MODES &#8211; the [&#8230;]\n","protected":false},"featured_media":6410,"comment_status":"open","ping_status":"closed","template":"","meta":[],"product_brand":[],"product_cat":[218,214],"product_tag":[],"class_list":{"0":"post-6287","1":"product","2":"type-product","3":"status-publish","4":"has-post-thumbnail","6":"product_cat-decorative-led-lights","7":"product_cat-indoor-lights","8":"pa_brand-deco","9":"pa_led-colour-cold-white","10":"pa_led-colour-neutral-white","11":"pa_led-colour-warm-white","13":"first","14":"instock","15":"sale","16":"shipping-taxable","17":"purchasable","18":"product-type-simple"},"yoast_head":"<!-- This site is optimized with the Yoast SEO plugin v27.3 - https:\/\/yoast.com\/product\/yoast-seo-wordpress\/ -->\n<title>LED table lamp with wireless charger - Best price guarantee - Decolights.eu<\/title>\n<meta name=\"description\" content=\"LED lamp with wireless charger and 3 different white tones is a perfect table lamp for home or office. Do not hesitate, buy now for the best price!\" \/>\n<meta name=\"robots\" content=\"index, follow, max-snippet:-1, max-image-preview:large, max-video-preview:-1\" \/>\n<link rel=\"canonical\" href=\"https:\/\/decolights.eu\/fi\/tuote-2\/led-table-lamp-with-wireless-charger\/\" \/>\n<meta property=\"og:locale\" content=\"fi_FI\" \/>\n<meta property=\"og:type\" content=\"article\" \/>\n<meta property=\"og:title\" content=\"LED table lamp with wireless charger - Best price guarantee - Decolights.eu\" \/>\n<meta property=\"og:description\" content=\"LED lamp with wireless charger and 3 different white tones is a perfect table lamp for home or office. Do not hesitate, buy now for the best price!\" \/>\n<meta property=\"og:url\" content=\"https:\/\/decolights.eu\/fi\/tuote-2\/led-table-lamp-with-wireless-charger\/\" \/>\n<meta property=\"og:site_name\" content=\"Decolights.eu\" \/>\n<meta property=\"article:modified_time\" content=\"2023-04-17T07:25:11+00:00\" \/>\n<meta property=\"og:image\" content=\"https:\/\/decolights.eu\/wp-content\/uploads\/2023\/04\/eng_pl_LED-desk-lamp-with-inductive-charger-15333_10.jpg\" \/>\n\t<meta property=\"og:image:width\" content=\"500\" \/>\n\t<meta property=\"og:image:height\" content=\"500\" \/>\n\t<meta property=\"og:image:type\" content=\"image\/jpeg\" \/>\n<meta name=\"twitter:card\" content=\"summary_large_image\" \/>\n<meta name=\"twitter:label1\" content=\"Arvioitu lukuaika\" \/>\n\t<meta name=\"twitter:data1\" content=\"1 minuutti\" \/>\n<script type=\"application\/ld+json\" class=\"yoast-schema-graph\">{\"@context\":\"https:\\\/\\\/schema.org\",\"@graph\":[{\"@type\":\"WebPage\",\"@id\":\"https:\\\/\\\/decolights.eu\\\/product\\\/led-table-lamp-with-wireless-charger\\\/\",\"url\":\"https:\\\/\\\/decolights.eu\\\/product\\\/led-table-lamp-with-wireless-charger\\\/\",\"name\":\"LED table lamp with wireless charger - Best price guarantee - Decolights.eu\",\"isPartOf\":{\"@id\":\"https:\\\/\\\/decolights.eu\\\/#website\"},\"primaryImageOfPage\":{\"@id\":\"https:\\\/\\\/decolights.eu\\\/product\\\/led-table-lamp-with-wireless-charger\\\/#primaryimage\"},\"image\":{\"@id\":\"https:\\\/\\\/decolights.eu\\\/product\\\/led-table-lamp-with-wireless-charger\\\/#primaryimage\"},\"thumbnailUrl\":\"https:\\\/\\\/decolights.eu\\\/wp-content\\\/uploads\\\/2023\\\/04\\\/eng_pl_LED-desk-lamp-with-inductive-charger-15333_10.jpg\",\"datePublished\":\"2023-04-01T04:43:12+00:00\",\"dateModified\":\"2023-04-17T07:25:11+00:00\",\"description\":\"LED lamp with wireless charger and 3 different white tones is a perfect table lamp for home or office. Do not hesitate, buy now for the best price!\",\"breadcrumb\":{\"@id\":\"https:\\\/\\\/decolights.eu\\\/product\\\/led-table-lamp-with-wireless-charger\\\/#breadcrumb\"},\"inLanguage\":\"fi\",\"potentialAction\":[{\"@type\":\"ReadAction\",\"target\":[\"https:\\\/\\\/decolights.eu\\\/product\\\/led-table-lamp-with-wireless-charger\\\/\"]}]},{\"@type\":\"ImageObject\",\"inLanguage\":\"fi\",\"@id\":\"https:\\\/\\\/decolights.eu\\\/product\\\/led-table-lamp-with-wireless-charger\\\/#primaryimage\",\"url\":\"https:\\\/\\\/decolights.eu\\\/wp-content\\\/uploads\\\/2023\\\/04\\\/eng_pl_LED-desk-lamp-with-inductive-charger-15333_10.jpg\",\"contentUrl\":\"https:\\\/\\\/decolights.eu\\\/wp-content\\\/uploads\\\/2023\\\/04\\\/eng_pl_LED-desk-lamp-with-inductive-charger-15333_10.jpg\",\"width\":500,\"height\":500},{\"@type\":\"BreadcrumbList\",\"@id\":\"https:\\\/\\\/decolights.eu\\\/product\\\/led-table-lamp-with-wireless-charger\\\/#breadcrumb\",\"itemListElement\":[{\"@type\":\"ListItem\",\"position\":1,\"name\":\"Shop\",\"item\":\"https:\\\/\\\/decolights.eu\\\/shop\\\/\"},{\"@type\":\"ListItem\",\"position\":2,\"name\":\"LED table lamp with wireless charger\"}]},{\"@type\":\"WebSite\",\"@id\":\"https:\\\/\\\/decolights.eu\\\/#website\",\"url\":\"https:\\\/\\\/decolights.eu\\\/\",\"name\":\"decolights\",\"description\":\"Led Decorations for Home and Garden\",\"publisher\":{\"@id\":\"https:\\\/\\\/decolights.eu\\\/#organization\"},\"alternateName\":\"decolights.eu\",\"potentialAction\":[{\"@type\":\"SearchAction\",\"target\":{\"@type\":\"EntryPoint\",\"urlTemplate\":\"https:\\\/\\\/decolights.eu\\\/?s={search_term_string}\"},\"query-input\":{\"@type\":\"PropertyValueSpecification\",\"valueRequired\":true,\"valueName\":\"search_term_string\"}}],\"inLanguage\":\"fi\"},{\"@type\":\"Organization\",\"@id\":\"https:\\\/\\\/decolights.eu\\\/#organization\",\"name\":\"decolights\",\"url\":\"https:\\\/\\\/decolights.eu\\\/\",\"logo\":{\"@type\":\"ImageObject\",\"inLanguage\":\"fi\",\"@id\":\"https:\\\/\\\/decolights.eu\\\/#\\\/schema\\\/logo\\\/image\\\/\",\"url\":\"https:\\\/\\\/decolights.eu\\\/wp-content\\\/uploads\\\/2023\\\/07\\\/cropped-decolight-siteicon.png\",\"contentUrl\":\"https:\\\/\\\/decolights.eu\\\/wp-content\\\/uploads\\\/2023\\\/07\\\/cropped-decolight-siteicon.png\",\"width\":512,\"height\":512,\"caption\":\"decolights\"},\"image\":{\"@id\":\"https:\\\/\\\/decolights.eu\\\/#\\\/schema\\\/logo\\\/image\\\/\"}}]}<\/script>\n<!-- \/ Yoast SEO plugin. -->","yoast_head_json":{"title":"LED-p\u00f6yt\u00e4valaisin langattomalla laturilla - Parhaan hinnan takuu - Decolights.eu","description":"LED-lamppu langattomalla laturilla ja 3 eri valkoisen s\u00e4vyll\u00e4 on t\u00e4ydellinen p\u00f6yt\u00e4valaisin kotiin tai toimistoon. \u00c4l\u00e4 ep\u00e4r\u00f6i, osta nyt parhaaseen hintaan!","robots":{"index":"index","follow":"follow","max-snippet":"max-snippet:-1","max-image-preview":"max-image-preview:large","max-video-preview":"max-video-preview:-1"},"canonical":"https:\/\/decolights.eu\/fi\/tuote-2\/led-table-lamp-with-wireless-charger\/","og_locale":"fi_FI","og_type":"article","og_title":"LED table lamp with wireless charger - Best price guarantee - Decolights.eu","og_description":"LED lamp with wireless charger and 3 different white tones is a perfect table lamp for home or office. Do not hesitate, buy now for the best price!","og_url":"https:\/\/decolights.eu\/fi\/tuote-2\/led-table-lamp-with-wireless-charger\/","og_site_name":"Decolights.eu","article_modified_time":"2023-04-17T07:25:11+00:00","og_image":[{"width":500,"height":500,"url":"https:\/\/decolights.eu\/wp-content\/uploads\/2023\/04\/eng_pl_LED-desk-lamp-with-inductive-charger-15333_10.jpg","type":"image\/jpeg"}],"twitter_card":"summary_large_image","twitter_misc":{"Arvioitu lukuaika":"1 minuutti"},"schema":{"@context":"https:\/\/schema.org","@graph":[{"@type":"WebPage","@id":"https:\/\/decolights.eu\/product\/led-table-lamp-with-wireless-charger\/","url":"https:\/\/decolights.eu\/product\/led-table-lamp-with-wireless-charger\/","name":"LED-p\u00f6yt\u00e4valaisin langattomalla laturilla - Parhaan hinnan takuu - Decolights.eu","isPartOf":{"@id":"https:\/\/decolights.eu\/#website"},"primaryImageOfPage":{"@id":"https:\/\/decolights.eu\/product\/led-table-lamp-with-wireless-charger\/#primaryimage"},"image":{"@id":"https:\/\/decolights.eu\/product\/led-table-lamp-with-wireless-charger\/#primaryimage"},"thumbnailUrl":"https:\/\/decolights.eu\/wp-content\/uploads\/2023\/04\/eng_pl_LED-desk-lamp-with-inductive-charger-15333_10.jpg","datePublished":"2023-04-01T04:43:12+00:00","dateModified":"2023-04-17T07:25:11+00:00","description":"LED-lamppu langattomalla laturilla ja 3 eri valkoisen s\u00e4vyll\u00e4 on t\u00e4ydellinen p\u00f6yt\u00e4valaisin kotiin tai toimistoon. \u00c4l\u00e4 ep\u00e4r\u00f6i, osta nyt parhaaseen hintaan!","breadcrumb":{"@id":"https:\/\/decolights.eu\/product\/led-table-lamp-with-wireless-charger\/#breadcrumb"},"inLanguage":"fi","potentialAction":[{"@type":"ReadAction","target":["https:\/\/decolights.eu\/product\/led-table-lamp-with-wireless-charger\/"]}]},{"@type":"ImageObject","inLanguage":"fi","@id":"https:\/\/decolights.eu\/product\/led-table-lamp-with-wireless-charger\/#primaryimage","url":"https:\/\/decolights.eu\/wp-content\/uploads\/2023\/04\/eng_pl_LED-desk-lamp-with-inductive-charger-15333_10.jpg","contentUrl":"https:\/\/decolights.eu\/wp-content\/uploads\/2023\/04\/eng_pl_LED-desk-lamp-with-inductive-charger-15333_10.jpg","width":500,"height":500},{"@type":"BreadcrumbList","@id":"https:\/\/decolights.eu\/product\/led-table-lamp-with-wireless-charger\/#breadcrumb","itemListElement":[{"@type":"ListItem","position":1,"name":"Shop","item":"https:\/\/decolights.eu\/shop\/"},{"@type":"ListItem","position":2,"name":"LED table lamp with wireless charger"}]},{"@type":"WebSite","@id":"https:\/\/decolights.eu\/#website","url":"https:\/\/decolights.eu\/","name":"decolights","description":"Led-koristeet kotiin ja puutarhaan","publisher":{"@id":"https:\/\/decolights.eu\/#organization"},"alternateName":"decolights.eu","potentialAction":[{"@type":"SearchAction","target":{"@type":"EntryPoint","urlTemplate":"https:\/\/decolights.eu\/?s={search_term_string}"},"query-input":{"@type":"PropertyValueSpecification","valueRequired":true,"valueName":"search_term_string"}}],"inLanguage":"fi"},{"@type":"Organization","@id":"https:\/\/decolights.eu\/#organization","name":"decolights","url":"https:\/\/decolights.eu\/","logo":{"@type":"ImageObject","inLanguage":"fi","@id":"https:\/\/decolights.eu\/#\/schema\/logo\/image\/","url":"https:\/\/decolights.eu\/wp-content\/uploads\/2023\/07\/cropped-decolight-siteicon.png","contentUrl":"https:\/\/decolights.eu\/wp-content\/uploads\/2023\/07\/cropped-decolight-siteicon.png","width":512,"height":512,"caption":"decolights"},"image":{"@id":"https:\/\/decolights.eu\/#\/schema\/logo\/image\/"}}]}},"jetpack_sharing_enabled":true,"_links":{"self":[{"href":"https:\/\/decolights.eu\/fi\/wp-json\/wp\/v2\/product\/6287","targetHints":{"allow":["GET"]}}],"collection":[{"href":"https:\/\/decolights.eu\/fi\/wp-json\/wp\/v2\/product"}],"about":[{"href":"https:\/\/decolights.eu\/fi\/wp-json\/wp\/v2\/types\/product"}],"replies":[{"embeddable":true,"href":"https:\/\/decolights.eu\/fi\/wp-json\/wp\/v2\/comments?post=6287"}],"wp:featuredmedia":[{"embeddable":true,"href":"https:\/\/decolights.eu\/fi\/wp-json\/wp\/v2\/media\/6410"}],"wp:attachment":[{"href":"https:\/\/decolights.eu\/fi\/wp-json\/wp\/v2\/media?parent=6287"}],"wp:term":[{"taxonomy":"product_brand","embeddable":true,"href":"https:\/\/decolights.eu\/fi\/wp-json\/wp\/v2\/product_brand?post=6287"},{"taxonomy":"product_cat","embeddable":true,"href":"https:\/\/decolights.eu\/fi\/wp-json\/wp\/v2\/product_cat?post=6287"},{"taxonomy":"product_tag","embeddable":true,"href":"https:\/\/decolights.eu\/fi\/wp-json\/wp\/v2\/product_tag?post=6287"}],"curies":[{"name":"wp","href":"https:\/\/api.w.org\/{rel}","templated":true}]}}