{"id":6393,"date":"2023-04-01T04:44:52","date_gmt":"2023-04-01T04:44:52","guid":{"rendered":"https:\/\/decolights.eu\/?post_type=product&#038;p=6393"},"modified":"2023-04-16T13:38:41","modified_gmt":"2023-04-16T13:38:41","slug":"solar-flame-path-lights-3-pcs","status":"publish","type":"product","link":"https:\/\/decolights.eu\/fi\/tuote-2\/solar-flame-path-lights-3-pcs\/","title":{"rendered":"Solar Flame Path Lights 3 kpl"},"content":{"rendered":"<p id=\"tw-target-text\" class=\"tw-data-text tw-text-large tw-ta\" dir=\"ltr\" data-placeholder=\"Translation\">Solar Flame Polku Valot tanssivalla liekill\u00e4, sijoitettava puutarhaasi tai parvekkeelle. Antaa kauniin keltaisen liekinomaisen kiillon.<\/p>\n<ul>\n<li><strong>V\u00e4ri<\/strong>: musta<\/li>\n<li><strong>LED v\u00e4ri:\u00a0<\/strong>l\u00e4mmin valkoinen<\/li>\n<li>3 path lights included<\/li>\n<li><strong>Koko: <\/strong>7 (width) x 40 (height) x 7 (depth) CM<\/li>\n<li><strong>Ajastin:\u00a0<\/strong>Valaistu pime\u00e4ss\u00e4<\/li>\n<li><strong>IP-luokitus: <\/strong>IP44<\/li>\n<li><strong>Virtal\u00e4hde:\u00a0<\/strong>Aurinko<\/li>\n<li><strong>Kansi\/kanta: <\/strong>Ei vaihdettava<\/li>\n<li><strong>CE-sertifioitu:\u00a0<\/strong>Joo<\/li>\n<li>1,2V DC<\/li>\n<\/ul>\n<p><iframe loading=\"lazy\" title=\"481-03\" width=\"1020\" height=\"574\" src=\"https:\/\/www.youtube.com\/embed\/tqmYJmriQa0?start=4&#038;feature=oembed\" frameborder=\"0\" allow=\"accelerometer; autoplay; clipboard-write; encrypted-media; gyroscope; picture-in-picture; web-share\" allowfullscreen><\/iframe><\/p>","protected":false},"excerpt":{"rendered":"<p>Solar Flame Path Lights with dancing flame, to be placed in Your garden or a balcony. Gives a nice yellow flame-like shine. Colour: black LED Colour:\u00a0warm white 3 path lights included Size: 7 (width) x 40 (height) x 7 (depth) CM Timer:\u00a0Lit in the dark IP Rating: IP44 Power source:\u00a0Solar Cap\/Socket: Non replaceable CE Certified:\u00a0Yes [&#8230;]\n","protected":false},"featured_media":6516,"comment_status":"open","ping_status":"closed","template":"","meta":[],"product_brand":[],"product_cat":[226,194,231,171],"product_tag":[],"class_list":{"0":"post-6393","1":"product","2":"type-product","3":"status-publish","4":"has-post-thumbnail","6":"product_cat-outdoor-lights","7":"product_cat-solar-decking-lights","8":"product_cat-solar-decking-lights-outdoor-lights","9":"product_cat-solar-lights","10":"pa_brand-deco","11":"pa_led-colour-warm-white","13":"first","14":"instock","15":"sale","16":"shipping-taxable","17":"purchasable","18":"product-type-simple"},"yoast_head":"<!-- This site is optimized with the Yoast SEO plugin v27.3 - https:\/\/yoast.com\/product\/yoast-seo-wordpress\/ -->\n<title>Solar Flame Path Lights 3 pcs - Best price guaranteed - Decolights.eu<\/title>\n<meta name=\"description\" content=\"Solar Flame path lights are very popular flame imitating lights that will bring a warm light to your garden. Don&#039;t miss the best price, buy now!\" \/>\n<meta name=\"robots\" content=\"index, follow, max-snippet:-1, max-image-preview:large, max-video-preview:-1\" \/>\n<link rel=\"canonical\" href=\"https:\/\/decolights.eu\/fi\/tuote-2\/solar-flame-path-lights-3-pcs\/\" \/>\n<meta property=\"og:locale\" content=\"fi_FI\" \/>\n<meta property=\"og:type\" content=\"article\" \/>\n<meta property=\"og:title\" content=\"Solar Flame Path Lights 3 pcs - Best price guaranteed - Decolights.eu\" \/>\n<meta property=\"og:description\" content=\"Solar Flame path lights are very popular flame imitating lights that will bring a warm light to your garden. Don&#039;t miss the best price, buy now!\" \/>\n<meta property=\"og:url\" content=\"https:\/\/decolights.eu\/fi\/tuote-2\/solar-flame-path-lights-3-pcs\/\" \/>\n<meta property=\"og:site_name\" content=\"Decolights.eu\" \/>\n<meta property=\"article:modified_time\" content=\"2023-04-16T13:38:41+00:00\" \/>\n<meta property=\"og:image\" content=\"https:\/\/decolights.eu\/wp-content\/uploads\/2023\/04\/481-03_M2.png\" \/>\n\t<meta property=\"og:image:width\" content=\"600\" \/>\n\t<meta property=\"og:image:height\" content=\"602\" \/>\n\t<meta property=\"og:image:type\" content=\"image\/png\" \/>\n<meta name=\"twitter:card\" content=\"summary_large_image\" \/>\n<meta name=\"twitter:label1\" content=\"Arvioitu lukuaika\" \/>\n\t<meta name=\"twitter:data1\" content=\"1 minuutti\" \/>\n<script type=\"application\/ld+json\" class=\"yoast-schema-graph\">{\"@context\":\"https:\\\/\\\/schema.org\",\"@graph\":[{\"@type\":\"WebPage\",\"@id\":\"https:\\\/\\\/decolights.eu\\\/product\\\/solar-flame-path-lights-3-pcs\\\/\",\"url\":\"https:\\\/\\\/decolights.eu\\\/product\\\/solar-flame-path-lights-3-pcs\\\/\",\"name\":\"Solar Flame Path Lights 3 pcs - Best price guaranteed - Decolights.eu\",\"isPartOf\":{\"@id\":\"https:\\\/\\\/decolights.eu\\\/#website\"},\"primaryImageOfPage\":{\"@id\":\"https:\\\/\\\/decolights.eu\\\/product\\\/solar-flame-path-lights-3-pcs\\\/#primaryimage\"},\"image\":{\"@id\":\"https:\\\/\\\/decolights.eu\\\/product\\\/solar-flame-path-lights-3-pcs\\\/#primaryimage\"},\"thumbnailUrl\":\"https:\\\/\\\/decolights.eu\\\/wp-content\\\/uploads\\\/2023\\\/04\\\/481-03_M2.png\",\"datePublished\":\"2023-04-01T04:44:52+00:00\",\"dateModified\":\"2023-04-16T13:38:41+00:00\",\"description\":\"Solar Flame path lights are very popular flame imitating lights that will bring a warm light to your garden. Don't miss the best price, buy now!\",\"breadcrumb\":{\"@id\":\"https:\\\/\\\/decolights.eu\\\/product\\\/solar-flame-path-lights-3-pcs\\\/#breadcrumb\"},\"inLanguage\":\"fi\",\"potentialAction\":[{\"@type\":\"ReadAction\",\"target\":[\"https:\\\/\\\/decolights.eu\\\/product\\\/solar-flame-path-lights-3-pcs\\\/\"]}]},{\"@type\":\"ImageObject\",\"inLanguage\":\"fi\",\"@id\":\"https:\\\/\\\/decolights.eu\\\/product\\\/solar-flame-path-lights-3-pcs\\\/#primaryimage\",\"url\":\"https:\\\/\\\/decolights.eu\\\/wp-content\\\/uploads\\\/2023\\\/04\\\/481-03_M2.png\",\"contentUrl\":\"https:\\\/\\\/decolights.eu\\\/wp-content\\\/uploads\\\/2023\\\/04\\\/481-03_M2.png\",\"width\":600,\"height\":602},{\"@type\":\"BreadcrumbList\",\"@id\":\"https:\\\/\\\/decolights.eu\\\/product\\\/solar-flame-path-lights-3-pcs\\\/#breadcrumb\",\"itemListElement\":[{\"@type\":\"ListItem\",\"position\":1,\"name\":\"Shop\",\"item\":\"https:\\\/\\\/decolights.eu\\\/shop\\\/\"},{\"@type\":\"ListItem\",\"position\":2,\"name\":\"Solar Flame Path Lights 3 pcs\"}]},{\"@type\":\"WebSite\",\"@id\":\"https:\\\/\\\/decolights.eu\\\/#website\",\"url\":\"https:\\\/\\\/decolights.eu\\\/\",\"name\":\"decolights\",\"description\":\"Led Decorations for Home and Garden\",\"publisher\":{\"@id\":\"https:\\\/\\\/decolights.eu\\\/#organization\"},\"alternateName\":\"decolights.eu\",\"potentialAction\":[{\"@type\":\"SearchAction\",\"target\":{\"@type\":\"EntryPoint\",\"urlTemplate\":\"https:\\\/\\\/decolights.eu\\\/?s={search_term_string}\"},\"query-input\":{\"@type\":\"PropertyValueSpecification\",\"valueRequired\":true,\"valueName\":\"search_term_string\"}}],\"inLanguage\":\"fi\"},{\"@type\":\"Organization\",\"@id\":\"https:\\\/\\\/decolights.eu\\\/#organization\",\"name\":\"decolights\",\"url\":\"https:\\\/\\\/decolights.eu\\\/\",\"logo\":{\"@type\":\"ImageObject\",\"inLanguage\":\"fi\",\"@id\":\"https:\\\/\\\/decolights.eu\\\/#\\\/schema\\\/logo\\\/image\\\/\",\"url\":\"https:\\\/\\\/decolights.eu\\\/wp-content\\\/uploads\\\/2023\\\/07\\\/cropped-decolight-siteicon.png\",\"contentUrl\":\"https:\\\/\\\/decolights.eu\\\/wp-content\\\/uploads\\\/2023\\\/07\\\/cropped-decolight-siteicon.png\",\"width\":512,\"height\":512,\"caption\":\"decolights\"},\"image\":{\"@id\":\"https:\\\/\\\/decolights.eu\\\/#\\\/schema\\\/logo\\\/image\\\/\"}}]}<\/script>\n<!-- \/ Yoast SEO plugin. -->","yoast_head_json":{"title":"Solar Flame Path Lights 3 pcs - Best price guaranteed - Decolights.eu","description":"Solar Flame -polkuvalot ovat eritt\u00e4in suosittuja liekkej\u00e4 j\u00e4ljittelevi\u00e4 valoja, jotka tuovat l\u00e4mmint\u00e4 valoa puutarhaasi. \u00c4l\u00e4 missaa parasta hintaa, osta nyt!","robots":{"index":"index","follow":"follow","max-snippet":"max-snippet:-1","max-image-preview":"max-image-preview:large","max-video-preview":"max-video-preview:-1"},"canonical":"https:\/\/decolights.eu\/fi\/tuote-2\/solar-flame-path-lights-3-pcs\/","og_locale":"fi_FI","og_type":"article","og_title":"Solar Flame Path Lights 3 pcs - Best price guaranteed - Decolights.eu","og_description":"Solar Flame path lights are very popular flame imitating lights that will bring a warm light to your garden. Don't miss the best price, buy now!","og_url":"https:\/\/decolights.eu\/fi\/tuote-2\/solar-flame-path-lights-3-pcs\/","og_site_name":"Decolights.eu","article_modified_time":"2023-04-16T13:38:41+00:00","og_image":[{"width":600,"height":602,"url":"https:\/\/decolights.eu\/wp-content\/uploads\/2023\/04\/481-03_M2.png","type":"image\/png"}],"twitter_card":"summary_large_image","twitter_misc":{"Arvioitu lukuaika":"1 minuutti"},"schema":{"@context":"https:\/\/schema.org","@graph":[{"@type":"WebPage","@id":"https:\/\/decolights.eu\/product\/solar-flame-path-lights-3-pcs\/","url":"https:\/\/decolights.eu\/product\/solar-flame-path-lights-3-pcs\/","name":"Solar Flame Path Lights 3 pcs - Best price guaranteed - Decolights.eu","isPartOf":{"@id":"https:\/\/decolights.eu\/#website"},"primaryImageOfPage":{"@id":"https:\/\/decolights.eu\/product\/solar-flame-path-lights-3-pcs\/#primaryimage"},"image":{"@id":"https:\/\/decolights.eu\/product\/solar-flame-path-lights-3-pcs\/#primaryimage"},"thumbnailUrl":"https:\/\/decolights.eu\/wp-content\/uploads\/2023\/04\/481-03_M2.png","datePublished":"2023-04-01T04:44:52+00:00","dateModified":"2023-04-16T13:38:41+00:00","description":"Solar Flame -polkuvalot ovat eritt\u00e4in suosittuja liekkej\u00e4 j\u00e4ljittelevi\u00e4 valoja, jotka tuovat l\u00e4mmint\u00e4 valoa puutarhaasi. \u00c4l\u00e4 missaa parasta hintaa, osta nyt!","breadcrumb":{"@id":"https:\/\/decolights.eu\/product\/solar-flame-path-lights-3-pcs\/#breadcrumb"},"inLanguage":"fi","potentialAction":[{"@type":"ReadAction","target":["https:\/\/decolights.eu\/product\/solar-flame-path-lights-3-pcs\/"]}]},{"@type":"ImageObject","inLanguage":"fi","@id":"https:\/\/decolights.eu\/product\/solar-flame-path-lights-3-pcs\/#primaryimage","url":"https:\/\/decolights.eu\/wp-content\/uploads\/2023\/04\/481-03_M2.png","contentUrl":"https:\/\/decolights.eu\/wp-content\/uploads\/2023\/04\/481-03_M2.png","width":600,"height":602},{"@type":"BreadcrumbList","@id":"https:\/\/decolights.eu\/product\/solar-flame-path-lights-3-pcs\/#breadcrumb","itemListElement":[{"@type":"ListItem","position":1,"name":"Shop","item":"https:\/\/decolights.eu\/shop\/"},{"@type":"ListItem","position":2,"name":"Solar Flame Path Lights 3 pcs"}]},{"@type":"WebSite","@id":"https:\/\/decolights.eu\/#website","url":"https:\/\/decolights.eu\/","name":"decolights","description":"Led-koristeet kotiin ja puutarhaan","publisher":{"@id":"https:\/\/decolights.eu\/#organization"},"alternateName":"decolights.eu","potentialAction":[{"@type":"SearchAction","target":{"@type":"EntryPoint","urlTemplate":"https:\/\/decolights.eu\/?s={search_term_string}"},"query-input":{"@type":"PropertyValueSpecification","valueRequired":true,"valueName":"search_term_string"}}],"inLanguage":"fi"},{"@type":"Organization","@id":"https:\/\/decolights.eu\/#organization","name":"decolights","url":"https:\/\/decolights.eu\/","logo":{"@type":"ImageObject","inLanguage":"fi","@id":"https:\/\/decolights.eu\/#\/schema\/logo\/image\/","url":"https:\/\/decolights.eu\/wp-content\/uploads\/2023\/07\/cropped-decolight-siteicon.png","contentUrl":"https:\/\/decolights.eu\/wp-content\/uploads\/2023\/07\/cropped-decolight-siteicon.png","width":512,"height":512,"caption":"decolights"},"image":{"@id":"https:\/\/decolights.eu\/#\/schema\/logo\/image\/"}}]}},"jetpack_sharing_enabled":true,"_links":{"self":[{"href":"https:\/\/decolights.eu\/fi\/wp-json\/wp\/v2\/product\/6393","targetHints":{"allow":["GET"]}}],"collection":[{"href":"https:\/\/decolights.eu\/fi\/wp-json\/wp\/v2\/product"}],"about":[{"href":"https:\/\/decolights.eu\/fi\/wp-json\/wp\/v2\/types\/product"}],"replies":[{"embeddable":true,"href":"https:\/\/decolights.eu\/fi\/wp-json\/wp\/v2\/comments?post=6393"}],"wp:featuredmedia":[{"embeddable":true,"href":"https:\/\/decolights.eu\/fi\/wp-json\/wp\/v2\/media\/6516"}],"wp:attachment":[{"href":"https:\/\/decolights.eu\/fi\/wp-json\/wp\/v2\/media?parent=6393"}],"wp:term":[{"taxonomy":"product_brand","embeddable":true,"href":"https:\/\/decolights.eu\/fi\/wp-json\/wp\/v2\/product_brand?post=6393"},{"taxonomy":"product_cat","embeddable":true,"href":"https:\/\/decolights.eu\/fi\/wp-json\/wp\/v2\/product_cat?post=6393"},{"taxonomy":"product_tag","embeddable":true,"href":"https:\/\/decolights.eu\/fi\/wp-json\/wp\/v2\/product_tag?post=6393"}],"curies":[{"name":"wp","href":"https:\/\/api.w.org\/{rel}","templated":true}]}}