{"id":6429,"date":"2023-04-01T04:45:17","date_gmt":"2023-04-01T04:45:17","guid":{"rendered":"https:\/\/decolights.eu\/?post_type=product&#038;p=6429"},"modified":"2023-05-10T08:56:17","modified_gmt":"2023-05-10T08:56:17","slug":"solar-spot-light-chain","status":"publish","type":"product","link":"https:\/\/decolights.eu\/fi\/tuote-2\/solar-spot-light-chain\/","title":{"rendered":"Solar Spot -valoketju"},"content":{"rendered":"<p>Solar light chain with 8 mini spotlights with 30 cm cable in between. These spotlights illuminate in your garden or on Your terrace with 25 lumen. They are discreet and easy to place in a flowerbed or as a simpler aisle lighting. The panel part itself is with 170 cm cable from the last spotlight, this makes it easy to place the panel in direct sunlight, which is necessary to charge the battery that comes with it.<\/p>\n<ul>\n<li><strong>V\u00e4ri<\/strong>: musta<\/li>\n<li><strong>Lamppujen lukum\u00e4\u00e4r\u00e4<\/strong><strong>:\u00a0<\/strong>8 kpl<\/li>\n<li><strong>Kokonaispituus (mukana virtajohto): <\/strong>3.8M<\/li>\n<li><strong>Virtajohto kaapeli:<\/strong> 1.7M<\/li>\n<li><strong>Distance between bulbs:<\/strong> 30cm<\/li>\n<li><strong>Koko:<\/strong> 2.50 x 2.50 cm<\/li>\n<li><strong>Kaapelin v\u00e4ri: <\/strong>musta<\/li>\n<li><strong>Ajastin:\u00a0<\/strong>Valaistu pime\u00e4ss\u00e4<\/li>\n<li><strong>IP-luokitus: <\/strong>IP44<\/li>\n<li><strong>Virtal\u00e4hde:\u00a0<\/strong>Aurinko<\/li>\n<li><strong>Kaapelin materiaali:\u00a0<\/strong>PVC<\/li>\n<li><strong>CE-sertifioitu:\u00a0<\/strong>Joo<\/li>\n<\/ul>\n<p>&nbsp;<\/p>","protected":false},"excerpt":{"rendered":"<p>Solar light chain with 8 mini spotlights with 30 cm cable in between. These spotlights illuminate in your garden or on Your terrace with 25 lumen. They are discreet and easy to place in a flowerbed or as a simpler aisle lighting. The panel part itself is with 170 cm cable from the last spotlight, [&#8230;]\n","protected":false},"featured_media":6545,"comment_status":"open","ping_status":"closed","template":"","meta":[],"product_brand":[],"product_cat":[226,231,194,171,277,197],"product_tag":[],"class_list":{"0":"post-6429","1":"product","2":"type-product","3":"status-publish","4":"has-post-thumbnail","6":"product_cat-outdoor-lights","7":"product_cat-solar-decking-lights-outdoor-lights","8":"product_cat-solar-decking-lights","9":"product_cat-solar-lights","10":"product_cat-solar-spotlight-outdoor-lights","11":"product_cat-solar-spotlight","12":"pa_brand-deco","13":"pa_led-colour-warm-white","15":"first","16":"instock","17":"sale","18":"shipping-taxable","19":"purchasable","20":"product-type-simple"},"yoast_head":"<!-- This site is optimized with the Yoast SEO plugin v27.3 - https:\/\/yoast.com\/product\/yoast-seo-wordpress\/ -->\n<title>Solar Spot Light Chain - Best price guaranteed - Decolights.eu<\/title>\n<meta name=\"description\" content=\"These spotlights are discreet and easy to place in a flowerbed or as a simpler aisle lighting. Buy now to get the price and lighten up your garden!\" \/>\n<meta name=\"robots\" content=\"index, follow, max-snippet:-1, max-image-preview:large, max-video-preview:-1\" \/>\n<link rel=\"canonical\" href=\"https:\/\/decolights.eu\/fi\/tuote-2\/solar-spot-light-chain\/\" \/>\n<meta property=\"og:locale\" content=\"fi_FI\" \/>\n<meta property=\"og:type\" content=\"article\" \/>\n<meta property=\"og:title\" content=\"Solar Spot Light Chain - Best price guaranteed - Decolights.eu\" \/>\n<meta property=\"og:description\" content=\"These spotlights are discreet and easy to place in a flowerbed or as a simpler aisle lighting. Buy now to get the price and lighten up your garden!\" \/>\n<meta property=\"og:url\" content=\"https:\/\/decolights.eu\/fi\/tuote-2\/solar-spot-light-chain\/\" \/>\n<meta property=\"og:site_name\" content=\"Decolights.eu\" \/>\n<meta property=\"article:modified_time\" content=\"2023-05-10T08:56:17+00:00\" \/>\n<meta property=\"og:image\" content=\"https:\/\/decolights.eu\/wp-content\/uploads\/2023\/04\/482-84_M2.png\" \/>\n\t<meta property=\"og:image:width\" content=\"600\" \/>\n\t<meta property=\"og:image:height\" content=\"602\" \/>\n\t<meta property=\"og:image:type\" content=\"image\/png\" \/>\n<meta name=\"twitter:card\" content=\"summary_large_image\" \/>\n<meta name=\"twitter:label1\" content=\"Arvioitu lukuaika\" \/>\n\t<meta name=\"twitter:data1\" content=\"1 minuutti\" \/>\n<script type=\"application\/ld+json\" class=\"yoast-schema-graph\">{\"@context\":\"https:\\\/\\\/schema.org\",\"@graph\":[{\"@type\":\"WebPage\",\"@id\":\"https:\\\/\\\/decolights.eu\\\/product\\\/solar-spot-light-chain\\\/\",\"url\":\"https:\\\/\\\/decolights.eu\\\/product\\\/solar-spot-light-chain\\\/\",\"name\":\"Solar Spot Light Chain - Best price guaranteed - Decolights.eu\",\"isPartOf\":{\"@id\":\"https:\\\/\\\/decolights.eu\\\/#website\"},\"primaryImageOfPage\":{\"@id\":\"https:\\\/\\\/decolights.eu\\\/product\\\/solar-spot-light-chain\\\/#primaryimage\"},\"image\":{\"@id\":\"https:\\\/\\\/decolights.eu\\\/product\\\/solar-spot-light-chain\\\/#primaryimage\"},\"thumbnailUrl\":\"https:\\\/\\\/decolights.eu\\\/wp-content\\\/uploads\\\/2023\\\/04\\\/482-84_M2.png\",\"datePublished\":\"2023-04-01T04:45:17+00:00\",\"dateModified\":\"2023-05-10T08:56:17+00:00\",\"description\":\"These spotlights are discreet and easy to place in a flowerbed or as a simpler aisle lighting. Buy now to get the price and lighten up your garden!\",\"breadcrumb\":{\"@id\":\"https:\\\/\\\/decolights.eu\\\/product\\\/solar-spot-light-chain\\\/#breadcrumb\"},\"inLanguage\":\"fi\",\"potentialAction\":[{\"@type\":\"ReadAction\",\"target\":[\"https:\\\/\\\/decolights.eu\\\/product\\\/solar-spot-light-chain\\\/\"]}]},{\"@type\":\"ImageObject\",\"inLanguage\":\"fi\",\"@id\":\"https:\\\/\\\/decolights.eu\\\/product\\\/solar-spot-light-chain\\\/#primaryimage\",\"url\":\"https:\\\/\\\/decolights.eu\\\/wp-content\\\/uploads\\\/2023\\\/04\\\/482-84_M2.png\",\"contentUrl\":\"https:\\\/\\\/decolights.eu\\\/wp-content\\\/uploads\\\/2023\\\/04\\\/482-84_M2.png\",\"width\":600,\"height\":602},{\"@type\":\"BreadcrumbList\",\"@id\":\"https:\\\/\\\/decolights.eu\\\/product\\\/solar-spot-light-chain\\\/#breadcrumb\",\"itemListElement\":[{\"@type\":\"ListItem\",\"position\":1,\"name\":\"Shop\",\"item\":\"https:\\\/\\\/decolights.eu\\\/shop\\\/\"},{\"@type\":\"ListItem\",\"position\":2,\"name\":\"Solar Spot Light Chain\"}]},{\"@type\":\"WebSite\",\"@id\":\"https:\\\/\\\/decolights.eu\\\/#website\",\"url\":\"https:\\\/\\\/decolights.eu\\\/\",\"name\":\"decolights\",\"description\":\"Led Decorations for Home and Garden\",\"publisher\":{\"@id\":\"https:\\\/\\\/decolights.eu\\\/#organization\"},\"alternateName\":\"decolights.eu\",\"potentialAction\":[{\"@type\":\"SearchAction\",\"target\":{\"@type\":\"EntryPoint\",\"urlTemplate\":\"https:\\\/\\\/decolights.eu\\\/?s={search_term_string}\"},\"query-input\":{\"@type\":\"PropertyValueSpecification\",\"valueRequired\":true,\"valueName\":\"search_term_string\"}}],\"inLanguage\":\"fi\"},{\"@type\":\"Organization\",\"@id\":\"https:\\\/\\\/decolights.eu\\\/#organization\",\"name\":\"decolights\",\"url\":\"https:\\\/\\\/decolights.eu\\\/\",\"logo\":{\"@type\":\"ImageObject\",\"inLanguage\":\"fi\",\"@id\":\"https:\\\/\\\/decolights.eu\\\/#\\\/schema\\\/logo\\\/image\\\/\",\"url\":\"https:\\\/\\\/decolights.eu\\\/wp-content\\\/uploads\\\/2023\\\/07\\\/cropped-decolight-siteicon.png\",\"contentUrl\":\"https:\\\/\\\/decolights.eu\\\/wp-content\\\/uploads\\\/2023\\\/07\\\/cropped-decolight-siteicon.png\",\"width\":512,\"height\":512,\"caption\":\"decolights\"},\"image\":{\"@id\":\"https:\\\/\\\/decolights.eu\\\/#\\\/schema\\\/logo\\\/image\\\/\"}}]}<\/script>\n<!-- \/ Yoast SEO plugin. -->","yoast_head_json":{"title":"Solar Spot Light Chain - Best price guaranteed - Decolights.eu","description":"These spotlights are discreet and easy to place in a flowerbed or as a simpler aisle lighting. Buy now to get the price and lighten up your garden!","robots":{"index":"index","follow":"follow","max-snippet":"max-snippet:-1","max-image-preview":"max-image-preview:large","max-video-preview":"max-video-preview:-1"},"canonical":"https:\/\/decolights.eu\/fi\/tuote-2\/solar-spot-light-chain\/","og_locale":"fi_FI","og_type":"article","og_title":"Solar Spot Light Chain - Best price guaranteed - Decolights.eu","og_description":"These spotlights are discreet and easy to place in a flowerbed or as a simpler aisle lighting. Buy now to get the price and lighten up your garden!","og_url":"https:\/\/decolights.eu\/fi\/tuote-2\/solar-spot-light-chain\/","og_site_name":"Decolights.eu","article_modified_time":"2023-05-10T08:56:17+00:00","og_image":[{"url":"https:\/\/decolights.eu\/wp-content\/uploads\/2023\/04\/482-84_M2.png","width":600,"height":602,"type":"image\/png"}],"twitter_card":"summary_large_image","twitter_misc":{"Arvioitu lukuaika":"1 minuutti"},"schema":{"@context":"https:\/\/schema.org","@graph":[{"@type":"WebPage","@id":"https:\/\/decolights.eu\/product\/solar-spot-light-chain\/","url":"https:\/\/decolights.eu\/product\/solar-spot-light-chain\/","name":"Solar Spot Light Chain - Best price guaranteed - Decolights.eu","isPartOf":{"@id":"https:\/\/decolights.eu\/#website"},"primaryImageOfPage":{"@id":"https:\/\/decolights.eu\/product\/solar-spot-light-chain\/#primaryimage"},"image":{"@id":"https:\/\/decolights.eu\/product\/solar-spot-light-chain\/#primaryimage"},"thumbnailUrl":"https:\/\/decolights.eu\/wp-content\/uploads\/2023\/04\/482-84_M2.png","datePublished":"2023-04-01T04:45:17+00:00","dateModified":"2023-05-10T08:56:17+00:00","description":"These spotlights are discreet and easy to place in a flowerbed or as a simpler aisle lighting. Buy now to get the price and lighten up your garden!","breadcrumb":{"@id":"https:\/\/decolights.eu\/product\/solar-spot-light-chain\/#breadcrumb"},"inLanguage":"fi","potentialAction":[{"@type":"ReadAction","target":["https:\/\/decolights.eu\/product\/solar-spot-light-chain\/"]}]},{"@type":"ImageObject","inLanguage":"fi","@id":"https:\/\/decolights.eu\/product\/solar-spot-light-chain\/#primaryimage","url":"https:\/\/decolights.eu\/wp-content\/uploads\/2023\/04\/482-84_M2.png","contentUrl":"https:\/\/decolights.eu\/wp-content\/uploads\/2023\/04\/482-84_M2.png","width":600,"height":602},{"@type":"BreadcrumbList","@id":"https:\/\/decolights.eu\/product\/solar-spot-light-chain\/#breadcrumb","itemListElement":[{"@type":"ListItem","position":1,"name":"Shop","item":"https:\/\/decolights.eu\/shop\/"},{"@type":"ListItem","position":2,"name":"Solar Spot Light Chain"}]},{"@type":"WebSite","@id":"https:\/\/decolights.eu\/#website","url":"https:\/\/decolights.eu\/","name":"decolights","description":"Led-koristeet kotiin ja puutarhaan","publisher":{"@id":"https:\/\/decolights.eu\/#organization"},"alternateName":"decolights.eu","potentialAction":[{"@type":"SearchAction","target":{"@type":"EntryPoint","urlTemplate":"https:\/\/decolights.eu\/?s={search_term_string}"},"query-input":{"@type":"PropertyValueSpecification","valueRequired":true,"valueName":"search_term_string"}}],"inLanguage":"fi"},{"@type":"Organization","@id":"https:\/\/decolights.eu\/#organization","name":"decolights","url":"https:\/\/decolights.eu\/","logo":{"@type":"ImageObject","inLanguage":"fi","@id":"https:\/\/decolights.eu\/#\/schema\/logo\/image\/","url":"https:\/\/decolights.eu\/wp-content\/uploads\/2023\/07\/cropped-decolight-siteicon.png","contentUrl":"https:\/\/decolights.eu\/wp-content\/uploads\/2023\/07\/cropped-decolight-siteicon.png","width":512,"height":512,"caption":"decolights"},"image":{"@id":"https:\/\/decolights.eu\/#\/schema\/logo\/image\/"}}]}},"jetpack_sharing_enabled":true,"_links":{"self":[{"href":"https:\/\/decolights.eu\/fi\/wp-json\/wp\/v2\/product\/6429","targetHints":{"allow":["GET"]}}],"collection":[{"href":"https:\/\/decolights.eu\/fi\/wp-json\/wp\/v2\/product"}],"about":[{"href":"https:\/\/decolights.eu\/fi\/wp-json\/wp\/v2\/types\/product"}],"replies":[{"embeddable":true,"href":"https:\/\/decolights.eu\/fi\/wp-json\/wp\/v2\/comments?post=6429"}],"wp:featuredmedia":[{"embeddable":true,"href":"https:\/\/decolights.eu\/fi\/wp-json\/wp\/v2\/media\/6545"}],"wp:attachment":[{"href":"https:\/\/decolights.eu\/fi\/wp-json\/wp\/v2\/media?parent=6429"}],"wp:term":[{"taxonomy":"product_brand","embeddable":true,"href":"https:\/\/decolights.eu\/fi\/wp-json\/wp\/v2\/product_brand?post=6429"},{"taxonomy":"product_cat","embeddable":true,"href":"https:\/\/decolights.eu\/fi\/wp-json\/wp\/v2\/product_cat?post=6429"},{"taxonomy":"product_tag","embeddable":true,"href":"https:\/\/decolights.eu\/fi\/wp-json\/wp\/v2\/product_tag?post=6429"}],"curies":[{"name":"wp","href":"https:\/\/api.w.org\/{rel}","templated":true}]}}