{"id":6512,"date":"2023-04-01T04:47:06","date_gmt":"2023-04-01T04:47:06","guid":{"rendered":"https:\/\/decolights.eu\/?post_type=product&#038;p=6512"},"modified":"2023-05-10T09:04:41","modified_gmt":"2023-05-10T09:04:41","slug":"icicle-and-string-lights-hook-10pcs","status":"publish","type":"product","link":"https:\/\/decolights.eu\/fi\/tuote-2\/icicle-and-string-lights-hook-10pcs\/","title":{"rendered":"J\u00e4\u00e4puikko- ja valonauhakoukku 10kpl"},"content":{"rendered":"<p>Valonauha ja valoverhokoukku on k\u00e4tev\u00e4 ja k\u00e4yt\u00e4nn\u00f6llinen laite, jonka avulla voit helposti asentaa koristeita parvekkeellesi tai terassillesi. T\u00e4m\u00e4 koukku on valmistettu kest\u00e4v\u00e4st\u00e4 muovista. Se on helppo asentaa ja sopii erinomaisesti kotik\u00e4ytt\u00f6\u00f6n sek\u00e4 ammattik\u00e4ytt\u00f6\u00f6n. Valonauha ja j\u00e4\u00e4puikkovalokoukku antaa mahdollisuuden sisustaa parvekkeita, jotka tuntuivat aiemmin liian hankalalta koristella. Tee parvekkeesta tai terassista entist\u00e4 kauniimpi ja luo kodikas ja miellytt\u00e4v\u00e4 tunnelma sisustukseesi.<\/p>\n<ul>\n<li><strong>V\u00e4ri:<\/strong> L\u00e4pin\u00e4kyv\u00e4<\/li>\n<li><strong>M\u00e4\u00e4r\u00e4:<\/strong> 10 kpl<\/li>\n<li><strong>Leveys:<\/strong> 1,50 cm<\/li>\n<li><strong>Korkeus:<\/strong> 6,00 cm<\/li>\n<li><strong>Syvyys: <\/strong>3,50 cm<\/li>\n<li><strong>Materiaali:<\/strong> Muovi<\/li>\n<\/ul>","protected":false},"excerpt":{"rendered":"<p>The string light and light curtain hook is a convenient and practical device that helps you easily install decorations on your balcony or terrace. This hook is made of durable plastic. It is easy to install and is perfect for home use as well as for professional use. The string light and icicle light hook [&#8230;]\n","protected":false},"featured_media":6599,"comment_status":"open","ping_status":"closed","template":"","meta":[],"product_brand":[],"product_cat":[225,211,214,226,212],"product_tag":[273,272,270,271],"class_list":{"0":"post-6512","1":"product","2":"type-product","3":"status-publish","4":"has-post-thumbnail","6":"product_cat-accessories-indoor-lights","7":"product_cat-accessories","8":"product_cat-indoor-lights","9":"product_cat-outdoor-lights","10":"product_cat-pro-accessories","11":"product_tag-curtain-lights-hook","12":"product_tag-icicle-lights-hook","13":"product_tag-led-lights-accessories","14":"product_tag-string-lights-hook","15":"pa_brand-deco","17":"first","18":"instock","19":"sale","20":"shipping-taxable","21":"purchasable","22":"product-type-simple"},"yoast_head":"<!-- This site is optimized with the Yoast SEO plugin v27.3 - https:\/\/yoast.com\/product\/yoast-seo-wordpress\/ -->\n<title>Icicle and string light&#039;s hook 10pcs - Decolights.eu<\/title>\n<meta name=\"description\" content=\"The string light and light curtain hook is a convenient and practical device that helps you easily install decorations on your balcony or terrace.\" \/>\n<meta name=\"robots\" content=\"index, follow, max-snippet:-1, max-image-preview:large, max-video-preview:-1\" \/>\n<link rel=\"canonical\" href=\"https:\/\/decolights.eu\/fi\/tuote-2\/icicle-and-string-lights-hook-10pcs\/\" \/>\n<meta property=\"og:locale\" content=\"fi_FI\" \/>\n<meta property=\"og:type\" content=\"article\" \/>\n<meta property=\"og:title\" content=\"Icicle and string light&#039;s hook 10pcs - Decolights.eu\" \/>\n<meta property=\"og:description\" content=\"The string light and light curtain hook is a convenient and practical device that helps you easily install decorations on your balcony or terrace.\" \/>\n<meta property=\"og:url\" content=\"https:\/\/decolights.eu\/fi\/tuote-2\/icicle-and-string-lights-hook-10pcs\/\" \/>\n<meta property=\"og:site_name\" content=\"Decolights.eu\" \/>\n<meta property=\"article:modified_time\" content=\"2023-05-10T09:04:41+00:00\" \/>\n<meta property=\"og:image\" content=\"https:\/\/decolights.eu\/wp-content\/uploads\/2023\/04\/065-04_M2.png\" \/>\n\t<meta property=\"og:image:width\" content=\"600\" \/>\n\t<meta property=\"og:image:height\" content=\"602\" \/>\n\t<meta property=\"og:image:type\" content=\"image\/png\" \/>\n<meta name=\"twitter:card\" content=\"summary_large_image\" \/>\n<meta name=\"twitter:label1\" content=\"Arvioitu lukuaika\" \/>\n\t<meta name=\"twitter:data1\" content=\"1 minuutti\" \/>\n<script type=\"application\/ld+json\" class=\"yoast-schema-graph\">{\"@context\":\"https:\\\/\\\/schema.org\",\"@graph\":[{\"@type\":\"WebPage\",\"@id\":\"https:\\\/\\\/decolights.eu\\\/product\\\/icicle-and-string-lights-hook-10pcs\\\/\",\"url\":\"https:\\\/\\\/decolights.eu\\\/product\\\/icicle-and-string-lights-hook-10pcs\\\/\",\"name\":\"Icicle and string light's hook 10pcs - Decolights.eu\",\"isPartOf\":{\"@id\":\"https:\\\/\\\/decolights.eu\\\/#website\"},\"primaryImageOfPage\":{\"@id\":\"https:\\\/\\\/decolights.eu\\\/product\\\/icicle-and-string-lights-hook-10pcs\\\/#primaryimage\"},\"image\":{\"@id\":\"https:\\\/\\\/decolights.eu\\\/product\\\/icicle-and-string-lights-hook-10pcs\\\/#primaryimage\"},\"thumbnailUrl\":\"https:\\\/\\\/decolights.eu\\\/wp-content\\\/uploads\\\/2023\\\/04\\\/065-04_M2.png\",\"datePublished\":\"2023-04-01T04:47:06+00:00\",\"dateModified\":\"2023-05-10T09:04:41+00:00\",\"description\":\"The string light and light curtain hook is a convenient and practical device that helps you easily install decorations on your balcony or terrace.\",\"breadcrumb\":{\"@id\":\"https:\\\/\\\/decolights.eu\\\/product\\\/icicle-and-string-lights-hook-10pcs\\\/#breadcrumb\"},\"inLanguage\":\"fi\",\"potentialAction\":[{\"@type\":\"ReadAction\",\"target\":[\"https:\\\/\\\/decolights.eu\\\/product\\\/icicle-and-string-lights-hook-10pcs\\\/\"]}]},{\"@type\":\"ImageObject\",\"inLanguage\":\"fi\",\"@id\":\"https:\\\/\\\/decolights.eu\\\/product\\\/icicle-and-string-lights-hook-10pcs\\\/#primaryimage\",\"url\":\"https:\\\/\\\/decolights.eu\\\/wp-content\\\/uploads\\\/2023\\\/04\\\/065-04_M2.png\",\"contentUrl\":\"https:\\\/\\\/decolights.eu\\\/wp-content\\\/uploads\\\/2023\\\/04\\\/065-04_M2.png\",\"width\":600,\"height\":602},{\"@type\":\"BreadcrumbList\",\"@id\":\"https:\\\/\\\/decolights.eu\\\/product\\\/icicle-and-string-lights-hook-10pcs\\\/#breadcrumb\",\"itemListElement\":[{\"@type\":\"ListItem\",\"position\":1,\"name\":\"Shop\",\"item\":\"https:\\\/\\\/decolights.eu\\\/shop\\\/\"},{\"@type\":\"ListItem\",\"position\":2,\"name\":\"Icicle and string light&#8217;s hook 10pcs\"}]},{\"@type\":\"WebSite\",\"@id\":\"https:\\\/\\\/decolights.eu\\\/#website\",\"url\":\"https:\\\/\\\/decolights.eu\\\/\",\"name\":\"decolights\",\"description\":\"Led Decorations for Home and Garden\",\"publisher\":{\"@id\":\"https:\\\/\\\/decolights.eu\\\/#organization\"},\"alternateName\":\"decolights.eu\",\"potentialAction\":[{\"@type\":\"SearchAction\",\"target\":{\"@type\":\"EntryPoint\",\"urlTemplate\":\"https:\\\/\\\/decolights.eu\\\/?s={search_term_string}\"},\"query-input\":{\"@type\":\"PropertyValueSpecification\",\"valueRequired\":true,\"valueName\":\"search_term_string\"}}],\"inLanguage\":\"fi\"},{\"@type\":\"Organization\",\"@id\":\"https:\\\/\\\/decolights.eu\\\/#organization\",\"name\":\"decolights\",\"url\":\"https:\\\/\\\/decolights.eu\\\/\",\"logo\":{\"@type\":\"ImageObject\",\"inLanguage\":\"fi\",\"@id\":\"https:\\\/\\\/decolights.eu\\\/#\\\/schema\\\/logo\\\/image\\\/\",\"url\":\"https:\\\/\\\/decolights.eu\\\/wp-content\\\/uploads\\\/2023\\\/07\\\/cropped-decolight-siteicon.png\",\"contentUrl\":\"https:\\\/\\\/decolights.eu\\\/wp-content\\\/uploads\\\/2023\\\/07\\\/cropped-decolight-siteicon.png\",\"width\":512,\"height\":512,\"caption\":\"decolights\"},\"image\":{\"@id\":\"https:\\\/\\\/decolights.eu\\\/#\\\/schema\\\/logo\\\/image\\\/\"}}]}<\/script>\n<!-- \/ Yoast SEO plugin. -->","yoast_head_json":{"title":"J\u00e4\u00e4puikko ja valon koukku 10kpl - Decolights.eu","description":"Valonauha ja valoverhokoukku on k\u00e4tev\u00e4 ja k\u00e4yt\u00e4nn\u00f6llinen laite, jonka avulla voit helposti asentaa koristeita parvekkeellesi tai terassillesi.","robots":{"index":"index","follow":"follow","max-snippet":"max-snippet:-1","max-image-preview":"max-image-preview:large","max-video-preview":"max-video-preview:-1"},"canonical":"https:\/\/decolights.eu\/fi\/tuote-2\/icicle-and-string-lights-hook-10pcs\/","og_locale":"fi_FI","og_type":"article","og_title":"Icicle and string light's hook 10pcs - Decolights.eu","og_description":"The string light and light curtain hook is a convenient and practical device that helps you easily install decorations on your balcony or terrace.","og_url":"https:\/\/decolights.eu\/fi\/tuote-2\/icicle-and-string-lights-hook-10pcs\/","og_site_name":"Decolights.eu","article_modified_time":"2023-05-10T09:04:41+00:00","og_image":[{"width":600,"height":602,"url":"https:\/\/decolights.eu\/wp-content\/uploads\/2023\/04\/065-04_M2.png","type":"image\/png"}],"twitter_card":"summary_large_image","twitter_misc":{"Arvioitu lukuaika":"1 minuutti"},"schema":{"@context":"https:\/\/schema.org","@graph":[{"@type":"WebPage","@id":"https:\/\/decolights.eu\/product\/icicle-and-string-lights-hook-10pcs\/","url":"https:\/\/decolights.eu\/product\/icicle-and-string-lights-hook-10pcs\/","name":"J\u00e4\u00e4puikko ja valon koukku 10kpl - Decolights.eu","isPartOf":{"@id":"https:\/\/decolights.eu\/#website"},"primaryImageOfPage":{"@id":"https:\/\/decolights.eu\/product\/icicle-and-string-lights-hook-10pcs\/#primaryimage"},"image":{"@id":"https:\/\/decolights.eu\/product\/icicle-and-string-lights-hook-10pcs\/#primaryimage"},"thumbnailUrl":"https:\/\/decolights.eu\/wp-content\/uploads\/2023\/04\/065-04_M2.png","datePublished":"2023-04-01T04:47:06+00:00","dateModified":"2023-05-10T09:04:41+00:00","description":"Valonauha ja valoverhokoukku on k\u00e4tev\u00e4 ja k\u00e4yt\u00e4nn\u00f6llinen laite, jonka avulla voit helposti asentaa koristeita parvekkeellesi tai terassillesi.","breadcrumb":{"@id":"https:\/\/decolights.eu\/product\/icicle-and-string-lights-hook-10pcs\/#breadcrumb"},"inLanguage":"fi","potentialAction":[{"@type":"ReadAction","target":["https:\/\/decolights.eu\/product\/icicle-and-string-lights-hook-10pcs\/"]}]},{"@type":"ImageObject","inLanguage":"fi","@id":"https:\/\/decolights.eu\/product\/icicle-and-string-lights-hook-10pcs\/#primaryimage","url":"https:\/\/decolights.eu\/wp-content\/uploads\/2023\/04\/065-04_M2.png","contentUrl":"https:\/\/decolights.eu\/wp-content\/uploads\/2023\/04\/065-04_M2.png","width":600,"height":602},{"@type":"BreadcrumbList","@id":"https:\/\/decolights.eu\/product\/icicle-and-string-lights-hook-10pcs\/#breadcrumb","itemListElement":[{"@type":"ListItem","position":1,"name":"Shop","item":"https:\/\/decolights.eu\/shop\/"},{"@type":"ListItem","position":2,"name":"Icicle and string light&#8217;s hook 10pcs"}]},{"@type":"WebSite","@id":"https:\/\/decolights.eu\/#website","url":"https:\/\/decolights.eu\/","name":"decolights","description":"Led-koristeet kotiin ja puutarhaan","publisher":{"@id":"https:\/\/decolights.eu\/#organization"},"alternateName":"decolights.eu","potentialAction":[{"@type":"SearchAction","target":{"@type":"EntryPoint","urlTemplate":"https:\/\/decolights.eu\/?s={search_term_string}"},"query-input":{"@type":"PropertyValueSpecification","valueRequired":true,"valueName":"search_term_string"}}],"inLanguage":"fi"},{"@type":"Organization","@id":"https:\/\/decolights.eu\/#organization","name":"decolights","url":"https:\/\/decolights.eu\/","logo":{"@type":"ImageObject","inLanguage":"fi","@id":"https:\/\/decolights.eu\/#\/schema\/logo\/image\/","url":"https:\/\/decolights.eu\/wp-content\/uploads\/2023\/07\/cropped-decolight-siteicon.png","contentUrl":"https:\/\/decolights.eu\/wp-content\/uploads\/2023\/07\/cropped-decolight-siteicon.png","width":512,"height":512,"caption":"decolights"},"image":{"@id":"https:\/\/decolights.eu\/#\/schema\/logo\/image\/"}}]}},"jetpack_sharing_enabled":true,"_links":{"self":[{"href":"https:\/\/decolights.eu\/fi\/wp-json\/wp\/v2\/product\/6512","targetHints":{"allow":["GET"]}}],"collection":[{"href":"https:\/\/decolights.eu\/fi\/wp-json\/wp\/v2\/product"}],"about":[{"href":"https:\/\/decolights.eu\/fi\/wp-json\/wp\/v2\/types\/product"}],"replies":[{"embeddable":true,"href":"https:\/\/decolights.eu\/fi\/wp-json\/wp\/v2\/comments?post=6512"}],"wp:featuredmedia":[{"embeddable":true,"href":"https:\/\/decolights.eu\/fi\/wp-json\/wp\/v2\/media\/6599"}],"wp:attachment":[{"href":"https:\/\/decolights.eu\/fi\/wp-json\/wp\/v2\/media?parent=6512"}],"wp:term":[{"taxonomy":"product_brand","embeddable":true,"href":"https:\/\/decolights.eu\/fi\/wp-json\/wp\/v2\/product_brand?post=6512"},{"taxonomy":"product_cat","embeddable":true,"href":"https:\/\/decolights.eu\/fi\/wp-json\/wp\/v2\/product_cat?post=6512"},{"taxonomy":"product_tag","embeddable":true,"href":"https:\/\/decolights.eu\/fi\/wp-json\/wp\/v2\/product_tag?post=6512"}],"curies":[{"name":"wp","href":"https:\/\/api.w.org\/{rel}","templated":true}]}}