{"id":2050,"date":"2019-09-04T10:49:46","date_gmt":"2019-09-04T10:49:46","guid":{"rendered":"http:\/\/impreza15.us-themes.com\/?page_id=2050"},"modified":"2023-08-27T11:26:54","modified_gmt":"2023-08-27T11:26:54","slug":"shipping","status":"publish","type":"page","link":"https:\/\/decolights.eu\/hu\/shipping\/","title":{"rendered":"Sz\u00e1ll\u00edt\u00e1s"},"content":{"rendered":"<section class=\"section\" id=\"section_820498280\">\n\t\t<div class=\"bg section-bg fill bg-fill\" >\n\n\t\t\t\n\t\t\t\n\t\t\t\n\n\t\t<\/div>\n\n\t\t\n\n\t\t<div class=\"section-content relative\">\n\t\t\t\n\n<div class=\"row row-collapse\"  id=\"row-1630377293\">\n\n\n\t<div id=\"col-1819468156\" class=\"col small-12 large-12\"  >\n\t\t\t\t<div class=\"col-inner\"  >\n\t\t\t\n\t\t\t\n\n\t<div id=\"text-576417949\" class=\"text\">\n\t\t\n\n<h2><strong>Sz\u00e1ll\u00edt\u00e1s<\/strong><\/h2>\n\t\t\n<style>\n#text-576417949 {\n  font-size: 2rem;\n  text-align: center;\n  color: rgb(255,255,255);\n}\n#text-576417949 > * {\n  color: rgb(255,255,255);\n}\n<\/style>\n\t<\/div>\n\t\n\n\t\t<\/div>\n\t\t\t\t\n<style>\n#col-1819468156 > .col-inner {\n  margin: 0px 0px -10px 0px;\n}\n<\/style>\n\t<\/div>\n\n\t\n\n<\/div>\n\n\t\t<\/div>\n\n\t\t\n<style>\n#section_820498280 {\n  padding-top: 30px;\n  padding-bottom: 30px;\n  background-color: rgb(0,0,0);\n}\n#section_820498280 .section-bg.bg-loaded {\n  background-image: url(https:\/\/decolights.eu\/wp-content\/uploads\/2023\/07\/decolights-shop-banner-black-new-scaled.jpg);\n}\n<\/style>\n\t<\/section>\n\t\n\t<section class=\"section\" id=\"section_1988182450\">\n\t\t<div class=\"bg section-bg fill bg-fill  bg-loaded\" >\n\n\t\t\t\n\t\t\t\n\t\t\t\n\n\t\t<\/div>\n\n\t\t\n\n\t\t<div class=\"section-content relative\">\n\t\t\t\n\n<div class=\"row row-small align-center\"  id=\"row-897738126\">\n\n\n\t<div id=\"col-77764228\" class=\"col medium-11 small-12 large-11\"  >\n\t\t\t\t<div class=\"col-inner\"  >\n\t\t\t\n\t\t\t\n\n<div class=\"PageContent PageContent--narrow Rte\">\n<p>Megrendel\u00e9seink t\u00f6bbs\u00e9g\u00e9t k\u00f6r\u00fclbel\u00fcl 3-7 munkanapon bel\u00fcl k\u00e9zbes\u00edtj\u00fck, de mint \u00d6n is tudja, rengeteg olyan v\u00e1ltoz\u00f3 van, amely befoly\u00e1solhatja a sz\u00e1ll\u00edt\u00e1si id\u0151t.<\/p>\n<div class=\"TableWrapper\">\n<table style=\"height: 317px;\" width=\"232\">\n<tbody>\n<tr>\n<td>Lengyelorsz\u00e1g<\/td>\n<td>3-5 munkanap<\/td>\n<\/tr>\n<tr>\n<td>Litv\u00e1nia<\/td>\n<td>3-5 munkanap<\/td>\n<\/tr>\n<tr>\n<td>N\u00e9metorsz\u00e1g<\/td>\n<td>3-5 munkanap<\/td>\n<\/tr>\n<tr>\n<td>Spanyolorsz\u00e1g<\/td>\n<td>3-5 munkanap<\/td>\n<\/tr>\n<tr>\n<td>Csehorsz\u00e1g<\/td>\n<td>3-5 munkanap<\/td>\n<\/tr>\n<tr>\n<td>Szlov\u00e1kia<\/td>\n<td>3-5 munkanap<\/td>\n<\/tr>\n<\/tbody>\n<\/table>\n<\/div>\n<ul>\n<li>\n<div class=\"TableWrapper\">Ingyenes sz\u00e1ll\u00edt\u00e1s 99 \u20ac-t\u00f3l (3-7 munkanap) \u2013 <strong>\u20ac0<\/strong><\/div>\n<\/li>\n<\/ul>\n<p>We will ship your order with an international post and logistics companies or other local postal courier.<\/p>\n<p>Ha 20 munkanap eltelt, \u00e9s nem kapta meg megrendel\u00e9s\u00e9t, k\u00e9rj\u00fck\u00a0<a href=\"https:\/\/decolights.eu\/hu\/contact\/\">L\u00e9pjen kapcsolatba vel\u00fcnk<\/a>.<\/p>\n<p><strong>Sz\u00e1ll\u00edt\u00e1si felt\u00e9telek:<\/strong><\/p>\n<ul>\n<li>Minden rendel\u00e9st 1-2 munkanapon bel\u00fcl kisz\u00e1ll\u00edtunk rakt\u00e1runkb\u00f3l.<\/li>\n<\/ul>\n<h5><a href=\"https:\/\/decolights.eu\/hu\/contact\/\"><strong><span style=\"color: #f09e33;\">HA TOV\u00c1BBI K\u00c9RD\u00c9SE VAN, NY\u00daJON K\u00dcLDJEN NEK\u00dcNK LEVELET!<\/span><\/strong><\/a><\/h5>\n<\/div>\n\n\t\t<\/div>\n\t\t\t\t\t<\/div>\n\n\t\n\n<\/div>\n\n\t\t<\/div>\n\n\t\t\n<style>\n#section_1988182450 {\n  padding-top: 40px;\n  padding-bottom: 40px;\n  background-color: rgb(255,255,255);\n}\n<\/style>\n\t<\/section>","protected":false},"excerpt":{"rendered":"","protected":false},"author":1,"featured_media":0,"parent":0,"menu_order":0,"comment_status":"closed","ping_status":"closed","template":"page-blank.php","meta":{"footnotes":""},"class_list":["post-2050","page","type-page","status-publish","hentry"],"yoast_head":"<!-- This site is optimized with the Yoast SEO plugin v27.3 - https:\/\/yoast.com\/product\/yoast-seo-wordpress\/ -->\n<title>Shipping Information - Decolights.eu<\/title>\n<meta name=\"description\" content=\"Decolights.eu Information about the timing and types of delivery. We operate a next business day dispatch policy.\" \/>\n<meta name=\"robots\" content=\"index, follow, max-snippet:-1, max-image-preview:large, max-video-preview:-1\" \/>\n<link rel=\"canonical\" href=\"https:\/\/decolights.eu\/hu\/shipping\/\" \/>\n<meta property=\"og:locale\" content=\"hu_HU\" \/>\n<meta property=\"og:type\" content=\"article\" \/>\n<meta property=\"og:title\" content=\"Shipping Information - Decolights.eu\" \/>\n<meta property=\"og:description\" content=\"Decolights.eu Information about the timing and types of delivery. We operate a next business day dispatch policy.\" \/>\n<meta property=\"og:url\" content=\"https:\/\/decolights.eu\/hu\/shipping\/\" \/>\n<meta property=\"og:site_name\" content=\"Decolights.eu\" \/>\n<meta property=\"article:modified_time\" content=\"2023-08-27T11:26:54+00:00\" \/>\n<meta property=\"og:image\" content=\"https:\/\/decolights.eu\/wp-content\/uploads\/2023\/07\/DecoLights-yoast-logo.jpg\" \/>\n\t<meta property=\"og:image:width\" content=\"1200\" \/>\n\t<meta property=\"og:image:height\" content=\"675\" \/>\n\t<meta property=\"og:image:type\" content=\"image\/jpeg\" \/>\n<meta name=\"twitter:card\" content=\"summary_large_image\" \/>\n<meta name=\"twitter:label1\" content=\"Becs\u00fclt olvas\u00e1si id\u0151\" \/>\n\t<meta name=\"twitter:data1\" content=\"1 perc\" \/>\n<script type=\"application\/ld+json\" class=\"yoast-schema-graph\">{\"@context\":\"https:\\\/\\\/schema.org\",\"@graph\":[{\"@type\":\"WebPage\",\"@id\":\"https:\\\/\\\/decolights.eu\\\/shipping\\\/\",\"url\":\"https:\\\/\\\/decolights.eu\\\/shipping\\\/\",\"name\":\"Shipping Information - Decolights.eu\",\"isPartOf\":{\"@id\":\"https:\\\/\\\/decolights.eu\\\/#website\"},\"datePublished\":\"2019-09-04T10:49:46+00:00\",\"dateModified\":\"2023-08-27T11:26:54+00:00\",\"description\":\"Decolights.eu Information about the timing and types of delivery. We operate a next business day dispatch policy.\",\"inLanguage\":\"hu\",\"potentialAction\":[{\"@type\":\"ReadAction\",\"target\":[\"https:\\\/\\\/decolights.eu\\\/shipping\\\/\"]}]},{\"@type\":\"WebSite\",\"@id\":\"https:\\\/\\\/decolights.eu\\\/#website\",\"url\":\"https:\\\/\\\/decolights.eu\\\/\",\"name\":\"decolights\",\"description\":\"Led Decorations for Home and Garden\",\"publisher\":{\"@id\":\"https:\\\/\\\/decolights.eu\\\/#organization\"},\"alternateName\":\"decolights.eu\",\"potentialAction\":[{\"@type\":\"SearchAction\",\"target\":{\"@type\":\"EntryPoint\",\"urlTemplate\":\"https:\\\/\\\/decolights.eu\\\/?s={search_term_string}\"},\"query-input\":{\"@type\":\"PropertyValueSpecification\",\"valueRequired\":true,\"valueName\":\"search_term_string\"}}],\"inLanguage\":\"hu\"},{\"@type\":\"Organization\",\"@id\":\"https:\\\/\\\/decolights.eu\\\/#organization\",\"name\":\"decolights\",\"url\":\"https:\\\/\\\/decolights.eu\\\/\",\"logo\":{\"@type\":\"ImageObject\",\"inLanguage\":\"hu\",\"@id\":\"https:\\\/\\\/decolights.eu\\\/#\\\/schema\\\/logo\\\/image\\\/\",\"url\":\"https:\\\/\\\/decolights.eu\\\/wp-content\\\/uploads\\\/2023\\\/07\\\/cropped-decolight-siteicon.png\",\"contentUrl\":\"https:\\\/\\\/decolights.eu\\\/wp-content\\\/uploads\\\/2023\\\/07\\\/cropped-decolight-siteicon.png\",\"width\":512,\"height\":512,\"caption\":\"decolights\"},\"image\":{\"@id\":\"https:\\\/\\\/decolights.eu\\\/#\\\/schema\\\/logo\\\/image\\\/\"}}]}<\/script>\n<!-- \/ Yoast SEO plugin. -->","yoast_head_json":{"title":"Sz\u00e1ll\u00edt\u00e1si inform\u00e1ci\u00f3k - Decolights.eu","description":"Decolights.eu Inform\u00e1ci\u00f3k a sz\u00e1ll\u00edt\u00e1s id\u0151pontj\u00e1r\u00f3l \u00e9s t\u00edpusair\u00f3l. K\u00f6vetkez\u0151 munkanapi felad\u00e1si szab\u00e1lyzatot alkalmazunk.","robots":{"index":"index","follow":"follow","max-snippet":"max-snippet:-1","max-image-preview":"max-image-preview:large","max-video-preview":"max-video-preview:-1"},"canonical":"https:\/\/decolights.eu\/hu\/shipping\/","og_locale":"hu_HU","og_type":"article","og_title":"Shipping Information - Decolights.eu","og_description":"Decolights.eu Information about the timing and types of delivery. We operate a next business day dispatch policy.","og_url":"https:\/\/decolights.eu\/hu\/shipping\/","og_site_name":"Decolights.eu","article_modified_time":"2023-08-27T11:26:54+00:00","og_image":[{"width":1200,"height":675,"url":"https:\/\/decolights.eu\/wp-content\/uploads\/2023\/07\/DecoLights-yoast-logo.jpg","type":"image\/jpeg"}],"twitter_card":"summary_large_image","twitter_misc":{"Becs\u00fclt olvas\u00e1si id\u0151":"1 perc"},"schema":{"@context":"https:\/\/schema.org","@graph":[{"@type":"WebPage","@id":"https:\/\/decolights.eu\/shipping\/","url":"https:\/\/decolights.eu\/shipping\/","name":"Sz\u00e1ll\u00edt\u00e1si inform\u00e1ci\u00f3k - Decolights.eu","isPartOf":{"@id":"https:\/\/decolights.eu\/#website"},"datePublished":"2019-09-04T10:49:46+00:00","dateModified":"2023-08-27T11:26:54+00:00","description":"Decolights.eu Inform\u00e1ci\u00f3k a sz\u00e1ll\u00edt\u00e1s id\u0151pontj\u00e1r\u00f3l \u00e9s t\u00edpusair\u00f3l. K\u00f6vetkez\u0151 munkanapi felad\u00e1si szab\u00e1lyzatot alkalmazunk.","inLanguage":"hu","potentialAction":[{"@type":"ReadAction","target":["https:\/\/decolights.eu\/shipping\/"]}]},{"@type":"WebSite","@id":"https:\/\/decolights.eu\/#website","url":"https:\/\/decolights.eu\/","name":"decolights","description":"Led dekor\u00e1ci\u00f3 otthonra \u00e9s kertre","publisher":{"@id":"https:\/\/decolights.eu\/#organization"},"alternateName":"decolights.eu","potentialAction":[{"@type":"SearchAction","target":{"@type":"EntryPoint","urlTemplate":"https:\/\/decolights.eu\/?s={search_term_string}"},"query-input":{"@type":"PropertyValueSpecification","valueRequired":true,"valueName":"search_term_string"}}],"inLanguage":"hu"},{"@type":"Organization","@id":"https:\/\/decolights.eu\/#organization","name":"decolights","url":"https:\/\/decolights.eu\/","logo":{"@type":"ImageObject","inLanguage":"hu","@id":"https:\/\/decolights.eu\/#\/schema\/logo\/image\/","url":"https:\/\/decolights.eu\/wp-content\/uploads\/2023\/07\/cropped-decolight-siteicon.png","contentUrl":"https:\/\/decolights.eu\/wp-content\/uploads\/2023\/07\/cropped-decolight-siteicon.png","width":512,"height":512,"caption":"decolights"},"image":{"@id":"https:\/\/decolights.eu\/#\/schema\/logo\/image\/"}}]}},"jetpack_sharing_enabled":true,"_links":{"self":[{"href":"https:\/\/decolights.eu\/hu\/wp-json\/wp\/v2\/pages\/2050","targetHints":{"allow":["GET"]}}],"collection":[{"href":"https:\/\/decolights.eu\/hu\/wp-json\/wp\/v2\/pages"}],"about":[{"href":"https:\/\/decolights.eu\/hu\/wp-json\/wp\/v2\/types\/page"}],"author":[{"embeddable":true,"href":"https:\/\/decolights.eu\/hu\/wp-json\/wp\/v2\/users\/1"}],"replies":[{"embeddable":true,"href":"https:\/\/decolights.eu\/hu\/wp-json\/wp\/v2\/comments?post=2050"}],"version-history":[{"count":2,"href":"https:\/\/decolights.eu\/hu\/wp-json\/wp\/v2\/pages\/2050\/revisions"}],"predecessor-version":[{"id":44731,"href":"https:\/\/decolights.eu\/hu\/wp-json\/wp\/v2\/pages\/2050\/revisions\/44731"}],"wp:attachment":[{"href":"https:\/\/decolights.eu\/hu\/wp-json\/wp\/v2\/media?parent=2050"}],"curies":[{"name":"wp","href":"https:\/\/api.w.org\/{rel}","templated":true}]}}