{"id":3,"date":"2020-11-17T21:01:34","date_gmt":"2020-11-17T21:01:34","guid":{"rendered":"http:\/\/impreza15.us-themes.com\/?page_id=3"},"modified":"2025-09-07T07:20:37","modified_gmt":"2025-09-07T07:20:37","slug":"privacy-policy","status":"publish","type":"page","link":"https:\/\/decolights.eu\/hu\/privacy-policy\/","title":{"rendered":"Adatv\u00e9delmi ir\u00e1nyelvek"},"content":{"rendered":"<p><span style=\"font-size: 14.4px;\">A Decolights.eu elk\u00f6telezett \u00fcgyfelei \u00e9s felhaszn\u00e1l\u00f3i szem\u00e9lyes adatainak v\u00e9delme mellett. Ennek megfelel\u0151en hoztuk l\u00e9tre ezt az Adatv\u00e9delmi Szab\u00e1lyzatot, amely kiterjed az \u00fcgyfelek inform\u00e1ci\u00f3inak gy\u0171jt\u00e9s\u00e9re, felhaszn\u00e1l\u00e1s\u00e1ra, k\u00f6zz\u00e9t\u00e9tel\u00e9re, tov\u00e1bb\u00edt\u00e1s\u00e1ra \u00e9s t\u00e1rol\u00e1s\u00e1ra. Az Interneten v\u00e9gzett tev\u00e9kenys\u00e9geink megfelelnek minden vonatkoz\u00f3 gyakorlatnak \u00e9s a vonatkoz\u00f3 eur\u00f3pai uni\u00f3s jogszab\u00e1lyoknak, valamint az \u00c9szt K\u00f6zt\u00e1rsas\u00e1g t\u00f6rv\u00e9nyeinek. K\u00e9rj\u00fck, sz\u00e1njon egy kis id\u0151t adatv\u00e9delmi szab\u00e1lyzatunk elolvas\u00e1s\u00e1ra.<\/span><\/p>\n<div class=\"w-post-elm post_content\">\n<p><strong>Szem\u00e9lyes adatok gy\u0171jt\u00e9se \u00e9s felhaszn\u00e1l\u00e1sa<\/strong><\/p>\n<p>A szem\u00e9lyes adatok olyan adatok, amelyeket a Decolights.eu a mag\u00e1nszem\u00e9lyekkel k\u00f6t\u00f6tt szerz\u0151d\u00e9s teljes\u00edt\u00e9se vagy kapcsolatfelv\u00e9tel sor\u00e1n gy\u0171jt.<\/p>\n<p><strong>Fizet\u00e9si inform\u00e1ci\u00f3<\/strong><\/p>\n<p>A fizet\u00e9s az e-shopon k\u00edv\u00fcl, biztons\u00e1gos k\u00f6rnyezetben t\u00f6rt\u00e9nik \u2013 a Kevin.eu UAB banki \u00e1tutal\u00e1ssal t\u00f6rt\u00e9n\u0151 fizet\u00e9s eset\u00e9n az adott bank biztons\u00e1gos k\u00f6rnyezet\u00e9ben, a Stripe pedig hitelk\u00e1rty\u00e1s fizet\u00e9s eset\u00e9n a biztons\u00e1gos k\u00f6rnyezetben. Az elad\u00f3 nem f\u00e9r hozz\u00e1 az \u00fcgyf\u00e9l bank- \u00e9s hitelk\u00e1rtyaadataihoz.<\/p>\n<p><strong>A t\u00f6rzsv\u00e1s\u00e1rl\u00f3 szem\u00e9lyes adatai a k\u00f6vetkez\u0151 m\u00f3dokon gy\u0171jthet\u0151k:<\/strong><\/p>\n<p>El\u00e9rhet\u0151s\u00e9gi adatok (bele\u00e9rtve az \u00d6n nev\u00e9t, szem\u00e9lyi azonos\u00edt\u00f3 sz\u00e1m\u00e1t, postai c\u00edm\u00e9t, telefonsz\u00e1m\u00e1t, e-mail c\u00edm\u00e9t, prefer\u00e1lt kapcsolattart\u00e1si m\u00f3dot) megad\u00e1s\u00e1val weboldalunkon vagy m\u00e1shol (pl. \u00fczletekben).<br \/>amikor az \u00fcgyf\u00e9lfi\u00f3k adataib\u00f3l vagy cookie-kon kereszt\u00fcl haszn\u00e1lja a webhelyet.<br \/>amikor \u00fczlet\u00fcnkben vagy e-shopunkban szem\u00e9lyes el\u00e9rhet\u0151s\u00e9gi adatait vagy v\u00e1s\u00e1rl\u00e1si preferenci\u00e1ira vonatkoz\u00f3 inform\u00e1ci\u00f3kat t\u00e1rolva v\u00e1s\u00e1rol vagy megrendel\u00e9st ad le (a decolights.eu megk\u00e9rheti \u00d6nt szem\u00e9lyes adatok \u00e9s szem\u00e9lyes adatok \u00f6nk\u00e9ntes megad\u00e1s\u00e1ra a weboldal bizonyos ter\u00fcletein. Szem\u00e9lyes a k\u00e9rt inform\u00e1ci\u00f3 tartalmazhat nevet, c\u00edmet, ir\u00e1ny\u00edt\u00f3sz\u00e1mot, e-mail c\u00edmet, telefonsz\u00e1mot \u00e9s egy\u00e9b inform\u00e1ci\u00f3kat).<br \/>Egy\u00e9b adatok gy\u0171jt\u00e9se<\/p>\n<p>Szem\u00e9lyazonos\u00edt\u00e1sra nem alkalmas inform\u00e1ci\u00f3kat is gy\u0171jt\u00fcnk \u2013 olyan inform\u00e1ci\u00f3kat, amelyek nem k\u00f6thet\u0151k k\u00f6zvetlen\u00fcl egy adott szem\u00e9lyhez (nem, \u00e9letkor, nyelvi preferencia, hely).<\/p>\n<p>Inform\u00e1ci\u00f3kat gy\u0171jthet\u00fcnk az \u00fczleteinkben \u00e9s a weboldalunkon v\u00e9gzett \u00e1ltal\u00e1nos v\u00e1s\u00e1rl\u00f3i tev\u00e9kenys\u00e9gekr\u0151l is. Ezeket az adatokat \u00f6sszes\u00edtj\u00fck, \u00e9s arra haszn\u00e1ljuk fel, hogy m\u00e9g t\u00f6bb hasznos inform\u00e1ci\u00f3t ny\u00fajtsunk \u00fcgyfeleinknek, \u00e9s megtudjuk, hogy weboldalunk, term\u00e9keink \u00e9s szolg\u00e1ltat\u00e1saink mely r\u00e9szei \u00e9rdeklik \u0151ket legink\u00e1bb. Az \u00f6sszes\u00edtett adatokat a jelen Adatv\u00e9delmi szab\u00e1lyzat szem\u00e9lyes azonos\u00edt\u00e1sra nem alkalmas adatk\u00e9nt kezeli.<\/p>\n<p><strong>Az \u00f6sszegy\u0171jt\u00f6tt szem\u00e9lyes adatok felhaszn\u00e1l\u00e1sa<\/strong><\/p>\n<p>Az \u00f6sszegy\u0171jt\u00f6tt szem\u00e9lyes adatok lehet\u0151v\u00e9 teszik, hogy t\u00e1j\u00e9koztassuk v\u00e1s\u00e1rl\u00f3inkat a decolights.eu term\u00e9kh\u00edrekr\u0151l, akci\u00f3kr\u00f3l \u00e9s a k\u00f6zelg\u0151 esem\u00e9nyekr\u0151l. Az a v\u00e1s\u00e1rl\u00f3, aki nem szeretne felker\u00fclni h\u00edrlevel\u00fcnkre, vagy \u00e9rtes\u00edt\u00e9st kapni az \u0151t \u00e9rdekl\u0151 term\u00e9kekr\u0151l, b\u00e1rmikor leiratkozhat a c\u00e9lz\u00e1sr\u00f3l. Az \u00f6sszegy\u0171jt\u00f6tt szem\u00e9lyes adatokat az \u00e1ruk kisz\u00e1ll\u00edt\u00e1s\u00e1hoz \u00e9s a v\u00e1s\u00e1rl\u00f3val szembeni k\u00f6telezetts\u00e9geink teljes\u00edt\u00e9s\u00e9hez is felhaszn\u00e1ljuk.<\/p>\n<p>Az \u00fcgyf\u00e9l jobb kiszolg\u00e1l\u00e1sa \u00e9rdek\u00e9ben a decolights.eu kiadhatja az egyes felhaszn\u00e1l\u00f3k adatait egy harmadik f\u00e9lnek, amely a Decolights.eu szolg\u00e1ltat\u00e1sait ny\u00fajtja, \u00e9s szerz\u0151d\u00e9sben k\u00f6teles a megosztott inform\u00e1ci\u00f3kat bizalmasan kezelni. Harmadik f\u00e9l p\u00e9ld\u00e1ul az e-shopban \u00e9rt\u00e9kes\u00edtett \u00e1ruk sz\u00e1ll\u00edt\u00e1s\u00e1\u00e9rt felel\u0151s partner\u00fcnk.<\/p>\n<p>Az \u00f6sszegy\u0171jt\u00f6tt szem\u00e9lyes adatok m\u00f3dos\u00edt\u00e1sa<\/p>\n<p>Az \u00d6n azonos\u00edt\u00e1sa \u00e9s kapcsolatfelv\u00e9tele c\u00e9lj\u00e1b\u00f3l gy\u0171jt\u00f6tt szem\u00e9lyes adatok megtekinthet\u0151k, m\u00f3dos\u00edthat\u00f3k \u00e9s friss\u00edthet\u0151k weboldalunk \u201eSaj\u00e1t adatok\u201d r\u00e9sz\u00e9ben.<\/p>\n<p>Szem\u00e9lyes adatok v\u00e9delme<\/p>\n<p>A Decolights.eu minden \u00f3vint\u00e9zked\u00e9st megtesz (bele\u00e9rtve az adminisztrat\u00edv, technikai \u00e9s fizikai int\u00e9zked\u00e9seket is) az \u00fcgyf\u00e9l szem\u00e9lyes adatainak v\u00e9delme \u00e9rdek\u00e9ben. Az adatok m\u00f3dos\u00edt\u00e1s\u00e1hoz \u00e9s feldolgoz\u00e1s\u00e1hoz csak arra jogosult szem\u00e9lyek f\u00e9rhetnek hozz\u00e1.<\/p>\n<p>Biztons\u00e1g<\/p>\n<p>A v\u00e1s\u00e1rl\u00f3nak a decolights.eu e-shop l\u00e1togat\u00e1sa \u00e9s v\u00e1s\u00e1rl\u00e1sa sor\u00e1n nyilv\u00e1noss\u00e1gra hozott szem\u00e9lyes adatait bizalmas inform\u00e1ci\u00f3k\u00e9nt kezelj\u00fck. A bankokkal titkos\u00edtott adatkommunik\u00e1ci\u00f3s csatorna biztos\u00edtja a v\u00e1s\u00e1rl\u00f3 szem\u00e9lyes adatainak \u00e9s a banki tranzakci\u00f3k biztons\u00e1g\u00e1t.<\/p>\n<p>Az Adatv\u00e9delmi szab\u00e1lyzat felt\u00e9telei \u00e9s v\u00e1ltoz\u00e1sai<\/p>\n<p>A decolights.eu weboldal megnyit\u00e1s\u00e1val vagy a h\u0171s\u00e9gjelentkez\u00e9s kit\u00f6lt\u00e9s\u00e9vel \u00d6n elolvasta \u00e9s elfogadja jelen felt\u00e9teleket. Fenntartjuk magunknak a jogot, hogy sz\u00fcks\u00e9g eset\u00e9n minden t\u00f6rzsv\u00e1s\u00e1rl\u00f3t \u00e9rtes\u00edtve megv\u00e1ltoztassuk jelen Adatv\u00e9delmi szab\u00e1lyzat \u00e1ltal\u00e1nos felt\u00e9teleit.<\/p>\n<p>K\u00e9rj\u00fck, forduljon hozz\u00e1nk az info@decolights.eu e-mail c\u00edmen, ha b\u00e1rmilyen k\u00e9rd\u00e9se vagy agg\u00e1lya van az Adatv\u00e9delmi szab\u00e1lyzattal vagy az adatkezel\u00e9ssel kapcsolatban.<\/p>\n<p><strong>SZEM\u00c9LYES ADATOK FELDOLGOZ\u00c1SA<\/strong><\/p>\n<p>The personal data controller of the webshop Decolights.eu is KS led O\u00dc (reg. no.:14710780) e-mail info@decolights.eu<\/p>\n<p><strong>Milyen szem\u00e9lyes adatokat kezel\u00fcnk<\/strong><\/p>\n<ul>\n<li>n\u00e9v, telefonsz\u00e1m \u00e9s e-mail c\u00edm;<\/li>\n<li>sz\u00e1ll\u00edt\u00e1si c\u00edm;<\/li>\n<li>banksz\u00e1mlasz\u00e1m (visszat\u00e9r\u00edt\u00e9s);<\/li>\n<li>az \u00e1ruk \u00e9s szolg\u00e1ltat\u00e1sok k\u00f6lts\u00e9ge \u00e9s fizet\u00e9si adatai (v\u00e1s\u00e1rl\u00e1si el\u0151zm\u00e9nyek);<\/li>\n<li>\u00fcgyf\u00e9lszolg\u00e1lati adatok.<\/li>\n<\/ul>\n<p><strong>A szem\u00e9lyes adatok kezel\u00e9s\u00e9nek c\u00e9ljai<\/strong><\/p>\n<p>A szem\u00e9lyes adatokat a v\u00e1s\u00e1rl\u00f3i rendel\u00e9sek kezel\u00e9s\u00e9re \u00e9s az \u00e1ruk kisz\u00e1ll\u00edt\u00e1s\u00e1ra haszn\u00e1ljuk fel.<\/p>\n<p>A v\u00e1s\u00e1rl\u00e1si el\u0151zm\u00e9nyek adatai (v\u00e1s\u00e1rl\u00e1s d\u00e1tuma, \u00e1ruk, mennyis\u00e9g, v\u00e1s\u00e1rl\u00f3 adatai) a v\u00e1s\u00e1rolt \u00e1ruk \u00e9s szolg\u00e1ltat\u00e1sok \u00e1ttekint\u00e9s\u00e9nek \u00f6ssze\u00e1ll\u00edt\u00e1s\u00e1ra \u00e9s a v\u00e1s\u00e1rl\u00f3i preferenci\u00e1k elemz\u00e9s\u00e9re szolg\u00e1lnak.<\/p>\n<p>A banksz\u00e1mlasz\u00e1m a kifizet\u00e9sek visszak\u00fcld\u00e9s\u00e9re szolg\u00e1l az \u00fcgyf\u00e9lnek.<\/p>\n<p>A szem\u00e9lyes adatokat, mint az e-mail c\u00edm, telefonsz\u00e1m, \u00fcgyf\u00e9ln\u00e9v, az \u00e1ruk \u00e9s szolg\u00e1ltat\u00e1sok ny\u00fajt\u00e1s\u00e1val kapcsolatos k\u00e9rd\u00e9sek (\u00fcgyf\u00e9lszolg\u00e1lat) megold\u00e1sa \u00e9rdek\u00e9ben dolgozzuk fel.<\/p>\n<p>A web\u00e1ruh\u00e1z haszn\u00e1l\u00f3j\u00e1nak IP-c\u00edm\u00e9t vagy egy\u00e9b h\u00e1l\u00f3zati azonos\u00edt\u00f3it a web\u00e1ruh\u00e1z, mint inform\u00e1ci\u00f3s t\u00e1rsadalommal \u00f6sszef\u00fcgg\u0151 szolg\u00e1ltat\u00e1s ny\u00fajt\u00e1sa, valamint webhaszn\u00e1lati statisztika c\u00e9lj\u00e1b\u00f3l kezelj\u00fck.<\/p>\n<p><strong>Jogi alap<\/strong><\/p>\n<p>A szem\u00e9lyes adatok kezel\u00e9se az \u00fcgyf\u00e9llel k\u00f6t\u00f6tt szerz\u0151d\u00e9s teljes\u00edt\u00e9se c\u00e9lj\u00e1b\u00f3l t\u00f6rt\u00e9nik.<\/p>\n<p>A szem\u00e9lyes adatok kezel\u00e9se jogszab\u00e1lyi k\u00f6telezetts\u00e9g teljes\u00edt\u00e9se \u00e9rdek\u00e9ben t\u00f6rt\u00e9nik (pl. sz\u00e1mviteli \u00e9s fogyaszt\u00f3i jogvit\u00e1k rendez\u00e9se).<\/p>\n<p>C\u00edmzettek, akiknek szem\u00e9lyes adatokat tov\u00e1bb\u00edtanak<\/p>\n<p>A szem\u00e9lyes adatokat a web\u00e1ruh\u00e1z \u00fcgyf\u00e9lszolg\u00e1lat\u00e1nak tov\u00e1bb\u00edtjuk a v\u00e1s\u00e1rl\u00e1sok \u00e9s v\u00e1s\u00e1rl\u00e1si el\u0151zm\u00e9nyek kezel\u00e9se, valamint a v\u00e1s\u00e1rl\u00f3i probl\u00e9m\u00e1k megold\u00e1sa \u00e9rdek\u00e9ben.<\/p>\n<p>A nevet, telefonsz\u00e1mot \u00e9s e-mail c\u00edmet a megrendel\u0151 \u00e1ltal v\u00e1lasztott sz\u00e1ll\u00edt\u00e1si szolg\u00e1ltat\u00f3hoz tov\u00e1bb\u00edtjuk. Fut\u00e1rral k\u00e9zbes\u00edtend\u0151 \u00e1ruk eset\u00e9n az el\u00e9rhet\u0151s\u00e9gek mellett a v\u00e1s\u00e1rl\u00f3 c\u00edm\u00e9t is tov\u00e1bb\u00edtjuk.<\/p>\n<p>Az internetes \u00e1ruh\u00e1z szolg\u00e1ltat\u00f3 \u00e1ltali k\u00f6nyvel\u00e9se eset\u00e9n a szem\u00e9lyes adatokat a szolg\u00e1ltat\u00f3 r\u00e9sz\u00e9re k\u00f6nyvel\u00e9si m\u0171veletek elv\u00e9gz\u00e9se c\u00e9lj\u00e1b\u00f3l tov\u00e1bb\u00edtja.<\/p>\n<p>A szem\u00e9lyes adatok inform\u00e1ci\u00f3technol\u00f3giai szolg\u00e1ltat\u00f3k r\u00e9sz\u00e9re tov\u00e1bb\u00edthat\u00f3k, ha ez a web\u00e1ruh\u00e1z m\u0171k\u00f6d\u0151k\u00e9pess\u00e9g\u00e9nek, illetve az adatok el\u00e9rhet\u0151s\u00e9g\u00e9nek biztos\u00edt\u00e1s\u00e1hoz sz\u00fcks\u00e9ges.<\/p>\n<p><strong>Biztons\u00e1g \u00e9s hozz\u00e1f\u00e9r\u00e9s az adatokhoz<\/strong><\/p>\n<p>A szem\u00e9lyes adatokat a Zone Media O\u00dc szerverein t\u00e1roljuk, amelyek az Eur\u00f3pai Uni\u00f3 valamely tag\u00e1llam\u00e1nak vagy az Eur\u00f3pai Gazdas\u00e1gi T\u00e9rs\u00e9ghez tartoz\u00f3 orsz\u00e1gnak a ter\u00fclet\u00e9n tal\u00e1lhat\u00f3k. Az adatok tov\u00e1bb\u00edthat\u00f3k olyan orsz\u00e1gokba, amelyek adatv\u00e9delmi szintj\u00e9t az Eur\u00f3pai Bizotts\u00e1g megfelel\u0151nek \u00edt\u00e9lte meg, valamint az Egyes\u00fclt \u00c1llamokban m\u0171k\u00f6d\u0151 olyan v\u00e1llalatoknak, amelyek al\u00e1\u00edrt\u00e1k a Privacy Shield keretrendszert.<\/p>\n<p>A szem\u00e9lyes adatokhoz az online \u00e1ruh\u00e1z azon dolgoz\u00f3i f\u00e9rhetnek hozz\u00e1, akik az online \u00e1ruh\u00e1z haszn\u00e1lat\u00e1val kapcsolatos technikai k\u00e9rd\u00e9sek megold\u00e1sa \u00e9s \u00fcgyf\u00e9lszolg\u00e1lati szolg\u00e1ltat\u00e1sok ny\u00fajt\u00e1sa \u00e9rdek\u00e9ben hozz\u00e1f\u00e9rhetnek a szem\u00e9lyes adatokhoz.<\/p>\n<p>A web\u00e1ruh\u00e1z megfelel\u0151 fizikai, szervezeti \u00e9s informatikai biztons\u00e1gi int\u00e9zked\u00e9seket alkalmaz a szem\u00e9lyes adatok v\u00e9letlen vagy jogellenes megsemmis\u00fcl\u00e9se, elveszt\u00e9se, megv\u00e1ltoztat\u00e1sa vagy jogosulatlan hozz\u00e1f\u00e9r\u00e9s \u00e9s nyilv\u00e1noss\u00e1gra hozatal ellen.<\/p>\n<p>A szem\u00e9lyes adatoknak az online \u00e1ruh\u00e1z adatfeldolgoz\u00f3inak (pl. k\u00f6zleked\u00e9si szolg\u00e1ltat\u00f3knak \u00e9s adatgy\u0171jt\u0151knek) t\u00f6rt\u00e9n\u0151 tov\u00e1bb\u00edt\u00e1sa az online \u00e1ruh\u00e1z \u00e9s az adatfeldolgoz\u00f3k k\u00f6z\u00f6tti meg\u00e1llapod\u00e1sok t\u00e1rgya. Az adatfeldolgoz\u00f3k k\u00f6telesek megfelel\u0151 biztos\u00edt\u00e9kokat biztos\u00edtani a szem\u00e9lyes adatok kezel\u00e9se sor\u00e1n.<\/p>\n<p>A szem\u00e9lyes adatokhoz val\u00f3 hozz\u00e1f\u00e9r\u00e9s \u00e9s azok helyesb\u00edt\u00e9se<\/p>\n<p>A szem\u00e9lyes adatok a web\u00e1ruh\u00e1z felhaszn\u00e1l\u00f3i profilj\u00e1ban \u00e9rhet\u0151k el \u00e9s jav\u00edthat\u00f3k. Ha a v\u00e1s\u00e1rl\u00e1s felhaszn\u00e1l\u00f3i fi\u00f3k n\u00e9lk\u00fcl t\u00f6rt\u00e9nt, a szem\u00e9lyes adatok a web\u00e1ruh\u00e1zon kereszt\u00fcl \u00e9rhet\u0151k el.<\/p>\n<p><strong>A hozz\u00e1j\u00e1rul\u00e1s visszavon\u00e1sa<\/strong><\/p>\n<p>Amennyiben a szem\u00e9lyes adatok kezel\u00e9se az \u00fcgyf\u00e9l hozz\u00e1j\u00e1rul\u00e1s\u00e1n alapul, az \u00fcgyf\u00e9lnek jog\u00e1ban \u00e1ll visszavonni hozz\u00e1j\u00e1rul\u00e1s\u00e1t az \u00fcgyf\u00e9lszolg\u00e1lat e-mailben t\u00f6rt\u00e9n\u0151 \u00e9rtes\u00edt\u00e9s\u00e9vel.<\/p>\n<p>Visszatart\u00e1s<\/p>\n<p>A szem\u00e9lyes adatok a web\u00e1ruh\u00e1z v\u00e1s\u00e1rl\u00f3i fi\u00f3kj\u00e1nak lez\u00e1r\u00e1sakor t\u00f6rl\u00e9sre ker\u00fclnek, kiv\u00e9ve, ha ezeket az adatokat sz\u00e1mviteli vagy fogyaszt\u00f3i jogvit\u00e1k rendez\u00e9se c\u00e9lj\u00e1b\u00f3l kell meg\u0151rizni.<\/p>\n<p>Ha a web\u00e1ruh\u00e1zban v\u00e1s\u00e1rl\u00f3i fi\u00f3k n\u00e9lk\u00fcl v\u00e1s\u00e1rolt, a v\u00e1s\u00e1rl\u00e1si el\u0151zm\u00e9nyeket h\u00e1rom \u00e9vig meg\u0151rizz\u00fck.<\/p>\n<p>Fizet\u00e9ssel kapcsolatos vit\u00e1k \u00e9s fogyaszt\u00f3i jogvit\u00e1k eset\u00e9n a szem\u00e9lyes adatokat a k\u00f6vetel\u00e9s rendez\u00e9s\u00e9ig vagy az el\u00e9v\u00fcl\u00e9si id\u0151 lej\u00e1rt\u00e1ig meg\u0151rizz\u00fck.<\/p>\n<p>A sz\u00e1mviteli c\u00e9lb\u00f3l sz\u00fcks\u00e9ges szem\u00e9lyes adatokat h\u00e9t \u00e9vig \u0151rizz\u00fck meg.<\/p>\n<p><strong>T\u00f6rl\u00e9s<\/strong><\/p>\n<p>A szem\u00e9lyes adatok t\u00f6rl\u00e9s\u00e9hez k\u00e9rj\u00fck, vegye fel a kapcsolatot az \u00fcgyf\u00e9lszolg\u00e1lattal e-mailben. A t\u00f6rl\u00e9si k\u00e9relemre legk\u00e9s\u0151bb egy h\u00f3napon bel\u00fcl v\u00e1laszt k\u00fcld\u00fcnk a t\u00f6rl\u00e9s id\u0151tartam\u00e1nak megjel\u00f6l\u00e9s\u00e9vel.<\/p>\n<p><strong>Transzfer ide<\/strong><\/p>\n<p>Az e-mailben beny\u00fajtott szem\u00e9lyes adatok tov\u00e1bb\u00edt\u00e1s\u00e1ra ir\u00e1nyul\u00f3 k\u00e9relmekre legk\u00e9s\u0151bb egy h\u00f3napon bel\u00fcl v\u00e1laszolunk. Az \u00dcgyf\u00e9lszolg\u00e1lat ellen\u0151rzi a szem\u00e9lyazonoss\u00e1got \u00e9s t\u00e1j\u00e9koztatja a tov\u00e1bb\u00edtand\u00f3 szem\u00e9lyes adatokr\u00f3l.<\/p>\n<p><strong>Direkt marketing kommunik\u00e1ci\u00f3<\/strong><\/p>\n<p>Az e-mail c\u00edmet \u00e9s telefonsz\u00e1mot direkt marketing k\u00f6zlem\u00e9nyek k\u00fcld\u00e9s\u00e9re haszn\u00e1ljuk fel, ha az \u00fcgyf\u00e9l ehhez hozz\u00e1j\u00e1rult. Ha az \u00fcgyf\u00e9l nem k\u00edv\u00e1n direkt marketing kommunik\u00e1ci\u00f3t kapni, v\u00e1lassza ki a megfelel\u0151 hivatkoz\u00e1st az e-mail l\u00e1bl\u00e9c\u00e9ben, vagy vegye fel a kapcsolatot az \u00fcgyf\u00e9lszolg\u00e1lattal.<\/p>\n<p>Ha a szem\u00e9lyes adatokat direkt marketing (profiloz\u00e1s) c\u00e9lj\u00e1b\u00f3l kezelik, az \u00fcgyf\u00e9lnek jog\u00e1ban \u00e1ll b\u00e1rmikor tiltakozni szem\u00e9lyes adatainak kezdeti \u00e9s tov\u00e1bbi kezel\u00e9se ellen, ide\u00e9rtve a direkt marketinggel kapcsolatos profilalkot\u00e1st is, az \u00fcgyf\u00e9l t\u00e1j\u00e9koztat\u00e1s\u00e1val t\u00e1mogat\u00e1s e-mailben.<\/p>\n<p><strong>Vitarendez\u00e9s<\/strong><\/p>\n<p>A szem\u00e9lyes adatok feldolgoz\u00e1s\u00e1val kapcsolatos vit\u00e1s k\u00e9rd\u00e9sek az info@Decolights.eu e-mail c\u00edmen el\u00e9rhet\u0151 \u00fcgyf\u00e9lszolg\u00e1laton kereszt\u00fcl rendezhet\u0151k. A fel\u00fcgyeleti hat\u00f3s\u00e1g az \u00c9szt Adatv\u00e9delmi Fel\u00fcgyel\u0151s\u00e9g (info@aki.ee).<\/p>\n<\/div>","protected":false},"excerpt":{"rendered":"","protected":false},"author":1,"featured_media":0,"parent":0,"menu_order":0,"comment_status":"closed","ping_status":"open","template":"","meta":{"footnotes":""},"class_list":["post-3","page","type-page","status-publish","hentry"],"yoast_head":"<!-- This site is optimized with the Yoast SEO plugin v27.3 - https:\/\/yoast.com\/product\/yoast-seo-wordpress\/ -->\n<title>Privacy Policy - Decolights.eu<\/title>\n<meta name=\"robots\" content=\"index, follow, max-snippet:-1, max-image-preview:large, max-video-preview:-1\" \/>\n<link rel=\"canonical\" href=\"https:\/\/decolights.eu\/hu\/privacy-policy\/\" \/>\n<meta property=\"og:locale\" content=\"hu_HU\" \/>\n<meta property=\"og:type\" content=\"article\" \/>\n<meta property=\"og:title\" content=\"Privacy Policy - Decolights.eu\" \/>\n<meta property=\"og:url\" content=\"https:\/\/decolights.eu\/hu\/privacy-policy\/\" \/>\n<meta property=\"og:site_name\" content=\"Decolights.eu\" \/>\n<meta property=\"article:modified_time\" content=\"2025-09-07T07:20:37+00:00\" \/>\n<meta property=\"og:image\" content=\"https:\/\/decolights.eu\/wp-content\/uploads\/2023\/07\/DecoLights-yoast-logo.jpg\" \/>\n\t<meta property=\"og:image:width\" content=\"1200\" \/>\n\t<meta property=\"og:image:height\" content=\"675\" \/>\n\t<meta property=\"og:image:type\" content=\"image\/jpeg\" \/>\n<meta name=\"twitter:card\" content=\"summary_large_image\" \/>\n<meta name=\"twitter:label1\" content=\"Becs\u00fclt olvas\u00e1si id\u0151\" \/>\n\t<meta name=\"twitter:data1\" content=\"8 perc\" \/>\n<script type=\"application\/ld+json\" class=\"yoast-schema-graph\">{\"@context\":\"https:\\\/\\\/schema.org\",\"@graph\":[{\"@type\":\"WebPage\",\"@id\":\"https:\\\/\\\/decolights.eu\\\/privacy-policy\\\/\",\"url\":\"https:\\\/\\\/decolights.eu\\\/privacy-policy\\\/\",\"name\":\"Privacy Policy - Decolights.eu\",\"isPartOf\":{\"@id\":\"https:\\\/\\\/decolights.eu\\\/#website\"},\"datePublished\":\"2020-11-17T21:01:34+00:00\",\"dateModified\":\"2025-09-07T07:20:37+00:00\",\"inLanguage\":\"hu\",\"potentialAction\":[{\"@type\":\"ReadAction\",\"target\":[\"https:\\\/\\\/decolights.eu\\\/privacy-policy\\\/\"]}]},{\"@type\":\"WebSite\",\"@id\":\"https:\\\/\\\/decolights.eu\\\/#website\",\"url\":\"https:\\\/\\\/decolights.eu\\\/\",\"name\":\"decolights\",\"description\":\"Led Decorations for Home and Garden\",\"publisher\":{\"@id\":\"https:\\\/\\\/decolights.eu\\\/#organization\"},\"alternateName\":\"decolights.eu\",\"potentialAction\":[{\"@type\":\"SearchAction\",\"target\":{\"@type\":\"EntryPoint\",\"urlTemplate\":\"https:\\\/\\\/decolights.eu\\\/?s={search_term_string}\"},\"query-input\":{\"@type\":\"PropertyValueSpecification\",\"valueRequired\":true,\"valueName\":\"search_term_string\"}}],\"inLanguage\":\"hu\"},{\"@type\":\"Organization\",\"@id\":\"https:\\\/\\\/decolights.eu\\\/#organization\",\"name\":\"decolights\",\"url\":\"https:\\\/\\\/decolights.eu\\\/\",\"logo\":{\"@type\":\"ImageObject\",\"inLanguage\":\"hu\",\"@id\":\"https:\\\/\\\/decolights.eu\\\/#\\\/schema\\\/logo\\\/image\\\/\",\"url\":\"https:\\\/\\\/decolights.eu\\\/wp-content\\\/uploads\\\/2023\\\/07\\\/cropped-decolight-siteicon.png\",\"contentUrl\":\"https:\\\/\\\/decolights.eu\\\/wp-content\\\/uploads\\\/2023\\\/07\\\/cropped-decolight-siteicon.png\",\"width\":512,\"height\":512,\"caption\":\"decolights\"},\"image\":{\"@id\":\"https:\\\/\\\/decolights.eu\\\/#\\\/schema\\\/logo\\\/image\\\/\"}}]}<\/script>\n<!-- \/ Yoast SEO plugin. -->","yoast_head_json":{"title":"Adatv\u00e9delmi szab\u00e1lyzat - Decolights.eu","robots":{"index":"index","follow":"follow","max-snippet":"max-snippet:-1","max-image-preview":"max-image-preview:large","max-video-preview":"max-video-preview:-1"},"canonical":"https:\/\/decolights.eu\/hu\/privacy-policy\/","og_locale":"hu_HU","og_type":"article","og_title":"Privacy Policy - Decolights.eu","og_url":"https:\/\/decolights.eu\/hu\/privacy-policy\/","og_site_name":"Decolights.eu","article_modified_time":"2025-09-07T07:20:37+00:00","og_image":[{"width":1200,"height":675,"url":"https:\/\/decolights.eu\/wp-content\/uploads\/2023\/07\/DecoLights-yoast-logo.jpg","type":"image\/jpeg"}],"twitter_card":"summary_large_image","twitter_misc":{"Becs\u00fclt olvas\u00e1si id\u0151":"8 perc"},"schema":{"@context":"https:\/\/schema.org","@graph":[{"@type":"WebPage","@id":"https:\/\/decolights.eu\/privacy-policy\/","url":"https:\/\/decolights.eu\/privacy-policy\/","name":"Adatv\u00e9delmi szab\u00e1lyzat - Decolights.eu","isPartOf":{"@id":"https:\/\/decolights.eu\/#website"},"datePublished":"2020-11-17T21:01:34+00:00","dateModified":"2025-09-07T07:20:37+00:00","inLanguage":"hu","potentialAction":[{"@type":"ReadAction","target":["https:\/\/decolights.eu\/privacy-policy\/"]}]},{"@type":"WebSite","@id":"https:\/\/decolights.eu\/#website","url":"https:\/\/decolights.eu\/","name":"decolights","description":"Led dekor\u00e1ci\u00f3 otthonra \u00e9s kertre","publisher":{"@id":"https:\/\/decolights.eu\/#organization"},"alternateName":"decolights.eu","potentialAction":[{"@type":"SearchAction","target":{"@type":"EntryPoint","urlTemplate":"https:\/\/decolights.eu\/?s={search_term_string}"},"query-input":{"@type":"PropertyValueSpecification","valueRequired":true,"valueName":"search_term_string"}}],"inLanguage":"hu"},{"@type":"Organization","@id":"https:\/\/decolights.eu\/#organization","name":"decolights","url":"https:\/\/decolights.eu\/","logo":{"@type":"ImageObject","inLanguage":"hu","@id":"https:\/\/decolights.eu\/#\/schema\/logo\/image\/","url":"https:\/\/decolights.eu\/wp-content\/uploads\/2023\/07\/cropped-decolight-siteicon.png","contentUrl":"https:\/\/decolights.eu\/wp-content\/uploads\/2023\/07\/cropped-decolight-siteicon.png","width":512,"height":512,"caption":"decolights"},"image":{"@id":"https:\/\/decolights.eu\/#\/schema\/logo\/image\/"}}]}},"jetpack_sharing_enabled":true,"_links":{"self":[{"href":"https:\/\/decolights.eu\/hu\/wp-json\/wp\/v2\/pages\/3","targetHints":{"allow":["GET"]}}],"collection":[{"href":"https:\/\/decolights.eu\/hu\/wp-json\/wp\/v2\/pages"}],"about":[{"href":"https:\/\/decolights.eu\/hu\/wp-json\/wp\/v2\/types\/page"}],"author":[{"embeddable":true,"href":"https:\/\/decolights.eu\/hu\/wp-json\/wp\/v2\/users\/1"}],"replies":[{"embeddable":true,"href":"https:\/\/decolights.eu\/hu\/wp-json\/wp\/v2\/comments?post=3"}],"version-history":[{"count":1,"href":"https:\/\/decolights.eu\/hu\/wp-json\/wp\/v2\/pages\/3\/revisions"}],"predecessor-version":[{"id":44822,"href":"https:\/\/decolights.eu\/hu\/wp-json\/wp\/v2\/pages\/3\/revisions\/44822"}],"wp:attachment":[{"href":"https:\/\/decolights.eu\/hu\/wp-json\/wp\/v2\/media?parent=3"}],"curies":[{"name":"wp","href":"https:\/\/api.w.org\/{rel}","templated":true}]}}