{"id":43724,"date":"2023-04-24T14:39:05","date_gmt":"2023-04-24T14:39:05","guid":{"rendered":"https:\/\/decolights.eu\/?post_type=product&#038;p=43724"},"modified":"2023-06-09T09:54:45","modified_gmt":"2023-06-09T09:54:45","slug":"led-lambiketi-komplekt-rippuvate-pesadega-4-5m-10-pirni-paikesepaneeliga","status":"publish","type":"product","link":"https:\/\/decolights.eu\/hu\/termek-2\/led-lambiketi-komplekt-rippuvate-pesadega-4-5m-10-pirni-paikesepaneeliga\/","title":{"rendered":"Festoon LED l\u00e1mp\u00e1k f\u00fcggesztett izz\u00f3kkal Napenergi\u00e1val m\u0171k\u00f6d\u0151 4,5 m 10 izz\u00f3"},"content":{"rendered":"<p>A f\u00fcgg\u0151 villanyk\u00f6rte figyelemre m\u00e9lt\u00f3 term\u00e9k, amely t\u00f6k\u00e9letes dekorat\u00edv \u00e9s praktikus vil\u00e1g\u00edt\u00e1sra a kertben vagy a telken. Ez is egy nagyon j\u00f3 vil\u00e1g\u00edt\u00f3test egy \u00e9tterem vagy iroda d\u00edsz\u00edt\u00e9s\u00e9re. Felh\u00edvja mag\u00e1ra a figyelmet \u00e9s nagyon sz\u00e9p eredm\u00e9nyt \u00e9s hangulatot teremt.<\/p>\n<p>A term\u00e9k napelemes panellel rendelkezik, ami energiatakar\u00e9koss\u00e1 teszi. Helyezze a napelemet napos helyre, \u00e9s \u00e9lvezze az eredm\u00e9nyt minden este!<\/p>\n<ul>\n<li>A term\u00e9k teljes hossza: 6,6M<\/li>\n<li>Cell\u00e1k sz\u00e1ma: 10db<\/li>\n<li>Aljzatok: E27 \/ G45<\/li>\n<li>Izz\u00f3k: 10db meleg feh\u00e9r izz\u00f3k E27<\/li>\n<li>Izz\u00f3 teljes\u00edtm\u00e9nye: 1W<\/li>\n<li>Izz\u00f3 \u00e1tm\u00e9r\u0151je: 4 cm<\/li>\n<li>F\u00fcggesztett r\u00e9szek hossza: 25 cm<\/li>\n<li>Az aljzatok k\u00f6z\u00f6tti t\u00e1vols\u00e1g: 0,5M<\/li>\n<li>T\u00e1pk\u00e1bel hossza: 1,6 m<\/li>\n<li>V\u00edz\u00e1ll\u00f3s\u00e1g: IP44<\/li>\n<li>\u00d3lom: PVC<\/li>\n<li>K\u00e1bel sz\u00edne: fekete<\/li>\n<li>Kimeneti \u00e1ram: 24V<\/li>\n<li>Folyamatos: Igen, 5-ig<\/li>\n<\/ul>\n<p>Megjegyz\u00e9s: Ez egy komplett k\u00e9szlet, bele\u00e9rtve a l\u00e1mpal\u00e1ncot \u00e9s az izz\u00f3kat! Az izz\u00f3k cser\u00e9lhet\u0151k.<\/p>","protected":false},"excerpt":{"rendered":"<p>The hanging light bulb is a remarkable product that is perfect for decorative and practical lighting in the garden or on a plot. It&#8217;s also a very good lighting fixture for decorating a restaurant or office. It draws attention to itself and creates a very beautiful result and mood. The product has a solar panel [&#8230;]\n","protected":false},"featured_media":43791,"comment_status":"open","ping_status":"closed","template":"","meta":[],"product_brand":[],"product_cat":[226,232,195,171],"product_tag":[],"class_list":{"0":"post-43724","1":"product","2":"type-product","3":"status-publish","4":"has-post-thumbnail","6":"product_cat-outdoor-lights","7":"product_cat-solar-festoon-lights-outdoor-lights","8":"product_cat-solar-festoon-lights","9":"product_cat-solar-lights","11":"first","12":"instock","13":"sale","14":"shipping-taxable","15":"purchasable","16":"product-type-simple"},"yoast_head":"<!-- This site is optimized with the Yoast SEO plugin v27.3 - https:\/\/yoast.com\/product\/yoast-seo-wordpress\/ -->\n<title>Festoon LED Lights with hanging bulbs Solarpowered 4.5m 10 bulbs - Decolights.eu<\/title>\n<meta name=\"description\" content=\"P\u00e4ikesepaneeliga LED lambikett on suve terasside lahutamatu osa! Kaunista sellega nii oma koduaed kui ka restorani v\u00f5i kontori hoov. Osta kohe!\" \/>\n<meta name=\"robots\" content=\"index, follow, max-snippet:-1, max-image-preview:large, max-video-preview:-1\" \/>\n<link rel=\"canonical\" href=\"https:\/\/decolights.eu\/hu\/termek-2\/led-lambiketi-komplekt-rippuvate-pesadega-4-5m-10-pirni-paikesepaneeliga\/\" \/>\n<meta property=\"og:locale\" content=\"hu_HU\" \/>\n<meta property=\"og:type\" content=\"article\" \/>\n<meta property=\"og:title\" content=\"Festoon LED Lights with hanging bulbs Solarpowered 4.5m 10 bulbs - Decolights.eu\" \/>\n<meta property=\"og:description\" content=\"P\u00e4ikesepaneeliga LED lambikett on suve terasside lahutamatu osa! Kaunista sellega nii oma koduaed kui ka restorani v\u00f5i kontori hoov. Osta kohe!\" \/>\n<meta property=\"og:url\" content=\"https:\/\/decolights.eu\/hu\/termek-2\/led-lambiketi-komplekt-rippuvate-pesadega-4-5m-10-pirni-paikesepaneeliga\/\" \/>\n<meta property=\"og:site_name\" content=\"Decolights.eu\" \/>\n<meta property=\"article:modified_time\" content=\"2023-06-09T09:54:45+00:00\" \/>\n<meta property=\"og:image\" content=\"https:\/\/decolights.eu\/wp-content\/uploads\/2023\/05\/23534_s.jpg\" \/>\n\t<meta property=\"og:image:width\" content=\"1417\" \/>\n\t<meta property=\"og:image:height\" content=\"1093\" \/>\n\t<meta property=\"og:image:type\" content=\"image\/jpeg\" \/>\n<meta name=\"twitter:card\" content=\"summary_large_image\" \/>\n<meta name=\"twitter:label1\" content=\"Becs\u00fclt olvas\u00e1si id\u0151\" \/>\n\t<meta name=\"twitter:data1\" content=\"1 perc\" \/>\n<script type=\"application\/ld+json\" class=\"yoast-schema-graph\">{\"@context\":\"https:\\\/\\\/schema.org\",\"@graph\":[{\"@type\":\"WebPage\",\"@id\":\"https:\\\/\\\/decolights.eu\\\/product\\\/led-lambiketi-komplekt-rippuvate-pesadega-4-5m-10-pirni-paikesepaneeliga\\\/\",\"url\":\"https:\\\/\\\/decolights.eu\\\/product\\\/led-lambiketi-komplekt-rippuvate-pesadega-4-5m-10-pirni-paikesepaneeliga\\\/\",\"name\":\"Festoon LED Lights with hanging bulbs Solarpowered 4.5m 10 bulbs - Decolights.eu\",\"isPartOf\":{\"@id\":\"https:\\\/\\\/decolights.eu\\\/#website\"},\"primaryImageOfPage\":{\"@id\":\"https:\\\/\\\/decolights.eu\\\/product\\\/led-lambiketi-komplekt-rippuvate-pesadega-4-5m-10-pirni-paikesepaneeliga\\\/#primaryimage\"},\"image\":{\"@id\":\"https:\\\/\\\/decolights.eu\\\/product\\\/led-lambiketi-komplekt-rippuvate-pesadega-4-5m-10-pirni-paikesepaneeliga\\\/#primaryimage\"},\"thumbnailUrl\":\"https:\\\/\\\/decolights.eu\\\/wp-content\\\/uploads\\\/2023\\\/05\\\/23534_s.jpg\",\"datePublished\":\"2023-04-24T14:39:05+00:00\",\"dateModified\":\"2023-06-09T09:54:45+00:00\",\"description\":\"P\u00e4ikesepaneeliga LED lambikett on suve terasside lahutamatu osa! Kaunista sellega nii oma koduaed kui ka restorani v\u00f5i kontori hoov. Osta kohe!\",\"breadcrumb\":{\"@id\":\"https:\\\/\\\/decolights.eu\\\/product\\\/led-lambiketi-komplekt-rippuvate-pesadega-4-5m-10-pirni-paikesepaneeliga\\\/#breadcrumb\"},\"inLanguage\":\"hu\",\"potentialAction\":[{\"@type\":\"ReadAction\",\"target\":[\"https:\\\/\\\/decolights.eu\\\/product\\\/led-lambiketi-komplekt-rippuvate-pesadega-4-5m-10-pirni-paikesepaneeliga\\\/\"]}]},{\"@type\":\"ImageObject\",\"inLanguage\":\"hu\",\"@id\":\"https:\\\/\\\/decolights.eu\\\/product\\\/led-lambiketi-komplekt-rippuvate-pesadega-4-5m-10-pirni-paikesepaneeliga\\\/#primaryimage\",\"url\":\"https:\\\/\\\/decolights.eu\\\/wp-content\\\/uploads\\\/2023\\\/05\\\/23534_s.jpg\",\"contentUrl\":\"https:\\\/\\\/decolights.eu\\\/wp-content\\\/uploads\\\/2023\\\/05\\\/23534_s.jpg\",\"width\":1417,\"height\":1093},{\"@type\":\"BreadcrumbList\",\"@id\":\"https:\\\/\\\/decolights.eu\\\/product\\\/led-lambiketi-komplekt-rippuvate-pesadega-4-5m-10-pirni-paikesepaneeliga\\\/#breadcrumb\",\"itemListElement\":[{\"@type\":\"ListItem\",\"position\":1,\"name\":\"Shop\",\"item\":\"https:\\\/\\\/decolights.eu\\\/shop\\\/\"},{\"@type\":\"ListItem\",\"position\":2,\"name\":\"Festoon LED Lights with hanging bulbs Solarpowered 4.5m 10 bulbs\"}]},{\"@type\":\"WebSite\",\"@id\":\"https:\\\/\\\/decolights.eu\\\/#website\",\"url\":\"https:\\\/\\\/decolights.eu\\\/\",\"name\":\"decolights\",\"description\":\"Led Decorations for Home and Garden\",\"publisher\":{\"@id\":\"https:\\\/\\\/decolights.eu\\\/#organization\"},\"alternateName\":\"decolights.eu\",\"potentialAction\":[{\"@type\":\"SearchAction\",\"target\":{\"@type\":\"EntryPoint\",\"urlTemplate\":\"https:\\\/\\\/decolights.eu\\\/?s={search_term_string}\"},\"query-input\":{\"@type\":\"PropertyValueSpecification\",\"valueRequired\":true,\"valueName\":\"search_term_string\"}}],\"inLanguage\":\"hu\"},{\"@type\":\"Organization\",\"@id\":\"https:\\\/\\\/decolights.eu\\\/#organization\",\"name\":\"decolights\",\"url\":\"https:\\\/\\\/decolights.eu\\\/\",\"logo\":{\"@type\":\"ImageObject\",\"inLanguage\":\"hu\",\"@id\":\"https:\\\/\\\/decolights.eu\\\/#\\\/schema\\\/logo\\\/image\\\/\",\"url\":\"https:\\\/\\\/decolights.eu\\\/wp-content\\\/uploads\\\/2023\\\/07\\\/cropped-decolight-siteicon.png\",\"contentUrl\":\"https:\\\/\\\/decolights.eu\\\/wp-content\\\/uploads\\\/2023\\\/07\\\/cropped-decolight-siteicon.png\",\"width\":512,\"height\":512,\"caption\":\"decolights\"},\"image\":{\"@id\":\"https:\\\/\\\/decolights.eu\\\/#\\\/schema\\\/logo\\\/image\\\/\"}}]}<\/script>\n<!-- \/ Yoast SEO plugin. -->","yoast_head_json":{"title":"Festoon LED l\u00e1mp\u00e1k f\u00fcggesztett izz\u00f3kkal Napenergi\u00e1val m\u0171k\u00f6d\u0151 4,5 m-es 10 izz\u00f3s - Decolights.eu","description":"P\u00e4ikesepaneeliga LED lambikett on suvede sz\u00e9tmarad! Kaunista sellega nii oma koduaed kui ka restorani v\u00f5i kontori hoov. Osta kohe!","robots":{"index":"index","follow":"follow","max-snippet":"max-snippet:-1","max-image-preview":"max-image-preview:large","max-video-preview":"max-video-preview:-1"},"canonical":"https:\/\/decolights.eu\/hu\/termek-2\/led-lambiketi-komplekt-rippuvate-pesadega-4-5m-10-pirni-paikesepaneeliga\/","og_locale":"hu_HU","og_type":"article","og_title":"Festoon LED Lights with hanging bulbs Solarpowered 4.5m 10 bulbs - Decolights.eu","og_description":"P\u00e4ikesepaneeliga LED lambikett on suve terasside lahutamatu osa! Kaunista sellega nii oma koduaed kui ka restorani v\u00f5i kontori hoov. Osta kohe!","og_url":"https:\/\/decolights.eu\/hu\/termek-2\/led-lambiketi-komplekt-rippuvate-pesadega-4-5m-10-pirni-paikesepaneeliga\/","og_site_name":"Decolights.eu","article_modified_time":"2023-06-09T09:54:45+00:00","og_image":[{"width":1417,"height":1093,"url":"https:\/\/decolights.eu\/wp-content\/uploads\/2023\/05\/23534_s.jpg","type":"image\/jpeg"}],"twitter_card":"summary_large_image","twitter_misc":{"Becs\u00fclt olvas\u00e1si id\u0151":"1 perc"},"schema":{"@context":"https:\/\/schema.org","@graph":[{"@type":"WebPage","@id":"https:\/\/decolights.eu\/product\/led-lambiketi-komplekt-rippuvate-pesadega-4-5m-10-pirni-paikesepaneeliga\/","url":"https:\/\/decolights.eu\/product\/led-lambiketi-komplekt-rippuvate-pesadega-4-5m-10-pirni-paikesepaneeliga\/","name":"Festoon LED l\u00e1mp\u00e1k f\u00fcggesztett izz\u00f3kkal Napenergi\u00e1val m\u0171k\u00f6d\u0151 4,5 m-es 10 izz\u00f3s - Decolights.eu","isPartOf":{"@id":"https:\/\/decolights.eu\/#website"},"primaryImageOfPage":{"@id":"https:\/\/decolights.eu\/product\/led-lambiketi-komplekt-rippuvate-pesadega-4-5m-10-pirni-paikesepaneeliga\/#primaryimage"},"image":{"@id":"https:\/\/decolights.eu\/product\/led-lambiketi-komplekt-rippuvate-pesadega-4-5m-10-pirni-paikesepaneeliga\/#primaryimage"},"thumbnailUrl":"https:\/\/decolights.eu\/wp-content\/uploads\/2023\/05\/23534_s.jpg","datePublished":"2023-04-24T14:39:05+00:00","dateModified":"2023-06-09T09:54:45+00:00","description":"P\u00e4ikesepaneeliga LED lambikett on suvede sz\u00e9tmarad! Kaunista sellega nii oma koduaed kui ka restorani v\u00f5i kontori hoov. Osta kohe!","breadcrumb":{"@id":"https:\/\/decolights.eu\/product\/led-lambiketi-komplekt-rippuvate-pesadega-4-5m-10-pirni-paikesepaneeliga\/#breadcrumb"},"inLanguage":"hu","potentialAction":[{"@type":"ReadAction","target":["https:\/\/decolights.eu\/product\/led-lambiketi-komplekt-rippuvate-pesadega-4-5m-10-pirni-paikesepaneeliga\/"]}]},{"@type":"ImageObject","inLanguage":"hu","@id":"https:\/\/decolights.eu\/product\/led-lambiketi-komplekt-rippuvate-pesadega-4-5m-10-pirni-paikesepaneeliga\/#primaryimage","url":"https:\/\/decolights.eu\/wp-content\/uploads\/2023\/05\/23534_s.jpg","contentUrl":"https:\/\/decolights.eu\/wp-content\/uploads\/2023\/05\/23534_s.jpg","width":1417,"height":1093},{"@type":"BreadcrumbList","@id":"https:\/\/decolights.eu\/product\/led-lambiketi-komplekt-rippuvate-pesadega-4-5m-10-pirni-paikesepaneeliga\/#breadcrumb","itemListElement":[{"@type":"ListItem","position":1,"name":"Shop","item":"https:\/\/decolights.eu\/shop\/"},{"@type":"ListItem","position":2,"name":"Festoon LED Lights with hanging bulbs Solarpowered 4.5m 10 bulbs"}]},{"@type":"WebSite","@id":"https:\/\/decolights.eu\/#website","url":"https:\/\/decolights.eu\/","name":"decolights","description":"Led dekor\u00e1ci\u00f3 otthonra \u00e9s kertre","publisher":{"@id":"https:\/\/decolights.eu\/#organization"},"alternateName":"decolights.eu","potentialAction":[{"@type":"SearchAction","target":{"@type":"EntryPoint","urlTemplate":"https:\/\/decolights.eu\/?s={search_term_string}"},"query-input":{"@type":"PropertyValueSpecification","valueRequired":true,"valueName":"search_term_string"}}],"inLanguage":"hu"},{"@type":"Organization","@id":"https:\/\/decolights.eu\/#organization","name":"decolights","url":"https:\/\/decolights.eu\/","logo":{"@type":"ImageObject","inLanguage":"hu","@id":"https:\/\/decolights.eu\/#\/schema\/logo\/image\/","url":"https:\/\/decolights.eu\/wp-content\/uploads\/2023\/07\/cropped-decolight-siteicon.png","contentUrl":"https:\/\/decolights.eu\/wp-content\/uploads\/2023\/07\/cropped-decolight-siteicon.png","width":512,"height":512,"caption":"decolights"},"image":{"@id":"https:\/\/decolights.eu\/#\/schema\/logo\/image\/"}}]}},"jetpack_sharing_enabled":true,"_links":{"self":[{"href":"https:\/\/decolights.eu\/hu\/wp-json\/wp\/v2\/product\/43724","targetHints":{"allow":["GET"]}}],"collection":[{"href":"https:\/\/decolights.eu\/hu\/wp-json\/wp\/v2\/product"}],"about":[{"href":"https:\/\/decolights.eu\/hu\/wp-json\/wp\/v2\/types\/product"}],"replies":[{"embeddable":true,"href":"https:\/\/decolights.eu\/hu\/wp-json\/wp\/v2\/comments?post=43724"}],"wp:featuredmedia":[{"embeddable":true,"href":"https:\/\/decolights.eu\/hu\/wp-json\/wp\/v2\/media\/43791"}],"wp:attachment":[{"href":"https:\/\/decolights.eu\/hu\/wp-json\/wp\/v2\/media?parent=43724"}],"wp:term":[{"taxonomy":"product_brand","embeddable":true,"href":"https:\/\/decolights.eu\/hu\/wp-json\/wp\/v2\/product_brand?post=43724"},{"taxonomy":"product_cat","embeddable":true,"href":"https:\/\/decolights.eu\/hu\/wp-json\/wp\/v2\/product_cat?post=43724"},{"taxonomy":"product_tag","embeddable":true,"href":"https:\/\/decolights.eu\/hu\/wp-json\/wp\/v2\/product_tag?post=43724"}],"curies":[{"name":"wp","href":"https:\/\/api.w.org\/{rel}","templated":true}]}}