{"id":44597,"date":"2023-07-29T13:48:00","date_gmt":"2023-07-29T13:48:00","guid":{"rendered":"https:\/\/decolights.eu\/?post_type=product&#038;p=44597"},"modified":"2023-08-11T15:02:16","modified_gmt":"2023-08-11T15:02:16","slug":"solar-latern-lumiz-long-oval20-bazaar-copper","status":"publish","type":"product","link":"https:\/\/decolights.eu\/hu\/termek-2\/solar-latern-lumiz-long-oval20-bazaar-copper\/","title":{"rendered":"Solar Latern Lumiz Long Oval20 Bazaar Copper"},"content":{"rendered":"<p><strong>M\u00e9rete: \u00d8 20 cm x K 45 cm<\/strong><\/p>\n<p><strong>Sz\u00edn: r\u00e9z<\/strong><\/p>\n<p><strong><img loading=\"lazy\" decoding=\"async\" src=\"https:\/\/lumiz.nl\/wp-content\/uploads\/2021\/04\/LUMIZ_PATRON_Bazaar-119x300.jpg\" alt=\"LUMIZ_PATRON_Bazaar\" width=\"70\" height=\"177\" \/><img loading=\"lazy\" decoding=\"async\" src=\"https:\/\/lumiz.nl\/wp-content\/uploads\/2022\/02\/kopper-2.png\" width=\"165\" height=\"165\" \/><\/strong><\/p>\n<p><strong>Teremts var\u00e1zslatos hangulatot a Lumiz napelemes l\u00e1mp\u00e1kkal.<\/strong><\/p>\n<p><strong>T\u00f6k\u00e9letes m\u00f3dja annak, hogy var\u00e1zslatos hangulatot teremtsen b\u00e1rmely kertben, h\u00e1ts\u00f3 udvarban vagy verand\u00e1n. Finom sz\u00ednek, form\u00e1k \u00e9s mint\u00e1k sz\u00e9les v\u00e1laszt\u00e9k\u00e1ban kaphat\u00f3k. Engedd szabadj\u00e1ra kreativit\u00e1sodat \u2013 ezek a l\u00e1mp\u00e1sok keverhet\u0151k \u00e9s p\u00e1ros\u00edthat\u00f3k a t\u00f6k\u00e9letes hangulat megteremt\u00e9se \u00e9rdek\u00e9ben.<\/strong><\/p>\n<p>A Lumizi napelemes l\u00e1mp\u00e1k eg\u00e9sz \u00e9vben haszn\u00e1lhat\u00f3k k\u00fclt\u00e9ren. Akaszd fel \u0151ket a napra, \u00e9s a l\u00e1mp\u00e1sok var\u00e1zslatos f\u00e9nyt biztos\u00edtanak este.<\/p>\n<p><strong>A Lumiz egy fenntarthat\u00f3 LED-l\u00e1mpa<\/strong> er\u0151s, id\u0151j\u00e1r\u00e1s\u00e1ll\u00f3 \u00e9s 100% \u00fajrahasznos\u00edthat\u00f3 Tyvek, szabadalmaztatott anyagb\u00f3l. A Tyvek kiv\u00e1l\u00f3 min\u0151s\u00e9g\u0171 anyag, ami azt jelenti, hogy a l\u00e1mp\u00e1k tart\u00f3sak lesznek.<\/p>\n<p><strong>A napelemes l\u00e1mpa egy LED-es l\u00e1mpa, amely napelemekkel eg\u00e9sz nap t\u00f6lt\u0151dik.<\/strong> A l\u00e1mp\u00e1sban tal\u00e1lhat\u00f3 napelem modul a Tyvek sz\u00edn\u00e9hez ill\u0151 sz\u00ednben k\u00e9sz\u00fcl, \u00e9s meleg LED f\u00e9nyt biztos\u00edt. Annak \u00e9rdek\u00e9ben, hogy a l\u00e1mp\u00e1s a lehet\u0151 legjobban ragyogjon, a Lumiz \u00fagy d\u00f6nt\u00f6tt, hogy kifejleszti saj\u00e1t napelem modulj\u00e1t. A modul \u00fajrat\u00f6lthet\u0151 AAA elemeket tartalmaz, amelyek napf\u00e9nyben optim\u00e1lisan t\u00f6lt\u0151dnek.<\/p>\n<p><strong>Optim\u00e1lis naps\u00fct\u00e9ses k\u00f6r\u00fclm\u00e9nyek k\u00f6z\u00f6tt a l\u00e1mpa 6-8 \u00f3r\u00e1n kereszt\u00fcl vil\u00e1g\u00edt. A f\u00e9ny intenzit\u00e1sa 5-6 \u00f3ra m\u00falva cs\u00f6kkenhet.<\/strong><\/p>\n<p><strong>T\u00f6lt\u0151cs\u00facs<\/strong>: akassza fel a l\u00e1mp\u00e1st k\u00f6zvetlen\u00fcl a napelemre, ahol a nap s\u00fcthet.<\/p>\n<p><strong>Karbantart\u00e1s<\/strong>: tiszt\u00edtsa meg a napelem panelt puha, nedves ruh\u00e1val. A napenergia-elnyel\u00e9s ekkor a maxim\u00e1lis kapacit\u00e1son marad. A Tyvek anyaga sz\u00fcks\u00e9g eset\u00e9n puha, nedves ruh\u00e1val t\u00f6r\u00f6lhet\u0151.<\/p>\n<p>Ha t\u00e9len el szeretn\u00e9 pakolni a l\u00e1mp\u00e1st, k\u00f6nnyen \u00f6sszecsukhat\u00f3, \u00edgy teljesen lapos lesz. Javasoljuk, hogy vegye ki az elemeket a napelem modulb\u00f3l. (Ha az elemeket hossz\u00fa ideig a napelem panelben hagyja, az sziv\u00e1rg\u00e1st \u00e9s az elektronikus alkatr\u00e9szek k\u00e1rosod\u00e1s\u00e1t okozhatja).<\/p>","protected":false},"excerpt":{"rendered":"<p>Size: \u00d8\u00a0 20 cm x K 45 cm Colour: copper Create a magical atmosphere with Lumiz solar lanterns. The perfect way to create a magical atmosphere in any garden, backyard or porch. They come in a wide variety of delicious colours, shapes and patterns. Let your creativity flow &#8211; these lanterns can be mixed and [&#8230;]\n","protected":false},"featured_media":44598,"comment_status":"open","ping_status":"closed","template":"","meta":[],"product_brand":[],"product_cat":[381],"product_tag":[],"class_list":{"0":"post-44597","1":"product","2":"type-product","3":"status-publish","4":"has-post-thumbnail","6":"product_cat-lumiz","8":"first","9":"instock","10":"sale","11":"shipping-taxable","12":"purchasable","13":"product-type-simple"},"yoast_head":"<!-- This site is optimized with the Yoast SEO plugin v27.3 - https:\/\/yoast.com\/product\/yoast-seo-wordpress\/ -->\n<title>Solar Latern Lumiz Long Oval20 Bazaar Copper - Decolights.eu<\/title>\n<meta name=\"description\" content=\"Buy Solar Latern Lumiz Long Oval20 Bazaar Copper for . Browse our range of . Buy for the best price today and enjoy cozy atmosphere.\" \/>\n<meta name=\"robots\" content=\"index, follow, max-snippet:-1, max-image-preview:large, max-video-preview:-1\" \/>\n<link rel=\"canonical\" href=\"https:\/\/decolights.eu\/hu\/termek-2\/solar-latern-lumiz-long-oval20-bazaar-copper\/\" \/>\n<meta property=\"og:locale\" content=\"hu_HU\" \/>\n<meta property=\"og:type\" content=\"article\" \/>\n<meta property=\"og:title\" content=\"Solar Latern Lumiz Long Oval20 Bazaar Copper - Decolights.eu\" \/>\n<meta property=\"og:description\" content=\"Buy Solar Latern Lumiz Long Oval20 Bazaar Copper for . Browse our range of . Buy for the best price today and enjoy cozy atmosphere.\" \/>\n<meta property=\"og:url\" content=\"https:\/\/decolights.eu\/hu\/termek-2\/solar-latern-lumiz-long-oval20-bazaar-copper\/\" \/>\n<meta property=\"og:site_name\" content=\"Decolights.eu\" \/>\n<meta property=\"article:modified_time\" content=\"2023-08-11T15:02:16+00:00\" \/>\n<meta property=\"og:image\" content=\"https:\/\/decolights.eu\/wp-content\/uploads\/2023\/08\/14.-Long-oval-20-Bazaar-Koper.jpg\" \/>\n\t<meta property=\"og:image:width\" content=\"1176\" \/>\n\t<meta property=\"og:image:height\" content=\"1176\" \/>\n\t<meta property=\"og:image:type\" content=\"image\/jpeg\" \/>\n<meta name=\"twitter:card\" content=\"summary_large_image\" \/>\n<meta name=\"twitter:label1\" content=\"Becs\u00fclt olvas\u00e1si id\u0151\" \/>\n\t<meta name=\"twitter:data1\" content=\"2 perc\" \/>\n<script type=\"application\/ld+json\" class=\"yoast-schema-graph\">{\"@context\":\"https:\\\/\\\/schema.org\",\"@graph\":[{\"@type\":\"WebPage\",\"@id\":\"https:\\\/\\\/decolights.eu\\\/product\\\/solar-latern-lumiz-long-oval20-bazaar-copper\\\/\",\"url\":\"https:\\\/\\\/decolights.eu\\\/product\\\/solar-latern-lumiz-long-oval20-bazaar-copper\\\/\",\"name\":\"Solar Latern Lumiz Long Oval20 Bazaar Copper - Decolights.eu\",\"isPartOf\":{\"@id\":\"https:\\\/\\\/decolights.eu\\\/#website\"},\"primaryImageOfPage\":{\"@id\":\"https:\\\/\\\/decolights.eu\\\/product\\\/solar-latern-lumiz-long-oval20-bazaar-copper\\\/#primaryimage\"},\"image\":{\"@id\":\"https:\\\/\\\/decolights.eu\\\/product\\\/solar-latern-lumiz-long-oval20-bazaar-copper\\\/#primaryimage\"},\"thumbnailUrl\":\"https:\\\/\\\/decolights.eu\\\/wp-content\\\/uploads\\\/2023\\\/08\\\/14.-Long-oval-20-Bazaar-Koper.jpg\",\"datePublished\":\"2023-07-29T13:48:00+00:00\",\"dateModified\":\"2023-08-11T15:02:16+00:00\",\"description\":\"Buy Solar Latern Lumiz Long Oval20 Bazaar Copper for . Browse our range of . Buy for the best price today and enjoy cozy atmosphere.\",\"breadcrumb\":{\"@id\":\"https:\\\/\\\/decolights.eu\\\/product\\\/solar-latern-lumiz-long-oval20-bazaar-copper\\\/#breadcrumb\"},\"inLanguage\":\"hu\",\"potentialAction\":[{\"@type\":\"ReadAction\",\"target\":[\"https:\\\/\\\/decolights.eu\\\/product\\\/solar-latern-lumiz-long-oval20-bazaar-copper\\\/\"]}]},{\"@type\":\"ImageObject\",\"inLanguage\":\"hu\",\"@id\":\"https:\\\/\\\/decolights.eu\\\/product\\\/solar-latern-lumiz-long-oval20-bazaar-copper\\\/#primaryimage\",\"url\":\"https:\\\/\\\/decolights.eu\\\/wp-content\\\/uploads\\\/2023\\\/08\\\/14.-Long-oval-20-Bazaar-Koper.jpg\",\"contentUrl\":\"https:\\\/\\\/decolights.eu\\\/wp-content\\\/uploads\\\/2023\\\/08\\\/14.-Long-oval-20-Bazaar-Koper.jpg\",\"width\":1176,\"height\":1176},{\"@type\":\"BreadcrumbList\",\"@id\":\"https:\\\/\\\/decolights.eu\\\/product\\\/solar-latern-lumiz-long-oval20-bazaar-copper\\\/#breadcrumb\",\"itemListElement\":[{\"@type\":\"ListItem\",\"position\":1,\"name\":\"Shop\",\"item\":\"https:\\\/\\\/decolights.eu\\\/shop\\\/\"},{\"@type\":\"ListItem\",\"position\":2,\"name\":\"Solar Latern Lumiz Long Oval20 Bazaar Copper\"}]},{\"@type\":\"WebSite\",\"@id\":\"https:\\\/\\\/decolights.eu\\\/#website\",\"url\":\"https:\\\/\\\/decolights.eu\\\/\",\"name\":\"decolights\",\"description\":\"Led Decorations for Home and Garden\",\"publisher\":{\"@id\":\"https:\\\/\\\/decolights.eu\\\/#organization\"},\"alternateName\":\"decolights.eu\",\"potentialAction\":[{\"@type\":\"SearchAction\",\"target\":{\"@type\":\"EntryPoint\",\"urlTemplate\":\"https:\\\/\\\/decolights.eu\\\/?s={search_term_string}\"},\"query-input\":{\"@type\":\"PropertyValueSpecification\",\"valueRequired\":true,\"valueName\":\"search_term_string\"}}],\"inLanguage\":\"hu\"},{\"@type\":\"Organization\",\"@id\":\"https:\\\/\\\/decolights.eu\\\/#organization\",\"name\":\"decolights\",\"url\":\"https:\\\/\\\/decolights.eu\\\/\",\"logo\":{\"@type\":\"ImageObject\",\"inLanguage\":\"hu\",\"@id\":\"https:\\\/\\\/decolights.eu\\\/#\\\/schema\\\/logo\\\/image\\\/\",\"url\":\"https:\\\/\\\/decolights.eu\\\/wp-content\\\/uploads\\\/2023\\\/07\\\/cropped-decolight-siteicon.png\",\"contentUrl\":\"https:\\\/\\\/decolights.eu\\\/wp-content\\\/uploads\\\/2023\\\/07\\\/cropped-decolight-siteicon.png\",\"width\":512,\"height\":512,\"caption\":\"decolights\"},\"image\":{\"@id\":\"https:\\\/\\\/decolights.eu\\\/#\\\/schema\\\/logo\\\/image\\\/\"}}]}<\/script>\n<!-- \/ Yoast SEO plugin. -->","yoast_head_json":{"title":"Solar Latern Lumiz Long Oval20 Bazaar Copper - Decolights.eu","description":"Solar Latern Lumiz Long Oval20 Bazaar Copper v\u00e1s\u00e1rl\u00e1s . B\u00f6ng\u00e9sszen k\u00edn\u00e1latunkban. V\u00e1s\u00e1roljon m\u00e9g ma a legjobb \u00e1ron, \u00e9s \u00e9lvezze a hangulatos l\u00e9gk\u00f6rt.","robots":{"index":"index","follow":"follow","max-snippet":"max-snippet:-1","max-image-preview":"max-image-preview:large","max-video-preview":"max-video-preview:-1"},"canonical":"https:\/\/decolights.eu\/hu\/termek-2\/solar-latern-lumiz-long-oval20-bazaar-copper\/","og_locale":"hu_HU","og_type":"article","og_title":"Solar Latern Lumiz Long Oval20 Bazaar Copper - Decolights.eu","og_description":"Buy Solar Latern Lumiz Long Oval20 Bazaar Copper for . Browse our range of . Buy for the best price today and enjoy cozy atmosphere.","og_url":"https:\/\/decolights.eu\/hu\/termek-2\/solar-latern-lumiz-long-oval20-bazaar-copper\/","og_site_name":"Decolights.eu","article_modified_time":"2023-08-11T15:02:16+00:00","og_image":[{"width":1176,"height":1176,"url":"https:\/\/decolights.eu\/wp-content\/uploads\/2023\/08\/14.-Long-oval-20-Bazaar-Koper.jpg","type":"image\/jpeg"}],"twitter_card":"summary_large_image","twitter_misc":{"Becs\u00fclt olvas\u00e1si id\u0151":"2 perc"},"schema":{"@context":"https:\/\/schema.org","@graph":[{"@type":"WebPage","@id":"https:\/\/decolights.eu\/product\/solar-latern-lumiz-long-oval20-bazaar-copper\/","url":"https:\/\/decolights.eu\/product\/solar-latern-lumiz-long-oval20-bazaar-copper\/","name":"Solar Latern Lumiz Long Oval20 Bazaar Copper - Decolights.eu","isPartOf":{"@id":"https:\/\/decolights.eu\/#website"},"primaryImageOfPage":{"@id":"https:\/\/decolights.eu\/product\/solar-latern-lumiz-long-oval20-bazaar-copper\/#primaryimage"},"image":{"@id":"https:\/\/decolights.eu\/product\/solar-latern-lumiz-long-oval20-bazaar-copper\/#primaryimage"},"thumbnailUrl":"https:\/\/decolights.eu\/wp-content\/uploads\/2023\/08\/14.-Long-oval-20-Bazaar-Koper.jpg","datePublished":"2023-07-29T13:48:00+00:00","dateModified":"2023-08-11T15:02:16+00:00","description":"Solar Latern Lumiz Long Oval20 Bazaar Copper v\u00e1s\u00e1rl\u00e1s . B\u00f6ng\u00e9sszen k\u00edn\u00e1latunkban. V\u00e1s\u00e1roljon m\u00e9g ma a legjobb \u00e1ron, \u00e9s \u00e9lvezze a hangulatos l\u00e9gk\u00f6rt.","breadcrumb":{"@id":"https:\/\/decolights.eu\/product\/solar-latern-lumiz-long-oval20-bazaar-copper\/#breadcrumb"},"inLanguage":"hu","potentialAction":[{"@type":"ReadAction","target":["https:\/\/decolights.eu\/product\/solar-latern-lumiz-long-oval20-bazaar-copper\/"]}]},{"@type":"ImageObject","inLanguage":"hu","@id":"https:\/\/decolights.eu\/product\/solar-latern-lumiz-long-oval20-bazaar-copper\/#primaryimage","url":"https:\/\/decolights.eu\/wp-content\/uploads\/2023\/08\/14.-Long-oval-20-Bazaar-Koper.jpg","contentUrl":"https:\/\/decolights.eu\/wp-content\/uploads\/2023\/08\/14.-Long-oval-20-Bazaar-Koper.jpg","width":1176,"height":1176},{"@type":"BreadcrumbList","@id":"https:\/\/decolights.eu\/product\/solar-latern-lumiz-long-oval20-bazaar-copper\/#breadcrumb","itemListElement":[{"@type":"ListItem","position":1,"name":"Shop","item":"https:\/\/decolights.eu\/shop\/"},{"@type":"ListItem","position":2,"name":"Solar Latern Lumiz Long Oval20 Bazaar Copper"}]},{"@type":"WebSite","@id":"https:\/\/decolights.eu\/#website","url":"https:\/\/decolights.eu\/","name":"decolights","description":"Led dekor\u00e1ci\u00f3 otthonra \u00e9s kertre","publisher":{"@id":"https:\/\/decolights.eu\/#organization"},"alternateName":"decolights.eu","potentialAction":[{"@type":"SearchAction","target":{"@type":"EntryPoint","urlTemplate":"https:\/\/decolights.eu\/?s={search_term_string}"},"query-input":{"@type":"PropertyValueSpecification","valueRequired":true,"valueName":"search_term_string"}}],"inLanguage":"hu"},{"@type":"Organization","@id":"https:\/\/decolights.eu\/#organization","name":"decolights","url":"https:\/\/decolights.eu\/","logo":{"@type":"ImageObject","inLanguage":"hu","@id":"https:\/\/decolights.eu\/#\/schema\/logo\/image\/","url":"https:\/\/decolights.eu\/wp-content\/uploads\/2023\/07\/cropped-decolight-siteicon.png","contentUrl":"https:\/\/decolights.eu\/wp-content\/uploads\/2023\/07\/cropped-decolight-siteicon.png","width":512,"height":512,"caption":"decolights"},"image":{"@id":"https:\/\/decolights.eu\/#\/schema\/logo\/image\/"}}]}},"jetpack_sharing_enabled":true,"_links":{"self":[{"href":"https:\/\/decolights.eu\/hu\/wp-json\/wp\/v2\/product\/44597","targetHints":{"allow":["GET"]}}],"collection":[{"href":"https:\/\/decolights.eu\/hu\/wp-json\/wp\/v2\/product"}],"about":[{"href":"https:\/\/decolights.eu\/hu\/wp-json\/wp\/v2\/types\/product"}],"replies":[{"embeddable":true,"href":"https:\/\/decolights.eu\/hu\/wp-json\/wp\/v2\/comments?post=44597"}],"wp:featuredmedia":[{"embeddable":true,"href":"https:\/\/decolights.eu\/hu\/wp-json\/wp\/v2\/media\/44598"}],"wp:attachment":[{"href":"https:\/\/decolights.eu\/hu\/wp-json\/wp\/v2\/media?parent=44597"}],"wp:term":[{"taxonomy":"product_brand","embeddable":true,"href":"https:\/\/decolights.eu\/hu\/wp-json\/wp\/v2\/product_brand?post=44597"},{"taxonomy":"product_cat","embeddable":true,"href":"https:\/\/decolights.eu\/hu\/wp-json\/wp\/v2\/product_cat?post=44597"},{"taxonomy":"product_tag","embeddable":true,"href":"https:\/\/decolights.eu\/hu\/wp-json\/wp\/v2\/product_tag?post=44597"}],"curies":[{"name":"wp","href":"https:\/\/api.w.org\/{rel}","templated":true}]}}