{"id":4612,"date":"2023-04-01T04:21:46","date_gmt":"2023-04-01T04:21:46","guid":{"rendered":"https:\/\/decolights.eu\/?post_type=product&#038;p=4612"},"modified":"2023-04-29T08:39:14","modified_gmt":"2023-04-29T08:39:14","slug":"2-in-1-rechargeable-mosquito-repellent-lamp-and-insect-killing-racquet","status":"publish","type":"product","link":"https:\/\/decolights.eu\/hu\/termek-2\/2-in-1-rechargeable-mosquito-repellent-lamp-and-insect-killing-racquet\/","title":{"rendered":"2 az 1-ben \u00fajrat\u00f6lthet\u0151 sz\u00fanyogriaszt\u00f3 l\u00e1mpa \u00e9s rovar\u00f6l\u0151 \u00fct\u0151"},"content":{"rendered":"<p>Eredeti sz\u00fanyogriaszt\u00f3 l\u00e1mpa f\u00e9ny\u00e9rz\u00e9kel\u0151vel \u00e9s rovar\u00f6l\u0151 \u00fct\u0151vel, a ny\u00e9len gombbal aktiv\u00e1lhat\u00f3 a h\u00e1l\u00f3, mindig teljes biztons\u00e1gban. Mivel \u00fajrat\u00f6lthet\u0151 \u00e9s hordozhat\u00f3, \u00edgy b\u00e1rhol k\u00e9nyelmesen haszn\u00e1lhat\u00f3. Az UV f\u00e9ny s\u00f6t\u00e9tben automatikusan bekapcsol, nappal pedig kikapcsol. Kapcsol\u00f3val is rendelkezik az UV \u00e9jszakai f\u00e9ny \u00e9s a h\u00e1l\u00f3 be- \u00e9s kikapcsol\u00e1s\u00e1ra. Ide\u00e1lis a legyek, sz\u00fanyogok \u00e9s m\u00e1s rovarok egyszer\u0171, k\u00f6rnyezetbar\u00e1tabb m\u00f3don \u00e9s vegyszerek haszn\u00e1lata n\u00e9lk\u00fcli megszabadul\u00e1s\u00e1hoz. Az \u00fct\u0151 \u00e9s a talp \u00f6sszez\u00e1rhat\u00f3 \u00e9s felakaszthat\u00f3 l\u00e1mpak\u00e9nt \u00e9s gyermekbiztons\u00e1gi int\u00e9zked\u00e9sk\u00e9nt.<\/p>\n<ul>\n<li><strong>Anyag:<\/strong> ABS<\/li>\n<li><strong>Sz\u00edn:\u00a0<\/strong>feh\u00e9r<\/li>\n<li><strong>M\u00e9ret:<\/strong>17,5 x 29 x 5,5 cm<\/li>\n<li>Innovat\u00edv \u00e9s funkcion\u00e1lis kialak\u00edt\u00e1s<\/li>\n<li><strong>T\u00edpus:<\/strong>\n<ul>\n<li>Elektromos<\/li>\n<li>\u00dajrat\u00f6lthet\u0151<\/li>\n<\/ul>\n<\/li>\n<li><strong>Kett\u0151s funkci\u00f3:<\/strong>\n<ul>\n<li>Vil\u00e1g\u00edt\u00e1s<\/li>\n<li>Elektromos sz\u00fanyogriaszt\u00f3<\/li>\n<\/ul>\n<\/li>\n<li><strong>UV l\u00e1mpa:<\/strong>\n<ul>\n<li>F\u00e9ny\u00e9rz\u00e9kel\u0151<\/li>\n<li>3 x 0,06 W<\/li>\n<li>360-400 nm<\/li>\n<\/ul>\n<\/li>\n<li>Biztons\u00e1gi blokk<\/li>\n<li>K\u00fcls\u0151 \u00fct\u00e9sv\u00e9delem<\/li>\n<li>V\u00edz\u00e1ll\u00f3: IPX4<\/li>\n<li>Belt\u00e9ri \u00e9s k\u00fclt\u00e9ri haszn\u00e1latra<\/li>\n<li>Kih\u00fazhat\u00f3 markolattalpak<\/li>\n<li>Zsin\u00f3r akaszt\u00e1shoz<\/li>\n<li>Nincsenek szagok vagy vegyszerek<\/li>\n<li>K\u00e9nyelmes, egyszer\u0171 \u00e9s biztons\u00e1gos haszn\u00e1lat<\/li>\n<li>K\u00f6nnyen sz\u00e1ll\u00edthat\u00f3 \u00e9s t\u00e1rolhat\u00f3<\/li>\n<li><strong>Mag\u00e1ba foglalja:<\/strong>\n<ul>\n<li>USB k\u00e1bel a Micro USB-hez<\/li>\n<li>LED t\u00f6lt\u00e9sjelz\u0151 l\u00e1mpa<\/li>\n<\/ul>\n<\/li>\n<li><strong>Er\u0151:<\/strong> 1000 V<\/li>\n<li><strong>Akkumul\u00e1tor:<\/strong> 130 mAh \/ 3,7 V<\/li>\n<li><strong>Bemenet:<\/strong> 40 mA \u2013 5 V<\/li>\n<\/ul>\n<p><iframe loading=\"lazy\" title=\"InnovaGoods rovarellenes l\u00e1mpa \u00e9s swatter\" width=\"1020\" height=\"574\" src=\"https:\/\/www.youtube.com\/embed\/I1wOFoEZyQw?feature=oembed\" frameborder=\"0\" allow=\"accelerometer; autoplay; clipboard-write; encrypted-media; gyroscope; picture-in-picture; web-share\" allowfullscreen><\/iframe><\/p>","protected":false},"excerpt":{"rendered":"<p>An original mosquito-repellent lamp with light sensor and an insect-killing racquet with a button on the handle to activate the mesh, always in complete safety. As it is rechargeable and portable, it is convenient for use anywhere. The UV light will automatically switch on in the dark and switch off during the day. It also [&#8230;]\n","protected":false},"featured_media":4645,"comment_status":"open","ping_status":"closed","template":"","meta":[],"product_brand":[],"product_cat":[276,226],"product_tag":[],"class_list":{"0":"post-4612","1":"product","2":"type-product","3":"status-publish","4":"has-post-thumbnail","6":"product_cat-mosquito-lamps-and-net","7":"product_cat-outdoor-lights","8":"pa_brand-deco","10":"first","11":"instock","12":"sale","13":"shipping-taxable","14":"purchasable","15":"product-type-simple"},"yoast_head":"<!-- This site is optimized with the Yoast SEO plugin v27.3 - https:\/\/yoast.com\/product\/yoast-seo-wordpress\/ -->\n<title>2 in 1 rechargeable mosquito repellent lamp and insect-killing racquet - Decolights.eu<\/title>\n<meta name=\"description\" content=\"A mosquito racquet and lamp is a very practical and effective device for removing insects(flies, mosquitoes, bees etc). Buy now to get the best price!\" \/>\n<meta name=\"robots\" content=\"index, follow, max-snippet:-1, max-image-preview:large, max-video-preview:-1\" \/>\n<link rel=\"canonical\" href=\"https:\/\/decolights.eu\/hu\/termek-2\/2-in-1-rechargeable-mosquito-repellent-lamp-and-insect-killing-racquet\/\" \/>\n<meta property=\"og:locale\" content=\"hu_HU\" \/>\n<meta property=\"og:type\" content=\"article\" \/>\n<meta property=\"og:title\" content=\"2 in 1 rechargeable mosquito repellent lamp and insect-killing racquet - Decolights.eu\" \/>\n<meta property=\"og:description\" content=\"A mosquito racquet and lamp is a very practical and effective device for removing insects(flies, mosquitoes, bees etc). Buy now to get the best price!\" \/>\n<meta property=\"og:url\" content=\"https:\/\/decolights.eu\/hu\/termek-2\/2-in-1-rechargeable-mosquito-repellent-lamp-and-insect-killing-racquet\/\" \/>\n<meta property=\"og:site_name\" content=\"Decolights.eu\" \/>\n<meta property=\"article:modified_time\" content=\"2023-04-29T08:39:14+00:00\" \/>\n<meta property=\"og:image\" content=\"https:\/\/decolights.eu\/wp-content\/uploads\/2023\/04\/kaks-uhes-taaslaetav-saasetorjelamp-ja-putukate-tapmise-reket-swateck-innovagoods_121597.jpg\" \/>\n\t<meta property=\"og:image:width\" content=\"600\" \/>\n\t<meta property=\"og:image:height\" content=\"600\" \/>\n\t<meta property=\"og:image:type\" content=\"image\/jpeg\" \/>\n<meta name=\"twitter:card\" content=\"summary_large_image\" \/>\n<meta name=\"twitter:label1\" content=\"Becs\u00fclt olvas\u00e1si id\u0151\" \/>\n\t<meta name=\"twitter:data1\" content=\"1 perc\" \/>\n<script type=\"application\/ld+json\" class=\"yoast-schema-graph\">{\"@context\":\"https:\\\/\\\/schema.org\",\"@graph\":[{\"@type\":\"WebPage\",\"@id\":\"https:\\\/\\\/decolights.eu\\\/product\\\/2-in-1-rechargeable-mosquito-repellent-lamp-and-insect-killing-racquet\\\/\",\"url\":\"https:\\\/\\\/decolights.eu\\\/product\\\/2-in-1-rechargeable-mosquito-repellent-lamp-and-insect-killing-racquet\\\/\",\"name\":\"2 in 1 rechargeable mosquito repellent lamp and insect-killing racquet - Decolights.eu\",\"isPartOf\":{\"@id\":\"https:\\\/\\\/decolights.eu\\\/#website\"},\"primaryImageOfPage\":{\"@id\":\"https:\\\/\\\/decolights.eu\\\/product\\\/2-in-1-rechargeable-mosquito-repellent-lamp-and-insect-killing-racquet\\\/#primaryimage\"},\"image\":{\"@id\":\"https:\\\/\\\/decolights.eu\\\/product\\\/2-in-1-rechargeable-mosquito-repellent-lamp-and-insect-killing-racquet\\\/#primaryimage\"},\"thumbnailUrl\":\"https:\\\/\\\/decolights.eu\\\/wp-content\\\/uploads\\\/2023\\\/04\\\/kaks-uhes-taaslaetav-saasetorjelamp-ja-putukate-tapmise-reket-swateck-innovagoods_121597.jpg\",\"datePublished\":\"2023-04-01T04:21:46+00:00\",\"dateModified\":\"2023-04-29T08:39:14+00:00\",\"description\":\"A mosquito racquet and lamp is a very practical and effective device for removing insects(flies, mosquitoes, bees etc). Buy now to get the best price!\",\"breadcrumb\":{\"@id\":\"https:\\\/\\\/decolights.eu\\\/product\\\/2-in-1-rechargeable-mosquito-repellent-lamp-and-insect-killing-racquet\\\/#breadcrumb\"},\"inLanguage\":\"hu\",\"potentialAction\":[{\"@type\":\"ReadAction\",\"target\":[\"https:\\\/\\\/decolights.eu\\\/product\\\/2-in-1-rechargeable-mosquito-repellent-lamp-and-insect-killing-racquet\\\/\"]}]},{\"@type\":\"ImageObject\",\"inLanguage\":\"hu\",\"@id\":\"https:\\\/\\\/decolights.eu\\\/product\\\/2-in-1-rechargeable-mosquito-repellent-lamp-and-insect-killing-racquet\\\/#primaryimage\",\"url\":\"https:\\\/\\\/decolights.eu\\\/wp-content\\\/uploads\\\/2023\\\/04\\\/kaks-uhes-taaslaetav-saasetorjelamp-ja-putukate-tapmise-reket-swateck-innovagoods_121597.jpg\",\"contentUrl\":\"https:\\\/\\\/decolights.eu\\\/wp-content\\\/uploads\\\/2023\\\/04\\\/kaks-uhes-taaslaetav-saasetorjelamp-ja-putukate-tapmise-reket-swateck-innovagoods_121597.jpg\",\"width\":600,\"height\":600},{\"@type\":\"BreadcrumbList\",\"@id\":\"https:\\\/\\\/decolights.eu\\\/product\\\/2-in-1-rechargeable-mosquito-repellent-lamp-and-insect-killing-racquet\\\/#breadcrumb\",\"itemListElement\":[{\"@type\":\"ListItem\",\"position\":1,\"name\":\"Shop\",\"item\":\"https:\\\/\\\/decolights.eu\\\/shop\\\/\"},{\"@type\":\"ListItem\",\"position\":2,\"name\":\"2 in 1 rechargeable mosquito repellent lamp and insect-killing racquet\"}]},{\"@type\":\"WebSite\",\"@id\":\"https:\\\/\\\/decolights.eu\\\/#website\",\"url\":\"https:\\\/\\\/decolights.eu\\\/\",\"name\":\"decolights\",\"description\":\"Led Decorations for Home and Garden\",\"publisher\":{\"@id\":\"https:\\\/\\\/decolights.eu\\\/#organization\"},\"alternateName\":\"decolights.eu\",\"potentialAction\":[{\"@type\":\"SearchAction\",\"target\":{\"@type\":\"EntryPoint\",\"urlTemplate\":\"https:\\\/\\\/decolights.eu\\\/?s={search_term_string}\"},\"query-input\":{\"@type\":\"PropertyValueSpecification\",\"valueRequired\":true,\"valueName\":\"search_term_string\"}}],\"inLanguage\":\"hu\"},{\"@type\":\"Organization\",\"@id\":\"https:\\\/\\\/decolights.eu\\\/#organization\",\"name\":\"decolights\",\"url\":\"https:\\\/\\\/decolights.eu\\\/\",\"logo\":{\"@type\":\"ImageObject\",\"inLanguage\":\"hu\",\"@id\":\"https:\\\/\\\/decolights.eu\\\/#\\\/schema\\\/logo\\\/image\\\/\",\"url\":\"https:\\\/\\\/decolights.eu\\\/wp-content\\\/uploads\\\/2023\\\/07\\\/cropped-decolight-siteicon.png\",\"contentUrl\":\"https:\\\/\\\/decolights.eu\\\/wp-content\\\/uploads\\\/2023\\\/07\\\/cropped-decolight-siteicon.png\",\"width\":512,\"height\":512,\"caption\":\"decolights\"},\"image\":{\"@id\":\"https:\\\/\\\/decolights.eu\\\/#\\\/schema\\\/logo\\\/image\\\/\"}}]}<\/script>\n<!-- \/ Yoast SEO plugin. -->","yoast_head_json":{"title":"2 az 1-ben \u00fajrat\u00f6lthet\u0151 sz\u00fanyogriaszt\u00f3 l\u00e1mpa \u00e9s rovar\u00f6l\u0151 \u00fct\u0151 - Decolights.eu","description":"A sz\u00fanyog\u00fct\u0151 \u00e9s l\u00e1mpa egy nagyon praktikus \u00e9s hat\u00e9kony eszk\u00f6z a rovarok (legyek, sz\u00fanyogok, m\u00e9hek stb.) elt\u00e1vol\u00edt\u00e1s\u00e1ra. V\u00e1s\u00e1roljon most, hogy a legjobb \u00e1rat kapja!","robots":{"index":"index","follow":"follow","max-snippet":"max-snippet:-1","max-image-preview":"max-image-preview:large","max-video-preview":"max-video-preview:-1"},"canonical":"https:\/\/decolights.eu\/hu\/termek-2\/2-in-1-rechargeable-mosquito-repellent-lamp-and-insect-killing-racquet\/","og_locale":"hu_HU","og_type":"article","og_title":"2 in 1 rechargeable mosquito repellent lamp and insect-killing racquet - Decolights.eu","og_description":"A mosquito racquet and lamp is a very practical and effective device for removing insects(flies, mosquitoes, bees etc). Buy now to get the best price!","og_url":"https:\/\/decolights.eu\/hu\/termek-2\/2-in-1-rechargeable-mosquito-repellent-lamp-and-insect-killing-racquet\/","og_site_name":"Decolights.eu","article_modified_time":"2023-04-29T08:39:14+00:00","og_image":[{"width":600,"height":600,"url":"https:\/\/decolights.eu\/wp-content\/uploads\/2023\/04\/kaks-uhes-taaslaetav-saasetorjelamp-ja-putukate-tapmise-reket-swateck-innovagoods_121597.jpg","type":"image\/jpeg"}],"twitter_card":"summary_large_image","twitter_misc":{"Becs\u00fclt olvas\u00e1si id\u0151":"1 perc"},"schema":{"@context":"https:\/\/schema.org","@graph":[{"@type":"WebPage","@id":"https:\/\/decolights.eu\/product\/2-in-1-rechargeable-mosquito-repellent-lamp-and-insect-killing-racquet\/","url":"https:\/\/decolights.eu\/product\/2-in-1-rechargeable-mosquito-repellent-lamp-and-insect-killing-racquet\/","name":"2 az 1-ben \u00fajrat\u00f6lthet\u0151 sz\u00fanyogriaszt\u00f3 l\u00e1mpa \u00e9s rovar\u00f6l\u0151 \u00fct\u0151 - Decolights.eu","isPartOf":{"@id":"https:\/\/decolights.eu\/#website"},"primaryImageOfPage":{"@id":"https:\/\/decolights.eu\/product\/2-in-1-rechargeable-mosquito-repellent-lamp-and-insect-killing-racquet\/#primaryimage"},"image":{"@id":"https:\/\/decolights.eu\/product\/2-in-1-rechargeable-mosquito-repellent-lamp-and-insect-killing-racquet\/#primaryimage"},"thumbnailUrl":"https:\/\/decolights.eu\/wp-content\/uploads\/2023\/04\/kaks-uhes-taaslaetav-saasetorjelamp-ja-putukate-tapmise-reket-swateck-innovagoods_121597.jpg","datePublished":"2023-04-01T04:21:46+00:00","dateModified":"2023-04-29T08:39:14+00:00","description":"A sz\u00fanyog\u00fct\u0151 \u00e9s l\u00e1mpa egy nagyon praktikus \u00e9s hat\u00e9kony eszk\u00f6z a rovarok (legyek, sz\u00fanyogok, m\u00e9hek stb.) elt\u00e1vol\u00edt\u00e1s\u00e1ra. V\u00e1s\u00e1roljon most, hogy a legjobb \u00e1rat kapja!","breadcrumb":{"@id":"https:\/\/decolights.eu\/product\/2-in-1-rechargeable-mosquito-repellent-lamp-and-insect-killing-racquet\/#breadcrumb"},"inLanguage":"hu","potentialAction":[{"@type":"ReadAction","target":["https:\/\/decolights.eu\/product\/2-in-1-rechargeable-mosquito-repellent-lamp-and-insect-killing-racquet\/"]}]},{"@type":"ImageObject","inLanguage":"hu","@id":"https:\/\/decolights.eu\/product\/2-in-1-rechargeable-mosquito-repellent-lamp-and-insect-killing-racquet\/#primaryimage","url":"https:\/\/decolights.eu\/wp-content\/uploads\/2023\/04\/kaks-uhes-taaslaetav-saasetorjelamp-ja-putukate-tapmise-reket-swateck-innovagoods_121597.jpg","contentUrl":"https:\/\/decolights.eu\/wp-content\/uploads\/2023\/04\/kaks-uhes-taaslaetav-saasetorjelamp-ja-putukate-tapmise-reket-swateck-innovagoods_121597.jpg","width":600,"height":600},{"@type":"BreadcrumbList","@id":"https:\/\/decolights.eu\/product\/2-in-1-rechargeable-mosquito-repellent-lamp-and-insect-killing-racquet\/#breadcrumb","itemListElement":[{"@type":"ListItem","position":1,"name":"Shop","item":"https:\/\/decolights.eu\/shop\/"},{"@type":"ListItem","position":2,"name":"2 in 1 rechargeable mosquito repellent lamp and insect-killing racquet"}]},{"@type":"WebSite","@id":"https:\/\/decolights.eu\/#website","url":"https:\/\/decolights.eu\/","name":"decolights","description":"Led dekor\u00e1ci\u00f3 otthonra \u00e9s kertre","publisher":{"@id":"https:\/\/decolights.eu\/#organization"},"alternateName":"decolights.eu","potentialAction":[{"@type":"SearchAction","target":{"@type":"EntryPoint","urlTemplate":"https:\/\/decolights.eu\/?s={search_term_string}"},"query-input":{"@type":"PropertyValueSpecification","valueRequired":true,"valueName":"search_term_string"}}],"inLanguage":"hu"},{"@type":"Organization","@id":"https:\/\/decolights.eu\/#organization","name":"decolights","url":"https:\/\/decolights.eu\/","logo":{"@type":"ImageObject","inLanguage":"hu","@id":"https:\/\/decolights.eu\/#\/schema\/logo\/image\/","url":"https:\/\/decolights.eu\/wp-content\/uploads\/2023\/07\/cropped-decolight-siteicon.png","contentUrl":"https:\/\/decolights.eu\/wp-content\/uploads\/2023\/07\/cropped-decolight-siteicon.png","width":512,"height":512,"caption":"decolights"},"image":{"@id":"https:\/\/decolights.eu\/#\/schema\/logo\/image\/"}}]}},"jetpack_sharing_enabled":true,"_links":{"self":[{"href":"https:\/\/decolights.eu\/hu\/wp-json\/wp\/v2\/product\/4612","targetHints":{"allow":["GET"]}}],"collection":[{"href":"https:\/\/decolights.eu\/hu\/wp-json\/wp\/v2\/product"}],"about":[{"href":"https:\/\/decolights.eu\/hu\/wp-json\/wp\/v2\/types\/product"}],"replies":[{"embeddable":true,"href":"https:\/\/decolights.eu\/hu\/wp-json\/wp\/v2\/comments?post=4612"}],"wp:featuredmedia":[{"embeddable":true,"href":"https:\/\/decolights.eu\/hu\/wp-json\/wp\/v2\/media\/4645"}],"wp:attachment":[{"href":"https:\/\/decolights.eu\/hu\/wp-json\/wp\/v2\/media?parent=4612"}],"wp:term":[{"taxonomy":"product_brand","embeddable":true,"href":"https:\/\/decolights.eu\/hu\/wp-json\/wp\/v2\/product_brand?post=4612"},{"taxonomy":"product_cat","embeddable":true,"href":"https:\/\/decolights.eu\/hu\/wp-json\/wp\/v2\/product_cat?post=4612"},{"taxonomy":"product_tag","embeddable":true,"href":"https:\/\/decolights.eu\/hu\/wp-json\/wp\/v2\/product_tag?post=4612"}],"curies":[{"name":"wp","href":"https:\/\/api.w.org\/{rel}","templated":true}]}}