{"id":4613,"date":"2023-04-01T04:21:46","date_gmt":"2023-04-01T04:21:46","guid":{"rendered":"https:\/\/decolights.eu\/?post_type=product&#038;p=4613"},"modified":"2023-04-29T08:31:59","modified_gmt":"2023-04-29T08:31:59","slug":"mosquito-lamp","status":"publish","type":"product","link":"https:\/\/decolights.eu\/hu\/termek-2\/mosquito-lamp\/","title":{"rendered":"Sz\u00fanyogl\u00e1mpa"},"content":{"rendered":"<p>Eredeti multifunkcion\u00e1lis sz\u00fanyog elleni mennyezeti l\u00e1mpa. Nagyon hat\u00e9konyan t\u00e1vol\u00edtja el a probl\u00e9m\u00e1t okoz\u00f3 rovarokat, szagok \u00e9s k\u00f6rnyezetk\u00e1ros\u00edt\u00f3 vegyszerek n\u00e9lk\u00fcl. Vonz\u00f3 f\u00e9nye \u00e9s elektromos h\u00e1l\u00f3ja a sz\u00fanyogok mellett m\u00e1s rep\u00fcl\u0151 rovarokat is elkap \u00e9s elpuszt\u00edt. Ez a sokoldal\u00fa l\u00e1mpa k\u00e9tf\u00e9lek\u00e9ppen szerelhet\u0151 fel, \u00edzl\u00e9se szerint: mennyezeti t\u00edpus vagy menetes f\u00fcgg\u0151l\u00e1mpafoglalat (E27 alap). K\u00e9tf\u00e9le tart\u00f3t, r\u00f6gz\u00edt\u00e9si tartoz\u00e9kokat (k\u00e1bel, csavarok, dug\u00f3k) \u00e9s egy tiszt\u00edt\u00f3kef\u00e9t tartalmaz. Els\u0151sorban k\u00fclt\u00e9ri haszn\u00e1latra (kert, terasz, terasz stb.), de belt\u00e9ren is (gar\u00e1zs, rakt\u00e1r, pince, stb.) haszn\u00e1lhat\u00f3.<\/p>\n<ul>\n<li><strong>Anyag:<\/strong> ABS, PC, f\u00e9m<\/li>\n<li><strong>Sz\u00edn:\u00a0<\/strong>feh\u00e9r<\/li>\n<li><strong>LED sz\u00edne:\u00a0<\/strong>meleg feh\u00e9r<\/li>\n<li><strong>M\u00e9ret: <\/strong>26 x 6 cm<\/li>\n<li><strong>UV f\u00e9ny:<\/strong>\n<ul>\n<li>Feh\u00e9r: 365 nm<\/li>\n<li>Lila: 395 nm<\/li>\n<\/ul>\n<\/li>\n<li><strong>Izz\u00f3:\u00a0<\/strong>E27<\/li>\n<li>Alkalmas belt\u00e9ri \u00e9s k\u00fclt\u00e9ri haszn\u00e1latra<\/li>\n<li>Innovat\u00edv, csendes \u00e9s t\u00f6bbfunkci\u00f3s<\/li>\n<li>K\u00fcl\u00f6nb\u00f6z\u0151 poz\u00edci\u00f3kban haszn\u00e1lhat\u00f3<\/li>\n<li>Szag- \u00e9s vegyszermentes<\/li>\n<li>3 vil\u00e1g\u00edt\u00e1si m\u00f3d<\/li>\n<li>K\u00f6nnyen telep\u00edthet\u0151 \u00e9s karbantarthat\u00f3<\/li>\n<li>Eredeti \u00e9s sokoldal\u00fa kialak\u00edt\u00e1s<\/li>\n<li>25W \/ 3000K \/ 800lm<\/li>\n<li>AC 110-240 V \/ 50-60 Hz<\/li>\n<\/ul>\n<p><iframe loading=\"lazy\" title=\"InnovaGoods sz\u00fanyogellenes mennyezeti l\u00e1mpa\" width=\"1020\" height=\"574\" src=\"https:\/\/www.youtube.com\/embed\/Gm6phGavKT8?start=37&#038;feature=oembed\" frameborder=\"0\" allow=\"accelerometer; autoplay; clipboard-write; encrypted-media; gyroscope; picture-in-picture; web-share\" allowfullscreen><\/iframe><\/p>","protected":false},"excerpt":{"rendered":"<p>Original multifunctional anti-mosquito ceiling lamp. It is very effective in removing troublesome insects, without odors or chemical products that harm the environment. Besides mosquitoes, its attractive light and electrified net also catch and destroy other flying insects. This versatile lamp can be installed in two different ways, depending on your preference: ceiling type or as [&#8230;]\n","protected":false},"featured_media":4672,"comment_status":"open","ping_status":"closed","template":"","meta":[],"product_brand":[],"product_cat":[276,226],"product_tag":[],"class_list":{"0":"post-4613","1":"product","2":"type-product","3":"status-publish","4":"has-post-thumbnail","6":"product_cat-mosquito-lamps-and-net","7":"product_cat-outdoor-lights","8":"pa_brand-deco","10":"first","11":"instock","12":"sale","13":"shipping-taxable","14":"purchasable","15":"product-type-simple"},"yoast_head":"<!-- This site is optimized with the Yoast SEO plugin v27.3 - https:\/\/yoast.com\/product\/yoast-seo-wordpress\/ -->\n<title>Mosquito lamp - Best price guarantee - Decolights.eu<\/title>\n<meta name=\"description\" content=\"A mosquito lamp is a very practical and effective device for removing troublesome insects(flies, mosquitoes, bees, etc.). Buy now to get the best price!\" \/>\n<meta name=\"robots\" content=\"index, follow, max-snippet:-1, max-image-preview:large, max-video-preview:-1\" \/>\n<link rel=\"canonical\" href=\"https:\/\/decolights.eu\/hu\/termek-2\/mosquito-lamp\/\" \/>\n<meta property=\"og:locale\" content=\"hu_HU\" \/>\n<meta property=\"og:type\" content=\"article\" \/>\n<meta property=\"og:title\" content=\"Mosquito lamp - Best price guarantee - Decolights.eu\" \/>\n<meta property=\"og:description\" content=\"A mosquito lamp is a very practical and effective device for removing troublesome insects(flies, mosquitoes, bees, etc.). Buy now to get the best price!\" \/>\n<meta property=\"og:url\" content=\"https:\/\/decolights.eu\/hu\/termek-2\/mosquito-lamp\/\" \/>\n<meta property=\"og:site_name\" content=\"Decolights.eu\" \/>\n<meta property=\"article:modified_time\" content=\"2023-04-29T08:31:59+00:00\" \/>\n<meta property=\"og:image\" content=\"https:\/\/decolights.eu\/wp-content\/uploads\/2023\/04\/saasevastane-laevalgusti-kl-lamp-innovagoods_153546.jpg\" \/>\n\t<meta property=\"og:image:width\" content=\"600\" \/>\n\t<meta property=\"og:image:height\" content=\"600\" \/>\n\t<meta property=\"og:image:type\" content=\"image\/jpeg\" \/>\n<meta name=\"twitter:card\" content=\"summary_large_image\" \/>\n<meta name=\"twitter:label1\" content=\"Becs\u00fclt olvas\u00e1si id\u0151\" \/>\n\t<meta name=\"twitter:data1\" content=\"1 perc\" \/>\n<script type=\"application\/ld+json\" class=\"yoast-schema-graph\">{\"@context\":\"https:\\\/\\\/schema.org\",\"@graph\":[{\"@type\":\"WebPage\",\"@id\":\"https:\\\/\\\/decolights.eu\\\/product\\\/mosquito-lamp\\\/\",\"url\":\"https:\\\/\\\/decolights.eu\\\/product\\\/mosquito-lamp\\\/\",\"name\":\"Mosquito lamp - Best price guarantee - Decolights.eu\",\"isPartOf\":{\"@id\":\"https:\\\/\\\/decolights.eu\\\/#website\"},\"primaryImageOfPage\":{\"@id\":\"https:\\\/\\\/decolights.eu\\\/product\\\/mosquito-lamp\\\/#primaryimage\"},\"image\":{\"@id\":\"https:\\\/\\\/decolights.eu\\\/product\\\/mosquito-lamp\\\/#primaryimage\"},\"thumbnailUrl\":\"https:\\\/\\\/decolights.eu\\\/wp-content\\\/uploads\\\/2023\\\/04\\\/saasevastane-laevalgusti-kl-lamp-innovagoods_153546.jpg\",\"datePublished\":\"2023-04-01T04:21:46+00:00\",\"dateModified\":\"2023-04-29T08:31:59+00:00\",\"description\":\"A mosquito lamp is a very practical and effective device for removing troublesome insects(flies, mosquitoes, bees, etc.). Buy now to get the best price!\",\"breadcrumb\":{\"@id\":\"https:\\\/\\\/decolights.eu\\\/product\\\/mosquito-lamp\\\/#breadcrumb\"},\"inLanguage\":\"hu\",\"potentialAction\":[{\"@type\":\"ReadAction\",\"target\":[\"https:\\\/\\\/decolights.eu\\\/product\\\/mosquito-lamp\\\/\"]}]},{\"@type\":\"ImageObject\",\"inLanguage\":\"hu\",\"@id\":\"https:\\\/\\\/decolights.eu\\\/product\\\/mosquito-lamp\\\/#primaryimage\",\"url\":\"https:\\\/\\\/decolights.eu\\\/wp-content\\\/uploads\\\/2023\\\/04\\\/saasevastane-laevalgusti-kl-lamp-innovagoods_153546.jpg\",\"contentUrl\":\"https:\\\/\\\/decolights.eu\\\/wp-content\\\/uploads\\\/2023\\\/04\\\/saasevastane-laevalgusti-kl-lamp-innovagoods_153546.jpg\",\"width\":600,\"height\":600},{\"@type\":\"BreadcrumbList\",\"@id\":\"https:\\\/\\\/decolights.eu\\\/product\\\/mosquito-lamp\\\/#breadcrumb\",\"itemListElement\":[{\"@type\":\"ListItem\",\"position\":1,\"name\":\"Shop\",\"item\":\"https:\\\/\\\/decolights.eu\\\/shop\\\/\"},{\"@type\":\"ListItem\",\"position\":2,\"name\":\"Mosquito lamp\"}]},{\"@type\":\"WebSite\",\"@id\":\"https:\\\/\\\/decolights.eu\\\/#website\",\"url\":\"https:\\\/\\\/decolights.eu\\\/\",\"name\":\"decolights\",\"description\":\"Led Decorations for Home and Garden\",\"publisher\":{\"@id\":\"https:\\\/\\\/decolights.eu\\\/#organization\"},\"alternateName\":\"decolights.eu\",\"potentialAction\":[{\"@type\":\"SearchAction\",\"target\":{\"@type\":\"EntryPoint\",\"urlTemplate\":\"https:\\\/\\\/decolights.eu\\\/?s={search_term_string}\"},\"query-input\":{\"@type\":\"PropertyValueSpecification\",\"valueRequired\":true,\"valueName\":\"search_term_string\"}}],\"inLanguage\":\"hu\"},{\"@type\":\"Organization\",\"@id\":\"https:\\\/\\\/decolights.eu\\\/#organization\",\"name\":\"decolights\",\"url\":\"https:\\\/\\\/decolights.eu\\\/\",\"logo\":{\"@type\":\"ImageObject\",\"inLanguage\":\"hu\",\"@id\":\"https:\\\/\\\/decolights.eu\\\/#\\\/schema\\\/logo\\\/image\\\/\",\"url\":\"https:\\\/\\\/decolights.eu\\\/wp-content\\\/uploads\\\/2023\\\/07\\\/cropped-decolight-siteicon.png\",\"contentUrl\":\"https:\\\/\\\/decolights.eu\\\/wp-content\\\/uploads\\\/2023\\\/07\\\/cropped-decolight-siteicon.png\",\"width\":512,\"height\":512,\"caption\":\"decolights\"},\"image\":{\"@id\":\"https:\\\/\\\/decolights.eu\\\/#\\\/schema\\\/logo\\\/image\\\/\"}}]}<\/script>\n<!-- \/ Yoast SEO plugin. -->","yoast_head_json":{"title":"Sz\u00fanyogl\u00e1mpa - Garancia a legjobb \u00e1ron - Decolights.eu","description":"A sz\u00fanyogl\u00e1mpa nagyon praktikus \u00e9s hat\u00e9kony eszk\u00f6z a zavar\u00f3 rovarok (legyek, sz\u00fanyogok, m\u00e9hek stb.) elt\u00e1vol\u00edt\u00e1s\u00e1ra. V\u00e1s\u00e1roljon most, hogy a legjobb \u00e1rat kapja!","robots":{"index":"index","follow":"follow","max-snippet":"max-snippet:-1","max-image-preview":"max-image-preview:large","max-video-preview":"max-video-preview:-1"},"canonical":"https:\/\/decolights.eu\/hu\/termek-2\/mosquito-lamp\/","og_locale":"hu_HU","og_type":"article","og_title":"Mosquito lamp - Best price guarantee - Decolights.eu","og_description":"A mosquito lamp is a very practical and effective device for removing troublesome insects(flies, mosquitoes, bees, etc.). Buy now to get the best price!","og_url":"https:\/\/decolights.eu\/hu\/termek-2\/mosquito-lamp\/","og_site_name":"Decolights.eu","article_modified_time":"2023-04-29T08:31:59+00:00","og_image":[{"width":600,"height":600,"url":"https:\/\/decolights.eu\/wp-content\/uploads\/2023\/04\/saasevastane-laevalgusti-kl-lamp-innovagoods_153546.jpg","type":"image\/jpeg"}],"twitter_card":"summary_large_image","twitter_misc":{"Becs\u00fclt olvas\u00e1si id\u0151":"1 perc"},"schema":{"@context":"https:\/\/schema.org","@graph":[{"@type":"WebPage","@id":"https:\/\/decolights.eu\/product\/mosquito-lamp\/","url":"https:\/\/decolights.eu\/product\/mosquito-lamp\/","name":"Sz\u00fanyogl\u00e1mpa - Garancia a legjobb \u00e1ron - Decolights.eu","isPartOf":{"@id":"https:\/\/decolights.eu\/#website"},"primaryImageOfPage":{"@id":"https:\/\/decolights.eu\/product\/mosquito-lamp\/#primaryimage"},"image":{"@id":"https:\/\/decolights.eu\/product\/mosquito-lamp\/#primaryimage"},"thumbnailUrl":"https:\/\/decolights.eu\/wp-content\/uploads\/2023\/04\/saasevastane-laevalgusti-kl-lamp-innovagoods_153546.jpg","datePublished":"2023-04-01T04:21:46+00:00","dateModified":"2023-04-29T08:31:59+00:00","description":"A sz\u00fanyogl\u00e1mpa nagyon praktikus \u00e9s hat\u00e9kony eszk\u00f6z a zavar\u00f3 rovarok (legyek, sz\u00fanyogok, m\u00e9hek stb.) elt\u00e1vol\u00edt\u00e1s\u00e1ra. V\u00e1s\u00e1roljon most, hogy a legjobb \u00e1rat kapja!","breadcrumb":{"@id":"https:\/\/decolights.eu\/product\/mosquito-lamp\/#breadcrumb"},"inLanguage":"hu","potentialAction":[{"@type":"ReadAction","target":["https:\/\/decolights.eu\/product\/mosquito-lamp\/"]}]},{"@type":"ImageObject","inLanguage":"hu","@id":"https:\/\/decolights.eu\/product\/mosquito-lamp\/#primaryimage","url":"https:\/\/decolights.eu\/wp-content\/uploads\/2023\/04\/saasevastane-laevalgusti-kl-lamp-innovagoods_153546.jpg","contentUrl":"https:\/\/decolights.eu\/wp-content\/uploads\/2023\/04\/saasevastane-laevalgusti-kl-lamp-innovagoods_153546.jpg","width":600,"height":600},{"@type":"BreadcrumbList","@id":"https:\/\/decolights.eu\/product\/mosquito-lamp\/#breadcrumb","itemListElement":[{"@type":"ListItem","position":1,"name":"Shop","item":"https:\/\/decolights.eu\/shop\/"},{"@type":"ListItem","position":2,"name":"Mosquito lamp"}]},{"@type":"WebSite","@id":"https:\/\/decolights.eu\/#website","url":"https:\/\/decolights.eu\/","name":"decolights","description":"Led dekor\u00e1ci\u00f3 otthonra \u00e9s kertre","publisher":{"@id":"https:\/\/decolights.eu\/#organization"},"alternateName":"decolights.eu","potentialAction":[{"@type":"SearchAction","target":{"@type":"EntryPoint","urlTemplate":"https:\/\/decolights.eu\/?s={search_term_string}"},"query-input":{"@type":"PropertyValueSpecification","valueRequired":true,"valueName":"search_term_string"}}],"inLanguage":"hu"},{"@type":"Organization","@id":"https:\/\/decolights.eu\/#organization","name":"decolights","url":"https:\/\/decolights.eu\/","logo":{"@type":"ImageObject","inLanguage":"hu","@id":"https:\/\/decolights.eu\/#\/schema\/logo\/image\/","url":"https:\/\/decolights.eu\/wp-content\/uploads\/2023\/07\/cropped-decolight-siteicon.png","contentUrl":"https:\/\/decolights.eu\/wp-content\/uploads\/2023\/07\/cropped-decolight-siteicon.png","width":512,"height":512,"caption":"decolights"},"image":{"@id":"https:\/\/decolights.eu\/#\/schema\/logo\/image\/"}}]}},"jetpack_sharing_enabled":true,"_links":{"self":[{"href":"https:\/\/decolights.eu\/hu\/wp-json\/wp\/v2\/product\/4613","targetHints":{"allow":["GET"]}}],"collection":[{"href":"https:\/\/decolights.eu\/hu\/wp-json\/wp\/v2\/product"}],"about":[{"href":"https:\/\/decolights.eu\/hu\/wp-json\/wp\/v2\/types\/product"}],"replies":[{"embeddable":true,"href":"https:\/\/decolights.eu\/hu\/wp-json\/wp\/v2\/comments?post=4613"}],"wp:featuredmedia":[{"embeddable":true,"href":"https:\/\/decolights.eu\/hu\/wp-json\/wp\/v2\/media\/4672"}],"wp:attachment":[{"href":"https:\/\/decolights.eu\/hu\/wp-json\/wp\/v2\/media?parent=4613"}],"wp:term":[{"taxonomy":"product_brand","embeddable":true,"href":"https:\/\/decolights.eu\/hu\/wp-json\/wp\/v2\/product_brand?post=4613"},{"taxonomy":"product_cat","embeddable":true,"href":"https:\/\/decolights.eu\/hu\/wp-json\/wp\/v2\/product_cat?post=4613"},{"taxonomy":"product_tag","embeddable":true,"href":"https:\/\/decolights.eu\/hu\/wp-json\/wp\/v2\/product_tag?post=4613"}],"curies":[{"name":"wp","href":"https:\/\/api.w.org\/{rel}","templated":true}]}}