{"id":4653,"date":"2023-04-01T04:22:12","date_gmt":"2023-04-01T04:22:12","guid":{"rendered":"https:\/\/decolights.eu\/?post_type=product&#038;p=4653"},"modified":"2023-04-29T08:03:43","modified_gmt":"2023-04-29T08:03:43","slug":"fairy-led-string-light-warm-white-10m","status":"publish","type":"product","link":"https:\/\/decolights.eu\/hu\/termek-2\/fairy-led-string-light-warm-white-10m\/","title":{"rendered":"Fairy LED f\u00e9nyf\u00fcz\u00e9r meleg feh\u00e9r 10M"},"content":{"rendered":"<ul>\n<li><strong>LED sz\u00edne:<\/strong> meleg feh\u00e9r<\/li>\n<li><strong>Mikro LED-ek sz\u00e1ma:<\/strong> 100 LED<\/li>\n<li><strong>Vezet\u00e9k sz\u00edne: <\/strong>Ez\u00fcst<\/li>\n<li><strong>Teljes hossza (bele\u00e9rtve a t\u00e1pk\u00e1belt):<\/strong> 10M<\/li>\n<li><b>IP besorol\u00e1s:\u00a0<\/b>IP20<\/li>\n<li><strong>Csatlakoztathat\u00f3:\u00a0<\/strong>Nem<\/li>\n<li><strong>\u00c1ramforr\u00e1s:\u00a0<\/strong>3 x AA elem (nem tartoz\u00e9k)<\/li>\n<li><strong>CE tan\u00fas\u00edtv\u00e1ny:\u00a0<\/strong>Igen<\/li>\n<li>4,5V, max. 50Hz, 5,10W<\/li>\n<\/ul>","protected":false},"excerpt":{"rendered":"<p>LED Colour: warm white Number of Micro LEDs: 100LED Wire colour: Silver Total length (including power lead cable): 10M IP Rating:\u00a0IP20 Connectable:\u00a0No Power source:\u00a03 x AA batteries (not included) CE Certificate:\u00a0Yes 4.5V, 50Hz max,\u00a0 5.10W<\/p>","protected":false},"featured_media":4717,"comment_status":"open","ping_status":"closed","template":"","meta":[],"product_brand":[],"product_cat":[217,218,214],"product_tag":[],"class_list":{"0":"post-4653","1":"product","2":"type-product","3":"status-publish","4":"has-post-thumbnail","6":"product_cat-battery-operated-led-lights","7":"product_cat-decorative-led-lights","8":"product_cat-indoor-lights","9":"pa_brand-deco","10":"pa_led-colour-warm-white","12":"first","13":"instock","14":"sale","15":"shipping-taxable","16":"purchasable","17":"product-type-simple"},"yoast_head":"<!-- This site is optimized with the Yoast SEO plugin v27.3 - https:\/\/yoast.com\/product\/yoast-seo-wordpress\/ -->\n<title>Fairy LED string light warm white 10M - Best price - Decolights.eu<\/title>\n<meta name=\"description\" content=\"Fairy lights are miniature, almost hidden, micro led string lights are perfect for decorating plants, Christmas trees and vases. Buy now for the best price!\" \/>\n<meta name=\"robots\" content=\"index, follow, max-snippet:-1, max-image-preview:large, max-video-preview:-1\" \/>\n<link rel=\"canonical\" href=\"https:\/\/decolights.eu\/hu\/termek-2\/fairy-led-string-light-warm-white-10m\/\" \/>\n<meta property=\"og:locale\" content=\"hu_HU\" \/>\n<meta property=\"og:type\" content=\"article\" \/>\n<meta property=\"og:title\" content=\"Fairy LED string light warm white 10M - Best price - Decolights.eu\" \/>\n<meta property=\"og:description\" content=\"Fairy lights are miniature, almost hidden, micro led string lights are perfect for decorating plants, Christmas trees and vases. Buy now for the best price!\" \/>\n<meta property=\"og:url\" content=\"https:\/\/decolights.eu\/hu\/termek-2\/fairy-led-string-light-warm-white-10m\/\" \/>\n<meta property=\"og:site_name\" content=\"Decolights.eu\" \/>\n<meta property=\"article:modified_time\" content=\"2023-04-29T08:03:43+00:00\" \/>\n<meta property=\"og:image\" content=\"https:\/\/decolights.eu\/wp-content\/uploads\/2023\/04\/microled-soe-valge.jpeg\" \/>\n\t<meta property=\"og:image:width\" content=\"1200\" \/>\n\t<meta property=\"og:image:height\" content=\"1200\" \/>\n\t<meta property=\"og:image:type\" content=\"image\/jpeg\" \/>\n<meta name=\"twitter:card\" content=\"summary_large_image\" \/>\n<meta name=\"twitter:label1\" content=\"Becs\u00fclt olvas\u00e1si id\u0151\" \/>\n\t<meta name=\"twitter:data1\" content=\"1 perc\" \/>\n<script type=\"application\/ld+json\" class=\"yoast-schema-graph\">{\"@context\":\"https:\\\/\\\/schema.org\",\"@graph\":[{\"@type\":\"WebPage\",\"@id\":\"https:\\\/\\\/decolights.eu\\\/product\\\/fairy-led-string-light-warm-white-10m\\\/\",\"url\":\"https:\\\/\\\/decolights.eu\\\/product\\\/fairy-led-string-light-warm-white-10m\\\/\",\"name\":\"Fairy LED string light warm white 10M - Best price - Decolights.eu\",\"isPartOf\":{\"@id\":\"https:\\\/\\\/decolights.eu\\\/#website\"},\"primaryImageOfPage\":{\"@id\":\"https:\\\/\\\/decolights.eu\\\/product\\\/fairy-led-string-light-warm-white-10m\\\/#primaryimage\"},\"image\":{\"@id\":\"https:\\\/\\\/decolights.eu\\\/product\\\/fairy-led-string-light-warm-white-10m\\\/#primaryimage\"},\"thumbnailUrl\":\"https:\\\/\\\/decolights.eu\\\/wp-content\\\/uploads\\\/2023\\\/04\\\/microled-soe-valge.jpeg\",\"datePublished\":\"2023-04-01T04:22:12+00:00\",\"dateModified\":\"2023-04-29T08:03:43+00:00\",\"description\":\"Fairy lights are miniature, almost hidden, micro led string lights are perfect for decorating plants, Christmas trees and vases. Buy now for the best price!\",\"breadcrumb\":{\"@id\":\"https:\\\/\\\/decolights.eu\\\/product\\\/fairy-led-string-light-warm-white-10m\\\/#breadcrumb\"},\"inLanguage\":\"hu\",\"potentialAction\":[{\"@type\":\"ReadAction\",\"target\":[\"https:\\\/\\\/decolights.eu\\\/product\\\/fairy-led-string-light-warm-white-10m\\\/\"]}]},{\"@type\":\"ImageObject\",\"inLanguage\":\"hu\",\"@id\":\"https:\\\/\\\/decolights.eu\\\/product\\\/fairy-led-string-light-warm-white-10m\\\/#primaryimage\",\"url\":\"https:\\\/\\\/decolights.eu\\\/wp-content\\\/uploads\\\/2023\\\/04\\\/microled-soe-valge.jpeg\",\"contentUrl\":\"https:\\\/\\\/decolights.eu\\\/wp-content\\\/uploads\\\/2023\\\/04\\\/microled-soe-valge.jpeg\",\"width\":1200,\"height\":1200},{\"@type\":\"BreadcrumbList\",\"@id\":\"https:\\\/\\\/decolights.eu\\\/product\\\/fairy-led-string-light-warm-white-10m\\\/#breadcrumb\",\"itemListElement\":[{\"@type\":\"ListItem\",\"position\":1,\"name\":\"Shop\",\"item\":\"https:\\\/\\\/decolights.eu\\\/shop\\\/\"},{\"@type\":\"ListItem\",\"position\":2,\"name\":\"Fairy LED string light warm white 10M\"}]},{\"@type\":\"WebSite\",\"@id\":\"https:\\\/\\\/decolights.eu\\\/#website\",\"url\":\"https:\\\/\\\/decolights.eu\\\/\",\"name\":\"decolights\",\"description\":\"Led Decorations for Home and Garden\",\"publisher\":{\"@id\":\"https:\\\/\\\/decolights.eu\\\/#organization\"},\"alternateName\":\"decolights.eu\",\"potentialAction\":[{\"@type\":\"SearchAction\",\"target\":{\"@type\":\"EntryPoint\",\"urlTemplate\":\"https:\\\/\\\/decolights.eu\\\/?s={search_term_string}\"},\"query-input\":{\"@type\":\"PropertyValueSpecification\",\"valueRequired\":true,\"valueName\":\"search_term_string\"}}],\"inLanguage\":\"hu\"},{\"@type\":\"Organization\",\"@id\":\"https:\\\/\\\/decolights.eu\\\/#organization\",\"name\":\"decolights\",\"url\":\"https:\\\/\\\/decolights.eu\\\/\",\"logo\":{\"@type\":\"ImageObject\",\"inLanguage\":\"hu\",\"@id\":\"https:\\\/\\\/decolights.eu\\\/#\\\/schema\\\/logo\\\/image\\\/\",\"url\":\"https:\\\/\\\/decolights.eu\\\/wp-content\\\/uploads\\\/2023\\\/07\\\/cropped-decolight-siteicon.png\",\"contentUrl\":\"https:\\\/\\\/decolights.eu\\\/wp-content\\\/uploads\\\/2023\\\/07\\\/cropped-decolight-siteicon.png\",\"width\":512,\"height\":512,\"caption\":\"decolights\"},\"image\":{\"@id\":\"https:\\\/\\\/decolights.eu\\\/#\\\/schema\\\/logo\\\/image\\\/\"}}]}<\/script>\n<!-- \/ Yoast SEO plugin. -->","yoast_head_json":{"title":"Fairy LED f\u00e9nyf\u00fcz\u00e9r meleg feh\u00e9r 10M - Legjobb \u00e1r - Decolights.eu","description":"A t\u00fcnd\u00e9rl\u00e1mp\u00e1k miniat\u0171rek, szinte rejtettek, a mikro led f\u00fcz\u00e9res l\u00e1mp\u00e1k t\u00f6k\u00e9letesek n\u00f6v\u00e9nyek, kar\u00e1csonyf\u00e1k, v\u00e1z\u00e1k d\u00edsz\u00edt\u00e9s\u00e9re. V\u00e1s\u00e1roljon most a legjobb \u00e1ron!","robots":{"index":"index","follow":"follow","max-snippet":"max-snippet:-1","max-image-preview":"max-image-preview:large","max-video-preview":"max-video-preview:-1"},"canonical":"https:\/\/decolights.eu\/hu\/termek-2\/fairy-led-string-light-warm-white-10m\/","og_locale":"hu_HU","og_type":"article","og_title":"Fairy LED string light warm white 10M - Best price - Decolights.eu","og_description":"Fairy lights are miniature, almost hidden, micro led string lights are perfect for decorating plants, Christmas trees and vases. Buy now for the best price!","og_url":"https:\/\/decolights.eu\/hu\/termek-2\/fairy-led-string-light-warm-white-10m\/","og_site_name":"Decolights.eu","article_modified_time":"2023-04-29T08:03:43+00:00","og_image":[{"width":1200,"height":1200,"url":"https:\/\/decolights.eu\/wp-content\/uploads\/2023\/04\/microled-soe-valge.jpeg","type":"image\/jpeg"}],"twitter_card":"summary_large_image","twitter_misc":{"Becs\u00fclt olvas\u00e1si id\u0151":"1 perc"},"schema":{"@context":"https:\/\/schema.org","@graph":[{"@type":"WebPage","@id":"https:\/\/decolights.eu\/product\/fairy-led-string-light-warm-white-10m\/","url":"https:\/\/decolights.eu\/product\/fairy-led-string-light-warm-white-10m\/","name":"Fairy LED f\u00e9nyf\u00fcz\u00e9r meleg feh\u00e9r 10M - Legjobb \u00e1r - Decolights.eu","isPartOf":{"@id":"https:\/\/decolights.eu\/#website"},"primaryImageOfPage":{"@id":"https:\/\/decolights.eu\/product\/fairy-led-string-light-warm-white-10m\/#primaryimage"},"image":{"@id":"https:\/\/decolights.eu\/product\/fairy-led-string-light-warm-white-10m\/#primaryimage"},"thumbnailUrl":"https:\/\/decolights.eu\/wp-content\/uploads\/2023\/04\/microled-soe-valge.jpeg","datePublished":"2023-04-01T04:22:12+00:00","dateModified":"2023-04-29T08:03:43+00:00","description":"A t\u00fcnd\u00e9rl\u00e1mp\u00e1k miniat\u0171rek, szinte rejtettek, a mikro led f\u00fcz\u00e9res l\u00e1mp\u00e1k t\u00f6k\u00e9letesek n\u00f6v\u00e9nyek, kar\u00e1csonyf\u00e1k, v\u00e1z\u00e1k d\u00edsz\u00edt\u00e9s\u00e9re. V\u00e1s\u00e1roljon most a legjobb \u00e1ron!","breadcrumb":{"@id":"https:\/\/decolights.eu\/product\/fairy-led-string-light-warm-white-10m\/#breadcrumb"},"inLanguage":"hu","potentialAction":[{"@type":"ReadAction","target":["https:\/\/decolights.eu\/product\/fairy-led-string-light-warm-white-10m\/"]}]},{"@type":"ImageObject","inLanguage":"hu","@id":"https:\/\/decolights.eu\/product\/fairy-led-string-light-warm-white-10m\/#primaryimage","url":"https:\/\/decolights.eu\/wp-content\/uploads\/2023\/04\/microled-soe-valge.jpeg","contentUrl":"https:\/\/decolights.eu\/wp-content\/uploads\/2023\/04\/microled-soe-valge.jpeg","width":1200,"height":1200},{"@type":"BreadcrumbList","@id":"https:\/\/decolights.eu\/product\/fairy-led-string-light-warm-white-10m\/#breadcrumb","itemListElement":[{"@type":"ListItem","position":1,"name":"Shop","item":"https:\/\/decolights.eu\/shop\/"},{"@type":"ListItem","position":2,"name":"Fairy LED string light warm white 10M"}]},{"@type":"WebSite","@id":"https:\/\/decolights.eu\/#website","url":"https:\/\/decolights.eu\/","name":"decolights","description":"Led dekor\u00e1ci\u00f3 otthonra \u00e9s kertre","publisher":{"@id":"https:\/\/decolights.eu\/#organization"},"alternateName":"decolights.eu","potentialAction":[{"@type":"SearchAction","target":{"@type":"EntryPoint","urlTemplate":"https:\/\/decolights.eu\/?s={search_term_string}"},"query-input":{"@type":"PropertyValueSpecification","valueRequired":true,"valueName":"search_term_string"}}],"inLanguage":"hu"},{"@type":"Organization","@id":"https:\/\/decolights.eu\/#organization","name":"decolights","url":"https:\/\/decolights.eu\/","logo":{"@type":"ImageObject","inLanguage":"hu","@id":"https:\/\/decolights.eu\/#\/schema\/logo\/image\/","url":"https:\/\/decolights.eu\/wp-content\/uploads\/2023\/07\/cropped-decolight-siteicon.png","contentUrl":"https:\/\/decolights.eu\/wp-content\/uploads\/2023\/07\/cropped-decolight-siteicon.png","width":512,"height":512,"caption":"decolights"},"image":{"@id":"https:\/\/decolights.eu\/#\/schema\/logo\/image\/"}}]}},"jetpack_sharing_enabled":true,"_links":{"self":[{"href":"https:\/\/decolights.eu\/hu\/wp-json\/wp\/v2\/product\/4653","targetHints":{"allow":["GET"]}}],"collection":[{"href":"https:\/\/decolights.eu\/hu\/wp-json\/wp\/v2\/product"}],"about":[{"href":"https:\/\/decolights.eu\/hu\/wp-json\/wp\/v2\/types\/product"}],"replies":[{"embeddable":true,"href":"https:\/\/decolights.eu\/hu\/wp-json\/wp\/v2\/comments?post=4653"}],"wp:featuredmedia":[{"embeddable":true,"href":"https:\/\/decolights.eu\/hu\/wp-json\/wp\/v2\/media\/4717"}],"wp:attachment":[{"href":"https:\/\/decolights.eu\/hu\/wp-json\/wp\/v2\/media?parent=4653"}],"wp:term":[{"taxonomy":"product_brand","embeddable":true,"href":"https:\/\/decolights.eu\/hu\/wp-json\/wp\/v2\/product_brand?post=4653"},{"taxonomy":"product_cat","embeddable":true,"href":"https:\/\/decolights.eu\/hu\/wp-json\/wp\/v2\/product_cat?post=4653"},{"taxonomy":"product_tag","embeddable":true,"href":"https:\/\/decolights.eu\/hu\/wp-json\/wp\/v2\/product_tag?post=4653"}],"curies":[{"name":"wp","href":"https:\/\/api.w.org\/{rel}","templated":true}]}}