{"id":4739,"date":"2023-04-01T04:22:58","date_gmt":"2023-04-01T04:22:58","guid":{"rendered":"https:\/\/decolights.eu\/?post_type=product&#038;p=4739"},"modified":"2023-05-12T06:37:19","modified_gmt":"2023-05-12T06:37:19","slug":"pro-string-led-light","status":"publish","type":"product","link":"https:\/\/decolights.eu\/hu\/termek-2\/pro-string-led-light\/","title":{"rendered":"PRO String LED l\u00e1mpa"},"content":{"rendered":"<div class=\"spoiler_component_content_wrapper\">\n<div class=\"product_details_parameters spoiler_component_content\">\n<div class=\"spoiler_component_content_wrapper\">\n<div class=\"product_details_parameters spoiler_component_content\">\n<p>PRO sorozatunk egy kiv\u00e1l\u00f3 min\u0151s\u00e9g\u0171 \u00e9s hossz\u00fa \u00e9lettartam\u00fa LED l\u00e1mpa sorozat. A f\u00fcz\u00e9rek UV-\u00e1ll\u00f3, gumik\u00e1bellel vannak ell\u00e1tva, \u00e9s eg\u00e9sz \u00e9vben k\u00fclt\u00e9ren haszn\u00e1lhat\u00f3k.<\/p>\n<p>A PRO String LED l\u00e1mpa t\u00f6k\u00e9letes homlokzatok, erk\u00e9lyek vagy f\u00e1k d\u00edsz\u00edt\u00e9s\u00e9re. F\u00e9nyes \u00e9s mes\u00e9s vill\u00e1mhat\u00e1st ad, \u00e9s m\u00e9g szebb\u00e9 \u00e9s kiemelked\u0151bb\u00e9 var\u00e1zsolja otthon\u00e1t.<\/p>\n<p>Forduljon hozz\u00e1nk bizalommal, ha b\u00e1rmilyen m\u00e1s sz\u00edn\u0171 LED vagy k\u00e1bel felkeltette \u00e9rdekl\u0151d\u00e9s\u00e9t <a href=\"mailto:info@decolights.eu\">info@decolights.eu<\/a>.<\/p>\n<\/div>\n<\/div>\n<ul>\n<li><strong>LED-ek sz\u00e1ma<\/strong><strong>: <\/strong>100 LED<\/li>\n<li><strong>Teljes hossz (tartoz\u00e9k t\u00e1pk\u00e1bel): <\/strong>11,5 milli\u00f3<\/li>\n<li><strong>A megvil\u00e1g\u00edtott r\u00e9sz hossza: <\/strong>10M (k\u00e9t \u00f6sszekapcsolt r\u00e9szb\u0151l \u00e1ll, 5+5M)<\/li>\n<li><strong>T\u00e1pk\u00e1bel:<\/strong> 1,50 milli\u00f3<\/li>\n<li><strong>Az izz\u00f3k k\u00f6z\u00f6tti t\u00e1vols\u00e1g:<\/strong> 10cm<\/li>\n<li><strong>LED m\u00e9rete:<\/strong> 8MM<\/li>\n<li><strong>Villog:\u00a0<\/strong>Nem<\/li>\n<li><strong>IP besorol\u00e1s: <\/strong>IP65<\/li>\n<li><strong>\u00c1ramforr\u00e1s:\u00a0<\/strong>Csatlakoztat<\/li>\n<li><strong>K\u00e1bel anyaga:\u00a0<\/strong>Gumi 3,2 mm<\/li>\n<li><strong>Csatlakoztathat\u00f3:\u00a0<\/strong>Igen (maximum 10 k\u00e9szlet)<\/li>\n<li><strong>CE tan\u00fas\u00edtv\u00e1nnyal rendelkezik:\u00a0<\/strong>Igen<\/li>\n<li>220-240V, 9,2W<\/li>\n<\/ul>\n<\/div>\n<\/div>","protected":false},"excerpt":{"rendered":"<p>Our PRO line is a high quality and long lasting LED light series. Garlands are with UV-proof, rubber cable and can be used outside all year around. PRO String LED light is perfect for decorating facades, balconies or trees. Gives a bright and fabulous lightning effect and will make your home look even more beautiful [&#8230;]\n","protected":false},"featured_media":4795,"comment_status":"open","ping_status":"closed","template":"","meta":[],"product_brand":[],"product_cat":[226,239],"product_tag":[],"class_list":{"0":"post-4739","1":"product","2":"type-product","3":"status-publish","4":"has-post-thumbnail","6":"product_cat-outdoor-lights","7":"product_cat-pro-christmas-lights","8":"pa_available-colours-blue","9":"pa_available-colours-cold-white","10":"pa_available-colours-multi-coloured","11":"pa_available-colours-warm-white","12":"pa_brand-deco","13":"pa_led-colour-blue","14":"pa_led-colour-cold-white","15":"pa_led-colour-multi-coloured","16":"pa_led-colour-warm-white","18":"first","19":"onbackorder","20":"sale","21":"shipping-taxable","22":"purchasable","23":"product-type-variable"},"yoast_head":"<!-- This site is optimized with the Yoast SEO plugin v27.3 - https:\/\/yoast.com\/product\/yoast-seo-wordpress\/ -->\n<title>PRO String LED light - Best quality - Decolights.eu<\/title>\n<meta name=\"description\" content=\"PRO String LED light will create a magical atmosphere. Festive mood in guaranteed! Decorate your outside Christmas trees. Buy now to get the best price.\" \/>\n<meta name=\"robots\" content=\"index, follow, max-snippet:-1, max-image-preview:large, max-video-preview:-1\" \/>\n<link rel=\"canonical\" href=\"https:\/\/decolights.eu\/hu\/produkt\/pro-string-led-light\/\" \/>\n<meta property=\"og:locale\" content=\"hu_HU\" \/>\n<meta property=\"og:type\" content=\"article\" \/>\n<meta property=\"og:title\" content=\"PRO String LED light - Best quality - Decolights.eu\" \/>\n<meta property=\"og:description\" content=\"PRO String LED light will create a magical atmosphere. Festive mood in guaranteed! Decorate your outside Christmas trees. Buy now to get the best price.\" \/>\n<meta property=\"og:url\" content=\"https:\/\/decolights.eu\/hu\/produkt\/pro-string-led-light\/\" \/>\n<meta property=\"og:site_name\" content=\"Decolights.eu\" \/>\n<meta property=\"article:modified_time\" content=\"2023-05-12T06:37:19+00:00\" \/>\n<meta property=\"og:image\" content=\"https:\/\/decolights.eu\/wp-content\/uploads\/2023\/04\/Outdoor-LED-String-Lights-Connectable-Black-Rubber-Cable-2.jpg\" \/>\n\t<meta property=\"og:image:width\" content=\"584\" \/>\n\t<meta property=\"og:image:height\" content=\"588\" \/>\n\t<meta property=\"og:image:type\" content=\"image\/jpeg\" \/>\n<meta name=\"twitter:card\" content=\"summary_large_image\" \/>\n<meta name=\"twitter:label1\" content=\"Becs\u00fclt olvas\u00e1si id\u0151\" \/>\n\t<meta name=\"twitter:data1\" content=\"1 perc\" \/>\n<script type=\"application\/ld+json\" class=\"yoast-schema-graph\">{\"@context\":\"https:\\\/\\\/schema.org\",\"@graph\":[{\"@type\":\"WebPage\",\"@id\":\"https:\\\/\\\/decolights.eu\\\/sk\\\/produkt\\\/pro-string-led-light\\\/\",\"url\":\"https:\\\/\\\/decolights.eu\\\/sk\\\/produkt\\\/pro-string-led-light\\\/\",\"name\":\"PRO String LED light - Best quality - Decolights.eu\",\"isPartOf\":{\"@id\":\"https:\\\/\\\/decolights.eu\\\/#website\"},\"primaryImageOfPage\":{\"@id\":\"https:\\\/\\\/decolights.eu\\\/sk\\\/produkt\\\/pro-string-led-light\\\/#primaryimage\"},\"image\":{\"@id\":\"https:\\\/\\\/decolights.eu\\\/sk\\\/produkt\\\/pro-string-led-light\\\/#primaryimage\"},\"thumbnailUrl\":\"https:\\\/\\\/decolights.eu\\\/wp-content\\\/uploads\\\/2023\\\/04\\\/Outdoor-LED-String-Lights-Connectable-Black-Rubber-Cable-2.jpg\",\"datePublished\":\"2023-04-01T04:22:58+00:00\",\"dateModified\":\"2023-05-12T06:37:19+00:00\",\"description\":\"PRO String LED light will create a magical atmosphere. Festive mood in guaranteed! Decorate your outside Christmas trees. Buy now to get the best price.\",\"breadcrumb\":{\"@id\":\"https:\\\/\\\/decolights.eu\\\/sk\\\/produkt\\\/pro-string-led-light\\\/#breadcrumb\"},\"inLanguage\":\"hu\",\"potentialAction\":[{\"@type\":\"ReadAction\",\"target\":[\"https:\\\/\\\/decolights.eu\\\/sk\\\/produkt\\\/pro-string-led-light\\\/\"]}]},{\"@type\":\"ImageObject\",\"inLanguage\":\"hu\",\"@id\":\"https:\\\/\\\/decolights.eu\\\/sk\\\/produkt\\\/pro-string-led-light\\\/#primaryimage\",\"url\":\"https:\\\/\\\/decolights.eu\\\/wp-content\\\/uploads\\\/2023\\\/04\\\/Outdoor-LED-String-Lights-Connectable-Black-Rubber-Cable-2.jpg\",\"contentUrl\":\"https:\\\/\\\/decolights.eu\\\/wp-content\\\/uploads\\\/2023\\\/04\\\/Outdoor-LED-String-Lights-Connectable-Black-Rubber-Cable-2.jpg\",\"width\":584,\"height\":588},{\"@type\":\"BreadcrumbList\",\"@id\":\"https:\\\/\\\/decolights.eu\\\/sk\\\/produkt\\\/pro-string-led-light\\\/#breadcrumb\",\"itemListElement\":[{\"@type\":\"ListItem\",\"position\":1,\"name\":\"Shop\",\"item\":\"https:\\\/\\\/decolights.eu\\\/shop\\\/\"},{\"@type\":\"ListItem\",\"position\":2,\"name\":\"PRO String LED light\"}]},{\"@type\":\"WebSite\",\"@id\":\"https:\\\/\\\/decolights.eu\\\/#website\",\"url\":\"https:\\\/\\\/decolights.eu\\\/\",\"name\":\"decolights\",\"description\":\"Led Decorations for Home and Garden\",\"publisher\":{\"@id\":\"https:\\\/\\\/decolights.eu\\\/#organization\"},\"alternateName\":\"decolights.eu\",\"potentialAction\":[{\"@type\":\"SearchAction\",\"target\":{\"@type\":\"EntryPoint\",\"urlTemplate\":\"https:\\\/\\\/decolights.eu\\\/?s={search_term_string}\"},\"query-input\":{\"@type\":\"PropertyValueSpecification\",\"valueRequired\":true,\"valueName\":\"search_term_string\"}}],\"inLanguage\":\"hu\"},{\"@type\":\"Organization\",\"@id\":\"https:\\\/\\\/decolights.eu\\\/#organization\",\"name\":\"decolights\",\"url\":\"https:\\\/\\\/decolights.eu\\\/\",\"logo\":{\"@type\":\"ImageObject\",\"inLanguage\":\"hu\",\"@id\":\"https:\\\/\\\/decolights.eu\\\/#\\\/schema\\\/logo\\\/image\\\/\",\"url\":\"https:\\\/\\\/decolights.eu\\\/wp-content\\\/uploads\\\/2023\\\/07\\\/cropped-decolight-siteicon.png\",\"contentUrl\":\"https:\\\/\\\/decolights.eu\\\/wp-content\\\/uploads\\\/2023\\\/07\\\/cropped-decolight-siteicon.png\",\"width\":512,\"height\":512,\"caption\":\"decolights\"},\"image\":{\"@id\":\"https:\\\/\\\/decolights.eu\\\/#\\\/schema\\\/logo\\\/image\\\/\"}}]}<\/script>\n<!-- \/ Yoast SEO plugin. -->","yoast_head_json":{"title":"PRO String LED l\u00e1mpa - Legjobb min\u0151s\u00e9g - Decolights.eu","description":"A PRO String LED l\u00e1mpa var\u00e1zslatos hangulatot teremt. Az \u00fcnnepi hangulat garant\u00e1lt! D\u00edsz\u00edtsd fel k\u00fclt\u00e9ri kar\u00e1csonyf\u00e1idat. V\u00e1s\u00e1roljon most, hogy a legjobb \u00e1rat kapja.","robots":{"index":"index","follow":"follow","max-snippet":"max-snippet:-1","max-image-preview":"max-image-preview:large","max-video-preview":"max-video-preview:-1"},"canonical":"https:\/\/decolights.eu\/hu\/produkt\/pro-string-led-light\/","og_locale":"hu_HU","og_type":"article","og_title":"PRO String LED light - Best quality - Decolights.eu","og_description":"PRO String LED light will create a magical atmosphere. Festive mood in guaranteed! Decorate your outside Christmas trees. Buy now to get the best price.","og_url":"https:\/\/decolights.eu\/hu\/produkt\/pro-string-led-light\/","og_site_name":"Decolights.eu","article_modified_time":"2023-05-12T06:37:19+00:00","og_image":[{"width":584,"height":588,"url":"https:\/\/decolights.eu\/wp-content\/uploads\/2023\/04\/Outdoor-LED-String-Lights-Connectable-Black-Rubber-Cable-2.jpg","type":"image\/jpeg"}],"twitter_card":"summary_large_image","twitter_misc":{"Becs\u00fclt olvas\u00e1si id\u0151":"1 perc"},"schema":{"@context":"https:\/\/schema.org","@graph":[{"@type":"WebPage","@id":"https:\/\/decolights.eu\/sk\/produkt\/pro-string-led-light\/","url":"https:\/\/decolights.eu\/sk\/produkt\/pro-string-led-light\/","name":"PRO String LED l\u00e1mpa - Legjobb min\u0151s\u00e9g - Decolights.eu","isPartOf":{"@id":"https:\/\/decolights.eu\/#website"},"primaryImageOfPage":{"@id":"https:\/\/decolights.eu\/sk\/produkt\/pro-string-led-light\/#primaryimage"},"image":{"@id":"https:\/\/decolights.eu\/sk\/produkt\/pro-string-led-light\/#primaryimage"},"thumbnailUrl":"https:\/\/decolights.eu\/wp-content\/uploads\/2023\/04\/Outdoor-LED-String-Lights-Connectable-Black-Rubber-Cable-2.jpg","datePublished":"2023-04-01T04:22:58+00:00","dateModified":"2023-05-12T06:37:19+00:00","description":"A PRO String LED l\u00e1mpa var\u00e1zslatos hangulatot teremt. Az \u00fcnnepi hangulat garant\u00e1lt! D\u00edsz\u00edtsd fel k\u00fclt\u00e9ri kar\u00e1csonyf\u00e1idat. V\u00e1s\u00e1roljon most, hogy a legjobb \u00e1rat kapja.","breadcrumb":{"@id":"https:\/\/decolights.eu\/sk\/produkt\/pro-string-led-light\/#breadcrumb"},"inLanguage":"hu","potentialAction":[{"@type":"ReadAction","target":["https:\/\/decolights.eu\/sk\/produkt\/pro-string-led-light\/"]}]},{"@type":"ImageObject","inLanguage":"hu","@id":"https:\/\/decolights.eu\/sk\/produkt\/pro-string-led-light\/#primaryimage","url":"https:\/\/decolights.eu\/wp-content\/uploads\/2023\/04\/Outdoor-LED-String-Lights-Connectable-Black-Rubber-Cable-2.jpg","contentUrl":"https:\/\/decolights.eu\/wp-content\/uploads\/2023\/04\/Outdoor-LED-String-Lights-Connectable-Black-Rubber-Cable-2.jpg","width":584,"height":588},{"@type":"BreadcrumbList","@id":"https:\/\/decolights.eu\/sk\/produkt\/pro-string-led-light\/#breadcrumb","itemListElement":[{"@type":"ListItem","position":1,"name":"Shop","item":"https:\/\/decolights.eu\/shop\/"},{"@type":"ListItem","position":2,"name":"PRO String LED light"}]},{"@type":"WebSite","@id":"https:\/\/decolights.eu\/#website","url":"https:\/\/decolights.eu\/","name":"decolights","description":"Led dekor\u00e1ci\u00f3 otthonra \u00e9s kertre","publisher":{"@id":"https:\/\/decolights.eu\/#organization"},"alternateName":"decolights.eu","potentialAction":[{"@type":"SearchAction","target":{"@type":"EntryPoint","urlTemplate":"https:\/\/decolights.eu\/?s={search_term_string}"},"query-input":{"@type":"PropertyValueSpecification","valueRequired":true,"valueName":"search_term_string"}}],"inLanguage":"hu"},{"@type":"Organization","@id":"https:\/\/decolights.eu\/#organization","name":"decolights","url":"https:\/\/decolights.eu\/","logo":{"@type":"ImageObject","inLanguage":"hu","@id":"https:\/\/decolights.eu\/#\/schema\/logo\/image\/","url":"https:\/\/decolights.eu\/wp-content\/uploads\/2023\/07\/cropped-decolight-siteicon.png","contentUrl":"https:\/\/decolights.eu\/wp-content\/uploads\/2023\/07\/cropped-decolight-siteicon.png","width":512,"height":512,"caption":"decolights"},"image":{"@id":"https:\/\/decolights.eu\/#\/schema\/logo\/image\/"}}]}},"jetpack_sharing_enabled":true,"_links":{"self":[{"href":"https:\/\/decolights.eu\/hu\/wp-json\/wp\/v2\/product\/4739","targetHints":{"allow":["GET"]}}],"collection":[{"href":"https:\/\/decolights.eu\/hu\/wp-json\/wp\/v2\/product"}],"about":[{"href":"https:\/\/decolights.eu\/hu\/wp-json\/wp\/v2\/types\/product"}],"replies":[{"embeddable":true,"href":"https:\/\/decolights.eu\/hu\/wp-json\/wp\/v2\/comments?post=4739"}],"wp:featuredmedia":[{"embeddable":true,"href":"https:\/\/decolights.eu\/hu\/wp-json\/wp\/v2\/media\/4795"}],"wp:attachment":[{"href":"https:\/\/decolights.eu\/hu\/wp-json\/wp\/v2\/media?parent=4739"}],"wp:term":[{"taxonomy":"product_brand","embeddable":true,"href":"https:\/\/decolights.eu\/hu\/wp-json\/wp\/v2\/product_brand?post=4739"},{"taxonomy":"product_cat","embeddable":true,"href":"https:\/\/decolights.eu\/hu\/wp-json\/wp\/v2\/product_cat?post=4739"},{"taxonomy":"product_tag","embeddable":true,"href":"https:\/\/decolights.eu\/hu\/wp-json\/wp\/v2\/product_tag?post=4739"}],"curies":[{"name":"wp","href":"https:\/\/api.w.org\/{rel}","templated":true}]}}