{"id":4911,"date":"2023-04-01T04:24:31","date_gmt":"2023-04-01T04:24:31","guid":{"rendered":"https:\/\/decolights.eu\/?post_type=product&#038;p=4911"},"modified":"2023-05-02T01:20:21","modified_gmt":"2023-05-02T01:20:21","slug":"led-bulb-st45-e27-warm-white","status":"publish","type":"product","link":"https:\/\/decolights.eu\/hu\/termek-2\/led-bulb-st45-e27-warm-white\/","title":{"rendered":"LED izz\u00f3 ST45 E27 meleg feh\u00e9r"},"content":{"rendered":"<ul>\n<li><strong>Izz\u00f3: <\/strong>2W E27 ST45<\/li>\n<li><strong>LED sz\u00edne: <\/strong>meleg feh\u00e9r (2800K)<\/li>\n<li><strong>\u00c9lettartam: <\/strong>15000h<\/li>\n<li>Id\u0151j\u00e1r\u00e1s \u00e9s fagy\u00e1ll\u00f3<\/li>\n<li>Villamosenergia-megtakar\u00edt\u00e1s<\/li>\n<li>230V AC\/ 50Hz<\/li>\n<\/ul>","protected":false},"excerpt":{"rendered":"<p>Bulb: 2W E27 ST45 LED Colour: warm white (2800K) Lifetime: 15000h Weather and frost-proof Electricity-saving 230V AC\/ 50Hz<\/p>","protected":false},"featured_media":4986,"comment_status":"open","ping_status":"closed","template":"","meta":[],"product_brand":[],"product_cat":[229,226],"product_tag":[],"class_list":{"0":"post-4911","1":"product","2":"type-product","3":"status-publish","4":"has-post-thumbnail","6":"product_cat-bulbs","7":"product_cat-outdoor-lights","8":"pa_brand-deco","9":"pa_led-colour-warm-white","11":"first","12":"instock","13":"sale","14":"shipping-taxable","15":"purchasable","16":"product-type-simple"},"yoast_head":"<!-- This site is optimized with the Yoast SEO plugin v27.3 - https:\/\/yoast.com\/product\/yoast-seo-wordpress\/ -->\n<title>LED Bulb ST45 E27 warm white - Best price - Decolights.eu<\/title>\n<meta name=\"description\" content=\"LED Bulb ST45 E27 warm white will suit perfectly our festoon lights. Choose your favourite bulb and add to light chain. Get them now for best price!\" \/>\n<meta name=\"robots\" content=\"index, follow, max-snippet:-1, max-image-preview:large, max-video-preview:-1\" \/>\n<link rel=\"canonical\" href=\"https:\/\/decolights.eu\/hu\/termek-2\/led-bulb-st45-e27-warm-white\/\" \/>\n<meta property=\"og:locale\" content=\"hu_HU\" \/>\n<meta property=\"og:type\" content=\"article\" \/>\n<meta property=\"og:title\" content=\"LED Bulb ST45 E27 warm white - Best price - Decolights.eu\" \/>\n<meta property=\"og:description\" content=\"LED Bulb ST45 E27 warm white will suit perfectly our festoon lights. Choose your favourite bulb and add to light chain. Get them now for best price!\" \/>\n<meta property=\"og:url\" content=\"https:\/\/decolights.eu\/hu\/termek-2\/led-bulb-st45-e27-warm-white\/\" \/>\n<meta property=\"og:site_name\" content=\"Decolights.eu\" \/>\n<meta property=\"article:modified_time\" content=\"2023-05-02T01:20:21+00:00\" \/>\n<meta property=\"og:image\" content=\"https:\/\/decolights.eu\/wp-content\/uploads\/2023\/04\/ST45-pirn.jpg\" \/>\n\t<meta property=\"og:image:width\" content=\"800\" \/>\n\t<meta property=\"og:image:height\" content=\"800\" \/>\n\t<meta property=\"og:image:type\" content=\"image\/jpeg\" \/>\n<meta name=\"twitter:card\" content=\"summary_large_image\" \/>\n<meta name=\"twitter:label1\" content=\"Becs\u00fclt olvas\u00e1si id\u0151\" \/>\n\t<meta name=\"twitter:data1\" content=\"1 perc\" \/>\n<script type=\"application\/ld+json\" class=\"yoast-schema-graph\">{\"@context\":\"https:\\\/\\\/schema.org\",\"@graph\":[{\"@type\":\"WebPage\",\"@id\":\"https:\\\/\\\/decolights.eu\\\/product\\\/led-bulb-st45-e27-warm-white\\\/\",\"url\":\"https:\\\/\\\/decolights.eu\\\/product\\\/led-bulb-st45-e27-warm-white\\\/\",\"name\":\"LED Bulb ST45 E27 warm white - Best price - Decolights.eu\",\"isPartOf\":{\"@id\":\"https:\\\/\\\/decolights.eu\\\/#website\"},\"primaryImageOfPage\":{\"@id\":\"https:\\\/\\\/decolights.eu\\\/product\\\/led-bulb-st45-e27-warm-white\\\/#primaryimage\"},\"image\":{\"@id\":\"https:\\\/\\\/decolights.eu\\\/product\\\/led-bulb-st45-e27-warm-white\\\/#primaryimage\"},\"thumbnailUrl\":\"https:\\\/\\\/decolights.eu\\\/wp-content\\\/uploads\\\/2023\\\/04\\\/ST45-pirn.jpg\",\"datePublished\":\"2023-04-01T04:24:31+00:00\",\"dateModified\":\"2023-05-02T01:20:21+00:00\",\"description\":\"LED Bulb ST45 E27 warm white will suit perfectly our festoon lights. Choose your favourite bulb and add to light chain. Get them now for best price!\",\"breadcrumb\":{\"@id\":\"https:\\\/\\\/decolights.eu\\\/product\\\/led-bulb-st45-e27-warm-white\\\/#breadcrumb\"},\"inLanguage\":\"hu\",\"potentialAction\":[{\"@type\":\"ReadAction\",\"target\":[\"https:\\\/\\\/decolights.eu\\\/product\\\/led-bulb-st45-e27-warm-white\\\/\"]}]},{\"@type\":\"ImageObject\",\"inLanguage\":\"hu\",\"@id\":\"https:\\\/\\\/decolights.eu\\\/product\\\/led-bulb-st45-e27-warm-white\\\/#primaryimage\",\"url\":\"https:\\\/\\\/decolights.eu\\\/wp-content\\\/uploads\\\/2023\\\/04\\\/ST45-pirn.jpg\",\"contentUrl\":\"https:\\\/\\\/decolights.eu\\\/wp-content\\\/uploads\\\/2023\\\/04\\\/ST45-pirn.jpg\",\"width\":800,\"height\":800},{\"@type\":\"BreadcrumbList\",\"@id\":\"https:\\\/\\\/decolights.eu\\\/product\\\/led-bulb-st45-e27-warm-white\\\/#breadcrumb\",\"itemListElement\":[{\"@type\":\"ListItem\",\"position\":1,\"name\":\"Shop\",\"item\":\"https:\\\/\\\/decolights.eu\\\/shop\\\/\"},{\"@type\":\"ListItem\",\"position\":2,\"name\":\"LED Bulb ST45 E27 warm white\"}]},{\"@type\":\"WebSite\",\"@id\":\"https:\\\/\\\/decolights.eu\\\/#website\",\"url\":\"https:\\\/\\\/decolights.eu\\\/\",\"name\":\"decolights\",\"description\":\"Led Decorations for Home and Garden\",\"publisher\":{\"@id\":\"https:\\\/\\\/decolights.eu\\\/#organization\"},\"alternateName\":\"decolights.eu\",\"potentialAction\":[{\"@type\":\"SearchAction\",\"target\":{\"@type\":\"EntryPoint\",\"urlTemplate\":\"https:\\\/\\\/decolights.eu\\\/?s={search_term_string}\"},\"query-input\":{\"@type\":\"PropertyValueSpecification\",\"valueRequired\":true,\"valueName\":\"search_term_string\"}}],\"inLanguage\":\"hu\"},{\"@type\":\"Organization\",\"@id\":\"https:\\\/\\\/decolights.eu\\\/#organization\",\"name\":\"decolights\",\"url\":\"https:\\\/\\\/decolights.eu\\\/\",\"logo\":{\"@type\":\"ImageObject\",\"inLanguage\":\"hu\",\"@id\":\"https:\\\/\\\/decolights.eu\\\/#\\\/schema\\\/logo\\\/image\\\/\",\"url\":\"https:\\\/\\\/decolights.eu\\\/wp-content\\\/uploads\\\/2023\\\/07\\\/cropped-decolight-siteicon.png\",\"contentUrl\":\"https:\\\/\\\/decolights.eu\\\/wp-content\\\/uploads\\\/2023\\\/07\\\/cropped-decolight-siteicon.png\",\"width\":512,\"height\":512,\"caption\":\"decolights\"},\"image\":{\"@id\":\"https:\\\/\\\/decolights.eu\\\/#\\\/schema\\\/logo\\\/image\\\/\"}}]}<\/script>\n<!-- \/ Yoast SEO plugin. -->","yoast_head_json":{"title":"LED izz\u00f3 ST45 E27 meleg feh\u00e9r - Legjobb \u00e1r - Decolights.eu","description":"Az ST45 E27 melegfeh\u00e9r LED-es izz\u00f3 t\u00f6k\u00e9letesen illeszkedik d\u00edszl\u00e1mp\u00e1inkhoz. V\u00e1laszd ki kedvenc izz\u00f3dat, \u00e9s add hozz\u00e1 a f\u00e9nyl\u00e1nchoz. Szerezd meg \u0151ket most a legjobb \u00e1ron!","robots":{"index":"index","follow":"follow","max-snippet":"max-snippet:-1","max-image-preview":"max-image-preview:large","max-video-preview":"max-video-preview:-1"},"canonical":"https:\/\/decolights.eu\/hu\/termek-2\/led-bulb-st45-e27-warm-white\/","og_locale":"hu_HU","og_type":"article","og_title":"LED Bulb ST45 E27 warm white - Best price - Decolights.eu","og_description":"LED Bulb ST45 E27 warm white will suit perfectly our festoon lights. Choose your favourite bulb and add to light chain. Get them now for best price!","og_url":"https:\/\/decolights.eu\/hu\/termek-2\/led-bulb-st45-e27-warm-white\/","og_site_name":"Decolights.eu","article_modified_time":"2023-05-02T01:20:21+00:00","og_image":[{"width":800,"height":800,"url":"https:\/\/decolights.eu\/wp-content\/uploads\/2023\/04\/ST45-pirn.jpg","type":"image\/jpeg"}],"twitter_card":"summary_large_image","twitter_misc":{"Becs\u00fclt olvas\u00e1si id\u0151":"1 perc"},"schema":{"@context":"https:\/\/schema.org","@graph":[{"@type":"WebPage","@id":"https:\/\/decolights.eu\/product\/led-bulb-st45-e27-warm-white\/","url":"https:\/\/decolights.eu\/product\/led-bulb-st45-e27-warm-white\/","name":"LED izz\u00f3 ST45 E27 meleg feh\u00e9r - Legjobb \u00e1r - Decolights.eu","isPartOf":{"@id":"https:\/\/decolights.eu\/#website"},"primaryImageOfPage":{"@id":"https:\/\/decolights.eu\/product\/led-bulb-st45-e27-warm-white\/#primaryimage"},"image":{"@id":"https:\/\/decolights.eu\/product\/led-bulb-st45-e27-warm-white\/#primaryimage"},"thumbnailUrl":"https:\/\/decolights.eu\/wp-content\/uploads\/2023\/04\/ST45-pirn.jpg","datePublished":"2023-04-01T04:24:31+00:00","dateModified":"2023-05-02T01:20:21+00:00","description":"Az ST45 E27 melegfeh\u00e9r LED-es izz\u00f3 t\u00f6k\u00e9letesen illeszkedik d\u00edszl\u00e1mp\u00e1inkhoz. V\u00e1laszd ki kedvenc izz\u00f3dat, \u00e9s add hozz\u00e1 a f\u00e9nyl\u00e1nchoz. Szerezd meg \u0151ket most a legjobb \u00e1ron!","breadcrumb":{"@id":"https:\/\/decolights.eu\/product\/led-bulb-st45-e27-warm-white\/#breadcrumb"},"inLanguage":"hu","potentialAction":[{"@type":"ReadAction","target":["https:\/\/decolights.eu\/product\/led-bulb-st45-e27-warm-white\/"]}]},{"@type":"ImageObject","inLanguage":"hu","@id":"https:\/\/decolights.eu\/product\/led-bulb-st45-e27-warm-white\/#primaryimage","url":"https:\/\/decolights.eu\/wp-content\/uploads\/2023\/04\/ST45-pirn.jpg","contentUrl":"https:\/\/decolights.eu\/wp-content\/uploads\/2023\/04\/ST45-pirn.jpg","width":800,"height":800},{"@type":"BreadcrumbList","@id":"https:\/\/decolights.eu\/product\/led-bulb-st45-e27-warm-white\/#breadcrumb","itemListElement":[{"@type":"ListItem","position":1,"name":"Shop","item":"https:\/\/decolights.eu\/shop\/"},{"@type":"ListItem","position":2,"name":"LED Bulb ST45 E27 warm white"}]},{"@type":"WebSite","@id":"https:\/\/decolights.eu\/#website","url":"https:\/\/decolights.eu\/","name":"decolights","description":"Led dekor\u00e1ci\u00f3 otthonra \u00e9s kertre","publisher":{"@id":"https:\/\/decolights.eu\/#organization"},"alternateName":"decolights.eu","potentialAction":[{"@type":"SearchAction","target":{"@type":"EntryPoint","urlTemplate":"https:\/\/decolights.eu\/?s={search_term_string}"},"query-input":{"@type":"PropertyValueSpecification","valueRequired":true,"valueName":"search_term_string"}}],"inLanguage":"hu"},{"@type":"Organization","@id":"https:\/\/decolights.eu\/#organization","name":"decolights","url":"https:\/\/decolights.eu\/","logo":{"@type":"ImageObject","inLanguage":"hu","@id":"https:\/\/decolights.eu\/#\/schema\/logo\/image\/","url":"https:\/\/decolights.eu\/wp-content\/uploads\/2023\/07\/cropped-decolight-siteicon.png","contentUrl":"https:\/\/decolights.eu\/wp-content\/uploads\/2023\/07\/cropped-decolight-siteicon.png","width":512,"height":512,"caption":"decolights"},"image":{"@id":"https:\/\/decolights.eu\/#\/schema\/logo\/image\/"}}]}},"jetpack_sharing_enabled":true,"_links":{"self":[{"href":"https:\/\/decolights.eu\/hu\/wp-json\/wp\/v2\/product\/4911","targetHints":{"allow":["GET"]}}],"collection":[{"href":"https:\/\/decolights.eu\/hu\/wp-json\/wp\/v2\/product"}],"about":[{"href":"https:\/\/decolights.eu\/hu\/wp-json\/wp\/v2\/types\/product"}],"replies":[{"embeddable":true,"href":"https:\/\/decolights.eu\/hu\/wp-json\/wp\/v2\/comments?post=4911"}],"wp:featuredmedia":[{"embeddable":true,"href":"https:\/\/decolights.eu\/hu\/wp-json\/wp\/v2\/media\/4986"}],"wp:attachment":[{"href":"https:\/\/decolights.eu\/hu\/wp-json\/wp\/v2\/media?parent=4911"}],"wp:term":[{"taxonomy":"product_brand","embeddable":true,"href":"https:\/\/decolights.eu\/hu\/wp-json\/wp\/v2\/product_brand?post=4911"},{"taxonomy":"product_cat","embeddable":true,"href":"https:\/\/decolights.eu\/hu\/wp-json\/wp\/v2\/product_cat?post=4911"},{"taxonomy":"product_tag","embeddable":true,"href":"https:\/\/decolights.eu\/hu\/wp-json\/wp\/v2\/product_tag?post=4911"}],"curies":[{"name":"wp","href":"https:\/\/api.w.org\/{rel}","templated":true}]}}