{"id":5015,"date":"2023-04-01T04:25:43","date_gmt":"2023-04-01T04:25:43","guid":{"rendered":"https:\/\/decolights.eu\/?post_type=product&#038;p=5015"},"modified":"2023-05-01T15:14:02","modified_gmt":"2023-05-01T15:14:02","slug":"led-lantern","status":"publish","type":"product","link":"https:\/\/decolights.eu\/hu\/termek-2\/led-lantern\/","title":{"rendered":"LED l\u00e1mpa"},"content":{"rendered":"<p>Sz\u00e9p hordozhat\u00f3 elemes l\u00e1mpa meleg feh\u00e9r LED-del. Belt\u00e9ri \u00e9s k\u00fclt\u00e9ri haszn\u00e1latra egyar\u00e1nt. K\u00f6nnyen hordozhat\u00f3 \u00e9s kellemes kieg\u00e9sz\u00edt\u0151 megvil\u00e1g\u00edt\u00e1st biztos\u00edt kellemes ny\u00e1ri est\u00e9ken a kertben, az erk\u00e9lyen vagy a strandon.<\/p>\n<ul>\n<li><strong>Sz\u00edn:\u00a0<\/strong>tejfeh\u00e9r<\/li>\n<li><strong>LED sz\u00edn:<\/strong> meleg feh\u00e9r<\/li>\n<li><strong>M\u00e9ret: <\/strong>20x14cm<\/li>\n<li><strong>IP besorol\u00e1s: <\/strong>IP44<\/li>\n<li dir=\"ltr\" data-placeholder=\"Translation\"><strong>\u00c1ramforr\u00e1s:<\/strong> 3 x AA elem (nem tartoz\u00e9k)<\/li>\n<li dir=\"ltr\" data-placeholder=\"Translation\"><strong>Id\u0151z\u00edt\u0151:<\/strong> 6H be\/18H ki, ism\u00e9telje meg<\/li>\n<li><strong>K\u00e1bel anyaga:\u00a0<\/strong>PVC<\/li>\n<li><strong>CE tan\u00fas\u00edtv\u00e1nnyal rendelkezik:\u00a0<\/strong>Igen<\/li>\n<\/ul>","protected":false},"excerpt":{"rendered":"<p>Nice portable battery operated lantern with warm white LED. For both indoor and outdoor use. Easy to carry around and provides pleasant additional lighting lovely summer evenings in the garden, on the balcony or at the beach. Colour:\u00a0milky white LED colour: warm white Size: 20 x 14CM IP Rating: IP44 Power source: 3 x AA [&#8230;]\n","protected":false},"featured_media":5075,"comment_status":"open","ping_status":"closed","template":"","meta":[],"product_brand":[],"product_cat":[217,214,226,230],"product_tag":[],"class_list":{"0":"post-5015","1":"product","2":"type-product","3":"status-publish","4":"has-post-thumbnail","6":"product_cat-battery-operated-led-lights","7":"product_cat-indoor-lights","8":"product_cat-outdoor-lights","9":"product_cat-patio-lights","10":"pa_brand-deco","11":"pa_led-colour-warm-white","13":"first","14":"instock","15":"sale","16":"shipping-taxable","17":"purchasable","18":"product-type-simple"},"yoast_head":"<!-- This site is optimized with the Yoast SEO plugin v27.3 - https:\/\/yoast.com\/product\/yoast-seo-wordpress\/ -->\n<title>LED Lantern - Best price guarantee - Decolights.eu<\/title>\n<meta name=\"description\" content=\"Nice portable Lantern with nice warm white glow. Easy to carry around. Buy now for the best price and enjoy light of the lantern in the evenings.\" \/>\n<meta name=\"robots\" content=\"index, follow, max-snippet:-1, max-image-preview:large, max-video-preview:-1\" \/>\n<link rel=\"canonical\" href=\"https:\/\/decolights.eu\/hu\/termek-2\/led-lantern\/\" \/>\n<meta property=\"og:locale\" content=\"hu_HU\" \/>\n<meta property=\"og:type\" content=\"article\" \/>\n<meta property=\"og:title\" content=\"LED Lantern - Best price guarantee - Decolights.eu\" \/>\n<meta property=\"og:description\" content=\"Nice portable Lantern with nice warm white glow. Easy to carry around. Buy now for the best price and enjoy light of the lantern in the evenings.\" \/>\n<meta property=\"og:url\" content=\"https:\/\/decolights.eu\/hu\/termek-2\/led-lantern\/\" \/>\n<meta property=\"og:site_name\" content=\"Decolights.eu\" \/>\n<meta property=\"article:modified_time\" content=\"2023-05-01T15:14:02+00:00\" \/>\n<meta property=\"og:image\" content=\"https:\/\/decolights.eu\/wp-content\/uploads\/2023\/04\/HR-JPG_803-54_M2.jpg\" \/>\n\t<meta property=\"og:image:width\" content=\"1000\" \/>\n\t<meta property=\"og:image:height\" content=\"1000\" \/>\n\t<meta property=\"og:image:type\" content=\"image\/jpeg\" \/>\n<meta name=\"twitter:card\" content=\"summary_large_image\" \/>\n<meta name=\"twitter:label1\" content=\"Becs\u00fclt olvas\u00e1si id\u0151\" \/>\n\t<meta name=\"twitter:data1\" content=\"1 perc\" \/>\n<script type=\"application\/ld+json\" class=\"yoast-schema-graph\">{\"@context\":\"https:\\\/\\\/schema.org\",\"@graph\":[{\"@type\":\"WebPage\",\"@id\":\"https:\\\/\\\/decolights.eu\\\/product\\\/led-lantern\\\/\",\"url\":\"https:\\\/\\\/decolights.eu\\\/product\\\/led-lantern\\\/\",\"name\":\"LED Lantern - Best price guarantee - Decolights.eu\",\"isPartOf\":{\"@id\":\"https:\\\/\\\/decolights.eu\\\/#website\"},\"primaryImageOfPage\":{\"@id\":\"https:\\\/\\\/decolights.eu\\\/product\\\/led-lantern\\\/#primaryimage\"},\"image\":{\"@id\":\"https:\\\/\\\/decolights.eu\\\/product\\\/led-lantern\\\/#primaryimage\"},\"thumbnailUrl\":\"https:\\\/\\\/decolights.eu\\\/wp-content\\\/uploads\\\/2023\\\/04\\\/HR-JPG_803-54_M2.jpg\",\"datePublished\":\"2023-04-01T04:25:43+00:00\",\"dateModified\":\"2023-05-01T15:14:02+00:00\",\"description\":\"Nice portable Lantern with nice warm white glow. Easy to carry around. Buy now for the best price and enjoy light of the lantern in the evenings.\",\"breadcrumb\":{\"@id\":\"https:\\\/\\\/decolights.eu\\\/product\\\/led-lantern\\\/#breadcrumb\"},\"inLanguage\":\"hu\",\"potentialAction\":[{\"@type\":\"ReadAction\",\"target\":[\"https:\\\/\\\/decolights.eu\\\/product\\\/led-lantern\\\/\"]}]},{\"@type\":\"ImageObject\",\"inLanguage\":\"hu\",\"@id\":\"https:\\\/\\\/decolights.eu\\\/product\\\/led-lantern\\\/#primaryimage\",\"url\":\"https:\\\/\\\/decolights.eu\\\/wp-content\\\/uploads\\\/2023\\\/04\\\/HR-JPG_803-54_M2.jpg\",\"contentUrl\":\"https:\\\/\\\/decolights.eu\\\/wp-content\\\/uploads\\\/2023\\\/04\\\/HR-JPG_803-54_M2.jpg\",\"width\":1000,\"height\":1000},{\"@type\":\"BreadcrumbList\",\"@id\":\"https:\\\/\\\/decolights.eu\\\/product\\\/led-lantern\\\/#breadcrumb\",\"itemListElement\":[{\"@type\":\"ListItem\",\"position\":1,\"name\":\"Shop\",\"item\":\"https:\\\/\\\/decolights.eu\\\/shop\\\/\"},{\"@type\":\"ListItem\",\"position\":2,\"name\":\"LED Lantern\"}]},{\"@type\":\"WebSite\",\"@id\":\"https:\\\/\\\/decolights.eu\\\/#website\",\"url\":\"https:\\\/\\\/decolights.eu\\\/\",\"name\":\"decolights\",\"description\":\"Led Decorations for Home and Garden\",\"publisher\":{\"@id\":\"https:\\\/\\\/decolights.eu\\\/#organization\"},\"alternateName\":\"decolights.eu\",\"potentialAction\":[{\"@type\":\"SearchAction\",\"target\":{\"@type\":\"EntryPoint\",\"urlTemplate\":\"https:\\\/\\\/decolights.eu\\\/?s={search_term_string}\"},\"query-input\":{\"@type\":\"PropertyValueSpecification\",\"valueRequired\":true,\"valueName\":\"search_term_string\"}}],\"inLanguage\":\"hu\"},{\"@type\":\"Organization\",\"@id\":\"https:\\\/\\\/decolights.eu\\\/#organization\",\"name\":\"decolights\",\"url\":\"https:\\\/\\\/decolights.eu\\\/\",\"logo\":{\"@type\":\"ImageObject\",\"inLanguage\":\"hu\",\"@id\":\"https:\\\/\\\/decolights.eu\\\/#\\\/schema\\\/logo\\\/image\\\/\",\"url\":\"https:\\\/\\\/decolights.eu\\\/wp-content\\\/uploads\\\/2023\\\/07\\\/cropped-decolight-siteicon.png\",\"contentUrl\":\"https:\\\/\\\/decolights.eu\\\/wp-content\\\/uploads\\\/2023\\\/07\\\/cropped-decolight-siteicon.png\",\"width\":512,\"height\":512,\"caption\":\"decolights\"},\"image\":{\"@id\":\"https:\\\/\\\/decolights.eu\\\/#\\\/schema\\\/logo\\\/image\\\/\"}}]}<\/script>\n<!-- \/ Yoast SEO plugin. -->","yoast_head_json":{"title":"LED l\u00e1mpa - Garancia a legjobb \u00e1ron - Decolights.eu","description":"Sz\u00e9p hordozhat\u00f3 l\u00e1mp\u00e1s, sz\u00e9p meleg feh\u00e9r f\u00e9nnyel. K\u00f6nnyen hordozhat\u00f3. V\u00e1s\u00e1roljon most a legjobb \u00e1ron, \u00e9s \u00e9lvezze a l\u00e1mpa f\u00e9ny\u00e9t est\u00e9nk\u00e9nt.","robots":{"index":"index","follow":"follow","max-snippet":"max-snippet:-1","max-image-preview":"max-image-preview:large","max-video-preview":"max-video-preview:-1"},"canonical":"https:\/\/decolights.eu\/hu\/termek-2\/led-lantern\/","og_locale":"hu_HU","og_type":"article","og_title":"LED Lantern - Best price guarantee - Decolights.eu","og_description":"Nice portable Lantern with nice warm white glow. Easy to carry around. Buy now for the best price and enjoy light of the lantern in the evenings.","og_url":"https:\/\/decolights.eu\/hu\/termek-2\/led-lantern\/","og_site_name":"Decolights.eu","article_modified_time":"2023-05-01T15:14:02+00:00","og_image":[{"width":1000,"height":1000,"url":"https:\/\/decolights.eu\/wp-content\/uploads\/2023\/04\/HR-JPG_803-54_M2.jpg","type":"image\/jpeg"}],"twitter_card":"summary_large_image","twitter_misc":{"Becs\u00fclt olvas\u00e1si id\u0151":"1 perc"},"schema":{"@context":"https:\/\/schema.org","@graph":[{"@type":"WebPage","@id":"https:\/\/decolights.eu\/product\/led-lantern\/","url":"https:\/\/decolights.eu\/product\/led-lantern\/","name":"LED l\u00e1mpa - Garancia a legjobb \u00e1ron - Decolights.eu","isPartOf":{"@id":"https:\/\/decolights.eu\/#website"},"primaryImageOfPage":{"@id":"https:\/\/decolights.eu\/product\/led-lantern\/#primaryimage"},"image":{"@id":"https:\/\/decolights.eu\/product\/led-lantern\/#primaryimage"},"thumbnailUrl":"https:\/\/decolights.eu\/wp-content\/uploads\/2023\/04\/HR-JPG_803-54_M2.jpg","datePublished":"2023-04-01T04:25:43+00:00","dateModified":"2023-05-01T15:14:02+00:00","description":"Sz\u00e9p hordozhat\u00f3 l\u00e1mp\u00e1s, sz\u00e9p meleg feh\u00e9r f\u00e9nnyel. K\u00f6nnyen hordozhat\u00f3. V\u00e1s\u00e1roljon most a legjobb \u00e1ron, \u00e9s \u00e9lvezze a l\u00e1mpa f\u00e9ny\u00e9t est\u00e9nk\u00e9nt.","breadcrumb":{"@id":"https:\/\/decolights.eu\/product\/led-lantern\/#breadcrumb"},"inLanguage":"hu","potentialAction":[{"@type":"ReadAction","target":["https:\/\/decolights.eu\/product\/led-lantern\/"]}]},{"@type":"ImageObject","inLanguage":"hu","@id":"https:\/\/decolights.eu\/product\/led-lantern\/#primaryimage","url":"https:\/\/decolights.eu\/wp-content\/uploads\/2023\/04\/HR-JPG_803-54_M2.jpg","contentUrl":"https:\/\/decolights.eu\/wp-content\/uploads\/2023\/04\/HR-JPG_803-54_M2.jpg","width":1000,"height":1000},{"@type":"BreadcrumbList","@id":"https:\/\/decolights.eu\/product\/led-lantern\/#breadcrumb","itemListElement":[{"@type":"ListItem","position":1,"name":"Shop","item":"https:\/\/decolights.eu\/shop\/"},{"@type":"ListItem","position":2,"name":"LED Lantern"}]},{"@type":"WebSite","@id":"https:\/\/decolights.eu\/#website","url":"https:\/\/decolights.eu\/","name":"decolights","description":"Led dekor\u00e1ci\u00f3 otthonra \u00e9s kertre","publisher":{"@id":"https:\/\/decolights.eu\/#organization"},"alternateName":"decolights.eu","potentialAction":[{"@type":"SearchAction","target":{"@type":"EntryPoint","urlTemplate":"https:\/\/decolights.eu\/?s={search_term_string}"},"query-input":{"@type":"PropertyValueSpecification","valueRequired":true,"valueName":"search_term_string"}}],"inLanguage":"hu"},{"@type":"Organization","@id":"https:\/\/decolights.eu\/#organization","name":"decolights","url":"https:\/\/decolights.eu\/","logo":{"@type":"ImageObject","inLanguage":"hu","@id":"https:\/\/decolights.eu\/#\/schema\/logo\/image\/","url":"https:\/\/decolights.eu\/wp-content\/uploads\/2023\/07\/cropped-decolight-siteicon.png","contentUrl":"https:\/\/decolights.eu\/wp-content\/uploads\/2023\/07\/cropped-decolight-siteicon.png","width":512,"height":512,"caption":"decolights"},"image":{"@id":"https:\/\/decolights.eu\/#\/schema\/logo\/image\/"}}]}},"jetpack_sharing_enabled":true,"_links":{"self":[{"href":"https:\/\/decolights.eu\/hu\/wp-json\/wp\/v2\/product\/5015","targetHints":{"allow":["GET"]}}],"collection":[{"href":"https:\/\/decolights.eu\/hu\/wp-json\/wp\/v2\/product"}],"about":[{"href":"https:\/\/decolights.eu\/hu\/wp-json\/wp\/v2\/types\/product"}],"replies":[{"embeddable":true,"href":"https:\/\/decolights.eu\/hu\/wp-json\/wp\/v2\/comments?post=5015"}],"wp:featuredmedia":[{"embeddable":true,"href":"https:\/\/decolights.eu\/hu\/wp-json\/wp\/v2\/media\/5075"}],"wp:attachment":[{"href":"https:\/\/decolights.eu\/hu\/wp-json\/wp\/v2\/media?parent=5015"}],"wp:term":[{"taxonomy":"product_brand","embeddable":true,"href":"https:\/\/decolights.eu\/hu\/wp-json\/wp\/v2\/product_brand?post=5015"},{"taxonomy":"product_cat","embeddable":true,"href":"https:\/\/decolights.eu\/hu\/wp-json\/wp\/v2\/product_cat?post=5015"},{"taxonomy":"product_tag","embeddable":true,"href":"https:\/\/decolights.eu\/hu\/wp-json\/wp\/v2\/product_tag?post=5015"}],"curies":[{"name":"wp","href":"https:\/\/api.w.org\/{rel}","templated":true}]}}