{"id":5031,"date":"2023-04-01T04:25:44","date_gmt":"2023-04-01T04:25:44","guid":{"rendered":"https:\/\/decolights.eu\/?post_type=product&#038;p=5031"},"modified":"2023-05-01T14:41:08","modified_gmt":"2023-05-01T14:41:08","slug":"festoon-led-lights-small-circus-filament-13-5m-20-bulbs","status":"publish","type":"product","link":"https:\/\/decolights.eu\/hu\/termek-2\/festoon-led-lights-small-circus-filament-13-5m-20-bulbs\/","title":{"rendered":"Festoon LED l\u00e1mp\u00e1k Small Circus Filament 13,5M 20 izz\u00f3s"},"content":{"rendered":"<p>Bulil\u00e1mpa \u00e1tl\u00e1tsz\u00f3 bor\u00edt\u00e1ssal \u00e9s 20 db izz\u00f3sz\u00e1las LED l\u00e1mp\u00e1val. Csod\u00e1latos f\u00e9nyl\u00e1nc, amellyel buliba \u00e9s h\u00e9tk\u00f6znapokra is lehet d\u00edsz\u00edteni. Gy\u00f6ny\u00f6r\u0171 f\u00e9nyt hoz l\u00e9tre a s\u00f6t\u00e9tben.<\/p>\n<ul>\n<li><strong>Sz\u00edn<\/strong>: \u00e1tl\u00e1tsz\u00f3<\/li>\n<li><strong>LED sz\u00edne:\u00a0<\/strong>meleg feh\u00e9r izz\u00f3sz\u00e1l<\/li>\n<li><strong>L\u00e1mp\u00e1k sz\u00e1ma<\/strong><strong>: <\/strong>20 db<\/li>\n<li><strong>Teljes hossz (tartoz\u00e9k t\u00e1pk\u00e1bel): <\/strong>13,55 milli\u00f3<\/li>\n<li><strong>Vil\u00e1g\u00edt\u00e1s hossza: <\/strong>8,55 milli\u00f3<\/li>\n<li><strong>T\u00e1pk\u00e1bel:<\/strong> 5M<\/li>\n<li><strong>Izz\u00f3 m\u00e9rete: <\/strong>5cm<\/li>\n<li><strong>Az izz\u00f3k k\u00f6z\u00f6tti t\u00e1vols\u00e1g:<\/strong> 45cm<\/li>\n<li><strong>K\u00e1bel sz\u00edne: <\/strong>fekete<\/li>\n<li><strong>IP besorol\u00e1s: <\/strong>IP44<\/li>\n<li><strong>\u00c1ramforr\u00e1s:\u00a0<\/strong>Csatlakoztat<\/li>\n<li><strong>K\u00e1bel anyaga:\u00a0<\/strong>PVC<\/li>\n<li><strong>Csatlakoztathat\u00f3:\u00a0<\/strong>Nem<\/li>\n<li><strong>Kupak\/foglalat:\u00a0<\/strong>Nem cser\u00e9lhet\u0151<\/li>\n<li><strong>CE tan\u00fas\u00edtv\u00e1nnyal rendelkezik:\u00a0<\/strong>Igen<\/li>\n<li>15V DC 6W<\/li>\n<\/ul>","protected":false},"excerpt":{"rendered":"<p>Party light with transparent covers and 20 pcs LED lights with filament. Lovely light chain to decorate with for party and everyday. Creates a beautiful light in the dark. Colour: transparent LED Colour:\u00a0warm white filament Number of lamps: 20pcs Total length (included power lead cable): 13.55M Lit length: 8.55M Power lead cable: 5M Bulb size: [&#8230;]\n","protected":false},"featured_media":5107,"comment_status":"open","ping_status":"closed","template":"","meta":[],"product_brand":[],"product_cat":[227,226],"product_tag":[],"class_list":{"0":"post-5031","1":"product","2":"type-product","3":"status-publish","4":"has-post-thumbnail","6":"product_cat-led-festoon-lights-outdoor-lights","7":"product_cat-outdoor-lights","8":"pa_brand-deco","9":"pa_led-colour-warm-white","11":"first","12":"instock","13":"sale","14":"shipping-taxable","15":"purchasable","16":"product-type-simple"},"yoast_head":"<!-- This site is optimized with the Yoast SEO plugin v27.3 - https:\/\/yoast.com\/product\/yoast-seo-wordpress\/ -->\n<title>Festoon LED lights Small Circus Filament 13.5M 20 bulbs - Best price - Decolights.eu<\/title>\n<meta name=\"description\" content=\"Decorate your patio or garden with a nice festoon LED lights Small Circus to get a cozy atmosphere. Do not hesitate and buy now the get the best price!\" \/>\n<meta name=\"robots\" content=\"index, follow, max-snippet:-1, max-image-preview:large, max-video-preview:-1\" \/>\n<link rel=\"canonical\" href=\"https:\/\/decolights.eu\/hu\/termek-2\/festoon-led-lights-small-circus-filament-13-5m-20-bulbs\/\" \/>\n<meta property=\"og:locale\" content=\"hu_HU\" \/>\n<meta property=\"og:type\" content=\"article\" \/>\n<meta property=\"og:title\" content=\"Festoon LED lights Small Circus Filament 13.5M 20 bulbs - Best price - Decolights.eu\" \/>\n<meta property=\"og:description\" content=\"Decorate your patio or garden with a nice festoon LED lights Small Circus to get a cozy atmosphere. Do not hesitate and buy now the get the best price!\" \/>\n<meta property=\"og:url\" content=\"https:\/\/decolights.eu\/hu\/termek-2\/festoon-led-lights-small-circus-filament-13-5m-20-bulbs\/\" \/>\n<meta property=\"og:site_name\" content=\"Decolights.eu\" \/>\n<meta property=\"article:modified_time\" content=\"2023-05-01T14:41:08+00:00\" \/>\n<meta property=\"og:image\" content=\"https:\/\/decolights.eu\/wp-content\/uploads\/2023\/04\/476-63_MB_003.jpg\" \/>\n\t<meta property=\"og:image:width\" content=\"1000\" \/>\n\t<meta property=\"og:image:height\" content=\"648\" \/>\n\t<meta property=\"og:image:type\" content=\"image\/jpeg\" \/>\n<meta name=\"twitter:card\" content=\"summary_large_image\" \/>\n<meta name=\"twitter:label1\" content=\"Becs\u00fclt olvas\u00e1si id\u0151\" \/>\n\t<meta name=\"twitter:data1\" content=\"1 perc\" \/>\n<script type=\"application\/ld+json\" class=\"yoast-schema-graph\">{\"@context\":\"https:\\\/\\\/schema.org\",\"@graph\":[{\"@type\":\"WebPage\",\"@id\":\"https:\\\/\\\/decolights.eu\\\/product\\\/festoon-led-lights-small-circus-filament-13-5m-20-bulbs\\\/\",\"url\":\"https:\\\/\\\/decolights.eu\\\/product\\\/festoon-led-lights-small-circus-filament-13-5m-20-bulbs\\\/\",\"name\":\"Festoon LED lights Small Circus Filament 13.5M 20 bulbs - Best price - Decolights.eu\",\"isPartOf\":{\"@id\":\"https:\\\/\\\/decolights.eu\\\/#website\"},\"primaryImageOfPage\":{\"@id\":\"https:\\\/\\\/decolights.eu\\\/product\\\/festoon-led-lights-small-circus-filament-13-5m-20-bulbs\\\/#primaryimage\"},\"image\":{\"@id\":\"https:\\\/\\\/decolights.eu\\\/product\\\/festoon-led-lights-small-circus-filament-13-5m-20-bulbs\\\/#primaryimage\"},\"thumbnailUrl\":\"https:\\\/\\\/decolights.eu\\\/wp-content\\\/uploads\\\/2023\\\/04\\\/476-63_MB_003.jpg\",\"datePublished\":\"2023-04-01T04:25:44+00:00\",\"dateModified\":\"2023-05-01T14:41:08+00:00\",\"description\":\"Decorate your patio or garden with a nice festoon LED lights Small Circus to get a cozy atmosphere. Do not hesitate and buy now the get the best price!\",\"breadcrumb\":{\"@id\":\"https:\\\/\\\/decolights.eu\\\/product\\\/festoon-led-lights-small-circus-filament-13-5m-20-bulbs\\\/#breadcrumb\"},\"inLanguage\":\"hu\",\"potentialAction\":[{\"@type\":\"ReadAction\",\"target\":[\"https:\\\/\\\/decolights.eu\\\/product\\\/festoon-led-lights-small-circus-filament-13-5m-20-bulbs\\\/\"]}]},{\"@type\":\"ImageObject\",\"inLanguage\":\"hu\",\"@id\":\"https:\\\/\\\/decolights.eu\\\/product\\\/festoon-led-lights-small-circus-filament-13-5m-20-bulbs\\\/#primaryimage\",\"url\":\"https:\\\/\\\/decolights.eu\\\/wp-content\\\/uploads\\\/2023\\\/04\\\/476-63_MB_003.jpg\",\"contentUrl\":\"https:\\\/\\\/decolights.eu\\\/wp-content\\\/uploads\\\/2023\\\/04\\\/476-63_MB_003.jpg\",\"width\":1000,\"height\":648},{\"@type\":\"BreadcrumbList\",\"@id\":\"https:\\\/\\\/decolights.eu\\\/product\\\/festoon-led-lights-small-circus-filament-13-5m-20-bulbs\\\/#breadcrumb\",\"itemListElement\":[{\"@type\":\"ListItem\",\"position\":1,\"name\":\"Shop\",\"item\":\"https:\\\/\\\/decolights.eu\\\/shop\\\/\"},{\"@type\":\"ListItem\",\"position\":2,\"name\":\"Festoon LED lights Small Circus Filament 13.5M 20 bulbs\"}]},{\"@type\":\"WebSite\",\"@id\":\"https:\\\/\\\/decolights.eu\\\/#website\",\"url\":\"https:\\\/\\\/decolights.eu\\\/\",\"name\":\"decolights\",\"description\":\"Led Decorations for Home and Garden\",\"publisher\":{\"@id\":\"https:\\\/\\\/decolights.eu\\\/#organization\"},\"alternateName\":\"decolights.eu\",\"potentialAction\":[{\"@type\":\"SearchAction\",\"target\":{\"@type\":\"EntryPoint\",\"urlTemplate\":\"https:\\\/\\\/decolights.eu\\\/?s={search_term_string}\"},\"query-input\":{\"@type\":\"PropertyValueSpecification\",\"valueRequired\":true,\"valueName\":\"search_term_string\"}}],\"inLanguage\":\"hu\"},{\"@type\":\"Organization\",\"@id\":\"https:\\\/\\\/decolights.eu\\\/#organization\",\"name\":\"decolights\",\"url\":\"https:\\\/\\\/decolights.eu\\\/\",\"logo\":{\"@type\":\"ImageObject\",\"inLanguage\":\"hu\",\"@id\":\"https:\\\/\\\/decolights.eu\\\/#\\\/schema\\\/logo\\\/image\\\/\",\"url\":\"https:\\\/\\\/decolights.eu\\\/wp-content\\\/uploads\\\/2023\\\/07\\\/cropped-decolight-siteicon.png\",\"contentUrl\":\"https:\\\/\\\/decolights.eu\\\/wp-content\\\/uploads\\\/2023\\\/07\\\/cropped-decolight-siteicon.png\",\"width\":512,\"height\":512,\"caption\":\"decolights\"},\"image\":{\"@id\":\"https:\\\/\\\/decolights.eu\\\/#\\\/schema\\\/logo\\\/image\\\/\"}}]}<\/script>\n<!-- \/ Yoast SEO plugin. -->","yoast_head_json":{"title":"Festoon LED l\u00e1mp\u00e1k Small Circus Filament 13,5M 20 izz\u00f3s - Legjobb \u00e1r - Decolights.eu","description":"D\u00edsz\u00edtse terasz\u00e1t vagy kertj\u00e9t egy sz\u00e9p kis cirkusz LED-l\u00e1mp\u00e1kkal, hogy hangulatos l\u00e9gk\u00f6rt teremtsen. Ne habozzon \u00e9s v\u00e1s\u00e1rolja meg most a legjobb \u00e1ron!","robots":{"index":"index","follow":"follow","max-snippet":"max-snippet:-1","max-image-preview":"max-image-preview:large","max-video-preview":"max-video-preview:-1"},"canonical":"https:\/\/decolights.eu\/hu\/termek-2\/festoon-led-lights-small-circus-filament-13-5m-20-bulbs\/","og_locale":"hu_HU","og_type":"article","og_title":"Festoon LED lights Small Circus Filament 13.5M 20 bulbs - Best price - Decolights.eu","og_description":"Decorate your patio or garden with a nice festoon LED lights Small Circus to get a cozy atmosphere. Do not hesitate and buy now the get the best price!","og_url":"https:\/\/decolights.eu\/hu\/termek-2\/festoon-led-lights-small-circus-filament-13-5m-20-bulbs\/","og_site_name":"Decolights.eu","article_modified_time":"2023-05-01T14:41:08+00:00","og_image":[{"width":1000,"height":648,"url":"https:\/\/decolights.eu\/wp-content\/uploads\/2023\/04\/476-63_MB_003.jpg","type":"image\/jpeg"}],"twitter_card":"summary_large_image","twitter_misc":{"Becs\u00fclt olvas\u00e1si id\u0151":"1 perc"},"schema":{"@context":"https:\/\/schema.org","@graph":[{"@type":"WebPage","@id":"https:\/\/decolights.eu\/product\/festoon-led-lights-small-circus-filament-13-5m-20-bulbs\/","url":"https:\/\/decolights.eu\/product\/festoon-led-lights-small-circus-filament-13-5m-20-bulbs\/","name":"Festoon LED l\u00e1mp\u00e1k Small Circus Filament 13,5M 20 izz\u00f3s - Legjobb \u00e1r - Decolights.eu","isPartOf":{"@id":"https:\/\/decolights.eu\/#website"},"primaryImageOfPage":{"@id":"https:\/\/decolights.eu\/product\/festoon-led-lights-small-circus-filament-13-5m-20-bulbs\/#primaryimage"},"image":{"@id":"https:\/\/decolights.eu\/product\/festoon-led-lights-small-circus-filament-13-5m-20-bulbs\/#primaryimage"},"thumbnailUrl":"https:\/\/decolights.eu\/wp-content\/uploads\/2023\/04\/476-63_MB_003.jpg","datePublished":"2023-04-01T04:25:44+00:00","dateModified":"2023-05-01T14:41:08+00:00","description":"D\u00edsz\u00edtse terasz\u00e1t vagy kertj\u00e9t egy sz\u00e9p kis cirkusz LED-l\u00e1mp\u00e1kkal, hogy hangulatos l\u00e9gk\u00f6rt teremtsen. Ne habozzon \u00e9s v\u00e1s\u00e1rolja meg most a legjobb \u00e1ron!","breadcrumb":{"@id":"https:\/\/decolights.eu\/product\/festoon-led-lights-small-circus-filament-13-5m-20-bulbs\/#breadcrumb"},"inLanguage":"hu","potentialAction":[{"@type":"ReadAction","target":["https:\/\/decolights.eu\/product\/festoon-led-lights-small-circus-filament-13-5m-20-bulbs\/"]}]},{"@type":"ImageObject","inLanguage":"hu","@id":"https:\/\/decolights.eu\/product\/festoon-led-lights-small-circus-filament-13-5m-20-bulbs\/#primaryimage","url":"https:\/\/decolights.eu\/wp-content\/uploads\/2023\/04\/476-63_MB_003.jpg","contentUrl":"https:\/\/decolights.eu\/wp-content\/uploads\/2023\/04\/476-63_MB_003.jpg","width":1000,"height":648},{"@type":"BreadcrumbList","@id":"https:\/\/decolights.eu\/product\/festoon-led-lights-small-circus-filament-13-5m-20-bulbs\/#breadcrumb","itemListElement":[{"@type":"ListItem","position":1,"name":"Shop","item":"https:\/\/decolights.eu\/shop\/"},{"@type":"ListItem","position":2,"name":"Festoon LED lights Small Circus Filament 13.5M 20 bulbs"}]},{"@type":"WebSite","@id":"https:\/\/decolights.eu\/#website","url":"https:\/\/decolights.eu\/","name":"decolights","description":"Led dekor\u00e1ci\u00f3 otthonra \u00e9s kertre","publisher":{"@id":"https:\/\/decolights.eu\/#organization"},"alternateName":"decolights.eu","potentialAction":[{"@type":"SearchAction","target":{"@type":"EntryPoint","urlTemplate":"https:\/\/decolights.eu\/?s={search_term_string}"},"query-input":{"@type":"PropertyValueSpecification","valueRequired":true,"valueName":"search_term_string"}}],"inLanguage":"hu"},{"@type":"Organization","@id":"https:\/\/decolights.eu\/#organization","name":"decolights","url":"https:\/\/decolights.eu\/","logo":{"@type":"ImageObject","inLanguage":"hu","@id":"https:\/\/decolights.eu\/#\/schema\/logo\/image\/","url":"https:\/\/decolights.eu\/wp-content\/uploads\/2023\/07\/cropped-decolight-siteicon.png","contentUrl":"https:\/\/decolights.eu\/wp-content\/uploads\/2023\/07\/cropped-decolight-siteicon.png","width":512,"height":512,"caption":"decolights"},"image":{"@id":"https:\/\/decolights.eu\/#\/schema\/logo\/image\/"}}]}},"jetpack_sharing_enabled":true,"_links":{"self":[{"href":"https:\/\/decolights.eu\/hu\/wp-json\/wp\/v2\/product\/5031","targetHints":{"allow":["GET"]}}],"collection":[{"href":"https:\/\/decolights.eu\/hu\/wp-json\/wp\/v2\/product"}],"about":[{"href":"https:\/\/decolights.eu\/hu\/wp-json\/wp\/v2\/types\/product"}],"replies":[{"embeddable":true,"href":"https:\/\/decolights.eu\/hu\/wp-json\/wp\/v2\/comments?post=5031"}],"wp:featuredmedia":[{"embeddable":true,"href":"https:\/\/decolights.eu\/hu\/wp-json\/wp\/v2\/media\/5107"}],"wp:attachment":[{"href":"https:\/\/decolights.eu\/hu\/wp-json\/wp\/v2\/media?parent=5031"}],"wp:term":[{"taxonomy":"product_brand","embeddable":true,"href":"https:\/\/decolights.eu\/hu\/wp-json\/wp\/v2\/product_brand?post=5031"},{"taxonomy":"product_cat","embeddable":true,"href":"https:\/\/decolights.eu\/hu\/wp-json\/wp\/v2\/product_cat?post=5031"},{"taxonomy":"product_tag","embeddable":true,"href":"https:\/\/decolights.eu\/hu\/wp-json\/wp\/v2\/product_tag?post=5031"}],"curies":[{"name":"wp","href":"https:\/\/api.w.org\/{rel}","templated":true}]}}