{"id":5052,"date":"2023-04-01T04:26:07","date_gmt":"2023-04-01T04:26:07","guid":{"rendered":"https:\/\/decolights.eu\/?post_type=product&#038;p=5052"},"modified":"2023-05-01T14:55:54","modified_gmt":"2023-05-01T14:55:54","slug":"rgb-festoon-led-lights-15m-15-bulbs","status":"publish","type":"product","link":"https:\/\/decolights.eu\/hu\/termek-2\/rgb-festoon-led-lights-15m-15-bulbs\/","title":{"rendered":"RGB Festoon LED l\u00e1mp\u00e1k 15M 15 izz\u00f3"},"content":{"rendered":"<p><strong>IG\u00a0<\/strong><strong>21<\/strong><strong>\u00a0VIL\u00c1G\u00cdT\u00c1SI M\u00d3DOK \u2013<\/strong>\u00a0ennek az egyed\u00fcl\u00e1ll\u00f3 vil\u00e1g\u00edt\u00e1snak 21 k\u00fcl\u00f6nb\u00f6z\u0151 vil\u00e1g\u00edt\u00e1si m\u00f3dja van, aminek k\u00f6sz\u00f6nhet\u0151en<strong>\u00a0egyedi \u00e9s egyedi dekor\u00e1ci\u00f3t \u00e9s hangulatot teremt b\u00e1rmely bels\u0151 t\u00e9rben \u00e9s kertben<\/strong>\u00a0. A l\u00e1mp\u00e1k k\u00fcl\u00f6nb\u00f6z\u0151 vil\u00e1g\u00edt\u00e1si szekvenci\u00e1kkal rendelkeznek, amelyek a mell\u00e9kelt t\u00e1vir\u00e1ny\u00edt\u00f3val vez\u00e9relhet\u0151k. A f\u00fcz\u00e9r a h\u00e1l\u00f3zatr\u00f3l m\u0171k\u00f6dik, \u00edgy nem kell agg\u00f3dnia az elemek folyamatos cser\u00e9j\u00e9t\u0151l.<\/p>\n<p><strong>15 IZZ\u00d3<\/strong><strong>\u00a0LED -\u00a0<\/strong>Mivel a l\u00e1mp\u00e1k LED-esek, sokkal kevesebb energi\u00e1t fogyasztanak, mint a hagyom\u00e1nyos f\u00e9nyforr\u00e1sok, mert f\u00e9nyez\u00e9s k\u00f6zben nem bocs\u00e1tanak ki h\u0151t. A dekor\u00e1ci\u00f3ban ak\u00e1r 15 LED izz\u00f3 is tal\u00e1lhat\u00f3, amelyek m\u00e9g a legs\u00f6t\u00e9tebb bels\u0151 teret is feldobj\u00e1k, hangulatoss\u00e1 \u00e9s hangulatoss\u00e1 var\u00e1zsolj\u00e1k.<\/p>\n<p><strong>V\u00cdZ\u00c1LL\u00d3 -\u00a0<\/strong>a d\u00edsz IP65-\u00f6s v\u00edz\u00e1ll\u00f3, ami azt jelenti, hogy v\u00e9dett a\u00a0<strong>v\u00edzsug\u00e1r (12,5 l \/ perc) a h\u00e1zra \u00f6ntve b\u00e1rmely oldalr\u00f3l. V\u00e9delmet ny\u00fajt a vesz\u00e9lyes alkatr\u00e9szekhez val\u00f3 hozz\u00e1f\u00e9r\u00e9s ellen \u00e9s por\u00e1ll\u00f3 v\u00e9delemmel rendelkezik.<\/strong><\/p>\n<div style=\"width: 1020px;\" class=\"wp-video\"><video class=\"wp-video-shortcode\" id=\"video-5052-1\" width=\"1020\" height=\"609\" preload=\"metadata\" controls=\"controls\"><source type=\"video\/mp4\" src=\"https:\/\/www.joulutuled.ee\/wp-content\/uploads\/2021\/07\/RGB_lambiketi_komplekt_15M_15_lampi.mp4?_=1\" \/><a href=\"https:\/\/www.joulutuled.ee\/wp-content\/uploads\/2021\/07\/RGB_lambiketi_komplekt_15M_15_lampi.mp4\">https:\/\/www.joulutuled.ee\/wp-content\/uploads\/2021\/07\/RGB_lambiketi_komplekt_15M_15_lampi.mp4<\/a><\/video><\/div>\n<p>&nbsp;<\/p>\n<ul>\n<li><strong>LED sz\u00edne:\u00a0<\/strong>RGB<\/li>\n<li><strong>L\u00e1mp\u00e1k sz\u00e1ma<\/strong><strong>: <\/strong>15 db<\/li>\n<li><strong>Teljes hossz (tartoz\u00e9k t\u00e1pk\u00e1bel): <\/strong>15M<\/li>\n<li><strong>T\u00e1pk\u00e1bel:<\/strong> 1,40 milli\u00f3<\/li>\n<li><strong>Az izz\u00f3k k\u00f6z\u00f6tti t\u00e1vols\u00e1g:<\/strong> 90cm<\/li>\n<li><strong>K\u00e1bel sz\u00edne: <\/strong>fekete<\/li>\n<li><strong>Izz\u00f3k:\u00a0<\/strong>0,60 W<\/li>\n<li><strong>IP besorol\u00e1s: <\/strong>IP65<\/li>\n<li><strong>\u00c1ramforr\u00e1s:\u00a0<\/strong>Csatlakoztat<\/li>\n<li><strong>K\u00e1bel anyaga:\u00a0<\/strong>PVC<\/li>\n<li><strong>T\u00e1vir\u00e1ny\u00edt\u00f3:\u00a0<\/strong>Igen<\/li>\n<li><strong>Csatlakoztathat\u00f3:\u00a0<\/strong>Igen (maximum 3 k\u00e9szlet)<\/li>\n<li><strong>Kupak\/foglalat:\u00a0<\/strong>Cser\u00e9lhet\u0151 (E27 csak azonos t\u00edpus\u00fa RGB izz\u00f3kra)<\/li>\n<li><strong>CE tan\u00fas\u00edtv\u00e1nnyal rendelkezik:\u00a0<\/strong>Igen<\/li>\n<li>220-240V<\/li>\n<\/ul>","protected":false},"excerpt":{"rendered":"<p>UNTIL\u00a021\u00a0LIGHTING MODES &#8211;\u00a0this unique lighting has as many as 21 different lighting modes, thanks to which\u00a0creates a unique and unique decoration and atmosphere of any interior and garden\u00a0. The lamps have different lighting sequences that can be controlled with the included remote control. The garland is powered from the mains, so you do not have [&#8230;]\n","protected":false},"featured_media":5126,"comment_status":"open","ping_status":"closed","template":"","meta":[],"product_brand":[],"product_cat":[227,226],"product_tag":[],"class_list":{"0":"post-5052","1":"product","2":"type-product","3":"status-publish","4":"has-post-thumbnail","6":"product_cat-led-festoon-lights-outdoor-lights","7":"product_cat-outdoor-lights","8":"pa_brand-deco","9":"pa_led-colour-multi-coloured","11":"first","12":"instock","13":"sale","14":"shipping-taxable","15":"purchasable","16":"product-type-simple"},"yoast_head":"<!-- This site is optimized with the Yoast SEO plugin v27.3 - https:\/\/yoast.com\/product\/yoast-seo-wordpress\/ -->\n<title>RGB Festoon LED lights 15M 15 bulbs - Best price - Decolights.eu<\/title>\n<meta name=\"description\" content=\"Decorate your patio or garden with a nice festoon RGB LED lights with hanging bulbs to get an outstanding atmosphere. Buy now the get the best price!\" \/>\n<meta name=\"robots\" content=\"index, follow, max-snippet:-1, max-image-preview:large, max-video-preview:-1\" \/>\n<link rel=\"canonical\" href=\"https:\/\/decolights.eu\/hu\/termek-2\/rgb-festoon-led-lights-15m-15-bulbs\/\" \/>\n<meta property=\"og:locale\" content=\"hu_HU\" \/>\n<meta property=\"og:type\" content=\"article\" \/>\n<meta property=\"og:title\" content=\"RGB Festoon LED lights 15M 15 bulbs - Best price - Decolights.eu\" \/>\n<meta property=\"og:description\" content=\"Decorate your patio or garden with a nice festoon RGB LED lights with hanging bulbs to get an outstanding atmosphere. Buy now the get the best price!\" \/>\n<meta property=\"og:url\" content=\"https:\/\/decolights.eu\/hu\/termek-2\/rgb-festoon-led-lights-15m-15-bulbs\/\" \/>\n<meta property=\"og:site_name\" content=\"Decolights.eu\" \/>\n<meta property=\"article:modified_time\" content=\"2023-05-01T14:55:54+00:00\" \/>\n<meta property=\"og:image\" content=\"https:\/\/decolights.eu\/wp-content\/uploads\/2023\/04\/Hanging-garden-garland-15m-12V-IP65-15323_7.jpg\" \/>\n\t<meta property=\"og:image:width\" content=\"1500\" \/>\n\t<meta property=\"og:image:height\" content=\"1457\" \/>\n\t<meta property=\"og:image:type\" content=\"image\/jpeg\" \/>\n<meta name=\"twitter:card\" content=\"summary_large_image\" \/>\n<meta name=\"twitter:label1\" content=\"Becs\u00fclt olvas\u00e1si id\u0151\" \/>\n\t<meta name=\"twitter:data1\" content=\"1 perc\" \/>\n<script type=\"application\/ld+json\" class=\"yoast-schema-graph\">{\"@context\":\"https:\\\/\\\/schema.org\",\"@graph\":[{\"@type\":\"WebPage\",\"@id\":\"https:\\\/\\\/decolights.eu\\\/product\\\/rgb-festoon-led-lights-15m-15-bulbs\\\/\",\"url\":\"https:\\\/\\\/decolights.eu\\\/product\\\/rgb-festoon-led-lights-15m-15-bulbs\\\/\",\"name\":\"RGB Festoon LED lights 15M 15 bulbs - Best price - Decolights.eu\",\"isPartOf\":{\"@id\":\"https:\\\/\\\/decolights.eu\\\/#website\"},\"primaryImageOfPage\":{\"@id\":\"https:\\\/\\\/decolights.eu\\\/product\\\/rgb-festoon-led-lights-15m-15-bulbs\\\/#primaryimage\"},\"image\":{\"@id\":\"https:\\\/\\\/decolights.eu\\\/product\\\/rgb-festoon-led-lights-15m-15-bulbs\\\/#primaryimage\"},\"thumbnailUrl\":\"https:\\\/\\\/decolights.eu\\\/wp-content\\\/uploads\\\/2023\\\/04\\\/Hanging-garden-garland-15m-12V-IP65-15323_7.jpg\",\"datePublished\":\"2023-04-01T04:26:07+00:00\",\"dateModified\":\"2023-05-01T14:55:54+00:00\",\"description\":\"Decorate your patio or garden with a nice festoon RGB LED lights with hanging bulbs to get an outstanding atmosphere. Buy now the get the best price!\",\"breadcrumb\":{\"@id\":\"https:\\\/\\\/decolights.eu\\\/product\\\/rgb-festoon-led-lights-15m-15-bulbs\\\/#breadcrumb\"},\"inLanguage\":\"hu\",\"potentialAction\":[{\"@type\":\"ReadAction\",\"target\":[\"https:\\\/\\\/decolights.eu\\\/product\\\/rgb-festoon-led-lights-15m-15-bulbs\\\/\"]}]},{\"@type\":\"ImageObject\",\"inLanguage\":\"hu\",\"@id\":\"https:\\\/\\\/decolights.eu\\\/product\\\/rgb-festoon-led-lights-15m-15-bulbs\\\/#primaryimage\",\"url\":\"https:\\\/\\\/decolights.eu\\\/wp-content\\\/uploads\\\/2023\\\/04\\\/Hanging-garden-garland-15m-12V-IP65-15323_7.jpg\",\"contentUrl\":\"https:\\\/\\\/decolights.eu\\\/wp-content\\\/uploads\\\/2023\\\/04\\\/Hanging-garden-garland-15m-12V-IP65-15323_7.jpg\",\"width\":1500,\"height\":1457},{\"@type\":\"BreadcrumbList\",\"@id\":\"https:\\\/\\\/decolights.eu\\\/product\\\/rgb-festoon-led-lights-15m-15-bulbs\\\/#breadcrumb\",\"itemListElement\":[{\"@type\":\"ListItem\",\"position\":1,\"name\":\"Shop\",\"item\":\"https:\\\/\\\/decolights.eu\\\/shop\\\/\"},{\"@type\":\"ListItem\",\"position\":2,\"name\":\"RGB Festoon LED lights 15M 15 bulbs\"}]},{\"@type\":\"WebSite\",\"@id\":\"https:\\\/\\\/decolights.eu\\\/#website\",\"url\":\"https:\\\/\\\/decolights.eu\\\/\",\"name\":\"decolights\",\"description\":\"Led Decorations for Home and Garden\",\"publisher\":{\"@id\":\"https:\\\/\\\/decolights.eu\\\/#organization\"},\"alternateName\":\"decolights.eu\",\"potentialAction\":[{\"@type\":\"SearchAction\",\"target\":{\"@type\":\"EntryPoint\",\"urlTemplate\":\"https:\\\/\\\/decolights.eu\\\/?s={search_term_string}\"},\"query-input\":{\"@type\":\"PropertyValueSpecification\",\"valueRequired\":true,\"valueName\":\"search_term_string\"}}],\"inLanguage\":\"hu\"},{\"@type\":\"Organization\",\"@id\":\"https:\\\/\\\/decolights.eu\\\/#organization\",\"name\":\"decolights\",\"url\":\"https:\\\/\\\/decolights.eu\\\/\",\"logo\":{\"@type\":\"ImageObject\",\"inLanguage\":\"hu\",\"@id\":\"https:\\\/\\\/decolights.eu\\\/#\\\/schema\\\/logo\\\/image\\\/\",\"url\":\"https:\\\/\\\/decolights.eu\\\/wp-content\\\/uploads\\\/2023\\\/07\\\/cropped-decolight-siteicon.png\",\"contentUrl\":\"https:\\\/\\\/decolights.eu\\\/wp-content\\\/uploads\\\/2023\\\/07\\\/cropped-decolight-siteicon.png\",\"width\":512,\"height\":512,\"caption\":\"decolights\"},\"image\":{\"@id\":\"https:\\\/\\\/decolights.eu\\\/#\\\/schema\\\/logo\\\/image\\\/\"}}]}<\/script>\n<!-- \/ Yoast SEO plugin. -->","yoast_head_json":{"title":"RGB Festoon LED l\u00e1mp\u00e1k 15M 15 izz\u00f3s - Legjobb \u00e1r - Decolights.eu","description":"D\u00edsz\u00edtse terasz\u00e1t vagy kertj\u00e9t egy sz\u00e9p festett RGB LED-l\u00e1mp\u00e1kkal, f\u00fcgg\u0151 izz\u00f3kkal, hogy kiemelked\u0151 hangulatot teremtsen. V\u00e1s\u00e1roljon most a legjobb \u00e1ron!","robots":{"index":"index","follow":"follow","max-snippet":"max-snippet:-1","max-image-preview":"max-image-preview:large","max-video-preview":"max-video-preview:-1"},"canonical":"https:\/\/decolights.eu\/hu\/termek-2\/rgb-festoon-led-lights-15m-15-bulbs\/","og_locale":"hu_HU","og_type":"article","og_title":"RGB Festoon LED lights 15M 15 bulbs - Best price - Decolights.eu","og_description":"Decorate your patio or garden with a nice festoon RGB LED lights with hanging bulbs to get an outstanding atmosphere. Buy now the get the best price!","og_url":"https:\/\/decolights.eu\/hu\/termek-2\/rgb-festoon-led-lights-15m-15-bulbs\/","og_site_name":"Decolights.eu","article_modified_time":"2023-05-01T14:55:54+00:00","og_image":[{"width":1500,"height":1457,"url":"https:\/\/decolights.eu\/wp-content\/uploads\/2023\/04\/Hanging-garden-garland-15m-12V-IP65-15323_7.jpg","type":"image\/jpeg"}],"twitter_card":"summary_large_image","twitter_misc":{"Becs\u00fclt olvas\u00e1si id\u0151":"1 perc"},"schema":{"@context":"https:\/\/schema.org","@graph":[{"@type":"WebPage","@id":"https:\/\/decolights.eu\/product\/rgb-festoon-led-lights-15m-15-bulbs\/","url":"https:\/\/decolights.eu\/product\/rgb-festoon-led-lights-15m-15-bulbs\/","name":"RGB Festoon LED l\u00e1mp\u00e1k 15M 15 izz\u00f3s - Legjobb \u00e1r - Decolights.eu","isPartOf":{"@id":"https:\/\/decolights.eu\/#website"},"primaryImageOfPage":{"@id":"https:\/\/decolights.eu\/product\/rgb-festoon-led-lights-15m-15-bulbs\/#primaryimage"},"image":{"@id":"https:\/\/decolights.eu\/product\/rgb-festoon-led-lights-15m-15-bulbs\/#primaryimage"},"thumbnailUrl":"https:\/\/decolights.eu\/wp-content\/uploads\/2023\/04\/Hanging-garden-garland-15m-12V-IP65-15323_7.jpg","datePublished":"2023-04-01T04:26:07+00:00","dateModified":"2023-05-01T14:55:54+00:00","description":"D\u00edsz\u00edtse terasz\u00e1t vagy kertj\u00e9t egy sz\u00e9p festett RGB LED-l\u00e1mp\u00e1kkal, f\u00fcgg\u0151 izz\u00f3kkal, hogy kiemelked\u0151 hangulatot teremtsen. V\u00e1s\u00e1roljon most a legjobb \u00e1ron!","breadcrumb":{"@id":"https:\/\/decolights.eu\/product\/rgb-festoon-led-lights-15m-15-bulbs\/#breadcrumb"},"inLanguage":"hu","potentialAction":[{"@type":"ReadAction","target":["https:\/\/decolights.eu\/product\/rgb-festoon-led-lights-15m-15-bulbs\/"]}]},{"@type":"ImageObject","inLanguage":"hu","@id":"https:\/\/decolights.eu\/product\/rgb-festoon-led-lights-15m-15-bulbs\/#primaryimage","url":"https:\/\/decolights.eu\/wp-content\/uploads\/2023\/04\/Hanging-garden-garland-15m-12V-IP65-15323_7.jpg","contentUrl":"https:\/\/decolights.eu\/wp-content\/uploads\/2023\/04\/Hanging-garden-garland-15m-12V-IP65-15323_7.jpg","width":1500,"height":1457},{"@type":"BreadcrumbList","@id":"https:\/\/decolights.eu\/product\/rgb-festoon-led-lights-15m-15-bulbs\/#breadcrumb","itemListElement":[{"@type":"ListItem","position":1,"name":"Shop","item":"https:\/\/decolights.eu\/shop\/"},{"@type":"ListItem","position":2,"name":"RGB Festoon LED lights 15M 15 bulbs"}]},{"@type":"WebSite","@id":"https:\/\/decolights.eu\/#website","url":"https:\/\/decolights.eu\/","name":"decolights","description":"Led dekor\u00e1ci\u00f3 otthonra \u00e9s kertre","publisher":{"@id":"https:\/\/decolights.eu\/#organization"},"alternateName":"decolights.eu","potentialAction":[{"@type":"SearchAction","target":{"@type":"EntryPoint","urlTemplate":"https:\/\/decolights.eu\/?s={search_term_string}"},"query-input":{"@type":"PropertyValueSpecification","valueRequired":true,"valueName":"search_term_string"}}],"inLanguage":"hu"},{"@type":"Organization","@id":"https:\/\/decolights.eu\/#organization","name":"decolights","url":"https:\/\/decolights.eu\/","logo":{"@type":"ImageObject","inLanguage":"hu","@id":"https:\/\/decolights.eu\/#\/schema\/logo\/image\/","url":"https:\/\/decolights.eu\/wp-content\/uploads\/2023\/07\/cropped-decolight-siteicon.png","contentUrl":"https:\/\/decolights.eu\/wp-content\/uploads\/2023\/07\/cropped-decolight-siteicon.png","width":512,"height":512,"caption":"decolights"},"image":{"@id":"https:\/\/decolights.eu\/#\/schema\/logo\/image\/"}}]}},"jetpack_sharing_enabled":true,"_links":{"self":[{"href":"https:\/\/decolights.eu\/hu\/wp-json\/wp\/v2\/product\/5052","targetHints":{"allow":["GET"]}}],"collection":[{"href":"https:\/\/decolights.eu\/hu\/wp-json\/wp\/v2\/product"}],"about":[{"href":"https:\/\/decolights.eu\/hu\/wp-json\/wp\/v2\/types\/product"}],"replies":[{"embeddable":true,"href":"https:\/\/decolights.eu\/hu\/wp-json\/wp\/v2\/comments?post=5052"}],"wp:featuredmedia":[{"embeddable":true,"href":"https:\/\/decolights.eu\/hu\/wp-json\/wp\/v2\/media\/5126"}],"wp:attachment":[{"href":"https:\/\/decolights.eu\/hu\/wp-json\/wp\/v2\/media?parent=5052"}],"wp:term":[{"taxonomy":"product_brand","embeddable":true,"href":"https:\/\/decolights.eu\/hu\/wp-json\/wp\/v2\/product_brand?post=5052"},{"taxonomy":"product_cat","embeddable":true,"href":"https:\/\/decolights.eu\/hu\/wp-json\/wp\/v2\/product_cat?post=5052"},{"taxonomy":"product_tag","embeddable":true,"href":"https:\/\/decolights.eu\/hu\/wp-json\/wp\/v2\/product_tag?post=5052"}],"curies":[{"name":"wp","href":"https:\/\/api.w.org\/{rel}","templated":true}]}}