{"id":5122,"date":"2023-04-01T04:26:55","date_gmt":"2023-04-01T04:26:55","guid":{"rendered":"https:\/\/decolights.eu\/?post_type=product&#038;p=5122"},"modified":"2023-05-01T08:19:37","modified_gmt":"2023-05-01T08:19:37","slug":"y-splitter-for-pro-icicle-and-string-lights-1-in-2-out-2","status":"publish","type":"product","link":"https:\/\/decolights.eu\/hu\/termek-2\/y-splitter-for-pro-icicle-and-string-lights-1-in-2-out-2\/","title":{"rendered":"Y-eloszt\u00f3 PRO j\u00e9gcsapokhoz \u00e9s l\u00e1mp\u00e1khoz (1 be, 2 ki)"},"content":{"rendered":"<p>Y-eloszt\u00f3 PRO j\u00e9gcsapokhoz \u00e9s l\u00e1mp\u00e1khoz (1 be, 2 ki)<\/p>\n<ul>\n<li><strong>Hossz:<\/strong> 0,25 m + 2 x 0,25 m<\/li>\n<li><strong>Sz\u00edn:<\/strong> feh\u00e9r<\/li>\n<li><strong>IP besorol\u00e1s: <\/strong>IP65<\/li>\n<li>Csak az IP65-\u00f6s sorozatunkhoz alkalmas<\/li>\n<\/ul>","protected":false},"excerpt":{"rendered":"<p>Y-Splitter for PRO icicle and string lights (1 in, 2 out) Length: 0.25m + 2 x 0.25m Colour: white IP Rating: IP65 Suitable only for our IP65 series<\/p>","protected":false},"featured_media":5232,"comment_status":"open","ping_status":"closed","template":"","meta":[],"product_brand":[],"product_cat":[212],"product_tag":[],"class_list":{"0":"post-5122","1":"product","2":"type-product","3":"status-publish","4":"has-post-thumbnail","6":"product_cat-pro-accessories","7":"pa_brand-deco","9":"first","10":"instock","11":"sale","12":"shipping-taxable","13":"purchasable","14":"product-type-simple"},"yoast_head":"<!-- This site is optimized with the Yoast SEO plugin v27.3 - https:\/\/yoast.com\/product\/yoast-seo-wordpress\/ -->\n<title>Y-Splitter for PRO icicle and string lights (1 in, 2 out) - Best price - Decolights.eu<\/title>\n<meta name=\"description\" content=\"Splitter cable is a great accessory for decoration. It allows you to extend the reach of your lights and place them in more creative and unique locations.\" \/>\n<meta name=\"robots\" content=\"index, follow, max-snippet:-1, max-image-preview:large, max-video-preview:-1\" \/>\n<link rel=\"canonical\" href=\"https:\/\/decolights.eu\/hu\/termek-2\/y-splitter-for-pro-icicle-and-string-lights-1-in-2-out-2\/\" \/>\n<meta property=\"og:locale\" content=\"hu_HU\" \/>\n<meta property=\"og:type\" content=\"article\" \/>\n<meta property=\"og:title\" content=\"Y-Splitter for PRO icicle and string lights (1 in, 2 out) - Best price - Decolights.eu\" \/>\n<meta property=\"og:description\" content=\"Splitter cable is a great accessory for decoration. It allows you to extend the reach of your lights and place them in more creative and unique locations.\" \/>\n<meta property=\"og:url\" content=\"https:\/\/decolights.eu\/hu\/termek-2\/y-splitter-for-pro-icicle-and-string-lights-1-in-2-out-2\/\" \/>\n<meta property=\"og:site_name\" content=\"Decolights.eu\" \/>\n<meta property=\"article:modified_time\" content=\"2023-05-01T08:19:37+00:00\" \/>\n<meta property=\"og:image\" content=\"https:\/\/decolights.eu\/wp-content\/uploads\/2023\/04\/0-02-05-d0fea74e6e4f848d21449709a87c33d7ce9728645100c163cc9b9f6e9fccdc5b_55eaac8e.jpg\" \/>\n\t<meta property=\"og:image:width\" content=\"800\" \/>\n\t<meta property=\"og:image:height\" content=\"733\" \/>\n\t<meta property=\"og:image:type\" content=\"image\/jpeg\" \/>\n<meta name=\"twitter:card\" content=\"summary_large_image\" \/>\n<meta name=\"twitter:label1\" content=\"Becs\u00fclt olvas\u00e1si id\u0151\" \/>\n\t<meta name=\"twitter:data1\" content=\"1 perc\" \/>\n<script type=\"application\/ld+json\" class=\"yoast-schema-graph\">{\"@context\":\"https:\\\/\\\/schema.org\",\"@graph\":[{\"@type\":\"WebPage\",\"@id\":\"https:\\\/\\\/decolights.eu\\\/product\\\/y-splitter-for-pro-icicle-and-string-lights-1-in-2-out-2\\\/\",\"url\":\"https:\\\/\\\/decolights.eu\\\/product\\\/y-splitter-for-pro-icicle-and-string-lights-1-in-2-out-2\\\/\",\"name\":\"Y-Splitter for PRO icicle and string lights (1 in, 2 out) - Best price - Decolights.eu\",\"isPartOf\":{\"@id\":\"https:\\\/\\\/decolights.eu\\\/#website\"},\"primaryImageOfPage\":{\"@id\":\"https:\\\/\\\/decolights.eu\\\/product\\\/y-splitter-for-pro-icicle-and-string-lights-1-in-2-out-2\\\/#primaryimage\"},\"image\":{\"@id\":\"https:\\\/\\\/decolights.eu\\\/product\\\/y-splitter-for-pro-icicle-and-string-lights-1-in-2-out-2\\\/#primaryimage\"},\"thumbnailUrl\":\"https:\\\/\\\/decolights.eu\\\/wp-content\\\/uploads\\\/2023\\\/04\\\/0-02-05-d0fea74e6e4f848d21449709a87c33d7ce9728645100c163cc9b9f6e9fccdc5b_55eaac8e.jpg\",\"datePublished\":\"2023-04-01T04:26:55+00:00\",\"dateModified\":\"2023-05-01T08:19:37+00:00\",\"description\":\"Splitter cable is a great accessory for decoration. It allows you to extend the reach of your lights and place them in more creative and unique locations.\",\"breadcrumb\":{\"@id\":\"https:\\\/\\\/decolights.eu\\\/product\\\/y-splitter-for-pro-icicle-and-string-lights-1-in-2-out-2\\\/#breadcrumb\"},\"inLanguage\":\"hu\",\"potentialAction\":[{\"@type\":\"ReadAction\",\"target\":[\"https:\\\/\\\/decolights.eu\\\/product\\\/y-splitter-for-pro-icicle-and-string-lights-1-in-2-out-2\\\/\"]}]},{\"@type\":\"ImageObject\",\"inLanguage\":\"hu\",\"@id\":\"https:\\\/\\\/decolights.eu\\\/product\\\/y-splitter-for-pro-icicle-and-string-lights-1-in-2-out-2\\\/#primaryimage\",\"url\":\"https:\\\/\\\/decolights.eu\\\/wp-content\\\/uploads\\\/2023\\\/04\\\/0-02-05-d0fea74e6e4f848d21449709a87c33d7ce9728645100c163cc9b9f6e9fccdc5b_55eaac8e.jpg\",\"contentUrl\":\"https:\\\/\\\/decolights.eu\\\/wp-content\\\/uploads\\\/2023\\\/04\\\/0-02-05-d0fea74e6e4f848d21449709a87c33d7ce9728645100c163cc9b9f6e9fccdc5b_55eaac8e.jpg\",\"width\":800,\"height\":733},{\"@type\":\"BreadcrumbList\",\"@id\":\"https:\\\/\\\/decolights.eu\\\/product\\\/y-splitter-for-pro-icicle-and-string-lights-1-in-2-out-2\\\/#breadcrumb\",\"itemListElement\":[{\"@type\":\"ListItem\",\"position\":1,\"name\":\"Shop\",\"item\":\"https:\\\/\\\/decolights.eu\\\/shop\\\/\"},{\"@type\":\"ListItem\",\"position\":2,\"name\":\"Y-Splitter for PRO icicle and string lights (1 in, 2 out)\"}]},{\"@type\":\"WebSite\",\"@id\":\"https:\\\/\\\/decolights.eu\\\/#website\",\"url\":\"https:\\\/\\\/decolights.eu\\\/\",\"name\":\"decolights\",\"description\":\"Led Decorations for Home and Garden\",\"publisher\":{\"@id\":\"https:\\\/\\\/decolights.eu\\\/#organization\"},\"alternateName\":\"decolights.eu\",\"potentialAction\":[{\"@type\":\"SearchAction\",\"target\":{\"@type\":\"EntryPoint\",\"urlTemplate\":\"https:\\\/\\\/decolights.eu\\\/?s={search_term_string}\"},\"query-input\":{\"@type\":\"PropertyValueSpecification\",\"valueRequired\":true,\"valueName\":\"search_term_string\"}}],\"inLanguage\":\"hu\"},{\"@type\":\"Organization\",\"@id\":\"https:\\\/\\\/decolights.eu\\\/#organization\",\"name\":\"decolights\",\"url\":\"https:\\\/\\\/decolights.eu\\\/\",\"logo\":{\"@type\":\"ImageObject\",\"inLanguage\":\"hu\",\"@id\":\"https:\\\/\\\/decolights.eu\\\/#\\\/schema\\\/logo\\\/image\\\/\",\"url\":\"https:\\\/\\\/decolights.eu\\\/wp-content\\\/uploads\\\/2023\\\/07\\\/cropped-decolight-siteicon.png\",\"contentUrl\":\"https:\\\/\\\/decolights.eu\\\/wp-content\\\/uploads\\\/2023\\\/07\\\/cropped-decolight-siteicon.png\",\"width\":512,\"height\":512,\"caption\":\"decolights\"},\"image\":{\"@id\":\"https:\\\/\\\/decolights.eu\\\/#\\\/schema\\\/logo\\\/image\\\/\"}}]}<\/script>\n<!-- \/ Yoast SEO plugin. -->","yoast_head_json":{"title":"Y-Splitter PRO j\u00e9gcsapokhoz \u00e9s l\u00e1mp\u00e1khoz (1 be, 2 ki) - Legjobb \u00e1r - Decolights.eu","description":"Az oszt\u00f3k\u00e1bel remek kieg\u00e9sz\u00edt\u0151 a dekor\u00e1ci\u00f3hoz. Lehet\u0151v\u00e9 teszi a l\u00e1mp\u00e1k hat\u00f3t\u00e1vols\u00e1g\u00e1nak kiterjeszt\u00e9s\u00e9t, \u00e9s kreat\u00edvabb \u00e9s egyedibb helyekre helyez\u00e9s\u00e9t.","robots":{"index":"index","follow":"follow","max-snippet":"max-snippet:-1","max-image-preview":"max-image-preview:large","max-video-preview":"max-video-preview:-1"},"canonical":"https:\/\/decolights.eu\/hu\/termek-2\/y-splitter-for-pro-icicle-and-string-lights-1-in-2-out-2\/","og_locale":"hu_HU","og_type":"article","og_title":"Y-Splitter for PRO icicle and string lights (1 in, 2 out) - Best price - Decolights.eu","og_description":"Splitter cable is a great accessory for decoration. It allows you to extend the reach of your lights and place them in more creative and unique locations.","og_url":"https:\/\/decolights.eu\/hu\/termek-2\/y-splitter-for-pro-icicle-and-string-lights-1-in-2-out-2\/","og_site_name":"Decolights.eu","article_modified_time":"2023-05-01T08:19:37+00:00","og_image":[{"width":800,"height":733,"url":"https:\/\/decolights.eu\/wp-content\/uploads\/2023\/04\/0-02-05-d0fea74e6e4f848d21449709a87c33d7ce9728645100c163cc9b9f6e9fccdc5b_55eaac8e.jpg","type":"image\/jpeg"}],"twitter_card":"summary_large_image","twitter_misc":{"Becs\u00fclt olvas\u00e1si id\u0151":"1 perc"},"schema":{"@context":"https:\/\/schema.org","@graph":[{"@type":"WebPage","@id":"https:\/\/decolights.eu\/product\/y-splitter-for-pro-icicle-and-string-lights-1-in-2-out-2\/","url":"https:\/\/decolights.eu\/product\/y-splitter-for-pro-icicle-and-string-lights-1-in-2-out-2\/","name":"Y-Splitter PRO j\u00e9gcsapokhoz \u00e9s l\u00e1mp\u00e1khoz (1 be, 2 ki) - Legjobb \u00e1r - Decolights.eu","isPartOf":{"@id":"https:\/\/decolights.eu\/#website"},"primaryImageOfPage":{"@id":"https:\/\/decolights.eu\/product\/y-splitter-for-pro-icicle-and-string-lights-1-in-2-out-2\/#primaryimage"},"image":{"@id":"https:\/\/decolights.eu\/product\/y-splitter-for-pro-icicle-and-string-lights-1-in-2-out-2\/#primaryimage"},"thumbnailUrl":"https:\/\/decolights.eu\/wp-content\/uploads\/2023\/04\/0-02-05-d0fea74e6e4f848d21449709a87c33d7ce9728645100c163cc9b9f6e9fccdc5b_55eaac8e.jpg","datePublished":"2023-04-01T04:26:55+00:00","dateModified":"2023-05-01T08:19:37+00:00","description":"Az oszt\u00f3k\u00e1bel remek kieg\u00e9sz\u00edt\u0151 a dekor\u00e1ci\u00f3hoz. Lehet\u0151v\u00e9 teszi a l\u00e1mp\u00e1k hat\u00f3t\u00e1vols\u00e1g\u00e1nak kiterjeszt\u00e9s\u00e9t, \u00e9s kreat\u00edvabb \u00e9s egyedibb helyekre helyez\u00e9s\u00e9t.","breadcrumb":{"@id":"https:\/\/decolights.eu\/product\/y-splitter-for-pro-icicle-and-string-lights-1-in-2-out-2\/#breadcrumb"},"inLanguage":"hu","potentialAction":[{"@type":"ReadAction","target":["https:\/\/decolights.eu\/product\/y-splitter-for-pro-icicle-and-string-lights-1-in-2-out-2\/"]}]},{"@type":"ImageObject","inLanguage":"hu","@id":"https:\/\/decolights.eu\/product\/y-splitter-for-pro-icicle-and-string-lights-1-in-2-out-2\/#primaryimage","url":"https:\/\/decolights.eu\/wp-content\/uploads\/2023\/04\/0-02-05-d0fea74e6e4f848d21449709a87c33d7ce9728645100c163cc9b9f6e9fccdc5b_55eaac8e.jpg","contentUrl":"https:\/\/decolights.eu\/wp-content\/uploads\/2023\/04\/0-02-05-d0fea74e6e4f848d21449709a87c33d7ce9728645100c163cc9b9f6e9fccdc5b_55eaac8e.jpg","width":800,"height":733},{"@type":"BreadcrumbList","@id":"https:\/\/decolights.eu\/product\/y-splitter-for-pro-icicle-and-string-lights-1-in-2-out-2\/#breadcrumb","itemListElement":[{"@type":"ListItem","position":1,"name":"Shop","item":"https:\/\/decolights.eu\/shop\/"},{"@type":"ListItem","position":2,"name":"Y-Splitter for PRO icicle and string lights (1 in, 2 out)"}]},{"@type":"WebSite","@id":"https:\/\/decolights.eu\/#website","url":"https:\/\/decolights.eu\/","name":"decolights","description":"Led dekor\u00e1ci\u00f3 otthonra \u00e9s kertre","publisher":{"@id":"https:\/\/decolights.eu\/#organization"},"alternateName":"decolights.eu","potentialAction":[{"@type":"SearchAction","target":{"@type":"EntryPoint","urlTemplate":"https:\/\/decolights.eu\/?s={search_term_string}"},"query-input":{"@type":"PropertyValueSpecification","valueRequired":true,"valueName":"search_term_string"}}],"inLanguage":"hu"},{"@type":"Organization","@id":"https:\/\/decolights.eu\/#organization","name":"decolights","url":"https:\/\/decolights.eu\/","logo":{"@type":"ImageObject","inLanguage":"hu","@id":"https:\/\/decolights.eu\/#\/schema\/logo\/image\/","url":"https:\/\/decolights.eu\/wp-content\/uploads\/2023\/07\/cropped-decolight-siteicon.png","contentUrl":"https:\/\/decolights.eu\/wp-content\/uploads\/2023\/07\/cropped-decolight-siteicon.png","width":512,"height":512,"caption":"decolights"},"image":{"@id":"https:\/\/decolights.eu\/#\/schema\/logo\/image\/"}}]}},"jetpack_sharing_enabled":true,"_links":{"self":[{"href":"https:\/\/decolights.eu\/hu\/wp-json\/wp\/v2\/product\/5122","targetHints":{"allow":["GET"]}}],"collection":[{"href":"https:\/\/decolights.eu\/hu\/wp-json\/wp\/v2\/product"}],"about":[{"href":"https:\/\/decolights.eu\/hu\/wp-json\/wp\/v2\/types\/product"}],"replies":[{"embeddable":true,"href":"https:\/\/decolights.eu\/hu\/wp-json\/wp\/v2\/comments?post=5122"}],"wp:featuredmedia":[{"embeddable":true,"href":"https:\/\/decolights.eu\/hu\/wp-json\/wp\/v2\/media\/5232"}],"wp:attachment":[{"href":"https:\/\/decolights.eu\/hu\/wp-json\/wp\/v2\/media?parent=5122"}],"wp:term":[{"taxonomy":"product_brand","embeddable":true,"href":"https:\/\/decolights.eu\/hu\/wp-json\/wp\/v2\/product_brand?post=5122"},{"taxonomy":"product_cat","embeddable":true,"href":"https:\/\/decolights.eu\/hu\/wp-json\/wp\/v2\/product_cat?post=5122"},{"taxonomy":"product_tag","embeddable":true,"href":"https:\/\/decolights.eu\/hu\/wp-json\/wp\/v2\/product_tag?post=5122"}],"curies":[{"name":"wp","href":"https:\/\/api.w.org\/{rel}","templated":true}]}}