{"id":5457,"date":"2023-04-01T04:31:14","date_gmt":"2023-04-01T04:31:14","guid":{"rendered":"https:\/\/decolights.eu\/?post_type=product&#038;p=5457"},"modified":"2023-04-17T06:43:02","modified_gmt":"2023-04-17T06:43:02","slug":"led-candles-2pcs-set","status":"publish","type":"product","link":"https:\/\/decolights.eu\/hu\/termek-2\/led-candles-2pcs-set\/","title":{"rendered":"LED gyerty\u00e1k 2db szett"},"content":{"rendered":"<p>A Flamme sorozatban tal\u00e1lhat\u00f3, 2 db-os, meleg feh\u00e9r l\u00e1nggal rendelkez\u0151 team\u00e9cses gyertyak\u00e9szlet\u00fcnk elk\u00e9peszt\u0151 meleg feh\u00e9r f\u00e9nyt k\u00f6lcs\u00f6n\u00f6z \u00e9s kellemes hangulatot var\u00e1zsol otthon\u00e1ba.<\/p>\n<ul>\n<li><strong>A gyertya sz\u00edne:<\/strong> feh\u00e9r<\/li>\n<li dir=\"ltr\" data-placeholder=\"Translation\"><strong>LED sz\u00edne:<\/strong> meleg feh\u00e9r<\/li>\n<li dir=\"ltr\" data-placeholder=\"Translation\">2 gyertya tartozik hozz\u00e1<\/li>\n<li dir=\"ltr\" data-placeholder=\"Translation\"><strong>M\u00e9retek:<\/strong> 5cm x 3,80cm<\/li>\n<li dir=\"ltr\" data-placeholder=\"Translation\"><strong>\u00c1ramforr\u00e1s:<\/strong> 2 x CR2032 (tartoz\u00e9k)<\/li>\n<li dir=\"ltr\" data-placeholder=\"Translation\"><strong>Id\u0151z\u00edt\u0151:<\/strong> 6H be\/18H ki, ism\u00e9telje meg<\/li>\n<li dir=\"ltr\" data-placeholder=\"Translation\"><strong>T\u00e1vir\u00e1ny\u00edt\u00f3:\u00a0<\/strong>tartalmazza (BE\/KI funkci\u00f3k)<\/li>\n<li dir=\"ltr\" data-placeholder=\"Translation\"><strong>IP min\u0151s\u00edt\u00e9s<\/strong>: IP20<\/li>\n<li dir=\"ltr\" data-placeholder=\"Translation\"><strong>CE min\u0151s\u00edt\u00e9ssel:<\/strong> Igen<\/li>\n<\/ul>","protected":false},"excerpt":{"rendered":"<p>Our 2 pcs tealight candles set with warm white flame in our Flamme series brings an amazing warm white glow and creates cozy atmosphere in your home. Candle colour: white LED Colour: warm white 2 candles are included Sizes: 5CM x 3.80CM Power source: 2 x CR2032 (included) Timer: 6H on\/18H off, repeat Remote control:\u00a0included [&#8230;]\n","protected":false},"featured_media":4414,"comment_status":"open","ping_status":"closed","template":"","meta":[],"product_brand":[],"product_cat":[214,216],"product_tag":[],"class_list":{"0":"post-5457","1":"product","2":"type-product","3":"status-publish","4":"has-post-thumbnail","6":"product_cat-indoor-lights","7":"product_cat-led-candles","8":"pa_brand-deco","9":"pa_led-colour-warm-white","11":"first","12":"instock","13":"sale","14":"shipping-taxable","15":"purchasable","16":"product-type-simple"},"yoast_head":"<!-- This site is optimized with the Yoast SEO plugin v27.3 - https:\/\/yoast.com\/product\/yoast-seo-wordpress\/ -->\n<title>LED candles 2pcs set - Best price guarantee - Decolights.eu<\/title>\n<meta name=\"description\" content=\"LED Tealight candles are the best and safest way for decorating your home and patio. Buy LED candles for the best price today and enjoy cozy atmosphere.\" \/>\n<meta name=\"robots\" content=\"index, follow, max-snippet:-1, max-image-preview:large, max-video-preview:-1\" \/>\n<link rel=\"canonical\" href=\"https:\/\/decolights.eu\/hu\/termek-2\/led-candles-2pcs-set\/\" \/>\n<meta property=\"og:locale\" content=\"hu_HU\" \/>\n<meta property=\"og:type\" content=\"article\" \/>\n<meta property=\"og:title\" content=\"LED candles 2pcs set - Best price guarantee - Decolights.eu\" \/>\n<meta property=\"og:description\" content=\"LED Tealight candles are the best and safest way for decorating your home and patio. Buy LED candles for the best price today and enjoy cozy atmosphere.\" \/>\n<meta property=\"og:url\" content=\"https:\/\/decolights.eu\/hu\/termek-2\/led-candles-2pcs-set\/\" \/>\n<meta property=\"og:site_name\" content=\"Decolights.eu\" \/>\n<meta property=\"article:modified_time\" content=\"2023-04-17T06:43:02+00:00\" \/>\n<meta property=\"og:image\" content=\"https:\/\/decolights.eu\/wp-content\/uploads\/2023\/04\/063-05_M2.png\" \/>\n\t<meta property=\"og:image:width\" content=\"600\" \/>\n\t<meta property=\"og:image:height\" content=\"602\" \/>\n\t<meta property=\"og:image:type\" content=\"image\/png\" \/>\n<meta name=\"twitter:card\" content=\"summary_large_image\" \/>\n<meta name=\"twitter:label1\" content=\"Becs\u00fclt olvas\u00e1si id\u0151\" \/>\n\t<meta name=\"twitter:data1\" content=\"1 perc\" \/>\n<script type=\"application\/ld+json\" class=\"yoast-schema-graph\">{\"@context\":\"https:\\\/\\\/schema.org\",\"@graph\":[{\"@type\":\"WebPage\",\"@id\":\"https:\\\/\\\/decolights.eu\\\/product\\\/led-candles-2pcs-set\\\/\",\"url\":\"https:\\\/\\\/decolights.eu\\\/product\\\/led-candles-2pcs-set\\\/\",\"name\":\"LED candles 2pcs set - Best price guarantee - Decolights.eu\",\"isPartOf\":{\"@id\":\"https:\\\/\\\/decolights.eu\\\/#website\"},\"primaryImageOfPage\":{\"@id\":\"https:\\\/\\\/decolights.eu\\\/product\\\/led-candles-2pcs-set\\\/#primaryimage\"},\"image\":{\"@id\":\"https:\\\/\\\/decolights.eu\\\/product\\\/led-candles-2pcs-set\\\/#primaryimage\"},\"thumbnailUrl\":\"https:\\\/\\\/decolights.eu\\\/wp-content\\\/uploads\\\/2023\\\/04\\\/063-05_M2.png\",\"datePublished\":\"2023-04-01T04:31:14+00:00\",\"dateModified\":\"2023-04-17T06:43:02+00:00\",\"description\":\"LED Tealight candles are the best and safest way for decorating your home and patio. Buy LED candles for the best price today and enjoy cozy atmosphere.\",\"breadcrumb\":{\"@id\":\"https:\\\/\\\/decolights.eu\\\/product\\\/led-candles-2pcs-set\\\/#breadcrumb\"},\"inLanguage\":\"hu\",\"potentialAction\":[{\"@type\":\"ReadAction\",\"target\":[\"https:\\\/\\\/decolights.eu\\\/product\\\/led-candles-2pcs-set\\\/\"]}]},{\"@type\":\"ImageObject\",\"inLanguage\":\"hu\",\"@id\":\"https:\\\/\\\/decolights.eu\\\/product\\\/led-candles-2pcs-set\\\/#primaryimage\",\"url\":\"https:\\\/\\\/decolights.eu\\\/wp-content\\\/uploads\\\/2023\\\/04\\\/063-05_M2.png\",\"contentUrl\":\"https:\\\/\\\/decolights.eu\\\/wp-content\\\/uploads\\\/2023\\\/04\\\/063-05_M2.png\",\"width\":600,\"height\":602},{\"@type\":\"BreadcrumbList\",\"@id\":\"https:\\\/\\\/decolights.eu\\\/product\\\/led-candles-2pcs-set\\\/#breadcrumb\",\"itemListElement\":[{\"@type\":\"ListItem\",\"position\":1,\"name\":\"Shop\",\"item\":\"https:\\\/\\\/decolights.eu\\\/shop\\\/\"},{\"@type\":\"ListItem\",\"position\":2,\"name\":\"LED candles 2pcs set\"}]},{\"@type\":\"WebSite\",\"@id\":\"https:\\\/\\\/decolights.eu\\\/#website\",\"url\":\"https:\\\/\\\/decolights.eu\\\/\",\"name\":\"decolights\",\"description\":\"Led Decorations for Home and Garden\",\"publisher\":{\"@id\":\"https:\\\/\\\/decolights.eu\\\/#organization\"},\"alternateName\":\"decolights.eu\",\"potentialAction\":[{\"@type\":\"SearchAction\",\"target\":{\"@type\":\"EntryPoint\",\"urlTemplate\":\"https:\\\/\\\/decolights.eu\\\/?s={search_term_string}\"},\"query-input\":{\"@type\":\"PropertyValueSpecification\",\"valueRequired\":true,\"valueName\":\"search_term_string\"}}],\"inLanguage\":\"hu\"},{\"@type\":\"Organization\",\"@id\":\"https:\\\/\\\/decolights.eu\\\/#organization\",\"name\":\"decolights\",\"url\":\"https:\\\/\\\/decolights.eu\\\/\",\"logo\":{\"@type\":\"ImageObject\",\"inLanguage\":\"hu\",\"@id\":\"https:\\\/\\\/decolights.eu\\\/#\\\/schema\\\/logo\\\/image\\\/\",\"url\":\"https:\\\/\\\/decolights.eu\\\/wp-content\\\/uploads\\\/2023\\\/07\\\/cropped-decolight-siteicon.png\",\"contentUrl\":\"https:\\\/\\\/decolights.eu\\\/wp-content\\\/uploads\\\/2023\\\/07\\\/cropped-decolight-siteicon.png\",\"width\":512,\"height\":512,\"caption\":\"decolights\"},\"image\":{\"@id\":\"https:\\\/\\\/decolights.eu\\\/#\\\/schema\\\/logo\\\/image\\\/\"}}]}<\/script>\n<!-- \/ Yoast SEO plugin. -->","yoast_head_json":{"title":"LED gyerty\u00e1k 2db szett - Legjobb \u00e1r garancia - Decolights.eu","description":"A LED-es Tealight gyerty\u00e1k a legjobb \u00e9s legbiztons\u00e1gosabb m\u00f3dja otthona \u00e9s terasza d\u00edsz\u00edt\u00e9s\u00e9nek. V\u00e1s\u00e1roljon LED gyerty\u00e1kat a legjobb \u00e1ron m\u00e9g ma, \u00e9s \u00e9lvezze a hangulatos l\u00e9gk\u00f6rt.","robots":{"index":"index","follow":"follow","max-snippet":"max-snippet:-1","max-image-preview":"max-image-preview:large","max-video-preview":"max-video-preview:-1"},"canonical":"https:\/\/decolights.eu\/hu\/termek-2\/led-candles-2pcs-set\/","og_locale":"hu_HU","og_type":"article","og_title":"LED candles 2pcs set - Best price guarantee - Decolights.eu","og_description":"LED Tealight candles are the best and safest way for decorating your home and patio. Buy LED candles for the best price today and enjoy cozy atmosphere.","og_url":"https:\/\/decolights.eu\/hu\/termek-2\/led-candles-2pcs-set\/","og_site_name":"Decolights.eu","article_modified_time":"2023-04-17T06:43:02+00:00","og_image":[{"width":600,"height":602,"url":"https:\/\/decolights.eu\/wp-content\/uploads\/2023\/04\/063-05_M2.png","type":"image\/png"}],"twitter_card":"summary_large_image","twitter_misc":{"Becs\u00fclt olvas\u00e1si id\u0151":"1 perc"},"schema":{"@context":"https:\/\/schema.org","@graph":[{"@type":"WebPage","@id":"https:\/\/decolights.eu\/product\/led-candles-2pcs-set\/","url":"https:\/\/decolights.eu\/product\/led-candles-2pcs-set\/","name":"LED gyerty\u00e1k 2db szett - Legjobb \u00e1r garancia - Decolights.eu","isPartOf":{"@id":"https:\/\/decolights.eu\/#website"},"primaryImageOfPage":{"@id":"https:\/\/decolights.eu\/product\/led-candles-2pcs-set\/#primaryimage"},"image":{"@id":"https:\/\/decolights.eu\/product\/led-candles-2pcs-set\/#primaryimage"},"thumbnailUrl":"https:\/\/decolights.eu\/wp-content\/uploads\/2023\/04\/063-05_M2.png","datePublished":"2023-04-01T04:31:14+00:00","dateModified":"2023-04-17T06:43:02+00:00","description":"A LED-es Tealight gyerty\u00e1k a legjobb \u00e9s legbiztons\u00e1gosabb m\u00f3dja otthona \u00e9s terasza d\u00edsz\u00edt\u00e9s\u00e9nek. V\u00e1s\u00e1roljon LED gyerty\u00e1kat a legjobb \u00e1ron m\u00e9g ma, \u00e9s \u00e9lvezze a hangulatos l\u00e9gk\u00f6rt.","breadcrumb":{"@id":"https:\/\/decolights.eu\/product\/led-candles-2pcs-set\/#breadcrumb"},"inLanguage":"hu","potentialAction":[{"@type":"ReadAction","target":["https:\/\/decolights.eu\/product\/led-candles-2pcs-set\/"]}]},{"@type":"ImageObject","inLanguage":"hu","@id":"https:\/\/decolights.eu\/product\/led-candles-2pcs-set\/#primaryimage","url":"https:\/\/decolights.eu\/wp-content\/uploads\/2023\/04\/063-05_M2.png","contentUrl":"https:\/\/decolights.eu\/wp-content\/uploads\/2023\/04\/063-05_M2.png","width":600,"height":602},{"@type":"BreadcrumbList","@id":"https:\/\/decolights.eu\/product\/led-candles-2pcs-set\/#breadcrumb","itemListElement":[{"@type":"ListItem","position":1,"name":"Shop","item":"https:\/\/decolights.eu\/shop\/"},{"@type":"ListItem","position":2,"name":"LED candles 2pcs set"}]},{"@type":"WebSite","@id":"https:\/\/decolights.eu\/#website","url":"https:\/\/decolights.eu\/","name":"decolights","description":"Led dekor\u00e1ci\u00f3 otthonra \u00e9s kertre","publisher":{"@id":"https:\/\/decolights.eu\/#organization"},"alternateName":"decolights.eu","potentialAction":[{"@type":"SearchAction","target":{"@type":"EntryPoint","urlTemplate":"https:\/\/decolights.eu\/?s={search_term_string}"},"query-input":{"@type":"PropertyValueSpecification","valueRequired":true,"valueName":"search_term_string"}}],"inLanguage":"hu"},{"@type":"Organization","@id":"https:\/\/decolights.eu\/#organization","name":"decolights","url":"https:\/\/decolights.eu\/","logo":{"@type":"ImageObject","inLanguage":"hu","@id":"https:\/\/decolights.eu\/#\/schema\/logo\/image\/","url":"https:\/\/decolights.eu\/wp-content\/uploads\/2023\/07\/cropped-decolight-siteicon.png","contentUrl":"https:\/\/decolights.eu\/wp-content\/uploads\/2023\/07\/cropped-decolight-siteicon.png","width":512,"height":512,"caption":"decolights"},"image":{"@id":"https:\/\/decolights.eu\/#\/schema\/logo\/image\/"}}]}},"jetpack_sharing_enabled":true,"_links":{"self":[{"href":"https:\/\/decolights.eu\/hu\/wp-json\/wp\/v2\/product\/5457","targetHints":{"allow":["GET"]}}],"collection":[{"href":"https:\/\/decolights.eu\/hu\/wp-json\/wp\/v2\/product"}],"about":[{"href":"https:\/\/decolights.eu\/hu\/wp-json\/wp\/v2\/types\/product"}],"replies":[{"embeddable":true,"href":"https:\/\/decolights.eu\/hu\/wp-json\/wp\/v2\/comments?post=5457"}],"wp:featuredmedia":[{"embeddable":true,"href":"https:\/\/decolights.eu\/hu\/wp-json\/wp\/v2\/media\/4414"}],"wp:attachment":[{"href":"https:\/\/decolights.eu\/hu\/wp-json\/wp\/v2\/media?parent=5457"}],"wp:term":[{"taxonomy":"product_brand","embeddable":true,"href":"https:\/\/decolights.eu\/hu\/wp-json\/wp\/v2\/product_brand?post=5457"},{"taxonomy":"product_cat","embeddable":true,"href":"https:\/\/decolights.eu\/hu\/wp-json\/wp\/v2\/product_cat?post=5457"},{"taxonomy":"product_tag","embeddable":true,"href":"https:\/\/decolights.eu\/hu\/wp-json\/wp\/v2\/product_tag?post=5457"}],"curies":[{"name":"wp","href":"https:\/\/api.w.org\/{rel}","templated":true}]}}