{"id":5489,"date":"2023-04-01T04:31:36","date_gmt":"2023-04-01T04:31:36","guid":{"rendered":"https:\/\/decolights.eu\/?post_type=product&#038;p=5489"},"modified":"2023-04-24T12:34:23","modified_gmt":"2023-04-24T12:34:23","slug":"festoon-led-lights-cage","status":"publish","type":"product","link":"https:\/\/decolights.eu\/hu\/termek-2\/festoon-led-lights-cage\/","title":{"rendered":"Feston LED l\u00e1mp\u00e1k Cage"},"content":{"rendered":"<p>Vil\u00e1g\u00edt\u00f3l\u00e1nc k\u00fclt\u00e9ri haszn\u00e1latra, 8 f\u00fcgg\u0151 izz\u00f3val, sz\u00e9p d\u00edsz\u00edt\u00e9ssel, ketrec alak\u00fa. A f\u00e9nyl\u00e1nc fekete k\u00e1bellel rendelkezik, \u00e9s a ketrec is fekete. Csod\u00e1latos vil\u00e1g\u00edt\u00f3l\u00e1nc mindennapokra vagy bulira, d\u00edsz\u00edtse kertj\u00e9t vagy terasz\u00e1t, \u00e9s var\u00e1zsoljon meleg feh\u00e9r f\u00e9nyt.<\/p>\n<ul>\n<li><strong>LED sz\u00edn<\/strong>: meleg feh\u00e9r<\/li>\n<li><strong>Izz\u00f3k sz\u00e1ma<\/strong><strong>: <\/strong>8 db<\/li>\n<li><strong>Teljes hossz (tartoz\u00e9k t\u00e1pk\u00e1bel): <\/strong>7,80 milli\u00f3<\/li>\n<li><strong>Vil\u00e1g\u00edt\u00e1s hossza:\u00a0<\/strong>2,80 milli\u00f3<\/li>\n<li><strong>T\u00e1pk\u00e1bel:<\/strong> 5M<\/li>\n<li><strong>Az izz\u00f3k k\u00f6z\u00f6tti t\u00e1vols\u00e1g:<\/strong> 40cm<\/li>\n<li><strong>K\u00e1bel sz\u00edne: <\/strong>fekete<\/li>\n<li><strong>IP besorol\u00e1s: <\/strong>IP44<\/li>\n<li><strong>\u00c1ramforr\u00e1s:\u00a0<\/strong>Csatlakoztat<\/li>\n<li><strong>K\u00e1bel anyaga:\u00a0<\/strong>PVC<\/li>\n<li><strong>Csatlakoztathat\u00f3:\u00a0<\/strong>Nem<\/li>\n<li><strong>Kupak\/foglalat:\u00a0<\/strong>Nem cser\u00e9lhet\u0151<\/li>\n<li><strong>CE tan\u00fas\u00edtv\u00e1nnyal rendelkezik:\u00a0<\/strong>Igen<\/li>\n<li><strong>Izz\u00f3k:\u00a0<\/strong>0,50W<\/li>\n<li>3,2V DC 0,96W Schuko csatlakoz\u00f3<\/li>\n<\/ul>","protected":false},"excerpt":{"rendered":"<p>Light chain for outdoor use with 8 hanging bulbs with nice decoration shaped like a cage. The light chain has black cable and also the cage is black. Lovely light chain for everyday or party, decorate your garden or patio and get an atmospheric warm white shine. LED colour: warm white Number of bulbs: 8pcs [&#8230;]\n","protected":false},"featured_media":5596,"comment_status":"open","ping_status":"closed","template":"","meta":[],"product_brand":[],"product_cat":[227,226],"product_tag":[],"class_list":{"0":"post-5489","1":"product","2":"type-product","3":"status-publish","4":"has-post-thumbnail","6":"product_cat-led-festoon-lights-outdoor-lights","7":"product_cat-outdoor-lights","8":"pa_brand-deco","9":"pa_led-colour-warm-white","11":"first","12":"instock","13":"sale","14":"shipping-taxable","15":"purchasable","16":"product-type-simple"},"yoast_head":"<!-- This site is optimized with the Yoast SEO plugin v27.3 - https:\/\/yoast.com\/product\/yoast-seo-wordpress\/ -->\n<title>Festoon LED lights Cage - Best price guarantee - Decolights.eu<\/title>\n<meta name=\"description\" content=\"Decorate your patio or garden with a nice festoon LED lights to get a cosy atmosphere. Do not hesitate and buy now the get the best price!\" \/>\n<meta name=\"robots\" content=\"index, follow, max-snippet:-1, max-image-preview:large, max-video-preview:-1\" \/>\n<link rel=\"canonical\" href=\"https:\/\/decolights.eu\/hu\/termek-2\/festoon-led-lights-cage\/\" \/>\n<meta property=\"og:locale\" content=\"hu_HU\" \/>\n<meta property=\"og:type\" content=\"article\" \/>\n<meta property=\"og:title\" content=\"Festoon LED lights Cage - Best price guarantee - Decolights.eu\" \/>\n<meta property=\"og:description\" content=\"Decorate your patio or garden with a nice festoon LED lights to get a cosy atmosphere. Do not hesitate and buy now the get the best price!\" \/>\n<meta property=\"og:url\" content=\"https:\/\/decolights.eu\/hu\/termek-2\/festoon-led-lights-cage\/\" \/>\n<meta property=\"og:site_name\" content=\"Decolights.eu\" \/>\n<meta property=\"article:modified_time\" content=\"2023-04-24T12:34:23+00:00\" \/>\n<meta property=\"og:image\" content=\"https:\/\/decolights.eu\/wp-content\/uploads\/2023\/04\/476-98_M2.png\" \/>\n\t<meta property=\"og:image:width\" content=\"600\" \/>\n\t<meta property=\"og:image:height\" content=\"602\" \/>\n\t<meta property=\"og:image:type\" content=\"image\/png\" \/>\n<meta name=\"twitter:card\" content=\"summary_large_image\" \/>\n<meta name=\"twitter:label1\" content=\"Becs\u00fclt olvas\u00e1si id\u0151\" \/>\n\t<meta name=\"twitter:data1\" content=\"1 perc\" \/>\n<script type=\"application\/ld+json\" class=\"yoast-schema-graph\">{\"@context\":\"https:\\\/\\\/schema.org\",\"@graph\":[{\"@type\":\"WebPage\",\"@id\":\"https:\\\/\\\/decolights.eu\\\/product\\\/festoon-led-lights-cage\\\/\",\"url\":\"https:\\\/\\\/decolights.eu\\\/product\\\/festoon-led-lights-cage\\\/\",\"name\":\"Festoon LED lights Cage - Best price guarantee - Decolights.eu\",\"isPartOf\":{\"@id\":\"https:\\\/\\\/decolights.eu\\\/#website\"},\"primaryImageOfPage\":{\"@id\":\"https:\\\/\\\/decolights.eu\\\/product\\\/festoon-led-lights-cage\\\/#primaryimage\"},\"image\":{\"@id\":\"https:\\\/\\\/decolights.eu\\\/product\\\/festoon-led-lights-cage\\\/#primaryimage\"},\"thumbnailUrl\":\"https:\\\/\\\/decolights.eu\\\/wp-content\\\/uploads\\\/2023\\\/04\\\/476-98_M2.png\",\"datePublished\":\"2023-04-01T04:31:36+00:00\",\"dateModified\":\"2023-04-24T12:34:23+00:00\",\"description\":\"Decorate your patio or garden with a nice festoon LED lights to get a cosy atmosphere. Do not hesitate and buy now the get the best price!\",\"breadcrumb\":{\"@id\":\"https:\\\/\\\/decolights.eu\\\/product\\\/festoon-led-lights-cage\\\/#breadcrumb\"},\"inLanguage\":\"hu\",\"potentialAction\":[{\"@type\":\"ReadAction\",\"target\":[\"https:\\\/\\\/decolights.eu\\\/product\\\/festoon-led-lights-cage\\\/\"]}]},{\"@type\":\"ImageObject\",\"inLanguage\":\"hu\",\"@id\":\"https:\\\/\\\/decolights.eu\\\/product\\\/festoon-led-lights-cage\\\/#primaryimage\",\"url\":\"https:\\\/\\\/decolights.eu\\\/wp-content\\\/uploads\\\/2023\\\/04\\\/476-98_M2.png\",\"contentUrl\":\"https:\\\/\\\/decolights.eu\\\/wp-content\\\/uploads\\\/2023\\\/04\\\/476-98_M2.png\",\"width\":600,\"height\":602},{\"@type\":\"BreadcrumbList\",\"@id\":\"https:\\\/\\\/decolights.eu\\\/product\\\/festoon-led-lights-cage\\\/#breadcrumb\",\"itemListElement\":[{\"@type\":\"ListItem\",\"position\":1,\"name\":\"Shop\",\"item\":\"https:\\\/\\\/decolights.eu\\\/shop\\\/\"},{\"@type\":\"ListItem\",\"position\":2,\"name\":\"Festoon LED lights Cage\"}]},{\"@type\":\"WebSite\",\"@id\":\"https:\\\/\\\/decolights.eu\\\/#website\",\"url\":\"https:\\\/\\\/decolights.eu\\\/\",\"name\":\"decolights\",\"description\":\"Led Decorations for Home and Garden\",\"publisher\":{\"@id\":\"https:\\\/\\\/decolights.eu\\\/#organization\"},\"alternateName\":\"decolights.eu\",\"potentialAction\":[{\"@type\":\"SearchAction\",\"target\":{\"@type\":\"EntryPoint\",\"urlTemplate\":\"https:\\\/\\\/decolights.eu\\\/?s={search_term_string}\"},\"query-input\":{\"@type\":\"PropertyValueSpecification\",\"valueRequired\":true,\"valueName\":\"search_term_string\"}}],\"inLanguage\":\"hu\"},{\"@type\":\"Organization\",\"@id\":\"https:\\\/\\\/decolights.eu\\\/#organization\",\"name\":\"decolights\",\"url\":\"https:\\\/\\\/decolights.eu\\\/\",\"logo\":{\"@type\":\"ImageObject\",\"inLanguage\":\"hu\",\"@id\":\"https:\\\/\\\/decolights.eu\\\/#\\\/schema\\\/logo\\\/image\\\/\",\"url\":\"https:\\\/\\\/decolights.eu\\\/wp-content\\\/uploads\\\/2023\\\/07\\\/cropped-decolight-siteicon.png\",\"contentUrl\":\"https:\\\/\\\/decolights.eu\\\/wp-content\\\/uploads\\\/2023\\\/07\\\/cropped-decolight-siteicon.png\",\"width\":512,\"height\":512,\"caption\":\"decolights\"},\"image\":{\"@id\":\"https:\\\/\\\/decolights.eu\\\/#\\\/schema\\\/logo\\\/image\\\/\"}}]}<\/script>\n<!-- \/ Yoast SEO plugin. -->","yoast_head_json":{"title":"Festoon LED l\u00e1mp\u00e1k Cage - A legjobb \u00e1r garancia - Decolights.eu","description":"D\u00edsz\u00edtse terasz\u00e1t vagy kertj\u00e9t sz\u00e9p LED-l\u00e1mp\u00e1kkal, hogy hangulatos l\u00e9gk\u00f6rt teremtsen. Ne habozzon \u00e9s v\u00e1s\u00e1rolja meg most a legjobb \u00e1ron!","robots":{"index":"index","follow":"follow","max-snippet":"max-snippet:-1","max-image-preview":"max-image-preview:large","max-video-preview":"max-video-preview:-1"},"canonical":"https:\/\/decolights.eu\/hu\/termek-2\/festoon-led-lights-cage\/","og_locale":"hu_HU","og_type":"article","og_title":"Festoon LED lights Cage - Best price guarantee - Decolights.eu","og_description":"Decorate your patio or garden with a nice festoon LED lights to get a cosy atmosphere. Do not hesitate and buy now the get the best price!","og_url":"https:\/\/decolights.eu\/hu\/termek-2\/festoon-led-lights-cage\/","og_site_name":"Decolights.eu","article_modified_time":"2023-04-24T12:34:23+00:00","og_image":[{"width":600,"height":602,"url":"https:\/\/decolights.eu\/wp-content\/uploads\/2023\/04\/476-98_M2.png","type":"image\/png"}],"twitter_card":"summary_large_image","twitter_misc":{"Becs\u00fclt olvas\u00e1si id\u0151":"1 perc"},"schema":{"@context":"https:\/\/schema.org","@graph":[{"@type":"WebPage","@id":"https:\/\/decolights.eu\/product\/festoon-led-lights-cage\/","url":"https:\/\/decolights.eu\/product\/festoon-led-lights-cage\/","name":"Festoon LED l\u00e1mp\u00e1k Cage - A legjobb \u00e1r garancia - Decolights.eu","isPartOf":{"@id":"https:\/\/decolights.eu\/#website"},"primaryImageOfPage":{"@id":"https:\/\/decolights.eu\/product\/festoon-led-lights-cage\/#primaryimage"},"image":{"@id":"https:\/\/decolights.eu\/product\/festoon-led-lights-cage\/#primaryimage"},"thumbnailUrl":"https:\/\/decolights.eu\/wp-content\/uploads\/2023\/04\/476-98_M2.png","datePublished":"2023-04-01T04:31:36+00:00","dateModified":"2023-04-24T12:34:23+00:00","description":"D\u00edsz\u00edtse terasz\u00e1t vagy kertj\u00e9t sz\u00e9p LED-l\u00e1mp\u00e1kkal, hogy hangulatos l\u00e9gk\u00f6rt teremtsen. Ne habozzon \u00e9s v\u00e1s\u00e1rolja meg most a legjobb \u00e1ron!","breadcrumb":{"@id":"https:\/\/decolights.eu\/product\/festoon-led-lights-cage\/#breadcrumb"},"inLanguage":"hu","potentialAction":[{"@type":"ReadAction","target":["https:\/\/decolights.eu\/product\/festoon-led-lights-cage\/"]}]},{"@type":"ImageObject","inLanguage":"hu","@id":"https:\/\/decolights.eu\/product\/festoon-led-lights-cage\/#primaryimage","url":"https:\/\/decolights.eu\/wp-content\/uploads\/2023\/04\/476-98_M2.png","contentUrl":"https:\/\/decolights.eu\/wp-content\/uploads\/2023\/04\/476-98_M2.png","width":600,"height":602},{"@type":"BreadcrumbList","@id":"https:\/\/decolights.eu\/product\/festoon-led-lights-cage\/#breadcrumb","itemListElement":[{"@type":"ListItem","position":1,"name":"Shop","item":"https:\/\/decolights.eu\/shop\/"},{"@type":"ListItem","position":2,"name":"Festoon LED lights Cage"}]},{"@type":"WebSite","@id":"https:\/\/decolights.eu\/#website","url":"https:\/\/decolights.eu\/","name":"decolights","description":"Led dekor\u00e1ci\u00f3 otthonra \u00e9s kertre","publisher":{"@id":"https:\/\/decolights.eu\/#organization"},"alternateName":"decolights.eu","potentialAction":[{"@type":"SearchAction","target":{"@type":"EntryPoint","urlTemplate":"https:\/\/decolights.eu\/?s={search_term_string}"},"query-input":{"@type":"PropertyValueSpecification","valueRequired":true,"valueName":"search_term_string"}}],"inLanguage":"hu"},{"@type":"Organization","@id":"https:\/\/decolights.eu\/#organization","name":"decolights","url":"https:\/\/decolights.eu\/","logo":{"@type":"ImageObject","inLanguage":"hu","@id":"https:\/\/decolights.eu\/#\/schema\/logo\/image\/","url":"https:\/\/decolights.eu\/wp-content\/uploads\/2023\/07\/cropped-decolight-siteicon.png","contentUrl":"https:\/\/decolights.eu\/wp-content\/uploads\/2023\/07\/cropped-decolight-siteicon.png","width":512,"height":512,"caption":"decolights"},"image":{"@id":"https:\/\/decolights.eu\/#\/schema\/logo\/image\/"}}]}},"jetpack_sharing_enabled":true,"_links":{"self":[{"href":"https:\/\/decolights.eu\/hu\/wp-json\/wp\/v2\/product\/5489","targetHints":{"allow":["GET"]}}],"collection":[{"href":"https:\/\/decolights.eu\/hu\/wp-json\/wp\/v2\/product"}],"about":[{"href":"https:\/\/decolights.eu\/hu\/wp-json\/wp\/v2\/types\/product"}],"replies":[{"embeddable":true,"href":"https:\/\/decolights.eu\/hu\/wp-json\/wp\/v2\/comments?post=5489"}],"wp:featuredmedia":[{"embeddable":true,"href":"https:\/\/decolights.eu\/hu\/wp-json\/wp\/v2\/media\/5596"}],"wp:attachment":[{"href":"https:\/\/decolights.eu\/hu\/wp-json\/wp\/v2\/media?parent=5489"}],"wp:term":[{"taxonomy":"product_brand","embeddable":true,"href":"https:\/\/decolights.eu\/hu\/wp-json\/wp\/v2\/product_brand?post=5489"},{"taxonomy":"product_cat","embeddable":true,"href":"https:\/\/decolights.eu\/hu\/wp-json\/wp\/v2\/product_cat?post=5489"},{"taxonomy":"product_tag","embeddable":true,"href":"https:\/\/decolights.eu\/hu\/wp-json\/wp\/v2\/product_tag?post=5489"}],"curies":[{"name":"wp","href":"https:\/\/api.w.org\/{rel}","templated":true}]}}